{"id":39347,"date":"2021-11-22T15:38:29","date_gmt":"2021-11-22T15:38:29","guid":{"rendered":"https:\/\/www.sisinternational.com\/?page_id=39347"},"modified":"2025-09-14T21:39:00","modified_gmt":"2025-09-15T01:39:00","slug":"q-etude-de-marche-commerciale","status":"publish","type":"page","link":"https:\/\/www.sisinternational.com\/fr\/competence\/q-etude-de-marche-commerciale\/","title":{"rendered":"\u00c9tude de march\u00e9 Q-Commerce"},"content":{"rendered":"<h1 class=\"wp-block-heading\">\u00c9tude de march\u00e9 Q-Commerce<\/h1>\n\n\n\n<figure class=\"gb-block-image gb-block-image-46bf74f5\"><img loading=\"lazy\" decoding=\"async\" width=\"1456\" height=\"816\" class=\"gb-image gb-image-46bf74f5\" src=\"https:\/\/www.sisinternational.com\/wp-content\/uploads\/2025\/08\/ecommerce-e-commerce-5.jpg\" alt=\"\u00c9tudes de march\u00e9 et strat\u00e9gie internationales SIS\" title=\"ecommerce e-commerce (5)\" srcset=\"https:\/\/www.sisinternational.com\/wp-content\/uploads\/2025\/08\/ecommerce-e-commerce-5.jpg 1456w, https:\/\/www.sisinternational.com\/wp-content\/uploads\/2025\/08\/ecommerce-e-commerce-5-300x168.jpg 300w, https:\/\/www.sisinternational.com\/wp-content\/uploads\/2025\/08\/ecommerce-e-commerce-5-1024x574.jpg 1024w, https:\/\/www.sisinternational.com\/wp-content\/uploads\/2025\/08\/ecommerce-e-commerce-5-768x430.jpg 768w, https:\/\/www.sisinternational.com\/wp-content\/uploads\/2025\/08\/ecommerce-e-commerce-5-18x10.jpg 18w\" sizes=\"auto, (max-width: 1456px) 100vw, 1456px\"><\/figure>\n\n\n\n<p><\/p>\n\n\n\n<h2 class=\"wp-block-heading\">Qu\u2019est-ce que QCommerce ?<\/h2>\n\n\n\n<p>Q Commerce, o\u00f9 Q signifie \u00ab rapide \u00bb, est un type de commerce \u00e9lectronique. On l\u2019appelle \u00e9galement livraison \u00e0 la demande ou e-\u00e9picerie. La principale caract\u00e9ristique de Q Commerce est la livraison des marchandises (g\u00e9n\u00e9ralement des produits d&#039;\u00e9picerie) aux clients en moins d&#039;une heure. Certaines entreprises proposent un d\u00e9lai de livraison de 30 minutes ou moins.<\/p>\n\n\n\n<h2 class=\"wp-block-heading\">Pourquoi Q Commerce est-il important ?<\/h2>\n\n\n\n<p>Q-commerce permet de gagner sur les d\u00e9lais de livraison. Le commerce \u00e9lectronique ou les achats en personne ne permettent pas cela. Ainsi, le Q-commerce est un avantage pour les personnes occup\u00e9es. Pour les personnes \u00e2g\u00e9es ou handicap\u00e9es, Q-commerce supprime la plupart des tracas li\u00e9s aux achats. En raison de la COVID-19, de nombreuses personnes s\u2019inqui\u00e8tent de l\u2019acc\u00e8s s\u00e9curitaire aux produits d\u2019\u00e9picerie et aux m\u00e9dicaments. Le Q-commerce facilite ce nouveau mode de vie.<\/p>\n\n\n\n<p>Le Q-commerce permet aux entreprises d&#039;\u00eatre plus flexibles. Encore une fois, en raison de la COVID-19, les besoins des consommateurs sont devenus plus difficiles \u00e0 satisfaire. Ainsi, de nombreux magasins se sont d\u00e9velopp\u00e9s pour inclure Q Commerce dans leurs activit\u00e9s.<\/p>\n\n\n\n<h2 class=\"wp-block-heading\">Titres de poste cl\u00e9s<\/h2>\n\n\n\n<p>Q Commerce propose des emplois dans de nombreux domaines. Voici quelques titres de postes cl\u00e9s\u00a0:<\/p>\n\n\n\n<ul class=\"wp-block-list\">\n<li>D\u00e9veloppeur web<\/li>\n\n\n\n<li>Techniciens informatiques<\/li>\n\n\n\n<li>Commis aux commandes<\/li>\n\n\n\n<li>Repr\u00e9sentant du service \u00e0 la client\u00e8le<\/li>\n\n\n\n<li>Directeur d&#039;entrep\u00f4t<\/li>\n\n\n\n<li>Livreur<\/li>\n<\/ul>\n\n\n\n<h2 class=\"wp-block-heading\">Pourquoi les entreprises ont besoin d\u2019une \u00e9tude de march\u00e9 Q Commerce<\/h2>\n\n\n\n<p>Q-commerce expands the client base for retailers. Technology allows clients to have access to more retailers. With effective social media advertising and websites, <a href=\"https:\/\/www.sisinternational.com\/fr\/solutions\/etude-de-marche-de-consommation\/\" title=\"Consumer Market Research Services for Smarter Business Decisions\"  data-wpil-monitor-id=\"7906\">consumers can discover Q commerce businesses<\/a>. Q commerce also provides <a href=\"https:\/\/www.sisinternational.com\/fr\/solutions\/recherche-de-conseil-en-strategie-fintech\/conseil-en-acquisition-de-clients-dans-le-domaine-des-services-financiers\/\" title=\"Conseil en acquisition de clients dans le domaine des services financiers\"  data-wpil-monitor-id=\"7908\">service<\/a> without needing the square footage for customer interaction. Customer interaction happens online. To upgrade the service, some companies will only need to set up and staff warehouses.<\/p>\n\n\n\n<p>De plus, la pand\u00e9mie pourrait s\u2019att\u00e9nuer, mais elle changera la fa\u00e7on dont les clients choisissent de faire leurs achats. Les \u00ab Dark Stores \u00bb sont devenus tr\u00e8s populaires. Ce sont des magasins physiques qui ne traitent d\u00e9sormais que les commandes en ligne. Cette tendance montre que le Q commerce est la prochaine \u00e9tape pour les entreprises. Le Q-commerce a emp\u00each\u00e9 de nombreuses entreprises de s\u2019arr\u00eater. Cela a \u00e9galement cr\u00e9\u00e9 une autre forme de s\u00e9curit\u00e9 financi\u00e8re.<\/p>\n\n\n\n<h2 class=\"wp-block-heading\">Facteurs cl\u00e9s de succ\u00e8s<\/h2>\n\n\n\n<p>While Q-commerce may appear simple, it could fail if not done well. Here are some <a href=\"https:\/\/www.sisinternational.com\/fr\/facteurs-cles-de-succes-dans-les-etudes-de-marche-automobile\/\" title=\"Facteurs cl\u00e9s de succ\u00e8s dans les \u00e9tudes de march\u00e9 automobile\"  data-wpil-monitor-id=\"7901\">key factors for success<\/a>.<\/p>\n\n\n\n<h3 class=\"wp-block-heading\">Besoin du service<\/h3>\n\n\n\n<p>Before starting a Q-commerce business, the entrepreneur should do the necessary groundwork. The research will let them know if it would be profitable. Q commerce would be an <a href=\"https:\/\/www.sisinternational.com\/fr\/solutions\/solutions-de-recherche-qualitative-et-quantitative\/food-taste-testing-in-new-york\/\" title=\"Why New York City is an Excellent Test City for Food Taste Testing\"  data-wpil-monitor-id=\"7905\">excellent investment in a busy city<\/a> or area near the elderly. It may not work in small or remote towns.<\/p>\n\n\n\n<h3 class=\"wp-block-heading\">Pr\u00e9sence en ligne fiable<\/h3>\n\n\n\n<p>Les consommateurs auront des questions ou des requ\u00eates sur les services ou leurs commandes. L&#039;entreprise doit avoir un repr\u00e9sentant pr\u00eat \u00e0 l&#039;assister. Il existe des r\u00e9seaux sociaux et des logiciels qui peuvent vous aider. Ces programmes fournissent une aide aux clients quasiment 24 heures sur 24.<\/p>\n\n\n\n<h3 class=\"wp-block-heading\">Un site Web convivial<\/h3>\n\n\n\n<p>In Q commerce, the brunt of the client\/company interaction may be non-verbal. The customer might have to send messages or use surveys. You should state the <a href=\"https:\/\/www.sisinternational.com\/fr\/services-de-publicite-multiculturelle-pour-une-compagnie-ferroviaire-bien-connue\/\" title=\"Services de publicit\u00e9 multiculturelle pour une entreprise ferroviaire renomm\u00e9e\"  data-wpil-monitor-id=\"7907\">services and the policies of the company<\/a> in a prominent place on the site. Websites with sparse or confusing information will prevent people from interacting with them.<\/p>\n\n\n\n<h3 class=\"wp-block-heading\">Protection et accompagnement juridique<\/h3>\n\n\n\n<p>Vous devez \u00e9galement vous assurer que tout ce qui concerne le site est l\u00e9gal et honn\u00eate. L&#039;entreprise peut \u00eatre confront\u00e9e \u00e0 des d\u00e9fis de la part de clients ou d&#039;autres entreprises. Il serait b\u00e9n\u00e9fique d&#039;avoir un soutien juridique.<\/p>\n\n\n\n<h2 class=\"wp-block-heading\">\u00c0 propos de l\u2019\u00e9tude de march\u00e9 Q-Commerce<\/h2>\n\n\n\n<p>There are many factors to consider before starting Q commerce. To find out more about it, the <a href=\"https:\/\/www.sisinternational.com\/fr\/publications\/etude-de-marche-sur-les-entreprises-evolutives-7-facons-de-creer-une-entreprise-evolutive\/\" title=\"\u00c9tude de march\u00e9 sur les entreprises \u00e9volutives\u00a0: 7 fa\u00e7ons de cr\u00e9er une entreprise \u00e9volutive\"  data-wpil-monitor-id=\"7904\">business owner must do thorough research<\/a>. This research can happen in the form of <a href=\"https:\/\/www.sisinternational.com\/fr\/solutions\/etude-de-marche-en-groupe-de-discussion\/\" title=\"\u00c9tude de march\u00e9 par groupe de discussion\"  data-wpil-monitor-id=\"7903\">Se concentrer<\/a> Groups, Surveys, and Interviews. <a href=\"https:\/\/www.sisinternational.com\/fr\/how-to-design-effective-surveys-for-quantitative-research\/\" title=\"How to Design Effective Surveys for Quantitative Research\"  data-wpil-monitor-id=\"7902\">Quantitative and Qualitative research<\/a> will give entrepreneurs detailed information. They will be able to please consumers and grow their clientele. The analysis also guides the entrepreneur on which risks they should take. It will also let them know when to hold back on expansions or mergers.<\/p>\n\n\n\n<p><\/p>","protected":false},"excerpt":{"rendered":"<p>Q-commerce \u00e9largit la client\u00e8le du d\u00e9taillant gr\u00e2ce \u00e0 la technologie et \u00e0 une publicit\u00e9 efficace. Q-commerce Market Research aide les entreprises \u00e0 se d\u00e9velopper.<\/p>","protected":false},"author":1,"featured_media":64701,"parent":14514,"menu_order":85,"comment_status":"closed","ping_status":"closed","template":"","meta":{"footnotes":""},"class_list":["post-39347","page","type-page","status-publish","has-post-thumbnail"],"_links":{"self":[{"href":"https:\/\/www.sisinternational.com\/fr\/wp-json\/wp\/v2\/pages\/39347","targetHints":{"allow":["GET"]}}],"collection":[{"href":"https:\/\/www.sisinternational.com\/fr\/wp-json\/wp\/v2\/pages"}],"about":[{"href":"https:\/\/www.sisinternational.com\/fr\/wp-json\/wp\/v2\/types\/page"}],"author":[{"embeddable":true,"href":"https:\/\/www.sisinternational.com\/fr\/wp-json\/wp\/v2\/users\/1"}],"replies":[{"embeddable":true,"href":"https:\/\/www.sisinternational.com\/fr\/wp-json\/wp\/v2\/comments?post=39347"}],"version-history":[{"count":4,"href":"https:\/\/www.sisinternational.com\/fr\/wp-json\/wp\/v2\/pages\/39347\/revisions"}],"predecessor-version":[{"id":81330,"href":"https:\/\/www.sisinternational.com\/fr\/wp-json\/wp\/v2\/pages\/39347\/revisions\/81330"}],"up":[{"embeddable":true,"href":"https:\/\/www.sisinternational.com\/fr\/wp-json\/wp\/v2\/pages\/14514"}],"wp:featuredmedia":[{"embeddable":true,"href":"https:\/\/www.sisinternational.com\/fr\/wp-json\/wp\/v2\/media\/64701"}],"wp:attachment":[{"href":"https:\/\/www.sisinternational.com\/fr\/wp-json\/wp\/v2\/media?parent=39347"}],"curies":[{"name":"wp","href":"https:\/\/api.w.org\/{rel}","templated":true}]}}