{"id":39322,"date":"2021-11-11T22:14:58","date_gmt":"2021-11-11T22:14:58","guid":{"rendered":"https:\/\/www.sisinternational.com\/?page_id=39322"},"modified":"2025-09-14T22:52:19","modified_gmt":"2025-09-15T02:52:19","slug":"etude-de-marche-a-but-non-lucratif","status":"publish","type":"page","link":"https:\/\/www.sisinternational.com\/fr\/competence\/etude-de-marche-a-but-non-lucratif\/","title":{"rendered":"\u00c9tude de march\u00e9 \u00e0 but non lucratif"},"content":{"rendered":"<h1 class=\"wp-block-heading\">\u00c9tude de march\u00e9 \u00e0 but non lucratif<\/h1>\n\n\n\n<figure class=\"gb-block-image gb-block-image-1beb8d29\"><img loading=\"lazy\" decoding=\"async\" width=\"1456\" height=\"816\" class=\"gb-image gb-image-1beb8d29\" src=\"https:\/\/www.sisinternational.com\/wp-content\/uploads\/2025\/08\/Non-profit-13-1.jpg\" alt=\"\u00c9tudes de march\u00e9 et strat\u00e9gie internationales SIS\" title=\"Non profit (13)\" srcset=\"https:\/\/www.sisinternational.com\/wp-content\/uploads\/2025\/08\/Non-profit-13-1.jpg 1456w, https:\/\/www.sisinternational.com\/wp-content\/uploads\/2025\/08\/Non-profit-13-1-300x168.jpg 300w, https:\/\/www.sisinternational.com\/wp-content\/uploads\/2025\/08\/Non-profit-13-1-1024x574.jpg 1024w, https:\/\/www.sisinternational.com\/wp-content\/uploads\/2025\/08\/Non-profit-13-1-768x430.jpg 768w, https:\/\/www.sisinternational.com\/wp-content\/uploads\/2025\/08\/Non-profit-13-1-18x10.jpg 18w\" sizes=\"auto, (max-width: 1456px) 100vw, 1456px\"><\/figure>\n\n\n\n<p><\/p>\n\n\n\n<h2 class=\"wp-block-heading\">Qu\u2019est-ce qu\u2019une \u00e9tude de march\u00e9 \u00e0 but non lucratif ?<\/h2>\n\n\n\n<p>M\u00eame si elles ne recherchent pas de profit financier, les organisations \u00e0 but non lucratif peuvent faire bon usage des \u00e9tudes de march\u00e9. En fait, un grand nombre de donateurs recherchent un nouveau dossier \u00e0 soutenir. Ainsi, avec les informations correctes, vous pouvez vous pr\u00e9senter \u00e0 ces donateurs et les amener \u00e0 votre cause. Il serait donc pr\u00e9f\u00e9rable que vous ayez une compr\u00e9hension des \u00e9tudes de march\u00e9. Une telle compr\u00e9hension vous permet d\u2019atteindre vos objectifs. Cela r\u00e9duit \u00e9galement le risque que vos concurrents vous excluent.<\/p>\n\n\n\n<h2 class=\"wp-block-heading\">En tant que plan g\u00e9n\u00e9ral d\u2019\u00e9tude de march\u00e9, il y a quelques \u00e9tapes essentielles.<\/h2>\n\n\n\n<h3 class=\"wp-block-heading\">Phase 1\u00a0: \u00c9tablir les objectifs<\/h3>\n\n\n\n<p>Ici, il est essentiel de savoir quelles informations vous souhaitez collecter et comment vous envisagez de les appliquer.<\/p>\n\n\n\n<h3 class=\"wp-block-heading\">Phase 2\u00a0: \u00e9valuer les ressources disponibles<\/h3>\n\n\n\n<p>Does your nonprofit have the budget and leadership to conduct the <a href=\"https:\/\/www.sisinternational.com\/fr\/couverture\/leurope-%ef%83%97\/etude-de-marche-liverpool-royaume-uni\/\" title=\"\u00c9tude de march\u00e9 \u00e0 Liverpool | Groupes de discussion et collecte de donn\u00e9es au Royaume-Uni\"  data-wpil-monitor-id=\"7922\">research and act on the data<\/a>?<\/p>\n\n\n\n<h3 class=\"wp-block-heading\">Phase 3\u00a0:\u00a0D\u00e9finissez votre approche de recherche<\/h3>\n\n\n\n<p>Votre recherche consistera-t-elle \u00e0 travailler sur des projets d\u00e9j\u00e0 r\u00e9alis\u00e9s\u00a0? Ou allez-vous le baser sur les donn\u00e9es obtenues\u00a0?<\/p>\n\n\n\n<h3 class=\"wp-block-heading\">Phase 4\u00a0:\u00a0Concevez votre enqu\u00eate<\/h3>\n\n\n\n<p>Set up the qualitative and <a href=\"https:\/\/www.sisinternational.com\/fr\/how-to-design-effective-surveys-for-quantitative-research\/\" title=\"How to Design Effective Surveys for Quantitative Research\"  data-wpil-monitor-id=\"7918\">quantitative research parts of the survey<\/a>.<\/p>\n\n\n\n<h3 class=\"wp-block-heading\">Phase 5\u00a0: Testez vos questions<\/h3>\n\n\n\n<p>Testez chaque question pour vous assurer qu\u2019elle est impartiale, sp\u00e9cifique et directe.<\/p>\n\n\n\n<h3 class=\"wp-block-heading\">Phase 6\u00a0: Ex\u00e9cuter l&#039;enqu\u00eate<\/h3>\n\n\n\n<p>Envoyez l\u2019enqu\u00eate sur l\u2019outil de d\u00e9ploiement de votre choix. Les options incluent SurveyMonkey, Typeform et Google Forms.<\/p>\n\n\n\n<h3 class=\"wp-block-heading\">Phase 7\u00a0: Couper les donn\u00e9es<\/h3>\n\n\n\n<p>Il est maintenant temps de commencer \u00e0 \u00e9diter les donn\u00e9es, ce qu&#039;un analyste de donn\u00e9es entreprendra.<\/p>\n\n\n\n<h3 class=\"wp-block-heading\">Phase 8\u00a0:\u00a0S&#039;engager \u00e0 r\u00e9\u00e9valuer<\/h3>\n\n\n\n<p>Enfin, il doit y avoir un engagement \u00e0 modifier et \u00e0 am\u00e9liorer le rapport final. Vous ajoutez des donn\u00e9es au fur et \u00e0 mesure que vous continuez \u00e0 faire des recherches.<\/p>\n\n\n\n<h2 class=\"wp-block-heading\">Pourquoi les \u00e9tudes de march\u00e9 \u00e0 but non lucratif sont-elles importantes ?<\/h2>\n\n\n\n<p>Knowing the mindsets of potential donors is essential to getting their support. It is even more so considering that donor retention can be very low. <a href=\"https:\/\/www.sisinternational.com\/fr\/solutions\/test-de-gout\/etude-de-marche-sur-les-tests-de-gout-comparatifs\/\" title=\"\u00c9tude de march\u00e9 sur les tests de go\u00fbt comparatifs\"  data-wpil-monitor-id=\"7920\">Market Research allows you to compare<\/a> your nonprofit with others in your niche. It helps to see how you measure up to other players in your field. Thus, it ensures that you remain attractive to potential donors. Additionally, it measures brand awareness. In this way, you can be aware of how receptive your nonprofit is to your audience. This knowledge will enable you to make adjustments when needed.<\/p>\n\n\n\n<p>There are many benefits for a nonprofit <a href=\"https:\/\/www.sisinternational.com\/fr\/competence\/les-industries\/etudes-de-marche-des-organismes-de-recherche-sous-contrat\/\" title=\"\u00c9tude de march\u00e9 sur les organismes de recherche sous contrat\"  data-wpil-monitor-id=\"7917\">organization to do market research<\/a>. They all tie back to the primary goal of securing funding for the nonprofit. For example, market research can help you gain a better understanding of your base. Additionally, it\u2019s good to understand the demographics. You also need to know the characteristics of your existing supporters. This knowledge allows you to make better decisions for your nonprofit. Market <a href=\"https:\/\/www.sisinternational.com\/fr\/le-tresor-de-donnees-des-reseaux-sociaux-pour-les-chercheurs-en-marketing\/\" title=\"\u00c9tude de march\u00e9 sur les r\u00e9seaux sociaux\u00a0: opportunit\u00e9s et d\u00e9fis\"  data-wpil-monitor-id=\"7916\">Research can help you grow your brand<\/a>. You get a deep understanding of your existing supporters and target audience. This understanding will allow you to craft a brand that appeals to them.<\/p>\n\n\n\n<h2 class=\"wp-block-heading\">Titres de poste cl\u00e9s<\/h2>\n\n\n\n<figure class=\"gb-block-image gb-block-image-2fb4e389\"><img loading=\"lazy\" decoding=\"async\" width=\"1456\" height=\"816\" class=\"gb-image gb-image-2fb4e389\" src=\"https:\/\/www.sisinternational.com\/wp-content\/uploads\/2025\/08\/Non-profit-12-1.jpg\" alt=\"\u00c9tudes de march\u00e9 et strat\u00e9gie internationales SIS\" title=\"Non profit (12)\" srcset=\"https:\/\/www.sisinternational.com\/wp-content\/uploads\/2025\/08\/Non-profit-12-1.jpg 1456w, https:\/\/www.sisinternational.com\/wp-content\/uploads\/2025\/08\/Non-profit-12-1-300x168.jpg 300w, https:\/\/www.sisinternational.com\/wp-content\/uploads\/2025\/08\/Non-profit-12-1-1024x574.jpg 1024w, https:\/\/www.sisinternational.com\/wp-content\/uploads\/2025\/08\/Non-profit-12-1-768x430.jpg 768w, https:\/\/www.sisinternational.com\/wp-content\/uploads\/2025\/08\/Non-profit-12-1-18x10.jpg 18w\" sizes=\"auto, (max-width: 1456px) 100vw, 1456px\"><\/figure>\n\n\n\n<p>Quelques titres de poste notables\u00a0:<\/p>\n\n\n\n<ul class=\"wp-block-list\">\n<li>Analyste de march\u00e9<\/li>\n\n\n\n<li>Analyste de recherche de donn\u00e9es<\/li>\n<\/ul>\n\n\n\n<h2 class=\"wp-block-heading\">Pourquoi les organisations \u00e0 but non lucratif ont besoin d&#039;\u00e9tudes de march\u00e9<\/h2>\n\n\n\n<p>La communication avec vos supporters est essentielle. Am\u00e9liorer cela autant que possible est une partie importante du succ\u00e8s d\u2019une organisation \u00e0 but non lucratif. Les discussions avec les donateurs existants sont essentielles au maintien de la fid\u00e9lit\u00e9. La communication vous permet de mieux comprendre vos supporters. Cette compr\u00e9hension vous permettra de cr\u00e9er des messages plus cibl\u00e9s.<\/p>\n\n\n\n<p>Furthermore, it\u2019s helpful to measure current communications. You also need to manage campaigns with your supporter base. Measuring these two things is very important. Market <a href=\"https:\/\/www.sisinternational.com\/fr\/solutions\/solutions-de-recherche-qualitative-et-quantitative\/etude-de-marche-sur-le-score-deffort-client\/\" title=\"\u00c9tude de march\u00e9 sur le score d\u2019effort client\"  data-wpil-monitor-id=\"7919\">Research can enhance your marketing efforts<\/a>. It\u2019s useful for creating campaigns that will speak to your base. Furthermore, some <a href=\"https:\/\/www.sisinternational.com\/fr\/solutions\/conseil-en-tourisme-de-voyage-et-en-hotellerie\/etude-de-marche-dune-entreprise-de-guides-touristiques\/\" title=\"\u00c9tude de march\u00e9 sur les soci\u00e9t\u00e9s de guides touristiques\"  data-wpil-monitor-id=\"7921\">companies operate on a small marketing<\/a> budget. Such firms need to be responsible when it comes to their spending.<\/p>\n\n\n\n<h2 class=\"wp-block-heading\">Facteurs cl\u00e9s de succ\u00e8s<\/h2>\n\n\n\n<p>It\u2019s essential as an organization that you get a good Return on Investment. In essence, there\u2019s no point in trying to make changes that you think will get donors if you\u2019re still losing money. Additionally, it\u2019s essential to leverage your base to test new approaches. It would be best to connect with existing donors who are loyal to your cause to gain the support you need, especially when you plan to make significant changes.<\/p>\n\n\n\n<h2 class=\"wp-block-heading\">\u00c0 propos des \u00e9tudes de march\u00e9 \u00e0 but non lucratif<\/h2>\n\n\n\n<p>You will be doing two types of research: primary and secondary. It is your goal to find out what primary and secondary sources you need. Primary research is the Surveys, Interviews, and Focus Groups that you will use. That is how you will get information from your donors. The secondary research will review <a href=\"https:\/\/www.sisinternational.com\/fr\/solutions\/etude-de-marche-en-groupe-de-discussion\/\" title=\"\u00c9tude de march\u00e9 par groupe de discussion\"  data-wpil-monitor-id=\"7923\">research projects done by other groups<\/a>.<\/p>\n\n\n\n<p><\/p>","protected":false},"excerpt":{"rendered":"<p>Les organisations \u00e0 but non lucratif peuvent b\u00e9n\u00e9ficier d\u2019\u00e9tudes de march\u00e9. Avec les bonnes informations, ils peuvent attirer des donateurs vers leur cause.<\/p>","protected":false},"author":1,"featured_media":63004,"parent":14514,"menu_order":83,"comment_status":"closed","ping_status":"closed","template":"","meta":{"footnotes":""},"class_list":["post-39322","page","type-page","status-publish","has-post-thumbnail"],"_links":{"self":[{"href":"https:\/\/www.sisinternational.com\/fr\/wp-json\/wp\/v2\/pages\/39322","targetHints":{"allow":["GET"]}}],"collection":[{"href":"https:\/\/www.sisinternational.com\/fr\/wp-json\/wp\/v2\/pages"}],"about":[{"href":"https:\/\/www.sisinternational.com\/fr\/wp-json\/wp\/v2\/types\/page"}],"author":[{"embeddable":true,"href":"https:\/\/www.sisinternational.com\/fr\/wp-json\/wp\/v2\/users\/1"}],"replies":[{"embeddable":true,"href":"https:\/\/www.sisinternational.com\/fr\/wp-json\/wp\/v2\/comments?post=39322"}],"version-history":[{"count":4,"href":"https:\/\/www.sisinternational.com\/fr\/wp-json\/wp\/v2\/pages\/39322\/revisions"}],"predecessor-version":[{"id":81335,"href":"https:\/\/www.sisinternational.com\/fr\/wp-json\/wp\/v2\/pages\/39322\/revisions\/81335"}],"up":[{"embeddable":true,"href":"https:\/\/www.sisinternational.com\/fr\/wp-json\/wp\/v2\/pages\/14514"}],"wp:featuredmedia":[{"embeddable":true,"href":"https:\/\/www.sisinternational.com\/fr\/wp-json\/wp\/v2\/media\/63004"}],"wp:attachment":[{"href":"https:\/\/www.sisinternational.com\/fr\/wp-json\/wp\/v2\/media?parent=39322"}],"curies":[{"name":"wp","href":"https:\/\/api.w.org\/{rel}","templated":true}]}}