{"id":39313,"date":"2021-11-11T14:15:11","date_gmt":"2021-11-11T14:15:11","guid":{"rendered":"https:\/\/www.sisinternational.com\/?page_id=39313"},"modified":"2026-03-05T23:57:12","modified_gmt":"2026-03-06T04:57:12","slug":"etude-de-marche-aupres-des-membres","status":"publish","type":"page","link":"https:\/\/www.sisinternational.com\/fr\/solutions\/solutions-de-recherche-qualitative-et-quantitative\/etude-de-marche-aupres-des-membres\/","title":{"rendered":"\u00c9tude de march\u00e9 sur l\u2019enqu\u00eate aupr\u00e8s des membres"},"content":{"rendered":"<h1 class=\"wp-block-heading\">\u00c9tude de march\u00e9 sur l\u2019enqu\u00eate aupr\u00e8s des membres<\/h1>\n\n\n\n<figure class=\"gb-block-image gb-block-image-20bc9b35\"><img loading=\"lazy\" decoding=\"async\" width=\"1456\" height=\"816\" class=\"gb-image gb-image-20bc9b35\" src=\"https:\/\/www.sisinternational.com\/wp-content\/uploads\/2025\/08\/Survey-5.jpg\" alt=\"\u00c9tudes de march\u00e9 et strat\u00e9gie internationales SIS\" title=\"Survey (5)\" srcset=\"https:\/\/www.sisinternational.com\/wp-content\/uploads\/2025\/08\/Survey-5.jpg 1456w, https:\/\/www.sisinternational.com\/wp-content\/uploads\/2025\/08\/Survey-5-300x168.jpg 300w, https:\/\/www.sisinternational.com\/wp-content\/uploads\/2025\/08\/Survey-5-1024x574.jpg 1024w, https:\/\/www.sisinternational.com\/wp-content\/uploads\/2025\/08\/Survey-5-768x430.jpg 768w, https:\/\/www.sisinternational.com\/wp-content\/uploads\/2025\/08\/Survey-5-18x10.jpg 18w\" sizes=\"auto, (max-width: 1456px) 100vw, 1456px\"><\/figure>\n\n\n\n<p><\/p>\n\n\n\n<h2 class=\"wp-block-heading\">Qu\u2019est-ce que l\u2019\u00e9tude de march\u00e9 sur les enqu\u00eates aupr\u00e8s des membres ?<\/h2>\n\n\n\n<p>Lorsqu&#039;ils traitent avec un club, quelle que soit sa taille, les managers doivent \u00e9quilibrer les int\u00e9r\u00eats de chaque membre. Ils doivent \u00e9galement recueillir des informations sur l\u2019\u00e9tat des choses. De plus, une enqu\u00eate aupr\u00e8s des membres vise \u00e0 collecter des donn\u00e9es essentielles. Un autre avantage des enqu\u00eates aupr\u00e8s des membres est qu&#039;elles constituent le meilleur moyen de prendre en compte les pr\u00e9occupations des membres et de toute autre question.<\/p>\n\n\n\n<p>Lors de la cr\u00e9ation d\u2019une enqu\u00eate aupr\u00e8s des membres, il est primordial d\u2019avoir un objectif clair et concis. De plus, cela r\u00e9duit la confusion des r\u00e9pondants. Par exemple, un club pourrait perdre de l\u2019argent et se demander quel \u00e9quipement ne g\u00e9n\u00e8re plus autant de revenus qu\u2019avant. Cela peut \u00eatre beaucoup de choses : le court de tennis, la salle de sport, le spa, ainsi que le terrain de golf. Ainsi, c\u2019est tr\u00e8s ouvert \u00e0 l\u2019interpr\u00e9tation.<\/p>\n\n\n\n<p>Une analyse se limite aux op\u00e9rations de gym et de fitness. Par exemple, le club peut r\u00e9aliser une enqu\u00eate sp\u00e9cifique pour comprendre la satisfaction des membres. Il peut au moins d\u00e9couvrir l\u2019importance que les membres attachent \u00e0 des aspects particuliers du gymnase. Elle peut faire de m\u00eame pour \u00e9valuer ses services de remise en forme.<\/p>\n\n\n\n<p>Managers can start brainstorming ideas for questions once the goal is clear. As a matter of fact, a designated committee should do this. Of course, each committee member will have different perspectives. These perspectives will create a more thorough <a href=\"https:\/\/www.sisinternational.com\/fr\/how-to-design-effective-surveys-for-quantitative-research\/\" title=\"How to Design Effective Surveys for Quantitative Research\"  data-wpil-monitor-id=\"7789\">survey that should be more effective<\/a>.<\/p>\n\n\n\n<h2 class=\"wp-block-heading\">Maximiser le taux de r\u00e9ponse<\/h2>\n\n\n\n<p>il est essentiel de maximiser le taux de r\u00e9ponse. Le taux de r\u00e9ponse est un autre probl\u00e8me auquel tous les dirigeants de club doivent faire face. Il existe donc quelques techniques qu&#039;ils peuvent utiliser pour augmenter le taux de r\u00e9ponse afin qu&#039;il soit plus pr\u00e9cis\u00a0:<\/p>\n\n\n\n<ul class=\"wp-block-list\">\n<li>Incluez une lettre d\u2019accompagnement informant les membres des objectifs de l\u2019enqu\u00eate. De la m\u00eame mani\u00e8re, cette lettre doit indiquer comment le club utilisera ces informations. De plus, il devrait contenir quelques mots sur l&#039;importance de la contribution du membre. Une autre fonctionnalit\u00e9 devrait \u00eatre les informations de contact si le membre a des questions.<\/li>\n\n\n\n<li>Incluez une date de retour. Fixer une date de retour augmente la probabilit\u00e9 que les membres r\u00e9pondent rapidement : les chances d&#039;obtenir une r\u00e9ponse dans les d\u00e9lais augmentent s&#039;ils ont un d\u00e9lai.<\/li>\n<\/ul>\n\n\n\n<h2 class=\"wp-block-heading\">Pourquoi l\u2019\u00e9tude de march\u00e9 sur les enqu\u00eates aupr\u00e8s des membres est-elle importante<\/h2>\n\n\n\n<p>Comprendre les attitudes des membres et \u00e0 propos du club est plus qu&#039;important \u2013 depuis l&#039;obtention de donn\u00e9es primaires sur le statut de chaque membre jusqu&#039;\u00e0 la possibilit\u00e9 d&#039;\u00e9laborer des plans plus complexes. Ces donn\u00e9es importantes peuvent faire la diff\u00e9rence entre le profit et la faillite.<\/p>\n\n\n\n<h2 class=\"wp-block-heading\">Titres de poste cl\u00e9s<\/h2>\n\n\n\n<p>Il existe une vari\u00e9t\u00e9 d\u2019emplois qui font partie int\u00e9grante d\u2019une enqu\u00eate aupr\u00e8s des membres florissante<\/p>\n\n\n\n<ul class=\"wp-block-list\">\n<li>Responsable du club<\/li>\n\n\n\n<li>Analyste de donn\u00e9es<\/li>\n\n\n\n<li>Analyste de march\u00e9<\/li>\n<\/ul>\n\n\n\n<h2 class=\"wp-block-heading\">Pourquoi les entreprises ont besoin d\u2019une \u00e9tude de march\u00e9 sur les enqu\u00eates aupr\u00e8s des membres<\/h2>\n\n\n\n<figure class=\"gb-block-image gb-block-image-b64e6450\"><img loading=\"lazy\" decoding=\"async\" width=\"1456\" height=\"816\" class=\"gb-image gb-image-b64e6450\" src=\"https:\/\/www.sisinternational.com\/wp-content\/uploads\/2025\/08\/Survey-7.jpg\" alt=\"\u00c9tudes de march\u00e9 et strat\u00e9gie internationales SIS\" title=\"Survey (7)\" srcset=\"https:\/\/www.sisinternational.com\/wp-content\/uploads\/2025\/08\/Survey-7.jpg 1456w, https:\/\/www.sisinternational.com\/wp-content\/uploads\/2025\/08\/Survey-7-300x168.jpg 300w, https:\/\/www.sisinternational.com\/wp-content\/uploads\/2025\/08\/Survey-7-1024x574.jpg 1024w, https:\/\/www.sisinternational.com\/wp-content\/uploads\/2025\/08\/Survey-7-768x430.jpg 768w, https:\/\/www.sisinternational.com\/wp-content\/uploads\/2025\/08\/Survey-7-18x10.jpg 18w\" sizes=\"auto, (max-width: 1456px) 100vw, 1456px\"><\/figure>\n\n\n\n<p><\/p>\n\n\n\n<p>En tant qu\u2019organisation \u00e0 but lucratif, les clubs doivent bien comprendre leurs clients. Par exemple, ils doivent \u00eatre capables de prendre des d\u00e9cisions pour maximiser la satisfaction des membres. De plus, les clubs attentifs aux besoins de leurs membres verront leur fid\u00e9lit\u00e9 leur revenir. De plus, une client\u00e8le fid\u00e8le attirera davantage de membres. Ils les encourageront \u00e9galement \u00e0 utiliser les commodit\u00e9s, augmentant ainsi encore les marges b\u00e9n\u00e9ficiaires.<\/p>\n\n\n\n<h2 class=\"wp-block-heading\">Facteurs cl\u00e9s de succ\u00e8s<\/h2>\n\n\n\n<p>Cette \u00e9tape comporte trois pi\u00e8ges courants. Les questions peuvent \u00eatre ambigu\u00ebs, biais\u00e9es ou complexes. Un exemple de question ambigu\u00eb est : \u00ab Quelle quantit\u00e9 de viande rouge mangez-vous habituellement ? \u00bb D&#039;une part, cela ne vous dit pas s&#039;ils veulent savoir. Tous les jours? Hebdomadaire? Bihebdomadaire? Les r\u00e9ponses telles que \u00ab beaucoup \u00bb ou \u00ab pas beaucoup \u00bb sont tr\u00e8s subjectives.<\/p>\n\n\n\n<p>Un exemple de question biais\u00e9e est : \u00ab Nous devons prendre certaines d\u00e9cisions concernant notre espace petit-d\u00e9jeuner. Il est en mauvais \u00e9tat, trop petit et n\u00e9cessite de nombreuses am\u00e9liorations. Alors, quelle ligne d\u2019action privil\u00e9giez-vous ? 1. R\u00e9nover la salle de petit-d\u00e9jeuner actuelle 2. Construire une nouvelle salle de petit-d\u00e9jeuner et transformer l&#039;ancienne en quelque chose d&#039;autre 3. Laisser la salle de petit-d\u00e9jeuner telle qu&#039;elle est actuellement. Il est \u00e9vident que l&#039;auteur de l&#039;enqu\u00eate souhaite d\u00e9j\u00e0 r\u00e9nover et n&#039;a pas vraiment int\u00e9r\u00eat \u00e0 changer cela. Ainsi, cela donne l\u2019impression \u00e0 l\u2019intim\u00e9 que le club a d\u00e9j\u00e0 d\u00e9cid\u00e9 d\u2019une ligne de conduite. De plus, le r\u00e9pondant peut m\u00eame avoir l\u2019impression que sa contribution n\u2019a pas d\u2019importance.<\/p>\n\n\n\n<p>Enfin, un exemple de complexit\u00e9 serait : \u00ab L\u2019ann\u00e9e derni\u00e8re, l\u2019activit\u00e9 salle de sport et fitness a perdu $80 000. Pensez-vous que cela soit acceptable ? Le membre qui effectue le sondage n&#039;a peut-\u00eatre pas le contexte complet de la situation. Certains membres pourraient consid\u00e9rer que c&#039;est trop ou pas assez. Le d\u00e9put\u00e9 ne le sait pas. Ce n\u2019est pas leur affaire, mieux vaut donc ne pas les confondre avec cela.<\/p>\n\n\n\n<p>It doesn\u2019t matter how well you word the questions to avoid ambiguity, bias, and complexity. Regardless of the clarity of the survey, it\u2019s still not foolproof. Thus, it\u2019s best to use a practice <a href=\"https:\/\/www.sisinternational.com\/fr\/solutions\/societe-detudes-de-marche-par-echantillonnage-et-sondage-en-ligne\/\" title=\"Enqu\u00eate en ligne \u00c9chantillonnage Soci\u00e9t\u00e9 d&#039;\u00e9tudes de march\u00e9\"  data-wpil-monitor-id=\"7785\">survey with a small sample<\/a>.<\/p>\n\n\n\n<h2 class=\"wp-block-heading\">\u00c0 propos de l\u2019\u00e9tude de march\u00e9 sur l\u2019enqu\u00eate aupr\u00e8s des membres<\/h2>\n\n\n\n<p>How can one get the most practical and accurate info? It is best to use many data-gathering techniques. Making use of <a href=\"https:\/\/www.sisinternational.com\/fr\/solutions\/solutions-de-recherche-qualitative-et-quantitative\/recherche-qualitative-recrutement\/\" title=\"Recrutement en recherche qualitative\"  data-wpil-monitor-id=\"7780\">Qualitative coupled with Quantitative Research<\/a> is an excellent tool for this. Those tools can help determine what works and what doesn\u2019t. Finding the best course of action is of vital importance for any business.<\/p>\n\n\n\n<p><\/p>","protected":false},"excerpt":{"rendered":"<p>\u00c9tude de march\u00e9 sur les enqu\u00eates aupr\u00e8s des membres Qu\u2019est-ce que l\u2019\u00e9tude de march\u00e9 sur les enqu\u00eates aupr\u00e8s des membres ? Lorsqu&#039;ils traitent avec un club de toute taille, les managers doivent \u00e9quilibrer les int\u00e9r\u00eats de chaque membre. Ils doivent \u00e9galement recueillir des informations sur l\u2019\u00e9tat des choses. De plus, une enqu\u00eate aupr\u00e8s des membres vise \u00e0 collecter des donn\u00e9es essentielles. Un autre avantage des enqu\u00eates aupr\u00e8s des membres est qu\u2019elles sont\u2026 <a title=\"\u00c9tude de march\u00e9 sur l\u2019enqu\u00eate aupr\u00e8s des membres\" class=\"read-more\" href=\"https:\/\/www.sisinternational.com\/fr\/solutions\/solutions-de-recherche-qualitative-et-quantitative\/etude-de-marche-aupres-des-membres\/\" aria-label=\"En savoir plus sur Membership Survey Market Research\">Lire plus<\/a><\/p>","protected":false},"author":1,"featured_media":62706,"parent":14660,"menu_order":23,"comment_status":"closed","ping_status":"closed","template":"","meta":{"footnotes":""},"class_list":["post-39313","page","type-page","status-publish","has-post-thumbnail"],"_links":{"self":[{"href":"https:\/\/www.sisinternational.com\/fr\/wp-json\/wp\/v2\/pages\/39313","targetHints":{"allow":["GET"]}}],"collection":[{"href":"https:\/\/www.sisinternational.com\/fr\/wp-json\/wp\/v2\/pages"}],"about":[{"href":"https:\/\/www.sisinternational.com\/fr\/wp-json\/wp\/v2\/types\/page"}],"author":[{"embeddable":true,"href":"https:\/\/www.sisinternational.com\/fr\/wp-json\/wp\/v2\/users\/1"}],"replies":[{"embeddable":true,"href":"https:\/\/www.sisinternational.com\/fr\/wp-json\/wp\/v2\/comments?post=39313"}],"version-history":[{"count":3,"href":"https:\/\/www.sisinternational.com\/fr\/wp-json\/wp\/v2\/pages\/39313\/revisions"}],"predecessor-version":[{"id":81314,"href":"https:\/\/www.sisinternational.com\/fr\/wp-json\/wp\/v2\/pages\/39313\/revisions\/81314"}],"up":[{"embeddable":true,"href":"https:\/\/www.sisinternational.com\/fr\/wp-json\/wp\/v2\/pages\/14660"}],"wp:featuredmedia":[{"embeddable":true,"href":"https:\/\/www.sisinternational.com\/fr\/wp-json\/wp\/v2\/media\/62706"}],"wp:attachment":[{"href":"https:\/\/www.sisinternational.com\/fr\/wp-json\/wp\/v2\/media?parent=39313"}],"curies":[{"name":"wp","href":"https:\/\/api.w.org\/{rel}","templated":true}]}}