{"id":39257,"date":"2021-11-03T17:54:06","date_gmt":"2021-11-03T17:54:06","guid":{"rendered":"https:\/\/www.sisinternational.com\/?page_id=39257"},"modified":"2025-09-14T22:17:15","modified_gmt":"2025-09-15T02:17:15","slug":"etude-de-marche-en-haiti","status":"publish","type":"page","link":"https:\/\/www.sisinternational.com\/fr\/couverture\/etude-de-marche-dans-les-caraibes\/etude-de-marche-en-haiti\/","title":{"rendered":"\u00c9tude de march\u00e9 en Ha\u00efti"},"content":{"rendered":"<h1 class=\"wp-block-heading\">\u00c9tude de march\u00e9 en Ha\u00efti<\/h1>\n\n\n\n<p><\/p>\n\n\n\n<figure class=\"gb-block-image gb-block-image-24b59cfb\"><img loading=\"lazy\" decoding=\"async\" width=\"1456\" height=\"816\" class=\"gb-image gb-image-24b59cfb\" src=\"https:\/\/www.sisinternational.com\/wp-content\/uploads\/2025\/09\/Haiti-3.jpg\" alt=\"\u00c9tudes de march\u00e9 et strat\u00e9gie internationales SIS\" title=\"Haiti (3)\" srcset=\"https:\/\/www.sisinternational.com\/wp-content\/uploads\/2025\/09\/Haiti-3.jpg 1456w, https:\/\/www.sisinternational.com\/wp-content\/uploads\/2025\/09\/Haiti-3-300x168.jpg 300w, https:\/\/www.sisinternational.com\/wp-content\/uploads\/2025\/09\/Haiti-3-1024x574.jpg 1024w, https:\/\/www.sisinternational.com\/wp-content\/uploads\/2025\/09\/Haiti-3-768x430.jpg 768w, https:\/\/www.sisinternational.com\/wp-content\/uploads\/2025\/09\/Haiti-3-18x10.jpg 18w\" sizes=\"auto, (max-width: 1456px) 100vw, 1456px\"><\/figure>\n\n\n\n<p><\/p>\n\n\n\n<p>Ha\u00efti est un pays des Cara\u00efbes situ\u00e9 sur une grande \u00eele appel\u00e9e Hispaniola. Elle occupe le tiers ouest de l\u2019\u00eele, la R\u00e9publique Dominicaine \u00e9tant situ\u00e9e \u00e0 l\u2019est. C&#039;est le troisi\u00e8me plus grand pays des Cara\u00efbes en termes de superficie et compte au total 11,5 millions d&#039;habitants. Ainsi, il a d\u00e9pass\u00e9 Cuba en tant que pays le plus peupl\u00e9 des Cara\u00efbes. Port-au-Prince est la capitale. Le cr\u00e9ole ha\u00eftien ressemble au fran\u00e7ais et constitue le dialecte le plus populaire du pays.<\/p>\n\n\n\n<h2 class=\"wp-block-heading\">Industries cl\u00e9s<\/h2>\n\n\n\n<p>Ha\u00efti a une \u00e9conomie de march\u00e9 avec une main-d&#039;\u0153uvre bon march\u00e9. De nombreux Ha\u00eftiens d\u00e9pendent de l&#039;agriculture pour gagner leur vie. Le pays dispose \u00e9galement d&#039;un secteur d&#039;exportation agricole. L&#039;agriculture, la foresterie et la p\u00eache repr\u00e9sentent environ un quart du PIB annuel d&#039;Ha\u00efti. Ces industries emploient plus des deux tiers de la main-d&#039;\u0153uvre. Ha\u00efti poss\u00e8de \u00e9galement un secteur minier robuste. Les mineurs recherchent des min\u00e9raux tels que la bauxite, le cuivre, le carbonate de calcium et l&#039;or.<\/p>\n\n\n\n<h2 class=\"wp-block-heading\">Quartiers<\/h2>\n\n\n\n<p>En Ha\u00efti, la criminalit\u00e9 est courante sous toutes ses formes. Pourtant, P\u00e9tion-Ville semble \u00eatre l&#039;option la plus s\u00fbre. P\u00e9tion-Ville fait partie de la ville de Port-au-Prince, situ\u00e9e sur les collines orientales du massif de la Selle. Le quartier sert de lieu d&#039;habitation et de tourisme. Pr\u00e8s de 100 000 nouvelles personnes s&#039;y sont install\u00e9es ces vingt derni\u00e8res ann\u00e9es. La population s&#039;\u00e9l\u00e8ve d\u00e9sormais \u00e0 377 000 habitants. Aussi, \u00e0 P\u00e9tion-Ville, de nombreux envoy\u00e9s, propri\u00e9taires d&#039;entreprises \u00e9trang\u00e8res et gens riches font des affaires et vivent.<\/p>\n\n\n\n<h2 class=\"wp-block-heading\">Les tendances<\/h2>\n\n\n\n<p>Le tremblement de terre de 2010 a d\u00e9truit de nombreuses maisons et immeubles de bureaux. En cons\u00e9quence, les prix des logements et de l\u2019immobilier ont grimp\u00e9. Dans cette \u00ab \u00e9conomie de catastrophe \u00bb, on cherche \u00e0 s\u2019enrichir immensement en imposant des loyers \u00e9lev\u00e9s. Certains Ha\u00eftiens ont la chance de poss\u00e9der des biens encore en bon \u00e9tat. Bien s\u00fbr, ils ont un avantage.<\/p>\n\n\n\n<h2 class=\"wp-block-heading\">Avantages et points forts du march\u00e9<\/h2>\n\n\n\n<p>L&#039;un des atouts les plus pr\u00e9cieux d&#039;Ha\u00efti est sa main-d&#039;\u0153uvre souvent bilingue. La population du pays est \u00e9galement relativement jeune, avec un fort besoin de travail. Par ailleurs, l&#039;approvisionnement en \u00e9lectricit\u00e9 r\u00e9gionale et locale est l&#039;un des m\u00e9tiers \u00e9mergents en Ha\u00efti.<\/p>\n\n\n\n<p>This country has several hoops to get over. Still, there are chances for small-to-medium-sized US <a href=\"https:\/\/www.sisinternational.com\/fr\/competence\/les-industries\/etude-de-marche-pour-une-entreprise-de-design\/\" title=\"\u00c9tude de march\u00e9 des entreprises de conception\"  data-wpil-monitor-id=\"7836\">firms in the Haitian market<\/a>. The cosmetics, grains, poultry, devices, and transportation <a href=\"https:\/\/www.sisinternational.com\/fr\/venezuela-oil-mining-industry-potential-strategic-forecast-2026-2036\/\" title=\"Venezuela Oil &amp; Mining Industry Potential: Strategic Forecast 2026-2036\"  data-wpil-monitor-id=\"7838\">industries have the export potential<\/a> for US companies.<\/p>\n\n\n\n<h2 class=\"wp-block-heading\">Base de consommateurs<\/h2>\n\n\n\n<p>A recent study on Haitian buyer preference was in part related to online shopping. The researchers <a href=\"https:\/\/www.sisinternational.com\/fr\/solutions\/societe-detudes-de-marche-par-echantillonnage-et-sondage-en-ligne\/\" title=\"Enqu\u00eate en ligne \u00c9chantillonnage Soci\u00e9t\u00e9 d&#039;\u00e9tudes de march\u00e9\"  data-wpil-monitor-id=\"7840\">surveyed<\/a> to find out whether Haitians buy online. The <a href=\"https:\/\/www.sisinternational.com\/fr\/sampling-techniques-in-qualitative-research-the-complete-guide-to-choosing-the-right-method\/\" title=\"Sampling Techniques in Qualitative Research: The Complete Guide to Choosing the Right Method\"  data-wpil-monitor-id=\"7846\">sample<\/a> consisted of people reached via the \u201csnowball\u201d method. The study showed that Haitians still hold a dim view of online shopping. They still seem to prefer traditional shopping. The study shows that various social metrics have an impact on online buying in Haiti. These metrics include gender, income, and education.<\/p>\n\n\n\n<h2 class=\"wp-block-heading\">Raisons de faire des affaires en Ha\u00efti<\/h2>\n\n\n\n<ul class=\"wp-block-list\">\n<li>Haiti has preferential access to the <a href=\"https:\/\/www.sisinternational.com\/fr\/competence\/les-industries\/etude-de-marche-des-pays-frontieres\/\" title=\"\u00c9tude de march\u00e9 des pays frontaliers\"  data-wpil-monitor-id=\"7835\">markets of 17 developed countries<\/a>.<\/li>\n\n\n\n<li>Gr\u00e2ce aux lois HOPE II et HELP, le secteur de l&#039;habillement b\u00e9n\u00e9ficie d&#039;un acc\u00e8s en franchise de droits au march\u00e9 am\u00e9ricain.<\/li>\n\n\n\n<li>En outre, une large couverture cellulaire et une connectivit\u00e9 sont disponibles.<\/li>\n\n\n\n<li>Le pays dispose d\u2019une importante main-d\u2019\u0153uvre compos\u00e9e de personnes dispos\u00e9es \u00e0 travailler. Plus de 50 pour cent de la population active a moins de 30 ans et Ha\u00efti dispose d\u2019un large bassin d\u2019anglophones, de fran\u00e7ais et d\u2019espagnols.<\/li>\n\n\n\n<li>Il y a des vols quotidiens depuis les \u00c9tats-Unis vers Port-au-Prince et Cap-Ha\u00eftien. Vous pouvez \u00e9galement b\u00e9n\u00e9ficier de vols int\u00e9rieurs.<\/li>\n<\/ul>\n\n\n\n<h2 class=\"wp-block-heading\">\u00c9tude de march\u00e9 en Ha\u00efti<\/h2>\n\n\n\n<p>Doing quantitative, qualitative, and strategic research is critical. Other <a href=\"https:\/\/www.sisinternational.com\/fr\/solutions\/solutions-de-recherche-qualitative-et-quantitative\/tests-en-localisation-centrale-vs-groupes-de-discussion\/\" title=\"Tests de localisation centrale vs groupes de discussion\"  data-wpil-monitor-id=\"7834\">central needs are focus groups<\/a>, interviews, and surveys. These tools can expose the customer\u2019s true feelings. and thoughts. Also, in Haiti, the step of <a href=\"https:\/\/www.sisinternational.com\/fr\/solutions\/conseil-en-strategie\/recherche-dopportunites-dentree-sur-le-marche\/lefficacite-des-tests-de-produits-a-new-york-pour-penetrer-le-marche-americain\/\" title=\"L&#039;efficacit\u00e9 des tests de produits \u00e0 New York pour p\u00e9n\u00e9trer le march\u00e9 am\u00e9ricain\"  data-wpil-monitor-id=\"7844\">entering the market<\/a> is like that of many other countries. To begin, you must first go to the country. During a visit, your <a href=\"https:\/\/www.sisinternational.com\/fr\/competence\/cv-dexperience\/cv-dexperience-dans-lindustrie-automobile\/\" title=\"Soci\u00e9t\u00e9 d\u2019\u00e9tudes de march\u00e9 pour l\u2019industrie automobile\"  data-wpil-monitor-id=\"7842\">company can create valuable industry<\/a> ties. These relations may be helpful to aid you in succeeding in the market.<\/p>\n\n\n\n<p><\/p>","protected":false},"excerpt":{"rendered":"<p>\u00c9tude de march\u00e9 en Ha\u00efti Ha\u00efti est une nation des Cara\u00efbes situ\u00e9e sur une grande \u00eele appel\u00e9e Hispaniola. Elle occupe le tiers ouest de l\u2019\u00eele, la R\u00e9publique Dominicaine \u00e9tant situ\u00e9e \u00e0 l\u2019est. C&#039;est le troisi\u00e8me plus grand pays des Cara\u00efbes en termes de superficie et compte au total 11,5 millions d&#039;habitants. Ainsi, il\u2026 <a title=\"\u00c9tude de march\u00e9 en Ha\u00efti\" class=\"read-more\" href=\"https:\/\/www.sisinternational.com\/fr\/couverture\/etude-de-marche-dans-les-caraibes\/etude-de-marche-en-haiti\/\" aria-label=\"En savoir plus sur Market Research In Haiti\">Lire plus<\/a><\/p>","protected":false},"author":1,"featured_media":66128,"parent":33287,"menu_order":0,"comment_status":"closed","ping_status":"closed","template":"","meta":{"footnotes":""},"class_list":["post-39257","page","type-page","status-publish","has-post-thumbnail"],"_links":{"self":[{"href":"https:\/\/www.sisinternational.com\/fr\/wp-json\/wp\/v2\/pages\/39257","targetHints":{"allow":["GET"]}}],"collection":[{"href":"https:\/\/www.sisinternational.com\/fr\/wp-json\/wp\/v2\/pages"}],"about":[{"href":"https:\/\/www.sisinternational.com\/fr\/wp-json\/wp\/v2\/types\/page"}],"author":[{"embeddable":true,"href":"https:\/\/www.sisinternational.com\/fr\/wp-json\/wp\/v2\/users\/1"}],"replies":[{"embeddable":true,"href":"https:\/\/www.sisinternational.com\/fr\/wp-json\/wp\/v2\/comments?post=39257"}],"version-history":[{"count":5,"href":"https:\/\/www.sisinternational.com\/fr\/wp-json\/wp\/v2\/pages\/39257\/revisions"}],"predecessor-version":[{"id":81323,"href":"https:\/\/www.sisinternational.com\/fr\/wp-json\/wp\/v2\/pages\/39257\/revisions\/81323"}],"up":[{"embeddable":true,"href":"https:\/\/www.sisinternational.com\/fr\/wp-json\/wp\/v2\/pages\/33287"}],"wp:featuredmedia":[{"embeddable":true,"href":"https:\/\/www.sisinternational.com\/fr\/wp-json\/wp\/v2\/media\/66128"}],"wp:attachment":[{"href":"https:\/\/www.sisinternational.com\/fr\/wp-json\/wp\/v2\/media?parent=39257"}],"curies":[{"name":"wp","href":"https:\/\/api.w.org\/{rel}","templated":true}]}}