{"id":39173,"date":"2021-10-28T05:02:19","date_gmt":"2021-10-28T05:02:19","guid":{"rendered":"https:\/\/www.sisinternational.com\/?page_id=39173"},"modified":"2026-01-26T17:22:27","modified_gmt":"2026-01-26T22:22:27","slug":"etude-de-marche-ottawa-canada","status":"publish","type":"page","link":"https:\/\/www.sisinternational.com\/fr\/couverture\/north-america\/etude-de-marche-canadienne\/etude-de-marche-ottawa-canada\/","title":{"rendered":"\u00c9tude de march\u00e9 \u00e0 Ottawa, Canada"},"content":{"rendered":"<h1 class=\"wp-block-heading\">\u00c9tude de march\u00e9 \u00e0 Ottawa, Canada<\/h1>\n\n\n\n<figure class=\"gb-block-image gb-block-image-1d49e20f\"><img loading=\"lazy\" decoding=\"async\" width=\"1456\" height=\"816\" class=\"gb-image gb-image-1d49e20f\" src=\"https:\/\/www.sisinternational.com\/wp-content\/uploads\/2025\/08\/Ottawa-3.jpg\" srcset=\"https:\/\/www.sisinternational.com\/wp-content\/uploads\/2025\/08\/Ottawa-3.jpg 1456w, https:\/\/www.sisinternational.com\/wp-content\/uploads\/2025\/08\/Ottawa-3-300x168.jpg 300w, https:\/\/www.sisinternational.com\/wp-content\/uploads\/2025\/08\/Ottawa-3-1024x574.jpg 1024w, https:\/\/www.sisinternational.com\/wp-content\/uploads\/2025\/08\/Ottawa-3-768x430.jpg 768w, https:\/\/www.sisinternational.com\/wp-content\/uploads\/2025\/08\/Ottawa-3-18x10.jpg 18w\" sizes=\"auto, (max-width: 1456px) 100vw, 1456px\" alt=\"\u00c9tudes de march\u00e9 et strat\u00e9gie internationales SIS\"><\/figure>\n\n\n\n<p><\/p>\n\n\n\n<hr class=\"wp-block-separator has-alpha-channel-opacity is-style-dots\"\/>\n\n\n\n<h3 class=\"wp-block-heading\"><span style=\"font-weight: 400;\">Gr\u00e2ce \u00e0 des \u00e9tudes de march\u00e9 cibl\u00e9es, les entreprises peuvent prendre des d\u00e9cisions strat\u00e9giques qui correspondent aux besoins locaux et se positionner pour r\u00e9ussir dans la capitale nationale.<\/span><\/h3>\n\n\n\n<p><span style=\"font-weight: 400;\">Pour r\u00e9ussir sur le march\u00e9 concurrentiel d&#039;Ottawa, il faut bien comprendre sa dynamique \u00e9conomique et culturelle unique. En tant que plaque tournante du gouvernement, de la technologie et de l&#039;\u00e9ducation, le march\u00e9 d&#039;Ottawa offre des opportunit\u00e9s distinctes aux entreprises d\u00e9sireuses d&#039;investir dans des connaissances locales. En tirant parti des \u00e9tudes de march\u00e9, les entreprises peuvent affiner leurs strat\u00e9gies, am\u00e9liorer leur positionnement sur le march\u00e9 et favoriser une croissance durable dans cette ville dynamique.<\/span><\/p>\n\n\n\n<h2 class=\"wp-block-heading\"><strong>Qu\u2019est-ce qu\u2019une \u00e9tude de march\u00e9 \u00e0 Ottawa?<\/strong><\/h2>\n\n\n\n<p><span style=\"font-weight: 400;\">Les \u00e9tudes de march\u00e9 \u00e0 Ottawa aident les entreprises \u00e0 comprendre le comportement des consommateurs locaux, les tendances de l\u2019industrie et la dynamique concurrentielle, leur permettant de prendre des d\u00e9cisions \u00e9clair\u00e9es qui correspondent au paysage \u00e9conomique distinct d\u2019Ottawa.<\/span><\/p>\n\n\n\n<p><span style=\"font-weight: 400;\">Les \u00e9tudes de march\u00e9 \u00e0 Ottawa permettent \u00e9galement de mieux comprendre les besoins et les pr\u00e9f\u00e9rences sp\u00e9cifiques du march\u00e9 technologique de la ville, ce qui permet aux entreprises d&#039;adapter leurs offres et d&#039;optimiser leurs strat\u00e9gies d&#039;entr\u00e9e sur le march\u00e9. De plus, avec de nombreux minist\u00e8res et organismes gouvernementaux bas\u00e9s dans la ville, les \u00e9tudes de march\u00e9 aident les entreprises \u00e0 s&#039;orienter dans les opportunit\u00e9s du secteur public et \u00e0 comprendre le paysage r\u00e9glementaire qui fa\u00e7onne le march\u00e9.<\/span><\/p>\n\n\n\n<h2 class=\"wp-block-heading\"><strong>Pourquoi les entreprises ont-elles besoin d\u2019\u00e9tudes de march\u00e9 \u00e0 Ottawa\u00a0?<\/strong><\/h2>\n\n\n\n<p><span style=\"font-weight: 400;\">En tant que c\u0153ur politique du Canada, Ottawa offre des opportunit\u00e9s uniques aux entreprises qui cherchent \u00e0 obtenir des contrats gouvernementaux, \u00e0 s\u2019engager sur des march\u00e9s d\u00e9termin\u00e9s par les politiques ou \u00e0 collaborer avec des organismes du secteur public. Les \u00e9tudes de march\u00e9 aident les entreprises \u00e0 comprendre les besoins sp\u00e9cifiques et les exigences r\u00e9glementaires de ces secteurs, leur permettant ainsi d\u2019\u00e9laborer des strat\u00e9gies sur mesure qui r\u00e9pondent aux exigences locales.<\/span><\/p>\n\n\n\n<p><span style=\"font-weight: 400;\">One critical reason for conducting market research in Ottawa is to stay competitive in the city\u2019s burgeoning technology industry. Ottawa\u2019s tech sector is one of the fastest-growing in Canada, with a high concentration of companies specializing in software development, telecommunications, and cybersecurity. Market research provides valuable insights into industry trends, consumer preferences, and competitive landscapes, helping businesses identify market gaps, optimize their product offerings, and maintain a strong market position.<\/span><\/p>\n\n\n\n<p><span style=\"font-weight: 400;\">De plus, le profil d\u00e9mographique diversifi\u00e9 d&#039;Ottawa, qui comprend un m\u00e9lange d&#039;employ\u00e9s du gouvernement, d&#039;\u00e9tudiants et de professionnels de la technologie, cr\u00e9e une base de consommateurs unique avec des besoins et des attentes vari\u00e9s. Les \u00e9tudes de march\u00e9 \u00e0 Ottawa permettent aux entreprises de mieux comprendre les comportements des consommateurs locaux, d&#039;affiner leurs strat\u00e9gies marketing et d&#039;am\u00e9liorer l&#039;engagement des clients.&nbsp;<\/span><\/p>\n\n\n\n<h2 class=\"wp-block-heading\"><strong>Principales industries \u00e0 Ottawa<\/strong><\/h2>\n\n\n\n<p><span style=\"font-weight: 400;\">Le <\/span><b>secteur technologique<\/b><span style=\"font-weight: 400;\"> Ottawa est l&#039;une des villes les plus importantes, et Ottawa est souvent surnomm\u00e9e la \u00ab Silicon Valley du Nord \u00bb en raison de sa forte concentration d&#039;entreprises technologiques, notamment des acteurs majeurs dans les domaines des logiciels, des t\u00e9l\u00e9communications et de la cybers\u00e9curit\u00e9. Des entreprises comme Shopify, Nokia et Mitel contribuent de mani\u00e8re essentielle \u00e0 l&#039;\u00e9cosyst\u00e8me technologique d&#039;Ottawa, faisant de la ville un p\u00f4le d&#039;innovation technologique.&nbsp;<\/span><\/p>\n\n\n\n<p><span style=\"font-weight: 400;\">Le <\/span><b>secteur public<\/b><span style=\"font-weight: 400;\"> est un autre pilier de l&#039;\u00e9conomie d&#039;Ottawa, le gouvernement f\u00e9d\u00e9ral \u00e9tant le plus grand employeur de la ville. Cette pr\u00e9sence cr\u00e9e des possibilit\u00e9s importantes pour les entreprises qui s&#039;occupent de march\u00e9s publics, de consultation en mati\u00e8re de politiques publiques et de services adapt\u00e9s aux besoins des organismes f\u00e9d\u00e9raux.&nbsp;<\/span><\/p>\n\n\n\n<p><b>\u00c9ducation et recherche<\/b><span style=\"font-weight: 400;\"> Les industries d\u2019Ottawa sont \u00e9galement importantes, gr\u00e2ce \u00e0 des institutions comme l\u2019Universit\u00e9 d\u2019Ottawa, l\u2019Universit\u00e9 Carleton et de nombreux centres de recherche. Ces institutions contribuent non seulement \u00e0 l\u2019\u00e9conomie locale par l\u2019\u00e9ducation et l\u2019innovation, mais favorisent \u00e9galement les partenariats avec les entreprises des secteurs de la technologie, de la sant\u00e9 et des politiques publiques.&nbsp;<\/span><\/p>\n\n\n\n<h2 class=\"wp-block-heading\"><strong>Aper\u00e7us r\u00e9gionaux sur Ottawa<\/strong><\/h2>\n\n\n\n<figure class=\"gb-block-image gb-block-image-982aa882\"><img loading=\"lazy\" decoding=\"async\" width=\"1456\" height=\"816\" class=\"gb-image gb-image-982aa882\" src=\"https:\/\/www.sisinternational.com\/wp-content\/uploads\/2025\/08\/Ottawa-1.jpg\" alt=\"\u00c9tudes de march\u00e9 et strat\u00e9gie internationales SIS\" title=\"Ottawa, (1)\" srcset=\"https:\/\/www.sisinternational.com\/wp-content\/uploads\/2025\/08\/Ottawa-1.jpg 1456w, https:\/\/www.sisinternational.com\/wp-content\/uploads\/2025\/08\/Ottawa-1-300x168.jpg 300w, https:\/\/www.sisinternational.com\/wp-content\/uploads\/2025\/08\/Ottawa-1-1024x574.jpg 1024w, https:\/\/www.sisinternational.com\/wp-content\/uploads\/2025\/08\/Ottawa-1-768x430.jpg 768w, https:\/\/www.sisinternational.com\/wp-content\/uploads\/2025\/08\/Ottawa-1-18x10.jpg 18w\" sizes=\"auto, (max-width: 1456px) 100vw, 1456px\"><\/figure>\n\n\n\n<p><\/p>\n\n\n\n<p><span style=\"font-weight: 400;\">En tant que capitale du Canada, Ottawa est profond\u00e9ment influenc\u00e9e par son r\u00f4le de centre politique et administratif du pays, abritant de nombreux minist\u00e8res, agences et ambassades \u00e9trang\u00e8res du gouvernement f\u00e9d\u00e9ral. Ce statut stimule non seulement l&#039;\u00e9conomie locale, mais cr\u00e9e \u00e9galement un environnement commercial particulier o\u00f9 les besoins du secteur public influencent consid\u00e9rablement les tendances du march\u00e9.&nbsp;<\/span><\/p>\n\n\n\n<p><span style=\"font-weight: 400;\">Ottawa est \u00e9galement connue pour sa forte culture bilingue, l&#039;anglais et le fran\u00e7ais \u00e9tant largement parl\u00e9s dans toute la ville. Cette diversit\u00e9 linguistique affecte le comportement des consommateurs, les strat\u00e9gies marketing et les op\u00e9rations commerciales, ce qui rend essentielle pour les entreprises d&#039;adapter leurs communications afin de trouver un \u00e9cho aupr\u00e8s de la population bilingue de la ville.&nbsp;<\/span><\/p>\n\n\n\n<p><span style=\"font-weight: 400;\">De plus, l&#039;\u00e9conomie d&#039;Ottawa b\u00e9n\u00e9ficie d&#039;une forte concentration d&#039;\u00e9tablissements de recherche, d&#039;universit\u00e9s et de p\u00f4les d&#039;innovation, notamment dans les domaines de la technologie, de la sant\u00e9 et des sciences environnementales. Cette pr\u00e9sence universitaire favorise un environnement collaboratif o\u00f9 les entreprises peuvent s&#039;associer \u00e0 des centres de recherche pour stimuler l&#039;innovation et le d\u00e9veloppement.&nbsp;<\/span><\/p>\n\n\n\n<h2 class=\"wp-block-heading\"><strong>Principales attractions touristiques \u00e0 Ottawa<\/strong><\/h2>\n\n\n\n<p><span style=\"font-weight: 400;\">Les \u00e9tudes de march\u00e9 \u00e0 Ottawa soutiennent les entreprises des secteurs du tourisme et de l&#039;h\u00f4tellerie en fournissant des informations sur les habitudes des visiteurs, les fluctuations saisonni\u00e8res de la demande et les opportunit\u00e9s de cr\u00e9er des exp\u00e9riences m\u00e9morables qui mettent en valeur l&#039;attrait naturel et r\u00e9cr\u00e9atif d&#039;Ottawa.<\/span><\/p>\n\n\n\n<ul class=\"wp-block-list\">\n<li><b>Colline du Parlement<\/b><span style=\"font-weight: 400;\">, le c\u0153ur du paysage politique du Canada, est l&#039;une des attractions les plus embl\u00e9matiques de la ville. Avec son architecture gothique \u00e9poustouflante, sa c\u00e9r\u00e9monie quotidienne de la rel\u00e8ve de la garde et ses \u00e9v\u00e9nements saisonniers, la Colline du Parlement attire des millions de visiteurs chaque ann\u00e9e. Les entreprises du secteur du tourisme peuvent tirer parti des \u00e9tudes de march\u00e9 \u00e0 Ottawa pour comprendre la d\u00e9mographie des visiteurs, optimiser leurs efforts de marketing et cr\u00e9er des exp\u00e9riences uniques qui mettent en valeur le patrimoine politique de la ville.<\/span><\/li>\n\n\n\n<li><span style=\"font-weight: 400;\">Le <\/span><b>Mus\u00e9e canadien de l&#039;histoire<\/b><span style=\"font-weight: 400;\"> et le <\/span><b>Mus\u00e9e des beaux-arts du Canada<\/b><span style=\"font-weight: 400;\"> Les mus\u00e9es et les galeries d&#039;art sont \u00e9galement des attractions majeures. Ils offrent aux visiteurs une plong\u00e9e dans la riche histoire culturelle et artistique du Canada. Ces institutions attirent non seulement les touristes, mais servent \u00e9galement de lieux cl\u00e9s pour des expositions, des \u00e9v\u00e9nements et des programmes \u00e9ducatifs.\u00a0<\/span><\/li>\n\n\n\n<li><b>Canal Rideau<\/b><span style=\"font-weight: 400;\"> offre des possibilit\u00e9s de loisirs tout au long de l&#039;ann\u00e9e, de la navigation de plaisance en \u00e9t\u00e9 au patinage sur glace en hiver sur la plus grande patinoire naturelle au monde. Cette voie navigable pittoresque est une attraction majeure pour les touristes et les habitants d&#039;Ottawa, contribuant de mani\u00e8re significative au tourisme de plein air et d&#039;aventure d&#039;Ottawa.\u00a0<\/span><\/li>\n<\/ul>\n\n\n\n<h2 class=\"wp-block-heading\"><strong>Facteurs moteurs du march\u00e9 \u00e0 Ottawa<\/strong><\/h2>\n\n\n\n<p><span style=\"font-weight: 400;\">L\u2019un des facteurs les plus importants est la <\/span><b>secteur de la technologie et de l&#039;innovation<\/b><span style=\"font-weight: 400;\">, qui continue de cro\u00eetre rapidement. La forte concentration d&#039;entreprises technologiques d&#039;Ottawa, combin\u00e9e \u00e0 son solide bassin de talents et \u00e0 son acc\u00e8s aux institutions de recherche, positionne la ville comme un chef de file en mati\u00e8re de d\u00e9veloppement de logiciels, de cybers\u00e9curit\u00e9 et d&#039;intelligence artificielle.&nbsp;<\/span><\/p>\n\n\n\n<p><span style=\"font-weight: 400;\">Le <\/span><b>secteur public<\/b><span style=\"font-weight: 400;\"> est un autre moteur important de l&#039;\u00e9conomie d&#039;Ottawa, le gouvernement f\u00e9d\u00e9ral \u00e9tant le plus grand employeur de la ville et un client cl\u00e9 pour de nombreuses entreprises. Les d\u00e9penses gouvernementales en mati\u00e8re d&#039;infrastructures, de technologie et de services publics cr\u00e9ent des opportunit\u00e9s substantielles pour les entreprises sp\u00e9cialis\u00e9es dans le conseil, les TI et d&#039;autres services professionnels.&nbsp;<\/span><\/p>\n\n\n\n<p><b>\u00c9ducation et recherche<\/b><span style=\"font-weight: 400;\"> also play a significant role in driving <a href=\"https:\/\/www.sisinternational.com\/fr\/couverture\/les-ameriques\/etude-de-marche-canadienne\/\" title=\"\u00c9tudes de march\u00e9 au Canada\"  data-wpil-monitor-id=\"2627\">Ottawa\u2019s<\/a> market, supported by major institutions like the University of Ottawa and Carleton University. These institutions not only contribute to the local economy through education and employment but also foster innovation through research partnerships with businesses.&nbsp;<\/span><\/p>\n\n\n\n<h2 class=\"wp-block-heading\"><strong>Restrictions du march\u00e9 \u00e0 Ottawa<\/strong><\/h2>\n\n\n\n<figure class=\"gb-block-image gb-block-image-76724ff5\"><img loading=\"lazy\" decoding=\"async\" width=\"1456\" height=\"816\" class=\"gb-image gb-image-76724ff5\" src=\"https:\/\/www.sisinternational.com\/wp-content\/uploads\/2025\/08\/Ottawa-4.jpg\" alt=\"\u00c9tudes de march\u00e9 et strat\u00e9gie internationales SIS\" title=\"Ottawa, (4)\" srcset=\"https:\/\/www.sisinternational.com\/wp-content\/uploads\/2025\/08\/Ottawa-4.jpg 1456w, https:\/\/www.sisinternational.com\/wp-content\/uploads\/2025\/08\/Ottawa-4-300x168.jpg 300w, https:\/\/www.sisinternational.com\/wp-content\/uploads\/2025\/08\/Ottawa-4-1024x574.jpg 1024w, https:\/\/www.sisinternational.com\/wp-content\/uploads\/2025\/08\/Ottawa-4-768x430.jpg 768w, https:\/\/www.sisinternational.com\/wp-content\/uploads\/2025\/08\/Ottawa-4-18x10.jpg 18w\" sizes=\"auto, (max-width: 1456px) 100vw, 1456px\"><\/figure>\n\n\n\n<p><\/p>\n\n\n\n<p><span style=\"font-weight: 400;\">Une contrainte est la <\/span><b>d\u00e9pendance aux d\u00e9penses publiques<\/b><span style=\"font-weight: 400;\">, qui peuvent \u00eatre impr\u00e9visibles et soumises \u00e0 des changements de politique. Les changements dans les budgets gouvernementaux, les politiques d&#039;approvisionnement ou les priorit\u00e9s politiques peuvent avoir un impact direct sur les entreprises qui d\u00e9pendent fortement des contrats gouvernementaux.&nbsp;<\/span><\/p>\n\n\n\n<p><b>Forte concurrence dans le secteur technologique<\/b><span style=\"font-weight: 400;\"> La r\u00e9putation d&#039;Ottawa comme p\u00f4le technologique attire de nombreuses startups et entreprises \u00e9tablies. Cette concurrence intense peut rendre difficile pour les entreprises de se d\u00e9marquer, d&#039;attirer les meilleurs talents et de s\u00e9curiser des parts de march\u00e9.&nbsp;<\/span><\/p>\n\n\n\n<p><span style=\"font-weight: 400;\">En plus, <\/span><b>exigences en mati\u00e8re de bilinguisme<\/b><span style=\"font-weight: 400;\"> La langue fran\u00e7aise peut constituer un obstacle pour les entreprises qui ne sont pas pr\u00eates \u00e0 exercer leurs activit\u00e9s en fran\u00e7ais et en anglais. En raison de la forte population francophone d&#039;Ottawa et de sa proximit\u00e9 avec le Qu\u00e9bec, les entreprises sont souvent tenues de fournir des services bilingues, ce qui peut accro\u00eetre la complexit\u00e9 et les co\u00fbts des op\u00e9rations.&nbsp;<\/span><\/p>\n\n\n\n<h2 class=\"wp-block-heading\"><strong>Comment les \u00e9tudes de march\u00e9 de SIS International \u00e0 Ottawa aident les entreprises<\/strong><\/h2>\n\n\n\n<p><span style=\"font-weight: 400;\">\u00c0 <\/span><a href=\"https:\/\/www.linkedin.com\/company\/sisinternationalresearch\/\" target=\"_blank\" rel=\"noopener\"><span style=\"font-weight: 400;\">SIS International<\/span><\/a><span style=\"font-weight: 400;\">, nos \u00e9tudes de march\u00e9 \u00e0 Ottawa fournissent aux entreprises les informations essentielles dont elles ont besoin pour naviguer sur ce march\u00e9 unique et concurrentiel. Nous nous concentrons sur la mise en \u0153uvre de strat\u00e9gies bas\u00e9es sur les donn\u00e9es qui permettent aux entreprises de prendre des d\u00e9cisions \u00e9clair\u00e9es, d&#039;optimiser leurs op\u00e9rations et de r\u00e9aliser une croissance durable. Nous adaptons notre approche pour r\u00e9pondre aux besoins des entreprises.&nbsp;<\/span><\/p>\n\n\n\n<p><b>Planification strat\u00e9gique am\u00e9lior\u00e9e\u00a0:<\/b><span style=\"font-weight: 400;\">&nbsp;<\/span><\/p>\n\n\n\n<p><span style=\"font-weight: 400;\">Notre <a href=\"https:\/\/www.linkedin.com\/pulse\/how-market-research-enables-growth-ruth-stanat-phekf\/\" target=\"_blank\" rel=\"noopener\">\u00e9tude de march\u00e9<\/a> \u00e0 Ottawa permet aux entreprises d&#039;acqu\u00e9rir une compr\u00e9hension globale de la dynamique du march\u00e9 d&#039;Ottawa, des opportunit\u00e9s du secteur public aux derni\u00e8res innovations technologiques. En tirant parti de nos connaissances, les entreprises peuvent \u00e9laborer des strat\u00e9gies qui s&#039;alignent sur les tendances locales, am\u00e9liorer leur positionnement sur le march\u00e9 et stimuler la croissance dans l&#039;\u00e9conomie en \u00e9volution d&#039;Ottawa.<\/span><\/p>\n\n\n\n<p><b>Augmentation des revenus et retour sur investissement am\u00e9lior\u00e9\u00a0:<\/b><span style=\"font-weight: 400;\">&nbsp;<\/span><\/p>\n\n\n\n<p><span style=\"font-weight: 400;\">Nous aidons les entreprises \u00e0 identifier les secteurs \u00e0 forte croissance et les opportunit\u00e9s \u00e9mergentes, comme les march\u00e9s publics, l&#039;innovation technologique et les initiatives de villes intelligentes. Notre analyse d\u00e9taill\u00e9e permet aux entreprises de maximiser leur impact sur le march\u00e9 concurrentiel d&#039;Ottawa.<\/span><\/p>\n\n\n\n<p><b>R\u00e9duction des risques et am\u00e9lioration de l\u2019efficacit\u00e9 du marketing :<\/b><span style=\"font-weight: 400;\">&nbsp;<\/span><\/p>\n\n\n\n<p><span style=\"font-weight: 400;\"><a href=\"https:\/\/medium.com\/@sisinternational\/sis-international-c17160da8fac\" target=\"_blank\" rel=\"noopener\">SIS<\/a> Les \u00e9tudes de march\u00e9 d&#039;International \u00e0 Ottawa identifient les contraintes potentielles du march\u00e9, comme les obstacles r\u00e9glementaires et les politiques gouvernementales changeantes, permettant aux entreprises de relever ces d\u00e9fis de mani\u00e8re proactive. Nos connaissances am\u00e9liorent \u00e9galement l&#039;efficacit\u00e9 du marketing en identifiant les canaux et les messages les plus efficaces pour atteindre le public diversifi\u00e9 d&#039;Ottawa, garantissant ainsi aux entreprises une connexion significative avec leurs clients.<\/span><\/p>\n\n\n\n<p><b>Croissance et innovation acc\u00e9l\u00e9r\u00e9es\u00a0:<\/b><span style=\"font-weight: 400;\">&nbsp;<\/span><\/p>\n\n\n\n<p><span style=\"font-weight: 400;\">Notre \u00e9tude de march\u00e9 \u00e0 Ottawa aide les entreprises \u00e0 tirer parti de l&#039;environnement dynamique de la ville, \u00e0 favoriser l&#039;innovation et \u00e0 explorer de nouvelles opportunit\u00e9s de d\u00e9veloppement de produits. En s&#039;associant \u00e0 SIS International, les entreprises obtiennent l&#039;avantage strat\u00e9gique n\u00e9cessaire pour prosp\u00e9rer sur le march\u00e9 en \u00e9volution rapide d&#039;Ottawa.<\/span><\/p>\n\n\n\n<h2 class=\"wp-block-heading\">\u00c0 propos des \u00e9tudes de march\u00e9 \u00e0 Ottawa<\/h2>\n\n\n\n<p>Do you want to start a business in Ottawa? If so, then you\u2019ve come to the perfect place. We set up focus groups in different areas of business in Canada. Likewise, we can conduct Quantitative, Qualitative, and Strategic Research for you. The details are specific to the target dynamics. <a href=\"https:\/\/www.sisinternational.com\/fr\/competence\/les-industries\/etude-de-marche-du-fret-2\/\" title=\"\u00c9tude de march\u00e9 du fret \u2014 Transit et exp\u00e9dition de fret\" data-wpil-monitor-id=\"6487\">Market Research is a vital step forward<\/a> for doing business in Ottawa. We will collect the needed data for you and your company. Our Surveys, Interviews, Focus Groups, and other methods will ensure the success of your business.<\/p>\n\n\n\n<h2 class=\"wp-block-heading\"><strong>\u00c0 propos de SIS International<\/strong><\/h2>\n\n\n\n<p><a href=\"https:\/\/www.sisinternational.com\/fr\/\"><span style=\"font-weight: 400;\">SIS International<\/span><\/a><span style=\"font-weight: 400;\"> propose des recherches quantitatives, qualitatives et strat\u00e9giques. Nous fournissons des donn\u00e9es, des outils, des strat\u00e9gies, des rapports et des informations pour la prise de d\u00e9cision. Nous menons \u00e9galement des entretiens, des enqu\u00eates, des groupes de discussion et d\u2019autres m\u00e9thodes et approches d\u2019\u00e9tudes de march\u00e9.<\/span><a href=\"https:\/\/www.sisinternational.com\/fr\/a-propos-de-la-recherche-internationale-sis\/contact-sis-international-market-research\/\"><span style=\"font-weight: 400;\"> Contactez nous<\/span><\/a><span style=\"font-weight: 400;\"> pour votre prochain projet d&#039;\u00e9tude de march\u00e9.<\/span><\/p>\n\n\n\n<p><\/p>","protected":false},"excerpt":{"rendered":"<p>Market Research in Ottawa, Canada With targeted market research, companies can make strategic decisions that align with local needs and position themselves for success in the nation\u2019s capital. Succeeding in Ottawa\u2019s competitive market requires a deep understanding of its unique economic and cultural dynamics. As a hub for government, tech, and education, Ottawa\u2019s market offers &#8230; <a title=\"\u00c9tude de march\u00e9 \u00e0 Ottawa, Canada\" class=\"read-more\" href=\"https:\/\/www.sisinternational.com\/fr\/couverture\/north-america\/etude-de-marche-canadienne\/etude-de-marche-ottawa-canada\/\" aria-label=\"En savoir plus sur Market Research in Ottawa, Canada\">Lire plus<\/a><\/p>","protected":false},"author":1,"featured_media":65338,"parent":16507,"menu_order":6,"comment_status":"closed","ping_status":"closed","template":"","meta":{"footnotes":""},"class_list":["post-39173","page","type-page","status-publish","has-post-thumbnail"],"_links":{"self":[{"href":"https:\/\/www.sisinternational.com\/fr\/wp-json\/wp\/v2\/pages\/39173","targetHints":{"allow":["GET"]}}],"collection":[{"href":"https:\/\/www.sisinternational.com\/fr\/wp-json\/wp\/v2\/pages"}],"about":[{"href":"https:\/\/www.sisinternational.com\/fr\/wp-json\/wp\/v2\/types\/page"}],"author":[{"embeddable":true,"href":"https:\/\/www.sisinternational.com\/fr\/wp-json\/wp\/v2\/users\/1"}],"replies":[{"embeddable":true,"href":"https:\/\/www.sisinternational.com\/fr\/wp-json\/wp\/v2\/comments?post=39173"}],"version-history":[{"count":7,"href":"https:\/\/www.sisinternational.com\/fr\/wp-json\/wp\/v2\/pages\/39173\/revisions"}],"predecessor-version":[{"id":80072,"href":"https:\/\/www.sisinternational.com\/fr\/wp-json\/wp\/v2\/pages\/39173\/revisions\/80072"}],"up":[{"embeddable":true,"href":"https:\/\/www.sisinternational.com\/fr\/wp-json\/wp\/v2\/pages\/16507"}],"wp:featuredmedia":[{"embeddable":true,"href":"https:\/\/www.sisinternational.com\/fr\/wp-json\/wp\/v2\/media\/65338"}],"wp:attachment":[{"href":"https:\/\/www.sisinternational.com\/fr\/wp-json\/wp\/v2\/media?parent=39173"}],"curies":[{"name":"wp","href":"https:\/\/api.w.org\/{rel}","templated":true}]}}