{"id":39171,"date":"2021-10-28T04:55:36","date_gmt":"2021-10-28T04:55:36","guid":{"rendered":"https:\/\/www.sisinternational.com\/?page_id=39171"},"modified":"2026-01-27T16:38:53","modified_gmt":"2026-01-27T21:38:53","slug":"etude-de-marche-nouvelle-ecosse-canada","status":"publish","type":"page","link":"https:\/\/www.sisinternational.com\/fr\/couverture\/north-america\/etude-de-marche-canadienne\/etude-de-marche-nouvelle-ecosse-canada\/","title":{"rendered":"\u00c9tude de march\u00e9 en Nouvelle-\u00c9cosse"},"content":{"rendered":"<h1 class=\"wp-block-heading\">\u00c9tude de march\u00e9 en Nouvelle-\u00c9cosse<\/h1>\n\n\n\n<figure class=\"gb-block-image gb-block-image-553b9709\"><img loading=\"lazy\" decoding=\"async\" width=\"1456\" height=\"816\" class=\"gb-image gb-image-553b9709\" src=\"https:\/\/www.sisinternational.com\/wp-content\/uploads\/2025\/08\/Nova-Scotia-3.jpg\" alt=\"\u00c9tudes de march\u00e9 et strat\u00e9gie internationales SIS\" title=\"Nova Scotia (3)\" srcset=\"https:\/\/www.sisinternational.com\/wp-content\/uploads\/2025\/08\/Nova-Scotia-3.jpg 1456w, https:\/\/www.sisinternational.com\/wp-content\/uploads\/2025\/08\/Nova-Scotia-3-300x168.jpg 300w, https:\/\/www.sisinternational.com\/wp-content\/uploads\/2025\/08\/Nova-Scotia-3-1024x574.jpg 1024w, https:\/\/www.sisinternational.com\/wp-content\/uploads\/2025\/08\/Nova-Scotia-3-768x430.jpg 768w, https:\/\/www.sisinternational.com\/wp-content\/uploads\/2025\/08\/Nova-Scotia-3-18x10.jpg 18w\" sizes=\"auto, (max-width: 1456px) 100vw, 1456px\"><\/figure>\n\n\n\n<p><\/p>\n\n\n\n<hr class=\"wp-block-separator has-alpha-channel-opacity is-style-dots\"\/>\n\n\n\n<h3 class=\"wp-block-heading\"><span style=\"font-weight: 400;\">Avec des secteurs cl\u00e9s comme les fruits de mer, le tourisme et la technologie qui stimulent la croissance, la Nouvelle-\u00c9cosse pr\u00e9sente de nombreuses opportunit\u00e9s pour les entreprises d\u00e9sireuses d\u2019investir dans la compr\u00e9hension du march\u00e9.&nbsp;<\/span><\/h3>\n\n\n\n<p><span style=\"font-weight: 400;\">Exploitez-vous pleinement les possibilit\u00e9s du march\u00e9 en Nouvelle-\u00c9cosse? Les \u00e9tudes de march\u00e9 en Nouvelle-\u00c9cosse fournissent aux entreprises les informations dont elles ont besoin pour s&#039;orienter dans le paysage \u00e9conomique diversifi\u00e9 de la province. Les entreprises qui investissent dans la compr\u00e9hension des conditions du march\u00e9 local sont mieux plac\u00e9es pour r\u00e9ussir dans ce paysage concurrentiel.<\/span><\/p>\n\n\n\n<h2 class=\"wp-block-heading\"><strong>Qu\u2019est-ce que l\u2019\u00e9tude de march\u00e9 en Nouvelle-\u00c9cosse?<\/strong><\/h2>\n\n\n\n<p><span style=\"font-weight: 400;\">Les \u00e9tudes de march\u00e9 en Nouvelle-\u00c9cosse sont essentielles pour les entreprises qui cherchent \u00e0 comprendre les comportements des consommateurs locaux, les tendances du secteur et les environnements concurrentiels. L&#039;\u00e9conomie de la Nouvelle-\u00c9cosse, caract\u00e9ris\u00e9e par un m\u00e9lange d&#039;industries traditionnelles comme la p\u00eache et la foresterie et de secteurs \u00e9mergents comme la technologie, l&#039;\u00e9nergie renouvelable et les services num\u00e9riques, pr\u00e9sente \u00e0 la fois des opportunit\u00e9s et des d\u00e9fis qui n\u00e9cessitent des analyses d\u00e9taill\u00e9es du march\u00e9.<\/span><\/p>\n\n\n\n<p><span style=\"font-weight: 400;\">Ce <a href=\"https:\/\/www.sisinternational.com\/fr\/competence\/les-industries\/etude-de-marche-du-fret-2\/\" title=\"\u00c9tude de march\u00e9 du fret \u2014 Transit et exp\u00e9dition de fret\"  data-wpil-monitor-id=\"6505\">market<\/a> research helps companies identify critical market drivers such as the province\u2019s strategic location along major shipping routes and its growing focus on sustainable practices. It also addresses regional challenges like the need to diversify beyond resource-based industries and the impact of global economic shifts on local markets.&nbsp;<\/span><\/p>\n\n\n\n<h2 class=\"wp-block-heading\"><strong>Pourquoi les entreprises ont-elles besoin d\u2019\u00e9tudes de march\u00e9 en Nouvelle-\u00c9cosse\u00a0?<\/strong><\/h2>\n\n\n\n<p><span style=\"font-weight: 400;\">L\u2019une des principales raisons pour lesquelles il est important de mener des \u00e9tudes de march\u00e9 en Nouvelle-\u00c9cosse est l\u2019importance que la province accorde \u00e0 l\u2019innovation et au d\u00e9veloppement durable. Alors que la Nouvelle-\u00c9cosse continue d\u2019investir dans des projets d\u2019\u00e9nergie propre et des p\u00f4les technologiques, les entreprises doivent se tenir au courant de ces changements pour rester comp\u00e9titives. Les \u00e9tudes de march\u00e9 aident les entreprises \u00e0 comprendre l\u2019impact de ces tendances sur la demande des consommateurs et les normes de l\u2019industrie, ce qui leur permet d\u2019adapter leurs strat\u00e9gies en cons\u00e9quence.<\/span><\/p>\n\n\n\n<p><span style=\"font-weight: 400;\">De plus, les \u00e9tudes de march\u00e9 en Nouvelle-\u00c9cosse abordent des d\u00e9fis particuliers tels que les fluctuations du march\u00e9 du travail et l\u2019impact \u00e9conomique des industries saisonni\u00e8res comme le tourisme. En analysant ces facteurs, les entreprises peuvent mieux anticiper les changements et \u00e9laborer des strat\u00e9gies qui renforcent la r\u00e9silience.&nbsp;<\/span><\/p>\n\n\n\n<h2 class=\"wp-block-heading\"><strong>Notre analyse actuelle du march\u00e9 et nos recommandations<\/strong><\/h2>\n\n\n\n<p><span style=\"font-weight: 400;\">Chez SIS International, nous croyons que la combinaison d&#039;industries traditionnelles et \u00e9mergentes de la Nouvelle-\u00c9cosse pr\u00e9sente un ensemble distinct d&#039;opportunit\u00e9s pour les entreprises d\u00e9sireuses d&#039;investir dans la compr\u00e9hension du march\u00e9. Notre analyse actuelle met en \u00e9vidence des secteurs de croissance tels que l&#039;\u00e9nergie renouvelable, l&#039;aquaculture et la technologie, o\u00f9 les entreprises peuvent tirer parti des atouts locaux et du soutien gouvernemental pour assurer leur r\u00e9ussite. En se concentrant sur ces secteurs, les entreprises peuvent se positionner comme chefs de file dans le paysage \u00e9conomique de la Nouvelle-\u00c9cosse.<\/span><\/p>\n\n\n\n<h2 class=\"wp-block-heading\"><strong>Aper\u00e7us r\u00e9gionaux sur la Nouvelle-\u00c9cosse<\/strong><\/h2>\n\n\n\n<figure class=\"gb-block-image gb-block-image-efad2b0b\"><img loading=\"lazy\" decoding=\"async\" width=\"1456\" height=\"816\" class=\"gb-image gb-image-efad2b0b\" src=\"https:\/\/www.sisinternational.com\/wp-content\/uploads\/2025\/08\/Nova-Scotia-2.jpg\" alt=\"\u00c9tudes de march\u00e9 et strat\u00e9gie internationales SIS\" title=\"Nova Scotia (2)\" srcset=\"https:\/\/www.sisinternational.com\/wp-content\/uploads\/2025\/08\/Nova-Scotia-2.jpg 1456w, https:\/\/www.sisinternational.com\/wp-content\/uploads\/2025\/08\/Nova-Scotia-2-300x168.jpg 300w, https:\/\/www.sisinternational.com\/wp-content\/uploads\/2025\/08\/Nova-Scotia-2-1024x574.jpg 1024w, https:\/\/www.sisinternational.com\/wp-content\/uploads\/2025\/08\/Nova-Scotia-2-768x430.jpg 768w, https:\/\/www.sisinternational.com\/wp-content\/uploads\/2025\/08\/Nova-Scotia-2-18x10.jpg 18w\" sizes=\"auto, (max-width: 1456px) 100vw, 1456px\"><\/figure>\n\n\n\n<p><\/p>\n\n\n\n<p><span style=\"font-weight: 400;\">The province\u2019s strategic location on Canada\u2019s Atlantic coast makes it a critical gateway for trade and shipping, connecting North America to Europe and beyond. This positioning offers significant advantages for industries such as logistics, shipbuilding, and seafood export, but it also presents challenges, including higher <a href=\"https:\/\/www.sisinternational.com\/fr\/transport-en-ambulance\/\" title=\"\u00c9tude de march\u00e9 sur le transport ambulancier\"  data-wpil-monitor-id=\"6977\">transportation costs and vulnerability to global market<\/a> shifts.&nbsp;<\/span><\/p>\n\n\n\n<p><span style=\"font-weight: 400;\">Les facteurs culturels jouent \u00e9galement un r\u00f4le important dans la dynamique du march\u00e9 de la Nouvelle-\u00c9cosse. Avec un riche patrimoine maritime, une communaut\u00e9 artistique dynamique et une forte fiert\u00e9 locale, les entreprises qui alignent leurs marques et leurs messages sur les valeurs r\u00e9gionales connaissent souvent plus de succ\u00e8s. Il est essentiel de comprendre ces nuances culturelles pour les entreprises qui cherchent \u00e0 \u00e9tablir des liens authentiques avec les consommateurs n\u00e9o-\u00e9cossais. Les \u00e9tudes de march\u00e9 fournissent les informations n\u00e9cessaires pour adapter les produits, les services et les strat\u00e9gies de marketing qui trouvent un \u00e9cho aupr\u00e8s du public local.<\/span><\/p>\n\n\n\n<p><span style=\"font-weight: 400;\">De plus, Halifax, la capitale de la province, est le moteur \u00e9conomique de la province, stimulant la croissance dans des secteurs comme la technologie, la finance et l&#039;\u00e9ducation. En revanche, les zones rurales se concentrent davantage sur les industries traditionnelles comme l&#039;agriculture, la p\u00eache et le tourisme.&nbsp;<\/span><\/p>\n\n\n\n<h2 class=\"wp-block-heading\"><strong>Facteurs moteurs du march\u00e9 en Nouvelle-\u00c9cosse<\/strong><\/h2>\n\n\n\n<p><span style=\"font-weight: 400;\">L\u2019un des principaux moteurs est la <\/span><b>se concentrer sur les initiatives en mati\u00e8re de durabilit\u00e9 et d&#039;\u00e9nergie verte<\/b><span style=\"font-weight: 400;\">. Nova Scotia has set ambitious targets for reducing greenhouse gas emissions, which is propelling investment in renewable <a href=\"https:\/\/www.sisinternational.com\/fr\/autant-en-emporte-le-vent-la-crise-financiere-et-lenergie-eolienne\/\" title=\"Emport\u00e9 par le vent? La crise financi\u00e8re et l\u2019\u00e9nergie \u00e9olienne\"  data-wpil-monitor-id=\"7512\">energy projects like wind<\/a>, tidal, and solar power. Market research in Nova Scotia helps companies identify opportunities within this sector, guiding strategic investments and partnerships in sustainable energy solutions.<\/span><\/p>\n\n\n\n<p><span style=\"font-weight: 400;\">Le <\/span><b>secteur de la technologie et de l&#039;innovation<\/b><span style=\"font-weight: 400;\"> est un autre moteur important, soutenu par un \u00e9cosyst\u00e8me de startups florissant et un acc\u00e8s au financement et aux talents. Avec des organisations comme <\/span><b>Volta <\/b><span style=\"font-weight: 400;\">et <\/span><b>Innovacorp <\/b><span style=\"font-weight: 400;\">favorisant l\u2019innovation, la province devient une plaque tournante pour les entreprises technologiques sp\u00e9cialis\u00e9es dans le d\u00e9veloppement de logiciels, la cybers\u00e9curit\u00e9 et le marketing num\u00e9rique.&nbsp;<\/span><\/p>\n\n\n\n<p><b>Tourisme et patrimoine culturel<\/b><span style=\"font-weight: 400;\"> Les activit\u00e9s touristiques stimulent \u00e9galement la croissance \u00e9conomique, attirant des visiteurs vers les paysages pittoresques, les sites historiques et la sc\u00e8ne artistique dynamique de la Nouvelle-\u00c9cosse. Cet afflux de touristes stimule les entreprises locales, de l&#039;h\u00e9bergement au commerce de d\u00e9tail et \u00e0 la restauration. Comprendre l&#039;\u00e9volution des pr\u00e9f\u00e9rences des voyageurs gr\u00e2ce aux \u00e9tudes de march\u00e9 permet aux entreprises d&#039;adapter leurs services et d&#039;am\u00e9liorer l&#039;exp\u00e9rience des visiteurs, renfor\u00e7ant ainsi la r\u00e9putation de la Nouvelle-\u00c9cosse en tant que destination touristique de premier ordre.<\/span><\/p>\n\n\n\n<h2 class=\"wp-block-heading\"><strong>Restrictions du march\u00e9 en Nouvelle-\u00c9cosse<\/strong><\/h2>\n\n\n\n<p><span style=\"font-weight: 400;\">Une contrainte importante est la <\/span><b>nature saisonni\u00e8re des industries cl\u00e9s<\/b><span style=\"font-weight: 400;\">, comme le tourisme et la p\u00eache. Ces industries connaissent des p\u00e9riodes de pointe qui g\u00e9n\u00e8rent des revenus importants, mais elles doivent \u00e9galement faire face \u00e0 des p\u00e9riodes creuses qui peuvent entra\u00eener des ralentissements \u00e9conomiques. Les \u00e9tudes de march\u00e9 en Nouvelle-\u00c9cosse aident les entreprises \u00e0 g\u00e9rer ces fluctuations saisonni\u00e8res en identifiant des activit\u00e9s compl\u00e9mentaires, en diversifiant les sources de revenus et en optimisant l&#039;efficacit\u00e9 op\u00e9rationnelle tout au long de l&#039;ann\u00e9e.<\/span><\/p>\n\n\n\n<p><b>Acc\u00e8s limit\u00e9 \u00e0 la main d\u2019\u0153uvre qualifi\u00e9e<\/b><span style=\"font-weight: 400;\"> La p\u00e9nurie de main-d&#039;\u0153uvre est une autre contrainte qui affecte des secteurs comme la technologie, la fabrication et les soins de sant\u00e9. La population relativement faible de la Nouvelle-\u00c9cosse et l&#039;exode des jeunes talents vers d&#039;autres provinces cr\u00e9ent un march\u00e9 du travail serr\u00e9, ce qui rend difficile pour les entreprises d&#039;attirer et de retenir des travailleurs qualifi\u00e9s. Cette p\u00e9nurie peut freiner la croissance, en particulier pour les jeunes entreprises technologiques et les entreprises qui d\u00e9pendent de comp\u00e9tences sp\u00e9cialis\u00e9es.&nbsp;<\/span><\/p>\n\n\n\n<p><b>Isolement g\u00e9ographique et co\u00fbts de transport \u00e9lev\u00e9s<\/b><span style=\"font-weight: 400;\"> Les difficult\u00e9s li\u00e9es \u00e0 la logistique posent \u00e9galement des d\u00e9fis aux entreprises, en particulier celles qui \u0153uvrent dans le secteur de la fabrication et de l&#039;exportation. La situation de la province sur la c\u00f4te est du Canada augmente les d\u00e9penses logistiques, ce qui affecte les cha\u00eenes d&#039;approvisionnement et les prix des produits. Les \u00e9tudes de march\u00e9 donnent un aper\u00e7u des strat\u00e9gies de distribution efficaces, des fournisseurs locaux potentiels et des mesures d&#039;\u00e9conomie de co\u00fbts qui peuvent att\u00e9nuer l&#039;impact de ces d\u00e9fis logistiques, aidant ainsi les entreprises \u00e0 rester comp\u00e9titives sur le march\u00e9 n\u00e9o-\u00e9cossais.<\/span><\/p>\n\n\n\n<h2 class=\"wp-block-heading\"><strong>Comment les \u00e9tudes de march\u00e9 de SIS International en Nouvelle-\u00c9cosse aident les entreprises<\/strong><\/h2>\n\n\n\n<p><span style=\"font-weight: 400;\">\u00c0 <\/span><a href=\"https:\/\/www.linkedin.com\/company\/sisinternationalresearch\/\" target=\"_blank\" rel=\"noopener\"><span style=\"font-weight: 400;\">SIS International<\/span><\/a><span style=\"font-weight: 400;\">, nos \u00e9tudes de march\u00e9 en Nouvelle-\u00c9cosse fournissent aux entreprises les informations essentielles dont elles ont besoin pour prosp\u00e9rer sur ce march\u00e9 diversifi\u00e9 et en constante \u00e9volution. Nous nous effor\u00e7ons de fournir des donn\u00e9es compl\u00e8tes qui aident les entreprises \u00e0 prendre des d\u00e9cisions \u00e9clair\u00e9es, \u00e0 optimiser leurs strat\u00e9gies et \u00e0 atteindre un succ\u00e8s durable. Nos \u00e9tudes de march\u00e9 en Nouvelle-\u00c9cosse couvrent tous les aspects de l&#039;environnement de march\u00e9 unique de la Nouvelle-\u00c9cosse, des tendances de l&#039;industrie aux comportements des consommateurs, offrant ainsi un avantage strat\u00e9gique \u00e0 nos clients.<\/span><\/p>\n\n\n\n<p><b>Planification strat\u00e9gique am\u00e9lior\u00e9e\u00a0:<\/b><span style=\"font-weight: 400;\">&nbsp;<\/span><\/p>\n\n\n\n<p><span style=\"font-weight: 400;\">Nos \u00e9tudes de march\u00e9 en Nouvelle-\u00c9cosse permettent aux entreprises de comprendre le paysage \u00e9conomique distinctif de la Nouvelle-\u00c9cosse, leur permettant d&#039;\u00e9laborer des strat\u00e9gies adapt\u00e9es aux conditions de march\u00e9 sp\u00e9cifiques de la province.&nbsp;<\/span><\/p>\n\n\n\n<p><b>Augmentation des revenus et retour sur investissement am\u00e9lior\u00e9\u00a0:<\/b><span style=\"font-weight: 400;\">&nbsp;<\/span><\/p>\n\n\n\n<p><span style=\"font-weight: 400;\">En identifiant les secteurs \u00e0 forte croissance et les opportunit\u00e9s \u00e9mergentes, les \u00e9tudes de march\u00e9 de SIS International aident les entreprises \u00e0 concentrer leurs efforts l\u00e0 o\u00f9 elles sont les plus susceptibles de g\u00e9n\u00e9rer des b\u00e9n\u00e9fices. Notre analyse d\u00e9taill\u00e9e de la dynamique du march\u00e9, de la demande des consommateurs et du positionnement concurrentiel permet aux entreprises d&#039;optimiser leurs investissements et d&#039;am\u00e9liorer leur rentabilit\u00e9.<\/span><\/p>\n\n\n\n<p><b>R\u00e9duction des risques et am\u00e9lioration de l\u2019efficacit\u00e9 du marketing :<\/b><span style=\"font-weight: 400;\">&nbsp;<\/span><\/p>\n\n\n\n<p><span style=\"font-weight: 400;\">Nous aidons les entreprises \u00e0 att\u00e9nuer les risques en mettant en \u00e9vidence les contraintes potentielles du march\u00e9, comme les changements r\u00e9glementaires ou les changements de conditions \u00e9conomiques. SIS peaufine les strat\u00e9gies de marketing, en veillant \u00e0 ce que les entreprises puissent atteindre efficacement leurs publics cibles en Nouvelle-\u00c9cosse, en stimulant l&#039;engagement et en augmentant la part de march\u00e9.<\/span><\/p>\n\n\n\n<p><b>Croissance et innovation acc\u00e9l\u00e9r\u00e9es\u00a0:<\/b><span style=\"font-weight: 400;\">&nbsp;<\/span><\/p>\n\n\n\n<p><span style=\"font-weight: 400;\">Nos \u00e9tudes de march\u00e9 en Nouvelle-\u00c9cosse r\u00e9v\u00e8lent les derni\u00e8res tendances et innovations au sein des secteurs cl\u00e9s de la province, de l&#039;\u00e9nergie renouvelable \u00e0 la technologie. En devan\u00e7ant ces tendances, les entreprises peuvent innover plus rapidement, am\u00e9liorer leurs offres et tirer parti des nouvelles opportunit\u00e9s du march\u00e9.<\/span><\/p>\n\n\n\n<h2 class=\"wp-block-heading\">Raisons de faire des affaires en Nouvelle-\u00c9cosse<\/h2>\n\n\n\n<p>La Nouvelle-\u00c9cosse a r\u00e9cemment lanc\u00e9 un effort de marketing visant \u00e0 inciter les ressortissants \u00e9trangers et les Canadiens \u00e0 \u00e9migrer dans la r\u00e9gion. La province est \u00e0 la recherche d&#039;investisseurs. Il souhaite \u00e9galement que des travailleurs qualifi\u00e9s et instruits vivent et travaillent en Nouvelle-\u00c9cosse. C&#039;est un endroit \u00e0 consid\u00e9rer si vous souhaitez d\u00e9marrer une entreprise.<\/p>\n\n\n\n<p>De plus, en Nouvelle-\u00c9cosse, les employ\u00e9s \u00e9trangers peuvent d\u00e9couvrir d&#039;excellentes options d&#039;emploi dans un magnifique paysage naturel avec un niveau de vie \u00e9lev\u00e9. De plus, la province a mis en place diverses fili\u00e8res d&#039;immigration. C&#039;est d\u00e9sormais une autre excellente option pour les \u00e9trangers qui souhaitent vivre et travailler \u00e0 l&#039;\u00e9tranger. L&#039;objectif est de permettre l&#039;immigration d&#039;affaires et de rem\u00e9dier davantage aux p\u00e9nuries de main-d&#039;\u0153uvre dans la province.<\/p>\n\n\n\n<p>Cette r\u00e9gion calme et \u00e9quitable a une bonne \u00e9conomie. La politique amicale des visas de ce pays en fait \u00e9galement une r\u00e9sidence id\u00e9ale.<\/p>\n\n\n\n<h2 class=\"wp-block-heading\">\u00c9tude de march\u00e9 en Nouvelle-\u00c9cosse&nbsp;<\/h2>\n\n\n\n<p>Il est essentiel de mener des recherches quantitatives, qualitatives et strat\u00e9giques. Un autre point cl\u00e9 est que les groupes de discussion peuvent r\u00e9v\u00e9ler les v\u00e9ritables points de vue et opinions du client. En fait, les investisseurs devraient \u00e9galement interroger les clients potentiels pour garantir l\u2019approbation de l\u2019entr\u00e9e. La m\u00e9thode d&#039;entr\u00e9e sur le march\u00e9 en Nouvelle-\u00c9cosse est semblable \u00e0 celle de nombreux autres pays. Il faut d&#039;abord se rendre en province. Votre entreprise peut nouer des contacts utiles dans l&#039;industrie lors d&#039;une visite. Ces contacts peuvent vous aider \u00e0 r\u00e9ussir sur le march\u00e9.<\/p>\n\n\n\n<h2 class=\"wp-block-heading\">\u00c0 propos de SIS International<\/h2>\n\n\n\n<p><a href=\"https:\/\/www.sisinternational.com\/fr\/\">SIS International<\/a> propose des recherches quantitatives, qualitatives et strat\u00e9giques. Nous fournissons des donn\u00e9es, des outils, des strat\u00e9gies, des rapports et des informations pour la prise de d\u00e9cision. Nous menons \u00e9galement des entretiens, des enqu\u00eates, des groupes de discussion et d\u2019autres m\u00e9thodes et approches d\u2019\u00e9tudes de march\u00e9.<a href=\"https:\/\/www.sisinternational.com\/fr\/a-propos-de-la-recherche-internationale-sis\/contact-sis-international-market-research\/\"> Contactez nous<\/a> pour votre prochain projet d&#039;\u00e9tude de march\u00e9.<\/p>\n\n\n\n<p><\/p>","protected":false},"excerpt":{"rendered":"<p>Market Research in Nova Scotia With key sectors like seafood, tourism, and technology driving growth, Nova Scotia presents numerous opportunities for companies willing to invest in market understanding.&nbsp; Are you fully leveraging the market opportunities in Nova Scotia? Market research in Nova Scotia provides the insights businesses need to navigate the province\u2019s diverse economic landscape &#8230; <a title=\"\u00c9tude de march\u00e9 en Nouvelle-\u00c9cosse\" class=\"read-more\" href=\"https:\/\/www.sisinternational.com\/fr\/couverture\/north-america\/etude-de-marche-canadienne\/etude-de-marche-nouvelle-ecosse-canada\/\" aria-label=\"En savoir plus sur Market Research in Nova Scotia\">Lire plus<\/a><\/p>","protected":false},"author":1,"featured_media":65332,"parent":16507,"menu_order":5,"comment_status":"closed","ping_status":"closed","template":"","meta":{"footnotes":""},"class_list":["post-39171","page","type-page","status-publish","has-post-thumbnail"],"_links":{"self":[{"href":"https:\/\/www.sisinternational.com\/fr\/wp-json\/wp\/v2\/pages\/39171","targetHints":{"allow":["GET"]}}],"collection":[{"href":"https:\/\/www.sisinternational.com\/fr\/wp-json\/wp\/v2\/pages"}],"about":[{"href":"https:\/\/www.sisinternational.com\/fr\/wp-json\/wp\/v2\/types\/page"}],"author":[{"embeddable":true,"href":"https:\/\/www.sisinternational.com\/fr\/wp-json\/wp\/v2\/users\/1"}],"replies":[{"embeddable":true,"href":"https:\/\/www.sisinternational.com\/fr\/wp-json\/wp\/v2\/comments?post=39171"}],"version-history":[{"count":7,"href":"https:\/\/www.sisinternational.com\/fr\/wp-json\/wp\/v2\/pages\/39171\/revisions"}],"predecessor-version":[{"id":81138,"href":"https:\/\/www.sisinternational.com\/fr\/wp-json\/wp\/v2\/pages\/39171\/revisions\/81138"}],"up":[{"embeddable":true,"href":"https:\/\/www.sisinternational.com\/fr\/wp-json\/wp\/v2\/pages\/16507"}],"wp:featuredmedia":[{"embeddable":true,"href":"https:\/\/www.sisinternational.com\/fr\/wp-json\/wp\/v2\/media\/65332"}],"wp:attachment":[{"href":"https:\/\/www.sisinternational.com\/fr\/wp-json\/wp\/v2\/media?parent=39171"}],"curies":[{"name":"wp","href":"https:\/\/api.w.org\/{rel}","templated":true}]}}