{"id":39169,"date":"2021-10-28T04:52:14","date_gmt":"2021-10-28T04:52:14","guid":{"rendered":"https:\/\/www.sisinternational.com\/?page_id=39169"},"modified":"2026-01-25T16:52:30","modified_gmt":"2026-01-25T21:52:30","slug":"etude-de-marche-a-terre-neuve-et-labrador","status":"publish","type":"page","link":"https:\/\/www.sisinternational.com\/fr\/couverture\/north-america\/etude-de-marche-canadienne\/etude-de-marche-a-terre-neuve-et-labrador\/","title":{"rendered":"\u00c9tude de march\u00e9 \u00e0 Terre-Neuve-et-Labrador"},"content":{"rendered":"<h1 class=\"wp-block-heading\">\u00c9tude de march\u00e9 \u00e0 Terre-Neuve-et-Labrador<\/h1>\n\n\n\n<figure class=\"gb-block-image gb-block-image-f91a9ecd\"><img loading=\"lazy\" decoding=\"async\" width=\"1456\" height=\"816\" class=\"gb-image gb-image-f91a9ecd\" src=\"https:\/\/www.sisinternational.com\/wp-content\/uploads\/2025\/08\/Newfoundland-and-Labrador-2.jpg\" alt=\"\u00c9tudes de march\u00e9 et strat\u00e9gie internationales SIS\" title=\"Newfoundland and Labrador (2)\" srcset=\"https:\/\/www.sisinternational.com\/wp-content\/uploads\/2025\/08\/Newfoundland-and-Labrador-2.jpg 1456w, https:\/\/www.sisinternational.com\/wp-content\/uploads\/2025\/08\/Newfoundland-and-Labrador-2-300x168.jpg 300w, https:\/\/www.sisinternational.com\/wp-content\/uploads\/2025\/08\/Newfoundland-and-Labrador-2-1024x574.jpg 1024w, https:\/\/www.sisinternational.com\/wp-content\/uploads\/2025\/08\/Newfoundland-and-Labrador-2-768x430.jpg 768w, https:\/\/www.sisinternational.com\/wp-content\/uploads\/2025\/08\/Newfoundland-and-Labrador-2-18x10.jpg 18w\" sizes=\"auto, (max-width: 1456px) 100vw, 1456px\"><\/figure>\n\n\n\n<p><\/p>\n\n\n\n<hr class=\"wp-block-separator has-alpha-channel-opacity is-style-dots\"\/>\n\n\n\n<h3 class=\"wp-block-heading\"><span style=\"font-weight: 400;\">L\u2019exploration du paysage des \u00e9tudes de march\u00e9 \u00e0 Terre-Neuve-et-Labrador r\u00e9v\u00e8le une province remplie d\u2019opportunit\u00e9s uniques et de d\u00e9fis complexes.<\/span><\/h3>\n\n\n\n<p><span style=\"font-weight: 400;\">Comprendre les subtilit\u00e9s des \u00e9tudes de march\u00e9 \u00e0 Terre-Neuve-et-Labrador peut offrir un avantage concurrentiel consid\u00e9rable. Cela permet aux entreprises de disposer des donn\u00e9es n\u00e9cessaires pour prosp\u00e9rer sur ce march\u00e9 riche en ressources, mais difficile.<\/span><\/p>\n\n\n\n<h2 class=\"wp-block-heading\"><strong>Qu\u2019est-ce que l\u2019\u00e9tude de march\u00e9 \u00e0 Terre-Neuve-et-Labrador?<\/strong><\/h2>\n\n\n\n<p><span style=\"font-weight: 400;\">Les \u00e9tudes de march\u00e9 \u00e0 Terre-Neuve-et-Labrador visent \u00e0 comprendre le paysage \u00e9conomique, caract\u00e9ris\u00e9 par sa d\u00e9pendance aux ressources naturelles telles que le p\u00e9trole, la p\u00eache et l\u2019exploitation mini\u00e8re, ainsi qu\u2019aux secteurs \u00e9mergents comme le tourisme et la technologie.<\/span><\/p>\n\n\n\n<p><span style=\"font-weight: 400;\">L\u2019objectif des \u00e9tudes de march\u00e9 \u00e0 Terre-Neuve-et-Labrador est de fournir aux entreprises des informations exploitables qui peuvent \u00e9clairer les d\u00e9cisions strat\u00e9giques, depuis l\u2019entr\u00e9e sur le march\u00e9 et le d\u00e9veloppement de produits jusqu\u2019aux strat\u00e9gies de marketing et de vente.&nbsp;<\/span><\/p>\n\n\n\n<h2 class=\"wp-block-heading\"><strong>Pourquoi les entreprises ont-elles besoin d\u2019\u00e9tudes de march\u00e9 \u00e0 Terre-Neuve-et-Labrador\u00a0?<\/strong><\/h2>\n\n\n\n<p><span style=\"font-weight: 400;\">L\u2019une des principales raisons pour lesquelles les entreprises ont besoin d\u2019une \u00e9tude de march\u00e9 \u00e0 Terre-Neuve-et-Labrador est de comprendre le comportement des consommateurs dans une r\u00e9gion marqu\u00e9e \u00e0 la fois par des valeurs traditionnelles et des influences modernes. Il est \u00e9galement essentiel d\u2019\u00e9valuer le paysage concurrentiel. Avec un m\u00e9lange d\u2019entreprises locales \u00e9tablies et de nouveaux entrants, il est essentiel de comprendre le fonctionnement des concurrents, leur part de march\u00e9 et ce qui les distingue.&nbsp;<\/span><\/p>\n\n\n\n<p><span style=\"font-weight: 400;\">Enfin, les entreprises comptent sur les \u00e9tudes de march\u00e9 pour \u00e9clairer leurs d\u00e9cisions strat\u00e9giques en p\u00e9riode de transition \u00e9conomique, comme les changements dans le secteur de l&#039;\u00e9nergie ou la croissance des industries technologiques dans les centres urbains comme St. John&#039;s. En se tenant inform\u00e9es des conditions du march\u00e9 et en anticipant les tendances futures, les entreprises peuvent apporter des ajustements proactifs \u00e0 leurs mod\u00e8les d&#039;affaires, s&#039;assurant ainsi de rester pertinentes et r\u00e9silientes sur le march\u00e9 dynamique de Terre-Neuve-et-Labrador.<\/span><\/p>\n\n\n\n<h2 class=\"wp-block-heading\"><strong>Quand effectuer une \u00e9tude de march\u00e9 \u00e0 Terre-Neuve-et-Labrador<\/strong><\/h2>\n\n\n\n<p><span style=\"font-weight: 400;\">L&#039;un des moments les plus importants pour r\u00e9aliser une \u00e9tude de march\u00e9 est la p\u00e9riode d&#039;entr\u00e9e sur le march\u00e9. Cette \u00e9tude initiale aide les entreprises \u00e0 comprendre les conditions \u00e9conomiques locales, le paysage concurrentiel et les pr\u00e9f\u00e9rences des consommateurs, garantissant ainsi un lancement sur le march\u00e9 plus fluide et plus r\u00e9ussi.<\/span><\/p>\n\n\n\n<p><span style=\"font-weight: 400;\">Another key <a href=\"https:\/\/www.sisinternational.com\/fr\/etude-de-marche-sur-les-moments-de-verite\/\" title=\"\u00c9tude de march\u00e9 sur les moments de v\u00e9rit\u00e9\"  data-wpil-monitor-id=\"1001\">moment for conducting market research<\/a> in Newfoundland and Labrador is during product development or the introduction of new services. This <a href=\"https:\/\/www.sisinternational.com\/fr\/couverture\/leurope-%ef%83%97\/etude-de-marche-sur-le-vatican\/\" title=\"Etude de march\u00e9 au Vatican\"  data-wpil-monitor-id=\"3775\">research is invaluable in assessing market<\/a> readiness, identifying potential customer pain points, and determining the optimal pricing strategy. For instance, companies in the tourism sector can use market research to tailor new experiences that align with the latest travel trends and customer expectations in Newfoundland and Labrador.<\/span><\/p>\n\n\n\n<p><span style=\"font-weight: 400;\">Les \u00e9tudes de march\u00e9 sont \u00e9galement cruciales en p\u00e9riode de changement \u00e9conomique ou d\u2019incertitude. \u00c0 Terre-Neuve-et-Labrador, o\u00f9 des secteurs comme l\u2019exploitation p\u00e9troli\u00e8re et gazi\u00e8re extrac\u00f4ti\u00e8re ou l\u2019\u00e9nergie renouvelable sont tr\u00e8s dynamiques, des recherches opportunes peuvent fournir les informations n\u00e9cessaires pour prendre des d\u00e9cisions strat\u00e9giques en toute confiance.<\/span><\/p>\n\n\n\n<figure class=\"gb-block-image gb-block-image-2be3297b\"><img loading=\"lazy\" decoding=\"async\" width=\"1456\" height=\"816\" class=\"gb-image gb-image-2be3297b\" src=\"https:\/\/www.sisinternational.com\/wp-content\/uploads\/2025\/08\/Newfoundland-and-Labrador-3.jpg\" alt=\"\u00c9tudes de march\u00e9 et strat\u00e9gie internationales SIS\" title=\"Newfoundland and Labrador (3)\" srcset=\"https:\/\/www.sisinternational.com\/wp-content\/uploads\/2025\/08\/Newfoundland-and-Labrador-3.jpg 1456w, https:\/\/www.sisinternational.com\/wp-content\/uploads\/2025\/08\/Newfoundland-and-Labrador-3-300x168.jpg 300w, https:\/\/www.sisinternational.com\/wp-content\/uploads\/2025\/08\/Newfoundland-and-Labrador-3-1024x574.jpg 1024w, https:\/\/www.sisinternational.com\/wp-content\/uploads\/2025\/08\/Newfoundland-and-Labrador-3-768x430.jpg 768w, https:\/\/www.sisinternational.com\/wp-content\/uploads\/2025\/08\/Newfoundland-and-Labrador-3-18x10.jpg 18w\" sizes=\"auto, (max-width: 1456px) 100vw, 1456px\"><\/figure>\n\n\n\n<p><\/p>\n\n\n\n<h2 class=\"wp-block-heading\"><strong>Notre analyse actuelle du march\u00e9 et nos recommandations<\/strong><\/h2>\n\n\n\n<p><span style=\"font-weight: 400;\">Chez SIS International, nous surveillons de pr\u00e8s la dynamique du march\u00e9 de Terre-Neuve-et-Labrador afin de fournir des informations exploitables qui favorisent la r\u00e9ussite des entreprises. Nous recommandons aux entreprises op\u00e9rant dans cette r\u00e9gion d&#039;investir dans des \u00e9tudes de march\u00e9 continues pour rester \u00e0 l&#039;aff\u00fbt des tendances \u00e9conomiques locales et de l&#039;\u00e9volution des comportements des consommateurs. Les \u00e9tudes de march\u00e9 \u00e0 Terre-Neuve-et-Labrador ne se limitent pas \u00e0 la collecte de donn\u00e9es ; il s&#039;agit de transformer les informations en actions strat\u00e9giques qui propulsent les entreprises vers l&#039;avant.<\/span><\/p>\n\n\n\n<p><span style=\"font-weight: 400;\">Nous croyons qu&#039;il est essentiel pour les entreprises qui cherchent \u00e0 prosp\u00e9rer de comprendre les caract\u00e9ristiques uniques du march\u00e9 de Terre-Neuve-et-Labrador, comme sa d\u00e9pendance aux ressources naturelles, ses d\u00e9fis g\u00e9ographiques et son int\u00e9r\u00eat croissant pour les industries durables. Notre analyse du march\u00e9 met en \u00e9vidence des opportunit\u00e9s cl\u00e9s dans des secteurs comme la p\u00eache, le tourisme et les \u00e9nergies renouvelables, o\u00f9 les entreprises peuvent tirer parti des atouts locaux pour obtenir des avantages concurrentiels.<\/span><\/p>\n\n\n\n<h2 class=\"wp-block-heading\"><strong>Principales industries \u00e0 Terre-Neuve-et-Labrador<\/strong><\/h2>\n\n\n\n<p><span style=\"font-weight: 400;\">L&#039;industrie de la p\u00eache et des fruits de mer demeure l&#039;une des plus importantes, contribuant non seulement \u00e0 l&#039;emploi local mais aussi aux exportations internationales. Des entreprises comme <\/span><b>Choix de l&#039;oc\u00e9an International <\/b><span style=\"font-weight: 400;\">et <\/span><b>Les fr\u00e8res Quinlan<\/b><span style=\"font-weight: 400;\"> sont des acteurs de premier plan, moteurs de l\u2019innovation dans les pratiques de p\u00eache durables qui r\u00e9pondent \u00e0 la demande mondiale.<\/span><\/p>\n\n\n\n<p><span style=\"font-weight: 400;\">Le secteur p\u00e9trolier et gazier est un autre pilier de l&#039;\u00e9conomie de Terre-Neuve-et-Labrador. De grandes entreprises comme <\/span><b>ExxonMobil <\/b><span style=\"font-weight: 400;\">et <\/span><b>Husky \u00c9nergie<\/b><span style=\"font-weight: 400;\"> Les soci\u00e9t\u00e9s p\u00e9troli\u00e8res offshore sont actives dans les champs p\u00e9troliers offshore, ce qui leur permet de contribuer de mani\u00e8re substantielle \u00e0 l\u2019\u00e9conomie et d\u2019offrir des possibilit\u00e9s d\u2019emploi. Cependant, en raison des pr\u00e9occupations environnementales croissantes, l\u2019industrie s\u2019oriente progressivement vers des solutions \u00e9nerg\u00e9tiques durables, ce qui ouvre de nouvelles perspectives pour les \u00e9tudes de march\u00e9 \u00e0 Terre-Neuve-et-Labrador.<\/span><\/p>\n\n\n\n<p><span style=\"font-weight: 400;\">Le tourisme joue \u00e9galement un r\u00f4le essentiel, attirant les visiteurs vers les paysages \u00e9poustouflants de la province, sa riche histoire et sa culture dynamique. Les entreprises de ce secteur, des voyagistes locaux aux entreprises d&#039;accueil, b\u00e9n\u00e9ficient grandement de la compr\u00e9hension des tendances du march\u00e9 et des pr\u00e9f\u00e9rences des visiteurs. De plus, les industries \u00e9mergentes comme la technologie et l&#039;\u00e9nergie renouvelable prennent de l&#039;ampleur, offrant de nouvelles possibilit\u00e9s de croissance aux entreprises d\u00e9sireuses d&#039;investir dans des \u00e9tudes de march\u00e9 \u00e0 Terre-Neuve-et-Labrador.<\/span><\/p>\n\n\n\n<h2 class=\"wp-block-heading\"><strong>Les segments connaissant la plus forte croissance \u00e0 Terre-Neuve-et-Labrador<\/strong><\/h2>\n\n\n\n<p><span style=\"font-weight: 400;\">L\u2019un des segments qui conna\u00eet la croissance la plus rapide est celui <\/span><b>secteur des \u00e9nergies renouvelables<\/b><span style=\"font-weight: 400;\">, avec des investissements croissants dans les projets d&#039;\u00e9nergie \u00e9olienne, hydro\u00e9lectrique et mar\u00e9motrice. Les ressources naturelles abondantes de la province offrent de nombreuses possibilit\u00e9s de d\u00e9veloppement \u00e9nerg\u00e9tique durable, ce qui en fait un domaine d&#039;int\u00e9r\u00eat cl\u00e9 pour les entreprises et les investisseurs.&nbsp;<\/span><\/p>\n\n\n\n<p><b>Aquaculture<\/b><span style=\"font-weight: 400;\"> L\u2019aquaculture est un autre secteur en pleine expansion qui vient compl\u00e9ter l\u2019industrie traditionnelle de la p\u00eache. Les entreprises investissent massivement dans les technologies de l\u2019aquaculture et dans les pratiques d\u2019\u00e9levage durables pour r\u00e9pondre \u00e0 la demande mondiale croissante de produits de la mer. Cette croissance transforme Terre-Neuve-et-Labrador en chef de file de la production durable de produits de la mer, ce qui n\u00e9cessite des \u00e9tudes de march\u00e9 d\u00e9taill\u00e9es pour optimiser les op\u00e9rations et explorer de nouveaux march\u00e9s d\u2019exportation.<\/span><\/p>\n\n\n\n<p><span style=\"font-weight: 400;\">Le <\/span><b>secteur de la technologie et de l&#039;innovation<\/b><span style=\"font-weight: 400;\"> Le secteur des technologies de l\u2019information prend \u00e9galement de l\u2019ampleur, notamment dans des domaines comme le d\u00e9veloppement de logiciels, la cybers\u00e9curit\u00e9 et la technologie financi\u00e8re. Avec des entreprises comme Verafin qui donnent le ton, l\u2019industrie technologique positionne Terre-Neuve-et-Labrador comme un acteur comp\u00e9titif sur la sc\u00e8ne nationale et mondiale.&nbsp;<\/span><\/p>\n\n\n\n<h2 class=\"wp-block-heading\"><strong>Principales attractions touristiques \u00e0 Terre-Neuve-et-Labrador<\/strong><\/h2>\n\n\n\n<figure class=\"gb-block-image gb-block-image-096e1a30\"><img loading=\"lazy\" decoding=\"async\" width=\"1456\" height=\"816\" class=\"gb-image gb-image-096e1a30\" src=\"https:\/\/www.sisinternational.com\/wp-content\/uploads\/2025\/08\/Newfoundland-and-Labrador-1.jpg\" alt=\"\u00c9tudes de march\u00e9 et strat\u00e9gie internationales SIS\" title=\"Newfoundland and Labrador (1)\" srcset=\"https:\/\/www.sisinternational.com\/wp-content\/uploads\/2025\/08\/Newfoundland-and-Labrador-1.jpg 1456w, https:\/\/www.sisinternational.com\/wp-content\/uploads\/2025\/08\/Newfoundland-and-Labrador-1-300x168.jpg 300w, https:\/\/www.sisinternational.com\/wp-content\/uploads\/2025\/08\/Newfoundland-and-Labrador-1-1024x574.jpg 1024w, https:\/\/www.sisinternational.com\/wp-content\/uploads\/2025\/08\/Newfoundland-and-Labrador-1-768x430.jpg 768w, https:\/\/www.sisinternational.com\/wp-content\/uploads\/2025\/08\/Newfoundland-and-Labrador-1-18x10.jpg 18w\" sizes=\"auto, (max-width: 1456px) 100vw, 1456px\"><\/figure>\n\n\n\n<p><\/p>\n\n\n\n<p><span style=\"font-weight: 400;\">Les \u00e9tudes de march\u00e9 \u00e0 Terre-Neuve-et-Labrador aident les entreprises touristiques \u00e0 comprendre les pr\u00e9f\u00e9rences des visiteurs et \u00e0 adapter leurs offres pour am\u00e9liorer l&#039;exp\u00e9rience globale.<\/span><\/p>\n\n\n\n<p><b>Parc national du Gros-Morne<\/b><span style=\"font-weight: 400;\">, un site class\u00e9 au patrimoine mondial de l&#039;UNESCO, est l&#039;une des attractions les plus embl\u00e9matiques de la province, attirant les visiteurs avec ses fjords \u00e9poustouflants, ses falaises spectaculaires et sa faune diversifi\u00e9e. Les op\u00e9rateurs touristiques peuvent utiliser les \u00e9tudes de march\u00e9 pour d\u00e9velopper des exp\u00e9riences sur mesure qui s&#039;adressent aussi bien aux \u00e9cotouristes, aux aventuriers qu&#039;aux passionn\u00e9s de culture.<\/span><\/p>\n\n\n\n<p><b>Signal Hill<\/b><span style=\"font-weight: 400;\"> St. John&#039;s est un autre p\u00f4le d&#039;attraction touristique majeur. En tant que site riche en histoire, y compris la premi\u00e8re communication transatlantique sans fil, il offre un m\u00e9lange de beaut\u00e9 naturelle et de patrimoine culturel qui pla\u00eet \u00e0 un large public. Comprendre la d\u00e9mographie et les pr\u00e9f\u00e9rences des visiteurs gr\u00e2ce \u00e0 des \u00e9tudes de march\u00e9 \u00e0 Terre-Neuve-et-Labrador permet aux entreprises de cr\u00e9er des campagnes de marketing cibl\u00e9es et des exp\u00e9riences uniques pour les visiteurs.<\/span><\/p>\n\n\n\n<p><span style=\"font-weight: 400;\">Un autre site de l&#039;UNESCO, le <\/span><b>\u00c9tablissement viking \u00e0 L&#039;Anse aux Meadows<\/b><span style=\"font-weight: 400;\">, attire les passionn\u00e9s d&#039;histoire et les touristes culturels d\u00e9sireux d&#039;explorer la plus ancienne pr\u00e9sence europ\u00e9enne connue en Am\u00e9rique du Nord. Une \u00e9tude de march\u00e9 \u00e0 Terre-Neuve-et-Labrador est essentielle pour tirer parti de ces attractions et guider les entreprises dans le d\u00e9veloppement de circuits th\u00e9matiques, de programmes \u00e9ducatifs et d&#039;initiatives touristiques ax\u00e9es sur le patrimoine qui trouvent un \u00e9cho aupr\u00e8s des visiteurs locaux et internationaux.<\/span><\/p>\n\n\n\n<h2 class=\"wp-block-heading\"><strong>Facteurs moteurs du march\u00e9 \u00e0 Terre-Neuve-et-Labrador<\/strong><\/h2>\n\n\n\n<p><span style=\"font-weight: 400;\">Plusieurs facteurs cl\u00e9s du march\u00e9 stimulent la croissance \u00e0 Terre-Neuve-et-Labrador, ce qui en fait une r\u00e9gion attrayante pour le d\u00e9veloppement des entreprises. L&#039;un des principaux facteurs est la <\/span><b>investissements continus dans les projets d&#039;\u00e9nergie renouvelable<\/b><span style=\"font-weight: 400;\">Dot\u00e9e de ressources naturelles abondantes comme le vent, l\u2019eau et les courants de mar\u00e9e, la province se positionne comme un leader de la production d\u2019\u00e9nergie durable.&nbsp;<\/span><\/p>\n\n\n\n<p><span style=\"font-weight: 400;\">Le <\/span><b>transformation num\u00e9rique dans tous les secteurs<\/b><span style=\"font-weight: 400;\"> L\u2019essor de l\u2019innovation est un autre facteur important, en particulier dans les secteurs traditionnels comme la p\u00eache et le p\u00e9trole et le gaz. L\u2019adoption de technologies avanc\u00e9es telles que l\u2019IA, l\u2019analyse de donn\u00e9es et l\u2019automatisation am\u00e9liore l\u2019efficacit\u00e9 op\u00e9rationnelle et stimule l\u2019innovation. Par exemple, les entreprises technologiques et les fournisseurs de services peuvent tirer parti de cette tendance en proposant des solutions num\u00e9riques adapt\u00e9es aux besoins de l\u2019industrie locale, appuy\u00e9es par des informations recueillies gr\u00e2ce \u00e0 des \u00e9tudes de march\u00e9 \u00e0 Terre-Neuve-et-Labrador.<\/span><\/p>\n\n\n\n<p><span style=\"font-weight: 400;\">En plus, <\/span><b>initiatives gouvernementales et efforts de diversification \u00e9conomique<\/b><span style=\"font-weight: 400;\"> Les initiatives de d\u00e9veloppement \u00e9conomique encouragent la croissance dans de nouveaux secteurs, notamment la technologie, l\u2019aquaculture et le tourisme. Ces initiatives comprennent souvent du financement, des incitatifs fiscaux et des programmes de soutien visant \u00e0 favoriser l\u2019innovation des entreprises et \u00e0 attirer des investissements dans la province. Pour les entreprises, il est essentiel de comprendre ces politiques au moyen d\u2019\u00e9tudes de march\u00e9 \u00e0 Terre-Neuve-et-Labrador pour aligner leurs strat\u00e9gies sur les priorit\u00e9s \u00e9conomiques r\u00e9gionales et tirer parti du soutien disponible.<\/span><\/p>\n\n\n\n<h2 class=\"wp-block-heading\"><strong>Comment les \u00e9tudes de march\u00e9 de SIS International \u00e0 Terre-Neuve-et-Labrador aident les entreprises<\/strong><\/h2>\n\n\n\n<p><span style=\"font-weight: 400;\">\u00c0 <\/span><a href=\"https:\/\/www.linkedin.com\/company\/sisinternationalresearch\/\" target=\"_blank\" rel=\"noopener\"><span style=\"font-weight: 400;\">SIS International<\/span><\/a><span style=\"font-weight: 400;\">, notre <a href=\"https:\/\/www.linkedin.com\/pulse\/how-market-research-enables-growth-ruth-stanat-phekf\/\" target=\"_blank\" rel=\"noopener\">\u00e9tude de march\u00e9<\/a> \u00e0 Terre-Neuve-et-Labrador est con\u00e7u pour donner aux entreprises les informations dont elles ont besoin pour prosp\u00e9rer dans cette r\u00e9gion unique. Notre approche globale aide les entreprises \u00e0 s&#039;y retrouver dans les complexit\u00e9s du march\u00e9 en fournissant des strat\u00e9gies bas\u00e9es sur les donn\u00e9es qui am\u00e9liorent la planification strat\u00e9gique et l&#039;efficacit\u00e9 op\u00e9rationnelle.<\/span><\/p>\n\n\n\n<p><b>Planification strat\u00e9gique am\u00e9lior\u00e9e\u00a0:<\/b><span style=\"font-weight: 400;\">&nbsp;<\/span><\/p>\n\n\n\n<p><span style=\"font-weight: 400;\">Nous fournissons aux entreprises des informations essentielles sur les tendances du march\u00e9, le comportement des consommateurs et les paysages concurrentiels, leur permettant de prendre des d\u00e9cisions \u00e9clair\u00e9es qui correspondent \u00e0 l&#039;environnement \u00e9conomique particulier de Terre-Neuve-et-Labrador.&nbsp;<\/span><\/p>\n\n\n\n<p><b>Augmentation des revenus et retour sur investissement am\u00e9lior\u00e9\u00a0:<\/b><span style=\"font-weight: 400;\">&nbsp;<\/span><\/p>\n\n\n\n<p><span style=\"font-weight: 400;\">En identifiant les opportunit\u00e9s de croissance et en optimisant les strat\u00e9gies d&#039;entr\u00e9e sur le march\u00e9, nos recherches aident les entreprises \u00e0 cibler les bons publics et \u00e0 affiner leur offre de produits ou de services. Cette approche cibl\u00e9e conduit \u00e0 une augmentation des revenus et \u00e0 un retour sur investissement maximal, ce qui donne aux entreprises un avantage concurrentiel sur le march\u00e9 en pleine \u00e9volution de Terre-Neuve-et-Labrador.<\/span><\/p>\n\n\n\n<p><b>R\u00e9duction des risques et am\u00e9lioration de l\u2019efficacit\u00e9 du marketing :<\/b><span style=\"font-weight: 400;\">&nbsp;<\/span><\/p>\n\n\n\n<p><span style=\"font-weight: 400;\">Nos recherches mettent en \u00e9vidence les risques potentiels, des changements r\u00e9glementaires aux bouleversements \u00e9conomiques, permettant aux entreprises d&#039;att\u00e9nuer les difficult\u00e9s de mani\u00e8re proactive. Nous aidons \u00e9galement \u00e0 optimiser les strat\u00e9gies marketing en identifiant les canaux et les messages les plus efficaces, garantissant ainsi aux entreprises d&#039;atteindre leurs publics cibles de mani\u00e8re efficace et efficiente.<\/span><\/p>\n\n\n\n<p><b>Croissance et innovation acc\u00e9l\u00e9r\u00e9es\u00a0:<\/b><span style=\"font-weight: 400;\">&nbsp;<\/span><\/p>\n\n\n\n<p><span style=\"font-weight: 400;\">Les \u00e9tudes de march\u00e9 de SIS International favorisent l&#039;innovation en d\u00e9celant les tendances \u00e9mergentes et les besoins des consommateurs, favorisant ainsi le d\u00e9veloppement de nouveaux produits et l&#039;expansion du march\u00e9. Qu&#039;il s&#039;agisse d&#039;explorer les \u00e9nergies renouvelables, la technologie ou le tourisme, nos connaissances aident les entreprises \u00e0 acc\u00e9l\u00e9rer leur croissance dans le paysage de march\u00e9 dynamique de Terre-Neuve-et-Labrador.<\/span><\/p>\n\n\n\n<h2 class=\"wp-block-heading\"><strong>\u00c0 propos de SIS International<\/strong><\/h2>\n\n\n\n<p><a href=\"https:\/\/www.sisinternational.com\/fr\/\"><span style=\"font-weight: 400;\">SIS International<\/span><\/a><span style=\"font-weight: 400;\"> propose des recherches quantitatives, qualitatives et strat\u00e9giques. Nous fournissons des donn\u00e9es, des outils, des strat\u00e9gies, des rapports et des informations pour la prise de d\u00e9cision. Nous menons \u00e9galement des entretiens, des enqu\u00eates, des groupes de discussion et d\u2019autres m\u00e9thodes et approches d\u2019\u00e9tudes de march\u00e9.<\/span><a href=\"https:\/\/www.sisinternational.com\/fr\/a-propos-de-la-recherche-internationale-sis\/contact-sis-international-market-research\/\"><span style=\"font-weight: 400;\"> Contactez nous<\/span><\/a><span style=\"font-weight: 400;\"> pour votre prochain projet d&#039;\u00e9tude de march\u00e9.<\/span><\/p>\n\n\n\n<p><\/p>","protected":false},"excerpt":{"rendered":"<p>Market Research in Newfoundland and Labrador Exploring the landscape of market research in Newfoundland and Labrador reveals a province filled with unique opportunities and complex challenges. Understanding the nuances of market research in Newfoundland and Labrador can offer a significant competitive advantage. It equips companies with the data necessary to thrive in this resource-rich yet &#8230; <a title=\"\u00c9tude de march\u00e9 \u00e0 Terre-Neuve-et-Labrador\" class=\"read-more\" href=\"https:\/\/www.sisinternational.com\/fr\/couverture\/north-america\/etude-de-marche-canadienne\/etude-de-marche-a-terre-neuve-et-labrador\/\" aria-label=\"En savoir plus sur Market Research in Newfoundland and Labrador\">Lire plus<\/a><\/p>","protected":false},"author":1,"featured_media":65319,"parent":16507,"menu_order":4,"comment_status":"closed","ping_status":"closed","template":"","meta":{"footnotes":""},"class_list":["post-39169","page","type-page","status-publish","has-post-thumbnail"],"_links":{"self":[{"href":"https:\/\/www.sisinternational.com\/fr\/wp-json\/wp\/v2\/pages\/39169","targetHints":{"allow":["GET"]}}],"collection":[{"href":"https:\/\/www.sisinternational.com\/fr\/wp-json\/wp\/v2\/pages"}],"about":[{"href":"https:\/\/www.sisinternational.com\/fr\/wp-json\/wp\/v2\/types\/page"}],"author":[{"embeddable":true,"href":"https:\/\/www.sisinternational.com\/fr\/wp-json\/wp\/v2\/users\/1"}],"replies":[{"embeddable":true,"href":"https:\/\/www.sisinternational.com\/fr\/wp-json\/wp\/v2\/comments?post=39169"}],"version-history":[{"count":6,"href":"https:\/\/www.sisinternational.com\/fr\/wp-json\/wp\/v2\/pages\/39169\/revisions"}],"predecessor-version":[{"id":77964,"href":"https:\/\/www.sisinternational.com\/fr\/wp-json\/wp\/v2\/pages\/39169\/revisions\/77964"}],"up":[{"embeddable":true,"href":"https:\/\/www.sisinternational.com\/fr\/wp-json\/wp\/v2\/pages\/16507"}],"wp:featuredmedia":[{"embeddable":true,"href":"https:\/\/www.sisinternational.com\/fr\/wp-json\/wp\/v2\/media\/65319"}],"wp:attachment":[{"href":"https:\/\/www.sisinternational.com\/fr\/wp-json\/wp\/v2\/media?parent=39169"}],"curies":[{"name":"wp","href":"https:\/\/api.w.org\/{rel}","templated":true}]}}