{"id":39167,"date":"2021-10-28T04:44:43","date_gmt":"2021-10-28T04:44:43","guid":{"rendered":"https:\/\/www.sisinternational.com\/?page_id=39167"},"modified":"2025-11-15T23:19:27","modified_gmt":"2025-11-16T04:19:27","slug":"etude-de-marche-nouveau-brunswick-canada","status":"publish","type":"page","link":"https:\/\/www.sisinternational.com\/fr\/couverture\/north-america\/etude-de-marche-canadienne\/etude-de-marche-nouveau-brunswick-canada\/","title":{"rendered":"\u00c9tude de march\u00e9 au Nouveau-Brunswick, Canada"},"content":{"rendered":"<h1 class=\"wp-block-heading\">\u00c9tude de march\u00e9 au Nouveau-Brunswick, Canada<\/h1>\n\n\n\n<figure class=\"gb-block-image gb-block-image-4eececf5\"><img loading=\"lazy\" decoding=\"async\" width=\"1456\" height=\"816\" class=\"gb-image gb-image-4eececf5\" src=\"https:\/\/www.sisinternational.com\/wp-content\/uploads\/2025\/08\/New-Brunswick-Canada-1.jpg\" alt=\"\u00c9tudes de march\u00e9 et strat\u00e9gie internationales SIS\" title=\"New Brunswick, Canada (1)\" srcset=\"https:\/\/www.sisinternational.com\/wp-content\/uploads\/2025\/08\/New-Brunswick-Canada-1.jpg 1456w, https:\/\/www.sisinternational.com\/wp-content\/uploads\/2025\/08\/New-Brunswick-Canada-1-300x168.jpg 300w, https:\/\/www.sisinternational.com\/wp-content\/uploads\/2025\/08\/New-Brunswick-Canada-1-1024x574.jpg 1024w, https:\/\/www.sisinternational.com\/wp-content\/uploads\/2025\/08\/New-Brunswick-Canada-1-768x430.jpg 768w, https:\/\/www.sisinternational.com\/wp-content\/uploads\/2025\/08\/New-Brunswick-Canada-1-18x10.jpg 18w\" sizes=\"auto, (max-width: 1456px) 100vw, 1456px\"><\/figure>\n\n\n\n<hr class=\"wp-block-separator has-alpha-channel-opacity is-style-dots\"\/>\n\n\n\n<h3 class=\"wp-block-heading\"><span style=\"font-weight: 400;\">Comprendre les nuances des \u00e9tudes de march\u00e9 au Nouveau-Brunswick peut ouvrir des possibilit\u00e9s importantes pour les entreprises. Cela offre des informations sur mesure qui aident les entreprises \u00e0 naviguer avec pr\u00e9cision sur le march\u00e9 local.<\/span><\/h3>\n\n\n\n<p><span style=\"font-weight: 400;\">Vous \u00eates-vous d\u00e9j\u00e0 demand\u00e9 pourquoi les \u00e9tudes de march\u00e9 au Nouveau-Brunswick sont essentielles pour les entreprises qui cherchent \u00e0 prosp\u00e9rer? \u00c0 mesure que la province \u00e9volue, comprendre la dynamique du march\u00e9 peut faire la diff\u00e9rence entre le succ\u00e8s et l\u2019\u00e9chec.<\/span><\/p>\n\n\n\n<h2 class=\"wp-block-heading\"><strong>Qu\u2019est-ce que l\u2019\u00e9tude de march\u00e9 au Nouveau-Brunswick?<\/strong><\/h2>\n\n\n\n<p><span style=\"font-weight: 400;\">Les \u00e9tudes de march\u00e9 au Nouveau-Brunswick permettent d&#039;identifier les principales tendances du march\u00e9, le comportement des consommateurs et la dynamique concurrentielle au sein du paysage \u00e9conomique unique du Nouveau-Brunswick. Elles aident les entreprises \u00e0 prendre des d\u00e9cisions fond\u00e9es sur des donn\u00e9es, \u00e0 adapter leurs produits ou services aux besoins locaux et \u00e0 anticiper les changements du march\u00e9.<\/span><\/p>\n\n\n\n<p><span style=\"font-weight: 400;\">Au Nouveau-Brunswick, les \u00e9tudes de march\u00e9 portent sur des enjeux r\u00e9gionaux sp\u00e9cifiques, comme la compr\u00e9hension des divers secteurs \u00e9conomiques comme la foresterie, la p\u00eache et le tourisme. Les informations recueillies dans le cadre des \u00e9tudes de march\u00e9 au Nouveau-Brunswick mettent non seulement en \u00e9vidence les conditions actuelles du march\u00e9, mais aussi les tendances futures, aidant ainsi les entreprises \u00e0 rester comp\u00e9titives et pertinentes.<\/span><\/p>\n\n\n\n<h2 class=\"wp-block-heading\"><strong>Pourquoi les entreprises ont-elles besoin d\u2019\u00e9tudes de march\u00e9 au Nouveau-Brunswick\u00a0?<\/strong><\/h2>\n\n\n\n<p><span style=\"font-weight: 400;\">One critical reason businesses need market research in New Brunswick is to identify and respond to regional consumer trends. For example, the local emphasis on sustainable and eco-friendly products means companies must align their offerings with these values. <a href=\"https:\/\/www.sisinternational.com\/fr\/solutions\/etude-de-marche-de-consommation\/\" title=\"Consumer Market Research Services for Smarter Business Decisions\"  data-wpil-monitor-id=\"11105\">Market research helps businesses uncover these consumer<\/a> demands, allowing them to adjust their strategies accordingly.<\/span><\/p>\n\n\n\n<p><span style=\"font-weight: 400;\">De plus, les \u00e9tudes de march\u00e9 au Nouveau-Brunswick sont essentielles pour l\u2019analyse de la concurrence, car comprendre les principaux acteurs, leur mode de fonctionnement et ce qui fait leur succ\u00e8s peut fournir un avantage consid\u00e9rable. Cela permet aux entreprises de se diff\u00e9rencier sur le march\u00e9, de d\u00e9velopper des propositions de valeur plus solides et de positionner strat\u00e9giquement leurs produits ou services pour r\u00e9pondre \u00e0 la demande du march\u00e9.<\/span><\/p>\n\n\n\n<p><span style=\"font-weight: 400;\">De plus, les \u00e9tudes de march\u00e9 au Nouveau-Brunswick peuvent aider les entreprises \u00e0 att\u00e9nuer les risques. Elles analysent le paysage concurrentiel et comprennent les menaces potentielles, afin que les entreprises puissent \u00e9laborer des strat\u00e9gies pour contrer les d\u00e9fis avant qu\u2019ils n\u2019aient une incidence sur leurs r\u00e9sultats.&nbsp;<\/span><\/p>\n\n\n\n<h2 class=\"wp-block-heading\"><strong>Notre analyse actuelle du march\u00e9 et nos recommandations<\/strong><\/h2>\n\n\n\n<p><span style=\"font-weight: 400;\">Dans notre analyse actuelle du march\u00e9 du Nouveau-Brunswick, nous avons observ\u00e9 que l&#039;engagement de la province envers l&#039;innovation et la durabilit\u00e9 pr\u00e9sente des opportunit\u00e9s importantes pour les entreprises qui cherchent \u00e0 s&#039;\u00e9tablir dans ce march\u00e9 en pleine \u00e9volution. Cependant, le paysage concurrentiel exige une navigation prudente, et c&#039;est l\u00e0 que nos connaissances deviennent inestimables.\u00a0<\/span><\/p>\n\n\n\n<p><span style=\"font-weight: 400;\">Nous croyons que les entreprises devraient s&#039;efforcer d&#039;aligner leurs strat\u00e9gies sur l&#039;importance croissante accord\u00e9e par la province \u00e0 la durabilit\u00e9 et \u00e0 la technologie. Par exemple, l&#039;essor des secteurs des technologies vertes et de l&#039;\u00e9cotourisme refl\u00e8te l&#039;orientation plus large du Nouveau-Brunswick vers des solutions respectueuses de l&#039;environnement, qui peuvent s&#039;av\u00e9rer tr\u00e8s lucratives pour les entreprises qui int\u00e8grent ces valeurs dans leurs offres.<\/span><\/p>\n\n\n\n<h2 class=\"wp-block-heading\"><strong>Principales industries au Nouveau-Brunswick<\/strong><\/h2>\n\n\n\n<figure class=\"gb-block-image gb-block-image-ba8f82e6\"><img loading=\"lazy\" decoding=\"async\" width=\"1456\" height=\"816\" class=\"gb-image gb-image-ba8f82e6\" src=\"https:\/\/www.sisinternational.com\/wp-content\/uploads\/2025\/08\/New-Brunswick-Canada-2.jpg\" alt=\"\u00c9tudes de march\u00e9 et strat\u00e9gie internationales SIS\" title=\"New Brunswick, Canada (2)\" srcset=\"https:\/\/www.sisinternational.com\/wp-content\/uploads\/2025\/08\/New-Brunswick-Canada-2.jpg 1456w, https:\/\/www.sisinternational.com\/wp-content\/uploads\/2025\/08\/New-Brunswick-Canada-2-300x168.jpg 300w, https:\/\/www.sisinternational.com\/wp-content\/uploads\/2025\/08\/New-Brunswick-Canada-2-1024x574.jpg 1024w, https:\/\/www.sisinternational.com\/wp-content\/uploads\/2025\/08\/New-Brunswick-Canada-2-768x430.jpg 768w, https:\/\/www.sisinternational.com\/wp-content\/uploads\/2025\/08\/New-Brunswick-Canada-2-18x10.jpg 18w\" sizes=\"auto, (max-width: 1456px) 100vw, 1456px\"><\/figure>\n\n\n\n<p><\/p>\n\n\n\n<p><span style=\"font-weight: 400;\">Parmi les industries cl\u00e9s figure le secteur forestier, qui est une pierre angulaire de l&#039;\u00e9conomie de la province depuis des d\u00e9cennies. De grandes entreprises comme <\/span><b>JD Irving Limit\u00e9e<\/b><span style=\"font-weight: 400;\"> Les industries de l\u2019\u00e9nergie et de l\u2019eau dominent ce secteur, contribuant de mani\u00e8re significative \u00e0 l\u2019emploi local et aux exportations. L\u2019industrie \u00e9volue en mettant l\u2019accent sur les pratiques durables, ce qui rend les \u00e9tudes de march\u00e9 au Nouveau-Brunswick essentielles pour les entreprises qui cherchent \u00e0 s\u2019y retrouver dans l\u2019environnement r\u00e9glementaire et les attentes des consommateurs en mati\u00e8re de gestion environnementale.<\/span><\/p>\n\n\n\n<p><span style=\"font-weight: 400;\">L&#039;industrie de l&#039;aquaculture et de la p\u00eache est un autre secteur essentiel, le Nouveau-Brunswick \u00e9tant l&#039;un des plus grands producteurs de fruits de mer du Canada. Des entreprises telles que <\/span><b>Aquaculture Cooke<\/b><span style=\"font-weight: 400;\"> sont \u00e0 l\u2019avant-garde, stimulent l\u2019innovation et maintiennent des normes \u00e9lev\u00e9es pour une production durable de fruits de mer.&nbsp;<\/span><\/p>\n\n\n\n<p><span style=\"font-weight: 400;\">La province est connue pour ses attraits naturels, tels que le <\/span><b>Baie de Fundy<\/b><span style=\"font-weight: 400;\">, qui attire des visiteurs du monde entier. Les \u00e9tudes de march\u00e9 au Nouveau-Brunswick aident les entreprises touristiques \u00e0 comprendre la d\u00e9mographie des visiteurs, les tendances saisonni\u00e8res et les nouvelles opportunit\u00e9s, comme l\u2019\u00e9cotourisme, qui correspond \u00e0 la demande croissante des consommateurs pour des options de voyage respectueuses de l\u2019environnement.<\/span><\/p>\n\n\n\n<p><span style=\"font-weight: 400;\">Le secteur technologique prend \u00e9galement de l\u2019ampleur, avec des entreprises comme <\/span><b>S\u00e9curit\u00e9 Sonrai<\/b><span style=\"font-weight: 400;\">, bas\u00e9e \u00e0 Fredericton, est un chef de file en mati\u00e8re de solutions de cybers\u00e9curit\u00e9. Sonrai Security illustre l&#039;importance croissante de la technologie dans l&#039;\u00e9conomie du Nouveau-Brunswick.&nbsp;<\/span><\/p>\n\n\n\n<h2 class=\"wp-block-heading\"><strong>Principales attractions touristiques du Nouveau-Brunswick<\/strong><\/h2>\n\n\n\n<p><span style=\"font-weight: 400;\">La baie de Fundy est un p\u00f4le d&#039;attraction majeur pour les visiteurs. Son littoral spectaculaire, son mascaret et ses possibilit\u00e9s d&#039;observation de baleines en font un \u00e9l\u00e9ment essentiel de l&#039;attrait touristique de la province. Les rochers Hopewell (situ\u00e9s sur les rives de la baie de Fundy) comptent parmi les sites naturels les plus embl\u00e9matiques du Nouveau-Brunswick. Ces formations rocheuses imposantes attirent des milliers de visiteurs chaque ann\u00e9e.&nbsp;<\/span><\/p>\n\n\n\n<p><span style=\"font-weight: 400;\">De plus, le parc national Fundy offre une grande vari\u00e9t\u00e9 d&#039;activit\u00e9s de plein air, allant de la randonn\u00e9e au camping en passant par le kayak et l&#039;observation des oiseaux. En tant qu&#039;attraction principale, le parc attire les amoureux de la nature et les aventuriers.&nbsp;<\/span><\/p>\n\n\n\n<p><span style=\"font-weight: 400;\">Le jardin Kingsbrae \u00e0 St. Andrews est une magnifique attraction horticole qui attire les amateurs de jardins et les touristes int\u00e9ress\u00e9s par les arts et la culture. Ce jardin prim\u00e9 offre un m\u00e9lange de beaut\u00e9 naturelle, d&#039;installations artistiques et de programmes \u00e9ducatifs. Les \u00e9tudes de march\u00e9 au Nouveau-Brunswick permettent aux entreprises associ\u00e9es \u00e0 de telles attractions de mieux comprendre leur public, d&#039;adapter leurs campagnes de marketing et d&#039;am\u00e9liorer l&#039;engagement des visiteurs.<\/span><\/p>\n\n\n\n<h2 class=\"wp-block-heading\">Avantages et atouts sur le march\u00e9<\/h2>\n\n\n\n<p>Le Nouveau-Brunswick ajoute des milliers d&#039;emplois chaque ann\u00e9e. C&#039;est aussi un endroit id\u00e9al pour les startups.<\/p>\n\n\n\n<p>Le faible co\u00fbt de la vie dans la province par rapport \u00e0 d&#039;autres r\u00e9gions du Canada en fait un endroit id\u00e9al pour fonder une famille. De plus, les biens immobiliers et les autres produits de premi\u00e8re n\u00e9cessit\u00e9 sont abordables.<\/p>\n\n\n\n<h2 class=\"wp-block-heading\">Base de consommateurs<\/h2>\n\n\n\n<p>Les gens du Nouveau-Brunswick m\u00e8nent un mode de vie simple. Ils forment une communaut\u00e9 soud\u00e9e et vivent sur de grandes propri\u00e9t\u00e9s.<\/p>\n\n\n\n<p>La plupart des consommateurs souhaitent se divertir \u00e0 la maison. Les biens et services sont plus souvent utilis\u00e9s \u00e0 la maison. La restauration rapide et la livraison de courses, l&#039;entra\u00eenement personnel et les v\u00eatements sont des options populaires.<\/p>\n\n\n\n<p>The province also uses tech more than ever before. <a href=\"https:\/\/www.sisinternational.com\/fr\/analyse-de-la-satisfaction-client\/\" title=\"8 fa\u00e7ons d&#039;augmenter la satisfaction des clients dans le commerce de d\u00e9tail\"  data-wpil-monitor-id=\"11104\">Consumers currently value ways<\/a> to use technology in different aspects of life and love the ability to access the best products on the market.<\/p>\n\n\n\n<h2 class=\"wp-block-heading\"><strong>Facteurs moteurs du march\u00e9 au Nouveau-Brunswick<\/strong><\/h2>\n\n\n\n<figure class=\"gb-block-image gb-block-image-e8032554\"><img loading=\"lazy\" decoding=\"async\" width=\"1456\" height=\"816\" class=\"gb-image gb-image-e8032554\" src=\"https:\/\/www.sisinternational.com\/wp-content\/uploads\/2025\/08\/New-Brunswick-Canada-4.jpg\" alt=\"\u00c9tudes de march\u00e9 et strat\u00e9gie internationales SIS\" title=\"New Brunswick, Canada (4)\" srcset=\"https:\/\/www.sisinternational.com\/wp-content\/uploads\/2025\/08\/New-Brunswick-Canada-4.jpg 1456w, https:\/\/www.sisinternational.com\/wp-content\/uploads\/2025\/08\/New-Brunswick-Canada-4-300x168.jpg 300w, https:\/\/www.sisinternational.com\/wp-content\/uploads\/2025\/08\/New-Brunswick-Canada-4-1024x574.jpg 1024w, https:\/\/www.sisinternational.com\/wp-content\/uploads\/2025\/08\/New-Brunswick-Canada-4-768x430.jpg 768w, https:\/\/www.sisinternational.com\/wp-content\/uploads\/2025\/08\/New-Brunswick-Canada-4-18x10.jpg 18w\" sizes=\"auto, (max-width: 1456px) 100vw, 1456px\"><\/figure>\n\n\n\n<p><\/p>\n\n\n\n<p><span style=\"font-weight: 400;\">L\u2019un des principaux moteurs du march\u00e9 est <\/span><b>l&#039;emplacement strat\u00e9gique de la province<\/b><span style=\"font-weight: 400;\">, qui donne acc\u00e8s aux march\u00e9s canadien et am\u00e9ricain. La proximit\u00e9 du Nouveau-Brunswick avec les grands centres urbains du nord-est des \u00c9tats-Unis et d&#039;autres provinces de l&#039;Atlantique renforce son attrait en tant que plaque tournante du commerce, en particulier dans des secteurs comme la fabrication, la logistique et le transport.<\/span><\/p>\n\n\n\n<p><b>Soutien et incitations du gouvernement<\/b><span style=\"font-weight: 400;\"> Les industries du bois et de l\u2019acier sont \u00e9galement des moteurs importants du march\u00e9. Le gouvernement provincial encourage activement le d\u00e9veloppement des entreprises par le biais de divers programmes, subventions et incitatifs fiscaux, en particulier dans les secteurs \u00e9mergents comme la technologie et les \u00e9nergies renouvelables. Ces initiatives visent \u00e0 attirer les investissements, \u00e0 stimuler l\u2019innovation et \u00e0 cr\u00e9er des emplois, offrant ainsi une base solide \u00e0 la croissance des entreprises.&nbsp;<\/span><\/p>\n\n\n\n<p><span style=\"font-weight: 400;\">L\u2019innovation dans les industries cl\u00e9s est un autre moteur essentiel du march\u00e9 du Nouveau-Brunswick. La province est t\u00e9moin <\/span><b>progr\u00e8s technologiques<\/b><span style=\"font-weight: 400;\">, notamment dans des domaines tels que la cybers\u00e9curit\u00e9, la sant\u00e9 num\u00e9rique et les technologies vertes. La pr\u00e9sence d&#039;institutions de recherche, de p\u00f4les technologiques et d&#039;une culture de startups en pleine croissance contribue \u00e0 un environnement commercial dynamique qui favorise l&#039;innovation.&nbsp;<\/span><\/p>\n\n\n\n<p><span style=\"font-weight: 400;\">Le consommateur en hausse <\/span><b>demande de produits durables et d&#039;origine locale<\/b><span style=\"font-weight: 400;\"> L\u2019\u00e9cotourisme fa\u00e7onne \u00e9galement les tendances du march\u00e9 au Nouveau-Brunswick. En raison de la sensibilisation croissante aux enjeux environnementaux, les consommateurs accordent la priorit\u00e9 aux produits et services \u00e9cologiques. Ce changement stimule la croissance dans des secteurs comme l\u2019agroalimentaire, les \u00e9nergies renouvelables et l\u2019\u00e9cotourisme.&nbsp;<\/span><\/p>\n\n\n\n<h2 class=\"wp-block-heading\"><strong>Comment les \u00e9tudes de march\u00e9 de SIS International au Nouveau-Brunswick aident les entreprises<\/strong><\/h2>\n\n\n\n<p><a href=\"https:\/\/www.linkedin.com\/company\/sisinternationalresearch\/\" target=\"_blank\" rel=\"noopener\"><span style=\"font-weight: 400;\">SIS International<\/span><\/a><span style=\"font-weight: 400;\">Les \u00e9tudes de march\u00e9 men\u00e9es par la firme au Nouveau-Brunswick fournissent aux entreprises les informations essentielles dont elles ont besoin pour s&#039;orienter dans ce march\u00e9 unique et en constante \u00e9volution. Nos services de recherche sont con\u00e7us pour aider les entreprises \u00e0 am\u00e9liorer leur planification strat\u00e9gique en leur fournissant une compr\u00e9hension compl\u00e8te des conditions du march\u00e9 local, du comportement des consommateurs et de la dynamique concurrentielle.&nbsp;<\/span><\/p>\n\n\n\n<h3 class=\"wp-block-heading\"><span style=\"font-weight: 400;\">Planification strat\u00e9gique am\u00e9lior\u00e9e\u00a0:&nbsp;&nbsp;<\/span><\/h3>\n\n\n\n<p><span style=\"font-weight: 400;\">Notre <a href=\"https:\/\/www.sisinternational.com\/fr\/competence\/les-industries\/quest-ce-que-lequipement-de-forage-et-dextraction\/\" title=\"\u00c9tude de march\u00e9 sur les \u00e9quipements de forage et d\u2019extraction\" data-wpil-monitor-id=\"11106\">market research equips<\/a> businesses with detailed market analysis, helping them craft strategies that align with regional trends and consumer preferences in New Brunswick. By understanding the local economic drivers and restraints, companies can position themselves strategically to capture market share.<\/span><\/p>\n\n\n\n<h3 class=\"wp-block-heading\"><span style=\"font-weight: 400;\">Augmentation des revenus\u00a0:&nbsp;&nbsp;<\/span><\/h3>\n\n\n\n<p><span style=\"font-weight: 400;\">Through targeted market insights, <a href=\"https:\/\/www.sisinternational.com\/fr\/saint-valentin-comment-votre-entreprise-peut-ressentir-lamour\/\" title=\"\u00c9tude de march\u00e9 pour la Saint-Valentin\u00a0: comment votre entreprise peut ressentir l&#039;amour\" data-wpil-monitor-id=\"11102\">SIS helps businesses<\/a> identify new revenue streams and untapped market segments. Our team delves into specific consumer needs, enabling companies to refine their offerings and increase their appeal to local audiences, ultimately driving sales growth.<\/span><\/p>\n\n\n\n<h3 class=\"wp-block-heading\"><span style=\"font-weight: 400;\">R\u00e9duction de risque:&nbsp;&nbsp;<\/span><\/h3>\n\n\n\n<p><span style=\"font-weight: 400;\">Navigating New Brunswick\u2019s regulatory landscape and economic fluctuations can be challenging. Our market research mitigates these risks by providing businesses with the foresight needed to anticipate <a href=\"https:\/\/www.sisinternational.com\/fr\/le-talent-mondial-croque-un-livre-blanc-par-ruth-stanat\/\" title=\"\u00c9tude de march\u00e9 sur la gestion des talents\" data-wpil-monitor-id=\"11103\">market changes and adjust their strategies<\/a> proactively. We help companies avoid costly mistakes and make risk-informed decisions.<\/span><\/p>\n\n\n\n<h3 class=\"wp-block-heading\"><span style=\"font-weight: 400;\">Efficacit\u00e9 marketing am\u00e9lior\u00e9e\u00a0:&nbsp;&nbsp;<\/span><\/h3>\n\n\n\n<p><span style=\"font-weight: 400;\">Our tailored <a href=\"https:\/\/www.sisinternational.com\/fr\/publications\/etude-de-marche-sur-les-entreprises-evolutives-7-facons-de-creer-une-entreprise-evolutive\/\" title=\"\u00c9tude de march\u00e9 sur les entreprises \u00e9volutives\u00a0: 7 fa\u00e7ons de cr\u00e9er une entreprise \u00e9volutive\" data-wpil-monitor-id=\"11108\">market research helps businesses<\/a> optimize their marketing efforts by identifying the most effective channels and messages for their target audiences.&nbsp;<\/span><\/p>\n\n\n\n<h3 class=\"wp-block-heading\"><span style=\"font-weight: 400;\">ROI boost\u00e9\u00a0:&nbsp;&nbsp;<\/span><\/h3>\n\n\n\n<p><span style=\"font-weight: 400;\">Our research services help companies achieve a higher return on investment by aligning <a href=\"https:\/\/www.sisinternational.com\/fr\/solutions\/recherche-de-conseil-en-strategie-fintech\/conseil-en-strategie-detude-de-marche-sur-lassurance-contre-les-pertes-dexploitation\/\" title=\"Assurance contre les pertes d\u2019exploitation \u00c9tude de march\u00e9 et conseil en strat\u00e9gie\" data-wpil-monitor-id=\"11109\">business strategies<\/a> with market insights. We focus on identifying the most lucrative opportunities, ensuring that every decision contributes to overall business success.<\/span><\/p>\n\n\n\n<h2 class=\"wp-block-heading\">Raisons de d\u00e9velopper votre entreprise sur le march\u00e9 du Nouveau-Brunswick<\/h2>\n\n\n\n<p>Le Nouveau-Brunswick poss\u00e8de une communaut\u00e9 d&#039;affaires solide qui vend des produits et des services aux niveaux local, r\u00e9gional, national et international.<\/p>\n\n\n\n<p>La province abrite \u00e9galement une main-d&#039;\u0153uvre instruite et une technologie de pointe. L&#039;Internet haute vitesse est disponible dans la r\u00e9gion.<\/p>\n\n\n\n<p>Le Nouveau-Brunswick est attrayant pour les investisseurs en raison de sa capacit\u00e9 \u00e0 accueillir des investissements, ce qui en fait un endroit id\u00e9al pour les nouvelles entreprises.<\/p>\n\n\n\n<h2 class=\"wp-block-heading\"><strong>\u00c0 propos de SIS International<\/strong><\/h2>\n\n\n\n<p><a href=\"https:\/\/www.sisinternational.com\/fr\/\"><span style=\"font-weight: 400;\">SIS International<\/span><\/a><span style=\"font-weight: 400;\"> offers Quantitative, Qualitative, and Strategy Research. We provide data, tools, strategies, reports, and insights for decision-making. We also conduct interviews, surveys, focus groups, and other <a href=\"https:\/\/www.sisinternational.com\/fr\/quantitative-market-research-methods-and-techniques\/\" title=\"Quantitative Market Research Methods and Techniques\" data-wpil-monitor-id=\"11107\">Market Research methods<\/a> and approaches. <\/span><a href=\"https:\/\/www.sisinternational.com\/fr\/a-propos-de-la-recherche-internationale-sis\/contact-sis-international-market-research\/\"><span style=\"font-weight: 400;\">Contactez nous<\/span><\/a><span style=\"font-weight: 400;\"> pour votre prochain projet d&#039;\u00e9tude de march\u00e9.<\/span><\/p>\n\n\n\n<p><\/p>","protected":false},"excerpt":{"rendered":"<p>Market Research in New Brunswick, Canada Understanding the nuances of market research in New Brunswick can unlock significant opportunities for businesses. It offers tailored insights that help companies navigate the local market with precision. Have you ever wondered why market research in New Brunswick is essential for businesses looking to thrive? As the province evolves, &#8230; <a title=\"\u00c9tude de march\u00e9 au Nouveau-Brunswick, Canada\" class=\"read-more\" href=\"https:\/\/www.sisinternational.com\/fr\/couverture\/north-america\/etude-de-marche-canadienne\/etude-de-marche-nouveau-brunswick-canada\/\" aria-label=\"En savoir plus sur Market Research in New Brunswick, Canada\">Lire plus<\/a><\/p>","protected":false},"author":1,"featured_media":65314,"parent":16507,"menu_order":3,"comment_status":"closed","ping_status":"closed","template":"","meta":{"footnotes":""},"class_list":["post-39167","page","type-page","status-publish","has-post-thumbnail"],"_links":{"self":[{"href":"https:\/\/www.sisinternational.com\/fr\/wp-json\/wp\/v2\/pages\/39167","targetHints":{"allow":["GET"]}}],"collection":[{"href":"https:\/\/www.sisinternational.com\/fr\/wp-json\/wp\/v2\/pages"}],"about":[{"href":"https:\/\/www.sisinternational.com\/fr\/wp-json\/wp\/v2\/types\/page"}],"author":[{"embeddable":true,"href":"https:\/\/www.sisinternational.com\/fr\/wp-json\/wp\/v2\/users\/1"}],"replies":[{"embeddable":true,"href":"https:\/\/www.sisinternational.com\/fr\/wp-json\/wp\/v2\/comments?post=39167"}],"version-history":[{"count":5,"href":"https:\/\/www.sisinternational.com\/fr\/wp-json\/wp\/v2\/pages\/39167\/revisions"}],"predecessor-version":[{"id":81815,"href":"https:\/\/www.sisinternational.com\/fr\/wp-json\/wp\/v2\/pages\/39167\/revisions\/81815"}],"up":[{"embeddable":true,"href":"https:\/\/www.sisinternational.com\/fr\/wp-json\/wp\/v2\/pages\/16507"}],"wp:featuredmedia":[{"embeddable":true,"href":"https:\/\/www.sisinternational.com\/fr\/wp-json\/wp\/v2\/media\/65314"}],"wp:attachment":[{"href":"https:\/\/www.sisinternational.com\/fr\/wp-json\/wp\/v2\/media?parent=39167"}],"curies":[{"name":"wp","href":"https:\/\/api.w.org\/{rel}","templated":true}]}}