{"id":39165,"date":"2021-10-28T04:39:47","date_gmt":"2021-10-28T04:39:47","guid":{"rendered":"https:\/\/www.sisinternational.com\/?page_id=39165"},"modified":"2025-09-14T22:46:18","modified_gmt":"2025-09-15T02:46:18","slug":"etude-de-marche-manitoba-canada","status":"publish","type":"page","link":"https:\/\/www.sisinternational.com\/fr\/couverture\/north-america\/etude-de-marche-canadienne\/etude-de-marche-manitoba-canada\/","title":{"rendered":"\u00c9tude de march\u00e9 au Manitoba, Canada"},"content":{"rendered":"<h1 class=\"wp-block-heading\">\u00c9tude de march\u00e9 au Manitoba, Canada<\/h1>\n\n\n\n<figure class=\"gb-block-image gb-block-image-c7adbd9f\"><img loading=\"lazy\" decoding=\"async\" width=\"1456\" height=\"816\" class=\"gb-image gb-image-c7adbd9f\" src=\"https:\/\/www.sisinternational.com\/wp-content\/uploads\/2025\/08\/Manitoba-3.jpg\" alt=\"\u00c9tudes de march\u00e9 et strat\u00e9gie internationales SIS\" title=\"Manitoba (3)\" srcset=\"https:\/\/www.sisinternational.com\/wp-content\/uploads\/2025\/08\/Manitoba-3.jpg 1456w, https:\/\/www.sisinternational.com\/wp-content\/uploads\/2025\/08\/Manitoba-3-300x168.jpg 300w, https:\/\/www.sisinternational.com\/wp-content\/uploads\/2025\/08\/Manitoba-3-1024x574.jpg 1024w, https:\/\/www.sisinternational.com\/wp-content\/uploads\/2025\/08\/Manitoba-3-768x430.jpg 768w, https:\/\/www.sisinternational.com\/wp-content\/uploads\/2025\/08\/Manitoba-3-18x10.jpg 18w\" sizes=\"auto, (max-width: 1456px) 100vw, 1456px\"><\/figure>\n\n\n\n<p><\/p>\n\n\n\n<hr class=\"wp-block-separator has-alpha-channel-opacity is-style-dots\"\/>\n\n\n\n<h3 class=\"wp-block-heading\">En tirant parti des \u00e9tudes de march\u00e9 au Manitoba, les entreprises peuvent identifier les tendances \u00e9mergentes, aligner leurs strat\u00e9gies sur les demandes locales et am\u00e9liorer leur r\u00e9ussite en mati\u00e8re d\u2019entr\u00e9e sur le march\u00e9 dans cet environnement concurrentiel.<\/h3>\n\n\n\n<p>Vous envisagez d\u2019\u00e9tendre votre activit\u00e9 au Manitoba ? Une \u00e9tude de march\u00e9 au Manitoba est essentielle pour s\u2019y retrouver dans ce paysage de march\u00e9 unique, qui regorge d\u2019industries diverses et d\u2019un potentiel inexploit\u00e9. Comprendre le comportement des consommateurs locaux, les facteurs \u00e9conomiques r\u00e9gionaux et les tendances du secteur peut faire toute la diff\u00e9rence entre le succ\u00e8s et les occasions manqu\u00e9es.<\/p>\n\n\n\n<h2 class=\"wp-block-heading\">Qu\u2019est-ce qu\u2019une \u00e9tude de march\u00e9 au Manitoba?<\/h2>\n\n\n\n<p>Market research in Manitoba addresses specific challenges such as understanding the impact of seasonal fluctuations on consumer spending, identifying growth opportunities in industries like agriculture, manufacturing, and technology, and assessing the local regulatory environment. For companies looking to enter or expand in this region, market research in Manitoba offers a comprehensive view of the opportunities and risks, enabling businesses to tailor their <a href=\"https:\/\/www.sisinternational.com\/fr\/le-talent-mondial-croque-un-livre-blanc-par-ruth-stanat\/\" title=\"\u00c9tude de march\u00e9 sur la gestion des talents\"  data-wpil-monitor-id=\"11203\">strategies<\/a> to meet the demands of the local market.<\/p>\n\n\n\n<h2 class=\"wp-block-heading\">Pourquoi les entreprises ont-elles besoin d\u2019\u00e9tudes de march\u00e9 au Manitoba\u00a0?<\/h2>\n\n\n\n<p><a href=\"https:\/\/www.linkedin.com\/pulse\/how-market-research-enables-growth-ruth-stanat-phekf\/\" target=\"_blank\" rel=\"noopener\"><span style=\"font-weight: 400;\">\u00c9tude de march\u00e9<\/span><\/a> in Manitoba helps businesses identify these specific issues, allowing them to make strategic decisions that align with the local market conditions. For instance, the agricultural sector in Manitoba is highly influenced by weather patterns and global market shifts. By <a href=\"https:\/\/www.sisinternational.com\/fr\/how-to-conduct-effective-quantitative-market-research\/\" title=\"How to Conduct Effective Quantitative Market Research\" data-wpil-monitor-id=\"11207\">conducting market research<\/a>, businesses can anticipate these changes, optimize their supply chains, and develop more resilient business models.<\/p>\n\n\n\n<p>De m\u00eame, les entreprises du secteur technologique peuvent utiliser la recherche pour identifier les tendances technologiques \u00e9mergentes, comprendre le paysage concurrentiel et adapter leurs innovations aux besoins des consommateurs locaux. Essentiellement, les \u00e9tudes de march\u00e9 au Manitoba fournissent aux entreprises les informations n\u00e9cessaires pour rester comp\u00e9titives et prosp\u00e9rer sur ce march\u00e9 unique.<\/p>\n\n\n\n<p>Another significant benefit is the ability to mitigate risks. Various factors, including economic shifts, regulatory changes, and environmental conditions influence Manitoba\u2019s market. Market research in Manitoba provides businesses with critical insights into these dynamics, helping them anticipate potential challenges and adapt their strategies accordingly. Additionally, <a href=\"https:\/\/www.sisinternational.com\/fr\/competence\/cv-dexperience\/cv-dexperience-dans-lindustrie-automobile\/\" title=\"Soci\u00e9t\u00e9 d\u2019\u00e9tudes de march\u00e9 pour l\u2019industrie automobile\" data-wpil-monitor-id=\"11211\">companies can leverage market research<\/a> to gain a competitive edge by analyzing competitors\u2019 strengths and weaknesses, identifying gaps in the market, and positioning themselves strategically. Overall, market research in Manitoba empowers businesses to make data-driven decisions that foster growth and resilience.<\/p>\n\n\n\n<h2 class=\"wp-block-heading\">Notre analyse actuelle du march\u00e9 et nos recommandations<\/h2>\n\n\n\n<figure class=\"gb-block-image gb-block-image-9244db53\"><img loading=\"lazy\" decoding=\"async\" width=\"1456\" height=\"816\" class=\"gb-image gb-image-9244db53\" src=\"https:\/\/www.sisinternational.com\/wp-content\/uploads\/2025\/08\/Manitoba-2.jpg\" alt=\"\u00c9tudes de march\u00e9 et strat\u00e9gie internationales SIS\" title=\"Manitoba (2)\" srcset=\"https:\/\/www.sisinternational.com\/wp-content\/uploads\/2025\/08\/Manitoba-2.jpg 1456w, https:\/\/www.sisinternational.com\/wp-content\/uploads\/2025\/08\/Manitoba-2-300x168.jpg 300w, https:\/\/www.sisinternational.com\/wp-content\/uploads\/2025\/08\/Manitoba-2-1024x574.jpg 1024w, https:\/\/www.sisinternational.com\/wp-content\/uploads\/2025\/08\/Manitoba-2-768x430.jpg 768w, https:\/\/www.sisinternational.com\/wp-content\/uploads\/2025\/08\/Manitoba-2-18x10.jpg 18w\" sizes=\"auto, (max-width: 1456px) 100vw, 1456px\"><\/figure>\n\n\n\n<p><\/p>\n\n\n\n<p>\u00c0 <a href=\"https:\/\/www.linkedin.com\/company\/sisinternationalresearch\/\" target=\"_blank\" rel=\"noopener\"><span style=\"font-weight: 400;\">SIS International<\/span><\/a>, nous comprenons la complexit\u00e9 des affaires au Manitoba. Notre analyse de march\u00e9 actuelle r\u00e9v\u00e8le une r\u00e9gion riche en potentiel, mais \u00e9galement marqu\u00e9e par des d\u00e9fis particuliers que les entreprises doivent relever avec prudence. Les \u00e9tudes de march\u00e9 au Manitoba mettent en \u00e9vidence des opportunit\u00e9s cl\u00e9s dans des secteurs tels que l&#039;agriculture, la fabrication et la technologie, o\u00f9 la croissance est stimul\u00e9e par l&#039;innovation et l&#039;\u00e9volution des demandes des consommateurs. Nous recommandons aux entreprises de pr\u00eater une attention particuli\u00e8re \u00e0 ces secteurs, en tirant parti des informations fond\u00e9es sur les donn\u00e9es pour se positionner de mani\u00e8re strat\u00e9gique sur le march\u00e9.<\/p>\n\n\n\n<h2 class=\"wp-block-heading\">Industries cl\u00e9s<\/h2>\n\n\n\n<h3 class=\"wp-block-heading\">Sylviculture<\/h3>\n\n\n\n<p>L&#039;exploitation foresti\u00e8re est le principal moteur de la croissance de la province, et le bois d&#039;\u0153uvre occupe un quart de la superficie du territoire. Cependant, de nombreux incendies de for\u00eat l&#039;ont touch\u00e9e au fil des ans.<\/p>\n\n\n\n<h3 class=\"wp-block-heading\">Fabrication et transformation<\/h3>\n\n\n\n<p>Ce secteur est le plus important de la province. L\u2019emballage de la viande, la meunerie, la production de bois d\u2019\u0153uvre et de papier sont des industries plus petites. Il en va de m\u00eame pour l\u2019impression, la distillation et la fonte. \u00c0 l\u2019approche du XXIe si\u00e8cle, les industries technologiques ont \u00e9galement progress\u00e9. Par exemple, la province a commenc\u00e9 \u00e0 produire des ordinateurs, des outils \u00e9lectriques et des syst\u00e8mes a\u00e9ronautiques.<\/p>\n\n\n\n<h3 class=\"wp-block-heading\">Exploitation mini\u00e8re et exploration<\/h3>\n\n\n\n<p>Mining and petroleum are the second-largest primary resource industries. This crucial sector accounts for a further chunk of global export goods.<\/p>\n\n\n\n<h3 class=\"wp-block-heading\">Agriculture<\/h3>\n\n\n\n<p>This sector is not the biggest, but it creates jobs for many. Because of the climate and soil type, this province is not big on farming. Yet, it still produces some crops. The main ones are wheat, rapeseed (canola), and legumes. Residents also rear animals.<\/p>\n\n\n\n<h2 class=\"wp-block-heading\">Segments en croissance les plus importants<\/h2>\n\n\n\n<p>L\u2019un des segments qui conna\u00eet la croissance la plus rapide est celui <strong>secteur technologique<\/strong>, particularly in areas like software development, e-commerce, and digital services. Companies such as Bold Commerce are expanding rapidly, offering customizable e-commerce <a href=\"https:\/\/www.sisinternational.com\/fr\/etude-de-marche-sur-la-fabrication-intelligente\/\" title=\"\u00c9tude de march\u00e9 sur la fabrication intelligente\" data-wpil-monitor-id=\"11199\">solutions that cater to a global market<\/a>. This growth is fueled by market research in Manitoba, which helps tech firms identify emerging trends, consumer needs, and competitive gaps, allowing them to stay agile and responsive.<\/p>\n\n\n\n<p>Un autre segment de croissance important est <strong>agriculture durable et agri-tech<\/strong>. Les consommateurs \u00e9tant de plus en plus demandeurs de produits durables et d&#039;origine locale, le secteur agricole du Manitoba \u00e9volue en mettant l&#039;accent sur les pratiques agricoles respectueuses de l&#039;environnement, les produits biologiques et l&#039;int\u00e9gration technologique dans les op\u00e9rations agricoles. Les \u00e9tudes de march\u00e9 men\u00e9es au Manitoba soutiennent cette \u00e9volution en fournissant des informations sur les pr\u00e9f\u00e9rences des consommateurs, les avanc\u00e9es technologiques et les opportunit\u00e9s de march\u00e9 qui favorisent une croissance durable.<\/p>\n\n\n\n<p>Le <strong>secteur des \u00e9nergies renouvelables<\/strong> is also a fast-growing segment in Manitoba, with a strong emphasis on wind, solar, and hydroelectric power. As Manitoba continues to invest in green energy solutions, <a href=\"https:\/\/www.sisinternational.com\/fr\/solutions\/conseil-en-strategie\/recherche-dopportunites-dentree-sur-le-marche\/\" title=\"Recherche d\u2019entr\u00e9e sur le march\u00e9 et d\u2019opportunit\u00e9s\" data-wpil-monitor-id=\"11213\">\u00e9tude de march\u00e9<\/a> plays a pivotal role in identifying potential investment opportunities, understanding regulatory impacts, and evaluating the feasibility of new energy projects. This segment not only contributes to the province&#8217;s economic growth but also aligns with broader sustainability goals, making it a critical area for businesses looking to invest in Manitoba&#8217;s future.<\/p>\n\n\n\n<h2 class=\"wp-block-heading\">Principales attractions touristiques au Manitoba<\/h2>\n\n\n\n<p>L&#039;une des attractions les plus embl\u00e9matiques est l&#039;\u00e9tonnant<strong> Churchill<\/strong>, connue comme la \u00ab capitale mondiale de l&#039;ours polaire \u00bb. Cette ville isol\u00e9e sur les rives de la baie d&#039;Hudson offre des exp\u00e9riences fauniques uniques, notamment l&#039;observation d&#039;ours polaires et de b\u00e9lugas, attirant les amoureux de la nature et les aventuriers.<\/p>\n\n\n\n<p><strong>Winnipeg<\/strong>Winnipeg, la capitale, est une autre attraction majeure, alliant exp\u00e9riences culturelles et sophistication urbaine. La ville abrite The Forks, un site historique et un march\u00e9 anim\u00e9 situ\u00e9 au confluent des rivi\u00e8res Rouge et Assiniboine, offrant un m\u00e9lange de boutiques, de restaurants et d&#039;activit\u00e9s culturelles. Winnipeg abrite \u00e9galement le Mus\u00e9e canadien pour les droits de la personne, une merveille architecturale de classe mondiale qui sensibilise les visiteurs aux probl\u00e8mes mondiaux des droits de la personne, ce qui en fait un monument culturel cl\u00e9 du Manitoba.<\/p>\n\n\n\n<p>Les attractions naturelles jouent un r\u00f4le essentiel dans le tourisme au Manitoba, avec <strong>Parc national du Mont-Riding<\/strong> being one of the most popular destinations for outdoor enthusiasts. Known for its diverse wildlife, picturesque landscapes, and recreational activities like hiking, camping, and boating, the park provides an immersive nature experience. Market research in Manitoba helps tourism businesses tailor their offerings to meet the needs of visitors, <a href=\"https:\/\/www.sisinternational.com\/fr\/campagne-de-marketing-multicanal\/\" title=\"Optimiser les strat\u00e9gies de marketing multicanal pour une meilleure p\u00e9n\u00e9tration du march\u00e9\" data-wpil-monitor-id=\"11209\">enhance marketing strategies<\/a>, and capitalize on the province\u2019s rich array of attractions that set it apart as a unique travel destination.<\/p>\n\n\n\n<h2 class=\"wp-block-heading\">Quartiers<\/h2>\n\n\n\n<h3 class=\"wp-block-heading\">Winnipeg<\/h3>\n\n\n\n<p>Winnipeg est la capitale provinciale et la ville la plus peupl\u00e9e. Ce carrefour de transport poss\u00e8de une \u00e9conomie diversifi\u00e9e. La ville accueille \u00e9galement plusieurs festivals culturels, tels que Folkorama, le Winnipeg Folk Festival et le Winnipeg Jazz. Elle accueille \u00e9galement le Festival du Voyageur.<\/p>\n\n\n\n<h3 class=\"wp-block-heading\">Brandon<\/h3>\n\n\n\n<p>Brandon est la deuxi\u00e8me ville la plus peupl\u00e9e et un centre commercial r\u00e9gional. Son \u00e9conomie repose sur l&#039;\u00e9ducation, les soins de sant\u00e9, l&#039;agriculture, les transports et la transformation des aliments.<\/p>\n\n\n\n<h3 class=\"wp-block-heading\">Steinbach<\/h3>\n\n\n\n<p>Steinbach se trouve \u00e0 l&#039;extr\u00e9mit\u00e9 est de la prairie. Cette ville est ax\u00e9e sur l&#039;agriculture mais compte de nombreuses entreprises de vente au d\u00e9tail. La population de la ville comprend de nombreux migrants.<\/p>\n\n\n\n<h2 class=\"wp-block-heading\">Facteurs moteurs du march\u00e9 au Manitoba<\/h2>\n\n\n\n<figure class=\"gb-block-image gb-block-image-9aeb1dba\"><img loading=\"lazy\" decoding=\"async\" width=\"1456\" height=\"816\" class=\"gb-image gb-image-9aeb1dba\" src=\"https:\/\/www.sisinternational.com\/wp-content\/uploads\/2025\/08\/Manitoba-1.jpg\" alt=\"\u00c9tudes de march\u00e9 et strat\u00e9gie internationales SIS\" title=\"Manitoba (1)\" srcset=\"https:\/\/www.sisinternational.com\/wp-content\/uploads\/2025\/08\/Manitoba-1.jpg 1456w, https:\/\/www.sisinternational.com\/wp-content\/uploads\/2025\/08\/Manitoba-1-300x168.jpg 300w, https:\/\/www.sisinternational.com\/wp-content\/uploads\/2025\/08\/Manitoba-1-1024x574.jpg 1024w, https:\/\/www.sisinternational.com\/wp-content\/uploads\/2025\/08\/Manitoba-1-768x430.jpg 768w, https:\/\/www.sisinternational.com\/wp-content\/uploads\/2025\/08\/Manitoba-1-18x10.jpg 18w\" sizes=\"auto, (max-width: 1456px) 100vw, 1456px\"><\/figure>\n\n\n\n<p><\/p>\n\n\n\n<p>L\u2019un des principaux moteurs du march\u00e9 du Manitoba est le <strong>l&#039;emplacement strat\u00e9gique de la province<\/strong> au c\u0153ur de l\u2019Am\u00e9rique du Nord. Cet avantage g\u00e9ographique fait du Manitoba un centre essentiel pour le transport, la logistique et le commerce, notamment gr\u00e2ce \u00e0 la pr\u00e9sence de voies de transport majeures comme la Transcanadienne et de vastes r\u00e9seaux ferroviaires.<\/p>\n\n\n\n<p>Un autre moteur important du march\u00e9 est <strong>L\u2019\u00e9conomie diversifi\u00e9e et r\u00e9siliente du Manitoba<\/strong>. Avec des secteurs forts comme l\u2019agriculture, la fabrication et l\u2019\u00e9nergie, la province dispose d\u2019une base \u00e9conomique large qui att\u00e9nue les risques associ\u00e9s \u00e0 la volatilit\u00e9 des march\u00e9s. Les \u00e9tudes de march\u00e9 au Manitoba soulignent l\u2019importance de cette diversit\u00e9 \u00e9conomique, car elle favorise la cr\u00e9ation d\u2019emplois, attire les investissements et soutient la croissance \u00e9conomique m\u00eame en p\u00e9riode difficile.<\/p>\n\n\n\n<p><strong>Innovation et adoption de technologies<\/strong> Les entreprises du Manitoba jouent \u00e9galement un r\u00f4le crucial dans la croissance du march\u00e9 manitobain. Des techniques agricoles avanc\u00e9es au d\u00e9veloppement de logiciels de pointe dans le secteur technologique, les entreprises du Manitoba exploitent de plus en plus la technologie pour am\u00e9liorer leur productivit\u00e9, r\u00e9duire leurs co\u00fbts et r\u00e9pondre aux demandes changeantes des consommateurs.<\/p>\n\n\n\n<h2 class=\"wp-block-heading\">Raisons de d\u00e9velopper votre entreprise sur le march\u00e9<\/h2>\n\n\n\n<p>Le Manitoba poss\u00e8de une \u00e9conomie diversifi\u00e9e et dynamique. Il ne d\u00e9pend pas d\u2019une seule industrie, ce qui lui conf\u00e8re l\u2019un des taux de ch\u00f4mage les plus bas au Canada. Un plus grand nombre d\u2019emplois signifie une stabilit\u00e9 \u00e9conomique \u00e0 long terme.<\/p>\n\n\n\n<p>Acheter ou louer des terrains et des bureaux est facile. Les travailleurs sont qualifi\u00e9s dans de nombreux domaines et la p\u00e9nurie de main-d&#039;\u0153uvre ne se fait pas sentir en raison de l&#039;afflux d&#039;immigrants. Cette province a \u00e9galement l&#039;un des tarifs d&#039;\u00e9lectricit\u00e9 les plus bas d&#039;Am\u00e9rique du Nord, ce qui est une aubaine pour les entreprises.<\/p>\n\n\n\n<p>This crucial province has a mixed economy, which means it produces various products for global export. Its export <a href=\"https:\/\/www.sisinternational.com\/fr\/couverture\/les-ameriques\/couverture-des-etats-unis\/\" title=\"Etude de march\u00e9 aux \u00c9tats-Unis\" data-wpil-monitor-id=\"11212\">markets are the United States<\/a>, China, Japan, Mexico, Australia, and the United Kingdom. The province also helps firms that want to export to other regions. As a province of Canada, it can access 14 trade agreements with 50 countries worldwide.<\/p>\n\n\n\n<h2 class=\"wp-block-heading\"><strong>\u00c0 propos de SIS International<\/strong><\/h2>\n\n\n\n<p><a href=\"https:\/\/www.sisinternational.com\/fr\/\"><span style=\"font-weight: 400;\">SIS International<\/span><\/a><span style=\"font-weight: 400;\"> offers Quantitative, Qualitative, and Strategy Research. We provide data, tools, strategies, reports, and insights for decision-making. We also conduct interviews, surveys, focus groups, and other <a href=\"https:\/\/www.sisinternational.com\/fr\/quantitative-market-research-methods-and-techniques\/\" title=\"Quantitative Market Research Methods and Techniques\" data-wpil-monitor-id=\"11205\">Market Research methods<\/a> and approaches.<\/span><a href=\"https:\/\/www.sisinternational.com\/fr\/a-propos-de-la-recherche-internationale-sis\/contact-sis-international-market-research\/\"><span style=\"font-weight: 400;\"> Contactez nous<\/span><\/a><span style=\"font-weight: 400;\"> pour votre prochain projet d&#039;\u00e9tude de march\u00e9.<\/span><\/p>\n\n\n\n<p><\/p>","protected":false},"excerpt":{"rendered":"<p>Market Research in Manitoba, Canada By leveraging market research in Manitoba, companies can pinpoint emerging trends, align their strategies with local demands, and enhance their market entry success in this competitive environment. Are you considering expanding your business to Manitoba? Market research in Manitoba is essential to navigate this unique market landscape, which is filled &#8230; <a title=\"\u00c9tude de march\u00e9 au Manitoba, Canada\" class=\"read-more\" href=\"https:\/\/www.sisinternational.com\/fr\/couverture\/north-america\/etude-de-marche-canadienne\/etude-de-marche-manitoba-canada\/\" aria-label=\"En savoir plus sur Market Research in Manitoba, Canada\">Lire plus<\/a><\/p>","protected":false},"author":1,"featured_media":65293,"parent":16507,"menu_order":2,"comment_status":"closed","ping_status":"closed","template":"","meta":{"footnotes":""},"class_list":["post-39165","page","type-page","status-publish","has-post-thumbnail"],"_links":{"self":[{"href":"https:\/\/www.sisinternational.com\/fr\/wp-json\/wp\/v2\/pages\/39165","targetHints":{"allow":["GET"]}}],"collection":[{"href":"https:\/\/www.sisinternational.com\/fr\/wp-json\/wp\/v2\/pages"}],"about":[{"href":"https:\/\/www.sisinternational.com\/fr\/wp-json\/wp\/v2\/types\/page"}],"author":[{"embeddable":true,"href":"https:\/\/www.sisinternational.com\/fr\/wp-json\/wp\/v2\/users\/1"}],"replies":[{"embeddable":true,"href":"https:\/\/www.sisinternational.com\/fr\/wp-json\/wp\/v2\/comments?post=39165"}],"version-history":[{"count":5,"href":"https:\/\/www.sisinternational.com\/fr\/wp-json\/wp\/v2\/pages\/39165\/revisions"}],"predecessor-version":[{"id":81828,"href":"https:\/\/www.sisinternational.com\/fr\/wp-json\/wp\/v2\/pages\/39165\/revisions\/81828"}],"up":[{"embeddable":true,"href":"https:\/\/www.sisinternational.com\/fr\/wp-json\/wp\/v2\/pages\/16507"}],"wp:featuredmedia":[{"embeddable":true,"href":"https:\/\/www.sisinternational.com\/fr\/wp-json\/wp\/v2\/media\/65293"}],"wp:attachment":[{"href":"https:\/\/www.sisinternational.com\/fr\/wp-json\/wp\/v2\/media?parent=39165"}],"curies":[{"name":"wp","href":"https:\/\/api.w.org\/{rel}","templated":true}]}}