{"id":39120,"date":"2021-10-21T04:03:03","date_gmt":"2021-10-21T04:03:03","guid":{"rendered":"https:\/\/www.sisinternational.com\/?page_id=39120"},"modified":"2025-09-14T22:34:39","modified_gmt":"2025-09-15T02:34:39","slug":"etude-de-marche-psychographique","status":"publish","type":"page","link":"https:\/\/www.sisinternational.com\/fr\/solutions\/solutions-de-recherche-qualitative-et-quantitative\/etude-de-marche-psychographique\/","title":{"rendered":"\u00c9tude de march\u00e9 sur la psychographie"},"content":{"rendered":"<h1 class=\"wp-block-heading\">\u00c9tude de march\u00e9 sur la psychographie<\/h1>\n\n\n\n<figure class=\"gb-block-image gb-block-image-b944f77d\"><img loading=\"lazy\" decoding=\"async\" width=\"1456\" height=\"816\" class=\"gb-image gb-image-b944f77d\" src=\"https:\/\/www.sisinternational.com\/wp-content\/uploads\/2025\/08\/Non-profit-8-1.jpg\" alt=\"\u00c9tudes de march\u00e9 et strat\u00e9gie internationales SIS\" title=\"Non profit (8)\" srcset=\"https:\/\/www.sisinternational.com\/wp-content\/uploads\/2025\/08\/Non-profit-8-1.jpg 1456w, https:\/\/www.sisinternational.com\/wp-content\/uploads\/2025\/08\/Non-profit-8-1-300x168.jpg 300w, https:\/\/www.sisinternational.com\/wp-content\/uploads\/2025\/08\/Non-profit-8-1-1024x574.jpg 1024w, https:\/\/www.sisinternational.com\/wp-content\/uploads\/2025\/08\/Non-profit-8-1-768x430.jpg 768w, https:\/\/www.sisinternational.com\/wp-content\/uploads\/2025\/08\/Non-profit-8-1-18x10.jpg 18w\" sizes=\"auto, (max-width: 1456px) 100vw, 1456px\"><\/figure>\n\n\n\n<hr class=\"wp-block-separator has-alpha-channel-opacity is-style-dots\"\/>\n\n\n\n<h2 class=\"wp-block-heading\">\u00c0 propos de la psychographie<\/h2>\n\n\n\n<p>La psychographie est l&#039;un des quatre types de segmentation. C&#039;est aussi l&#039;\u00e9tude des consommateurs en fonction de leurs attributs mentaux. La psychographie explique \u00ab pourquoi \u00bb les consommateurs ach\u00e8tent votre produit. Il pose des questions bas\u00e9es sur les int\u00e9r\u00eats, les valeurs, le style de vie, les revenus et les croyances.<\/p>\n\n\n\n<p><strong>Ce type d\u2019\u00e9tude de march\u00e9 comporte cinq variables\u00a0:<\/strong><\/p>\n\n\n\n<ol class=\"wp-block-list\">\n<li>Personnalit\u00e9<\/li>\n\n\n\n<li>Mode de vie<\/li>\n\n\n\n<li>Statut social<\/li>\n\n\n\n<li>AIO (Activit\u00e9s, Int\u00e9r\u00eats, Opinions)<\/li>\n\n\n\n<li>Attitude<\/li>\n<\/ol>\n\n\n\n<p>Les donn\u00e9es d\u00e9mographiques concernent \u00ab qui \u00bb est le client. Cela implique de trouver des donn\u00e9es sur l\u2019\u00e2ge, le sexe, l\u2019origine ethnique, la carri\u00e8re et l\u2019\u00e9ducation.<\/p>\n\n\n\n<p>Demographics and Psychographics work together to create a perfect consumer profile. The business can now use this profile to format new product ideas. Those ideas are in line with what the consumer desires.<\/p>\n\n\n\n<h2 class=\"wp-block-heading\">Pourquoi c&#039;est important?<\/h2>\n\n\n\n<p>The success of a business lies in its ability to provide the best services to customers. You can only offer the <a href=\"https:\/\/www.linkedin.com\/company\/sisinternationalresearch\" target=\"_blank\" rel=\"noopener\">best services<\/a> if you know the customers you are marketing to. It also helps narrow the customer outlook. Doing so makes it easier to target those who are likely to buy your products and services.<\/p>\n\n\n\n<p>Cela facilite la gestion des ressources. Lorsque vous comprenez les besoins des consommateurs, vous \u00e9conomisez des ressources. Vous pouvez alors d\u00e9velopper des produits plus pr\u00e9cis. Vous \u00e9conomisez \u00e9galement de l\u2019argent sur les campagnes de marque si vous avez un public cibl\u00e9.<\/p>\n\n\n\n<p>La psychographie s&#039;applique \u00e0 de nombreuses entreprises. C\u2019est \u00e9galement utile aux clients. En connaissant leurs int\u00e9r\u00eats et leurs aversions, vous pouvez rejeter et lancer des produits et susciter l&#039;int\u00e9r\u00eat pour l&#039;entreprise. Personne ne chercherait un produit qui ne lui est pas destin\u00e9.<\/p>\n\n\n\n<p>Psychographic segmentation is qualitative. Yet, because each customer has a broad range of AIOs, the information is better understood. When the company understands its buyers, it can improve its products. Seth Godin once said, \u201cDon\u2019t find customers for your products; find products for your customers.\u201d By increasing the value of your products, you keep customers coming back.<\/p>\n\n\n\n<h2 class=\"wp-block-heading\">Titres de poste cl\u00e9s<\/h2>\n\n\n\n<h4 class=\"wp-block-heading\">Directeur marketing<\/h4>\n\n\n\n<p>The Marketing Director is responsible for developing brands and customer personas. They also test different channels to optimize the customer experience and gather extensive demographic and psychographic data to do so.<\/p>\n\n\n\n<h4 class=\"wp-block-heading\">Responsable du segment client<\/h4>\n\n\n\n<p>This person organizes all customer research groups. They must develop products that match customer profiles and transfer information for promoting goods to the marketing teams.<\/p>\n\n\n\n<h2 class=\"wp-block-heading\">Facteurs cl\u00e9s de succ\u00e8s<\/h2>\n\n\n\n<p>Les m\u00e9dias sociaux sont un facteur critique en psychographie. La meilleure fa\u00e7on de savoir \u00ab pourquoi \u00bb est de demander \u00ab pourquoi \u00bb. Vous pouvez inviter les clients \u00e0 donner les raisons qui les poussent \u00e0 acheter vos produits sous forme d\u2019enqu\u00eates en ligne. C&#039;est un excellent moyen d&#039;am\u00e9liorer vos services.<\/p>\n\n\n\n<p>Un bon marketing est \u00e9galement un facteur de r\u00e9ussite essentiel. L&#039;entreprise doit disposer d&#039;un moyen de rassembler toutes les donn\u00e9es psychographiques. Cela lui permettra de r\u00e9pondre aux besoins de ses clients. Vous pouvez faire tout cela gr\u00e2ce \u00e0 une publicit\u00e9 sp\u00e9cialis\u00e9e. Les ventes d\u00e9finissent \u00e9galement le succ\u00e8s de ce type de recherche.<\/p>\n\n\n\n<h2 class=\"wp-block-heading\">Pourquoi les entreprises ont besoin de psychographie<\/h2>\n\n\n\n<p><\/p>\n\n\n\n<figure class=\"gb-block-image gb-block-image-e1789400\"><img loading=\"lazy\" decoding=\"async\" width=\"1456\" height=\"816\" class=\"gb-image gb-image-e1789400\" src=\"https:\/\/www.sisinternational.com\/wp-content\/uploads\/2025\/08\/Business-17.jpg\" alt=\"\u00c9tudes de march\u00e9 et strat\u00e9gie internationales SIS\" title=\"Business (17)\" srcset=\"https:\/\/www.sisinternational.com\/wp-content\/uploads\/2025\/08\/Business-17.jpg 1456w, https:\/\/www.sisinternational.com\/wp-content\/uploads\/2025\/08\/Business-17-300x168.jpg 300w, https:\/\/www.sisinternational.com\/wp-content\/uploads\/2025\/08\/Business-17-1024x574.jpg 1024w, https:\/\/www.sisinternational.com\/wp-content\/uploads\/2025\/08\/Business-17-768x430.jpg 768w, https:\/\/www.sisinternational.com\/wp-content\/uploads\/2025\/08\/Business-17-18x10.jpg 18w\" sizes=\"auto, (max-width: 1456px) 100vw, 1456px\"><\/figure>\n\n\n\n<p><\/p>\n\n\n\n<p>Utiliser la psychographie est un moyen cr\u00e9atif de mieux comprendre vos consommateurs. Les clients sont la racine de votre entreprise. Sans eux, l\u2019\u00e9chec est in\u00e9vitable. Conna\u00eetre votre client va bien au-del\u00e0 des donn\u00e9es d\u00e9mographiques. Vous devez \u00e9galement comprendre comment fonctionne leur esprit. Vous devez savoir pourquoi ils font ces choix. Avec cela, vous pouvez faire en sorte que votre entreprise et vos produits fonctionnent pour eux.<\/p>\n\n\n\n<p>Cela permet de cibler des consommateurs sp\u00e9cifiques : ceux qui sont susceptibles d\u2019acheter chez vous. Un exemple de ceci est une entreprise de fabrication de bougies. Une enqu\u00eate d\u00e9mographique montre \u00ab qui \u00bb sont vos clients. La plupart de vos acheteurs sont des femmes \u00e2g\u00e9es de 17 \u00e0 26 ans. Ces informations sont pertinentes mais pas suffisantes.<\/p>\n\n\n\n<p>Vous devez savoir pourquoi ils ach\u00e8tent chez vous, que ce soit en raison du prix, du produit ou de l&#039;occasion. Vont-ils utiliser ces bougies pour la d\u00e9coration, les cadeaux ou pour eux-m\u00eames\u00a0? Ce sont toutes des questions auxquelles r\u00e9pondent les psychographiques. Vous disposez d\u00e9sormais d\u2019une vision et d\u2019une image globale de votre client et de son avis. Ainsi, vous pouvez mieux cibler vos produits sur un groupe sp\u00e9cifique. Vous pouvez m\u00eame cr\u00e9er de nouveaux produits, qui \u00e0 leur tour g\u00e9n\u00e9reront plus de ventes.<\/p>\n\n\n\n<p>Nous avons vu \u00e0 quel point cet outil est essentiel pour vous aider \u00e0 d\u00e9couvrir pourquoi les clients ach\u00e8tent vos produits. Cela aide \u00e9galement votre entreprise \u00e0 cr\u00e9er une forte personnalit\u00e9 d\u2019utilisateur. Un tel personnage aide \u00e0 envoyer le bon message aux personnes s\u00e9lectionn\u00e9es. L\u2019entreprise assumerait d\u00e9sormais le r\u00f4le d\u2019acheteur. Ils peuvent d\u00e9sormais demander ce qu\u2019ils attendent de l\u2019entreprise et de leurs produits.<\/p>\n\n\n\n<p>R\u00e9pondre aux besoins des clients en mati\u00e8re de produits renforce \u00e9galement la fid\u00e9lit\u00e9 \u00e0 la marque. Cela donne aux consommateurs le sentiment que vous les connaissez. Cela leur permet \u00e9galement de se sentir sp\u00e9ciaux. En r\u00e9pondant \u00e0 leurs besoins en produits, vous \u00e9voquez \u00e9galement leur fid\u00e9lit\u00e9 \u00e0 votre seule marque.<\/p>\n\n\n\n<h2 class=\"wp-block-heading\">\u00c0 propos des \u00e9tudes de march\u00e9 psychographiques<\/h2>\n\n\n\n<p>Psychographics is a unique form of <a class=\"wpil_keyword_link\" href=\"https:\/\/www.sisinternational.com\/fr\/solutions\/etude-de-marche-de-consommation\/\" title=\"Consumer Market Research Services for Smarter Business Decisions\" data-wpil-keyword-link=\"linked\" data-wpil-monitor-id=\"418\">\u00e9tude de march\u00e9 de consommation<\/a>. Companies gather data through Focus Groups, Interviews, and Surveys. The data collected is a form of Qualitative Research, whereas demographics are Quantitative. Strategy Research is also important in making advertising plans. Thus, psychographics is excellent for consumer research.<\/p>\n\n\n\n<h2 class=\"wp-block-heading\">Notre emplacement \u00e0 New York<\/h2>\n\n\n\n<p>\n\n\n\n<iframe loading=\"lazy\" src=\"https:\/\/www.google.com\/maps\/embed?pb=!1m18!1m12!1m3!1d3022.976188376966!2d-73.99130312499956!3d40.740549471389315!2m3!1f0!2f0!3f0!3m2!1i1024!2i768!4f13.1!3m3!1m2!1s0x89c259a15798c731%3A0xd695d09bdd495f25!2s11%20E%2022nd%20St%20FL%202%2C%20New%20York%2C%20NY%2010010%2C%20USA!5e0!3m2!1sen!2spe!4v1726171763526!5m2!1sen!2spe\" width=\"600\" height=\"450\" allowfullscreen=\"allowfullscreen\" data-mce-fragment=\"1\"><\/iframe>\n\n\n\n<\/p>\n\n\n\n<h3 class=\"wp-block-heading\">11 E 22nd Street, \u00e9tage 2, New York, NY 10010 T\u00e9l. : +1(212) 505-6805<\/h3>\n\n\n\n<hr class=\"wp-block-separator has-alpha-channel-opacity\"\/>\n\n\n\n<h2 class=\"wp-block-heading\"><span style=\"font-weight: 400;\">\u00c0 propos de SIS International<\/span><\/h2>\n\n\n\n<p><a href=\"https:\/\/www.sisinternational.com\/fr\/\"><span style=\"font-weight: 400;\">SIS International<\/span><\/a><span style=\"font-weight: 400;\"> propose des recherches quantitatives, qualitatives et strat\u00e9giques. Nous fournissons des donn\u00e9es, des outils, des strat\u00e9gies, des rapports et des informations pour la prise de d\u00e9cision. Nous menons \u00e9galement des entretiens, des enqu\u00eates, des groupes de discussion et d\u2019autres m\u00e9thodes et approches d\u2019\u00e9tudes de march\u00e9.<\/span><a href=\"https:\/\/www.sisinternational.com\/fr\/a-propos-de-la-recherche-internationale-sis\/contact-sis-international-market-research\/\"><span style=\"font-weight: 400;\"> Contactez nous<\/span><\/a><span style=\"font-weight: 400;\"> pour votre prochain projet d&#039;\u00e9tude de march\u00e9.<\/span><\/p>\n\n\n\n<p><\/p>","protected":false},"excerpt":{"rendered":"<p>D\u00e9veloppez votre entreprise avec les \u00e9tudes de march\u00e9 psychographiques.<\/p>","protected":false},"author":1,"featured_media":62999,"parent":14660,"menu_order":22,"comment_status":"closed","ping_status":"closed","template":"","meta":{"footnotes":""},"class_list":["post-39120","page","type-page","status-publish","has-post-thumbnail"],"_links":{"self":[{"href":"https:\/\/www.sisinternational.com\/fr\/wp-json\/wp\/v2\/pages\/39120","targetHints":{"allow":["GET"]}}],"collection":[{"href":"https:\/\/www.sisinternational.com\/fr\/wp-json\/wp\/v2\/pages"}],"about":[{"href":"https:\/\/www.sisinternational.com\/fr\/wp-json\/wp\/v2\/types\/page"}],"author":[{"embeddable":true,"href":"https:\/\/www.sisinternational.com\/fr\/wp-json\/wp\/v2\/users\/1"}],"replies":[{"embeddable":true,"href":"https:\/\/www.sisinternational.com\/fr\/wp-json\/wp\/v2\/comments?post=39120"}],"version-history":[{"count":10,"href":"https:\/\/www.sisinternational.com\/fr\/wp-json\/wp\/v2\/pages\/39120\/revisions"}],"predecessor-version":[{"id":74915,"href":"https:\/\/www.sisinternational.com\/fr\/wp-json\/wp\/v2\/pages\/39120\/revisions\/74915"}],"up":[{"embeddable":true,"href":"https:\/\/www.sisinternational.com\/fr\/wp-json\/wp\/v2\/pages\/14660"}],"wp:featuredmedia":[{"embeddable":true,"href":"https:\/\/www.sisinternational.com\/fr\/wp-json\/wp\/v2\/media\/62999"}],"wp:attachment":[{"href":"https:\/\/www.sisinternational.com\/fr\/wp-json\/wp\/v2\/media?parent=39120"}],"curies":[{"name":"wp","href":"https:\/\/api.w.org\/{rel}","templated":true}]}}