{"id":39116,"date":"2021-10-21T03:34:48","date_gmt":"2021-10-21T03:34:48","guid":{"rendered":"https:\/\/www.sisinternational.com\/?page_id=39116"},"modified":"2026-01-25T17:17:30","modified_gmt":"2026-01-25T22:17:30","slug":"etude-de-marche-sur-lindustrie-lourde","status":"publish","type":"page","link":"https:\/\/www.sisinternational.com\/fr\/competence\/etude-de-marche-sur-lindustrie-lourde\/","title":{"rendered":"\u00c9tude de march\u00e9 de l\u2019industrie lourde"},"content":{"rendered":"<h1 class=\"wp-block-heading\">\u00c9tude de march\u00e9 de l\u2019industrie lourde<\/h1>\n\n\n\n<figure class=\"gb-block-image gb-block-image-405d5ad1\"><img loading=\"lazy\" decoding=\"async\" width=\"1456\" height=\"816\" class=\"gb-image gb-image-405d5ad1\" src=\"https:\/\/www.sisinternational.com\/wp-content\/uploads\/2025\/08\/Heavy-machinery-6.jpg\" alt=\"\u00c9tudes de march\u00e9 et strat\u00e9gie internationales SIS\" title=\"Heavy machinery (6)\" srcset=\"https:\/\/www.sisinternational.com\/wp-content\/uploads\/2025\/08\/Heavy-machinery-6.jpg 1456w, https:\/\/www.sisinternational.com\/wp-content\/uploads\/2025\/08\/Heavy-machinery-6-300x168.jpg 300w, https:\/\/www.sisinternational.com\/wp-content\/uploads\/2025\/08\/Heavy-machinery-6-1024x574.jpg 1024w, https:\/\/www.sisinternational.com\/wp-content\/uploads\/2025\/08\/Heavy-machinery-6-768x430.jpg 768w, https:\/\/www.sisinternational.com\/wp-content\/uploads\/2025\/08\/Heavy-machinery-6-18x10.jpg 18w\" sizes=\"auto, (max-width: 1456px) 100vw, 1456px\"><\/figure>\n\n\n\n<p><\/p>\n\n\n\n<h2 class=\"wp-block-heading\">Qu\u2019est-ce que l\u2019\u00e9tude de march\u00e9 de l\u2019industrie lourde ?<\/h2>\n\n\n\n<p>L\u2019industrie lourde se concentre moins sur le consommateur que le secteur de l\u2019industrie l\u00e9g\u00e8re. Mais cela utilise beaucoup plus de capital. En outre, cela implique souvent l\u2019extraction et l\u2019utilisation de mati\u00e8res premi\u00e8res pour produire des biens. L\u2019industrie lourde a donc un impact consid\u00e9rable sur plusieurs industries.<\/p>\n\n\n\n<p>Des exemples d&#039;industrie lourde sont\u00a0:<\/p>\n\n\n\n<ul class=\"wp-block-list\">\n<li>Construction navale<\/li>\n\n\n\n<li>Construction de machines-outils<\/li>\n\n\n\n<li>Production d&#039;acier<\/li>\n\n\n\n<li>Exploitation mini\u00e8re<\/li>\n\n\n\n<li>Produits chimiques<\/li>\n<\/ul>\n\n\n\n<p>L&#039;industrie lourde comprend \u00e9galement la fabrication d&#039;\u00e9quipements utilis\u00e9s pour l&#039;agriculture et la construction.<\/p>\n\n\n\n<p>L\u2019un des principaux moteurs du march\u00e9 dans ce secteur est l\u2019augmentation des d\u00e9penses de construction dans le monde. Mais la cr\u00e9ation de nouveaux produits dans le secteur de l\u2019industrie lourde n\u00e9cessite d\u2019\u00e9normes d\u00e9penses en capital. Ainsi, les petites entreprises de ce secteur ne peuvent produire que des machines sp\u00e9cialis\u00e9es.<\/p>\n\n\n\n<h2 class=\"wp-block-heading\">Pourquoi les \u00e9tudes de march\u00e9 sur l\u2019industrie lourde sont-elles importantes ?<\/h2>\n\n\n\n<p>In all industries and sectors, Market Research is essential. It is vital in the Heavy Industry industry, where the effects of making misinformed decisions can be severe. At times, such decisions can be nothing short of disastrous. Market Research is vital for entering new markets as well as acquiring other businesses. It\u2019s also needed for major new product launches. Here are four reasons why <a href=\"https:\/\/www.sisinternational.com\/fr\/etude-de-marche-dans-le-secteur-de-leducation\/\" title=\"\u00c9tude de march\u00e9 sur le secteur de l\u2019\u00e9ducation\"  data-wpil-monitor-id=\"1818\">Market Research benefits Heavy Industry<\/a>:<\/p>\n\n\n\n<p>1. Il aide les acteurs de l\u2019industrie \u00e0 obtenir des informations primaires. En fait, il est rare d\u2019obtenir de telles informations \u00e0 partir de sources secondaires.<\/p>\n\n\n\n<p>2. Il aide les fabricants de produits de l\u2019industrie lourde \u00e0 identifier les acheteurs.<\/p>\n\n\n\n<p>3. Cela les aide \u00e0 identifier le contenu et les m\u00e9thodes qui les maintiendront pertinents.<\/p>\n\n\n\n<p>4. Cela les aide \u00e0 r\u00e9duire les risques.<\/p>\n\n\n\n<h2 class=\"wp-block-heading\">Titres de poste cl\u00e9s<\/h2>\n\n\n\n<h3 class=\"wp-block-heading\">Les titres de poste critiques dans l\u2019industrie lourde sont les suivants\u00a0:<\/h3>\n\n\n\n<ul class=\"wp-block-list\">\n<li><strong>Assembleur\u00a0: <\/strong>Un assembleur assemble des \u00e9quipements de l\u2019industrie lourde. Il assemble les diff\u00e9rentes parties d&#039;un produit pour le rendre fonctionnel.<\/li>\n\n\n\n<li><strong>Op\u00e9rateur\/Machiniste\u00a0: <\/strong>Les op\u00e9rateurs et les machinistes sont des experts dans l\u2019utilisation des machines. Les op\u00e9rateurs\/machinistes doivent \u00e9galement \u00eatre dou\u00e9s pour r\u00e9soudre les dysfonctionnements des machines. La plupart des op\u00e9rateurs savent utiliser presque tous les types de machines. Ainsi, la plupart d\u2019entre eux sont des experts en fonctionnement des machines.<\/li>\n\n\n\n<li><strong>Inspecteur de la qualit\u00e9: <\/strong>Un inspecteur qualit\u00e9 est un sp\u00e9cialiste qui v\u00e9rifie le bon fonctionnement des machines. Cette personne peut \u00e9galement identifier la valeur d&#039;une machine sur le march\u00e9. Les inspecteurs de la qualit\u00e9 ont tendance \u00e0 conna\u00eetre tous les types de mat\u00e9riaux utilis\u00e9s dans tout \u00e9quipement lourd.<\/li>\n<\/ul>\n\n\n\n<h2 class=\"wp-block-heading\">Pourquoi les entreprises ont besoin d\u2019une \u00e9tude de march\u00e9 sur l\u2019industrie lourde<\/h2>\n\n\n\n<p>L\u2019\u00e9tude de march\u00e9 permet de conna\u00eetre l\u2019\u00e9tat actuel du march\u00e9. Les entreprises peuvent \u00e9galement l\u2019utiliser pour pr\u00e9dire les besoins futurs des consommateurs. Les cycles de vente dans ce secteur sont souvent longs. Les \u00e9tudes de march\u00e9 peuvent aider \u00e0 d\u00e9terminer les meilleurs moyens de fid\u00e9liser les prospects tout au long du processus.<\/p>\n\n\n\n<p>Les entreprises d\u2019envergure mondiale doivent se conformer aux normes locales. Ils doivent rester inform\u00e9s \u00e0 toutes les \u00e9tapes des processus de production et de vente. Les \u00e9tudes de march\u00e9 peuvent vous aider \u00e0 identifier et \u00e0 suivre les tendances \u00e9mergentes. Ainsi, vous d\u00e9pensez moins d\u2019argent en surprises de conformit\u00e9.<\/p>\n\n\n\n<h2 class=\"wp-block-heading\">Facteurs cl\u00e9s de succ\u00e8s<\/h2>\n\n\n\n<p>Les experts ont identifi\u00e9 plusieurs facteurs qui peuvent aider les acteurs de cette industrie. Ces facteurs peuvent les aider \u00e0 \u00eatre comp\u00e9titifs sur leurs march\u00e9s respectifs. Ils comprennent:<\/p>\n\n\n\n<ul class=\"wp-block-list\">\n<li><strong>Productivit\u00e9:<\/strong> L\u2019expansion signifie souvent augmenter la production sans augmenter la taille de l\u2019usine. Ainsi, les acteurs de l\u2019industrie doivent s\u2019efforcer d\u2019\u00eatre plus efficaces dans leurs op\u00e9rations.<\/li>\n\n\n\n<li><strong>Connectivit\u00e9\u00a0:<\/strong> Des milliards de machines et d\u2019\u00e9quipements se connectent d\u00e9sormais \u00e0 Internet gr\u00e2ce \u00e0 la puissance de l\u2019IA. Pour que les fabricants d\u2019\u00e9quipements de l\u2019industrie lourde soient comp\u00e9titifs, ils doivent consid\u00e9rer leurs syst\u00e8mes comme faisant partie d\u2019un monde connect\u00e9.<\/li>\n\n\n\n<li><strong>Standardisation:<\/strong> Le processus de fabrication de machines conformes \u00e0 une norme rend les op\u00e9rations de l\u2019industrie lourde plus efficaces. D&#039;une part, il est plus rapide de commercialiser le produit. Cela permet \u00e9galement aux acteurs de l\u2019industrie de s\u2019am\u00e9liorer continuellement.<\/li>\n<\/ul>\n\n\n\n<h2 class=\"wp-block-heading\">\u00c0 propos des \u00e9tudes de march\u00e9 sur l\u2019industrie lourde<\/h2>\n\n\n\n<figure class=\"gb-block-image gb-block-image-5181c579\"><img loading=\"lazy\" decoding=\"async\" width=\"1456\" height=\"816\" class=\"gb-image gb-image-5181c579\" src=\"https:\/\/www.sisinternational.com\/wp-content\/uploads\/2025\/08\/Heavy-machinery-7.jpg\" alt=\"\u00c9tudes de march\u00e9 et strat\u00e9gie internationales SIS\" title=\"Heavy machinery (7)\" srcset=\"https:\/\/www.sisinternational.com\/wp-content\/uploads\/2025\/08\/Heavy-machinery-7.jpg 1456w, https:\/\/www.sisinternational.com\/wp-content\/uploads\/2025\/08\/Heavy-machinery-7-300x168.jpg 300w, https:\/\/www.sisinternational.com\/wp-content\/uploads\/2025\/08\/Heavy-machinery-7-1024x574.jpg 1024w, https:\/\/www.sisinternational.com\/wp-content\/uploads\/2025\/08\/Heavy-machinery-7-768x430.jpg 768w, https:\/\/www.sisinternational.com\/wp-content\/uploads\/2025\/08\/Heavy-machinery-7-18x10.jpg 18w\" sizes=\"auto, (max-width: 1456px) 100vw, 1456px\"><\/figure>\n\n\n\n<p><\/p>\n\n\n\n<p>Through the years, Heavy <a href=\"https:\/\/www.sisinternational.com\/fr\/competence\/les-industries\/etude-de-marche-sur-lindustrie-de-la-photographie\/\" title=\"\u00c9tude de march\u00e9 sur l\u2019industrie de la photographie\"  data-wpil-monitor-id=\"3192\">Industry Market Research<\/a> has helped the field of science. It has made room for avant-garde players in technology, manufacturing, and machinery, and it enables them to survive future risks at least.<\/p>\n\n\n\n<p>Nous effectuons des recherches qualitatives, quantitatives et strat\u00e9giques au moyen d&#039;entretiens et d&#039;enqu\u00eates. Nous organisons \u00e9galement des groupes de discussion pour aider \u00e0 \u00e9valuer la r\u00e9action du march\u00e9 aux produits.<\/p>\n\n\n\n<p>Companies need to see the importance of Heavy <a href=\"https:\/\/www.sisinternational.com\/fr\/competence\/les-industries\/etude-de-marche-sur-le-design-industriel\/\" title=\"\u00c9tude de march\u00e9 sur le design industriel\"  data-wpil-monitor-id=\"4154\">Industry Market Research<\/a>. It takes time, money, and effort, but it builds endless potential. It also enables the makers of heavy equipment to improve their bottom line.<\/p>\n\n\n\n<p><\/p>","protected":false},"excerpt":{"rendered":"<p>Les \u00e9tudes de march\u00e9 sur l\u2019industrie lourde ont aid\u00e9 la science et permis aux acteurs d\u2019avant-garde dans les domaines de la technologie, de la fabrication et des machines.<\/p>","protected":false},"author":1,"featured_media":63560,"parent":14514,"menu_order":81,"comment_status":"closed","ping_status":"closed","template":"","meta":{"footnotes":""},"class_list":["post-39116","page","type-page","status-publish","has-post-thumbnail"],"_links":{"self":[{"href":"https:\/\/www.sisinternational.com\/fr\/wp-json\/wp\/v2\/pages\/39116","targetHints":{"allow":["GET"]}}],"collection":[{"href":"https:\/\/www.sisinternational.com\/fr\/wp-json\/wp\/v2\/pages"}],"about":[{"href":"https:\/\/www.sisinternational.com\/fr\/wp-json\/wp\/v2\/types\/page"}],"author":[{"embeddable":true,"href":"https:\/\/www.sisinternational.com\/fr\/wp-json\/wp\/v2\/users\/1"}],"replies":[{"embeddable":true,"href":"https:\/\/www.sisinternational.com\/fr\/wp-json\/wp\/v2\/comments?post=39116"}],"version-history":[{"count":6,"href":"https:\/\/www.sisinternational.com\/fr\/wp-json\/wp\/v2\/pages\/39116\/revisions"}],"predecessor-version":[{"id":78263,"href":"https:\/\/www.sisinternational.com\/fr\/wp-json\/wp\/v2\/pages\/39116\/revisions\/78263"}],"up":[{"embeddable":true,"href":"https:\/\/www.sisinternational.com\/fr\/wp-json\/wp\/v2\/pages\/14514"}],"wp:featuredmedia":[{"embeddable":true,"href":"https:\/\/www.sisinternational.com\/fr\/wp-json\/wp\/v2\/media\/63560"}],"wp:attachment":[{"href":"https:\/\/www.sisinternational.com\/fr\/wp-json\/wp\/v2\/media?parent=39116"}],"curies":[{"name":"wp","href":"https:\/\/api.w.org\/{rel}","templated":true}]}}