{"id":39114,"date":"2021-10-21T03:25:35","date_gmt":"2021-10-21T03:25:35","guid":{"rendered":"https:\/\/www.sisinternational.com\/?page_id=39114"},"modified":"2025-09-14T23:19:31","modified_gmt":"2025-09-15T03:19:31","slug":"etude-de-marche-en-genomique","status":"publish","type":"page","link":"https:\/\/www.sisinternational.com\/fr\/competence\/etude-de-marche-en-genomique\/","title":{"rendered":"\u00c9tude de march\u00e9 sur la g\u00e9nomique"},"content":{"rendered":"<h1 class=\"wp-block-heading\">\u00c9tude de march\u00e9 sur la g\u00e9nomique<\/h1>\n\n\n\n<figure class=\"gb-block-image gb-block-image-29d616c7\"><img loading=\"lazy\" decoding=\"async\" width=\"1456\" height=\"816\" class=\"gb-image gb-image-29d616c7\" src=\"https:\/\/www.sisinternational.com\/wp-content\/uploads\/2025\/08\/DNA-genomics-genetics-5.jpg\" alt=\"\u00c9tudes de march\u00e9 et strat\u00e9gie internationales SIS\" title=\"DNA genomics genetics (5)\" srcset=\"https:\/\/www.sisinternational.com\/wp-content\/uploads\/2025\/08\/DNA-genomics-genetics-5.jpg 1456w, https:\/\/www.sisinternational.com\/wp-content\/uploads\/2025\/08\/DNA-genomics-genetics-5-300x168.jpg 300w, https:\/\/www.sisinternational.com\/wp-content\/uploads\/2025\/08\/DNA-genomics-genetics-5-1024x574.jpg 1024w, https:\/\/www.sisinternational.com\/wp-content\/uploads\/2025\/08\/DNA-genomics-genetics-5-768x430.jpg 768w, https:\/\/www.sisinternational.com\/wp-content\/uploads\/2025\/08\/DNA-genomics-genetics-5-18x10.jpg 18w\" sizes=\"auto, (max-width: 1456px) 100vw, 1456px\"><\/figure>\n\n\n\n<p><\/p>\n\n\n\n<h2 class=\"wp-block-heading\">Qu\u2019est-ce que la g\u00e9nomique ?<\/h2>\n\n\n\n<p>Genomics is the study of genes and all DNA. The data genomics can help diagnose an illness. It can also determine the chance of getting a condition in later life. Also,\u00a0genomics can detect the right type of medicine needed for certain illnesses. Another great thing about this field is that it has no limits. As a matter of fact,\u00a0this type of tech can tell you your disease risk. As a result, diseases and outbreaks can be traced and cured.<\/p>\n\n\n\n<h2 class=\"wp-block-heading\">Pourquoi les \u00e9tudes de march\u00e9 g\u00e9nomiques sont-elles importantes ?<\/h2>\n\n\n\n<ul class=\"wp-block-list\">\n<li>Il analyse l\u2019int\u00e9gralit\u00e9 de votre constitution g\u00e9n\u00e9tique \u00e0 l\u2019aide de m\u00e9thodes de s\u00e9quen\u00e7age d\u2019ADN et de bioinformatique.<\/li>\n\n\n\n<li>It will be able to point out where genes have been tampered with. And also, why we have certain kinds of diseases and ways of curing them.<\/li>\n\n\n\n<li>La g\u00e9nomique peut vous indiquer les chances d\u2019avoir certains g\u00e8nes. Cela peut \u00e9galement pr\u00e9dire le risque de changement pour la prochaine g\u00e9n\u00e9ration.<\/li>\n<\/ul>\n\n\n\n<h2 class=\"wp-block-heading\">Titres de poste cl\u00e9s<\/h2>\n\n\n\n<h3 class=\"wp-block-heading\">G\u00e9n\u00e9ticien Clinique<\/h3>\n\n\n\n<p>A clinical geneticist helps in giving the correct lab tests on genes. In addition, they counsel patients who are at risk of genetic health problems.<\/p>\n\n\n\n<h3 class=\"wp-block-heading\">Conseiller en g\u00e9n\u00e9tique<\/h3>\n\n\n\n<p>Les conseillers en g\u00e9n\u00e9tique conseillent les patients sur les choix qu&#039;ils font concernant leur sant\u00e9 g\u00e9n\u00e9tique. Ils combinent leurs connaissances en sciences fondamentales et en g\u00e9n\u00e9tique m\u00e9dicale pour conseiller les clients sur un ensemble diversifi\u00e9 d\u2019indications g\u00e9n\u00e9tiques.<\/p>\n\n\n\n<h3 class=\"wp-block-heading\">Scientifique des donn\u00e9es<\/h3>\n\n\n\n<p>Les data scientists comparent les donn\u00e9es d&#039;organismes mod\u00e8les avec les donn\u00e9es humaines pour obtenir des informations biom\u00e9dicales. Ils interpr\u00e8tent \u00e9galement des s\u00e9quences et des donn\u00e9es cliniques. En outre, ils utilisent des outils et des m\u00e9thodes informatiques pour extraire des donn\u00e9es d\u2019\u00e9tudes de m\u00e9decine g\u00e9nomique.<\/p>\n\n\n\n<h3 class=\"wp-block-heading\">Chercheurs en g\u00e9nomique<\/h3>\n\n\n\n<p>Les chercheurs en g\u00e9nomique d\u00e9terminent les fonctions des g\u00e8nes et d&#039;autres faits dans le g\u00e9nome. Par exemple, ils d\u00e9finissent le s\u00e9quen\u00e7age de l\u2019ADN, les diff\u00e9rences chez les humains et leurs effets.<\/p>\n\n\n\n<h2 class=\"wp-block-heading\">Pourquoi les entreprises ont-elles besoin d\u2019\u00e9tudes de march\u00e9 sur la g\u00e9nomique ?<\/h2>\n\n\n\n<figure class=\"gb-block-image gb-block-image-9abcbf42\"><img loading=\"lazy\" decoding=\"async\" width=\"1456\" height=\"816\" class=\"gb-image gb-image-9abcbf42\" src=\"https:\/\/www.sisinternational.com\/wp-content\/uploads\/2025\/08\/DNA-genomics-genetics-4.jpg\" alt=\"\u00c9tudes de march\u00e9 et strat\u00e9gie internationales SIS\" title=\"DNA genomics genetics (4)\" srcset=\"https:\/\/www.sisinternational.com\/wp-content\/uploads\/2025\/08\/DNA-genomics-genetics-4.jpg 1456w, https:\/\/www.sisinternational.com\/wp-content\/uploads\/2025\/08\/DNA-genomics-genetics-4-300x168.jpg 300w, https:\/\/www.sisinternational.com\/wp-content\/uploads\/2025\/08\/DNA-genomics-genetics-4-1024x574.jpg 1024w, https:\/\/www.sisinternational.com\/wp-content\/uploads\/2025\/08\/DNA-genomics-genetics-4-768x430.jpg 768w, https:\/\/www.sisinternational.com\/wp-content\/uploads\/2025\/08\/DNA-genomics-genetics-4-18x10.jpg 18w\" sizes=\"auto, (max-width: 1456px) 100vw, 1456px\"><\/figure>\n\n\n\n<p><\/p>\n\n\n\n<p>Genetic <a href=\"https:\/\/www.sisinternational.com\/fr\/societe-danalyse-industrielle-de-premier-plan-a-new-york\/\" title=\"Meilleure soci\u00e9t\u00e9 d&#039;analyse industrielle \u00e0 New York\"  data-wpil-monitor-id=\"7831\">analysis can help companies<\/a> in the health and wellness sector to understand why some people get sick from certain infections. It also helps to unveil why climate factors affect some people and have little or no effect on others. For example,\u00a0some\u00a0eat healthy diets, have regular medical tests, and die of chest pains at age 40. In contrast, some people smoke, eat junk foods, and live to be 100.<\/p>\n\n\n\n<p>Further, in the US, genomics plays an effective role in getting rid of nine of the ten leading causes of death.\u00a0It helps\u00a0people to know their risk factors, and it also enables them to change their environment to suit. It also alters a genome with a unique order. In addition, it gives a high regard for what our DNA means for our health and values.<\/p>\n\n\n\n<h2 class=\"wp-block-heading\">Facteurs de r\u00e9ussite importants<\/h2>\n\n\n\n<p>With genomics, clinicians get enough knowledge of genes and their environment. Moreover, the ability to read the human genome has led to many discoveries on the causes of rare disorders. After all, it is hard to deny the relief that genomics has brought to patients. Clinicians can now break down a tumor and look at it in detail, according to its mutations.&nbsp;What\u2019s more, Genomics helps in&nbsp;finding better ways to prevent disease, like preventing the onset of Type 2 diabetes. In addition, it helps how we study and treat cancer.<\/p>\n\n\n\n<h2 class=\"wp-block-heading\">\u00c9tude de march\u00e9 sur la g\u00e9nomique<\/h2>\n\n\n\n<p>Notre <a href=\"https:\/\/www.sisinternational.com\/fr\/couverture\/etude-de-marche-en-asie\/market-research-in-china-2\/enquete-sur-une-societe-detudes-de-marche-en-chine\/\" title=\"Soci\u00e9t\u00e9 d\u2019\u00e9tudes de march\u00e9 par sondage en Chine\"  data-wpil-monitor-id=\"7833\">company does live interviews and surveys<\/a>, and we collect data about what your customers think.\u00a0We also organize focus groups, which are one of the most effective and popular <a href=\"https:\/\/www.sisinternational.com\/fr\/quantitative-market-research-methods-and-techniques\/\" title=\"Quantitative Market Research Methods and Techniques\"  data-wpil-monitor-id=\"7830\">market research methods<\/a> available to gather in-depth insights. Focus groups also reveal customers\u2019 true points of view and opinions.<\/p>\n\n\n\n<p><a href=\"https:\/\/www.sisinternational.com\/fr\/recherche-qualitative-pour-ameliorer-lexperience-client\/\" title=\"Recherche qualitative pour am\u00e9liorer l&#039;exp\u00e9rience client\"  data-wpil-monitor-id=\"7829\">Qualitative research helps us to understand customer<\/a> behavior. It also identifies reasons for product rebuying. Quantitative research, on the other hand, gives us objective data about your customers\u2019 buying habits. With strategy research, we help you save money and ensure <a href=\"https:\/\/www.sisinternational.com\/fr\/predictive-analytics\/\" title=\"Predictive Analytics: Your Crystal Ball for Business Success\"  data-wpil-monitor-id=\"7832\">success for your business<\/a>.<\/p>\n\n\n\n<p><\/p>","protected":false},"excerpt":{"rendered":"<p>La recherche en g\u00e9nomique aide les entreprises du secteur de la sant\u00e9 \u00e0 comprendre pourquoi les gens tombent malades \u00e0 cause d\u2019infections et comment les facteurs climatiques affectent les gens.<\/p>","protected":false},"author":1,"featured_media":63647,"parent":14514,"menu_order":80,"comment_status":"closed","ping_status":"closed","template":"","meta":{"footnotes":""},"class_list":["post-39114","page","type-page","status-publish","has-post-thumbnail"],"_links":{"self":[{"href":"https:\/\/www.sisinternational.com\/fr\/wp-json\/wp\/v2\/pages\/39114","targetHints":{"allow":["GET"]}}],"collection":[{"href":"https:\/\/www.sisinternational.com\/fr\/wp-json\/wp\/v2\/pages"}],"about":[{"href":"https:\/\/www.sisinternational.com\/fr\/wp-json\/wp\/v2\/types\/page"}],"author":[{"embeddable":true,"href":"https:\/\/www.sisinternational.com\/fr\/wp-json\/wp\/v2\/users\/1"}],"replies":[{"embeddable":true,"href":"https:\/\/www.sisinternational.com\/fr\/wp-json\/wp\/v2\/comments?post=39114"}],"version-history":[{"count":4,"href":"https:\/\/www.sisinternational.com\/fr\/wp-json\/wp\/v2\/pages\/39114\/revisions"}],"predecessor-version":[{"id":81322,"href":"https:\/\/www.sisinternational.com\/fr\/wp-json\/wp\/v2\/pages\/39114\/revisions\/81322"}],"up":[{"embeddable":true,"href":"https:\/\/www.sisinternational.com\/fr\/wp-json\/wp\/v2\/pages\/14514"}],"wp:featuredmedia":[{"embeddable":true,"href":"https:\/\/www.sisinternational.com\/fr\/wp-json\/wp\/v2\/media\/63647"}],"wp:attachment":[{"href":"https:\/\/www.sisinternational.com\/fr\/wp-json\/wp\/v2\/media?parent=39114"}],"curies":[{"name":"wp","href":"https:\/\/api.w.org\/{rel}","templated":true}]}}