{"id":39109,"date":"2021-10-21T02:28:26","date_gmt":"2021-10-21T02:28:26","guid":{"rendered":"https:\/\/www.sisinternational.com\/?page_id=39109"},"modified":"2025-09-14T23:13:32","modified_gmt":"2025-09-15T03:13:32","slug":"etude-de-marche-sur-la-gestion-du-changement","status":"publish","type":"page","link":"https:\/\/www.sisinternational.com\/fr\/solutions\/conseil-en-strategie\/etude-de-marche-sur-la-gestion-du-changement\/","title":{"rendered":"\u00c9tude de march\u00e9 sur la gestion du changement"},"content":{"rendered":"<h1 class=\"wp-block-heading\">\u00c9tude de march\u00e9 sur la gestion du changement<\/h1>\n\n\n\n<figure class=\"gb-block-image gb-block-image-005341ab\"><img loading=\"lazy\" decoding=\"async\" width=\"1456\" height=\"816\" class=\"gb-image gb-image-005341ab\" src=\"https:\/\/www.sisinternational.com\/wp-content\/uploads\/2025\/08\/Inventory-Management-4.jpg\" alt=\"\u00c9tudes de march\u00e9 et strat\u00e9gie internationales SIS\" title=\"Inventory Management (4)\" srcset=\"https:\/\/www.sisinternational.com\/wp-content\/uploads\/2025\/08\/Inventory-Management-4.jpg 1456w, https:\/\/www.sisinternational.com\/wp-content\/uploads\/2025\/08\/Inventory-Management-4-300x168.jpg 300w, https:\/\/www.sisinternational.com\/wp-content\/uploads\/2025\/08\/Inventory-Management-4-1024x574.jpg 1024w, https:\/\/www.sisinternational.com\/wp-content\/uploads\/2025\/08\/Inventory-Management-4-768x430.jpg 768w, https:\/\/www.sisinternational.com\/wp-content\/uploads\/2025\/08\/Inventory-Management-4-18x10.jpg 18w\" sizes=\"auto, (max-width: 1456px) 100vw, 1456px\"><\/figure>\n\n\n\n<p><\/p>\n\n\n\n<h2 class=\"wp-block-heading\">Qu\u2019est-ce que la gestion du changement ?<\/h2>\n\n\n\n<p>Le changement fait partie int\u00e9grante de la vie d&#039;une personne et constitue \u00e9galement une caract\u00e9ristique de toute entreprise. Les entreprises peuvent g\u00e9rer le changement.<\/p>\n\n\n\n<p>Nous appelons souvent la gestion du changement \u00ab CM \u00bb. Il d\u00e9crit les mani\u00e8res et m\u00e9thodes sp\u00e9cifiques utilis\u00e9es par une entreprise. Ces m\u00e9thodes permettent \u00e0 une entreprise de r\u00e9aliser des changements \u00e0 la fois internes et externes. Quelques exemples incluent la mise en place des \u00e9tapes requises pour le changement. En outre, garder un \u0153il sur les activit\u00e9s avant et apr\u00e8s le changement garantit le succ\u00e8s lorsque le plan est mis en \u0153uvre.<\/p>\n\n\n\n<p>Les perturbations au sein d\u2019une entreprise sont monnaie courante. Il est donc essentiel d\u2019adopter une approche structur\u00e9e face au changement. Une telle approche garantit une bonne transition.<\/p>\n\n\n\n<h2 class=\"wp-block-heading\">Pourquoi c&#039;est important?<\/h2>\n\n\n\n<p>La gestion du changement permet aux entreprises d&#039;obtenir le r\u00e9sultat souhait\u00e9 lorsqu&#039;elles traversent un changement. Cela favorise \u00e9galement l\u2019am\u00e9lioration des processus commerciaux. La gestion du changement est vitale pour les entreprises car elle \u00e9value, redessine et met en \u0153uvre de nouvelles strat\u00e9gies.<\/p>\n\n\n\n<p>Change <a href=\"https:\/\/www.sisinternational.com\/fr\/solutions\/croissance-mondiale\/gestion-de-projet-globale\/\" title=\"Conseil en gestion de projet mondial\"  data-wpil-monitor-id=\"11181\">Management also shrinks project<\/a> overheads. Changes in projects which go unmanaged can lead to high costs. These costs may exceed budget constraints.<\/p>\n\n\n\n<p>La gestion pratique du changement permet de pr\u00e9voir et de pr\u00e9venir les probl\u00e8mes.<\/p>\n\n\n\n<p>L\u2019att\u00e9nuation des risques est \u00e9galement un avantage. Ainsi, il est courant de r\u00e9aliser des \u00e9valuations des risques et de cr\u00e9er des plans d\u2019att\u00e9nuation des risques.<\/p>\n\n\n\n<p>La gestion du changement am\u00e9liore \u00e9galement l\u2019exp\u00e9rience des employ\u00e9s et la culture de l\u2019entreprise.<\/p>\n\n\n\n<h2 class=\"wp-block-heading\">Titres de poste cl\u00e9s<\/h2>\n\n\n\n<p>In general, people in <a href=\"https:\/\/www.sisinternational.com\/fr\/solutions\/ai-etudes-de-marche-et-conseil-en-strategie\/automatisation-de-la-gestion-du-changement-conseil-en-intelligence-artificielle\/\" title=\"Automatisation de la gestion du changement et conseil en IA\"  data-wpil-monitor-id=\"7613\">Change Management jobs may consult<\/a> or have in-house positions. The changes they put in place range from systems design to business practices. There is a wide range of jobs in the field of Change Management. Some examples of critical jobs are:<\/p>\n\n\n\n<ul class=\"wp-block-list\">\n<li>Sp\u00e9cialiste de la gestion du changement<\/li>\n\n\n\n<li>Gestionnaire de programme<\/li>\n\n\n\n<li>Analyste de programme<\/li>\n\n\n\n<li><a href=\"https:\/\/www.sisinternational.com\/fr\/solutions\/recherche-de-conseil-en-strategie-fintech\/services-financiers-gestion-du-changement-etudes-de-marche-conseil-en-strategie\/\" title=\"Gestion du changement dans les services financiers \u00c9tudes de march\u00e9 et conseil en strat\u00e9gie\"  data-wpil-monitor-id=\"11178\">Consultante en Gestion du Changement<\/a><\/li>\n\n\n\n<li>Ing\u00e9nieur senior<\/li>\n\n\n\n<li>Propri\u00e9taire du produit de gestion du changement<\/li>\n<\/ul>\n\n\n\n<h2 class=\"wp-block-heading\">Pourquoi les entreprises ont besoin d&#039;une gestion du changement<\/h2>\n\n\n\n<p>Le changement est un aspect crucial qui permet aux entreprises de cro\u00eetre et d\u2019\u00e9voluer. Ainsi, lorsqu\u2019une entreprise \u00e9volue, l\u2019efficacit\u00e9 doit \u00eatre une priorit\u00e9. La gestion du changement offre cette efficacit\u00e9 de plusieurs mani\u00e8res, ce qui aide l&#039;entreprise. Cela aide \u00e0 g\u00e9rer la quantit\u00e9 de changement qui se produit. Cela offre \u00e9galement des avantages financiers et les entreprises peuvent obtenir de meilleurs r\u00e9sultats.<\/p>\n\n\n\n<p>Change Management allows a <a href=\"https:\/\/www.sisinternational.com\/fr\/predictive-analytics\/\" title=\"Predictive Analytics: Your Crystal Ball for Business Success\"  data-wpil-monitor-id=\"11190\">business to stay successful<\/a> and competitive. This success comes about because it can help companies to prepare for the many changes which lie ahead.<\/p>\n\n\n\n<p>An established Change Management system in a business inspires consistency. A standard approach allows for the <a href=\"https:\/\/www.sisinternational.com\/fr\/how-to-design-effective-surveys-for-quantitative-research\/\" title=\"How to Design Effective Surveys for Quantitative Research\"  data-wpil-monitor-id=\"11188\">design of more effective<\/a> strat\u00e9gies.<\/p>\n\n\n\n<p>Les donn\u00e9es sugg\u00e8rent que la gestion du changement affecte le retour sur investissement d&#039;une entreprise. Les changements dans le retour sur investissement sont dus \u00e0 de nombreux facteurs. Un exemple est celui des employ\u00e9s qui ne se conforment pas au changement. Le non-respect peut entra\u00eener une faible productivit\u00e9, donc un faible retour sur investissement. Pourtant, la gestion du changement emp\u00eache cela car elle planifie et forge la meilleure fa\u00e7on de changer une entreprise.<\/p>\n\n\n\n<h2 class=\"wp-block-heading\">Facteurs cl\u00e9s de succ\u00e8s<\/h2>\n\n\n\n<figure class=\"gb-block-image gb-block-image-9d575b71\"><img loading=\"lazy\" decoding=\"async\" width=\"1456\" height=\"816\" class=\"gb-image gb-image-9d575b71\" src=\"https:\/\/www.sisinternational.com\/wp-content\/uploads\/2025\/08\/Strategy-consulting-19.jpg\" alt=\"\u00c9tudes de march\u00e9 et strat\u00e9gie internationales SIS\" title=\"Strategy consulting (19)\" srcset=\"https:\/\/www.sisinternational.com\/wp-content\/uploads\/2025\/08\/Strategy-consulting-19.jpg 1456w, https:\/\/www.sisinternational.com\/wp-content\/uploads\/2025\/08\/Strategy-consulting-19-300x168.jpg 300w, https:\/\/www.sisinternational.com\/wp-content\/uploads\/2025\/08\/Strategy-consulting-19-1024x574.jpg 1024w, https:\/\/www.sisinternational.com\/wp-content\/uploads\/2025\/08\/Strategy-consulting-19-768x430.jpg 768w, https:\/\/www.sisinternational.com\/wp-content\/uploads\/2025\/08\/Strategy-consulting-19-18x10.jpg 18w\" sizes=\"auto, (max-width: 1456px) 100vw, 1456px\"><\/figure>\n\n\n\n<p><\/p>\n\n\n\n<p>De nombreux facteurs essentiels affectent le succ\u00e8s de la gestion du changement au sein d\u2019une entreprise. Certains d&#039;entre eux incluent\u00a0:<\/p>\n\n\n\n<ul class=\"wp-block-list\">\n<li>Exemples actifs et visibles de la part des hauts responsables de l&#039;entreprise<\/li>\n\n\n\n<li>Une approche structur\u00e9e de conduite du changement<\/li>\n\n\n\n<li>Affecter des ressources et des financements \u00e0 la gestion du changement<\/li>\n\n\n\n<li>Rapports fr\u00e9quents et ouverts sur le changement et la n\u00e9cessit\u00e9 de changement<\/li>\n\n\n\n<li>Contrat d&#039;employ\u00e9<\/li>\n\n\n\n<li>Engagement and <a href=\"https:\/\/www.sisinternational.com\/fr\/solutions\/ai-etudes-de-marche-et-conseil-en-strategie\/etude-de-marche-sur-la-gestion-de-lintegration-api\/\" title=\"\u00c9tude de march\u00e9 sur la gestion de l\u2019int\u00e9gration d\u2019API\"  data-wpil-monitor-id=\"11186\">integration with project management<\/a><\/li>\n\n\n\n<li>Engagement et soutien de la direction interm\u00e9diaire<\/li>\n<\/ul>\n\n\n\n<p>To summarize, proper planning and reporting are the keys to success with Change Management. Also, a business must <a href=\"https:\/\/www.sisinternational.com\/fr\/solutions\/recherche-de-conseil-en-strategie-fintech\/etude-de-marche-sur-la-gestion-des-investissements\/\" title=\"\u00c9tude de march\u00e9 sur la gestion des investissements\"  data-wpil-monitor-id=\"11185\">invest in Change Management<\/a>. To do this, it has to allot enough resources to Change Management.<\/p>\n\n\n\n<h2 class=\"wp-block-heading\">\u00c0 propos de l\u2019\u00e9tude de march\u00e9 sur la gestion du changement<\/h2>\n\n\n\n<p>Quantitative, Qualitative, and <a href=\"https:\/\/www.sisinternational.com\/fr\/solutions\/conseil-en-tourisme-de-voyage-et-en-hotellerie\/societe-de-gestion-hoteliere-etude-de-marche-conseil-en-strategie\/\" title=\"Soci\u00e9t\u00e9 de gestion h\u00f4teli\u00e8re \u00c9tudes de march\u00e9 et conseil en strat\u00e9gie\"  data-wpil-monitor-id=\"11180\">Strategy Research help companies<\/a> to achieve their goals. This research may take the form of Interviews, Surveys, or Focus Groups.<\/p>\n\n\n\n<p>For Change Management, businesses should understand its importance. They should also acknowledge its ability to guarantee success. Thus, research into this area is necessary for any growing business. Many transitions occur during the creation and operation of a new business. Adequate <a href=\"https:\/\/www.sisinternational.com\/fr\/competence\/les-industries\/etude-de-marche-sur-le-changement-climatique\/\" title=\"\u00c9tude de march\u00e9 sur le changement climatique\"  data-wpil-monitor-id=\"4976\">research into a Change<\/a> Management system and Change Management experts is crucial. <a href=\"https:\/\/www.sisinternational.com\/fr\/competence\/cv-dexperience\/cv-dexperience-dans-lindustrie-automobile\/\" title=\"Soci\u00e9t\u00e9 d\u2019\u00e9tudes de march\u00e9 pour l\u2019industrie automobile\"  data-wpil-monitor-id=\"11183\">Research ensures the company<\/a> puts resources toward Change Management and gets the best guidance.<\/p>\n\n\n\n<p><\/p>","protected":false},"excerpt":{"rendered":"<p>SIS est une soci\u00e9t\u00e9 mondiale d&#039;\u00e9tudes de march\u00e9 et de conseil en strat\u00e9gie. D\u00e9veloppez votre entreprise gr\u00e2ce aux \u00e9tudes de march\u00e9 sur la gestion du changement.<\/p>","protected":false},"author":1,"featured_media":64929,"parent":14567,"menu_order":16,"comment_status":"closed","ping_status":"closed","template":"","meta":{"footnotes":""},"class_list":["post-39109","page","type-page","status-publish","has-post-thumbnail"],"_links":{"self":[{"href":"https:\/\/www.sisinternational.com\/fr\/wp-json\/wp\/v2\/pages\/39109","targetHints":{"allow":["GET"]}}],"collection":[{"href":"https:\/\/www.sisinternational.com\/fr\/wp-json\/wp\/v2\/pages"}],"about":[{"href":"https:\/\/www.sisinternational.com\/fr\/wp-json\/wp\/v2\/types\/page"}],"author":[{"embeddable":true,"href":"https:\/\/www.sisinternational.com\/fr\/wp-json\/wp\/v2\/users\/1"}],"replies":[{"embeddable":true,"href":"https:\/\/www.sisinternational.com\/fr\/wp-json\/wp\/v2\/comments?post=39109"}],"version-history":[{"count":6,"href":"https:\/\/www.sisinternational.com\/fr\/wp-json\/wp\/v2\/pages\/39109\/revisions"}],"predecessor-version":[{"id":81825,"href":"https:\/\/www.sisinternational.com\/fr\/wp-json\/wp\/v2\/pages\/39109\/revisions\/81825"}],"up":[{"embeddable":true,"href":"https:\/\/www.sisinternational.com\/fr\/wp-json\/wp\/v2\/pages\/14567"}],"wp:featuredmedia":[{"embeddable":true,"href":"https:\/\/www.sisinternational.com\/fr\/wp-json\/wp\/v2\/media\/64929"}],"wp:attachment":[{"href":"https:\/\/www.sisinternational.com\/fr\/wp-json\/wp\/v2\/media?parent=39109"}],"curies":[{"name":"wp","href":"https:\/\/api.w.org\/{rel}","templated":true}]}}