{"id":39103,"date":"2021-10-20T19:57:53","date_gmt":"2021-10-20T19:57:53","guid":{"rendered":"https:\/\/www.sisinternational.com\/?page_id=39103"},"modified":"2026-01-25T16:37:07","modified_gmt":"2026-01-25T21:37:07","slug":"etude-de-marche-sur-les-enceintes-intelligentes","status":"publish","type":"page","link":"https:\/\/www.sisinternational.com\/fr\/competence\/etude-de-marche-sur-les-enceintes-intelligentes\/","title":{"rendered":"\u00c9tude de march\u00e9 sur les haut-parleurs intelligents"},"content":{"rendered":"<h1 class=\"wp-block-heading p1\"><span class=\"s1\">\u00c9tude de march\u00e9 sur les haut-parleurs intelligents<\/span><\/h1>\n\n\n\n<figure class=\"gb-block-image gb-block-image-c474ca16\"><img loading=\"lazy\" decoding=\"async\" width=\"1456\" height=\"816\" class=\"gb-image gb-image-c474ca16\" src=\"https:\/\/www.sisinternational.com\/wp-content\/uploads\/2025\/08\/Smart-speaker-8.jpg\" alt=\"\u00c9tudes de march\u00e9 et strat\u00e9gie internationales SIS\" title=\"Smart speaker (8)\" srcset=\"https:\/\/www.sisinternational.com\/wp-content\/uploads\/2025\/08\/Smart-speaker-8.jpg 1456w, https:\/\/www.sisinternational.com\/wp-content\/uploads\/2025\/08\/Smart-speaker-8-300x168.jpg 300w, https:\/\/www.sisinternational.com\/wp-content\/uploads\/2025\/08\/Smart-speaker-8-1024x574.jpg 1024w, https:\/\/www.sisinternational.com\/wp-content\/uploads\/2025\/08\/Smart-speaker-8-768x430.jpg 768w, https:\/\/www.sisinternational.com\/wp-content\/uploads\/2025\/08\/Smart-speaker-8-18x10.jpg 18w\" sizes=\"auto, (max-width: 1456px) 100vw, 1456px\"><\/figure>\n\n\n\n<p><\/p>\n\n\n\n<h2 class=\"wp-block-heading\">Qu\u2019est-ce que l\u2019\u00e9tude de march\u00e9 sur les haut-parleurs intelligents ?<\/h2>\n\n\n\n<p class=\"p2\">Les enceintes intelligentes sont un nouveau type d\u2019appareil dot\u00e9 de nombreuses fonctions. Son utilisation principale est comme haut-parleur et pour les commandes vocales. Un assistant virtuel int\u00e9gr\u00e9 est \u00e9galement l\u2019une des principales fonctionnalit\u00e9s de ces appareils. Cet assistant peut interagir avec l&#039;utilisateur. Il est facile \u00e0 activer une fois que l&#039;utilisateur lui donne des commandes verbales sp\u00e9cifiques.<\/p>\n\n\n\n<p class=\"p2\">Ces haut-parleurs peuvent \u00e9galement faire office d\u2019\u00ab\u00a0appareils intelligents\u00a0\u00bb. De cette fa\u00e7on, ils peuvent utiliser le Wi-Fi et le Bluetooth comme d\u2019autres appareils intelligents tels que les t\u00e9l\u00e9phones.<\/p>\n\n\n\n<h2 class=\"wp-block-heading\">Pourquoi c&#039;est important?<\/h2>\n\n\n\n<p class=\"p2\">The field of smart speaker tech has made notable progress over the last few years. These speakers have many features that aid day-to-day life for many people. As a result, these devices have become essential.<\/p>\n\n\n\n<p class=\"p2\">Par exemple, une utilisation concerne la domotique. Les utilisateurs contr\u00f4lent des \u00e9l\u00e9ments tels que l\u2019\u00e9clairage et les appareils \u00e9lectrom\u00e9nagers de leur maison. Pour ce faire, ils indiquent des commandes simples \u00e0 leur haut-parleur intelligent.<\/p>\n\n\n\n<p class=\"p2\">Il est \u00e9galement utile pour les syst\u00e8mes de s\u00e9curit\u00e9 domestique. Par exemple, le haut-parleur intelligent peut se connecter aux cam\u00e9ras de s\u00e9curit\u00e9. Il peut \u00e9galement assurer un contr\u00f4le d&#039;acc\u00e8s. Si quelqu&#039;un frappe \u00e0 votre porte, cette fonctionnalit\u00e9 est utile. \u00c0 l&#039;aide d&#039;une commande, l&#039;utilisateur peut voir les syst\u00e8mes de cam\u00e9ras. Ainsi, ils peuvent fournir un acc\u00e8s \u00e0 l\u2019entr\u00e9e \u00e0 la personne qui attend dans un endroit \u00e9loign\u00e9.<\/p>\n\n\n\n<h2 class=\"wp-block-heading\">Titres de poste cl\u00e9s<\/h2>\n\n\n\n<p class=\"p2\">Les nouvelles technologies sur le march\u00e9 peuvent au d\u00e9but pr\u00e9senter un risque. Les personnes capables d\u2019utiliser, de mettre \u00e0 jour et de r\u00e9soudre d\u2019\u00e9ventuels probl\u00e8mes li\u00e9s aux appareils sont cruciales. L\u2019industrie des haut-parleurs intelligents a besoin d\u2019ing\u00e9nieurs logiciels et de personnes connaissant l\u2019IA. De plus, pour vendre ces appareils, l\u2019industrie a besoin de personnes poss\u00e9dant \u00e0 la fois des comp\u00e9tences techniques et une solide compr\u00e9hension du march\u00e9.<\/p>\n\n\n\n<h2 class=\"wp-block-heading\">Pourquoi les entreprises ont besoin de haut-parleurs intelligents<\/h2>\n\n\n\n<figure class=\"gb-block-image gb-block-image-1acbf889\"><img loading=\"lazy\" decoding=\"async\" width=\"1456\" height=\"816\" class=\"gb-image gb-image-1acbf889\" src=\"https:\/\/www.sisinternational.com\/wp-content\/uploads\/2025\/08\/Smart-speaker-5.jpg\" alt=\"\u00c9tudes de march\u00e9 et strat\u00e9gie internationales SIS\" title=\"Smart speaker (5)\" srcset=\"https:\/\/www.sisinternational.com\/wp-content\/uploads\/2025\/08\/Smart-speaker-5.jpg 1456w, https:\/\/www.sisinternational.com\/wp-content\/uploads\/2025\/08\/Smart-speaker-5-300x168.jpg 300w, https:\/\/www.sisinternational.com\/wp-content\/uploads\/2025\/08\/Smart-speaker-5-1024x574.jpg 1024w, https:\/\/www.sisinternational.com\/wp-content\/uploads\/2025\/08\/Smart-speaker-5-768x430.jpg 768w, https:\/\/www.sisinternational.com\/wp-content\/uploads\/2025\/08\/Smart-speaker-5-18x10.jpg 18w\" sizes=\"auto, (max-width: 1456px) 100vw, 1456px\"><\/figure>\n\n\n\n<p><\/p>\n\n\n\n<p class=\"p2\">Les haut-parleurs intelligents peuvent contribuer \u00e0 am\u00e9liorer l\u2019efficacit\u00e9 d\u2019une entreprise. Ils peuvent aider les employ\u00e9s dans des t\u00e2ches simples et m\u00eame agir comme assistants personnels virtuels. Lire des e-mails ou faire des recherches tout en essayant de pr\u00e9parer du caf\u00e9 est beaucoup plus facile. Ainsi, ces appareils encouragent le multit\u00e2che. L&#039;utilisateur peut effectuer des t\u00e2ches \u00e0 deux mains et avec des commandes vocales. Ces fonctionnalit\u00e9s sont pratiques pour les propri\u00e9taires de petites entreprises et les ind\u00e9pendants. Ces personnes occup\u00e9es accordent une grande valeur \u00e0 la capacit\u00e9 d\u2019effectuer plusieurs t\u00e2ches \u00e0 la fois. Un haut-parleur intelligent est donc tr\u00e8s utile.<\/p>\n\n\n\n<p class=\"p2\">Ces appareils peuvent fonctionner comme des r\u00e9veils pour aider les utilisateurs \u00e0 g\u00e9rer leur temps. Par exemple, un haut-parleur intelligent peut vous indiquer quand effectuer des t\u00e2ches sp\u00e9cifiques tout au long de la journ\u00e9e.<\/p>\n\n\n\n<p class=\"p2\">Un autre avantage est qu\u2019ils peuvent vous aider \u00e0 planifier votre voyage. Par exemple, on peut demander et r\u00e9server les vols disponibles avec ces appareils. Des commandes vocales simples y contribuent.<\/p>\n\n\n\n<p class=\"p2\">Les entreprises utilisent \u00e9galement ces appareils pour faciliter le service client automatis\u00e9. Pourtant, des am\u00e9liorations sont encore possibles dans ce domaine. Les entreprises doivent \u00eatre prudentes lorsqu\u2019elles les utilisent \u00e0 cette fin.<\/p>\n\n\n\n<p>Facteurs cl\u00e9s de succ\u00e8s<\/p>\n\n\n\n<p class=\"p2\">Many factors drive the <a href=\"https:\/\/www.sisinternational.com\/fr\/sante-intelligente\/\" title=\"\u00c9tude de march\u00e9 sur la sant\u00e9 intelligente\"  data-wpil-monitor-id=\"1965\">smart speaker market<\/a>. One example is the advancement of audio technology. As innovations continue to increase, consumers continue to buy new tech. The number of smart homes is also growing. This fact, plus the growth in wireless tech, creates an ideal space for smart speakers. The influx of smartphones and <a href=\"https:\/\/www.sisinternational.com\/fr\/competence\/les-industries\/etude-de-marche-sur-les-villes-intelligentes\/\" title=\"\u00c9tude de march\u00e9 sur les villes intelligentes\"  data-wpil-monitor-id=\"3414\">smart devices in the market<\/a> also aids the success of smart speakers.<\/p>\n\n\n\n<h2 class=\"wp-block-heading\">\u00c0 propos de l\u2019\u00e9tude de march\u00e9 sur les haut-parleurs intelligents<\/h2>\n\n\n\n<p class=\"p2\">Quantitative, Qualitative, and Strategy Research are helpful for firms seeking to enter the <a href=\"https:\/\/www.sisinternational.com\/fr\/etude-de-marche-sur-la-mobilite-intelligente\/\" title=\"\u00c9tude de march\u00e9 sur la mobilit\u00e9 intelligente\"  data-wpil-monitor-id=\"1920\">Smart Speaker<\/a> market. This research may take the form of Interviews, Surveys, or Focus Groups.<\/p>\n\n\n\n<p class=\"p2\">MR into smart speakers provides insight into its drawbacks and benefits. For now, this technology comes at a high cost. Companies must consider these factors and assess the related risks. Factors to research include privacy and compatibility. It can help determine the ideal and cost-effective device on the market.<\/p>\n\n\n\n<p class=\"p3\">We\u2019re here to help you gather information on the <a href=\"https:\/\/www.sisinternational.com\/fr\/etude-de-marche-sur-la-fabrication-intelligente\/\" title=\"\u00c9tude de march\u00e9 sur la fabrication intelligente\"  data-wpil-monitor-id=\"3625\">Smart Speaker market<\/a>. Contact us today!<\/p>\n\n\n\n<p><\/p>","protected":false},"excerpt":{"rendered":"<p>Les haut-parleurs intelligents peuvent contribuer \u00e0 am\u00e9liorer l\u2019efficacit\u00e9 d\u2019une entreprise. Ils peuvent aider les employ\u00e9s dans des t\u00e2ches simples et m\u00eame agir comme assistants personnels virtuels.<\/p>","protected":false},"author":1,"featured_media":64585,"parent":14514,"menu_order":79,"comment_status":"closed","ping_status":"closed","template":"","meta":{"footnotes":""},"class_list":["post-39103","page","type-page","status-publish","has-post-thumbnail"],"_links":{"self":[{"href":"https:\/\/www.sisinternational.com\/fr\/wp-json\/wp\/v2\/pages\/39103","targetHints":{"allow":["GET"]}}],"collection":[{"href":"https:\/\/www.sisinternational.com\/fr\/wp-json\/wp\/v2\/pages"}],"about":[{"href":"https:\/\/www.sisinternational.com\/fr\/wp-json\/wp\/v2\/types\/page"}],"author":[{"embeddable":true,"href":"https:\/\/www.sisinternational.com\/fr\/wp-json\/wp\/v2\/users\/1"}],"replies":[{"embeddable":true,"href":"https:\/\/www.sisinternational.com\/fr\/wp-json\/wp\/v2\/comments?post=39103"}],"version-history":[{"count":7,"href":"https:\/\/www.sisinternational.com\/fr\/wp-json\/wp\/v2\/pages\/39103\/revisions"}],"predecessor-version":[{"id":77832,"href":"https:\/\/www.sisinternational.com\/fr\/wp-json\/wp\/v2\/pages\/39103\/revisions\/77832"}],"up":[{"embeddable":true,"href":"https:\/\/www.sisinternational.com\/fr\/wp-json\/wp\/v2\/pages\/14514"}],"wp:featuredmedia":[{"embeddable":true,"href":"https:\/\/www.sisinternational.com\/fr\/wp-json\/wp\/v2\/media\/64585"}],"wp:attachment":[{"href":"https:\/\/www.sisinternational.com\/fr\/wp-json\/wp\/v2\/media?parent=39103"}],"curies":[{"name":"wp","href":"https:\/\/api.w.org\/{rel}","templated":true}]}}