{"id":39093,"date":"2021-10-20T19:27:37","date_gmt":"2021-10-20T19:27:37","guid":{"rendered":"https:\/\/www.sisinternational.com\/?page_id=39093"},"modified":"2026-01-27T16:48:54","modified_gmt":"2026-01-27T21:48:54","slug":"etude-de-marche-des-semi-conducteurs","status":"publish","type":"page","link":"https:\/\/www.sisinternational.com\/fr\/competence\/etude-de-marche-des-semi-conducteurs\/","title":{"rendered":"\u00c9tude de march\u00e9 sur les semi-conducteurs"},"content":{"rendered":"<h1 class=\"wp-block-heading p1\"><span class=\"s1\">\u00c9tude de march\u00e9 sur les semi-conducteurs<\/span><\/h1>\n\n\n\n<figure class=\"gb-block-image gb-block-image-92194432\"><img loading=\"lazy\" decoding=\"async\" width=\"1456\" height=\"816\" class=\"gb-image gb-image-92194432\" src=\"https:\/\/www.sisinternational.com\/wp-content\/uploads\/2025\/08\/Semiconductor-6.jpg\" alt=\"\u00c9tudes de march\u00e9 et strat\u00e9gie internationales SIS\" title=\"Semiconductor (6)\" srcset=\"https:\/\/www.sisinternational.com\/wp-content\/uploads\/2025\/08\/Semiconductor-6.jpg 1456w, https:\/\/www.sisinternational.com\/wp-content\/uploads\/2025\/08\/Semiconductor-6-300x168.jpg 300w, https:\/\/www.sisinternational.com\/wp-content\/uploads\/2025\/08\/Semiconductor-6-1024x574.jpg 1024w, https:\/\/www.sisinternational.com\/wp-content\/uploads\/2025\/08\/Semiconductor-6-768x430.jpg 768w, https:\/\/www.sisinternational.com\/wp-content\/uploads\/2025\/08\/Semiconductor-6-18x10.jpg 18w\" sizes=\"auto, (max-width: 1456px) 100vw, 1456px\"><\/figure>\n\n\n\n<p><\/p>\n\n\n\n<h2 class=\"wp-block-heading p1\">L\u2019industrie des semi-conducteurs \u00e9tant en constante \u00e9volution, les \u00e9tudes de march\u00e9 sur les semi-conducteurs sont un \u00e9l\u00e9ment essentiel pour r\u00e9ussir dans le secteur mondial de l\u2019\u00e9lectronique.<\/h2>\n\n\n\n<p class=\"p1\">Pour cette raison, les entreprises doivent se tenir au courant des tendances et des avanc\u00e9es \u00e9mergentes pour rester comp\u00e9titives.<\/p>\n\n\n\n<p class=\"p1\">En tirant parti des \u00e9tudes de march\u00e9 sur les semi-conducteurs, les entreprises obtiennent des analyses fond\u00e9es sur des donn\u00e9es qui leur fournissent des informations pr\u00e9cieuses pour prendre des d\u00e9cisions \u00e9clair\u00e9es concernant leurs produits, leurs projets et leurs investissements.<\/p>\n\n\n\n<h2 class=\"wp-block-heading\">Qu\u2019est-ce que l\u2019\u00e9tude de march\u00e9 sur les semi-conducteurs ?<\/h2>\n\n\n\n<p class=\"p2\">L\u2019\u00e9tude de march\u00e9 sur les semi-conducteurs consiste \u00e0 d\u00e9terminer dans quelle mesure ces substances sont demand\u00e9es et s\u00fbres. Les entreprises se livrent une concurrence impitoyable dans ce secteur et les semi-conducteurs sont d\u00e9sormais tr\u00e8s demand\u00e9s. De plus, ils sont rares et peu d\u2019entreprises en fabriquent. Ce sont d\u2019autres raisons pour lesquelles cela pourrait \u00eatre un bon investissement de votre temps et de votre argent.<\/p>\n\n\n\n<p class=\"p1\">L&#039;industrie des semi-conducteurs est un \u00e9l\u00e9ment cl\u00e9 du secteur de l&#039;\u00e9lectronique, les semi-conducteurs servant de pierre angulaire \u00e0 de nombreux appareils et composants \u00e9lectroniques, des ordinateurs aux smartphones.<\/p>\n\n\n\n<p class=\"p1\">In addition, the ever-rising demand for electronics and technology has caused the global <a href=\"https:\/\/www.sisinternational.com\/fr\/competence\/les-industries\/etude-de-marche-sur-les-circuits-electroniques\/\" title=\"\u00c9tude de march\u00e9 sur les circuits \u00e9lectroniques\"  data-wpil-monitor-id=\"6917\">semiconductor<\/a> market to flourish in recent years. To remain competitive, it is vital to conduct <a href=\"https:\/\/www.sisinternational.com\/fr\/quelles-sont-les-tendances-dans-le-secteur-des-etudes-de-marche\/\" title=\"Quelles sont les tendances dans le secteur des \u00e9tudes de march\u00e9 ?\"  data-wpil-monitor-id=\"11182\">research within this industry on current trends<\/a>, customer preferences, and competitors&#8217; strategies.<\/p>\n\n\n\n<p class=\"p1\">Today, semiconductor market research is essential in this industry as it provides market sizing, segmentation, competitive analysis, and customer insights. It also keeps stakeholders informed of the latest trends that affect their decisions about product development, investments, and <a href=\"https:\/\/www.sisinternational.com\/fr\/strategies-dentree-sur-le-marche-b2b\/\" title=\"Strat\u00e9gies d&#039;entr\u00e9e sur le march\u00e9 B2B\"  data-wpil-monitor-id=\"11177\">entry strategies into new markets<\/a>.<\/p>\n\n\n\n<h2 class=\"wp-block-heading\">Pourquoi l\u2019\u00e9tude de march\u00e9 sur les semi-conducteurs est-elle importante ?<\/h2>\n\n\n\n<h3 class=\"wp-block-heading p2\">L\u2019\u00e9tude de march\u00e9 est importante. En tant qu&#039;investisseur souhaitant proposer ce produit, vous devrez rechercher son potentiel de profit.<\/h3>\n\n\n\n<p class=\"p1\">L\u2019industrie des semi-conducteurs est \u00e0 l\u2019avant-garde de l\u2019innovation technologique, fournissant des composants essentiels \u00e0 toute une gamme d\u2019appareils \u00e9lectroniques. Par cons\u00e9quent, en utilisant des \u00e9tudes de march\u00e9 sur les semi-conducteurs pour d\u00e9couvrir les tendances, technologies et dynamiques \u00e9mergentes de cette industrie, les entreprises peuvent prendre des d\u00e9cisions \u00e9clair\u00e9es qui les propulseront devant leurs concurrents et assureront leur succ\u00e8s dans l\u2019environnement actuel.<\/p>\n\n\n\n<p class=\"p2\"><strong>Certaines questions auxquelles vous devrez r\u00e9pondre en tant qu\u2019investisseur sont\u00a0:<\/strong><\/p>\n\n\n\n<p class=\"p2\">1. The scarcity of <a href=\"https:\/\/www.sisinternational.com\/fr\/competence\/cv-dexperience\/etude-de-marche-sur-les-produits-de-soins-personnels\/\" title=\"\u00c9tude de march\u00e9 sur les produits de soins personnels\"  data-wpil-monitor-id=\"11184\">products on the market<\/a> currently<\/p>\n\n\n\n<p class=\"p2\">2. Dans quelle mesure le produit est-il demand\u00e9\u00a0?<\/p>\n\n\n\n<p class=\"p2\">3. Existe-t-il une option moins ch\u00e8re pour le produit que vous souhaitez acheter ?<\/p>\n\n\n\n<p class=\"p2\">4. Est-ce mieux qu\u2019une option moins ch\u00e8re ?<\/p>\n\n\n\n<p class=\"p2\">5. Votre march\u00e9 cible peut-il se le permettre ?<\/p>\n\n\n\n<p class=\"p2\">6. Quel est votre march\u00e9 cible ?<\/p>\n\n\n\n<h2 class=\"wp-block-heading\">Le produit est-il en demande ?<\/h2>\n\n\n\n<figure class=\"gb-block-image gb-block-image-986632f7\"><img loading=\"lazy\" decoding=\"async\" width=\"1456\" height=\"816\" class=\"gb-image gb-image-986632f7\" src=\"https:\/\/www.sisinternational.com\/wp-content\/uploads\/2025\/08\/Semiconductor-1.jpg\" alt=\"\u00c9tudes de march\u00e9 et strat\u00e9gie internationales SIS\" title=\"Semiconductor (1)\" srcset=\"https:\/\/www.sisinternational.com\/wp-content\/uploads\/2025\/08\/Semiconductor-1.jpg 1456w, https:\/\/www.sisinternational.com\/wp-content\/uploads\/2025\/08\/Semiconductor-1-300x168.jpg 300w, https:\/\/www.sisinternational.com\/wp-content\/uploads\/2025\/08\/Semiconductor-1-1024x574.jpg 1024w, https:\/\/www.sisinternational.com\/wp-content\/uploads\/2025\/08\/Semiconductor-1-768x430.jpg 768w, https:\/\/www.sisinternational.com\/wp-content\/uploads\/2025\/08\/Semiconductor-1-18x10.jpg 18w\" sizes=\"auto, (max-width: 1456px) 100vw, 1456px\"><\/figure>\n\n\n\n<p><\/p>\n\n\n\n<p class=\"p2\">En effectuant une \u00e9tude de march\u00e9 sur ce produit, vous d\u00e9couvrirez beaucoup de choses. Par exemple, vous verrez qu\u2019il y a eu une p\u00e9nurie au cours des derni\u00e8res ann\u00e9es. Un autre point cl\u00e9 est que cette p\u00e9nurie a provoqu\u00e9 une augmentation des prix des v\u00e9hicules. Alors oui, cela affecte l\u2019utilisation du v\u00e9hicule, ce qui r\u00e9pondrait \u00e0 la question \u00ab Le produit est-il en demande ? \u00bb Les v\u00e9hicules sont tr\u00e8s demand\u00e9s.<\/p>\n\n\n\n<p class=\"p2\">L&#039;industrie automobile utilise des semi-conducteurs car ils facilitent le contr\u00f4le des engrenages et du carburant. Ils sont \u00e9galement essentiels au fonctionnement des connexions Internet et des capteurs de cam\u00e9ra dans les v\u00e9hicules.<\/p>\n\n\n\n<p class=\"p2\">L\u2019\u00e9nergie \u00e9lectrique est \u00e9galement tr\u00e8s demand\u00e9e. Ainsi, les semi-conducteurs seront tr\u00e8s utiles dans presque tous les foyers et entreprises. En fait, ils ont la propri\u00e9t\u00e9 unique de conduire l\u2019\u00e9nergie \u00e9lectrique.<\/p>\n\n\n\n<p class=\"p2\">La conductivit\u00e9 d&#039;un semi-conducteur change en fonction de son environnement. Cette capacit\u00e9 unique en fait le cerveau des appareils technologiques et conduit \u00e0 des progr\u00e8s dans les soins de sant\u00e9 ainsi que dans les communications. Une autre utilisation de ces mat\u00e9riaux concerne les transistors. Un transistor est un circuit de petits commutateurs semi-conducteurs au c\u0153ur d&#039;une puce informatique. Ils permettent aux puces d&#039;effectuer des calculs et d&#039;ex\u00e9cuter des programmes. Voil\u00e0, en un mot, comment nous utilisons ces supports de communication.<\/p>\n\n\n\n<p class=\"p2\">Ce type de ressource est utile aux prestataires de soins de sant\u00e9. Cela leur permet par exemple de scanner des donn\u00e9es et d\u2019observer des maladies dans des zones recul\u00e9es. Il est donc facile de comprendre que les semi-conducteurs sont utiles. Pourtant, leurs alternatives durent plus longtemps et fonctionnent mieux \u00e0 des temp\u00e9ratures plus \u00e9lev\u00e9es. Le graph\u00e8ne et le silicium sont tous d\u2019excellents conducteurs pouvant remplacer les semi-conducteurs.<\/p>\n\n\n\n<p class=\"p2\">Imaginez investir sans conna\u00eetre au moins les d\u00e9tails essentiels. Ce serait un risque r\u00e9el pour un investisseur. De ce point de vue, il est facile de comprendre pourquoi il est crucial de r\u00e9aliser une \u00e9tude de march\u00e9.<\/p>\n\n\n\n<h2 class=\"wp-block-heading\">Titres de poste cl\u00e9s<\/h2>\n\n\n\n<h3 class=\"wp-block-heading p2\">Certains titres d\u2019emploi que vous trouverez dans cette industrie sont les suivants\u00a0:<\/h3>\n\n\n\n<p class=\"p2\">1. Assembleur de circuits imprim\u00e9s<\/p>\n\n\n\n<p class=\"p2\">2. Technicien de proc\u00e9d\u00e9s<\/p>\n\n\n\n<p class=\"p2\">3. Technicien d&#039;\u00e9quipement<\/p>\n\n\n\n<p class=\"p2\">4. Ing\u00e9nieur de service sur le terrain<\/p>\n\n\n\n<p class=\"p2\">5. Technicien d&#039;essais<\/p>\n\n\n\n<h2 class=\"wp-block-heading\">Pourquoi les entreprises ont-elles besoin d\u2019une \u00e9tude de march\u00e9 sur les semi-conducteurs ?<\/h2>\n\n\n\n<p class=\"p2\">Les entreprises ont besoin d\u2019une \u00e9tude de march\u00e9 sur les semi-conducteurs. Par exemple, cela les aide \u00e0 d\u00e9terminer quels clients cibler. De plus, conna\u00eetre votre march\u00e9 cible est un aspect crucial du succ\u00e8s d\u2019une entreprise. De la m\u00eame mani\u00e8re, mener une \u00e9tude de march\u00e9 vous aidera \u00e0 d\u00e9couvrir le march\u00e9 cible de votre entreprise. Ainsi, en connaissant votre march\u00e9 cible, vous saurez quelle plateforme utiliser pour faire de la publicit\u00e9. Vous en apprendrez \u00e9galement davantage sur vos concurrents gr\u00e2ce aux \u00e9tudes de march\u00e9. Cela r\u00e9duit votre risque de march\u00e9.<\/p>\n\n\n\n<p class=\"p1\">Avantages de l\u2019\u00e9tude de march\u00e9 sur les semi-conducteurs<\/p>\n\n\n\n<p class=\"p2\">Les entreprises op\u00e9rant dans l\u2019industrie des semi-conducteurs peuvent obtenir de nombreux avantages tels que :<\/p>\n\n\n\n<ul class=\"wp-block-list ul1\">\n<li><b>Garder une longueur d&#039;avance<\/b>: Les \u00e9tudes de march\u00e9 sur les semi-conducteurs fournissent aux organisations des informations inestimables sur les conditions du march\u00e9 en constante \u00e9volution, des avanc\u00e9es technologiques aux pr\u00e9f\u00e9rences des clients. Ces points de donn\u00e9es peuvent \u00eatre utilis\u00e9s pour fa\u00e7onner la cr\u00e9ation de produits, les strat\u00e9gies de tarification et les efforts de marketing pour une efficacit\u00e9 maximale.<\/li>\n\n\n\n<li><b>Reconna\u00eetre les perspectives de d\u00e9veloppement<\/b>: Semiconductor market <a href=\"https:\/\/www.sisinternational.com\/fr\/marche-des-produits-de-grande-consommation-au-vietnam\/\" title=\"March\u00e9 des produits de grande consommation au Vietnam\"  data-wpil-monitor-id=\"7601\">recherche<\/a> can be beneficial to businesses by providing them with the opportunity to identify growth opportunities in existing and emerging markets. With a comprehensive examination of <a href=\"https:\/\/www.sisinternational.com\/fr\/competence\/les-industries\/etude-de-marche-sur-les-boissons-alimentaires-et-la-voix-du-client\/\" title=\"\u00c9tude de march\u00e9 sur la voix du client dans le secteur des aliments et des boissons\"  data-wpil-monitor-id=\"11187\">customer requirements and market<\/a> trends, companies can create new products and services that satisfy the ever-changing needs of their target audience.<\/li>\n\n\n\n<li><b>Att\u00e9nuation des risques<\/b>: By leveraging semiconductor market research, organizations can reduce the risks of entering a new <a href=\"https:\/\/www.sisinternational.com\/fr\/solutions\/conseil-en-strategie\/etude-de-marche-de-produits-minimum-viables\/\" title=\"\u00c9tude de march\u00e9 sur les produits minimum viables\"  data-wpil-monitor-id=\"11189\">market or launching new products<\/a>.<\/li>\n\n\n\n<li><b>Augmenter la satisfaction des clients<\/b>: L&#039;utilisation d&#039;\u00e9tudes de march\u00e9 sur les semi-conducteurs aide les organisations \u00e0 mieux conna\u00eetre les besoins et les d\u00e9sirs de leurs clients. En tirant parti de cette compr\u00e9hension, ils sont mieux \u00e0 m\u00eame de cr\u00e9er des gammes de produits et des services qui r\u00e9pondent mieux aux attentes des clients.<\/li>\n\n\n\n<li><b>Une meilleure prise de d\u00e9cision<\/b>: Les \u00e9tudes de march\u00e9 sur les semi-conducteurs permettent aux entreprises de prendre des d\u00e9cisions \u00e9clair\u00e9es sur la conception et le d\u00e9veloppement de produits, les strat\u00e9gies marketing et les politiques de prix, entre autres. Gr\u00e2ce \u00e0 ces connaissances, les entreprises sont mieux plac\u00e9es pour profiter de toutes les opportunit\u00e9s disponibles dans leur secteur en \u00e9volution rapide.<\/li>\n<\/ul>\n\n\n\n<p class=\"p1\"><strong>Limites des \u00e9tudes de march\u00e9 sur les semi-conducteurs<\/strong><\/p>\n\n\n\n<ul class=\"wp-block-list ul1\">\n<li>Les entreprises du secteur des semi-conducteurs h\u00e9sitent \u00e0 divulguer des donn\u00e9es pr\u00e9cises sur leurs produits et processus en raison de probl\u00e8mes de concurrence. Cela peut pr\u00e9senter certaines limites lorsque vient le temps d\u2019effectuer une \u00e9tude de march\u00e9 approfondie.<\/li>\n\n\n\n<li>Acc\u00e9der aux connaissances techniques sp\u00e9cialis\u00e9es et aux ressources n\u00e9cessaires \u00e0 une \u00e9tude de march\u00e9 compl\u00e8te dans l\u2019industrie des semi-conducteurs peut s\u2019av\u00e9rer co\u00fbteux car cela n\u00e9cessite g\u00e9n\u00e9ralement l\u2019utilisation d\u2019outils et de sources de donn\u00e9es sp\u00e9cifiques.<\/li>\n\n\n\n<li>La politique mondiale influence fortement le march\u00e9 des semi-conducteurs. Comme ces facteurs sont notoirement impr\u00e9visibles, ils peuvent entra\u00eener des changements spectaculaires dans la croissance et la rentabilit\u00e9 au sein du secteur.<\/li>\n<\/ul>\n\n\n\n<h2 class=\"wp-block-heading\">Facteurs cl\u00e9s de succ\u00e8s<\/h2>\n\n\n\n<figure class=\"gb-block-image gb-block-image-c25db120\"><img loading=\"lazy\" decoding=\"async\" width=\"1456\" height=\"816\" class=\"gb-image gb-image-c25db120\" src=\"https:\/\/www.sisinternational.com\/wp-content\/uploads\/2025\/08\/Semiconductor-5.jpg\" alt=\"\u00c9tudes de march\u00e9 et strat\u00e9gie internationales SIS\" title=\"Semiconductor (5)\" srcset=\"https:\/\/www.sisinternational.com\/wp-content\/uploads\/2025\/08\/Semiconductor-5.jpg 1456w, https:\/\/www.sisinternational.com\/wp-content\/uploads\/2025\/08\/Semiconductor-5-300x168.jpg 300w, https:\/\/www.sisinternational.com\/wp-content\/uploads\/2025\/08\/Semiconductor-5-1024x574.jpg 1024w, https:\/\/www.sisinternational.com\/wp-content\/uploads\/2025\/08\/Semiconductor-5-768x430.jpg 768w, https:\/\/www.sisinternational.com\/wp-content\/uploads\/2025\/08\/Semiconductor-5-18x10.jpg 18w\" sizes=\"auto, (max-width: 1456px) 100vw, 1456px\"><\/figure>\n\n\n\n<p><\/p>\n\n\n\n<p class=\"p2\">We\u2019ve outlined some key factors to succeed and make a profit in this area. For example, there must be high hopes for the future of the business. Also, by doing research, you will know the risks. Thus, <a href=\"https:\/\/www.sisinternational.com\/fr\/facteurs-cles-de-succes-dans-les-etudes-de-marche-automobile\/\" title=\"Facteurs cl\u00e9s de succ\u00e8s dans les \u00e9tudes de march\u00e9 automobile\"  data-wpil-monitor-id=\"11179\">research is another success factor<\/a> to keep in mind.<\/p>\n\n\n\n<h3 class=\"wp-block-heading p2\">Certains autres facteurs critiques de succ\u00e8s comprennent\u00a0:<\/h3>\n\n\n\n<p>1. Obtenir du financement<\/p>\n\n\n\n<p>2. Am\u00e9liorer et grandir<\/p>\n\n\n\n<p>3. Respecter le budget<\/p>\n\n\n\n<p>4. Avoir un ing\u00e9nieur de conception<\/p>\n\n\n\n<p>5. B\u00e2tir la confiance des clients<\/p>\n\n\n\n<h2 class=\"wp-block-heading p1\">Perspectives futures des \u00e9tudes de march\u00e9 sur les semi-conducteurs<\/h2>\n\n\n\n<p class=\"p3\">L\u2019industrie des semi-conducteurs conna\u00eet un \u00e9norme changement dans la demande d\u2019appareils IoT. Pour tirer parti de cette tendance, les entreprises d\u00e9veloppent des puces plus petites, plus rapides et plus \u00e9conomes en \u00e9nergie, capables d\u2019alimenter ces gadgets futuristes. Cette \u00e9volution promet de propulser la croissance du secteur dans les ann\u00e9es \u00e0 venir.<\/p>\n\n\n\n<p class=\"p3\">En outre, l\u2019utilisation acc\u00e9l\u00e9r\u00e9e de l\u2019intelligence artificielle et de l\u2019apprentissage automatique ouvrira un monde de possibilit\u00e9s \u00e0 l\u2019industrie des semi-conducteurs. Pour traiter d\u2019\u00e9normes ensembles de donn\u00e9es en temps r\u00e9el avec une grande pr\u00e9cision, ces technologies s\u2019appuient sur des semi-conducteurs de pointe. De plus, des mat\u00e9riaux de pointe comme le nitrure de gallium et le carbure de silicium devraient stimuler la croissance de ce secteur car ils offrent des performances et une efficacit\u00e9 \u00e9nerg\u00e9tique sup\u00e9rieures \u00e0 celles des composants traditionnels.<\/p>\n\n\n\n<h2 class=\"wp-block-heading\">\u00c0 propos de l\u2019\u00e9tude de march\u00e9 sur les semi-conducteurs<\/h2>\n\n\n\n<p class=\"p2\">Are you looking to invest in Semiconductors but don\u2019t know how to go about doing Market Research? We can help with your first step of investing in this sector. <a href=\"https:\/\/www.sisinternational.com\/fr\/contacter-sis-etude-de-marche-internationale\/\" title=\"Contactez-nous\"  data-wpil-monitor-id=\"11175\">Recherche internationale SIS<\/a> offers Quantitative and Qualitative Research coupled with Strategy Research. We <a href=\"https:\/\/www.sisinternational.com\/fr\/solutions\/groupes-de-discussion\/recrutement-de-groupes-de-discussion-en-ligne\/\" title=\"Recrutement de groupes de discussion en ligne\"  data-wpil-monitor-id=\"11176\">recruit Focus Groups<\/a> to gain public opinion and worries about a product. We also do Interviews and Surveys. Contact us today!<\/p>\n\n\n\n<p><\/p>","protected":false},"excerpt":{"rendered":"<p>SIS est une soci\u00e9t\u00e9 mondiale d&#039;\u00e9tudes de march\u00e9 et de conseil en strat\u00e9gie. D\u00e9veloppez votre entreprise avec les \u00e9tudes de march\u00e9 sur les semi-conducteurs. <\/p>","protected":false},"author":1,"featured_media":64529,"parent":14514,"menu_order":78,"comment_status":"closed","ping_status":"closed","template":"","meta":{"footnotes":""},"class_list":["post-39093","page","type-page","status-publish","has-post-thumbnail"],"_links":{"self":[{"href":"https:\/\/www.sisinternational.com\/fr\/wp-json\/wp\/v2\/pages\/39093","targetHints":{"allow":["GET"]}}],"collection":[{"href":"https:\/\/www.sisinternational.com\/fr\/wp-json\/wp\/v2\/pages"}],"about":[{"href":"https:\/\/www.sisinternational.com\/fr\/wp-json\/wp\/v2\/types\/page"}],"author":[{"embeddable":true,"href":"https:\/\/www.sisinternational.com\/fr\/wp-json\/wp\/v2\/users\/1"}],"replies":[{"embeddable":true,"href":"https:\/\/www.sisinternational.com\/fr\/wp-json\/wp\/v2\/comments?post=39093"}],"version-history":[{"count":6,"href":"https:\/\/www.sisinternational.com\/fr\/wp-json\/wp\/v2\/pages\/39093\/revisions"}],"predecessor-version":[{"id":81826,"href":"https:\/\/www.sisinternational.com\/fr\/wp-json\/wp\/v2\/pages\/39093\/revisions\/81826"}],"up":[{"embeddable":true,"href":"https:\/\/www.sisinternational.com\/fr\/wp-json\/wp\/v2\/pages\/14514"}],"wp:featuredmedia":[{"embeddable":true,"href":"https:\/\/www.sisinternational.com\/fr\/wp-json\/wp\/v2\/media\/64529"}],"wp:attachment":[{"href":"https:\/\/www.sisinternational.com\/fr\/wp-json\/wp\/v2\/media?parent=39093"}],"curies":[{"name":"wp","href":"https:\/\/api.w.org\/{rel}","templated":true}]}}