{"id":39077,"date":"2021-10-20T18:59:39","date_gmt":"2021-10-20T18:59:39","guid":{"rendered":"https:\/\/www.sisinternational.com\/?page_id=39077"},"modified":"2025-10-22T19:40:18","modified_gmt":"2025-10-22T23:40:18","slug":"analyse-maxdiff","status":"publish","type":"page","link":"https:\/\/www.sisinternational.com\/fr\/solutions\/solutions-de-recherche-qualitative-et-quantitative\/analyse-maxdiff\/","title":{"rendered":"Analyse Maxdiff"},"content":{"rendered":"<h1 class=\"wp-block-heading\">Analyse Maxdiff<\/h1>\n\n\n\n<figure class=\"gb-block-image gb-block-image-fa50b16a\"><img loading=\"lazy\" decoding=\"async\" width=\"1456\" height=\"816\" class=\"gb-image gb-image-fa50b16a\" src=\"https:\/\/www.sisinternational.com\/wp-content\/uploads\/2025\/10\/analysis-analytics-research-10.jpg\" alt=\"\u00c9tudes de march\u00e9 et strat\u00e9gie internationales SIS\" title=\"analysis analytics research (10)\" srcset=\"https:\/\/www.sisinternational.com\/wp-content\/uploads\/2025\/10\/analysis-analytics-research-10.jpg 1456w, https:\/\/www.sisinternational.com\/wp-content\/uploads\/2025\/10\/analysis-analytics-research-10-300x168.jpg 300w, https:\/\/www.sisinternational.com\/wp-content\/uploads\/2025\/10\/analysis-analytics-research-10-1024x574.jpg 1024w, https:\/\/www.sisinternational.com\/wp-content\/uploads\/2025\/10\/analysis-analytics-research-10-768x430.jpg 768w, https:\/\/www.sisinternational.com\/wp-content\/uploads\/2025\/10\/analysis-analytics-research-10-18x10.jpg 18w\" sizes=\"auto, (max-width: 1456px) 100vw, 1456px\"><\/figure>\n\n\n\n<p><\/p>\n\n\n\n<h2 class=\"wp-block-heading p1\">L&#039;analyse Maxdiff est une m\u00e9thode de mise \u00e0 l&#039;\u00e9chelle utilis\u00e9e pour comptabiliser les commentaires de l&#039;enqu\u00eate.<\/h2>\n\n\n\n<p class=\"p1\">It also measures preference scores and values that customers put on a list of items. The Maxdiff Analysis is very much like the Conjoint Analysis. But it is much easier to use. It\u2019s also more precise than Conjoint when it comes to analyzing essential information. This method shows participants the best and worst options in a list of items. Companies use it to see the traits that customers find most important. They can then adjust their <a href=\"https:\/\/www.sisinternational.com\/fr\/solutions\/test-de-gout\/services-de-test-de-produits-a-new-york\/\" title=\"Services de test de produits \u00e0 New York\"  data-wpil-monitor-id=\"7827\">products or services<\/a> to suit.<\/p>\n\n\n\n<h2 class=\"wp-block-heading\">Pourquoi l&#039;analyse Maxdiff est-elle importante\u00a0?<\/h2>\n\n\n\n<p class=\"p1\">Maxdiff analysis is a tremendous aid to researchers. They use this method to find features that suit customers\u2019 choices. <a href=\"https:\/\/www.sisinternational.com\/fr\/solutions\/societe-detudes-de-marche-par-echantillonnage-et-sondage-en-ligne\/\" title=\"Enqu\u00eate en ligne \u00c9chantillonnage Soci\u00e9t\u00e9 d&#039;\u00e9tudes de march\u00e9\"  data-wpil-monitor-id=\"7826\">Companies create surveys<\/a> to see the most chosen things by customers. Also, to know the things that will make a difference in their business.<\/p>\n\n\n\n<p class=\"p1\">Les services marketing, par exemple dans le secteur du tourisme, utilisent beaucoup Maxdiff. Cette m\u00e9thode peut aider \u00e0 comparer les bizarreries de deux lieux. Il peut alors affiner la prise de d\u00e9cision en fonction du budget allou\u00e9. Par exemple, il peut proposer des options concernant le niveau de luxe, la cuisine et si le visiteur souhaite observer la faune locale. Ils peuvent \u00e9galement d\u00e9cider de la vie nocturne, des plages et des activit\u00e9s culturelles pour leur voyage. \u00c0 partir de l\u00e0, ils peuvent comparer les options et en choisir une.<\/p>\n\n\n\n<h2 class=\"wp-block-heading\">Titres de poste cl\u00e9s<\/h2>\n\n\n\n<p class=\"p2\">En marketing, cette analyse joue le r\u00f4le de levier. Il aide les analystes de march\u00e9 \u00e0 obtenir un classement pour toutes les diff\u00e9rentes options pr\u00e9sent\u00e9es. Ces scores aident \u00e0 la gestion du budget. Cela aide \u00e9galement \u00e0 d\u00e9terminer ce que les clients aiment le plus et le moins.<span class=\"Apple-converted-space\">&nbsp;<\/span><\/p>\n\n\n\n<p class=\"p2\">The Maxdiff analysis makes specific hunches about how people make their choices, which is very useful for the marketing industry. By using this method, businesses can make profits. Why? Because they spend time focusing on the things the customers want and need instead of stocking up on items people do not want. After gaining this type of information, it\u2019s easier to <a href=\"https:\/\/www.sisinternational.com\/fr\/solutions\/legal-market-research\/etude-de-marche-sur-la-gestion-des-depenses-des-cabinets-davocats\/\" title=\"\u00c9tude de march\u00e9 sur la gestion des d\u00e9penses des cabinets d\u2019avocats\"  data-wpil-monitor-id=\"7825\">manage their spending<\/a>. Profits will rise, and market researchers can then move to find new bestsellers.<\/p>\n\n\n\n<h2 class=\"wp-block-heading\">Pourquoi les entreprises ont besoin de Maxdiff Analysis<\/h2>\n\n\n\n<p class=\"p2\">The Maxdiff analysis shows preferences. Likewise, businesses can use it to make final choices in different areas. It also helps to focus on essential areas. Also, it makes the most of the budget by evaluating the answers collected from the surveys. This process then allows the company to make the best choices for itself. Other survey types like rank order, matrix, and rating scales lack this ability. That\u2019s why this <a href=\"https:\/\/www.sisinternational.com\/fr\/quantitative-market-research-methods-and-techniques\/\" title=\"Quantitative Market Research Methods and Techniques\"  data-wpil-monitor-id=\"7823\">method is an excellent research<\/a> tool.<\/p>\n\n\n\n<p class=\"p2\">Cette m\u00e9thode est particuli\u00e8rement utile dans les donn\u00e9es de pr\u00e9f\u00e9rences \u00e0 un seul niveau. C&#039;est pratique lorsque les entreprises doivent faire des choix importants, comme le type de soda le plus populaire. Ainsi, Maxdiff donne aux clients leur mot \u00e0 dire sur les produits qui restent en rayon et ceux qui sont coup\u00e9s.<\/p>\n\n\n\n<p class=\"p2\">Conjoint analysis is the opposite of this data collection method. For instance, it comes in handy when collecting many different levels of choices.<\/p>\n\n\n\n<h2 class=\"wp-block-heading\">Facteurs cl\u00e9s de succ\u00e8s<\/h2>\n\n\n\n<p class=\"p2\">L&#039;utilisation de cette m\u00e9thode fournit des notes importantes pour chaque \u00e9l\u00e9ment. Cela peut \u00e9galement montrer \u00e0 quel point ces produits sont essentiels les uns par rapport aux autres. Les principaux avantages de l\u2019utilisation de Maxdiff sont\u00a0:<\/p>\n\n\n\n<p class=\"p2\">1. Jugement fort<\/p>\n\n\n\n<p class=\"p2\">2. Il est facile d&#039;obtenir des r\u00e9ponses<\/p>\n\n\n\n<p class=\"p2\">3. Allows the <a href=\"https:\/\/www.sisinternational.com\/fr\/solutions\/solutions-de-branding-et-de-recherche-client\/etude-de-marche-sur-les-tests-de-produits\/new-product-concept-testing-methods\/\" title=\"New Product Concept Testing Methods\"  data-wpil-monitor-id=\"7828\">essai<\/a> of more items than with other methods<\/p>\n\n\n\n<p class=\"p2\">4. Donne des donn\u00e9es de ratio et mesure toutes les diff\u00e9rences<\/p>\n\n\n\n<p class=\"p2\">5. Aucune limite<\/p>\n\n\n\n<p class=\"p2\">Non seulement il peut faire toutes ces choses et g\u00e9rer les scores, mais il pr\u00e9sente \u00e9galement d&#039;autres avantages comme le TURF (Total Unduplicate Reach and Frequency). TURF peut d\u00e9terminer lesquelles des donn\u00e9es couvriront le plus probablement une partie importante de votre cible.<\/p>\n\n\n\n<h2 class=\"wp-block-heading\">\u00c0 propos de l\u2019\u00e9tude de march\u00e9 Maxdiff<\/h2>\n\n\n\n<p class=\"p2\">If your company is thinking of using this method of analysis, then you\u2019ve come to the right place. We have created focus groups to help in this area, and also in survey making and interviews. This company also does strategic, quantitative, and <a href=\"https:\/\/www.sisinternational.com\/fr\/societe-de-recherche-qualitative-de-premier-plan-a-lechelle-mondiale\/\" title=\"Entreprise de recherche qualitative de premier plan \u00e0 l&#039;\u00e9chelle mondiale\"  data-wpil-monitor-id=\"7820\">qualitative research for companies<\/a> we support. We can give you the tools to make the best decisions to improve your company. We are always willing to assist in growing new companies. So please feel free to contact us.<\/p>\n\n\n\n<p><\/p>","protected":false},"excerpt":{"rendered":"<p>L&#039;analyse Maxdiff est une m\u00e9thode de mise \u00e0 l&#039;\u00e9chelle utilis\u00e9e pour comptabiliser les commentaires de l&#039;enqu\u00eate. Il mesure \u00e9galement les scores de pr\u00e9f\u00e9rence et les valeurs que les clients mettent sur une liste d&#039;articles.<\/p>","protected":false},"author":1,"featured_media":71908,"parent":14660,"menu_order":20,"comment_status":"closed","ping_status":"closed","template":"","meta":{"footnotes":""},"class_list":["post-39077","page","type-page","status-publish","has-post-thumbnail"],"_links":{"self":[{"href":"https:\/\/www.sisinternational.com\/fr\/wp-json\/wp\/v2\/pages\/39077","targetHints":{"allow":["GET"]}}],"collection":[{"href":"https:\/\/www.sisinternational.com\/fr\/wp-json\/wp\/v2\/pages"}],"about":[{"href":"https:\/\/www.sisinternational.com\/fr\/wp-json\/wp\/v2\/types\/page"}],"author":[{"embeddable":true,"href":"https:\/\/www.sisinternational.com\/fr\/wp-json\/wp\/v2\/users\/1"}],"replies":[{"embeddable":true,"href":"https:\/\/www.sisinternational.com\/fr\/wp-json\/wp\/v2\/comments?post=39077"}],"version-history":[{"count":5,"href":"https:\/\/www.sisinternational.com\/fr\/wp-json\/wp\/v2\/pages\/39077\/revisions"}],"predecessor-version":[{"id":81320,"href":"https:\/\/www.sisinternational.com\/fr\/wp-json\/wp\/v2\/pages\/39077\/revisions\/81320"}],"up":[{"embeddable":true,"href":"https:\/\/www.sisinternational.com\/fr\/wp-json\/wp\/v2\/pages\/14660"}],"wp:featuredmedia":[{"embeddable":true,"href":"https:\/\/www.sisinternational.com\/fr\/wp-json\/wp\/v2\/media\/71908"}],"wp:attachment":[{"href":"https:\/\/www.sisinternational.com\/fr\/wp-json\/wp\/v2\/media?parent=39077"}],"curies":[{"name":"wp","href":"https:\/\/api.w.org\/{rel}","templated":true}]}}