{"id":38919,"date":"2021-09-25T02:39:15","date_gmt":"2021-09-25T02:39:15","guid":{"rendered":"https:\/\/www.sisinternational.com\/?page_id=38919"},"modified":"2026-04-01T17:25:12","modified_gmt":"2026-04-01T21:25:12","slug":"etude-de-marche-bulgarie","status":"publish","type":"page","link":"https:\/\/www.sisinternational.com\/fr\/couverture\/leurope-%ef%83%97\/etude-de-marche-bulgarie\/","title":{"rendered":"Etude de march\u00e9 en Bulgarie"},"content":{"rendered":"<h1 class=\"gb-headline gb-headline-bd43b33e gb-headline-text\">Etude de march\u00e9 en Bulgarie<\/h1>\n\n\n\n<figure class=\"gb-block-image gb-block-image-744902c4\"><img loading=\"lazy\" decoding=\"async\" width=\"1408\" height=\"768\" class=\"gb-image gb-image-744902c4\" src=\"https:\/\/www.sisinternational.com\/wp-content\/uploads\/2026\/04\/Bulgaria-1.jpg\" alt=\"\u00c9tudes de march\u00e9 et strat\u00e9gie internationales SIS\" title=\"Bulgaria (1)\" srcset=\"https:\/\/www.sisinternational.com\/wp-content\/uploads\/2026\/04\/Bulgaria-1.jpg 1408w, https:\/\/www.sisinternational.com\/wp-content\/uploads\/2026\/04\/Bulgaria-1-300x164.jpg 300w, https:\/\/www.sisinternational.com\/wp-content\/uploads\/2026\/04\/Bulgaria-1-1024x559.jpg 1024w, https:\/\/www.sisinternational.com\/wp-content\/uploads\/2026\/04\/Bulgaria-1-768x419.jpg 768w, https:\/\/www.sisinternational.com\/wp-content\/uploads\/2026\/04\/Bulgaria-1-18x10.jpg 18w\" sizes=\"auto, (max-width: 1408px) 100vw, 1408px\"><\/figure>\n\n\n\n<h1 class=\"wp-block-heading\">&nbsp;<\/h1>\n\n\n\n<hr class=\"wp-block-separator has-alpha-channel-opacity is-style-dots\"\/>\n\n\n\n<p><span style=\"font-weight: 400;\">Comprehensive market research in Bulgaria can unveil critical insights that drive strategic business decisions. This diverse market, characterized by its distinct challenges and abundant opportunities, requires a deep understanding of business success.<\/span><\/p>\n\n\n\n<h2 class=\"wp-block-heading\"><strong>Qu\u2019est-ce qu\u2019une \u00e9tude de march\u00e9 en Bulgarie ?<\/strong><\/h2>\n\n\n\n<p><span style=\"font-weight: 400;\">Les \u00e9tudes de march\u00e9 en Bulgarie offrent aux entreprises une compr\u00e9hension globale du paysage \u00e9conomique, des comportements des consommateurs et de la dynamique concurrentielle sp\u00e9cifiques \u00e0 la Bulgarie.&nbsp;<\/span><\/p>\n\n\n\n<h2 class=\"wp-block-heading\"><strong>Pourquoi les entreprises ont-elles besoin d\u2019\u00e9tudes de march\u00e9 en Bulgarie ?<\/strong><\/h2>\n\n\n\n<p><span style=\"font-weight: 400;\">Les \u00e9tudes de march\u00e9 en Bulgarie aident les entreprises \u00e0 s&#039;adapter aux complexit\u00e9s de l&#039;environnement commercial local et \u00e0 prendre des d\u00e9cisions \u00e9clair\u00e9es. Ceci est particuli\u00e8rement important en Bulgarie, o\u00f9 les conditions \u00e9conomiques et les comportements des consommateurs peuvent diff\u00e9rer consid\u00e9rablement de ceux des autres r\u00e9gions.<\/span><\/p>\n\n\n\n<p><span style=\"font-weight: 400;\">Les entreprises ont besoin d\u2019\u00e9tudes de march\u00e9 en Bulgarie pour identifier et comprendre leur public cible. En comprenant ce qui motive les d\u00e9cisions des consommateurs, les entreprises peuvent adapter leurs produits et services pour r\u00e9pondre efficacement aux demandes locales.<\/span><\/p>\n\n\n\n<p><span style=\"font-weight: 400;\">De plus, les \u00e9tudes de march\u00e9 en Bulgarie fournissent des informations essentielles sur le paysage concurrentiel. Les entreprises peuvent analyser les forces et les faiblesses de leurs concurrents, identifier les lacunes du march\u00e9 et d\u00e9velopper des strat\u00e9gies pour se diff\u00e9rencier. Ces connaissances sont inestimables pour cr\u00e9er une proposition de valeur unique et obtenir un avantage concurrentiel.<\/span><\/p>\n\n\n\n<h2 class=\"wp-block-heading\"><strong>R\u00e9sultats attendus de l&#039;\u00e9tude de march\u00e9 de SIS en Bulgarie<\/strong><\/h2>\n\n\n\n<figure class=\"gb-block-image gb-block-image-0c82cda1\"><img loading=\"lazy\" decoding=\"async\" width=\"1456\" height=\"816\" class=\"gb-image gb-image-0c82cda1\" src=\"https:\/\/www.sisinternational.com\/wp-content\/uploads\/2025\/09\/Bulgaria-3.jpg\" alt=\"\u00c9tudes de march\u00e9 et strat\u00e9gie internationales SIS\" title=\"Bulgaria (3)\" srcset=\"https:\/\/www.sisinternational.com\/wp-content\/uploads\/2025\/09\/Bulgaria-3.jpg 1456w, https:\/\/www.sisinternational.com\/wp-content\/uploads\/2025\/09\/Bulgaria-3-300x168.jpg 300w, https:\/\/www.sisinternational.com\/wp-content\/uploads\/2025\/09\/Bulgaria-3-1024x574.jpg 1024w, https:\/\/www.sisinternational.com\/wp-content\/uploads\/2025\/09\/Bulgaria-3-768x430.jpg 768w, https:\/\/www.sisinternational.com\/wp-content\/uploads\/2025\/09\/Bulgaria-3-18x10.jpg 18w\" sizes=\"auto, (max-width: 1456px) 100vw, 1456px\"><\/figure>\n\n\n\n<p><\/p>\n\n\n\n<p><b>Connaissance accrue du march\u00e9<\/b><span style=\"font-weight: 400;\">:&nbsp;<\/span><\/p>\n\n\n\n<p><span style=\"font-weight: 400;\">SIS International offre aux entreprises une compr\u00e9hension approfondie du paysage du march\u00e9 bulgare. Ces connaissances permettent aux entreprises de prendre des d\u00e9cisions \u00e9clair\u00e9es, d&#039;aligner leurs strat\u00e9gies sur les conditions du march\u00e9 et d&#039;identifier les opportunit\u00e9s de croissance.<\/span><\/p>\n\n\n\n<p><b>Planification strat\u00e9gique am\u00e9lior\u00e9e<\/b><span style=\"font-weight: 400;\">:&nbsp;<\/span><\/p>\n\n\n\n<p><span style=\"font-weight: 400;\">We help businesses develop robust strategic plans crucial for achieving long-term success and sustainable growth in Bulgaria.<\/span><\/p>\n\n\n\n<p><b>Campagnes marketing optimis\u00e9es<\/b><span style=\"font-weight: 400;\">:&nbsp;<\/span><\/p>\n\n\n\n<p><span style=\"font-weight: 400;\">Les entreprises peuvent cr\u00e9er des campagnes marketing cibl\u00e9es avec des informations d\u00e9taill\u00e9es sur les consommateurs qui trouvent un \u00e9cho aupr\u00e8s de leur public. Cela conduit \u00e0 un engagement plus \u00e9lev\u00e9, \u00e0 une meilleure fid\u00e9lit\u00e9 \u00e0 la marque et \u00e0 une augmentation des ventes.<\/span><\/p>\n\n\n\n<p><b>Augmentation du retour sur investissement<\/b><span style=\"font-weight: 400;\">:&nbsp;<\/span><\/p>\n\n\n\n<p><span style=\"font-weight: 400;\">Les \u00e9tudes de march\u00e9 de SIS aident les entreprises \u00e0 maximiser leur retour sur investissement en identifiant les segments de march\u00e9 et les opportunit\u00e9s les plus prometteurs. Ce faisant, les entreprises peuvent allouer leurs ressources plus efficacement et obtenir de meilleurs r\u00e9sultats.<\/span><\/p>\n\n\n\n<h2 class=\"wp-block-heading p3\">Quartiers<\/h2>\n\n\n\n<p class=\"p2\">Sofia is the biggest and capital city in the world. It has some of the country\u2019s best attractions, such as the Saint Sofia Church and underground museum. Sofia is also home to the National History Museum, which displays famous gold treasures worldwide.<\/p>\n\n\n\n<p class=\"p2\">Un autre point cl\u00e9 de cette ville est qu\u2019elle se trouve au pied de la montagne Vitosha. Vitosha est un haut lieu pour les amateurs de randonn\u00e9e et de ski.<\/p>\n\n\n\n<p class=\"p2\">Plovdiv est une autre ville ancienne et bien connue du sud. Il a toujours attir\u00e9 les visiteurs en raison de son large \u00e9ventail d&#039;activit\u00e9s.<\/p>\n\n\n\n<h2 class=\"wp-block-heading\"><strong>Principales attractions touristiques en Bulgarie<\/strong><\/h2>\n\n\n\n<p><span style=\"font-weight: 400;\">Bulgaria has many tourist attractions that draw visitors from around the world. Understanding these attractions is crucial for tourism businesses to tailor their services and marketing strategies.<\/span><\/p>\n\n\n\n<ul class=\"wp-block-list\">\n<li><b>Sofia<\/b><span style=\"font-weight: 400;\">: La capitale offre un m\u00e9lange d&#039;attractions modernes et historiques, notamment la cath\u00e9drale Alexandre Nevski, le boulevard Vitosha et le Palais national de la culture.<\/span><\/li>\n\n\n\n<li><b>Plovdiv<\/b><span style=\"font-weight: 400;\">: Plovdiv est un centre culturel qui attire les touristes avec sa riche histoire et sa sc\u00e8ne artistique dynamique.<\/span><\/li>\n\n\n\n<li><b>Varna<\/b><span style=\"font-weight: 400;\">: Varna est une destination estivale populaire avec des attractions comme le jardin marin, le mus\u00e9e arch\u00e9ologique de Varna et le delphinarium.<\/span><\/li>\n\n\n\n<li><b>Monast\u00e8re de Rila<\/b><span style=\"font-weight: 400;\">: Ce site class\u00e9 au patrimoine mondial de l&#039;UNESCO est un monument culturel et religieux important, r\u00e9put\u00e9 pour son architecture \u00e9poustouflante et son importance historique.<\/span><\/li>\n\n\n\n<li><b>Bansko<\/b><span style=\"font-weight: 400;\">: Station de ski de premier plan dans les montagnes du Pirin, Bansko offre d&#039;excellentes possibilit\u00e9s de ski et de snowboard, attirant les amateurs de sports d&#039;hiver du monde entier.<\/span><\/li>\n\n\n\n<li><b>Veliko Tarnovo<\/b><span style=\"font-weight: 400;\">: Veliko Tarnovo propose des attractions telles que la forteresse de Tsarevets et le pittoresque village d&#039;Arbanasi.<\/span><\/li>\n\n\n\n<li><b>Nessebar<\/b><span style=\"font-weight: 400;\">: Cette ancienne ville situ\u00e9e sur la c\u00f4te de la mer Noire est un autre site du patrimoine mondial de l&#039;UNESCO, c\u00e9l\u00e8bre pour ses b\u00e2timents m\u00e9di\u00e9vaux bien conserv\u00e9s et ses belles plages.<\/span><\/li>\n<\/ul>\n\n\n\n<h2 class=\"wp-block-heading\"><strong>Industries cl\u00e9s en Bulgarie<\/strong><\/h2>\n\n\n\n<p><span style=\"font-weight: 400;\">Bulgaria is home to several key industries that drive its economy and offer substantial opportunities for <a href=\"https:\/\/www.sisinternational.com\/fr\/competence\/les-industries\/etude-de-marche-sur-lelectromenager\/\" title=\"\u00c9tude de march\u00e9 sur les appareils \u00e9lectrom\u00e9nagers\" data-wpil-monitor-id=\"6608\">market<\/a> research. <\/span><b>Agriculture<\/b><span style=\"font-weight: 400;\"> reste un secteur important, avec des soci\u00e9t\u00e9s comme Vinprom Peshtera et Agria Group Holding leader dans la production de produits agricoles, notamment du vin et des c\u00e9r\u00e9ales.&nbsp;<\/span><\/p>\n\n\n\n<p><span style=\"font-weight: 400;\">Le <\/span><b>industrie manufacturi\u00e8re<\/b><span style=\"font-weight: 400;\"> est \u00e9galement vital, en particulier dans les pi\u00e8ces automobiles, les machines et l\u2019\u00e9lectronique. Des entreprises telles que Sensata Technologies et Melexis sont des acteurs cl\u00e9s de ce secteur. Les \u00e9tudes de march\u00e9 aident ces entreprises \u00e0 optimiser leurs processus de production, \u00e0 r\u00e9duire leurs co\u00fbts et \u00e0 innover pour rester comp\u00e9titives.<\/span><\/p>\n\n\n\n<p><span style=\"font-weight: 400;\">Le <\/span><b>secteur des technologies de l&#039;information<\/b><span style=\"font-weight: 400;\"> conna\u00eet une croissance rapide, port\u00e9e par des soci\u00e9t\u00e9s comme Telerik et Musala Soft. Ce secteur b\u00e9n\u00e9ficie \u00e9norm\u00e9ment des \u00e9tudes de march\u00e9 qui identifient les tendances technologiques, les besoins des consommateurs et les domaines potentiels d&#039;innovation.<\/span><\/p>\n\n\n\n<p><b>Tourisme <\/b><span style=\"font-weight: 400;\">est un autre secteur important, le riche patrimoine culturel et la beaut\u00e9 naturelle de la Bulgarie attirant des visiteurs du monde entier. Des entreprises comme Albena AD et Solvex utilisent des \u00e9tudes de march\u00e9 pour am\u00e9liorer leurs services et attirer davantage de touristes.<\/span><\/p>\n\n\n\n<p><span style=\"font-weight: 400;\">Le <\/span><b>secteur \u00e9nerg\u00e9tique<\/b><span style=\"font-weight: 400;\"> also plays a crucial role in Bulgaria\u2019s economy. Companies such as Bulgargaz and CEZ Group are prominent players. <a href=\"https:\/\/www.sisinternational.com\/fr\/perspectives-sur-les-vehicules-electriques-2013\/\" title=\"\u00c9tude de march\u00e9 sur les v\u00e9hicules hybrides et \u00e9lectriques\" data-wpil-monitor-id=\"6631\">Market research helps understand energy<\/a> consumption patterns, regulatory changes, and opportunities for renewable energy development.<\/span><\/p>\n\n\n\n<h2 class=\"wp-block-heading p3\">Les tendances<\/h2>\n\n\n\n<p class=\"p2\">Le pays consacre beaucoup d\u2019efforts aux secteurs de la construction, des mines, des services et de l\u2019agriculture. Le r\u00e9cent ralentissement de l\u2019\u00e9conomie mondiale a mis fin \u00e0 une p\u00e9riode de croissance \u00e9conomique extraordinaire pour la Bulgarie.<\/p>\n\n\n\n<p class=\"p2\">Le pays dispose d&#039;une main-d&#039;\u0153uvre bien form\u00e9e. Malgr\u00e9 ses chiffres, il reste l&#039;un des pays les plus pauvres de l&#039;UE. Bien que le pays soit pauvre, il compte de nombreux millionnaires. La situation \u00e9conomique n\u2019est donc pas aussi d\u00e9sastreuse qu\u2019il y para\u00eet. Il pr\u00e9sente un excellent potentiel de croissance. Pourtant, la Bulgarie a le salaire moyen le plus bas de l\u2019UE, avec de nombreuses personnes gagnant aussi peu que $2 par heure.<\/p>\n\n\n\n<h2 class=\"wp-block-heading\"><strong>Opportunit\u00e9s&nbsp;<\/strong><\/h2>\n\n\n\n<figure class=\"gb-block-image gb-block-image-4cbf26d6\"><img loading=\"lazy\" decoding=\"async\" width=\"1456\" height=\"816\" class=\"gb-image gb-image-4cbf26d6\" src=\"https:\/\/www.sisinternational.com\/wp-content\/uploads\/2025\/09\/Bulgaria-4.jpg\" alt=\"\u00c9tudes de march\u00e9 et strat\u00e9gie internationales SIS\" title=\"Bulgaria (4)\" srcset=\"https:\/\/www.sisinternational.com\/wp-content\/uploads\/2025\/09\/Bulgaria-4.jpg 1456w, https:\/\/www.sisinternational.com\/wp-content\/uploads\/2025\/09\/Bulgaria-4-300x168.jpg 300w, https:\/\/www.sisinternational.com\/wp-content\/uploads\/2025\/09\/Bulgaria-4-1024x574.jpg 1024w, https:\/\/www.sisinternational.com\/wp-content\/uploads\/2025\/09\/Bulgaria-4-768x430.jpg 768w, https:\/\/www.sisinternational.com\/wp-content\/uploads\/2025\/09\/Bulgaria-4-18x10.jpg 18w\" sizes=\"auto, (max-width: 1456px) 100vw, 1456px\"><\/figure>\n\n\n\n<p><\/p>\n\n\n\n<p><span style=\"font-weight: 400;\">Les \u00e9tudes de march\u00e9 en Bulgarie r\u00e9v\u00e8lent de nombreuses opportunit\u00e9s pour les entreprises de divers secteurs.<\/span><\/p>\n\n\n\n<ul class=\"wp-block-list\">\n<li><b>Transformation num\u00e9rique<\/b><span style=\"font-weight: 400;\">: L&#039;adoption croissante des technologies num\u00e9riques offre aux entreprises informatiques et aux startups des opportunit\u00e9s de proposer des solutions innovantes.<\/span><\/li>\n\n\n\n<li><b>Exigence de qualit\u00e9 des consommateurs<\/b><span style=\"font-weight: 400;\">: La demande croissante de produits de haute qualit\u00e9 permet aux entreprises de se diff\u00e9rencier en offrant des biens et services de qualit\u00e9 sup\u00e9rieure.<\/span><\/li>\n\n\n\n<li><b>Croissance du tourisme<\/b><span style=\"font-weight: 400;\">: L&#039;industrie touristique en expansion offre aux entreprises des opportunit\u00e9s de d\u00e9velopper de nouvelles attractions touristiques, d&#039;am\u00e9liorer les services existants et de promouvoir le patrimoine culturel.<\/span><\/li>\n\n\n\n<li><b>Innovation agricole<\/b><span style=\"font-weight: 400;\">: Le secteur agricole offre aux entreprises des opportunit\u00e9s d&#039;introduire des techniques agricoles modernes, d&#039;am\u00e9liorer la qualit\u00e9 des produits et d&#039;explorer de nouveaux march\u00e9s.<\/span><\/li>\n<\/ul>\n\n\n\n<h2 class=\"wp-block-heading\"><strong>D\u00e9fis&nbsp;<\/strong><\/h2>\n\n\n\n<p><span style=\"font-weight: 400;\">Bien qu&#039;il existe de nombreuses opportunit\u00e9s, les entreprises doivent \u00e9galement relever divers d\u00e9fis lorsqu&#039;elles m\u00e8nent des \u00e9tudes de march\u00e9 en Bulgarie.<\/span><\/p>\n\n\n\n<ul class=\"wp-block-list\">\n<li><b>Complexit\u00e9s r\u00e9glementaires<\/b><span style=\"font-weight: 400;\">: S&#039;orienter dans l&#039;environnement r\u00e9glementaire bulgare peut s&#039;av\u00e9rer difficile. Les \u00e9tudes de march\u00e9 clarifient les exigences de conformit\u00e9 et aident les entreprises \u00e0 \u00e9laborer des strat\u00e9gies pour surmonter les obstacles r\u00e9glementaires.<\/span><\/li>\n\n\n\n<li><b>Les diff\u00e9rences culturelles<\/b><span style=\"font-weight: 400;\">: Comprendre les nuances culturelles locales est essentiel pour r\u00e9ussir. Les \u00e9tudes de march\u00e9 fournissent des informations sur les pr\u00e9f\u00e9rences et les comportements culturels, aidant ainsi les entreprises \u00e0 adapter leurs offres en cons\u00e9quence.<\/span><\/li>\n\n\n\n<li><b>Limites des infrastructures<\/b><span style=\"font-weight: 400;\">: M\u00eame si elle s&#039;am\u00e9liore, l&#039;infrastructure bulgare pr\u00e9sente encore des d\u00e9fis dans certains domaines, ayant un impact sur la logistique et la distribution. Les \u00e9tudes de march\u00e9 aident les entreprises \u00e0 planifier efficacement pour surmonter ces obstacles.<\/span><\/li>\n<\/ul>\n\n\n\n<h2 class=\"wp-block-heading\"><strong>Perspectives d&#039;avenir&nbsp;<\/strong><\/h2>\n\n\n\n<p><span style=\"font-weight: 400;\">Les \u00e9tudes de march\u00e9 en Bulgarie offrent un avenir prometteur aux entreprises d\u00e9sireuses d\u2019investir dans la compr\u00e9hension de la dynamique du march\u00e9.<\/span><\/p>\n\n\n\n<ul class=\"wp-block-list\">\n<li><b>Les avanc\u00e9es technologiques<\/b><span style=\"font-weight: 400;\">: La croissance continue du secteur technologique stimulera la demande de m\u00e9thodes d\u2019\u00e9tudes de march\u00e9 innovantes, notamment l\u2019IA et l\u2019analyse du Big Data.<\/span><\/li>\n\n\n\n<li><b>Croissance \u00e9conomique<\/b><span style=\"font-weight: 400;\">: La croissance \u00e9conomique r\u00e9guli\u00e8re de la Bulgarie offrira un environnement stable permettant aux entreprises de se d\u00e9velopper et d&#039;investir.<\/span><\/li>\n\n\n\n<li><b>Sophistication du consommateur<\/b><span style=\"font-weight: 400;\">: \u00c0 mesure que les consommateurs deviennent plus sophistiqu\u00e9s, les entreprises doivent mener des \u00e9tudes de march\u00e9 approfondies pour comprendre l&#039;\u00e9volution de leurs besoins et de leurs pr\u00e9f\u00e9rences.<\/span><\/li>\n\n\n\n<li><b>Tendances en mati\u00e8re de durabilit\u00e9<\/b><span style=\"font-weight: 400;\">: L&#039;accent croissant mis sur la durabilit\u00e9 cr\u00e9era des opportunit\u00e9s pour les entreprises de d\u00e9velopper des produits et des services respectueux de l&#039;environnement, soutenus par des \u00e9tudes de march\u00e9.<\/span><\/li>\n\n\n\n<li><b>Int\u00e9gration r\u00e9gionale<\/b><span style=\"font-weight: 400;\">: L&#039;int\u00e9gration de la Bulgarie dans l&#039;Union europ\u00e9enne continuera d&#039;influencer les conditions du march\u00e9, ce qui rend essentiel pour les entreprises de rester inform\u00e9es gr\u00e2ce \u00e0 des \u00e9tudes de march\u00e9.<\/span><\/li>\n<\/ul>\n\n\n\n<h2 class=\"wp-block-heading\"><strong>Comment les \u00e9tudes de march\u00e9 de SIS International en Bulgarie aident les entreprises<\/strong><\/h2>\n\n\n\n<p><span style=\"font-weight: 400;\">SIS International m\u00e8ne des \u00e9tudes de march\u00e9 qui contribuent \u00e0 aider les entreprises \u00e0 naviguer dans les complexit\u00e9s du march\u00e9 bulgare. En fournissant des informations compl\u00e8tes sur les conditions du march\u00e9, les comportements des consommateurs et la dynamique concurrentielle, SIS permet aux entreprises de prendre des d\u00e9cisions \u00e9clair\u00e9es qui stimulent la croissance et l&#039;innovation.<\/span><\/p>\n\n\n\n<p><b>R\u00e9duire les risques<\/b><span style=\"font-weight: 400;\">:&nbsp;<\/span><\/p>\n\n\n\n<p><a href=\"https:\/\/www.linkedin.com\/company\/sisinternationalresearch\/\" target=\"_blank\" rel=\"noopener\"><span style=\"font-weight: 400;\">SIS International<\/span><\/a><span style=\"font-weight: 400;\"> aide les entreprises \u00e0 identifier les risques potentiels et \u00e0 \u00e9laborer des strat\u00e9gies pour les att\u00e9nuer. Cette approche proactive r\u00e9duit l\u2019incertitude et am\u00e9liore les processus d\u00e9cisionnels.<\/span><\/p>\n\n\n\n<p><b>Augmenter les revenus<\/b><span style=\"font-weight: 400;\">:&nbsp;<\/span><\/p>\n\n\n\n<p><span style=\"font-weight: 400;\">En comprenant <a href=\"https:\/\/www.sisinternational.com\/fr\/solutions\/etude-de-marche-de-consommation\/\">pr\u00e9f\u00e9rences des consommateurs<\/a> et les tendances du march\u00e9, les entreprises peuvent adapter leurs offres pour r\u00e9pondre \u00e0 la demande, augmentant ainsi leurs ventes et leurs revenus.<\/span><\/p>\n\n\n\n<p><b>\u00c9conomiser de l&#039;argent<\/b><span style=\"font-weight: 400;\">:&nbsp;<\/span><\/p>\n\n\n\n<p><a href=\"https:\/\/twitter.com\/SISIntlResearch\" target=\"_blank\" rel=\"noopener\"><span style=\"font-weight: 400;\">SIS<\/span><\/a><span style=\"font-weight: 400;\"> allows companies to allocate resources more efficiently, minimize waste, and optimize investment. This leads to cost savings and improved operational efficiency.<\/span><\/p>\n\n\n\n<p><b>Gagner du temps<\/b><span style=\"font-weight: 400;\">:&nbsp;<\/span><\/p>\n\n\n\n<p><span style=\"font-weight: 400;\">L&#039;acc\u00e8s \u00e0 des informations pr\u00e9cises et actualis\u00e9es sur le march\u00e9 acc\u00e9l\u00e8re la prise de d\u00e9cision, permettant aux entreprises de r\u00e9agir rapidement aux changements du march\u00e9 et de saisir les opportunit\u00e9s.<\/span><\/p>\n\n\n\n<p><b>Acc\u00e9l\u00e9rer la croissance et l\u2019innovation<\/b><span style=\"font-weight: 400;\">:&nbsp;<\/span><\/p>\n\n\n\n<p><span style=\"font-weight: 400;\">Une \u00e9tude de march\u00e9 approfondie en Bulgarie fournit des informations qui stimulent le d\u00e9veloppement de produits et l&#039;innovation. Cela aide les entreprises \u00e0 rester comp\u00e9titives et \u00e0 atteindre une croissance durable.<\/span><\/p>\n\n\n\n<p><b>Augmenter le retour sur investissement<\/b><span style=\"font-weight: 400;\">:&nbsp;<\/span><\/p>\n\n\n\n<p><span style=\"font-weight: 400;\">Les \u00e9tudes de march\u00e9 maximisent le retour sur investissement en identifiant les segments de march\u00e9 et les opportunit\u00e9s les plus prometteurs. Les entreprises peuvent concentrer leurs efforts sur les domaines \u00e0 fort potentiel et obtenir de meilleurs r\u00e9sultats.<\/span><\/p>\n\n\n\n<h2 class=\"wp-block-heading\">Notre emplacement \u00e0 New York<\/h2>\n\n\n\n<p>\n\n\n\n<iframe loading=\"lazy\" src=\"https:\/\/www.google.com\/maps\/embed?pb=!1m18!1m12!1m3!1d3022.976188376966!2d-73.99130312499956!3d40.740549471389315!2m3!1f0!2f0!3f0!3m2!1i1024!2i768!4f13.1!3m3!1m2!1s0x89c259a15798c731%3A0xd695d09bdd495f25!2s11%20E%2022nd%20St%20FL%202%2C%20New%20York%2C%20NY%2010010%2C%20USA!5e0!3m2!1sen!2spe!4v1726171763526!5m2!1sen!2spe\" width=\"600\" height=\"450\" allowfullscreen=\"allowfullscreen\" data-mce-fragment=\"1\"><\/iframe>\n\n\n\n<\/p>\n\n\n\n<h3 class=\"wp-block-heading\">11 E 22nd Street, \u00e9tage 2, New York, NY 10010 T\u00e9l. : +1(212) 505-6805<\/h3>\n\n\n\n<hr class=\"wp-block-separator has-alpha-channel-opacity\"\/>\n\n\n\n<h2 class=\"wp-block-heading\"><span style=\"font-weight: 400;\">\u00c0 propos de SIS International<\/span><\/h2>\n\n\n\n<p><a href=\"https:\/\/www.sisinternational.com\/fr\/\"><span style=\"font-weight: 400;\">SIS International<\/span><\/a><span style=\"font-weight: 400;\"> propose des recherches quantitatives, qualitatives et strat\u00e9giques. Nous fournissons des donn\u00e9es, des outils, des strat\u00e9gies, des rapports et des informations pour la prise de d\u00e9cision. Nous menons \u00e9galement des entretiens, des enqu\u00eates, des groupes de discussion et d\u2019autres m\u00e9thodes et approches d\u2019\u00e9tudes de march\u00e9.<\/span><a href=\"https:\/\/www.sisinternational.com\/fr\/a-propos-de-la-recherche-internationale-sis\/contact-sis-international-market-research\/\"><span style=\"font-weight: 400;\"> Contactez nous<\/span><\/a><span style=\"font-weight: 400;\"> pour votre prochain projet d&#039;\u00e9tude de march\u00e9.<\/span><\/p>\n\n\n\n<p><\/p>\n\n\n\n<h2 class=\"wp-block-heading\">&nbsp;<\/h2>","protected":false},"excerpt":{"rendered":"<p>D\u00e9veloppez votre entreprise gr\u00e2ce aux \u00e9tudes de march\u00e9 en Bulgarie.<\/p>","protected":false},"author":1,"featured_media":85249,"parent":14510,"menu_order":44,"comment_status":"closed","ping_status":"closed","template":"","meta":{"footnotes":""},"class_list":["post-38919","page","type-page","status-publish","has-post-thumbnail"],"_links":{"self":[{"href":"https:\/\/www.sisinternational.com\/fr\/wp-json\/wp\/v2\/pages\/38919","targetHints":{"allow":["GET"]}}],"collection":[{"href":"https:\/\/www.sisinternational.com\/fr\/wp-json\/wp\/v2\/pages"}],"about":[{"href":"https:\/\/www.sisinternational.com\/fr\/wp-json\/wp\/v2\/types\/page"}],"author":[{"embeddable":true,"href":"https:\/\/www.sisinternational.com\/fr\/wp-json\/wp\/v2\/users\/1"}],"replies":[{"embeddable":true,"href":"https:\/\/www.sisinternational.com\/fr\/wp-json\/wp\/v2\/comments?post=38919"}],"version-history":[{"count":8,"href":"https:\/\/www.sisinternational.com\/fr\/wp-json\/wp\/v2\/pages\/38919\/revisions"}],"predecessor-version":[{"id":85252,"href":"https:\/\/www.sisinternational.com\/fr\/wp-json\/wp\/v2\/pages\/38919\/revisions\/85252"}],"up":[{"embeddable":true,"href":"https:\/\/www.sisinternational.com\/fr\/wp-json\/wp\/v2\/pages\/14510"}],"wp:featuredmedia":[{"embeddable":true,"href":"https:\/\/www.sisinternational.com\/fr\/wp-json\/wp\/v2\/media\/85249"}],"wp:attachment":[{"href":"https:\/\/www.sisinternational.com\/fr\/wp-json\/wp\/v2\/media?parent=38919"}],"curies":[{"name":"wp","href":"https:\/\/api.w.org\/{rel}","templated":true}]}}