{"id":38897,"date":"2021-09-25T00:55:47","date_gmt":"2021-09-25T00:55:47","guid":{"rendered":"https:\/\/www.sisinternational.com\/?page_id=38897"},"modified":"2026-01-25T16:52:33","modified_gmt":"2026-01-25T21:52:33","slug":"etude-de-marche-de-lelite-politique","status":"publish","type":"page","link":"https:\/\/www.sisinternational.com\/fr\/competence\/etude-de-marche-de-lelite-politique\/","title":{"rendered":"\u00c9tude de march\u00e9 sur l\u2019\u00e9lite politique\u00a0"},"content":{"rendered":"<h1 class=\"wp-block-heading\">\u00c9tude de march\u00e9 sur l\u2019\u00e9lite politique<\/h1>\n\n\n\n<figure class=\"gb-block-image gb-block-image-15e0dce4\"><img loading=\"lazy\" decoding=\"async\" width=\"1456\" height=\"816\" class=\"gb-image gb-image-15e0dce4\" src=\"https:\/\/www.sisinternational.com\/wp-content\/uploads\/2025\/08\/Government-federal-municipal-2.jpg\" alt=\"\u00c9tudes de march\u00e9 et strat\u00e9gie internationales SIS\" title=\"Government federal municipal (2)\" srcset=\"https:\/\/www.sisinternational.com\/wp-content\/uploads\/2025\/08\/Government-federal-municipal-2.jpg 1456w, https:\/\/www.sisinternational.com\/wp-content\/uploads\/2025\/08\/Government-federal-municipal-2-300x168.jpg 300w, https:\/\/www.sisinternational.com\/wp-content\/uploads\/2025\/08\/Government-federal-municipal-2-1024x574.jpg 1024w, https:\/\/www.sisinternational.com\/wp-content\/uploads\/2025\/08\/Government-federal-municipal-2-768x430.jpg 768w, https:\/\/www.sisinternational.com\/wp-content\/uploads\/2025\/08\/Government-federal-municipal-2-18x10.jpg 18w\" sizes=\"auto, (max-width: 1456px) 100vw, 1456px\"><\/figure>\n\n\n\n<p><\/p>\n\n\n\n<h2 class=\"wp-block-heading p2\">Qu\u2019est-ce que l\u2019\u00e9tude de march\u00e9 Policy Elite ?<\/h2>\n\n\n\n<p class=\"p3\">Les \u00ab \u00e9lites politiques \u00bb sont les acteurs \u00e9tatiques qui fa\u00e7onnent le processus d&#039;\u00e9laboration des politiques d&#039;un pays. Le terme provient de la \u00ab th\u00e9orie de l&#039;\u00e9lite \u00bb. Cette th\u00e9orie sugg\u00e8re que la politique publique refl\u00e8te les int\u00e9r\u00eats des \u00e9lites dirigeantes. La th\u00e9orie de l\u2019\u00e9lite divise la soci\u00e9t\u00e9 en deux parties principales. Il y a ceux qui ont le pouvoir et ceux qui n\u2019en ont pas.<\/p>\n\n\n\n<p class=\"p3\">Le pouvoir n\u2019a pas grand-chose \u00e0 voir avec ce qui se passe le jour du scrutin. Au lieu de cela, cela appartient \u00e0 un petit groupe de personnes appel\u00e9 les \u00e9lites. Ce groupe comprend des personnes riches. Cela inclut \u00e9galement les penseurs et ceux qui poss\u00e8dent d\u2019autres comp\u00e9tences. Ce sont eux qui d\u00e9tiennent le pouvoir et ils forment la classe sup\u00e9rieure. La richesse qu\u2019ils d\u00e9tiennent leur permet d\u2019acc\u00e9der \u00e0 des postes cl\u00e9s. De par leur r\u00f4le, ce sont eux qui prennent les d\u00e9cisions et r\u00e9partissent les ressources. Ils utilisent ce r\u00f4le \u00e0 leur avantage.<\/p>\n\n\n\n<h2 class=\"wp-block-heading p2\">Pourquoi c&#039;est important?<\/h2>\n\n\n\n<p class=\"p3\">Les \u00e9lites politiques jouent un r\u00f4le crucial. Ils cr\u00e9ent les politiques et prennent les d\u00e9cisions. Ils aident \u00e9galement \u00e0 enseigner\/laver le cerveau des masses en politique. En outre, ils contribuent \u00e0 \u00e9tablir des normes mod\u00e8les sp\u00e9cifiques dans la soci\u00e9t\u00e9.<\/p>\n\n\n\n<p class=\"p3\">Many authors claim that elites are the <a href=\"https:\/\/www.sisinternational.com\/fr\/facteurs-cles-de-succes-dans-les-etudes-de-marche-automobile\/\" title=\"Facteurs cl\u00e9s de succ\u00e8s dans les \u00e9tudes de march\u00e9 automobile\"  data-wpil-monitor-id=\"8736\">key to the success<\/a> of major shifts in society. They can influence both the economy and civil society. We need these factors for the government and other organs of society to function.<\/p>\n\n\n\n<p class=\"p3\">Civil society calls for a stable democratic state. The elites create the space for civil society to thrive outside of the state. Thus, they control this space while allowing civil society to be self-governing.<\/p>\n\n\n\n<p class=\"p3\">Les \u00e9lites peuvent \u00e9galement utiliser leur pouvoir pour imposer un changement politique. Premi\u00e8rement, l\u2019\u00e9lite doit mobiliser le peuple. Une fois que cela se produit, les \u00e9lites peuvent plier les masses \u00e0 leur guise.<\/p>\n\n\n\n<h2 class=\"wp-block-heading p2\">Titres de poste cl\u00e9s<\/h2>\n\n\n\n<p class=\"p3\">En g\u00e9n\u00e9ral, les \u00e9lites occupent certains des postes les plus \u00e9lev\u00e9s du syst\u00e8me politique. Il s\u2019agit notamment d\u2019\u00e9conomistes, de pr\u00e9sidents et de ministres. Les hauts bureaucrates, les membres du Congr\u00e8s et les diplomates jouent \u00e9galement un r\u00f4le essentiel. Les dirigeants des partis font \u00e9galement partie de ce groupe. Les \u00e9lites peuvent provenir d\u2019emplois de haut rang, notamment des avocats, des enseignants et des gestionnaires. Ils travaillent aussi bien dans le secteur public que priv\u00e9. Les propri\u00e9taires d\u2019entreprise autodidactes en sont un autre exemple.<\/p>\n\n\n\n<h2 class=\"wp-block-heading p2\">Pourquoi les entreprises ont besoin d\u2019\u00e9lites politiques<\/h2>\n\n\n\n<p class=\"p3\">When an elite makes policy choices, these choices usually benefit that elite. This rule includes any business owned, managed, or linked to a policy elite. Such companies stand to gain from decisions made. Elites can suggest policies that will have a positive <a href=\"https:\/\/www.sisinternational.com\/fr\/leffet-des-cultures-de-marche-nigerianes-sur-les-affaires\/\" title=\"Le march\u00e9 nig\u00e9rian\u00a0: l&#039;effet de la culture sur les affaires\"  data-wpil-monitor-id=\"8737\">effect on a business<\/a>.<\/p>\n\n\n\n<p class=\"p3\">Businesses can count on elites to share their interests. Since the level of wealth contributes to elite status, elites can invest in many companies. These investments help them stay rich and preserve their elite status. Thus, one can link a business\u2019s success to an elite\u2019s wealth and vice versa. As a result, elites will be sure to reap benefits from decisions made.<\/p>\n\n\n\n<h2 class=\"wp-block-heading p2\">Facteurs cl\u00e9s de succ\u00e8s<\/h2>\n\n\n\n<figure class=\"gb-block-image gb-block-image-3d648d44\"><img loading=\"lazy\" decoding=\"async\" width=\"1456\" height=\"816\" class=\"gb-image gb-image-3d648d44\" src=\"https:\/\/www.sisinternational.com\/wp-content\/uploads\/2025\/08\/Government-federal-municipal-4.jpg\" alt=\"\u00c9tudes de march\u00e9 et strat\u00e9gie internationales SIS\" title=\"Government federal municipal (4)\" srcset=\"https:\/\/www.sisinternational.com\/wp-content\/uploads\/2025\/08\/Government-federal-municipal-4.jpg 1456w, https:\/\/www.sisinternational.com\/wp-content\/uploads\/2025\/08\/Government-federal-municipal-4-300x168.jpg 300w, https:\/\/www.sisinternational.com\/wp-content\/uploads\/2025\/08\/Government-federal-municipal-4-1024x574.jpg 1024w, https:\/\/www.sisinternational.com\/wp-content\/uploads\/2025\/08\/Government-federal-municipal-4-768x430.jpg 768w, https:\/\/www.sisinternational.com\/wp-content\/uploads\/2025\/08\/Government-federal-municipal-4-18x10.jpg 18w\" sizes=\"auto, (max-width: 1456px) 100vw, 1456px\"><\/figure>\n\n\n\n<p><\/p>\n\n\n\n<p class=\"p3\">L\u2019analyse des \u00e9tudes de cas a permis de d\u00e9duire certains des facteurs critiques de r\u00e9ussite des \u00e9lites. Certains d&#039;entre eux sont les suivants\u00a0:<\/p>\n\n\n\n<p class=\"p3\">1. Les \u00e9lites doivent s\u2019exprimer ouvertement et honn\u00eatement pendant le processus d\u2019\u00e9laboration des politiques.<\/p>\n\n\n\n<p class=\"p3\">2. Les personnes doivent \u00e9galement \u00eatre dispos\u00e9es \u00e0 n\u00e9gocier.<\/p>\n\n\n\n<p class=\"p3\">3. Les \u00e9lites internes devraient lancer les n\u00e9gociations. Les forces ext\u00e9rieures ne devraient pas les influencer.<\/p>\n\n\n\n<p class=\"p3\">4. Les \u00e9lites doivent \u00eatre exclusives. Ce facteur \u00e9vite d\u2019\u00e9ventuelles r\u00e9actions n\u00e9gatives de la part de groupes extr\u00e9mistes ali\u00e9n\u00e9s.<\/p>\n\n\n\n<p class=\"p3\">5. Les \u00e9lites doivent maintenir le pouvoir tout au long du processus pour garantir l\u2019adoption des politiques. En outre, il garantit que les personnes au sein de leurs partis les respectent.<\/p>\n\n\n\n<p class=\"p3\">Une fois suivies, les \u00e9lites peuvent r\u00e9ussir gr\u00e2ce \u00e0 ces facteurs de r\u00e9ussite.<\/p>\n\n\n\n<h2 class=\"wp-block-heading p2\">\u00c0 propos de l\u2019\u00e9tude de march\u00e9 Policy Elite<\/h2>\n\n\n\n<p class=\"p4\">Knowing the elite theory is key to analyzing policy elites. Quantitative, Qualitative, and strategy <a href=\"https:\/\/www.sisinternational.com\/fr\/couverture\/leurope-%ef%83%97\/etude-de-marche-sur-le-vatican\/\" title=\"Etude de march\u00e9 au Vatican\"  data-wpil-monitor-id=\"3786\">research are also helpful when doing market<\/a> research on these elites. Our <a href=\"https:\/\/www.sisinternational.com\/fr\/societe-de-premier-plan-au-niveau-mondial\/\" title=\"Entreprise de premier plan au niveau mondial\"  data-wpil-monitor-id=\"8735\">company also offers Focus Groups<\/a>, Interviews, and Surveys.<\/p>\n\n\n\n<p><\/p>","protected":false},"excerpt":{"rendered":"<p>Les \u00e9lites politiques ont tendance \u00e0 prendre des d\u00e9cisions qui profitent \u00e0 leurs entreprises. D\u00e9veloppez votre entreprise et votre impact avec Policy Elite Market Research.<\/p>","protected":false},"author":1,"featured_media":64505,"parent":14514,"menu_order":76,"comment_status":"closed","ping_status":"closed","template":"","meta":{"footnotes":""},"class_list":["post-38897","page","type-page","status-publish","has-post-thumbnail"],"_links":{"self":[{"href":"https:\/\/www.sisinternational.com\/fr\/wp-json\/wp\/v2\/pages\/38897","targetHints":{"allow":["GET"]}}],"collection":[{"href":"https:\/\/www.sisinternational.com\/fr\/wp-json\/wp\/v2\/pages"}],"about":[{"href":"https:\/\/www.sisinternational.com\/fr\/wp-json\/wp\/v2\/types\/page"}],"author":[{"embeddable":true,"href":"https:\/\/www.sisinternational.com\/fr\/wp-json\/wp\/v2\/users\/1"}],"replies":[{"embeddable":true,"href":"https:\/\/www.sisinternational.com\/fr\/wp-json\/wp\/v2\/comments?post=38897"}],"version-history":[{"count":5,"href":"https:\/\/www.sisinternational.com\/fr\/wp-json\/wp\/v2\/pages\/38897\/revisions"}],"predecessor-version":[{"id":81466,"href":"https:\/\/www.sisinternational.com\/fr\/wp-json\/wp\/v2\/pages\/38897\/revisions\/81466"}],"up":[{"embeddable":true,"href":"https:\/\/www.sisinternational.com\/fr\/wp-json\/wp\/v2\/pages\/14514"}],"wp:featuredmedia":[{"embeddable":true,"href":"https:\/\/www.sisinternational.com\/fr\/wp-json\/wp\/v2\/media\/64505"}],"wp:attachment":[{"href":"https:\/\/www.sisinternational.com\/fr\/wp-json\/wp\/v2\/media?parent=38897"}],"curies":[{"name":"wp","href":"https:\/\/api.w.org\/{rel}","templated":true}]}}