{"id":38806,"date":"2021-09-14T03:12:38","date_gmt":"2021-09-14T03:12:38","guid":{"rendered":"https:\/\/www.sisinternational.com\/?page_id=38806"},"modified":"2026-01-27T16:45:49","modified_gmt":"2026-01-27T21:45:49","slug":"etude-de-marche-en-croatie","status":"publish","type":"page","link":"https:\/\/www.sisinternational.com\/fr\/couverture\/leurope-%ef%83%97\/etude-de-marche-en-croatie\/","title":{"rendered":"Etude de march\u00e9 en Croatie"},"content":{"rendered":"<h1 class=\"wp-block-heading\">Etude de march\u00e9 en Croatie<\/h1>\n\n\n\n<figure class=\"gb-block-image gb-block-image-f33a9387\"><img loading=\"lazy\" decoding=\"async\" width=\"1456\" height=\"816\" class=\"gb-image gb-image-f33a9387\" src=\"https:\/\/www.sisinternational.com\/wp-content\/uploads\/2025\/09\/Croatia-2.jpg\" alt=\"\u00c9tudes de march\u00e9 et strat\u00e9gie internationales SIS\" title=\"Croatia (2)\" srcset=\"https:\/\/www.sisinternational.com\/wp-content\/uploads\/2025\/09\/Croatia-2.jpg 1456w, https:\/\/www.sisinternational.com\/wp-content\/uploads\/2025\/09\/Croatia-2-300x168.jpg 300w, https:\/\/www.sisinternational.com\/wp-content\/uploads\/2025\/09\/Croatia-2-1024x574.jpg 1024w, https:\/\/www.sisinternational.com\/wp-content\/uploads\/2025\/09\/Croatia-2-768x430.jpg 768w, https:\/\/www.sisinternational.com\/wp-content\/uploads\/2025\/09\/Croatia-2-18x10.jpg 18w\" sizes=\"auto, (max-width: 1456px) 100vw, 1456px\"><\/figure>\n\n\n\n<hr class=\"wp-block-separator has-alpha-channel-opacity is-style-dots\"\/>\n\n\n\n<h3 class=\"wp-block-heading\">Les entreprises ont besoin d&#039;\u00e9tudes de march\u00e9 en Croatie pour naviguer dans les complexit\u00e9s de ce march\u00e9 en \u00e9volution et tirer parti des opportunit\u00e9s \u00e9mergentes. Ils doivent comprendre le comportement des consommateurs locaux, les conditions \u00e9conomiques et la dynamique concurrentielle.<\/h3>\n\n\n\n<p>Souhaitez-vous d\u00e9velopper votre activit\u00e9 sur le march\u00e9 dynamique de la Croatie ? Les \u00e9tudes de march\u00e9 en Croatie sont un outil essentiel pour les entreprises qui souhaitent prosp\u00e9rer sur ce march\u00e9 \u00e9mergent et comp\u00e9titif. Alors que la Croatie poursuit son int\u00e9gration dans l\u2019Union europ\u00e9enne, comprendre la dynamique du march\u00e9 local et le comportement des consommateurs est crucial pour r\u00e9ussir.<\/p>\n\n\n\n<h2 class=\"wp-block-heading\">Qu\u2019est-ce qu\u2019une \u00e9tude de march\u00e9 en Croatie ?<\/h2>\n\n\n\n<p>Les \u00e9tudes de march\u00e9 en Croatie fournissent aux entreprises des informations essentielles sur l&#039;environnement \u00e9conomique local, les pr\u00e9f\u00e9rences des consommateurs et les tendances du march\u00e9. En tirant parti de ces informations, les entreprises peuvent prendre des d\u00e9cisions \u00e9clair\u00e9es qui am\u00e9liorent leur positionnement sur le march\u00e9 et leurs perspectives de croissance. De plus, les \u00e9tudes de march\u00e9 fournissent des informations pr\u00e9cieuses sur les besoins des consommateurs, la demande du march\u00e9 et la dynamique concurrentielle pour les entreprises cherchant \u00e0 s&#039;implanter ou \u00e0 se d\u00e9velopper en Croatie.<\/p>\n\n\n\n<h2 class=\"wp-block-heading\">Pourquoi les entreprises ont-elles besoin d\u2019\u00e9tudes de march\u00e9 en Croatie ?<\/h2>\n\n\n\n<p>Les \u00e9tudes de march\u00e9 en Croatie aident les entreprises \u00e0 comprendre les pr\u00e9f\u00e9rences des consommateurs locaux et sont essentielles pour adapter les produits et services aux besoins et aux attentes des clients croates. Les \u00e9tudes de march\u00e9 fournissent des informations sur les habitudes d&#039;achat, les tendances de style de vie et les diff\u00e9rences r\u00e9gionales, permettant aux entreprises de d\u00e9velopper des strat\u00e9gies marketing cibl\u00e9es et d&#039;optimiser leurs offres de produits.<\/p>\n\n\n\n<p>De plus, les \u00e9tudes de march\u00e9 aident les entreprises \u00e0 rester inform\u00e9es des tendances \u00e9conomiques et des risques potentiels. Gr\u00e2ce \u00e0 des donn\u00e9es pr\u00e9cises sur les conditions du march\u00e9, les entreprises peuvent anticiper les changements et adapter leurs strat\u00e9gies en cons\u00e9quence. Cette approche proactive minimise les risques et maximise les opportunit\u00e9s, contribuant ainsi au succ\u00e8s \u00e0 long terme sur le march\u00e9 croate.<\/p>\n\n\n\n<h2 class=\"wp-block-heading\">Quand r\u00e9aliser une \u00e9tude de march\u00e9 en Croatie<\/h2>\n\n\n\n<figure class=\"gb-block-image gb-block-image-ad453148\"><img loading=\"lazy\" decoding=\"async\" width=\"1456\" height=\"816\" class=\"gb-image gb-image-ad453148\" src=\"https:\/\/www.sisinternational.com\/wp-content\/uploads\/2025\/09\/Croatia-3.jpg\" alt=\"\u00c9tudes de march\u00e9 et strat\u00e9gie internationales SIS\" title=\"Croatia (3)\" srcset=\"https:\/\/www.sisinternational.com\/wp-content\/uploads\/2025\/09\/Croatia-3.jpg 1456w, https:\/\/www.sisinternational.com\/wp-content\/uploads\/2025\/09\/Croatia-3-300x168.jpg 300w, https:\/\/www.sisinternational.com\/wp-content\/uploads\/2025\/09\/Croatia-3-1024x574.jpg 1024w, https:\/\/www.sisinternational.com\/wp-content\/uploads\/2025\/09\/Croatia-3-768x430.jpg 768w, https:\/\/www.sisinternational.com\/wp-content\/uploads\/2025\/09\/Croatia-3-18x10.jpg 18w\" sizes=\"auto, (max-width: 1456px) 100vw, 1456px\"><\/figure>\n\n\n\n<p><\/p>\n\n\n\n<p>Businesses should engage in <a href=\"https:\/\/www.sisinternational.com\/fr\/entrer-sur-le-marche-latino-americain\/\" title=\"Entrer sur le march\u00e9 latino-am\u00e9ricain\"  data-wpil-monitor-id=\"7562\">\u00e9tude de march\u00e9<\/a> during the planning phase of entering the Croatian market to understand the local landscape, consumer preferences, and potential barriers to entry. This initial <a href=\"https:\/\/www.sisinternational.com\/fr\/competence\/les-industries\/etude-de-marche-par-tableaux-croises\/\" title=\"\u00c9tude de march\u00e9 sur les tableaux crois\u00e9s\"  data-wpil-monitor-id=\"4924\">recherche<\/a> helps companies tailor their products and marketing strategies to meet the needs of Croatian consumers.<\/p>\n\n\n\n<p><a href=\"https:\/\/www.sisinternational.com\/fr\/solutions\/etude-de-marche-de-consommation\/\">\u00c9tude de march\u00e9<\/a> est \u00e9galement crucial lors du lancement de nouveaux produits ou services en Croatie. En recueillant des informations sur les r\u00e9actions des consommateurs, la demande du march\u00e9 et le positionnement concurrentiel, les entreprises peuvent affiner leurs offres et maximiser leurs chances de succ\u00e8s. Une recherche continue tout au long du cycle de vie du produit permet aux entreprises de rester \u00e0 l&#039;\u00e9coute des tendances du march\u00e9 et de s&#039;adapter \u00e0 l&#039;\u00e9volution des comportements des consommateurs.<\/p>\n\n\n\n<p>En outre, les entreprises devraient mener des \u00e9tudes de march\u00e9 lorsqu&#039;elles \u00e9valuent les performances de leurs produits ou services en Croatie. Comprendre les commentaires des clients et la dynamique du march\u00e9 permet d\u2019identifier les domaines d\u2019am\u00e9lioration et d\u2019innovation. Cette \u00e9valuation continue garantit que les entreprises restent comp\u00e9titives et align\u00e9es sur les demandes du march\u00e9.<\/p>\n\n\n\n<h2 class=\"wp-block-heading\">Notre analyse actuelle du march\u00e9 et nos recommandations<\/h2>\n\n\n\n<p>Nous avons remarqu\u00e9 que la Croatie a connu une croissance significative dans les secteurs du tourisme, de la technologie et des \u00e9nergies renouvelables. L&#039;industrie du tourisme continue de se d\u00e9velopper, port\u00e9e par le magnifique littoral, les sites historiques et les attractions culturelles du pays. De plus, le secteur technologique est en plein essor, avec l\u2019\u00e9mergence d\u2019un nombre croissant de startups et d\u2019entreprises technologiques, en particulier dans les centres urbains comme Zagreb. Les initiatives en mati\u00e8re d&#039;\u00e9nergie renouvelable gagnent \u00e9galement du terrain alors que la Croatie cherche \u00e0 r\u00e9duire sa d\u00e9pendance aux combustibles fossiles et \u00e0 promouvoir le d\u00e9veloppement durable.<\/p>\n\n\n\n<p>Le march\u00e9 croate devrait poursuivre sa trajectoire de croissance, soutenu par l&#039;int\u00e9gration continue de l&#039;UE et les investissements dans les infrastructures. La main-d&#039;\u0153uvre jeune et instruite du pays est bien plac\u00e9e pour stimuler l&#039;innovation et le d\u00e9veloppement \u00e9conomique.<\/p>\n\n\n\n<p><em><strong>Retour sur investissement potentiel\u00a0:<\/strong> <\/em><\/p>\n\n\n\n<p>Investir en Croatie offre des rendements prometteurs, en particulier dans les secteurs \u00e0 forte croissance comme le tourisme, la technologie et les \u00e9nergies renouvelables. Cependant, pour obtenir un retour sur investissement optimal, il faut une approche bien document\u00e9e, prenant en compte les conditions du march\u00e9 local, les pr\u00e9f\u00e9rences des consommateurs et les exigences r\u00e9glementaires. Les investissements strat\u00e9giques dans les \u00e9tudes de march\u00e9 peuvent am\u00e9liorer consid\u00e9rablement le potentiel de r\u00e9ussite et de rentabilit\u00e9.<\/p>\n\n\n\n<h2 class=\"wp-block-heading p2\">La Croatie est un magnifique pays situ\u00e9 au carrefour de l\u2019Europe centrale et du sud-est.<\/h2>\n\n\n\n<figure class=\"gb-block-image gb-block-image-921dfbb4\"><img loading=\"lazy\" decoding=\"async\" width=\"1456\" height=\"816\" class=\"gb-image gb-image-921dfbb4\" src=\"https:\/\/www.sisinternational.com\/wp-content\/uploads\/2025\/09\/Croatia-5.jpg\" alt=\"\u00c9tudes de march\u00e9 et strat\u00e9gie internationales SIS\" title=\"Croatia (5)\" srcset=\"https:\/\/www.sisinternational.com\/wp-content\/uploads\/2025\/09\/Croatia-5.jpg 1456w, https:\/\/www.sisinternational.com\/wp-content\/uploads\/2025\/09\/Croatia-5-300x168.jpg 300w, https:\/\/www.sisinternational.com\/wp-content\/uploads\/2025\/09\/Croatia-5-1024x574.jpg 1024w, https:\/\/www.sisinternational.com\/wp-content\/uploads\/2025\/09\/Croatia-5-768x430.jpg 768w, https:\/\/www.sisinternational.com\/wp-content\/uploads\/2025\/09\/Croatia-5-18x10.jpg 18w\" sizes=\"auto, (max-width: 1456px) 100vw, 1456px\"><\/figure>\n\n\n\n<p><\/p>\n\n\n\n<p class=\"p2\">Ce pays en forme de croissant poss\u00e8de des montagnes basses et des hauts plateaux pr\u00e8s du littoral. Elle poss\u00e8de \u00e9galement de nombreuses plaines plates et un grand nombre d\u2019\u00eeles.<\/p>\n\n\n\n<p class=\"p2\">La premi\u00e8re colonie moderne de Croatie remonte au d\u00e9but du VIIe si\u00e8cle. Les r\u00e9fugi\u00e9s ont \u00e9galement afflu\u00e9 tout au long de la Premi\u00e8re et de la Seconde Guerre mondiale. La Croatie est d\u00e9sormais une r\u00e9publique dirig\u00e9e par un parlement.<\/p>\n\n\n\n<p class=\"p2\">La riche histoire et le magnifique paysage en ont fait le lieu choisi pour filmer des parties de la s\u00e9rie HBO. <i>Game of Thrones<\/i>. Dans ce pays, vous avez de nombreuses opportunit\u00e9s d&#039;explorer et de d\u00e9couvrir de nouvelles choses.<\/p>\n\n\n\n<h2 class=\"wp-block-heading p3\">Attractions touristiques et quartiers<\/h2>\n\n\n\n<p class=\"p2\">R\u00e9cemment, la Croatie est devenue une destination de vacances reconnue et de plus en plus de touristes l&#039;inscrivent sur leurs itin\u00e9raires de voyage. Le pays tout entier est \u00e0 couper le souffle, avec des quartiers de renomm\u00e9e mondiale comme Split, Zagreb et Hvar.<\/p>\n\n\n\n<p><strong>\u2022Dubrovnik\u00a0:<\/strong> Dubrovnik est c\u00e9l\u00e8bre pour sa superbe vieille ville, entour\u00e9e d&#039;imposants murs de pierre. Ce site class\u00e9 au patrimoine mondial de l&#039;UNESCO offre aux visiteurs un aper\u00e7u de l&#039;histoire m\u00e9di\u00e9vale de la ville, avec son architecture bien pr\u00e9serv\u00e9e, ses \u00e9glises historiques et ses rues \u00e9troites et pav\u00e9es. L&#039;emplacement de la ville, au bord de la mer Adriatique, offre des vues pittoresques et des possibilit\u00e9s d&#039;excursions c\u00f4ti\u00e8res.<\/p>\n\n\n\n<p><strong>\u2022 Parc national des lacs de Plitvice\u00a0:<\/strong> Le parc national des lacs de Plitvice est l&#039;une des merveilles naturelles les plus spectaculaires de Croatie, connue pour ses lacs en cascade, ses cascades et ses for\u00eats luxuriantes. Ce site class\u00e9 au patrimoine mondial de l&#039;UNESCO est un paradis pour les amoureux de la nature et propose de nombreux sentiers de randonn\u00e9e qui permettent aux visiteurs d&#039;explorer son paysage unique. Les eaux cristallines du parc et sa faune diversifi\u00e9e en font une destination incontournable.<\/p>\n\n\n\n<p><strong>\u2022 Diviser:<\/strong> Split, la deuxi\u00e8me plus grande ville de Croatie, est un centre urbain dynamique dot\u00e9 d&#039;une histoire riche. La pi\u00e8ce ma\u00eetresse de la ville est le palais de Diocl\u00e9tien, un immense complexe de palais romains qui constitue aujourd&#039;hui le c\u0153ur de la vieille ville. La promenade du front de mer de Split, les march\u00e9s anim\u00e9s et les plages voisines attirent les passionn\u00e9s d&#039;histoire et les vacanciers.<\/p>\n\n\n\n<p><strong>\u2022 \u00cele de Hvar\u00a0:<\/strong> L&#039;\u00eele de Hvar est r\u00e9put\u00e9e pour ses paysages \u00e9poustouflants, ses belles plages et sa vie nocturne anim\u00e9e. La ville historique de Hvar sur l&#039;\u00eele poss\u00e8de de charmantes rues, des forteresses historiques et une marina anim\u00e9e remplie de yachts de luxe. Le climat m\u00e9diterran\u00e9en et les eaux cristallines de Hvar en font une destination pris\u00e9e des amateurs de soleil et d&#039;aventure.<\/p>\n\n\n\n<p><strong>\u2022 Zagreb\u00a0:<\/strong> Zagreb, la capitale de la Croatie, offre un m\u00e9lange de charme historique et d&#039;\u00e9quipements modernes. La ville haute de la ville pr\u00e9sente une architecture m\u00e9di\u00e9vale, des rues pav\u00e9es et des monuments historiques comme l&#039;\u00e9glise Saint-Marc et la cath\u00e9drale de Zagreb. La ville basse de Zagreb est connue pour sa sc\u00e8ne culturelle dynamique, avec de nombreux mus\u00e9es, galeries et th\u00e9\u00e2tres.<\/p>\n\n\n\n<h2 class=\"wp-block-heading p3\">Industries cl\u00e9s<\/h2>\n\n\n\n<p class=\"p2\">Croatia\u2019s main income products are food, drinks, tobacco, and chemical oil. The Croat people are also very skilled in agriculture, one of their key industries. Croatia is doing so well in agriculture that the World Bank has classed it as a high-income economy.<\/p>\n\n\n\n<p class=\"p2\">Croatia has many small farmers\u2019 markets scattered throughout the country. The vendors sell local fruits, vegetables, cheese, wine, and meat. Most are in the city centers, but others are in small villages.<\/p>\n\n\n\n<p>Quoi qu&#039;il en soit, l&#039;\u00e9conomie croate repose sur plusieurs secteurs cl\u00e9s qui offrent des opportunit\u00e9s substantielles aux entreprises et aux investisseurs. Comprendre ces industries et leurs principaux acteurs est crucial pour toute entreprise entrant sur le march\u00e9 croate.<\/p>\n\n\n\n<ul class=\"wp-block-list\">\n<li><strong>Tourisme:<\/strong> Le tourisme est une pierre angulaire de l&#039;\u00e9conomie croate, contribuant de mani\u00e8re significative au PIB et \u00e0 l&#039;emploi. Le magnifique littoral Adriatique du pays, les villes historiques comme Dubrovnik et Split et de nombreuses \u00eeles attirent des millions de touristes chaque ann\u00e9e. Les principaux acteurs de ce secteur comprennent des agences de voyages comme Atlas et Uniline et des cha\u00eenes h\u00f4teli\u00e8res internationales telles que Hilton et Marriott. Le d\u00e9veloppement continu de complexes h\u00f4teliers de luxe et de projets d\u2019\u00e9cotourisme continue de soutenir cette industrie.<\/li>\n\n\n\n<li><strong>Technologie et startups\u00a0:<\/strong> Le secteur technologique croate conna\u00eet une croissance rapide, Zagreb devenant un p\u00f4le technologique. Des soci\u00e9t\u00e9s comme Infobip, Rimac Automobili et Nanobit mettent en valeur le potentiel du pays dans les domaines des communications mobiles, de l&#039;innovation automobile et des jeux. L\u2019\u00e9cosyst\u00e8me favorable aux startups, aliment\u00e9 par les initiatives gouvernementales et les investissements en capital-risque, stimule l\u2019innovation et le progr\u00e8s technologique.<\/li>\n\n\n\n<li><strong>Fabrication:<\/strong> L&#039;industrie manufacturi\u00e8re est une autre industrie critique, la Croatie produisant de tout, des pi\u00e8ces automobiles aux produits pharmaceutiques. La pr\u00e9sence d&#039;entreprises bien \u00e9tablies comme Pliva (produits pharmaceutiques) et AD Plastik (pi\u00e8ces automobiles) met en \u00e9vidence la diversit\u00e9 et la capacit\u00e9 d&#039;innovation du secteur. L&#039;emplacement strat\u00e9gique du pays et sa main-d&#039;\u0153uvre qualifi\u00e9e renforcent encore son attrait en tant que p\u00f4le manufacturier.<\/li>\n<\/ul>\n\n\n\n<h2 class=\"wp-block-heading\">Acteurs leaders sur le march\u00e9 croate<\/h2>\n\n\n\n<figure class=\"gb-block-image gb-block-image-88fdee43\"><img loading=\"lazy\" decoding=\"async\" width=\"1456\" height=\"816\" class=\"gb-image gb-image-88fdee43\" src=\"https:\/\/www.sisinternational.com\/wp-content\/uploads\/2025\/09\/Croatia-4.jpg\" alt=\"\u00c9tudes de march\u00e9 et strat\u00e9gie internationales SIS\" title=\"Croatia (4)\" srcset=\"https:\/\/www.sisinternational.com\/wp-content\/uploads\/2025\/09\/Croatia-4.jpg 1456w, https:\/\/www.sisinternational.com\/wp-content\/uploads\/2025\/09\/Croatia-4-300x168.jpg 300w, https:\/\/www.sisinternational.com\/wp-content\/uploads\/2025\/09\/Croatia-4-1024x574.jpg 1024w, https:\/\/www.sisinternational.com\/wp-content\/uploads\/2025\/09\/Croatia-4-768x430.jpg 768w, https:\/\/www.sisinternational.com\/wp-content\/uploads\/2025\/09\/Croatia-4-18x10.jpg 18w\" sizes=\"auto, (max-width: 1456px) 100vw, 1456px\"><\/figure>\n\n\n\n<p><\/p>\n\n\n\n<p>Le march\u00e9 croate est repr\u00e9sent\u00e9 par des entreprises locales de premier plan et des acteurs internationaux influents, chacun contribuant au paysage \u00e9conomique diversifi\u00e9 et dynamique du pays. Ceci comprend:<\/p>\n\n\n\n<ul class=\"wp-block-list\">\n<li><strong>Infobip\u00a0:<\/strong> En tant que leader mondial des communications cloud, Infobip est l&#039;une des entreprises technologiques les plus prosp\u00e8res de Croatie. Il offre une suite compl\u00e8te de solutions de messagerie, permettant aux entreprises de communiquer avec leurs clients via des applications SMS, e-mail, vocales et de chat.<\/li>\n\n\n\n<li><strong>Rimac Automobiles\u00a0:<\/strong> Rimac Automobili est un fabricant renomm\u00e9 de v\u00e9hicules \u00e9lectriques et de syst\u00e8mes de batteries hautes performances. Connue pour sa technologie de pointe et son excellence en ing\u00e9nierie, Rimac s&#039;est positionn\u00e9e comme un leader de l&#039;industrie automobile.<\/li>\n\n\n\n<li><strong>Podravka\u00a0:<\/strong> Podravka est une entreprise leader dans la transformation alimentaire en Croatie, connue pour sa large gamme de produits alimentaires, notamment l&#039;assaisonnement embl\u00e9matique Vegeta. L&#039;engagement de l&#039;entreprise envers la qualit\u00e9 et l&#039;innovation l&#039;a aid\u00e9e \u00e0 maintenir une forte pr\u00e9sence nationale et internationale.<\/li>\n\n\n\n<li><strong>HEP (Compagnie croate d&#039;\u00e9nergie \u00e9lectrique)\u00a0:<\/strong> HEP est l&#039;acteur dominant du secteur \u00e9nerg\u00e9tique croate, responsable de la production, du transport et de la distribution d&#039;\u00e9lectricit\u00e9. Les investissements importants de l&#039;entreprise dans des projets d&#039;\u00e9nergie renouvelable soulignent son engagement en mati\u00e8re de durabilit\u00e9 et d&#039;efficacit\u00e9 \u00e9nerg\u00e9tique.<\/li>\n\n\n\n<li><strong>Pliva\u00a0:<\/strong> Pliva est une soci\u00e9t\u00e9 pharmaceutique majeure en Croatie, r\u00e9put\u00e9e depuis longtemps pour la production de m\u00e9dicaments de haute qualit\u00e9. Faisant partie du groupe Teva Pharmaceutical Industries, Pliva b\u00e9n\u00e9ficie de ressources \u00e9tendues en recherche et d\u00e9veloppement, lui permettant d&#039;innover et d&#039;\u00e9largir son offre de produits.<\/li>\n<\/ul>\n\n\n\n<h2 class=\"wp-block-heading p3\">Les tendances<\/h2>\n\n\n\n<p class=\"p2\">La Croatie a une \u00e9conomie de services en d\u00e9veloppement, \u00e0 revenus \u00e9lev\u00e9s. Le pays a souffert des guerres yougoslaves dans les ann\u00e9es 1990. Ce n\u2019est qu\u2019apr\u00e8s la fin des guerres que l\u2019\u00e9conomie a commenc\u00e9 \u00e0 s\u2019am\u00e9liorer. Apr\u00e8s les guerres, le pays est devenu une \u00e9conomie de march\u00e9. Ainsi, l\u2019\u00e9conomie croate est d\u00e9sormais l\u2019une des plus fortes d\u2019Europe du Sud-Est.<\/p>\n\n\n\n<h2 class=\"wp-block-heading p3\">Raisons de cr\u00e9er une entreprise en Croatie<\/h2>\n\n\n\n<p class=\"p2\">Croatia\u2019s location is the main reason it is a great place to run a business. Moreover, Croatia has travel connections to Europe and the rest of the world by sea, road, and air, attracting many tourists. Other reasons are its modern infrastructure, stability overall, and educated workforce. The country also continues to develop its transport, telecommunications, and energy equipment.<\/p>\n\n\n\n<h2 class=\"wp-block-heading\">R\u00e9sultats attendus de l&#039;\u00e9tude de march\u00e9 de SIS en Croatie<\/h2>\n\n\n\n<p><strong>Compr\u00e9hension am\u00e9lior\u00e9e du march\u00e9\u00a0:<\/strong><\/p>\n\n\n\n<p><a href=\"https:\/\/www.linkedin.com\/company\/sisinternationalresearch\/\" target=\"_blank\" rel=\"noopener\"><span style=\"font-weight: 400;\">SIS International<\/span><\/a>Les \u00e9tudes de march\u00e9 de donnent aux entreprises une compr\u00e9hension approfondie du march\u00e9 croate. Cela inclut des informations sur le comportement des consommateurs, la demande du march\u00e9 et la dynamique concurrentielle. Gr\u00e2ce \u00e0 ces connaissances, les entreprises peuvent adapter leurs strat\u00e9gies pour les aligner sur les pr\u00e9f\u00e9rences locales et les conditions du march\u00e9.<\/p>\n\n\n\n<p><strong>Prise de d\u00e9cision \u00e9clair\u00e9e\u00a0:<\/strong><\/p>\n\n\n\n<p>Les \u00e9tudes de march\u00e9 fournissent aux entreprises les donn\u00e9es n\u00e9cessaires pour prendre des d\u00e9cisions \u00e9clair\u00e9es. Les entreprises peuvent identifier les opportunit\u00e9s et les d\u00e9fis potentiels en analysant les tendances du march\u00e9 et les commentaires des consommateurs, conduisant ainsi \u00e0 une planification plus strat\u00e9gique et \u00e0 une ex\u00e9cution plus efficace.<\/p>\n\n\n\n<p><strong>Att\u00e9nuation des risques:<\/strong><\/p>\n\n\n\n<p>L\u2019un des principaux avantages des \u00e9tudes de march\u00e9 est leur capacit\u00e9 \u00e0 att\u00e9nuer les risques. En comprenant le paysage du march\u00e9 et les pi\u00e8ges potentiels, les entreprises peuvent \u00e9laborer des plans d\u2019urgence et des strat\u00e9gies proactives pour faire face aux incertitudes. Cela r\u00e9duit la probabilit\u00e9 de faux pas co\u00fbteux et am\u00e9liore la r\u00e9silience globale de l\u2019entreprise.<\/p>\n\n\n\n<p><strong>Retour sur investissement am\u00e9lior\u00e9\u00a0:<\/strong><\/p>\n\n\n\n<p>Investir dans des \u00e9tudes de march\u00e9 conduit souvent \u00e0 un meilleur retour sur investissement. Les entreprises peuvent optimiser leurs efforts de marketing, leur d\u00e9veloppement de produits et leurs strat\u00e9gies op\u00e9rationnelles en prenant des d\u00e9cisions bas\u00e9es sur les donn\u00e9es. Cela am\u00e9liore la rentabilit\u00e9 et garantit une croissance durable sur le march\u00e9 croate.<\/p>\n\n\n\n<p><strong>Avantage strat\u00e9gique\u00a0:<\/strong><\/p>\n\n\n\n<p><a href=\"https:\/\/twitter.com\/SISIntlResearch\" target=\"_blank\" rel=\"noopener\"><span style=\"font-weight: 400;\">SIS<\/span><\/a> donne aux entreprises un avantage strat\u00e9gique sur leurs concurrents. Les entreprises peuvent innover et s\u2019adapter plus efficacement en gardant une longueur d\u2019avance sur les tendances du march\u00e9 et les pr\u00e9f\u00e9rences des consommateurs. Cet avantage concurrentiel est crucial pour maintenir et accro\u00eetre la part de march\u00e9.<\/p>\n\n\n\n<h2 class=\"wp-block-heading\">Notre emplacement \u00e0 New York<\/h2>\n\n\n\n<p>  <iframe loading=\"lazy\" src=\"https:\/\/www.google.com\/maps\/embed?pb=!1m18!1m12!1m3!1d3022.976188376966!2d-73.99130312499956!3d40.740549471389315!2m3!1f0!2f0!3f0!3m2!1i1024!2i768!4f13.1!3m3!1m2!1s0x89c259a15798c731%3A0xd695d09bdd495f25!2s11%20E%2022nd%20St%20FL%202%2C%20New%20York%2C%20NY%2010010%2C%20USA!5e0!3m2!1sen!2spe!4v1726171763526!5m2!1sen!2spe\" width=\"600\" height=\"450\" allowfullscreen=\"allowfullscreen\" data-mce-fragment=\"1\"><\/iframe>  <\/p>\n\n\n\n<h3 class=\"wp-block-heading\">11 E 22nd Street, \u00e9tage 2, New York, NY 10010 T\u00e9l. : +1(212) 505-6805<\/h3>\n\n\n\n<hr class=\"wp-block-separator has-alpha-channel-opacity\"\/>\n\n\n\n<h2 class=\"wp-block-heading\"><span style=\"font-weight: 400;\">\u00c0 propos de SIS International<\/span><\/h2>\n\n\n\n<p><a href=\"https:\/\/www.sisinternational.com\/fr\/\"><span style=\"font-weight: 400;\">SIS International<\/span><\/a><span style=\"font-weight: 400;\"> propose des recherches quantitatives, qualitatives et strat\u00e9giques. Nous fournissons des donn\u00e9es, des outils, des strat\u00e9gies, des rapports et des informations pour la prise de d\u00e9cision. Nous menons \u00e9galement des entretiens, des enqu\u00eates, des groupes de discussion et d\u2019autres m\u00e9thodes et approches d\u2019\u00e9tudes de march\u00e9.<\/span><a href=\"https:\/\/www.sisinternational.com\/fr\/a-propos-de-la-recherche-internationale-sis\/contact-sis-international-market-research\/\"><span style=\"font-weight: 400;\"> Contactez nous<\/span><\/a><span style=\"font-weight: 400;\"> pour votre prochain projet d&#039;\u00e9tude de march\u00e9.<\/span><\/p>\n\n\n\n<p><\/p>","protected":false},"excerpt":{"rendered":"<p>D\u00e9veloppez votre entreprise avec les \u00e9tudes de march\u00e9 en Croatie.<\/p>","protected":false},"author":1,"featured_media":65946,"parent":14510,"menu_order":42,"comment_status":"closed","ping_status":"closed","template":"","meta":{"footnotes":""},"class_list":["post-38806","page","type-page","status-publish","has-post-thumbnail"],"_links":{"self":[{"href":"https:\/\/www.sisinternational.com\/fr\/wp-json\/wp\/v2\/pages\/38806","targetHints":{"allow":["GET"]}}],"collection":[{"href":"https:\/\/www.sisinternational.com\/fr\/wp-json\/wp\/v2\/pages"}],"about":[{"href":"https:\/\/www.sisinternational.com\/fr\/wp-json\/wp\/v2\/types\/page"}],"author":[{"embeddable":true,"href":"https:\/\/www.sisinternational.com\/fr\/wp-json\/wp\/v2\/users\/1"}],"replies":[{"embeddable":true,"href":"https:\/\/www.sisinternational.com\/fr\/wp-json\/wp\/v2\/comments?post=38806"}],"version-history":[{"count":10,"href":"https:\/\/www.sisinternational.com\/fr\/wp-json\/wp\/v2\/pages\/38806\/revisions"}],"predecessor-version":[{"id":81185,"href":"https:\/\/www.sisinternational.com\/fr\/wp-json\/wp\/v2\/pages\/38806\/revisions\/81185"}],"up":[{"embeddable":true,"href":"https:\/\/www.sisinternational.com\/fr\/wp-json\/wp\/v2\/pages\/14510"}],"wp:featuredmedia":[{"embeddable":true,"href":"https:\/\/www.sisinternational.com\/fr\/wp-json\/wp\/v2\/media\/65946"}],"wp:attachment":[{"href":"https:\/\/www.sisinternational.com\/fr\/wp-json\/wp\/v2\/media?parent=38806"}],"curies":[{"name":"wp","href":"https:\/\/api.w.org\/{rel}","templated":true}]}}