{"id":38800,"date":"2021-09-14T02:58:29","date_gmt":"2021-09-14T02:58:29","guid":{"rendered":"https:\/\/www.sisinternational.com\/?page_id=38800"},"modified":"2026-01-24T20:38:35","modified_gmt":"2026-01-25T01:38:35","slug":"etude-de-marche-en-bosnie-herzegovine","status":"publish","type":"page","link":"https:\/\/www.sisinternational.com\/fr\/couverture\/leurope-%ef%83%97\/etude-de-marche-en-bosnie-herzegovine\/","title":{"rendered":"Etude de march\u00e9 en Bosnie-Herz\u00e9govine"},"content":{"rendered":"<h1 class=\"wp-block-heading\">Etude de march\u00e9 en Bosnie-Herz\u00e9govine<\/h1>\n\n\n\n<figure class=\"gb-block-image gb-block-image-c6e007f8\"><img loading=\"lazy\" decoding=\"async\" width=\"1456\" height=\"816\" class=\"gb-image gb-image-c6e007f8\" src=\"https:\/\/www.sisinternational.com\/wp-content\/uploads\/2025\/09\/Bosnia-and-Herzegovina-2.jpg\" alt=\"\u00c9tudes de march\u00e9 et strat\u00e9gie internationales SIS\" title=\"Bosnia and Herzegovina (2)\" srcset=\"https:\/\/www.sisinternational.com\/wp-content\/uploads\/2025\/09\/Bosnia-and-Herzegovina-2.jpg 1456w, https:\/\/www.sisinternational.com\/wp-content\/uploads\/2025\/09\/Bosnia-and-Herzegovina-2-300x168.jpg 300w, https:\/\/www.sisinternational.com\/wp-content\/uploads\/2025\/09\/Bosnia-and-Herzegovina-2-1024x574.jpg 1024w, https:\/\/www.sisinternational.com\/wp-content\/uploads\/2025\/09\/Bosnia-and-Herzegovina-2-768x430.jpg 768w, https:\/\/www.sisinternational.com\/wp-content\/uploads\/2025\/09\/Bosnia-and-Herzegovina-2-18x10.jpg 18w\" sizes=\"auto, (max-width: 1456px) 100vw, 1456px\"><\/figure>\n\n\n\n<p><\/p>\n\n\n\n<hr class=\"wp-block-separator has-alpha-channel-opacity is-style-dots\"\/>\n\n\n\n<h3 class=\"wp-block-heading\"><span style=\"font-weight: 400;\">La Bosnie-Herz\u00e9govine offre d\u2019importantes opportunit\u00e9s aux entreprises d\u00e9sireuses d\u2019investir dans une analyse de march\u00e9 approfondie \u2013 et les \u00e9tudes de march\u00e9 en Bosnie-Herz\u00e9govine peuvent r\u00e9v\u00e9ler des informations cruciales qui guident les d\u00e9cisions commerciales strat\u00e9giques.&nbsp;<\/span><\/h3>\n\n\n\n<h2 class=\"wp-block-heading\"><strong>Qu\u2019est-ce qu\u2019une \u00e9tude de march\u00e9 en Bosnie-Herz\u00e9govine ?<\/strong><\/h2>\n\n\n\n<p><span style=\"font-weight: 400;\">Les \u00e9tudes de march\u00e9 en Bosnie-Herz\u00e9govine offrent aux entreprises une compr\u00e9hension compl\u00e8te du paysage \u00e9conomique, des comportements des consommateurs et de la dynamique concurrentielle sp\u00e9cifiques \u00e0 la Bosnie-Herz\u00e9govine. Il fournit aux entreprises des renseignements exploitables qui soutiennent une prise de d\u00e9cision \u00e9clair\u00e9e. Cela comprend l&#039;identification des segments de march\u00e9 cibles, la compr\u00e9hension des besoins et des pr\u00e9f\u00e9rences des consommateurs et l&#039;\u00e9valuation de l&#039;efficacit\u00e9 des strat\u00e9gies marketing.&nbsp;<\/span><\/p>\n\n\n\n<h2 class=\"wp-block-heading\"><strong>Importance des \u00e9tudes de march\u00e9 en Bosnie-Herz\u00e9govine<\/strong><\/h2>\n\n\n\n<p><span style=\"font-weight: 400;\">Les \u00e9tudes de march\u00e9 en Bosnie-Herz\u00e9govine sont essentielles pour comprendre les conditions \u00e9conomiques locales et les comportements des consommateurs, qui peuvent varier consid\u00e9rablement par rapport aux autres r\u00e9gions. Cela inclut d\u2019obtenir des informations sur les pr\u00e9f\u00e9rences des consommateurs, les mod\u00e8les d\u2019achat et les besoins non satisfaits. En comprenant ces facteurs, les entreprises peuvent adapter leurs produits et services pour r\u00e9pondre aux demandes locales et am\u00e9liorer la satisfaction des clients.<\/span><\/p>\n\n\n\n<p><span style=\"font-weight: 400;\">De plus, les \u00e9tudes de march\u00e9 fournissent des informations pr\u00e9cieuses sur le paysage concurrentiel en Bosnie-Herz\u00e9govine. Analyser les forces et les faiblesses des concurrents, identifier les lacunes du march\u00e9 et d\u00e9velopper des strat\u00e9gies pour se diff\u00e9rencier des concurrents sont essentiels pour acqu\u00e9rir un avantage concurrentiel.&nbsp;<\/span><\/p>\n\n\n\n<h2 class=\"wp-block-heading\"><strong>Qui utilise les \u00e9tudes de march\u00e9 en Bosnie-Herz\u00e9govine ?<\/strong><\/h2>\n\n\n\n<figure class=\"gb-block-image gb-block-image-d2fddbe9\"><img loading=\"lazy\" decoding=\"async\" width=\"1456\" height=\"816\" class=\"gb-image gb-image-d2fddbe9\" src=\"https:\/\/www.sisinternational.com\/wp-content\/uploads\/2025\/09\/Bosnia-and-Herzegovina-1.jpg\" alt=\"\u00c9tudes de march\u00e9 et strat\u00e9gie internationales SIS\" title=\"Bosnia and Herzegovina (1)\" srcset=\"https:\/\/www.sisinternational.com\/wp-content\/uploads\/2025\/09\/Bosnia-and-Herzegovina-1.jpg 1456w, https:\/\/www.sisinternational.com\/wp-content\/uploads\/2025\/09\/Bosnia-and-Herzegovina-1-300x168.jpg 300w, https:\/\/www.sisinternational.com\/wp-content\/uploads\/2025\/09\/Bosnia-and-Herzegovina-1-1024x574.jpg 1024w, https:\/\/www.sisinternational.com\/wp-content\/uploads\/2025\/09\/Bosnia-and-Herzegovina-1-768x430.jpg 768w, https:\/\/www.sisinternational.com\/wp-content\/uploads\/2025\/09\/Bosnia-and-Herzegovina-1-18x10.jpg 18w\" sizes=\"auto, (max-width: 1456px) 100vw, 1456px\"><\/figure>\n\n\n\n<p><\/p>\n\n\n\n<p><span style=\"font-weight: 400;\">Market research in Bosnia and Herzegovina is utilized by diverse stakeholders, each benefitting from its insights to enhance their operations and strategic planning. <\/span><b>Entreprises multi-nationales<\/b><span style=\"font-weight: 400;\"> font partie des principaux utilisateurs, tirant parti des \u00e9tudes de march\u00e9 pour adapter leurs strat\u00e9gies mondiales au contexte local.&nbsp;<\/span><\/p>\n\n\n\n<p><b>Entreprises locales<\/b><span style=\"font-weight: 400;\"> s&#039;appuient \u00e9galement fortement sur les \u00e9tudes de march\u00e9 pour maintenir leur comp\u00e9titivit\u00e9. Comprendre les tendances du march\u00e9 et les pr\u00e9f\u00e9rences des consommateurs est crucial pour que ces entreprises restent pertinentes et stimulent leur croissance. Les \u00e9tudes de march\u00e9 en Bosnie-Herz\u00e9govine les aident \u00e0 identifier les opportunit\u00e9s d&#039;innovation et d&#039;am\u00e9lioration, garantissant ainsi qu&#039;elles peuvent r\u00e9pondre aux besoins changeants de leurs clients.<\/span><\/p>\n\n\n\n<p><span style=\"font-weight: 400;\">De plus, <\/span><b>organismes gouvernementaux<\/b><span style=\"font-weight: 400;\"> et <\/span><b>organisations non gouvernementales (ONG)<\/b><span style=\"font-weight: 400;\"> utiliser les \u00e9tudes de march\u00e9 pour \u00e9clairer l\u2019\u00e9laboration des politiques et l\u2019\u00e9laboration de programmes. En acqu\u00e9rant des informations sur les conditions \u00e9conomiques, l&#039;opinion publique et les probl\u00e8mes sociaux, ces entit\u00e9s peuvent concevoir des interventions plus efficaces et soutenir des initiatives qui favorisent le d\u00e9veloppement \u00e9conomique et le bien-\u00eatre social en Bosnie-Herz\u00e9govine.<\/span><\/p>\n\n\n\n<h2 class=\"wp-block-heading\"><strong>Quand r\u00e9aliser une \u00e9tude de march\u00e9 en Bosnie-Herz\u00e9govine<\/strong><\/h2>\n\n\n\n<p><span style=\"font-weight: 400;\">Market research in Bosnia and Herzegovina is essential at various business planning and development stages. Businesses should undertake market research when considering <\/span><b>entr\u00e9e sur le march\u00e9<\/b><span style=\"font-weight: 400;\">. Cela permet d\u2019\u00e9valuer la viabilit\u00e9 de l\u2019entr\u00e9e sur le march\u00e9 bosniaque, de comprendre les exigences r\u00e9glementaires et d\u2019identifier les barri\u00e8res potentielles \u00e0 l\u2019entr\u00e9e.<\/span><\/p>\n\n\n\n<p><span style=\"font-weight: 400;\">Les \u00e9tudes de march\u00e9 sont \u00e9galement essentielles au cours de la <\/span><b>d\u00e9veloppement de produits<\/b><span style=\"font-weight: 400;\"> phase. By gathering feedback from potential customers and analyzing market needs, businesses can design products and services that align with local preferences and expectations.<\/span><\/p>\n\n\n\n<h2 class=\"wp-block-heading\"><strong>Industries cl\u00e9s en Bosnie-Herz\u00e9govine<\/strong><\/h2>\n\n\n\n<figure class=\"gb-block-image gb-block-image-d1790076\"><img loading=\"lazy\" decoding=\"async\" width=\"1456\" height=\"816\" class=\"gb-image gb-image-d1790076\" src=\"https:\/\/www.sisinternational.com\/wp-content\/uploads\/2025\/09\/Bosnia-and-Herzegovina-3.jpg\" alt=\"\u00c9tudes de march\u00e9 et strat\u00e9gie internationales SIS\" title=\"Bosnia and Herzegovina (3)\" srcset=\"https:\/\/www.sisinternational.com\/wp-content\/uploads\/2025\/09\/Bosnia-and-Herzegovina-3.jpg 1456w, https:\/\/www.sisinternational.com\/wp-content\/uploads\/2025\/09\/Bosnia-and-Herzegovina-3-300x168.jpg 300w, https:\/\/www.sisinternational.com\/wp-content\/uploads\/2025\/09\/Bosnia-and-Herzegovina-3-1024x574.jpg 1024w, https:\/\/www.sisinternational.com\/wp-content\/uploads\/2025\/09\/Bosnia-and-Herzegovina-3-768x430.jpg 768w, https:\/\/www.sisinternational.com\/wp-content\/uploads\/2025\/09\/Bosnia-and-Herzegovina-3-18x10.jpg 18w\" sizes=\"auto, (max-width: 1456px) 100vw, 1456px\"><\/figure>\n\n\n\n<p><\/p>\n\n\n\n<p><span style=\"font-weight: 400;\">La Bosnie-Herz\u00e9govine abrite une vari\u00e9t\u00e9 d\u2019industries cl\u00e9s qui stimulent son \u00e9conomie et offrent d\u2019importantes opportunit\u00e9s en mati\u00e8re d\u2019\u00e9tudes de march\u00e9. <\/span><b>Agriculture<\/b><span style=\"font-weight: 400;\"> reste un secteur fondamental, avec des entreprises comme Mlijekoprodukt et Vispak leader dans la production de produits laitiers et de caf\u00e9. Comprendre les pr\u00e9f\u00e9rences des consommateurs et la dynamique du march\u00e9 dans ce secteur est crucial pour les entreprises qui cherchent \u00e0 s&#039;implanter ou \u00e0 se d\u00e9velopper en Bosnie-Herz\u00e9govine.<\/span><\/p>\n\n\n\n<p><b>Fabrication<\/b><span style=\"font-weight: 400;\"> est \u00e9galement importante, en particulier dans la production de pi\u00e8ces automobiles, de textiles et de meubles. Des entreprises telles que Prevent Group et Standard Furniture Factory sont des acteurs cl\u00e9s. Les \u00e9tudes de march\u00e9 aident ces entreprises \u00e0 optimiser leurs processus de production, \u00e0 r\u00e9duire leurs co\u00fbts et \u00e0 innover pour rester comp\u00e9titives.<\/span><\/p>\n\n\n\n<p><span style=\"font-weight: 400;\">Le <\/span><b>secteur des technologies de l&#039;information<\/b><span style=\"font-weight: 400;\"> conna\u00eet une croissance rapide et est dirig\u00e9 par des soci\u00e9t\u00e9s comme Authority Partners et Atlantbh. Ce secteur b\u00e9n\u00e9ficie \u00e9norm\u00e9ment des \u00e9tudes de march\u00e9 qui identifient les tendances technologiques, les besoins des consommateurs et les domaines potentiels d&#039;innovation.<\/span><\/p>\n\n\n\n<p><b>Tourisme<\/b><span style=\"font-weight: 400;\"> is another vital sector, with Bosnia and Herzegovina&#8217;s rich cultural heritage and natural beauty attracting visitors worldwide. Businesses like Visit Sarajevo and Green <a href=\"https:\/\/www.sisinternational.com\/fr\/solutions\/ai-etudes-de-marche-et-conseil-en-strategie\/etude-de-marche-sur-lia-en-vision-par-ordinateur\/\" title=\"\u00c9tude de march\u00e9 sur l\u2019IA en vision par ordinateur\"  data-wpil-monitor-id=\"2782\">Visions utilize market research<\/a> to enhance their services and attract more tourists.<\/span><\/p>\n\n\n\n<h2 class=\"wp-block-heading p3\">Quartiers<\/h2>\n\n\n\n<p class=\"p2\">Sarajevo est la capitale et la plus grande ville. Elle est \u00e9galement connue comme la \u00ab J\u00e9rusalem de l\u2019Europe \u00bb en raison de sa riche histoire et de ses mus\u00e9es. Cette ville est un centre politique, social et culturel avec une influence notable sur les sc\u00e8nes du divertissement, des m\u00e9dias, de la mode et des arts de la r\u00e9gion au sens large. Il existe diverses religions et cultures, et de nombreuses confessions coexistent au m\u00eame endroit. La ville est \u00e9galement connue pour ses nombreux belv\u00e9d\u00e8res. Ces vues sont populaires parmi les touristes.<\/p>\n\n\n\n<p class=\"p2\">Une autre grande ville est Tuzla. L&#039;industrie est aussi son secteur principal, et elle a un aspect sovi\u00e9tique. Ce n&#039;est donc pas le plus bel endroit ici. Malgr\u00e9 cela, son histoire est riche. Il existe des preuves sugg\u00e9rant qu&#039;il s&#039;agissait d&#039;un \u00e9tablissement n\u00e9olithique prosp\u00e8re. La production de sel au sein de la ville constitue une source majeure de revenus. Il existe de vastes gisements de sel sous la ville. Le nom Tuzla vient du mot \u00ab tuzia \u00bb. C&#039;est un mot turc ottoman pour mine de sel.<\/p>\n\n\n\n<h2 class=\"wp-block-heading\"><strong>Principales attractions touristiques en Bosnie-Herz\u00e9govine<\/strong><\/h2>\n\n\n\n<p><span style=\"font-weight: 400;\">La Bosnie-Herz\u00e9govine poss\u00e8de de nombreuses attractions touristiques qui attirent des visiteurs du monde entier. Comprendre ces attractions est crucial pour que les entreprises touristiques puissent adapter leurs services et leurs strat\u00e9gies de marketing.<\/span><\/p>\n\n\n\n<ul class=\"wp-block-list\">\n<li><b>Sarajevo<\/b><span style=\"font-weight: 400;\">: The capital city, known for its historical significance and cultural diversity, offers attractions such as the Latin Bridge, the site of Archduke Franz Ferdinand&#8217;s assassination, and Ba\u0161\u010dar\u0161ija, the old bazaar filled with traditional crafts and food.<\/span><\/li>\n\n\n\n<li><b>Mostar<\/b><span style=\"font-weight: 400;\">: C\u00e9l\u00e8bre pour son embl\u00e9matique Stari Most (vieux pont), Mostar est un symbole de r\u00e9conciliation et de patrimoine culturel. La ville attire les touristes avec son architecture \u00e9poustouflante et ses march\u00e9s de rue anim\u00e9s.<\/span><\/li>\n\n\n\n<li><b>Medjugorje<\/b><span style=\"font-weight: 400;\">: Cette ville est devenue un site important de p\u00e8lerinage catholique depuis les apparitions signal\u00e9es de la Vierge Marie en 1981. Elle attire chaque ann\u00e9e des milliers de p\u00e8lerins et de touristes.<\/span><\/li>\n\n\n\n<li><b>Blagaj<\/b><span style=\"font-weight: 400;\">: Connu pour le Blagaj Tekke, un monast\u00e8re derviche situ\u00e9 \u00e0 la source de la rivi\u00e8re Buna, Blagaj est un site d&#039;importance spirituelle et historique, offrant des vues panoramiques et de la tranquillit\u00e9.<\/span><\/li>\n\n\n\n<li><b>Jajce<\/b><span style=\"font-weight: 400;\">: Cette ville historique est c\u00e9l\u00e8bre pour sa magnifique cascade au centre-ville et sa forteresse m\u00e9di\u00e9vale, qui donnent aux visiteurs un aper\u00e7u de la riche histoire de la Bosnie-Herz\u00e9govine.<\/span><\/li>\n\n\n\n<li><b>Trebinje<\/b><span style=\"font-weight: 400;\">: Ville pittoresque du sud du pays, Trebinje est connue pour son climat m\u00e9diterran\u00e9en, sa vieille ville historique et le pont Arslanagi\u0107a du XVIe si\u00e8cle.<\/span><\/li>\n<\/ul>\n\n\n\n<h2 class=\"wp-block-heading p3\">Avantages et atouts sur le march\u00e9<\/h2>\n\n\n\n<p class=\"p2\">Ce pays est ouvert aux investissements \u00e9trangers et propose un r\u00e9gime commercial tr\u00e8s lib\u00e9ral. Ses riches ressources naturelles le rendent id\u00e9al pour diverses entreprises et il existe de nombreuses opportunit\u00e9s dans de multiples secteurs.<\/p>\n\n\n\n<p class=\"p2\">Par exemple, il y a de la place pour les fournisseurs de l\u2019industrie m\u00e9tallurgique. Un autre exemple est celui du secteur de l\u2019\u00e9nergie. Le pays peut \u00e9galement entreprendre des projets tels que la construction et la modernisation de centrales \u00e9lectriques. Les perspectives commerciales sont nombreuses dans d\u2019autres secteurs.<\/p>\n\n\n\n<h2 class=\"wp-block-heading\"><strong>\u00c9tude de march\u00e9 en Bosnie-Herz\u00e9govine\u00a0: analyse SWOT&nbsp;<\/strong><\/h2>\n\n\n\n<p><span style=\"font-weight: 400;\">Comprendre les forces, les faiblesses, les opportunit\u00e9s et les menaces du march\u00e9 bosniaque est essentiel pour les entreprises qui envisagent de s&#039;implanter ou de se d\u00e9velopper dans cette r\u00e9gion.<\/span><\/p>\n\n\n\n<h3 class=\"wp-block-heading\"><b>Forces<\/b><span style=\"font-weight: 400;\">:&nbsp;<\/span><\/h3>\n\n\n\n<p><span style=\"font-weight: 400;\">La Bosnie-Herz\u00e9govine b\u00e9n\u00e9ficie d&#039;un emplacement strat\u00e9gique en Europe du Sud-Est, offrant un acc\u00e8s \u00e0 divers march\u00e9s r\u00e9gionaux. Le pays dispose d\u2019une main-d\u2019\u0153uvre qualifi\u00e9e et de co\u00fbts de main-d\u2019\u0153uvre comp\u00e9titifs, ce qui en fait une destination attractive pour les investissements. De plus, le riche patrimoine culturel et la diversit\u00e9 des paysages naturels de la Bosnie-Herz\u00e9govine en font une destination touristique pris\u00e9e.<\/span><\/p>\n\n\n\n<h3 class=\"wp-block-heading\"><b>Faiblesses<\/b><span style=\"font-weight: 400;\">:&nbsp;<\/span><\/h3>\n\n\n\n<p><span style=\"font-weight: 400;\">Malgr\u00e9 ces atouts, le march\u00e9 est confront\u00e9 \u00e0 une volatilit\u00e9 \u00e9conomique et \u00e0 une base de consommateurs relativement restreinte. Un acc\u00e8s limit\u00e9 aux technologies avanc\u00e9es et des niveaux d\u2019innovation plus faibles peuvent \u00e9galement entraver la croissance des entreprises. De plus, les processus bureaucratiques et les complexit\u00e9s r\u00e9glementaires peuvent poser des difficult\u00e9s aux nouvelles entreprises qui entrent sur le march\u00e9.<\/span><\/p>\n\n\n\n<h3 class=\"wp-block-heading\"><b>Opportunit\u00e9s<\/b><span style=\"font-weight: 400;\">:&nbsp;<\/span><\/h3>\n\n\n\n<p><span style=\"font-weight: 400;\">Il existe de nombreuses opportunit\u00e9s pour les entreprises en Bosnie-Herz\u00e9govine. L\u2019\u00e9conomie num\u00e9rique en pleine croissance offre des opportunit\u00e9s aux entreprises technologiques et aux startups. L&#039;accent mis par le pays sur le d\u00e9veloppement durable ouvre les portes aux entreprises vertes et aux projets d&#039;\u00e9nergie renouvelable. De plus, la demande croissante des consommateurs pour des produits et services de qualit\u00e9 offre des opportunit\u00e9s de diff\u00e9renciation sur le march\u00e9.<\/span><\/p>\n\n\n\n<h3 class=\"wp-block-heading\"><b>Des menaces<\/b><span style=\"font-weight: 400;\">:&nbsp;<\/span><\/h3>\n\n\n\n<p><span style=\"font-weight: 400;\">Les menaces potentielles incluent l&#039;instabilit\u00e9 \u00e9conomique et les changements dans les politiques gouvernementales qui pourraient avoir un impact sur les op\u00e9rations commerciales. Le paysage concurrentiel peut \u00e9galement \u00eatre difficile, avec des acteurs \u00e9tablis dominant des secteurs cl\u00e9s. En outre, la situation \u00e9conomique mondiale et les tensions g\u00e9opolitiques pourraient affecter la dynamique du march\u00e9 de la Bosnie-Herz\u00e9govine.<\/span><\/p>\n\n\n\n<h2 class=\"wp-block-heading\"><strong>Comment les \u00e9tudes de march\u00e9 de SIS International en Bosnie-Herz\u00e9govine aident les entreprises<\/strong><\/h2>\n\n\n\n<p><a href=\"https:\/\/twitter.com\/SISIntlResearch\" target=\"_blank\" rel=\"noopener\"><span style=\"font-weight: 400;\">SIS<\/span><\/a><span style=\"font-weight: 400;\"> aide les entreprises \u00e0 naviguer dans les complexit\u00e9s du march\u00e9 bosniaque. En fournissant des informations compl\u00e8tes sur les conditions du march\u00e9, les comportements des consommateurs et la dynamique concurrentielle, SIS International permet aux entreprises de prendre des d\u00e9cisions \u00e9clair\u00e9es qui stimulent la croissance et l&#039;innovation.<\/span><\/p>\n\n\n\n<p><b>R\u00e9duire les risques<\/b><span style=\"font-weight: 400;\">:&nbsp;<\/span><\/p>\n\n\n\n<p><span style=\"font-weight: 400;\">Notre \u00e9quipe aide les entreprises \u00e0 identifier les risques potentiels et \u00e0 \u00e9laborer des strat\u00e9gies pour les att\u00e9nuer. Cette approche proactive r\u00e9duit l\u2019incertitude et am\u00e9liore les processus d\u00e9cisionnels.<\/span><\/p>\n\n\n\n<p><b>Augmenter les revenus<\/b><span style=\"font-weight: 400;\">:&nbsp;<\/span><\/p>\n\n\n\n<p><span style=\"font-weight: 400;\">En comprenant les pr\u00e9f\u00e9rences des consommateurs et les tendances du march\u00e9, les entreprises peuvent adapter leurs offres pour r\u00e9pondre \u00e0 la demande, augmentant ainsi leurs ventes et leurs revenus.<\/span><\/p>\n\n\n\n<p><b>\u00c9conomiser de l&#039;argent<\/b><span style=\"font-weight: 400;\">:&nbsp;<\/span><\/p>\n\n\n\n<p><a href=\"https:\/\/www.linkedin.com\/company\/sisinternationalresearch\/\" target=\"_blank\" rel=\"noopener\"><span style=\"font-weight: 400;\">SIS International<\/span><\/a><span style=\"font-weight: 400;\">Les experts de permettent aux entreprises d&#039;allouer les ressources plus efficacement, en minimisant le gaspillage et en optimisant les investissements. Cela conduit \u00e0 des \u00e9conomies de co\u00fbts et \u00e0 une meilleure efficacit\u00e9 op\u00e9rationnelle.<\/span><\/p>\n\n\n\n<p><b>Gagner du temps<\/b><span style=\"font-weight: 400;\">:&nbsp;<\/span><\/p>\n\n\n\n<p><span style=\"font-weight: 400;\">L&#039;acc\u00e8s \u00e0 des informations pr\u00e9cises et actualis\u00e9es sur le march\u00e9 acc\u00e9l\u00e8re la prise de d\u00e9cision, permettant aux entreprises de r\u00e9agir rapidement aux changements du march\u00e9 et de saisir les opportunit\u00e9s.<\/span><\/p>\n\n\n\n<p><b>Acc\u00e9l\u00e9rer la croissance et l\u2019innovation<\/b><span style=\"font-weight: 400;\">:&nbsp;<\/span><\/p>\n\n\n\n<p><span style=\"font-weight: 400;\">Des \u00e9tudes de march\u00e9 compl\u00e8tes fournissent des informations qui stimulent le d\u00e9veloppement de produits et l\u2019innovation. Cela aide les entreprises \u00e0 rester comp\u00e9titives et \u00e0 atteindre une croissance durable.<\/span><\/p>\n\n\n\n<p><b>Augmenter le retour sur investissement<\/b><span style=\"font-weight: 400;\">:&nbsp;<\/span><\/p>\n\n\n\n<p><span style=\"font-weight: 400;\">SIS maximise le retour sur investissement en identifiant les segments de march\u00e9 et les opportunit\u00e9s les plus prometteurs. Les entreprises peuvent concentrer leurs efforts sur les domaines \u00e0 fort potentiel et obtenir de meilleurs r\u00e9sultats.<\/span><\/p>\n\n\n\n<h2 class=\"wp-block-heading p3\">Raisons de d\u00e9velopper votre entreprise sur le march\u00e9 bosniaque<\/h2>\n\n\n\n<p class=\"p2\">Les exportateurs et investisseurs bien pr\u00e9par\u00e9s ont de nombreuses perspectives commerciales. Les investisseurs \u00e9trangers b\u00e9n\u00e9ficient des m\u00eames droits que les citoyens. Ils sont impos\u00e9s \u00e0 des taux r\u00e9duits et b\u00e9n\u00e9ficient d&#039;un syst\u00e8me juridique solide. Le pays dispose \u00e9galement d\u2019une main-d\u2019\u0153uvre bien form\u00e9e et hautement qualifi\u00e9e.<\/p>\n\n\n\n<div class=\"is-root-container is-desktop-preview is-layout-flow wp-block-post-content block-editor-block-list__layout\" spellcheck=\"false\">\n<div id=\"block-384c2a08-a270-48c9-9b10-b335265edad1\" class=\"block-editor-block-list__block wp-block is-selected wp-block-freeform is-hovered\" tabindex=\"0\" role=\"document\" aria-label=\"Bloc: Classique\" data-block=\"384c2a08-a270-48c9-9b10-b335265edad1\" data-type=\"core\/freeform\" data-title=\"Classic\">\n<div id=\"editor-384c2a08-a270-48c9-9b10-b335265edad1\" class=\"wp-block-freeform block-library-rich-text__tinymce mce-content-body html5-captions mce-edit-focus\" style=\"position: relative;\" contenteditable=\"true\">\n<h2>Notre emplacement \u00e0 New York<\/h2>\n<p>  <iframe loading=\"lazy\" src=\"https:\/\/www.google.com\/maps\/embed?pb=!1m18!1m12!1m3!1d3022.976188376966!2d-73.99130312499956!3d40.740549471389315!2m3!1f0!2f0!3f0!3m2!1i1024!2i768!4f13.1!3m3!1m2!1s0x89c259a15798c731%3A0xd695d09bdd495f25!2s11%20E%2022nd%20St%20FL%202%2C%20New%20York%2C%20NY%2010010%2C%20USA!5e0!3m2!1sen!2spe!4v1726171763526!5m2!1sen!2spe\" width=\"600\" height=\"450\" allowfullscreen=\"allowfullscreen\" data-mce-fragment=\"1\"><\/iframe>  <\/p>\n<h3 class=\"wp-block-heading\">11 E 22nd Street, \u00e9tage 2, New York, NY 10010 T\u00e9l. : +1(212) 505-6805<\/h3>\n<hr>\n<h2><span style=\"font-weight: 400;\">\u00c0 propos de SIS International<\/span><\/h2>\n<p><a href=\"https:\/\/www.sisinternational.com\/fr\/\"><span style=\"font-weight: 400;\">SIS International<\/span><\/a><span style=\"font-weight: 400;\"> propose des recherches quantitatives, qualitatives et strat\u00e9giques. Nous fournissons des donn\u00e9es, des outils, des strat\u00e9gies, des rapports et des informations pour la prise de d\u00e9cision. Nous menons \u00e9galement des entretiens, des enqu\u00eates, des groupes de discussion et d\u2019autres m\u00e9thodes et approches d\u2019\u00e9tudes de march\u00e9.<\/span><a href=\"https:\/\/www.sisinternational.com\/fr\/a-propos-de-la-recherche-internationale-sis\/contact-sis-international-market-research\/\"><span style=\"font-weight: 400;\"> Contactez nous<\/span><\/a><span style=\"font-weight: 400;\"> pour votre prochain projet d&#039;\u00e9tude de march\u00e9.<\/span><\/p>\n<hr><\/div>\n<\/div>\n<p id=\"block-13718977-774f-4eb6-9307-bdda3647fbca\" class=\"block-editor-rich-text__editable block-editor-block-list__block wp-block wp-block-paragraph rich-text\" style=\"white-space: pre-wrap; min-width: 1px;\" role=\"document\" contenteditable=\"true\" aria-multiline=\"true\" aria-label=\"Bloc vide\u00a0; commencez \u00e0 \u00e9crire ou tapez une barre oblique pour choisir un bloc\" data-block=\"13718977-774f-4eb6-9307-bdda3647fbca\" data-type=\"core\/paragraph\" data-title=\"Paragraph\" data-empty=\"true\" data-wp-block-attribute-key=\"content\">&nbsp;<\/p>\n<\/div>\n\n\n\n<p><\/p>\n\n\n\n<p><\/p>","protected":false},"excerpt":{"rendered":"<p>D\u00e9veloppez votre entreprise gr\u00e2ce aux \u00e9tudes de march\u00e9 en Bosnie-Herz\u00e9govine.<\/p>","protected":false},"author":1,"featured_media":65925,"parent":14510,"menu_order":41,"comment_status":"closed","ping_status":"closed","template":"","meta":{"footnotes":""},"class_list":["post-38800","page","type-page","status-publish","has-post-thumbnail"],"_links":{"self":[{"href":"https:\/\/www.sisinternational.com\/fr\/wp-json\/wp\/v2\/pages\/38800","targetHints":{"allow":["GET"]}}],"collection":[{"href":"https:\/\/www.sisinternational.com\/fr\/wp-json\/wp\/v2\/pages"}],"about":[{"href":"https:\/\/www.sisinternational.com\/fr\/wp-json\/wp\/v2\/types\/page"}],"author":[{"embeddable":true,"href":"https:\/\/www.sisinternational.com\/fr\/wp-json\/wp\/v2\/users\/1"}],"replies":[{"embeddable":true,"href":"https:\/\/www.sisinternational.com\/fr\/wp-json\/wp\/v2\/comments?post=38800"}],"version-history":[{"count":8,"href":"https:\/\/www.sisinternational.com\/fr\/wp-json\/wp\/v2\/pages\/38800\/revisions"}],"predecessor-version":[{"id":77120,"href":"https:\/\/www.sisinternational.com\/fr\/wp-json\/wp\/v2\/pages\/38800\/revisions\/77120"}],"up":[{"embeddable":true,"href":"https:\/\/www.sisinternational.com\/fr\/wp-json\/wp\/v2\/pages\/14510"}],"wp:featuredmedia":[{"embeddable":true,"href":"https:\/\/www.sisinternational.com\/fr\/wp-json\/wp\/v2\/media\/65925"}],"wp:attachment":[{"href":"https:\/\/www.sisinternational.com\/fr\/wp-json\/wp\/v2\/media?parent=38800"}],"curies":[{"name":"wp","href":"https:\/\/api.w.org\/{rel}","templated":true}]}}