{"id":38696,"date":"2021-09-06T04:08:23","date_gmt":"2021-09-06T04:08:23","guid":{"rendered":"https:\/\/www.sisinternational.com\/?page_id=38696"},"modified":"2026-03-12T12:39:44","modified_gmt":"2026-03-12T16:39:44","slug":"etude-de-marche-en-laboratoire","status":"publish","type":"page","link":"https:\/\/www.sisinternational.com\/fr\/solutions\/etudes-de-marche-sur-les-biotechnologies-et-les-produits-pharmaceutiques-en-matiere-de-soins-de-sante-medicaux\/etude-de-marche-en-laboratoire\/","title":{"rendered":"\u00c9tude de march\u00e9 en laboratoire"},"content":{"rendered":"<h1 class=\"wp-block-heading\">\u00c9tude de march\u00e9 en laboratoire<\/h1>\n\n\n\n<figure class=\"gb-block-image gb-block-image-e46af518\"><img loading=\"lazy\" decoding=\"async\" width=\"1456\" height=\"816\" class=\"gb-image gb-image-e46af518\" src=\"https:\/\/www.sisinternational.com\/wp-content\/uploads\/2025\/08\/Laboratory-2.jpg\" alt=\"\u00c9tudes de march\u00e9 et strat\u00e9gie internationales SIS\" title=\"Laboratory (2)\" srcset=\"https:\/\/www.sisinternational.com\/wp-content\/uploads\/2025\/08\/Laboratory-2.jpg 1456w, https:\/\/www.sisinternational.com\/wp-content\/uploads\/2025\/08\/Laboratory-2-300x168.jpg 300w, https:\/\/www.sisinternational.com\/wp-content\/uploads\/2025\/08\/Laboratory-2-1024x574.jpg 1024w, https:\/\/www.sisinternational.com\/wp-content\/uploads\/2025\/08\/Laboratory-2-768x430.jpg 768w, https:\/\/www.sisinternational.com\/wp-content\/uploads\/2025\/08\/Laboratory-2-18x10.jpg 18w\" sizes=\"auto, (max-width: 1456px) 100vw, 1456px\"><\/figure>\n\n\n\n<hr class=\"wp-block-separator has-alpha-channel-opacity is-style-dots\"\/>\n\n\n\n<p><\/p>\n\n\n\n<div class=\"wp-block-columns has-global-color-9-color has-text-color has-background has-link-color wp-elements-f54a1508e066a41dca15d4acf7602df2 is-layout-flex wp-container-core-columns-is-layout-9d6595d7 wp-block-columns-is-layout-flex\" style=\"background-color:#f7f9fa6e\">\n<div class=\"wp-block-column is-layout-flow wp-block-column-is-layout-flow\" style=\"flex-basis:18%\"><\/div>\n\n\n\n<div class=\"wp-block-column is-vertically-aligned-center is-layout-flow wp-block-column-is-layout-flow\" style=\"flex-basis:71.28%\">\n<div class=\"wp-block-rank-math-toc-block aligncenter has-global-color-9-color has-text-color has-link-color wp-elements-d0faee3e07a387f6597a37dc20aa7e41\" style=\"font-size:16px\" id=\"rank-math-toc\"><h2><br><strong>T<\/strong>able of Contents<\/h2><nav><ul><li class=\"\"><a href=\"#labs-and-laboratory-market-research-play-a-vital-role-in-the-progress-of-science\">Les laboratoires et les \u00e9tudes de march\u00e9 en laboratoire jouent un r\u00f4le essentiel dans le progr\u00e8s de la science.<\/a><\/li><li class=\"\"><a href=\"#who-are-laboratory-professionals\">Qui sont les professionnels de laboratoire ?<\/a><\/li><li class=\"\"><a href=\"#why-laboratory-market-research-is-important\">Pourquoi les \u00e9tudes de march\u00e9 en laboratoire sont importantes<\/a><\/li><li class=\"\"><a href=\"#new-technologies\">Nouvelles technologies<\/a><\/li><li class=\"\"><a href=\"#opportunities-and-challenges\">Opportunit\u00e9s et d\u00e9fis<\/a><\/li><li class=\"\"><a href=\"#how-market-research-helps\">Comment les \u00e9tudes de march\u00e9 aident<\/a><\/li><li class=\"\"><a href=\"#what-types-of-insights-can-laboratory-market-research-uncover\">Quels types d\u2019informations les \u00e9tudes de march\u00e9 sur les laboratoires peuvent-elles r\u00e9v\u00e9ler ?<\/a><\/li><\/ul><\/nav><\/div>\n<\/div>\n<\/div>\n\n\n\n<p><\/p>\n\n\n\n<h2 class=\"wp-block-heading p2\" id=\"labs-and-laboratory-market-research-play-a-vital-role-in-the-progress-of-science\">Les laboratoires et les \u00e9tudes de march\u00e9 en laboratoire jouent un r\u00f4le essentiel dans le progr\u00e8s de la science.<\/h2>\n\n\n\n<p class=\"p2\">La plupart des recherches utilis\u00e9es pour cr\u00e9er de nouveaux produits ont lieu ici. Tout d\u2019abord, jetons un coup d\u2019\u0153il aux personnes qui g\u00e8rent et travaillent dans ces laboratoires.<\/p>\n\n\n\n<h2 class=\"wp-block-heading p3\" id=\"who-are-laboratory-professionals\">Qui sont les professionnels de laboratoire ?<\/h2>\n\n\n\n<p class=\"p2\">Les professionnels de laboratoire couvrent un large \u00e9ventail d\u2019emplois dans de nombreux secteurs. Ces personnes jouent un r\u00f4le crucial dans les soins de sant\u00e9. De nombreux emplois sont disponibles dans ce domaine, notamment :<\/p>\n\n\n\n<ul class=\"wp-block-list ul1\">\n<li>Technologues et techniciens de laboratoire,<\/li>\n\n\n\n<li>Techniciens et technologues de laboratoire m\u00e9dical,<\/li>\n\n\n\n<li>Histotechniciens,<\/li>\n\n\n\n<li>Assistants de laboratoire,<\/li>\n\n\n\n<li>Chercheurs de laboratoire clinique,<\/li>\n\n\n\n<li>Analystes de laboratoire,<\/li>\n\n\n\n<li>Chimiste,<\/li>\n\n\n\n<li>Responsables de laboratoire,<\/li>\n\n\n\n<li>Microbiologiste.<\/li>\n<\/ul>\n\n\n\n<p class=\"p2\">La plupart des emplois en laboratoire sont les m\u00eames dans diff\u00e9rents secteurs. Ainsi, les travailleurs de laboratoire poss\u00e8dent souvent de nombreuses comp\u00e9tences qu\u2019ils peuvent transf\u00e9rer.<\/p>\n\n\n\n<h2 class=\"wp-block-heading p3\" id=\"why-laboratory-market-research-is-important\">Pourquoi les \u00e9tudes de march\u00e9 en laboratoire sont importantes<\/h2>\n\n\n\n<figure class=\"gb-block-image gb-block-image-9b37da9d\"><img loading=\"lazy\" decoding=\"async\" width=\"1456\" height=\"816\" class=\"gb-image gb-image-9b37da9d\" src=\"https:\/\/www.sisinternational.com\/wp-content\/uploads\/2025\/08\/Laboratory-4.jpg\" alt=\"\u00c9tudes de march\u00e9 et strat\u00e9gie internationales SIS\" title=\"Laboratory (4)\" srcset=\"https:\/\/www.sisinternational.com\/wp-content\/uploads\/2025\/08\/Laboratory-4.jpg 1456w, https:\/\/www.sisinternational.com\/wp-content\/uploads\/2025\/08\/Laboratory-4-300x168.jpg 300w, https:\/\/www.sisinternational.com\/wp-content\/uploads\/2025\/08\/Laboratory-4-1024x574.jpg 1024w, https:\/\/www.sisinternational.com\/wp-content\/uploads\/2025\/08\/Laboratory-4-768x430.jpg 768w, https:\/\/www.sisinternational.com\/wp-content\/uploads\/2025\/08\/Laboratory-4-18x10.jpg 18w\" sizes=\"auto, (max-width: 1456px) 100vw, 1456px\"><\/figure>\n\n\n\n<p class=\"p2\">Les \u00e9tudes de march\u00e9 en laboratoire sont utiles pour les startups de biotechnologie et de MedTech. Cela leur donne un aper\u00e7u des nombreux moteurs du march\u00e9 qui les aident \u00e0 enrichir leur gamme de produits. Ainsi, les travailleurs de laboratoire peuvent garantir le succ\u00e8s des nouveaux produits d\u00e8s leur entr\u00e9e sur le march\u00e9.<\/p>\n\n\n\n<p class=\"p2\">Lack of laboratory market research can slow the process of developing products. The Covid-19 <a href=\"https:\/\/www.sisinternational.com\/fr\/competence\/les-industries\/etude-de-marche-sur-la-vaccination\/\" title=\"\u00c9tude de march\u00e9 sur la vaccination\"  data-wpil-monitor-id=\"3728\">vaccine succeeded due to market research<\/a>. This research helped provide a constant flow of data. For example, it showed the number of infected persons per country. Along with other stats, this data aided rapid vaccine deployment. Labs were able to scale up the production of the vaccine. Thus, they were able to start giving out vaccines around the world.<\/p>\n\n\n\n<p class=\"p2\">Les \u00e9tudes de march\u00e9 permettent aux entreprises de conna\u00eetre leur march\u00e9 cible. Cette connaissance les aide \u00e0 d\u00e9cider si ce march\u00e9 peut les aider \u00e0 r\u00e9aliser des b\u00e9n\u00e9fices.<\/p>\n\n\n\n<p class=\"p2\">This research can also give details about their rivals. Data on the products made is one example of this. It can also help companies to see the marketing strategies used by their rivals. This <a href=\"https:\/\/www.sisinternational.com\/fr\/couverture\/les-ameriques\/etude-de-marche-en-amerique-latine\/etude-de-marche-au-costa-rica\/\" title=\"Etude de march\u00e9 au Costa Rica\"  data-wpil-monitor-id=\"4941\">recherche<\/a> also helps find gaps in the market. Lab Market Research may even provide an entry point for a startup.<\/p>\n\n\n\n<h2 class=\"wp-block-heading p3\" id=\"new-technologies\">Nouvelles technologies<\/h2>\n\n\n\n<p class=\"p2\">La technologie de laboratoire a connu une croissance et des changements rapides depuis les ann\u00e9es 1980 et contribue aux progr\u00e8s de la m\u00e9decine. Le Covid-19 a acc\u00e9l\u00e9r\u00e9 la technologie m\u00e9dicale.<\/p>\n\n\n\n<ul class=\"wp-block-list\">\n<li>La t\u00e9l\u00e9m\u00e9decine est un exemple de technologie qui a fait un grand pas en avant gr\u00e2ce au COVID-19. Cette cr\u00e9ation fournit des services de sant\u00e9 \u00e0 distance.<\/li>\n\n\n\n<li>En moins d\u2019un an, les soci\u00e9t\u00e9s pharmaceutiques ont livr\u00e9 de nombreux vaccins s\u00fbrs et efficaces contre le Covid-19. Le recours \u00e0 des essais cliniques virtuels a \u00e9galement contribu\u00e9 \u00e0 acc\u00e9l\u00e9rer ce processus.<\/li>\n\n\n\n<li>L\u2019utilisation de l\u2019informatique dans le domaine de la sant\u00e9 a \u00e9galement fait de grands progr\u00e8s. La collecte de donn\u00e9es de sant\u00e9 continue de cro\u00eetre.<\/li>\n\n\n\n<li>La nanom\u00e9decine est \u00e9galement un domaine populaire parmi les travailleurs de laboratoire. Ce type de m\u00e9decine utilise la nanotechnologie pour l\u2019imagerie, la d\u00e9tection et le diagnostic. Lorsqu&#039;il est utilis\u00e9, il cible l&#039;administration de m\u00e9dicaments vers les tumeurs des patients atteints de cancer.<\/li>\n<\/ul>\n\n\n\n<h2 class=\"wp-block-heading p3\" id=\"opportunities-and-challenges\">Opportunit\u00e9s et d\u00e9fis<\/h2>\n\n\n\n<figure class=\"gb-block-image gb-block-image-04d4fb0a\"><img loading=\"lazy\" decoding=\"async\" width=\"1456\" height=\"816\" class=\"gb-image gb-image-04d4fb0a\" src=\"https:\/\/www.sisinternational.com\/wp-content\/uploads\/2025\/08\/Laboratory-1.jpg\" alt=\"\u00c9tudes de march\u00e9 et strat\u00e9gie internationales SIS\" title=\"Laboratory (1)\" srcset=\"https:\/\/www.sisinternational.com\/wp-content\/uploads\/2025\/08\/Laboratory-1.jpg 1456w, https:\/\/www.sisinternational.com\/wp-content\/uploads\/2025\/08\/Laboratory-1-300x168.jpg 300w, https:\/\/www.sisinternational.com\/wp-content\/uploads\/2025\/08\/Laboratory-1-1024x574.jpg 1024w, https:\/\/www.sisinternational.com\/wp-content\/uploads\/2025\/08\/Laboratory-1-768x430.jpg 768w, https:\/\/www.sisinternational.com\/wp-content\/uploads\/2025\/08\/Laboratory-1-18x10.jpg 18w\" sizes=\"auto, (max-width: 1456px) 100vw, 1456px\"><\/figure>\n\n\n\n<p><\/p>\n\n\n\n<p class=\"p2\">Il existe une demande croissante de travailleurs de laboratoire et de nouvelles technologies en raison de l\u2019augmentation des services de sant\u00e9. C\u2019est une chance unique pour les entreprises qui s\u2019aventurent dans ce domaine. Le financement est toujours un probl\u00e8me pour les grandes entreprises. En g\u00e9n\u00e9ral, les laboratoires ont des co\u00fbts de d\u00e9marrage et des co\u00fbts \u00e9lev\u00e9s. L\u2019achat et l\u2019entretien du mat\u00e9riel technique de laboratoire sont \u00e9galement co\u00fbteux. Les \u00e9tudes de march\u00e9 en laboratoire sont confront\u00e9es \u00e0 une forte concurrence en raison de la croissance rapide du secteur.<\/p>\n\n\n\n<h2 class=\"wp-block-heading p3\" id=\"how-market-research-helps\">Comment les \u00e9tudes de march\u00e9 aident<\/h2>\n\n\n\n<p class=\"p2\">Les \u00e9tudes de march\u00e9 constituent la meilleure strat\u00e9gie d\u2019entr\u00e9e sur le march\u00e9 et constituent une information inestimable pour les entreprises et les investisseurs. Cela leur \u00e9vite de gaspiller de grosses sommes d\u2019argent. Cet argent finance la recherche sur la demande pour le produit. Cela d\u00e9termine \u00e9galement l\u2019encombrement des diff\u00e9rents secteurs.<\/p>\n\n\n\n<p><\/p>\n\n\n\n<!DOCTYPE html>\n<html lang=\"en\">\n<head>\n    <meta charset=\"UTF-8\">\n    <meta name=\"viewport\" content=\"width=device-width, initial-scale=1.0\">\n    <title>AI Blog Banner<\/title>\n    <style>\n        * {\n            margin: 0;\n            padding: 0;\n            box-sizing: border-box;\n        }\n\n        .banner {\n            position: relative;\n            width: 100%;\n            height: 350px;\n            overflow: hidden;\n            display: flex;\n            align-items: center;\n            justify-content: center;\n            font-family: 'Arial', sans-serif;\n            border-radius: 25px;\n        }\n\n        .animated-background {\n            position: absolute;\n            top: 0;\n            left: 0;\n            width: 100%;\n            height: 100%;\n            background: linear-gradient(45deg, #003f6b, #2d5a7b, #003f6b, #2d5a7b);\n            background-size: 400% 400%;\n            animation: gradientMove 8s ease-in-out infinite;\n        }\n\n        .ai-pattern {\n            position: absolute;\n            top: 0;\n            left: 0;\n            width: 100%;\n            height: 100%;\n            opacity: 0.1;\n            background-image: \n                radial-gradient(circle at 20% 20%, rgba(255,255,255,0.3) 2px, transparent 2px),\n                radial-gradient(circle at 80% 80%, rgba(255,255,255,0.2) 1px, transparent 1px),\n                radial-gradient(circle at 40% 60%, rgba(255,255,255,0.15) 1.5px, transparent 1.5px),\n                radial-gradient(circle at 60% 20%, rgba(255,255,255,0.25) 1px, transparent 1px),\n                radial-gradient(circle at 80% 40%, rgba(255,255,255,0.2) 2px, transparent 2px);\n            background-size: 100px 100px, 150px 150px, 80px 80px, 120px 120px, 90px 90px;\n            animation: patternFloat 12s linear infinite;\n        }\n\n        .neural-network {\n            position: absolute;\n            top: 0;\n            left: 0;\n            width: 100%;\n            height: 100%;\n            opacity: 0.08;\n        }\n\n        .neural-line {\n            position: absolute;\n            height: 1px;\n            background: linear-gradient(90deg, transparent, rgba(255,255,255,0.5), transparent);\n            animation: neuralPulse 6s ease-in-out infinite;\n        }\n\n        .neural-line:nth-child(1) {\n            top: 30%;\n            left: 0;\n            width: 60%;\n            animation-delay: 0s;\n        }\n\n        .neural-line:nth-child(2) {\n            top: 50%;\n            right: 0;\n            width: 70%;\n            animation-delay: 2s;\n        }\n\n        .neural-line:nth-child(3) {\n            top: 70%;\n            left: 20%;\n            width: 50%;\n            animation-delay: 4s;\n        }\n\n        .content {\n            position: relative;\n            z-index: 10;\n            text-align: center;\n            color: white !important;\n            max-width: 800px;\n            padding: 30px;\n        }\n\n        .content * {\n            color: white !important;\n        }\n\n        .cta-text {\n            font-size: 1.9rem;\n            font-weight: 700;\n            margin-bottom: 15px;\n            color: white !important;\n            background: linear-gradient(90deg, rgba(255,255,255,0.6), rgba(255,255,255,1), rgba(230,230,230,1), rgba(255,255,255,1), rgba(240,240,240,0.8), rgba(255,255,255,0.6));\n            background-size: 200% 100%;\n            -webkit-background-clip: text;\n            -webkit-text-fill-color: transparent;\n            background-clip: text;\n            animation: shineEffect 10s ease-in-out infinite;\n            line-height: 1.3;\n        }\n\n        .cta-subheading {\n            font-size: 1rem;\n            font-weight: 400;\n            margin-bottom: 25px;\n            color: white !important;\n            line-height: 1.6;\n            opacity: 0.95;\n        }\n\n        .cta-button {\n            background: linear-gradient(135deg, #8a6b0f, #bd9013, #d4a519);\n            border: 2px solid #8a6b0f;\n            color: white !important;\n            padding: 18px 40px;\n            font-size: 1.2rem;\n            font-weight: 600;\n            border-radius: 50px;\n            cursor: pointer;\n            transition: all 0.3s ease;\n            text-decoration: none;\n            display: inline-block;\n            position: relative;\n            overflow: hidden;\n        }\n\n        .cta-button::before {\n            content: '';\n            position: absolute;\n            top: 0;\n            left: -100%;\n            width: 100%;\n            height: 100%;\n            background: linear-gradient(90deg, \n                transparent 0%, \n                rgba(255, 255, 255, 0.3) 25%,\n                rgba(255, 255, 255, 0.6) 50%,\n                rgba(255, 255, 255, 0.3) 75%,\n                transparent 100%);\n            animation: shine 3s ease-in-out infinite;\n        }\n\n        .cta-button:hover {\n            transform: translateY(-3px);\n            box-shadow: 0 10px 25px rgba(0,0,0,0.2);\n            border-color: #bd9013;\n            background: linear-gradient(135deg, #bd9013, #d4a519, #e6b61f);\n        }\n\n        .floating-elements {\n            position: absolute;\n            top: 0;\n            left: 0;\n            width: 100%;\n            height: 100%;\n            pointer-events: none;\n        }\n\n        .floating-circle {\n            position: absolute;\n            border-radius: 50%;\n            background: rgba(255,255,255,0.1);\n            animation: float 8s ease-in-out infinite;\n        }\n\n        .floating-circle:nth-child(1) {\n            width: 80px;\n            height: 80px;\n            top: 20%;\n            left: 10%;\n            animation-delay: 0s;\n        }\n\n        .floating-circle:nth-child(2) {\n            width: 60px;\n            height: 60px;\n            top: 60%;\n            right: 15%;\n            animation-delay: 3s;\n        }\n\n        .floating-circle:nth-child(3) {\n            width: 40px;\n            height: 40px;\n            top: 80%;\n            left: 80%;\n            animation-delay: 6s;\n        }\n\n        .floating-circle:nth-child(4) {\n            width: 70px;\n            height: 70px;\n            top: 10%;\n            right: 20%;\n            animation-delay: 1.5s;\n        }\n\n        .floating-circle:nth-child(5) {\n            width: 50px;\n            height: 50px;\n            top: 75%;\n            left: 30%;\n            animation-delay: 4.5s;\n        }\n\n        @keyframes gradientMove {\n            0% { background-position: 0% 50%; }\n            25% { background-position: 100% 50%; }\n            50% { background-position: 100% 100%; }\n            75% { background-position: 0% 100%; }\n            100% { background-position: 0% 50%; }\n        }\n\n        @keyframes patternFloat {\n            0% { transform: translateX(0) translateY(0); }\n            33% { transform: translateX(30px) translateY(-20px); }\n            66% { transform: translateX(-20px) translateY(10px); }\n            100% { transform: translateX(0) translateY(0); }\n        }\n\n        @keyframes neuralPulse {\n            0%, 100% { opacity: 0.08; }\n            50% { opacity: 0.2; }\n        }\n\n        @keyframes shineEffect {\n            0% { background-position: 200% 0; }\n            100% { background-position: -200% 0; }\n        }\n\n        @keyframes shine {\n            0% {\n                left: -100%;\n            }\n            20%, 100% {\n                left: 100%;\n            }\n        }\n\n        @keyframes float {\n            0%, 100% { transform: translateY(0px) rotate(0deg); }\n            33% { transform: translateY(-30px) rotate(120deg); }\n            66% { transform: translateY(15px) rotate(240deg); }\n        }\n\n        @media (max-width: 768px) {\n            .banner {\n                height: 320px;\n                padding: 30px 0;\n            }\n            \n            .content {\n                padding: 40px 20px;\n            }\n            \n            .cta-text {\n                font-size: 1.3rem;\n                margin-bottom: 12px;\n            }\n            \n            .cta-subheading {\n                font-size: 0.85rem;\n                margin-bottom: 20px;\n            }\n            \n            .cta-button {\n                padding: 14px 28px;\n                font-size: 0.95rem;\n            }\n        }\n    <\/style>\n<\/head>\n<body>\n    <div class=\"banner\">\n        <div class=\"animated-background\"><\/div>\n        \n        <div class=\"ai-pattern\"><\/div>\n        \n        <div class=\"neural-network\">\n            <div class=\"neural-line\"><\/div>\n            <div class=\"neural-line\"><\/div>\n            <div class=\"neural-line\"><\/div>\n        <\/div>\n        \n        <div class=\"floating-elements\">\n            <div class=\"floating-circle\"><\/div>\n            <div class=\"floating-circle\"><\/div>\n            <div class=\"floating-circle\"><\/div>\n            <div class=\"floating-circle\"><\/div>\n            <div class=\"floating-circle\"><\/div>\n        <\/div>\n        \n        <div class=\"content\">\n            <div class=\"cta-text\">Ready to explore the insights that drive smarter decisions?<\/div>\n            <div class=\"cta-subheading\">Contact our Research experts today.<\/div>\n            <a href=\"mailto:Research@sisinternational.com\" class=\"cta-button\">Contact us now!<\/a>\n        <\/div>\n    <\/div>\n<\/body>\n<\/html>\n\n\n\n<p><\/p>\n\n\n\n<h2 class=\"wp-block-heading p3\" id=\"what-types-of-insights-can-laboratory-market-research-uncover\">Quels types d\u2019informations les \u00e9tudes de march\u00e9 sur les laboratoires peuvent-elles r\u00e9v\u00e9ler ?<\/h2>\n\n\n\n<p class=\"p2\">Les \u00e9tudes de march\u00e9 permettent de fournir des donn\u00e9es sur les recherches effectu\u00e9es sur les nouveaux produits. De cette fa\u00e7on, une entreprise saura quels produits b\u00e9n\u00e9ficient du plus grand financement en R&amp;D. Ils peuvent \u00e9galement avoir un aper\u00e7u des technologies populaires utilis\u00e9es par les professionnels de laboratoire. Les progr\u00e8s r\u00e9alis\u00e9s sur des sujets de recherche sp\u00e9cifiques dans ce domaine constituent \u00e9galement une base pour des recherches ult\u00e9rieures.<\/p>\n\n\n\n<p class=\"p4\">SIS fournit des informations sur les technologies de laboratoire, avec des recherches quantitatives, qualitatives et strat\u00e9giques. Il propose \u00e9galement des groupes de discussion et m\u00e8ne des entretiens et des enqu\u00eates. Cette recherche est d\u2019une grande aide pour les entreprises de ce secteur. Il analyse le march\u00e9 et aide ces entreprises \u00e0 trouver des points d&#039;entr\u00e9e. Il aide \u00e9galement les entreprises \u00e0 \u00e9laborer des strat\u00e9gies qui leur permettront de tirer profit de ce secteur.<\/p>\n\n\n<h2>Notre emplacement \u00e0 New York<\/h2>\n<p><!-- \/wp:post-content --> <!-- wp:html --> <iframe loading=\"lazy\" src=\"https:\/\/www.google.com\/maps\/embed?pb=!1m18!1m12!1m3!1d3022.976188376966!2d-73.99130312499956!3d40.740549471389315!2m3!1f0!2f0!3f0!3m2!1i1024!2i768!4f13.1!3m3!1m2!1s0x89c259a15798c731%3A0xd695d09bdd495f25!2s11%20E%2022nd%20St%20FL%202%2C%20New%20York%2C%20NY%2010010%2C%20USA!5e0!3m2!1sen!2spe!4v1726171763526!5m2!1sen!2spe\" width=\"600\" height=\"450\" allowfullscreen=\"allowfullscreen\" data-mce-fragment=\"1\"><\/iframe> <!-- \/wp:html --> <!-- wp:paragraph --><\/p>\n<h3 class=\"wp-block-heading\">11 E 22nd Street, \u00e9tage 2, New York, NY 10010 T\u00e9l. : +1(212) 505-6805<\/h3>\n<hr \/>\n<h2><span style=\"font-weight: 400;\">\u00c0 propos de SIS International<\/span><\/h2>\n<p><a href=\"https:\/\/www.sisinternational.com\/fr\/\"><span style=\"font-weight: 400;\">SIS International<\/span><\/a><span style=\"font-weight: 400;\"> propose des recherches quantitatives, qualitatives et strat\u00e9giques. Nous fournissons des donn\u00e9es, des outils, des strat\u00e9gies, des rapports et des informations pour la prise de d\u00e9cision. Nous menons \u00e9galement des entretiens, des enqu\u00eates, des groupes de discussion et d\u2019autres m\u00e9thodes et approches d\u2019\u00e9tudes de march\u00e9.<\/span><a href=\"https:\/\/www.sisinternational.com\/fr\/a-propos-de-la-recherche-internationale-sis\/contact-sis-international-market-research\/\"><span style=\"font-weight: 400;\"> Contactez nous<\/span><\/a><span style=\"font-weight: 400;\"> pour votre prochain projet d&#039;\u00e9tude de march\u00e9.<\/span><\/p>\n<p><!-- wp:heading --><\/p>\n<h2 id=\"about-sis-international\" class=\"wp-block-heading\">\u00a0<\/h2>\n\n<!-- wp:paragraph -->\n<p><\/p>\n<!-- \/wp:paragraph --><!-- \/wp:heading -->","protected":false},"excerpt":{"rendered":"<p>Les \u00e9tudes de march\u00e9 en laboratoire aident les startups de biotechnologies et de technologies m\u00e9dicales \u00e0 se d\u00e9velopper en fournissant des informations sur les moteurs du march\u00e9 et en garantissant le succ\u00e8s des nouveaux produits.<\/p>","protected":false},"author":1,"featured_media":64813,"parent":11294,"menu_order":75,"comment_status":"closed","ping_status":"closed","template":"","meta":{"footnotes":""},"class_list":["post-38696","page","type-page","status-publish","has-post-thumbnail"],"_links":{"self":[{"href":"https:\/\/www.sisinternational.com\/fr\/wp-json\/wp\/v2\/pages\/38696","targetHints":{"allow":["GET"]}}],"collection":[{"href":"https:\/\/www.sisinternational.com\/fr\/wp-json\/wp\/v2\/pages"}],"about":[{"href":"https:\/\/www.sisinternational.com\/fr\/wp-json\/wp\/v2\/types\/page"}],"author":[{"embeddable":true,"href":"https:\/\/www.sisinternational.com\/fr\/wp-json\/wp\/v2\/users\/1"}],"replies":[{"embeddable":true,"href":"https:\/\/www.sisinternational.com\/fr\/wp-json\/wp\/v2\/comments?post=38696"}],"version-history":[{"count":9,"href":"https:\/\/www.sisinternational.com\/fr\/wp-json\/wp\/v2\/pages\/38696\/revisions"}],"predecessor-version":[{"id":78858,"href":"https:\/\/www.sisinternational.com\/fr\/wp-json\/wp\/v2\/pages\/38696\/revisions\/78858"}],"up":[{"embeddable":true,"href":"https:\/\/www.sisinternational.com\/fr\/wp-json\/wp\/v2\/pages\/11294"}],"wp:featuredmedia":[{"embeddable":true,"href":"https:\/\/www.sisinternational.com\/fr\/wp-json\/wp\/v2\/media\/64813"}],"wp:attachment":[{"href":"https:\/\/www.sisinternational.com\/fr\/wp-json\/wp\/v2\/media?parent=38696"}],"curies":[{"name":"wp","href":"https:\/\/api.w.org\/{rel}","templated":true}]}}