{"id":38694,"date":"2021-09-06T04:06:01","date_gmt":"2021-09-06T04:06:01","guid":{"rendered":"https:\/\/www.sisinternational.com\/?page_id=38694"},"modified":"2026-03-05T23:55:21","modified_gmt":"2026-03-06T04:55:21","slug":"etude-de-marche-sur-la-tequila","status":"publish","type":"page","link":"https:\/\/www.sisinternational.com\/fr\/solutions\/test-de-gout\/etude-de-marche-sur-la-tequila\/","title":{"rendered":"\u00c9tude de march\u00e9 sur la t\u00e9quila"},"content":{"rendered":"<h1 class=\"wp-block-heading\">\u00c9tude de march\u00e9 sur la t\u00e9quila<\/h1>\n\n\n\n<figure class=\"gb-block-image gb-block-image-36e530c8\"><img loading=\"lazy\" decoding=\"async\" width=\"1456\" height=\"816\" class=\"gb-image gb-image-36e530c8\" src=\"https:\/\/www.sisinternational.com\/wp-content\/uploads\/2025\/08\/Tequila-5.jpg\" alt=\"\u00c9tudes de march\u00e9 et strat\u00e9gie internationales SIS\" title=\"Tequila (5)\" srcset=\"https:\/\/www.sisinternational.com\/wp-content\/uploads\/2025\/08\/Tequila-5.jpg 1456w, https:\/\/www.sisinternational.com\/wp-content\/uploads\/2025\/08\/Tequila-5-300x168.jpg 300w, https:\/\/www.sisinternational.com\/wp-content\/uploads\/2025\/08\/Tequila-5-1024x574.jpg 1024w, https:\/\/www.sisinternational.com\/wp-content\/uploads\/2025\/08\/Tequila-5-768x430.jpg 768w, https:\/\/www.sisinternational.com\/wp-content\/uploads\/2025\/08\/Tequila-5-18x10.jpg 18w\" sizes=\"auto, (max-width: 1456px) 100vw, 1456px\"><\/figure>\n\n\n\n<p><\/p>\n\n\n\n<hr class=\"wp-block-separator has-alpha-channel-opacity is-style-dots\"\/>\n\n\n\n<h3 class=\"wp-block-heading\"><span style=\"font-weight: 400;\">L\u2019\u00e9tude de march\u00e9 sur la tequila vise \u00e0 identifier les tendances, les opportunit\u00e9s et les d\u00e9fis du march\u00e9 qui peuvent avoir un impact sur les strat\u00e9gies commerciales.<\/span><\/h3>\n\n\n\n<p><span style=\"font-weight: 400;\">Tequila is a beloved spirit enjoyed by millions around the world. However, a complex market landscape behind the scenes dictates production, distribution, and consumption\u2026 That&#8217;s why tequila market research explores what businesses need in this market, who benefits from it, and the opportunities and challenges it presents.&nbsp;<\/span><\/p>\n\n\n\n<h2 class=\"wp-block-heading\"><strong>Qu\u2019est-ce que l\u2019\u00e9tude de march\u00e9 sur la tequila ?<\/strong><\/h2>\n\n\n\n<p><span style=\"font-weight: 400;\">Tequila market research gives businesses insights into consumer preferences, market dynamics, and competitive landscapes. By conducting it, companies can gain a deeper understanding of the tequila market and make informed decisions to drive their success.<\/span><\/p>\n\n\n\n<p><span style=\"font-weight: 400;\">Cette \u00e9tude de march\u00e9 englobe divers aspects tels que l\u2019analyse du comportement des consommateurs, le positionnement de la marque, les strat\u00e9gies de prix et la segmentation du march\u00e9. Cela implique de collecter des donn\u00e9es provenant de plusieurs sources, notamment des enqu\u00eates, des entretiens, des groupes de discussion et des rapports de l&#039;industrie de la tequila.<\/span><\/p>\n\n\n\n<h2 class=\"wp-block-heading\"><strong>Pourquoi les entreprises ont-elles besoin d\u2019une \u00e9tude de march\u00e9 sur la tequila ?<\/strong><\/h2>\n\n\n\n<p><span style=\"font-weight: 400;\">Les \u00e9tudes de march\u00e9 sur la tequila aident les entreprises \u00e0 comprendre les pr\u00e9f\u00e9rences des consommateurs, notamment les profils de saveur, les pr\u00e9f\u00e9rences en mati\u00e8re d&#039;emballage et la fid\u00e9lit\u00e9 \u00e0 la marque. Ces informations sont cruciales pour d\u00e9velopper des produits qui trouvent un \u00e9cho aupr\u00e8s des consommateurs.<\/span><\/p>\n\n\n\n<p><span style=\"font-weight: 400;\">\u00c0 travers<\/span> <span style=\"font-weight: 400;\">Gr\u00e2ce aux \u00e9tudes de march\u00e9, les entreprises peuvent identifier les tendances \u00e9mergentes sur le march\u00e9 de la tequila, telles que la demande croissante de tequila haut de gamme ou la mont\u00e9e en puissance des distilleries artisanales. Il permet aux entreprises d&#039;ajuster leurs strat\u00e9gies pour capitaliser sur ces tendances. De plus<\/span><b>, <\/b><span style=\"font-weight: 400;\">Les \u00e9tudes de march\u00e9 sur la tequila permettent aux entreprises d&#039;analyser les strat\u00e9gies de leurs concurrents, notamment en mati\u00e8re de tarification, de marketing et de distribution.&nbsp;<\/span><\/p>\n\n\n\n<p><span style=\"font-weight: 400;\">Likewise, market research is essential for businesses looking to enter the tequila market or expand into new markets. It helps companies to understand the market landscape, consumer preferences, and regulatory environment, guiding their market entry strategies. In any case, tequila market research offers several key benefits for businesses in the tequila industry:<\/span><\/p>\n\n\n\n<ul class=\"wp-block-list\">\n<li><b>La connaissance des consommateurs<\/b><span style=\"font-weight: 400;\">: Les \u00e9tudes de march\u00e9 fournissent aux entreprises des informations pr\u00e9cieuses sur les pr\u00e9f\u00e9rences des consommateurs, les aidant \u00e0 adapter leurs produits et leurs strat\u00e9gies marketing pour mieux r\u00e9pondre aux besoins des consommateurs.<\/span><\/li>\n\n\n\n<li><b>Avantage comp\u00e9titif<\/b><span style=\"font-weight: 400;\">: En comprenant le paysage du march\u00e9 et les strat\u00e9gies des concurrents, les entreprises peuvent identifier les opportunit\u00e9s de se diff\u00e9rencier et d&#039;acqu\u00e9rir un avantage concurrentiel.<\/span><\/li>\n\n\n\n<li><b>Gestion des risques<\/b><span style=\"font-weight: 400;\">: Market research helps businesses identify potential risks and challenges, allowing them to develop strategies to mitigate and protect their business.<\/span><\/li>\n\n\n\n<li><b>D\u00e9veloppement de produits<\/b><span style=\"font-weight: 400;\">: Market research gives businesses feedback on their products, enabling them to refine their offerings and develop new products that better meet consumer demands.<\/span><\/li>\n\n\n\n<li><b>L&#039;expansion du march\u00e9<\/b><span style=\"font-weight: 400;\">: Pour les entreprises qui cherchent \u00e0 se d\u00e9velopper sur de nouveaux march\u00e9s, les \u00e9tudes de march\u00e9 fournissent des informations pr\u00e9cieuses sur la dynamique du march\u00e9, le comportement des consommateurs et l&#039;environnement r\u00e9glementaire, guidant ainsi leurs strat\u00e9gies d&#039;expansion.<\/span><\/li>\n<\/ul>\n\n\n\n<h2 class=\"wp-block-heading p2\">Que peut r\u00e9v\u00e9ler l\u2019\u00e9tude de march\u00e9 sur la tequila ?<\/h2>\n\n\n\n<figure class=\"gb-block-image gb-block-image-862dd4c9\"><img loading=\"lazy\" decoding=\"async\" width=\"1456\" height=\"816\" class=\"gb-image gb-image-862dd4c9\" src=\"https:\/\/www.sisinternational.com\/wp-content\/uploads\/2025\/08\/Tequila-4.jpg\" alt=\"\u00c9tudes de march\u00e9 et strat\u00e9gie internationales SIS\" title=\"Tequila (4)\" srcset=\"https:\/\/www.sisinternational.com\/wp-content\/uploads\/2025\/08\/Tequila-4.jpg 1456w, https:\/\/www.sisinternational.com\/wp-content\/uploads\/2025\/08\/Tequila-4-300x168.jpg 300w, https:\/\/www.sisinternational.com\/wp-content\/uploads\/2025\/08\/Tequila-4-1024x574.jpg 1024w, https:\/\/www.sisinternational.com\/wp-content\/uploads\/2025\/08\/Tequila-4-768x430.jpg 768w, https:\/\/www.sisinternational.com\/wp-content\/uploads\/2025\/08\/Tequila-4-18x10.jpg 18w\" sizes=\"auto, (max-width: 1456px) 100vw, 1456px\"><\/figure>\n\n\n\n<p><\/p>\n\n\n\n<p class=\"p3\">Market research on tequila can uncover changes in customer tastes, reveal favorite brands, and help launch new products. It can also guide companies to improve their offerings to increase their profits.<\/p>\n\n\n\n<p class=\"p3\">Market research on tequila can also help customers learn about this liquor and guide them to the best buy that may suit their taste.<\/p>\n\n\n\n<p class=\"p4\">Outre les tests de d\u00e9gustation, SIS International propose des recherches quantitatives, qualitatives et strat\u00e9giques. Nous utilisons des groupes de discussion, des entretiens et des enqu\u00eates pour prendre le pouls du march\u00e9. C&#039;est le partenaire id\u00e9al si vous souhaitez explorer le march\u00e9 de la tequila.<\/p>\n\n\n\n<h2 class=\"wp-block-heading\"><strong>Qui utilise les \u00e9tudes de march\u00e9 sur la tequila<\/strong><\/h2>\n\n\n\n<ul class=\"wp-block-list\">\n<li><b>Producteurs de tequila<\/b><span style=\"font-weight: 400;\"> utiliser r\u00e9guli\u00e8rement des \u00e9tudes de march\u00e9 pour comprendre les pr\u00e9f\u00e9rences des consommateurs, d\u00e9velopper de nouveaux produits et cr\u00e9er des strat\u00e9gies de marketing efficaces.<\/span><\/li>\n\n\n\n<li><b>Distributeurs et d\u00e9taillants<\/b><span style=\"font-weight: 400;\"> tirer parti des \u00e9tudes de march\u00e9 pour approvisionner leurs \u00e9tag\u00e8res en marques de tequila qui plaisent \u00e0 leurs clients cibles et garder une longueur d&#039;avance sur les tendances du march\u00e9.<\/span><\/li>\n\n\n\n<li><b>Restaurants et bars<\/b><span style=\"font-weight: 400;\"> rely on <a href=\"https:\/\/www.sisinternational.com\/fr\/competence\/les-industries\/etude-de-marche-sur-les-restaurants-chinois\/\" title=\"\u00c9tude de march\u00e9 sur les restaurants chinois\"  data-wpil-monitor-id=\"3800\">\u00e9tude de march\u00e9 sur la tequila<\/a> to curate their tequila offerings, pricing strategies, and marketing efforts to attract and retain customers.<\/span><\/li>\n<\/ul>\n\n\n\n<h2 class=\"wp-block-heading\"><strong>Quand r\u00e9aliser une \u00e9tude de march\u00e9 sur la tequila<\/strong><\/h2>\n\n\n\n<p><span style=\"font-weight: 400;\">Les \u00e9tudes de march\u00e9 sur la tequila doivent \u00eatre men\u00e9es \u00e0 diff\u00e9rentes \u00e9tapes du cycle de vie d&#039;un produit et en r\u00e9ponse aux besoins sp\u00e9cifiques de l&#039;entreprise. Voici quelques moments critiques pour mener une \u00e9tude de march\u00e9 sur la tequila\u00a0:<\/span><\/p>\n\n\n\n<ul class=\"wp-block-list\">\n<li><b>Avant de lancer un nouveau produit Tequila<\/b><span style=\"font-weight: 400;\">: R\u00e9aliser une \u00e9tude de march\u00e9 avant de lancer un nouveau produit \u00e0 base de tequila peut aider les entreprises \u00e0 comprendre les pr\u00e9f\u00e9rences des consommateurs et la demande du march\u00e9, garantissant ainsi que le produit r\u00e9pond aux besoins des clients.<\/span><\/li>\n\n\n\n<li><b>Lors de l\u2019expansion sur de nouveaux march\u00e9s<\/b><span style=\"font-weight: 400;\">: Market research is essential to understand local consumer preferences, the competitive landscape, and the regulatory environment.<\/span><\/li>\n\n\n\n<li><b>R\u00e9guli\u00e8rement pour rester inform\u00e9<\/b><span style=\"font-weight: 400;\">: Des \u00e9tudes de march\u00e9 r\u00e9guli\u00e8res aident les entreprises \u00e0 rester inform\u00e9es de l&#039;\u00e9volution des pr\u00e9f\u00e9rences des consommateurs, des tendances du march\u00e9 et des strat\u00e9gies des concurrents, leur permettant d&#039;adapter leurs strat\u00e9gies en cons\u00e9quence.<\/span><\/li>\n<\/ul>\n\n\n\n<h2 class=\"wp-block-heading\"><strong>Leading Players in the Tequila Market<\/strong><\/h2>\n\n\n\n<p><span style=\"font-weight: 400;\">Le march\u00e9 de la tequila est domin\u00e9 par plusieurs acteurs cl\u00e9s, notamment\u00a0:<\/span><\/p>\n\n\n\n<ul class=\"wp-block-list\">\n<li><b>Jos\u00e9 Cuervo<\/b><span style=\"font-weight: 400;\">: En tant que l&#039;une des marques de tequila les plus anciennes et les plus connues, Jose Cuervo jouit d&#039;une forte pr\u00e9sence sur le march\u00e9 mondial de la tequila.<\/span><\/li>\n\n\n\n<li><b>M\u00e9c\u00e8ne<\/b><span style=\"font-weight: 400;\">: Connu pour ses offres de tequila haut de gamme, Patr\u00f3n est un acteur important sur le segment haut de gamme du march\u00e9 de la tequila.<\/span><\/li>\n\n\n\n<li><b>Sauza<\/b><span style=\"font-weight: 400;\">: Sauza has a wide range of tequila products and is a prominent player in the mainstream tequila market.<\/span><\/li>\n\n\n\n<li><b>Don Julio<\/b><span style=\"font-weight: 400;\">: Don Julio est connu pour ses produits de tequila de haute qualit\u00e9 et est un choix populaire parmi les amateurs de tequila.<\/span><\/li>\n\n\n\n<li><b>Olm\u00e8que<\/b><span style=\"font-weight: 400;\">: Olmeca propose une gamme de produits \u00e0 base de tequila, dont <\/span><i><span style=\"font-weight: 400;\">blanco, reposado<\/span><\/i><span style=\"font-weight: 400;\">, et <\/span><i><span style=\"font-weight: 400;\">anejo<\/span><\/i><span style=\"font-weight: 400;\"> vari\u00e9t\u00e9s, r\u00e9pondant aux diff\u00e9rentes pr\u00e9f\u00e9rences des consommateurs.<\/span><\/li>\n<\/ul>\n\n\n\n<h2 class=\"wp-block-heading p2\">SIS effectue des tests de go\u00fbt de tequila<\/h2>\n\n\n\n<p class=\"p3\">Les tests de go\u00fbt, qui permettent aux gens d&#039;\u00e9valuer le go\u00fbt d&#039;une boisson, sont devenus populaires. Apprendre le bon test de go\u00fbt peut \u00eatre un excellent moyen d\u2019en apprendre davantage sur la tequila et de l\u2019appr\u00e9cier. Les bars, restaurants et autres entreprises peuvent constater une augmentation du nombre de consommateurs. Tirer le meilleur parti de cette exp\u00e9rience peut avoir un impact positif sur l\u2019industrie de la tequila. SIS International Research effectue des tests de go\u00fbt. Vous pouvez vous associer \u00e0 SIS pour effectuer des tests sur votre lieu de travail.<\/p>\n\n\n\n<h2 class=\"wp-block-heading\"><strong>Opportunit\u00e9s sur le march\u00e9 de la tequila&nbsp;<\/strong><\/h2>\n\n\n\n<figure class=\"gb-block-image gb-block-image-497026b4\"><img loading=\"lazy\" decoding=\"async\" width=\"1456\" height=\"816\" class=\"gb-image gb-image-497026b4\" src=\"https:\/\/www.sisinternational.com\/wp-content\/uploads\/2025\/08\/Tequila-3.jpg\" alt=\"\u00c9tudes de march\u00e9 et strat\u00e9gie internationales SIS\" title=\"Tequila (3)\" srcset=\"https:\/\/www.sisinternational.com\/wp-content\/uploads\/2025\/08\/Tequila-3.jpg 1456w, https:\/\/www.sisinternational.com\/wp-content\/uploads\/2025\/08\/Tequila-3-300x168.jpg 300w, https:\/\/www.sisinternational.com\/wp-content\/uploads\/2025\/08\/Tequila-3-1024x574.jpg 1024w, https:\/\/www.sisinternational.com\/wp-content\/uploads\/2025\/08\/Tequila-3-768x430.jpg 768w, https:\/\/www.sisinternational.com\/wp-content\/uploads\/2025\/08\/Tequila-3-18x10.jpg 18w\" sizes=\"auto, (max-width: 1456px) 100vw, 1456px\"><\/figure>\n\n\n\n<p><\/p>\n\n\n\n<p><span style=\"font-weight: 400;\">Le march\u00e9 de la tequila offre plusieurs opportunit\u00e9s cl\u00e9s pour les entreprises qui cherchent \u00e0 entrer ou \u00e0 \u00e9tendre leur pr\u00e9sence sur le march\u00e9\u00a0:<\/span><\/p>\n\n\n\n<ul class=\"wp-block-list\">\n<li><b>Premiumisation<\/b><span style=\"font-weight: 400;\">: Une demande croissante de produits de tequila haut de gamme et ultra-premium pr\u00e9sente une opportunit\u00e9 pour les entreprises de capitaliser sur cette tendance en proposant des produits de tequila haut de gamme de haute qualit\u00e9.<\/span><\/li>\n\n\n\n<li><b>Tendances en mati\u00e8re de sant\u00e9 et de bien-\u00eatre<\/b><span style=\"font-weight: 400;\">: En mettant de plus en plus l&#039;accent sur la sant\u00e9 et le bien-\u00eatre, les entreprises peuvent d\u00e9velopper des produits \u00e0 base de tequila qui r\u00e9pondent \u00e0 cette tendance, comme des options biologiques ou faibles en calories.<\/span><\/li>\n\n\n\n<li><b>Croissance du commerce \u00e9lectronique<\/b><span style=\"font-weight: 400;\">: L&#039;essor du commerce \u00e9lectronique offre aux entreprises l&#039;opportunit\u00e9 d&#039;atteindre un public plus large de consommateurs, en particulier ceux qui pr\u00e9f\u00e8rent la commodit\u00e9 des achats en ligne pour leurs achats de tequila.<\/span><\/li>\n\n\n\n<li><b>Expansion internationale<\/b><span style=\"font-weight: 400;\">: Tequila&#8217;s popularity is more comprehensive than in Mexico, allowing businesses to expand into global markets where tequila consumption grows.<\/span><\/li>\n\n\n\n<li><b>Innovation et d\u00e9veloppement de nouveaux produits<\/b><span style=\"font-weight: 400;\">: Il existe une opportunit\u00e9 pour les entreprises d&#039;innover et de d\u00e9velopper de nouveaux produits de tequila qui r\u00e9pondent \u00e0 l&#039;\u00e9volution des pr\u00e9f\u00e9rences et des tendances des consommateurs.<\/span><\/li>\n<\/ul>\n\n\n\n<h2 class=\"wp-block-heading\"><strong>Les d\u00e9fis du march\u00e9 de la tequila&nbsp;<\/strong><\/h2>\n\n\n\n<p><span style=\"font-weight: 400;\">Si le march\u00e9 de la tequila pr\u00e9sente plusieurs opportunit\u00e9s, il comporte \u00e9galement son propre ensemble de d\u00e9fis pour les entreprises :<\/span><\/p>\n\n\n\n<ul class=\"wp-block-list\">\n<li><b>Concours<\/b><span style=\"font-weight: 400;\">: Le march\u00e9 de la tequila est tr\u00e8s comp\u00e9titif, avec de nombreuses marques \u00e9tablies se disputant des parts de march\u00e9. Cela peut rendre difficile pour les nouveaux entrants de prendre pied sur le march\u00e9.<\/span><\/li>\n\n\n\n<li><b>Environnement r\u00e9glementaire<\/b><span style=\"font-weight: 400;\">: L&#039;industrie de la tequila est soumise \u00e0 des r\u00e9glementations strictes concernant la production, l&#039;\u00e9tiquetage et les indications g\u00e9ographiques. S\u2019y retrouver dans ces r\u00e9glementations peut s\u2019av\u00e9rer difficile pour les entreprises.<\/span><\/li>\n\n\n\n<li><b>Probl\u00e8mes de cha\u00eene d&#039;approvisionnement<\/b><span style=\"font-weight: 400;\">: Assurer une cha\u00eene d&#039;approvisionnement stable et fiable pour la production de tequila peut \u00eatre un d\u00e9fi, en particulier pour les entreprises qui s&#039;approvisionnent en agave, l&#039;ingr\u00e9dient cl\u00e9.<\/span><\/li>\n\n\n\n<li><b>Changer les pr\u00e9f\u00e9rences des consommateurs<\/b><span style=\"font-weight: 400;\">: Les pr\u00e9f\u00e9rences des consommateurs et les tendances sur le march\u00e9 de la tequila peuvent \u00e9voluer rapidement, ce qui rend difficile pour les entreprises de suivre l&#039;\u00e9volution de la demande.<\/span><\/li>\n\n\n\n<li><b>Marketing et image de marque<\/b><span style=\"font-weight: 400;\">: Commercialiser et promouvoir efficacement les produits \u00e0 base de tequila afin de se d\u00e9marquer sur un march\u00e9 encombr\u00e9 peut s&#039;av\u00e9rer difficile pour les entreprises, en particulier celles dont les ressources sont limit\u00e9es.<\/span><\/li>\n<\/ul>\n\n\n\n<h2 class=\"wp-block-heading\"><strong>What Makes SIS International Research the Top Market Research Firm in the Tequila Market?<\/strong><\/h2>\n\n\n\n<p><a href=\"https:\/\/www.linkedin.com\/company\/sisinternationalresearch\/\" target=\"_blank\" rel=\"noopener\"><span style=\"font-weight: 400;\">SIS International<\/span><\/a> provides actionable insights within the tequila market, helping brands understand consumer preferences, navigate regulatory landscapes, and spot emerging trends in a highly competitive industry. Here\u2019s why SIS International is the top choice for tequila <a href=\"https:\/\/www.linkedin.com\/pulse\/how-market-research-enables-growth-ruth-stanat-phekf\/\" target=\"_blank\" rel=\"noopener\"><span style=\"font-weight: 400;\">\u00e9tude de march\u00e9<\/span><\/a>:<\/p>\n\n\n\n<p><strong>1. Deep Expertise in Tequila Trends<\/strong><br><a href=\"https:\/\/medium.com\/@sisinternational\/sis-international-c17160da8fac\" target=\"_blank\" rel=\"noopener\"><span style=\"font-weight: 400;\">SIS<\/span><\/a> has an in-depth understanding of the tequila market\u2019s unique dynamics, from the premiumization trend and artisanal production methods to the growing demand for sustainable and organic products. This expertise ensures our clients stay ahead of industry shifts and evolving consumer tastes.<\/p>\n\n\n\n<p><strong>2. Insight into Consumer Preferences and Behavior<\/strong><br>We specialize in understanding the nuanced preferences of tequila consumers, such as the rising interest in premium and ultra-premium categories. Our <a href=\"https:\/\/www.sisinternational.com\/fr\/couverture\/les-ameriques\/etude-de-marche-en-amerique-latine\/etude-de-marche-au-costa-rica\/\" title=\"Etude de march\u00e9 au Costa Rica\" data-wpil-monitor-id=\"4945\">recherche<\/a> helps brands tailor their products and marketing to meet the desires of a discerning audience seeking authenticity and quality.<\/p>\n\n\n\n<p><strong>3. Comprehensive Competitive Analysis<\/strong><br>The tequila market is crowded with both legacy brands and new entrants. SIS International provides detailed competitive insights, analyzing key players and their strategies, allowing brands to position themselves strategically in a highly competitive space.<\/p>\n\n\n\n<p><strong>4. Expertise in Regulatory Compliance<\/strong><br>Navigating the tequila industry\u2019s strict regulatory requirements, especially in regions like Mexico, requires precision. SIS International\u2019s expertise ensures that clients comply with local and international standards, from production and labeling to export regulations, minimizing risks and ensuring smooth market entry.<\/p>\n\n\n\n<p><strong>5. Data-Driven Insights on Emerging Market Opportunities<\/strong><br>Our research identifies key growth opportunities, such as expanding tequila\u2019s presence in global markets and capitalizing on trends like tequila-based cocktails and low-sugar options. We empower brands to make strategic, data-driven decisions that align with market demands by pinpointing these opportunities.<\/p>\n\n\n\n<p><strong>6. Global Reach with Regional Insights<\/strong><br>With a global presence, SIS International understands the regional variations in tequila consumption, whether it\u2019s the appreciation for artisanal tequila in the United States or the rising popularity of tequila-based drinks in Europe and Asia. This regional insight enables brands to adapt and thrive in diverse markets.<\/p>\n\n\n\n<p><strong>7. Trusted Partner for Leading Spirits Brands<\/strong><br>SIS International is a trusted advisor to top spirits brands worldwide, known for delivering high-quality, actionable research. Our clients value our commitment to insightful tequila market research, helping them navigate industry complexities and foster sustainable growth.<\/p>\n\n\n\n<h2 class=\"wp-block-heading\"><strong>\u00c0 propos de SIS International<\/strong><\/h2>\n\n\n\n<p class=\"p4\"><a href=\"https:\/\/www.sisinternational.com\/fr\/\"><span style=\"font-weight: 400;\">SIS International<\/span><\/a><span style=\"font-weight: 400;\"> propose des recherches quantitatives, qualitatives et strat\u00e9giques. Nous fournissons des donn\u00e9es, des outils, des strat\u00e9gies, des rapports et des informations pour la prise de d\u00e9cision. Nous menons \u00e9galement des entretiens, des enqu\u00eates, des groupes de discussion et d\u2019autres m\u00e9thodes et approches d\u2019\u00e9tudes de march\u00e9.<\/span><a href=\"https:\/\/www.sisinternational.com\/fr\/a-propos-de-la-recherche-internationale-sis\/contact-sis-international-market-research\/\"><span style=\"font-weight: 400;\"> Contactez nous<\/span><\/a><span style=\"font-weight: 400;\"> pour votre prochain projet d&#039;\u00e9tude de march\u00e9.<\/span><\/p>\n\n\n\n<p><\/p>","protected":false},"excerpt":{"rendered":"<p>Les \u00e9tudes de march\u00e9 sur la tequila d\u00e9couvrent les go\u00fbts des clients, r\u00e9v\u00e8lent les marques pr\u00e9f\u00e9r\u00e9es, guident les lancements de produits et aident les entreprises \u00e0 augmenter leurs b\u00e9n\u00e9fices.<\/p>","protected":false},"author":1,"featured_media":63389,"parent":47794,"menu_order":1,"comment_status":"closed","ping_status":"closed","template":"","meta":{"footnotes":""},"class_list":["post-38694","page","type-page","status-publish","has-post-thumbnail"],"_links":{"self":[{"href":"https:\/\/www.sisinternational.com\/fr\/wp-json\/wp\/v2\/pages\/38694","targetHints":{"allow":["GET"]}}],"collection":[{"href":"https:\/\/www.sisinternational.com\/fr\/wp-json\/wp\/v2\/pages"}],"about":[{"href":"https:\/\/www.sisinternational.com\/fr\/wp-json\/wp\/v2\/types\/page"}],"author":[{"embeddable":true,"href":"https:\/\/www.sisinternational.com\/fr\/wp-json\/wp\/v2\/users\/1"}],"replies":[{"embeddable":true,"href":"https:\/\/www.sisinternational.com\/fr\/wp-json\/wp\/v2\/comments?post=38694"}],"version-history":[{"count":9,"href":"https:\/\/www.sisinternational.com\/fr\/wp-json\/wp\/v2\/pages\/38694\/revisions"}],"predecessor-version":[{"id":78859,"href":"https:\/\/www.sisinternational.com\/fr\/wp-json\/wp\/v2\/pages\/38694\/revisions\/78859"}],"up":[{"embeddable":true,"href":"https:\/\/www.sisinternational.com\/fr\/wp-json\/wp\/v2\/pages\/47794"}],"wp:featuredmedia":[{"embeddable":true,"href":"https:\/\/www.sisinternational.com\/fr\/wp-json\/wp\/v2\/media\/63389"}],"wp:attachment":[{"href":"https:\/\/www.sisinternational.com\/fr\/wp-json\/wp\/v2\/media?parent=38694"}],"curies":[{"name":"wp","href":"https:\/\/api.w.org\/{rel}","templated":true}]}}