{"id":38686,"date":"2021-09-06T03:38:41","date_gmt":"2021-09-06T03:38:41","guid":{"rendered":"https:\/\/www.sisinternational.com\/?page_id=38686"},"modified":"2025-09-15T00:32:35","modified_gmt":"2025-09-15T04:32:35","slug":"etude-de-marche-des-metaux-des-terres-rares","status":"publish","type":"page","link":"https:\/\/www.sisinternational.com\/fr\/competence\/etude-de-marche-des-metaux-des-terres-rares\/","title":{"rendered":"\u00c9tude de march\u00e9 sur les m\u00e9taux des terres rares"},"content":{"rendered":"<h1 class=\"wp-block-heading\">\u00c9tude de march\u00e9 sur les m\u00e9taux des terres rares<\/h1>\n\n\n\n<figure class=\"gb-block-image gb-block-image-aade0851\"><img loading=\"lazy\" decoding=\"async\" width=\"1456\" height=\"816\" class=\"gb-image gb-image-aade0851\" src=\"https:\/\/www.sisinternational.com\/wp-content\/uploads\/2025\/09\/Rare-earth-metal-5.jpg\" alt=\"\u00c9tudes de march\u00e9 et strat\u00e9gie internationales SIS\" title=\"Rare earth metal 5\" srcset=\"https:\/\/www.sisinternational.com\/wp-content\/uploads\/2025\/09\/Rare-earth-metal-5.jpg 1456w, https:\/\/www.sisinternational.com\/wp-content\/uploads\/2025\/09\/Rare-earth-metal-5-300x168.jpg 300w, https:\/\/www.sisinternational.com\/wp-content\/uploads\/2025\/09\/Rare-earth-metal-5-1024x574.jpg 1024w, https:\/\/www.sisinternational.com\/wp-content\/uploads\/2025\/09\/Rare-earth-metal-5-768x430.jpg 768w, https:\/\/www.sisinternational.com\/wp-content\/uploads\/2025\/09\/Rare-earth-metal-5-18x10.jpg 18w\" sizes=\"auto, (max-width: 1456px) 100vw, 1456px\"><\/figure>\n\n\n\n<p><\/p>\n\n\n\n<h2 class=\"wp-block-heading p2\">Que sont les m\u00e9taux des terres rares ?<\/h2>\n\n\n\n<p class=\"p3\">Les m\u00e9taux des terres rares font partie du tableau p\u00e9riodique des \u00e9l\u00e9ments. Les terres rares sont un m\u00e9tal argent\u00e9 trouv\u00e9 dans de minuscules poches incrust\u00e9es dans la roche dure. Il y a dix-sept \u00e9l\u00e9ments diff\u00e9rents :<\/p>\n\n\n\n<ul class=\"wp-block-list\">\n<li>N\u00e9odyme<\/li>\n\n\n\n<li>Samarium<\/li>\n\n\n\n<li>C\u00e9rium<\/li>\n\n\n\n<li>Erbium<\/li>\n\n\n\n<li>Dysprosium<\/li>\n\n\n\n<li>Holmium<\/li>\n\n\n\n<li>Pras\u00e9odyme<\/li>\n\n\n\n<li>Lut\u00e9tium<\/li>\n\n\n\n<li>Gadolinium<\/li>\n\n\n\n<li>Lanthane<\/li>\n\n\n\n<li>Europium<\/li>\n\n\n\n<li>Terbium<\/li>\n\n\n\n<li>Ytterbium<\/li>\n\n\n\n<li>Thulium<\/li>\n\n\n\n<li>Yttrium<\/li>\n\n\n\n<li>Prom\u00e9thium<\/li>\n\n\n\n<li>Scandium<\/li>\n<\/ul>\n\n\n\n<p class=\"p3\">Le plus connu de tous est le n\u00e9odyme car c\u2019est un \u00e9l\u00e9ment magn\u00e9tique puissant. Le n\u00e9odyme a de nombreuses utilisations, des \u00e9oliennes aux moteurs \u00e9lectriques. L\u2019industrie musicale l\u2019associe au samarium pour fabriquer des haut-parleurs et des \u00e9couteurs.<\/p>\n\n\n\n<p class=\"p3\">Les seize autres \u00e9l\u00e9ments sont utiles pour les disques durs et les lasers. Les fabricants les utilisent \u00e9galement pour les transducteurs et les \u00e9quipements de surveillance des catastrophes naturelles.<\/p>\n\n\n\n<h2 class=\"wp-block-heading p2\">Pourquoi les m\u00e9taux et min\u00e9raux rares sont-ils importants ?<\/h2>\n\n\n\n<p class=\"p3\">Les m\u00e9taux et min\u00e9raux rares sont essentiels car toute la vie d\u2019un \u00eatre humain en d\u00e9pend. Les min\u00e9raux de terres rares se trouvent dans tout ce dont nous avons besoin dans notre vie quotidienne, comme les t\u00e9l\u00e9phones et les t\u00e9l\u00e9viseurs. On en trouve \u00e9galement dans les batteries des voitures \u00e9lectriques et les panneaux solaires.<\/p>\n\n\n\n<p class=\"p3\">From wind power to medical imaging tools, these rare earth metals are helpful so we cannot afford to run out of them because the lack of these minerals can put the <a href=\"https:\/\/www.sisinternational.com\/fr\/solutions\/ai-etudes-de-marche-et-conseil-en-strategie\/automatisation-du-bien-etre-et-de-la-sante-conseil-en-intelligence-artificielle\/\" title=\"Automatisation de la sant\u00e9 et du bien-\u00eatre et conseil en IA\"  data-wpil-monitor-id=\"7688\">health and wellness<\/a> of our people at risk.<\/p>\n\n\n\n<p class=\"p3\"><a href=\"https:\/\/www.sisinternational.com\/fr\/competence\/les-industries\/tests-de-recherche-sur-les-soins-de-la-peau\/\" title=\"Recherche et tests sur les soins de la peau\"  data-wpil-monitor-id=\"7685\">Skin cancer care<\/a> medication and lighters all need this type of metal to be effective. Altogether, they make up crucial bits of our LCD screens, smartphones, and laptops. Many of our devices need rare earth metals to operate.<\/p>\n\n\n\n<p class=\"p3\">Also known as Rare Earth Minerals, these metals are essential for technological growth. Yet, they are running out. Therefore, we must sparingly use these metals as means of saving our tech future.<\/p>\n\n\n\n<h2 class=\"wp-block-heading p2\">D\u00e9cideurs de l&#039;industrie<\/h2>\n\n\n\n<p class=\"p3\">La Chine est le principal d\u00e9cideur dans l&#039;industrie des m\u00e9taux des terres rares, car plus de 80 % de tous les m\u00e9taux rares de la plan\u00e8te se trouvent en Chine. Ce pays a stock\u00e9 des terres rares peu demand\u00e9es. Parmi les autres grands producteurs figurent les \u00c9tats-Unis, le Myanmar, l\u2019Australie, Madagascar, l\u2019Inde, la Russie et la Tha\u00eflande.<\/p>\n\n\n\n<h2 class=\"wp-block-heading p2\">Opportunit\u00e9s et d\u00e9fis<\/h2>\n\n\n\n<p class=\"p3\">Les m\u00e9taux des terres rares sont dans la zone rouge. Bient\u00f4t, ils n\u2019existeront peut-\u00eatre plus parce qu\u2019il y aura une plus grande demande pour eux. Plus de 130 000 tonnes de m\u00e9taux des terres rares sont utilis\u00e9es chaque ann\u00e9e, ce qui repr\u00e9sente une quantit\u00e9 importante. Nous br\u00fblons l\u2019approvisionnement. L\u2019exploitation des m\u00e9taux aussi vite que nous en avons besoin d\u00e9truit l\u2019environnement de la Chine.<\/p>\n\n\n\n<p class=\"p3\">Fixing this problem is not as easy as mining elsewhere, which is another story. For example, experts recently come into contact with rare earth minerals on their seabed. It is up to 30 times more concentrated than China\u2019s supply. Japan has a store that will last up to 230 years.<\/p>\n\n\n\n<p class=\"p3\">Le probl\u00e8me de cette d\u00e9couverte est de la r\u00e9cup\u00e9rer l\u00e0 o\u00f9 elle se trouve. Cette r\u00e9serve se trouve dans l&#039;oc\u00e9an, \u00e0 environ 58 cents m\u00e8tres en profondeur. Il n\u2019y a pas eu d\u2019exploitation mini\u00e8re r\u00e9ussie \u00e0 plus de 5 000 m\u00e8tres sous la mer. C\u2019est l\u00e0 qu\u2019interviennent les nouvelles technologies mini\u00e8res.<\/p>\n\n\n\n<h2 class=\"wp-block-heading p2\">Nouvelles technologies dans l\u2019extraction des m\u00e9taux des terres rares<\/h2>\n\n\n\n<figure class=\"gb-block-image gb-block-image-dd59637f\"><img loading=\"lazy\" decoding=\"async\" width=\"1456\" height=\"816\" class=\"gb-image gb-image-dd59637f\" src=\"https:\/\/www.sisinternational.com\/wp-content\/uploads\/2025\/09\/rare-earth-metal-2.jpg\" alt=\"\u00c9tudes de march\u00e9 et strat\u00e9gie internationales SIS\" title=\"rare earth metal (2)\" srcset=\"https:\/\/www.sisinternational.com\/wp-content\/uploads\/2025\/09\/rare-earth-metal-2.jpg 1456w, https:\/\/www.sisinternational.com\/wp-content\/uploads\/2025\/09\/rare-earth-metal-2-300x168.jpg 300w, https:\/\/www.sisinternational.com\/wp-content\/uploads\/2025\/09\/rare-earth-metal-2-1024x574.jpg 1024w, https:\/\/www.sisinternational.com\/wp-content\/uploads\/2025\/09\/rare-earth-metal-2-768x430.jpg 768w, https:\/\/www.sisinternational.com\/wp-content\/uploads\/2025\/09\/rare-earth-metal-2-18x10.jpg 18w\" sizes=\"auto, (max-width: 1456px) 100vw, 1456px\"><\/figure>\n\n\n\n<p><\/p>\n\n\n\n<p class=\"p3\">China uses the conventional open-pit method in the mining of rare-earth metals. Some other countries also use this method of blowing up the large rocks to get the minerals within. There is a demand for a new way of retrieving these minerals, mainly due to the Japanese underwater crisis.<\/p>\n\n\n\n<h2 class=\"wp-block-heading p2\">Importance de l\u2019\u00e9tude de march\u00e9 sur les m\u00e9taux des terres rares<\/h2>\n\n\n\n<p class=\"p3\"><a href=\"https:\/\/www.sisinternational.com\/fr\/competence\/les-industries\/etude-de-marche-sur-les-maladies-rares\/\" title=\"\u00c9tude de march\u00e9 sur les maladies rares\"  data-wpil-monitor-id=\"7687\">Research on Rare<\/a> Earth Metals is a smart move for companies that want to invest in this area. We organize Quantitative, Qualitative, and Strategy Research. We also bring in <a href=\"https:\/\/www.sisinternational.com\/fr\/solutions\/groupes-de-discussion\/focus-group-on-personal-care-products\/\" title=\"Focus Group on Personal Care Products\"  data-wpil-monitor-id=\"7684\">Groupes de discussion<\/a> to help us know the public\u2019s opinion and concerns about the product. It also helps us get an idea of the things we can improve. We <a href=\"https:\/\/www.sisinternational.com\/fr\/how-to-conduct-in-depth-interviews-for-market-insights\/\" title=\"Comment mener des entretiens approfondis pour obtenir des informations sur le march\u00e9\"  data-wpil-monitor-id=\"7689\">conduct Surveys and Interviews<\/a> as well.<\/p>\n\n\n\n<p class=\"p4\">Connecting to decision-makers in the Rare Earth Metal industry is a huge <a href=\"https:\/\/www.sisinternational.com\/fr\/couverture\/etude-de-marche-au-moyen-orient-2\/investment-opportunities-in-neom-real-estate\/\" title=\"Investment Opportunities in NEOM Real Estate\"  data-wpil-monitor-id=\"7686\">opportunity because companies can profit by investing<\/a> money (for example, into the Japan mineral rescue development). The resources of this project can be a worldwide win while being profitable to your company.<\/p>\n\n\n\n<p><\/p>","protected":false},"excerpt":{"rendered":"<p>Une \u00e9tude de march\u00e9 sur les m\u00e9taux des terres rares est un investissement judicieux. SIS utilise diverses m\u00e9thodes de recherche, notamment des groupes de discussion, des enqu\u00eates et des entretiens.<\/p>","protected":false},"author":1,"featured_media":68824,"parent":14514,"menu_order":74,"comment_status":"closed","ping_status":"closed","template":"","meta":{"footnotes":""},"class_list":["post-38686","page","type-page","status-publish","has-post-thumbnail"],"_links":{"self":[{"href":"https:\/\/www.sisinternational.com\/fr\/wp-json\/wp\/v2\/pages\/38686","targetHints":{"allow":["GET"]}}],"collection":[{"href":"https:\/\/www.sisinternational.com\/fr\/wp-json\/wp\/v2\/pages"}],"about":[{"href":"https:\/\/www.sisinternational.com\/fr\/wp-json\/wp\/v2\/types\/page"}],"author":[{"embeddable":true,"href":"https:\/\/www.sisinternational.com\/fr\/wp-json\/wp\/v2\/users\/1"}],"replies":[{"embeddable":true,"href":"https:\/\/www.sisinternational.com\/fr\/wp-json\/wp\/v2\/comments?post=38686"}],"version-history":[{"count":4,"href":"https:\/\/www.sisinternational.com\/fr\/wp-json\/wp\/v2\/pages\/38686\/revisions"}],"predecessor-version":[{"id":81296,"href":"https:\/\/www.sisinternational.com\/fr\/wp-json\/wp\/v2\/pages\/38686\/revisions\/81296"}],"up":[{"embeddable":true,"href":"https:\/\/www.sisinternational.com\/fr\/wp-json\/wp\/v2\/pages\/14514"}],"wp:featuredmedia":[{"embeddable":true,"href":"https:\/\/www.sisinternational.com\/fr\/wp-json\/wp\/v2\/media\/68824"}],"wp:attachment":[{"href":"https:\/\/www.sisinternational.com\/fr\/wp-json\/wp\/v2\/media?parent=38686"}],"curies":[{"name":"wp","href":"https:\/\/api.w.org\/{rel}","templated":true}]}}