{"id":38495,"date":"2021-08-20T17:55:35","date_gmt":"2021-08-20T17:55:35","guid":{"rendered":"https:\/\/www.sisinternational.com\/?page_id=38495"},"modified":"2026-01-26T16:47:55","modified_gmt":"2026-01-26T21:47:55","slug":"etude-de-marche-au-venezuela","status":"publish","type":"page","link":"https:\/\/www.sisinternational.com\/fr\/couverture\/latin-america\/etude-de-marche-en-amerique-latine\/etude-de-marche-au-venezuela\/","title":{"rendered":"\u00c9tude de march\u00e9 au Venezuela"},"content":{"rendered":"<h1 class=\"wp-block-heading\">\u00c9tude de march\u00e9 au Venezuela<\/h1>\n\n\n\n<figure class=\"gb-block-image gb-block-image-8d7b827f\"><img loading=\"lazy\" decoding=\"async\" width=\"1456\" height=\"816\" class=\"gb-image gb-image-8d7b827f\" src=\"https:\/\/www.sisinternational.com\/wp-content\/uploads\/2025\/09\/Venezuela-5.jpg\" alt=\"\u00c9tudes de march\u00e9 et strat\u00e9gie internationales SIS\" title=\"Venezuela (5)\" srcset=\"https:\/\/www.sisinternational.com\/wp-content\/uploads\/2025\/09\/Venezuela-5.jpg 1456w, https:\/\/www.sisinternational.com\/wp-content\/uploads\/2025\/09\/Venezuela-5-300x168.jpg 300w, https:\/\/www.sisinternational.com\/wp-content\/uploads\/2025\/09\/Venezuela-5-1024x574.jpg 1024w, https:\/\/www.sisinternational.com\/wp-content\/uploads\/2025\/09\/Venezuela-5-768x430.jpg 768w, https:\/\/www.sisinternational.com\/wp-content\/uploads\/2025\/09\/Venezuela-5-18x10.jpg 18w\" sizes=\"auto, (max-width: 1456px) 100vw, 1456px\"><\/figure>\n\n\n\n<p><\/p>\n\n\n\n<h2 class=\"wp-block-heading\">Le Venezuela est une escale s\u00e9duisante.<\/h2>\n\n\n\n<p>C&#039;est l&#039;un des plus grands pays du monde, avec environ 32 millions d&#039;habitants. Sa superficie s&#039;\u00e9tend sur 350 000 milles carr\u00e9s et elle est en t\u00eate en termes de paysages et de richesse culturelle. Il poss\u00e8de de superbes cascades, des prairies, des for\u00eats tropicales denses et des plages immacul\u00e9es.<\/p>\n\n\n\n<p>To this day, the culture of the land still reflects the customs of the past. There\u2019s also a hint of the old Spanish along with it. It borders countries such as <a class=\"wpil_keyword_link\" href=\"https:\/\/www.sisinternational.com\/fr\/couverture\/les-ameriques\/etude-de-marche-en-amerique-latine\/etude-de-marche-en-guyane\/\"   title=\"Etude de march\u00e9 en Guyane\" data-wpil-keyword-link=\"linked\"  data-wpil-monitor-id=\"420\">Guyane<\/a>, Colombia, and Brazil. <a href=\"https:\/\/www.sisinternational.com\/fr\/couverture\/les-ameriques\/etude-de-marche-dans-les-caraibes\/etude-de-marche-trinite-tobago\/\" title=\"\u00c9tude de march\u00e9 \u00e0 Trinit\u00e9-et-Tobago\"  data-wpil-monitor-id=\"6204\">Trinidad &amp; Tobago<\/a> is also close by. Other island neighbors include Grenada, Curacao, and Aruba.<\/p>\n\n\n\n<p>Le Venezuela abrite les plus grandes r\u00e9serves de p\u00e9trole de la plan\u00e8te. C&#039;est le premier exportateur mondial de p\u00e9trole. Il figure \u00e9galement parmi les huit principaux fournisseurs de gaz naturel au monde. Sa soci\u00e9t\u00e9 d\u00e9pend grandement des exportations de p\u00e9trole, ce qui lui conf\u00e8re la position qu&#039;elle occupe sur le march\u00e9 mondial. Les exportations de p\u00e9trole repr\u00e9sentent la majeure partie des recettes d&#039;exportation du pays. La terre abrite \u00e9galement d\u2019autres ressources naturelles telles que le fer, l\u2019or, les diamants et d\u2019autres min\u00e9raux. Malgr\u00e9 ces ressources, le pays reste confront\u00e9 \u00e0 de nombreux probl\u00e8mes.<\/p>\n\n\n\n<h2 class=\"wp-block-heading\">Quartiers<\/h2>\n\n\n\n<p>Caracas est la capitale et la plus grande ville avec plus de 4 millions d&#039;habitants. C&#039;est \u00e9galement le centre de la sant\u00e9, de l&#039;\u00e9cole, du gouvernement et de l&#039;industrie. Caracas poss\u00e8de \u00e9galement une importante industrie de services.<\/p>\n\n\n\n<p>Maracaibo est la deuxi\u00e8me plus grande ville avec environ 3 millions d&#039;habitants et le plus grand port maritime. Cette ville est le c\u0153ur de l\u2019industrie p\u00e9troli\u00e8re et ce depuis plusieurs ann\u00e9es.<\/p>\n\n\n\n<p>Valencia City is the primary link between the west terrain and the rest of the country.&nbsp;It also&nbsp;has&nbsp;some of the most fertile lands. It is well known for cattle breeding and growing several crops.<\/p>\n\n\n\n<h2 class=\"wp-block-heading\">Industries cl\u00e9s<\/h2>\n\n\n\n<p>L&#039;agriculture est une industrie cl\u00e9. Les principales cultures produites sont la canne \u00e0 sucre, le riz, le ma\u00efs et le sorgho. Le secteur p\u00e9trochimique conna\u00eet \u00e9galement une croissance rapide.<\/p>\n\n\n\n<p>In addition, there are the gold mining, oil, manufacturing, plastics, and pharmaceuticals industries. The country also produces steel, tobacco products, paper, and textiles.&nbsp;Still other products include cement, food, woven goods, rope, drinks, and soaps.<\/p>\n\n\n\n<p>There are large tracts of untouched arable land and vast bodies of water.&nbsp;Moreover, the country has rich sources of iron ore, gold, natural gas, and various minerals.<\/p>\n\n\n\n<p>There are also plans to revive the production of coffee and cocoa for export. Currently, exports include corn, soybeans, wheat, cotton, and cooking oils.&nbsp;Furthermore, rice, fish, fruits, pork, beef, and coffee are also in demand. The country\u2019s main export partners&nbsp;are China, Brazil, Colombia, Mexico, and the United States.<\/p>\n\n\n\n<h2 class=\"wp-block-heading\">Les tendances<\/h2>\n\n\n\n<p>Les V\u00e9n\u00e9zu\u00e9liens sont tr\u00e8s alphab\u00e9tis\u00e9s. Le pays dispose ainsi d\u2019une main d\u2019\u0153uvre qualifi\u00e9e. Il existe n\u00e9anmoins un large \u00e9cart de revenus entre ses citoyens. Cet \u00e9cart laisse presque tous les habitants sous le seuil de pauvret\u00e9. Les habitants n\u2019ont pas les moyens d\u2019acheter des produits de premi\u00e8re n\u00e9cessit\u00e9. Le pays poss\u00e8de des quartiers chics. Mais il compte \u00e9galement de nombreux bidonvilles pour les personnes qui vivent dans la pauvret\u00e9.<\/p>\n\n\n\n<p>Malgr\u00e9 ces d\u00e9fis sociaux, ce pays a beaucoup de promesses. Par exemple, les investisseurs peuvent envisager d\u2019investir dans la production p\u00e9troli\u00e8re, une industrie en pleine croissance. Les exportations continuent \u00e9galement de cro\u00eetre.<\/p>\n\n\n\n<h2 class=\"wp-block-heading\">Base de consommateurs<\/h2>\n\n\n\n<p>Un pourcentage tr\u00e8s \u00e9lev\u00e9 de citoyens vivent dans les villes. Plus d\u2019un quart de la population a moins de 15 ans. Plus de la moiti\u00e9 a entre 15 et 65 ans. Le citoyen moyen manque d\u2019articles essentiels comme les articles de toilette, la farine et le lait. De nombreux citoyens n\u2019ont pas non plus acc\u00e8s \u00e0 l\u2019eau potable. Les prix ont grimp\u00e9 en fl\u00e8che et devraient encore augmenter.<\/p>\n\n\n\n<p>Pourtant, ce pays a un march\u00e9 de pr\u00e8s de 30 millions de personnes. Il existe un grand potentiel de cr\u00e9ation de coentreprises locales. M\u00eame s\u2019il existe un potentiel, gardez \u00e0 l\u2019esprit que les gens ne peuvent pas se permettre les prix fix\u00e9s par les propri\u00e9taires d\u2019entreprises locales. La plupart des \u00e9piceries ont des \u00e9tag\u00e8res vides en raison du manque de nourriture et de produits de premi\u00e8re n\u00e9cessit\u00e9.<\/p>\n\n\n\n<h2 class=\"wp-block-heading\">Raisons de d\u00e9velopper votre entreprise au Venezuela<\/h2>\n\n\n\n<p>Il existe plusieurs raisons de d\u00e9velopper votre entreprise dans cet \u00e9tat. D&#039;une part, il y a son emplacement. Le Venezuela est facilement accessible via les Cara\u00efbes. Il dispose \u00e9galement de nombreuses autres passerelles.<\/p>\n\n\n\n<p>De plus, les co\u00fbts li\u00e9s aux affaires sont faibles. La main-d\u2019\u0153uvre est un autre incitatif, car les gens sont pr\u00eats \u00e0 travailler pour pouvoir subvenir \u00e0 leurs besoins fondamentaux. La main d\u2019\u0153uvre est donc bon march\u00e9.<\/p>\n\n\n\n<p>En outre, les exportations de p\u00e9trole continuent de s\u2019am\u00e9liorer malgr\u00e9 quelques revers mineurs. Les r\u00e9serves de sables bitumineux, de bitume et de p\u00e9trole brut sont de bonnes options \u00e0 explorer. Le march\u00e9 de l&#039;\u00e9nergie est en croissance, mais le secteur des produits non p\u00e9troliers doit \u00eatre renforc\u00e9. Malgr\u00e9 les d\u00e9fis, les voyages, le tourisme, l\u2019agriculture, l\u2019approvisionnement alimentaire et les technologies de l\u2019information sont d\u2019excellents paris pour les investisseurs.<\/p>\n\n\n\n<h2 class=\"wp-block-heading\">\u00c0 propos des \u00e9tudes de march\u00e9 au Venezuela<\/h2>\n\n\n\n<p>Souhaitez-vous faire des affaires au Venezuela ? La recherche montre plusieurs<br>Les secteurs sont propices \u00e0 l\u2019investissement. Nous proposons des recherches quantitatives et qualitatives sur les secteurs en plein essor. Nous proposons \u00e9galement des recherches strat\u00e9giques. De plus, nous pouvons d\u00e9ployer des groupes de discussion pour tester votre march\u00e9. Nous pouvons \u00e9galement vous aider \u00e0 am\u00e9liorer votre jeu en r\u00e9alisant des enqu\u00eates et des entretiens.<\/p>\n\n\n\n<p><a href=\"https:\/\/www.sisinternational.com\/fr\/a-propos-de-la-recherche-internationale-sis\/contact-sis-international-market-research\/\">Contactez-nous d\u00e8s aujourd&#039;hui pour voir comment nous pouvons vous aider.<\/a><\/p>\n\n\n\n<p><\/p>\n\n\n\n<h2 class=\"wp-block-heading\">&nbsp;<\/h2>","protected":false},"excerpt":{"rendered":"<p>D\u00e9couvrez comment d\u00e9velopper votre entreprise avec Venezuela Market Research.<\/p>","protected":false},"author":1,"featured_media":66384,"parent":14351,"menu_order":18,"comment_status":"closed","ping_status":"closed","template":"","meta":{"footnotes":""},"class_list":["post-38495","page","type-page","status-publish","has-post-thumbnail"],"_links":{"self":[{"href":"https:\/\/www.sisinternational.com\/fr\/wp-json\/wp\/v2\/pages\/38495","targetHints":{"allow":["GET"]}}],"collection":[{"href":"https:\/\/www.sisinternational.com\/fr\/wp-json\/wp\/v2\/pages"}],"about":[{"href":"https:\/\/www.sisinternational.com\/fr\/wp-json\/wp\/v2\/types\/page"}],"author":[{"embeddable":true,"href":"https:\/\/www.sisinternational.com\/fr\/wp-json\/wp\/v2\/users\/1"}],"replies":[{"embeddable":true,"href":"https:\/\/www.sisinternational.com\/fr\/wp-json\/wp\/v2\/comments?post=38495"}],"version-history":[{"count":7,"href":"https:\/\/www.sisinternational.com\/fr\/wp-json\/wp\/v2\/pages\/38495\/revisions"}],"predecessor-version":[{"id":79791,"href":"https:\/\/www.sisinternational.com\/fr\/wp-json\/wp\/v2\/pages\/38495\/revisions\/79791"}],"up":[{"embeddable":true,"href":"https:\/\/www.sisinternational.com\/fr\/wp-json\/wp\/v2\/pages\/14351"}],"wp:featuredmedia":[{"embeddable":true,"href":"https:\/\/www.sisinternational.com\/fr\/wp-json\/wp\/v2\/media\/66384"}],"wp:attachment":[{"href":"https:\/\/www.sisinternational.com\/fr\/wp-json\/wp\/v2\/media?parent=38495"}],"curies":[{"name":"wp","href":"https:\/\/api.w.org\/{rel}","templated":true}]}}