{"id":38487,"date":"2021-08-20T16:35:39","date_gmt":"2021-08-20T16:35:39","guid":{"rendered":"https:\/\/www.sisinternational.com\/?page_id=38487"},"modified":"2025-09-15T01:27:24","modified_gmt":"2025-09-15T05:27:24","slug":"etude-de-marche-uruguay","status":"publish","type":"page","link":"https:\/\/www.sisinternational.com\/fr\/couverture\/latin-america\/etude-de-marche-en-amerique-latine\/etude-de-marche-uruguay\/","title":{"rendered":"\u00c9tude de march\u00e9 en Uruguay"},"content":{"rendered":"<h1 class=\"wp-block-heading\">\u00c9tude de march\u00e9 en Uruguay<\/h1>\n\n\n\n<figure class=\"gb-block-image gb-block-image-4afdc781\"><img loading=\"lazy\" decoding=\"async\" width=\"1456\" height=\"816\" class=\"gb-image gb-image-4afdc781\" src=\"https:\/\/www.sisinternational.com\/wp-content\/uploads\/2025\/09\/Uruguay-1.jpg\" alt=\"\u00c9tudes de march\u00e9 et strat\u00e9gie internationales SIS\" title=\"Uruguay (1)\" srcset=\"https:\/\/www.sisinternational.com\/wp-content\/uploads\/2025\/09\/Uruguay-1.jpg 1456w, https:\/\/www.sisinternational.com\/wp-content\/uploads\/2025\/09\/Uruguay-1-300x168.jpg 300w, https:\/\/www.sisinternational.com\/wp-content\/uploads\/2025\/09\/Uruguay-1-1024x574.jpg 1024w, https:\/\/www.sisinternational.com\/wp-content\/uploads\/2025\/09\/Uruguay-1-768x430.jpg 768w, https:\/\/www.sisinternational.com\/wp-content\/uploads\/2025\/09\/Uruguay-1-18x10.jpg 18w\" sizes=\"auto, (max-width: 1456px) 100vw, 1456px\"><\/figure>\n\n\n\n<p><\/p>\n\n\n\n<h2 class=\"wp-block-heading\">L&#039;Uruguay est petit. En fait, c\u2019est l\u2019un des plus petits pays d\u2019Am\u00e9rique Latine.<\/h2>\n\n\n\n<p>La superficie s\u2019\u00e9tend sur 68 000 miles carr\u00e9s et seulement quatre millions de personnes y vivent. Le pays se situe entre le Br\u00e9sil et l&#039;Argentine. Il y a des collines basses et de belles zones c\u00f4ti\u00e8res. La r\u00e9gion centrale abrite de grands \u00e9levages de b\u00e9tail. Les p\u00e2turages verts offrent de bons p\u00e2turages pour l\u2019\u00e9levage de bovins et de moutons.<\/p>\n\n\n\n<h2 class=\"wp-block-heading\">Quartiers<\/h2>\n\n\n\n<p>Uruguay has three main cities. The capital, Montevideo, is an active, colorful coastal area. An old-world charm blends with the modern. In addition, the <a href=\"https:\/\/www.sisinternational.com\/fr\/solutions\/solutions-de-recherche-qualitative-et-quantitative\/tests-en-emplacements-centraux-a-new-york\/\" title=\"Tests dans les emplacements centraux de la ville de New York\u00a0: avantages pour les tests de produits\"  data-wpil-monitor-id=\"7811\">city is the central<\/a> cultural hub. It has several museums and old churches, which are popular with tourists. Several plazas, piers, restaurants, and green spaces offer shopping, dining, and other fun options.<\/p>\n\n\n\n<p>Salto est plus petite que la capitale. C&#039;est une zone touristique avec beaucoup \u00e0 voir. Salto poss\u00e8de des stations thermales, des campings, des restaurants, des magasins et des stands de vendeurs. Elle poss\u00e8de \u00e9galement plusieurs vignobles, des champs de tomates, d&#039;agrumes, de ma\u00efs, de bl\u00e9 et de lin. en outre, les agriculteurs locaux cultivent des fraises, des graines de tournesol, du ma\u00efs et du bl\u00e9.<\/p>\n\n\n\n<p>Une autre grande ville est Paysand\u00fa, qui est une zone industrielle tr\u00e8s active. Cette ville poss\u00e8de des usines de farine et de textile, des brasseries, des tanneries et des usines de transformation de viande.<\/p>\n\n\n\n<h2 class=\"wp-block-heading\">Les tendances<\/h2>\n\n\n\n<figure class=\"gb-block-image gb-block-image-c7e350aa\"><img loading=\"lazy\" decoding=\"async\" width=\"1456\" height=\"816\" class=\"gb-image gb-image-c7e350aa\" src=\"https:\/\/www.sisinternational.com\/wp-content\/uploads\/2025\/09\/Uruguay-2.jpg\" alt=\"\u00c9tudes de march\u00e9 et strat\u00e9gie internationales SIS\" title=\"Uruguay (2)\" srcset=\"https:\/\/www.sisinternational.com\/wp-content\/uploads\/2025\/09\/Uruguay-2.jpg 1456w, https:\/\/www.sisinternational.com\/wp-content\/uploads\/2025\/09\/Uruguay-2-300x168.jpg 300w, https:\/\/www.sisinternational.com\/wp-content\/uploads\/2025\/09\/Uruguay-2-1024x574.jpg 1024w, https:\/\/www.sisinternational.com\/wp-content\/uploads\/2025\/09\/Uruguay-2-768x430.jpg 768w, https:\/\/www.sisinternational.com\/wp-content\/uploads\/2025\/09\/Uruguay-2-18x10.jpg 18w\" sizes=\"auto, (max-width: 1456px) 100vw, 1456px\"><\/figure>\n\n\n\n<p><\/p>\n\n\n\n<p>L&#039;Uruguay dispose d&#039;une main-d&#039;\u0153uvre bien form\u00e9e et d&#039;un bon syst\u00e8me de sant\u00e9. Environ les deux tiers de la main-d&#039;\u0153uvre travaillent dans le secteur des services. Pourtant, de nombreuses personnes sont sans emploi, en raison du faible nombre d\u2019arriv\u00e9es de touristes et d\u2019une baisse des exportations. Une autre tendance inqui\u00e9tante est le d\u00e9part massif des citoyens du pays.<\/p>\n\n\n\n<p>De plus, le faible taux de natalit\u00e9 signifie que la population vieillit. L&#039;\u00e2ge m\u00e9dian est de 35,8 ans et un quart de la population a entre 15 et 29 ans. Par ailleurs, une main d&#039;\u0153uvre jeune et qualifi\u00e9e est recherch\u00e9e. Malgr\u00e9 ces probl\u00e8mes, les d\u00e9penses personnelles augmentent, ce qui est une bonne nouvelle pour quiconque souhaite y faire des affaires.<\/p>\n\n\n\n<h2 class=\"wp-block-heading\">Industries cl\u00e9s<\/h2>\n\n\n\n<p>L&#039;Uruguay fait partie des principaux producteurs de vin d&#039;Am\u00e9rique latine. A noter \u00e9galement les exportations de b\u0153uf nourri \u00e0 l\u2019herbe, qui continuent d\u2019augmenter. De m\u00eame, les exportations de p\u00eache, de foresterie, de transformation de la viande, de topaze et d\u2019am\u00e9thyste sont florissantes.<\/p>\n\n\n\n<p>Les industries de la maroquinerie de luxe et de la tannerie sont m\u00fbres pour les investissements. L&#039;\u00e9levage de bovins et de moutons, les cultures de fruits, d&#039;agrumes, de ma\u00efs et de riz sont \u00e9galement viables. En outre, le soja, la viande en conserve, les produits laitiers, le poisson, la cellulose, le riz et le bl\u00e9 constituent des exportations cl\u00e9s.<\/p>\n\n\n\n<p>Les principaux partenaires d&#039;exportation de l&#039;Uruguay sont\u00a0:<\/p>\n\n\n\n<ul class=\"wp-block-list\">\n<li>L&#039;UE<\/li>\n\n\n\n<li>Argentine<\/li>\n\n\n\n<li>Les \u00c9tats Unis<\/li>\n\n\n\n<li>Br\u00e9sil<\/li>\n<\/ul>\n\n\n\n<h2 class=\"wp-block-heading\">Base de consommateurs<\/h2>\n\n\n\n<p>L&#039;Uruguay jouit d&#039;un niveau de vie \u00e9lev\u00e9 et de libert\u00e9s sociales. La plupart des gens vivent dans les zones urbaines. Il est possible de d\u00e9velopper des entreprises dans les zones centrales et rurales.<\/p>\n\n\n\n<p>Les produits locaux populaires sont les collations, les cigares, le tabac, les friandises, le vin, le cidre et la bi\u00e8re. Les d\u00e9penses personnelles continuent d\u2019augmenter apr\u00e8s une premi\u00e8re crise. Ainsi, les choses s\u2019am\u00e9liorent dans plusieurs domaines d\u2019activit\u00e9.<\/p>\n\n\n\n<p>Les principales importations comprennent les pi\u00e8ces de v\u00e9hicules, les p\u00e9troles raffin\u00e9s et bruts et les v\u00e9hicules de tourisme. Les t\u00e9l\u00e9phones portables et les insecticides figurent \u00e9galement en bonne place sur la liste.<\/p>\n\n\n\n<p>\u00c0 l&#039;heure actuelle, il est n\u00e9cessaire d&#039;augmenter le volume des eaux us\u00e9es et de g\u00e9rer l&#039;environnement. Le pays a \u00e9galement besoin d\u2019aide dans ses secteurs du b\u00e2timent, de la foresterie et de l\u2019\u00e9nergie.<\/p>\n\n\n\n<h2 class=\"wp-block-heading\">Raisons de d\u00e9velopper votre entreprise en Uruguay<\/h2>\n\n\n\n<p>Uruguay has a thriving wine <a href=\"https:\/\/www.sisinternational.com\/fr\/societe-danalyse-industrielle-de-premier-plan-a-new-york\/\" title=\"Meilleure soci\u00e9t\u00e9 d&#039;analyse industrielle \u00e0 New York\"  data-wpil-monitor-id=\"7810\">industry and is among the top<\/a> five Latam wine producers. Also, the country is among the best places to do business. It is one of the top three emerging Latam giants. In addition, the country ranks very low on the corruption scale.<\/p>\n\n\n\n<p>L&#039;Uruguay a un climat chaud avec des hivers doux. Il offre un bon \u00e9quilibre travail\/vie priv\u00e9e. De plus, le pays est s\u00fbr et dispose d\u2019un gouvernement stable. Elle dispose de bons transports routiers, de services de ferry et de soins de sant\u00e9 bon march\u00e9.<\/p>\n\n\n\n<h2 class=\"wp-block-heading\">\u00c9tude de march\u00e9 en Uruguay<\/h2>\n\n\n\n<p>Uruguay is one of the <a href=\"https:\/\/www.sisinternational.com\/fr\/top-5-benefits-of-qualitative-market-research-for-businesses\/\" title=\"Top 5 Benefits of Qualitative Market Research for Businesses\"  data-wpil-monitor-id=\"7812\">top<\/a> places in Latin America to do business. We offer Qualitative, Quantitative, and Strategy <a href=\"https:\/\/www.sisinternational.com\/fr\/etudes-de-cas\/\" title=\"\u00c9tudes de cas\"  data-wpil-monitor-id=\"7809\">market research studies<\/a> of Uruguay and other countries. We hope that this article will help you to make sound investment decisions.<\/p>\n\n\n\n<h2 class=\"wp-block-heading\">&nbsp;<\/h2>","protected":false},"excerpt":{"rendered":"<p>D\u00e9couvrez comment d\u00e9velopper votre organisation gr\u00e2ce aux \u00e9tudes de march\u00e9 en Uruguay.<\/p>","protected":false},"author":1,"featured_media":66374,"parent":14351,"menu_order":17,"comment_status":"closed","ping_status":"closed","template":"","meta":{"footnotes":""},"class_list":["post-38487","page","type-page","status-publish","has-post-thumbnail"],"_links":{"self":[{"href":"https:\/\/www.sisinternational.com\/fr\/wp-json\/wp\/v2\/pages\/38487","targetHints":{"allow":["GET"]}}],"collection":[{"href":"https:\/\/www.sisinternational.com\/fr\/wp-json\/wp\/v2\/pages"}],"about":[{"href":"https:\/\/www.sisinternational.com\/fr\/wp-json\/wp\/v2\/types\/page"}],"author":[{"embeddable":true,"href":"https:\/\/www.sisinternational.com\/fr\/wp-json\/wp\/v2\/users\/1"}],"replies":[{"embeddable":true,"href":"https:\/\/www.sisinternational.com\/fr\/wp-json\/wp\/v2\/comments?post=38487"}],"version-history":[{"count":4,"href":"https:\/\/www.sisinternational.com\/fr\/wp-json\/wp\/v2\/pages\/38487\/revisions"}],"predecessor-version":[{"id":81318,"href":"https:\/\/www.sisinternational.com\/fr\/wp-json\/wp\/v2\/pages\/38487\/revisions\/81318"}],"up":[{"embeddable":true,"href":"https:\/\/www.sisinternational.com\/fr\/wp-json\/wp\/v2\/pages\/14351"}],"wp:featuredmedia":[{"embeddable":true,"href":"https:\/\/www.sisinternational.com\/fr\/wp-json\/wp\/v2\/media\/66374"}],"wp:attachment":[{"href":"https:\/\/www.sisinternational.com\/fr\/wp-json\/wp\/v2\/media?parent=38487"}],"curies":[{"name":"wp","href":"https:\/\/api.w.org\/{rel}","templated":true}]}}