{"id":38482,"date":"2021-08-20T16:33:18","date_gmt":"2021-08-20T16:33:18","guid":{"rendered":"https:\/\/www.sisinternational.com\/?page_id=38482"},"modified":"2026-01-25T16:55:40","modified_gmt":"2026-01-25T21:55:40","slug":"etude-de-marche-republique-dominicaine","status":"publish","type":"page","link":"https:\/\/www.sisinternational.com\/fr\/couverture\/latin-america\/etude-de-marche-en-amerique-latine\/etude-de-marche-republique-dominicaine\/","title":{"rendered":"Etude de march\u00e9 en R\u00e9publique Dominicaine"},"content":{"rendered":"<h1 class=\"wp-block-heading\">Etude de march\u00e9 en R\u00e9publique Dominicaine<\/h1>\n\n\n\n<figure class=\"gb-block-image gb-block-image-cb40ad49\"><img loading=\"lazy\" decoding=\"async\" width=\"1456\" height=\"816\" class=\"gb-image gb-image-cb40ad49\" src=\"https:\/\/www.sisinternational.com\/wp-content\/uploads\/2025\/09\/Dominican-Republic-3.jpg\" alt=\"\u00c9tudes de march\u00e9 et strat\u00e9gie internationales SIS\" title=\"Dominican Republic (3)\" srcset=\"https:\/\/www.sisinternational.com\/wp-content\/uploads\/2025\/09\/Dominican-Republic-3.jpg 1456w, https:\/\/www.sisinternational.com\/wp-content\/uploads\/2025\/09\/Dominican-Republic-3-300x168.jpg 300w, https:\/\/www.sisinternational.com\/wp-content\/uploads\/2025\/09\/Dominican-Republic-3-1024x574.jpg 1024w, https:\/\/www.sisinternational.com\/wp-content\/uploads\/2025\/09\/Dominican-Republic-3-768x430.jpg 768w, https:\/\/www.sisinternational.com\/wp-content\/uploads\/2025\/09\/Dominican-Republic-3-18x10.jpg 18w\" sizes=\"auto, (max-width: 1456px) 100vw, 1456px\"><\/figure>\n\n\n\n<p><\/p>\n\n\n\n<h2 class=\"wp-block-heading\">La R\u00e9publique Dominicaine, ou DR, se trouve \u00e0 l&#039;est de l&#039;\u00eele d&#039;Hispaniola.<\/h2>\n\n\n\n<p>La nation francophone, Ha\u00efti, se trouve \u00e0 l&#039;ouest.<\/p>\n\n\n\n<h2 class=\"wp-block-heading\">Industries cl\u00e9s<\/h2>\n\n\n\n<p>Des secteurs tels que le tourisme, l\u2019industrie manufacturi\u00e8re, la construction et l\u2019exploitation mini\u00e8re sont les moteurs du march\u00e9.<\/p>\n\n\n\n<p>La R\u00e9publique dominicaine exporte des m\u00e9taux, des min\u00e9raux, du sucre et du tabac. Elle produit et exporte la deuxi\u00e8me plus grande quantit\u00e9 de canne \u00e0 sucre de la r\u00e9gion.<\/p>\n\n\n\n<p>Most exports are to the United States, but other major trade partners are <a href=\"https:\/\/www.sisinternational.com\/fr\/competence\/etude-de-marche-brique\/\" title=\"\u00c9tude de march\u00e9 BRIC (Br\u00e9sil, Russie, Inde et Chine)\"  data-wpil-monitor-id=\"11149\">China and India<\/a>.<\/p>\n\n\n\n<p>Le climat tropical du pays en fait une destination touristique pris\u00e9e, tout comme ses plages de sable blanc et ses magnifiques montagnes. Elle a \u00e9galement une histoire riche.<\/p>\n\n\n\n<p>La R\u00e9publique dominicaine gagne beaucoup d\u2019argent gr\u00e2ce \u00e0 l\u2019exploitation mini\u00e8re, ce qui contribue \u00e0 augmenter son PIB. Elle poss\u00e8de la plus grande mine d\u2019or de la r\u00e9gion de Latam.<\/p>\n\n\n\n<p>The country also has a growing \u201cFree-trade zone.\u201d This area allows the import, production, export, and transport of goods. Custom duties are low here. Within this zone, the <a href=\"https:\/\/www.sisinternational.com\/fr\/solutions\/solutions-de-branding-et-de-recherche-client\/etude-de-marche-sur-les-tests-de-produits\/product-testing-for-consumer-products\/medical-device-product-testing-in-nyc\/\" title=\"Medical Device Product Testing in NYC\"  data-wpil-monitor-id=\"11151\">production of medical<\/a> equipment for export is fast-growing.<\/p>\n\n\n\n<h2 class=\"wp-block-heading\">Quartiers<\/h2>\n\n\n\n<p>Saint-Domingue est la capitale et la plus grande ville. Elle abrite de nombreux monuments religieux. Les petites villes urbaines sont \u00e9galement une caract\u00e9ristique. De grands parcs et espaces verts remplissent la ville.<\/p>\n\n\n\n<p>Une autre ville centrale est Santiago, entour\u00e9e de hautes montagnes et de for\u00eats tropicales denses. Ces fonctionnalit\u00e9s contribuent \u00e0 prot\u00e9ger la ville des ouragans.<\/p>\n\n\n\n<h2 class=\"wp-block-heading\">Les tendances<\/h2>\n\n\n\n<figure class=\"gb-block-image gb-block-image-d851b78f\"><img loading=\"lazy\" decoding=\"async\" width=\"1456\" height=\"816\" class=\"gb-image gb-image-d851b78f\" src=\"https:\/\/www.sisinternational.com\/wp-content\/uploads\/2025\/09\/Dominican-Republic-2.jpg\" alt=\"\u00c9tudes de march\u00e9 et strat\u00e9gie internationales SIS\" title=\"Dominican Republic (2)\" srcset=\"https:\/\/www.sisinternational.com\/wp-content\/uploads\/2025\/09\/Dominican-Republic-2.jpg 1456w, https:\/\/www.sisinternational.com\/wp-content\/uploads\/2025\/09\/Dominican-Republic-2-300x168.jpg 300w, https:\/\/www.sisinternational.com\/wp-content\/uploads\/2025\/09\/Dominican-Republic-2-1024x574.jpg 1024w, https:\/\/www.sisinternational.com\/wp-content\/uploads\/2025\/09\/Dominican-Republic-2-768x430.jpg 768w, https:\/\/www.sisinternational.com\/wp-content\/uploads\/2025\/09\/Dominican-Republic-2-18x10.jpg 18w\" sizes=\"auto, (max-width: 1456px) 100vw, 1456px\"><\/figure>\n\n\n\n<p>S<\/p>\n\n\n\n<p>ectors within the nation continue to grow due to an increase in external demand. As a result, there are more exports of goods and services and all-round growth.<\/p>\n\n\n\n<p>Cette croissance a de nombreux effets positifs, comme l\u2019augmentation des salaires dans les secteurs public et priv\u00e9. Cela cr\u00e9e \u00e9galement plus d\u2019emplois. Les taux de pauvret\u00e9 diminuent et la classe moyenne augmente, tout cela gr\u00e2ce \u00e0 la croissance \u00e9conomique.<\/p>\n\n\n\n<p>Autant de raisons pour lesquelles les investissements priv\u00e9s dans le pays devraient augmenter. Cela profite \u00e0 la fois \u00e0 l\u2019investisseur et \u00e0 la population de la R\u00e9publique dominicaine.<\/p>\n\n\n\n<h2 class=\"wp-block-heading\">Avantages et atouts sur le march\u00e9<\/h2>\n\n\n\n<p>Les taux d\u2019inflation dans le pays sont faibles et stables, ce qui attire d\u2019importantes sommes d\u2019investissements \u00e9trangers.<\/p>\n\n\n\n<p>En outre, l&#039;\u00e9loignement de la R\u00e9publique dominicaine par rapport aux \u00c9tats-Unis pr\u00e9sente des avantages. C&#039;est ferm\u00e9; ainsi, les entreprises peuvent y installer des succursales \u00e9trang\u00e8res.<\/p>\n\n\n\n<p>Le pays est stable. Le PIB augmente et les niveaux de pauvret\u00e9 diminuent, ce qui peut aider les investisseurs. La R\u00e9publique dominicaine a \u00e9galement des accords commerciaux avec de nombreux pays, ce qui lui permet d\u2019exporter davantage.<\/p>\n\n\n\n<p>The people in the DR treat foreign and local investors as equals, which is an added benefit.&nbsp;Furthermore, they use tax incentives and other measures to attract foreign investors. They give these incentives when the investment made can help the country.<\/p>\n\n\n\n<h2 class=\"wp-block-heading\">Base de consommateurs<\/h2>\n\n\n\n<p>\u00c0 l&#039;heure actuelle, la plupart des citoyens vivent en dessous du seuil de pauvret\u00e9.<\/p>\n\n\n\n<p>En raison de la pand\u00e9mie de Covid-19, les consommateurs sont plus prudents dans leurs d\u00e9penses. La bonne vie de famille, la s\u00e9curit\u00e9 et la sant\u00e9 publique sont au centre de leurs pr\u00e9occupations.<\/p>\n\n\n\n<h2 class=\"wp-block-heading\">Raisons de d\u00e9velopper votre entreprise sur le march\u00e9 dominicain<\/h2>\n\n\n\n<p>The DR is an excellent place for foreign investments. It is a central place for <a href=\"https:\/\/www.sisinternational.com\/fr\/solutions\/recherche-de-conseil-en-strategie-fintech\/etude-de-marche-sur-le-trading-algorithmique\/\" title=\"\u00c9tude de march\u00e9 sur le trading algorithmique\"  data-wpil-monitor-id=\"11146\">trade and transport between many large markets<\/a>, including Central, South, and North America.<\/p>\n\n\n\n<p>Les investisseurs peuvent \u00e9galement profiter d\u2019un vaste march\u00e9 du travail. L&#039;\u00e9ducation est gratuite et obligatoire, ce qui permet aux citoyens d&#039;acqu\u00e9rir des comp\u00e9tences et d&#039;ajouter de la valeur \u00e0 l&#039;investisseur. Cela profite aux investisseurs qui peuvent cr\u00e9er des emplois.<\/p>\n\n\n\n<p>En outre, le pays est propice aux entreprises en raison de sa grande taille.<\/p>\n\n\n\n<p>The thriving export <a href=\"https:\/\/www.sisinternational.com\/fr\/solutions\/conseil-en-tourisme-de-voyage-et-en-hotellerie\/etude-de-marche-dune-entreprise-de-guides-touristiques\/\" title=\"\u00c9tude de march\u00e9 sur les soci\u00e9t\u00e9s de guides touristiques\"  data-wpil-monitor-id=\"11147\">market provides an added benefit for companies<\/a>. <a href=\"https:\/\/www.sisinternational.com\/fr\/transporteurs-low-cost-dans-lindustrie-aeronautique\/\" title=\"\u00c9tude de march\u00e9 sur les compagnies a\u00e9riennes \u00e0 bas prix\"  data-wpil-monitor-id=\"11148\">Low operating and labor costs<\/a> allow companies to achieve economies of scale.<\/p>\n\n\n\n<h2 class=\"wp-block-heading\">\u00c0 propos des \u00e9tudes de march\u00e9 en R\u00e9publique Dominicaine<\/h2>\n\n\n\n<p>Businesses must conduct Quantitative, Qualitative, and Strategic <a href=\"https:\/\/www.sisinternational.com\/fr\/couverture\/les-ameriques\/etude-de-marche-dans-les-caraibes\/etude-de-marche-antigua-barbuda\/\" title=\"\u00c9tude de march\u00e9 \u00e0 Antigua-et-Barbuda\"  data-wpil-monitor-id=\"3799\">Research before market<\/a> entry. Such <a href=\"https:\/\/www.sisinternational.com\/fr\/couverture\/leurope-%ef%83%97\/etude-de-marche-liverpool-royaume-uni\/\" title=\"\u00c9tude de march\u00e9 \u00e0 Liverpool | Groupes de discussion et collecte de donn\u00e9es au Royaume-Uni\"  data-wpil-monitor-id=\"11150\">research analyzes current data<\/a>, and this helps investors with decision-making. <a href=\"https:\/\/www.sisinternational.com\/fr\/solutions\/solutions-de-branding-et-de-recherche-client\/etude-de-marche-sur-le-positionnement-de-la-marque\/\" title=\"\u00c9tude de march\u00e9 sur le positionnement de la marque\"  data-wpil-monitor-id=\"11145\">Market Research can have a positive<\/a> impact on your business ventures. Thus, it is essential to conduct <a href=\"https:\/\/www.sisinternational.com\/fr\/competence\/les-industries\/etude-de-marche-geopolitique\/\" title=\"\u00c9tude de march\u00e9 g\u00e9opolitique\"  data-wpil-monitor-id=\"3811\">research before entering the market<\/a>.<\/p>\n\n\n\n<p><\/p>\n\n\n\n<h2 class=\"wp-block-heading\">&nbsp;<\/h2>","protected":false},"excerpt":{"rendered":"<p>D\u00e9couvrez comment d\u00e9velopper votre organisation gr\u00e2ce aux \u00e9tudes de march\u00e9 en R\u00e9publique Dominicaine.<\/p>","protected":false},"author":1,"featured_media":66248,"parent":14351,"menu_order":16,"comment_status":"closed","ping_status":"closed","template":"","meta":{"footnotes":""},"class_list":["post-38482","page","type-page","status-publish","has-post-thumbnail"],"_links":{"self":[{"href":"https:\/\/www.sisinternational.com\/fr\/wp-json\/wp\/v2\/pages\/38482","targetHints":{"allow":["GET"]}}],"collection":[{"href":"https:\/\/www.sisinternational.com\/fr\/wp-json\/wp\/v2\/pages"}],"about":[{"href":"https:\/\/www.sisinternational.com\/fr\/wp-json\/wp\/v2\/types\/page"}],"author":[{"embeddable":true,"href":"https:\/\/www.sisinternational.com\/fr\/wp-json\/wp\/v2\/users\/1"}],"replies":[{"embeddable":true,"href":"https:\/\/www.sisinternational.com\/fr\/wp-json\/wp\/v2\/comments?post=38482"}],"version-history":[{"count":6,"href":"https:\/\/www.sisinternational.com\/fr\/wp-json\/wp\/v2\/pages\/38482\/revisions"}],"predecessor-version":[{"id":81821,"href":"https:\/\/www.sisinternational.com\/fr\/wp-json\/wp\/v2\/pages\/38482\/revisions\/81821"}],"up":[{"embeddable":true,"href":"https:\/\/www.sisinternational.com\/fr\/wp-json\/wp\/v2\/pages\/14351"}],"wp:featuredmedia":[{"embeddable":true,"href":"https:\/\/www.sisinternational.com\/fr\/wp-json\/wp\/v2\/media\/66248"}],"wp:attachment":[{"href":"https:\/\/www.sisinternational.com\/fr\/wp-json\/wp\/v2\/media?parent=38482"}],"curies":[{"name":"wp","href":"https:\/\/api.w.org\/{rel}","templated":true}]}}