{"id":38466,"date":"2021-08-19T16:53:13","date_gmt":"2021-08-19T16:53:13","guid":{"rendered":"https:\/\/www.sisinternational.com\/?page_id=38466"},"modified":"2025-09-15T01:39:47","modified_gmt":"2025-09-15T05:39:47","slug":"etude-de-marche-au-nicaragua","status":"publish","type":"page","link":"https:\/\/www.sisinternational.com\/fr\/couverture\/latin-america\/etude-de-marche-en-amerique-latine\/etude-de-marche-au-nicaragua\/","title":{"rendered":"\u00c9tude de march\u00e9 au Nicaragua"},"content":{"rendered":"<h1 class=\"wp-block-heading\">\u00c9tude de march\u00e9 au Nicaragua<\/h1>\n\n\n\n<figure class=\"gb-block-image gb-block-image-933f39c5\"><img loading=\"lazy\" decoding=\"async\" width=\"1456\" height=\"816\" class=\"gb-image gb-image-933f39c5\" src=\"https:\/\/www.sisinternational.com\/wp-content\/uploads\/2025\/09\/Nicaragua-1.jpg\" alt=\"\u00c9tudes de march\u00e9 et strat\u00e9gie internationales SIS\" title=\"Nicaragua (1)\" srcset=\"https:\/\/www.sisinternational.com\/wp-content\/uploads\/2025\/09\/Nicaragua-1.jpg 1456w, https:\/\/www.sisinternational.com\/wp-content\/uploads\/2025\/09\/Nicaragua-1-300x168.jpg 300w, https:\/\/www.sisinternational.com\/wp-content\/uploads\/2025\/09\/Nicaragua-1-1024x574.jpg 1024w, https:\/\/www.sisinternational.com\/wp-content\/uploads\/2025\/09\/Nicaragua-1-768x430.jpg 768w, https:\/\/www.sisinternational.com\/wp-content\/uploads\/2025\/09\/Nicaragua-1-18x10.jpg 18w\" sizes=\"auto, (max-width: 1456px) 100vw, 1456px\"><\/figure>\n\n\n\n<p><\/p>\n\n\n\n<h2 class=\"wp-block-heading\">Le Nicaragua est l&#039;un des plus grands pays d&#039;Am\u00e9rique Latine.<\/h2>\n\n\n\n<p>Il partage des fronti\u00e8res avec le Honduras au nord et le Costa Rica au sud. De plus, elle poss\u00e8de deux tr\u00e8s longues c\u00f4tes.<\/p>\n\n\n\n<p>Le climat est frais \u00e0 l\u2019est et beaucoup plus humide qu\u2019\u00e0 l\u2019ouest.<\/p>\n\n\n\n<p>La langue officielle est l&#039;espagnol. De nombreux artistes et \u00e9crivains ont \u00e9lu domicile dans ce pays.<\/p>\n\n\n\n<p>Pr\u00e8s de la moiti\u00e9 de la population est catholique. Un autre tiers est protestant. Ensuite, il y a un petit nombre de juifs et de musulmans.<\/p>\n\n\n\n<p>La principale f\u00eate religieuse est La Pur\u00edsima, un \u00e9v\u00e9nement d&#039;une semaine d\u00e9but d\u00e9cembre. Il c\u00e9l\u00e8bre l&#039;Immacul\u00e9e Conception. \u00c0 cette \u00e9poque, les maisons et les lieux de travail affichent souvent des autels orn\u00e9s d\u00e9di\u00e9s \u00e0 la Vierge Marie.<\/p>\n\n\n\n<h2 class=\"wp-block-heading\">Industries cl\u00e9s<\/h2>\n\n\n\n<p>Farming and <a href=\"https:\/\/www.sisinternational.com\/fr\/solutions\/ai-etudes-de-marche-et-conseil-en-strategie\/adoption-de-lia-voyage-hotellerie-conseil-en-industrie-du-tourisme\/\" title=\"Adoption de l&#039;IA dans le conseil dans l&#039;industrie du voyage, de l&#039;h\u00f4tellerie et du tourisme\"  data-wpil-monitor-id=\"7799\">tourism are two powerful industries<\/a> in this country. In fact, farmers produce bananas, rice, sugar cane, beans, beef, poultry, coffee, cotton, and timber.<\/p>\n\n\n\n<p>Then there\u2019s the service sector, which employs around half of the labor force.&nbsp;This sector includes many services, for example<\/p>\n\n\n\n<ul class=\"wp-block-list\">\n<li>transports, commerce, services bancaires<\/li>\n\n\n\n<li>les arts, la sant\u00e9 et l&#039;\u00e9ducation<\/li>\n\n\n\n<li><a href=\"https:\/\/www.sisinternational.com\/fr\/solutions\/conseil-en-tourisme-de-voyage-et-en-hotellerie\/conseil-en-marketing-pour-la-restauration-hoteliere\/\" title=\"Conseil en marketing h\u00f4telier et restaurant\"  data-wpil-monitor-id=\"7801\">restaurants et h\u00f4tels<\/a><\/li>\n<\/ul>\n\n\n\n<p>Le tourisme est le moteur de ce secteur et de bien d\u2019autres. En fait, le tourisme est essentiel. De plus, le Los Angeles Times qualifie la nation de \u00ab paradis tropical \u00bb. Elle compte de nombreux sites touristiques, notamment :<\/p>\n\n\n\n<ul class=\"wp-block-list\">\n<li>des plages,<\/li>\n\n\n\n<li>des routes panoramiques,<\/li>\n\n\n\n<li>De belles villes comme Le\u00f3n et Grenade<\/li>\n<\/ul>\n\n\n\n<p>Les touristes peuvent faire de la randonn\u00e9e, du kayak, du tourisme, de l&#039;escalade, du camping et de la natation. La culture, la nature et l\u2019aventure sont des arguments de vente cl\u00e9s. Le volcan Masaya est un autre lieu touristique populaire.<\/p>\n\n\n\n<p>L&#039;\u00e9cotourisme est un autre argument de vente, et c&#039;est un pays avec une flore et une faune diversifi\u00e9es. Par exemple, les touristes peuvent visiter :<\/p>\n\n\n\n<ul class=\"wp-block-list\">\n<li>La r\u00e9serve naturelle du Charco Verde,<\/li>\n\n\n\n<li>Bosawas, l&#039;une des plus grandes for\u00eats tropicales d&#039;Am\u00e9rique latine<\/li>\n\n\n\n<li>Lac Nicaragua<\/li>\n<\/ul>\n\n\n\n<p>Le pays compte 78 zones prot\u00e9g\u00e9es. Ceux-ci couvrent un cinqui\u00e8me du pays.<\/p>\n\n\n\n<p>Farmers profit from <a href=\"https:\/\/www.sisinternational.com\/fr\/solutions\/conseil-en-tourisme-de-voyage-et-en-hotellerie\/\" title=\"Conseil en voyages, tourisme et h\u00f4tellerie\"  data-wpil-monitor-id=\"7794\">tourism by letting travelers<\/a> visit their coffee farms. There, they can learn about making coffee, stay overnight, and explore with a guide.<\/p>\n\n\n\n<p>Parmi les autres industries remarquables figurent\u00a0:<\/p>\n\n\n\n<ul class=\"wp-block-list\">\n<li>Textiles : tissus tricot\u00e9s et tiss\u00e9s, chaussures.<\/li>\n\n\n\n<li>Ciment, produits chimiques, raffinage du p\u00e9trole, machines et produits m\u00e9talliques<\/li>\n\n\n\n<li>Boissons, transformation des aliments<\/li>\n\n\n\n<li>Mines \u2013 cuivre, argent et or<\/li>\n<\/ul>\n\n\n\n<h2 class=\"wp-block-heading\">Quartiers<\/h2>\n\n\n\n<p>Environ les trois cinqui\u00e8mes de la population vivent en ville. La capitale est Managua, qui est la plus grande ville du pays. D&#039;autres zones urbaines notables sont Grenade, Le\u00f3n, Matagalpa et Bluefields. La plupart des villes et des industries se trouvent \u00e0 l\u2019ouest, tout comme la plupart des habitants.<\/p>\n\n\n\n<p>Ceux de l\u2019Est, en revanche, cultivent, \u00e9l\u00e8vent du b\u00e9tail et exploitent les ressources en bois.<\/p>\n\n\n\n<h2 class=\"wp-block-heading\">Les tendances<\/h2>\n\n\n\n<figure class=\"gb-block-image gb-block-image-99378de4\"><img loading=\"lazy\" decoding=\"async\" width=\"1456\" height=\"816\" class=\"gb-image gb-image-99378de4\" src=\"https:\/\/www.sisinternational.com\/wp-content\/uploads\/2025\/09\/Nicaragua-2.jpg\" alt=\"\u00c9tudes de march\u00e9 et strat\u00e9gie internationales SIS\" title=\"Nicaragua (2)\" srcset=\"https:\/\/www.sisinternational.com\/wp-content\/uploads\/2025\/09\/Nicaragua-2.jpg 1456w, https:\/\/www.sisinternational.com\/wp-content\/uploads\/2025\/09\/Nicaragua-2-300x168.jpg 300w, https:\/\/www.sisinternational.com\/wp-content\/uploads\/2025\/09\/Nicaragua-2-1024x574.jpg 1024w, https:\/\/www.sisinternational.com\/wp-content\/uploads\/2025\/09\/Nicaragua-2-768x430.jpg 768w, https:\/\/www.sisinternational.com\/wp-content\/uploads\/2025\/09\/Nicaragua-2-18x10.jpg 18w\" sizes=\"auto, (max-width: 1456px) 100vw, 1456px\"><\/figure>\n\n\n\n<p><\/p>\n\n\n\n<p>La r\u00e9ponse du pays \u00e0 la pand\u00e9mie de COVID-19 a \u00e9t\u00e9 laxiste. Il s\u2019est prononc\u00e9 contre les mesures de confinement et les politiques de tests strictes des autres pays. En cons\u00e9quence, un journal am\u00e9ricain l\u2019a qualifi\u00e9 de \u00ab gouvernement dans le d\u00e9ni \u00bb et le D\u00e9partement d\u2019\u00c9tat am\u00e9ricain a mis en garde contre les voyages.<\/p>\n\n\n\n<p>Pourtant, les confinements mondiaux ont nui au pays. Il en a \u00e9t\u00e9 de m\u00eame pour les ouragans Eta et Iota. Ainsi, le commerce et le tourisme ont diminu\u00e9.<\/p>\n\n\n\n<p>Les experts s\u2019attendent \u00e0 une reprise prochaine de l\u2019\u00e9conomie.<\/p>\n\n\n\n<h2 class=\"wp-block-heading\">Avantages et atouts du march\u00e9<\/h2>\n\n\n\n<p>This is a very promising Latam country, even though it\u2019s one of the least developed. For one thing, it has strong ties with the United States. It has also signed free trade agreements with large <a href=\"https:\/\/www.sisinternational.com\/fr\/couverture\/les-ameriques\/couverture-des-etats-unis\/\" title=\"Etude de march\u00e9 aux \u00c9tats-Unis\"  data-wpil-monitor-id=\"7791\">markets such as the United States<\/a>, Taiwan, and others.<\/p>\n\n\n\n<p>Deuxi\u00e8mement, il offre un bon climat d\u2019affaires aux locaux et aux investisseurs potentiels.<\/p>\n\n\n\n<p>It is the <a href=\"https:\/\/www.sisinternational.com\/fr\/solutions\/solutions-de-branding-et-de-recherche-client\/etude-de-marche-sur-les-tests-de-produits\/entreprise-de-test-de-localisation-centrale-de-premier-plan\/\" title=\"Meilleure entreprise de test de localisation centrale\"  data-wpil-monitor-id=\"7787\">top location in Central<\/a> America for starting or closing a business and investor protection. It also ranks high for ease of doing business, and it\u2019s easy to register a business and pay taxes.<\/p>\n\n\n\n<h2 class=\"wp-block-heading\">Base de consommateurs<\/h2>\n\n\n\n<p>Ce pays abrite plus de six millions d&#039;habitants. Beaucoup d&#039;entre eux sont des M\u00e9tis, un m\u00e9lange de blancs et d&#039;indig\u00e8nes. La ville la plus peupl\u00e9e est la capitale, Managua.<\/p>\n\n\n\n<p>Many of the country\u2019s nationals are living abroad. Thus there is a high foreign remittance rate.&nbsp;Sadly, the global lockdowns caused a marked decrease in money sent home by those living abroad.<\/p>\n\n\n\n<p>Les neuf dixi\u00e8mes de la population vivent dans les basses terres du Pacifique occidental et dans les hautes terres voisines. D&#039;autres vivent dans les r\u00e9gions du Pacifique, du Centre et du Nord. La r\u00e9gion des Cara\u00efbes orientales repr\u00e9sente le dixi\u00e8me restant.<\/p>\n\n\n\n<p>Le pays compte une population jeune, dont beaucoup ont moins de 15 ans.<\/p>\n\n\n\n<h2 class=\"wp-block-heading\">Pourquoi d\u00e9velopper votre entreprise sur le march\u00e9 nicaraguayen<\/h2>\n\n\n\n<p>C&#039;est le pays d&#039;Am\u00e9rique latine avec le taux de criminalit\u00e9 le plus bas, comme l&#039;indiquent Interpol et de nombreuses autres sources.<\/p>\n\n\n\n<p>En outre, il propose de nombreuses incitations pour d\u00e9marrer et fermer une entreprise, et offre \u00e9galement une protection aux investisseurs. Le pays excelle dans sa capacit\u00e9 \u00e0 importer et exporter. Il obtient \u00e9galement de bons r\u00e9sultats en mati\u00e8re de mesures d&#039;acquisition de propri\u00e9t\u00e9 et de paiement des imp\u00f4ts.<\/p>\n\n\n\n<h2 class=\"wp-block-heading\">\u00c0 propos des \u00e9tudes de march\u00e9 au Nicaragua<\/h2>\n\n\n\n<p><a href=\"https:\/\/www.sisinternational.com\/fr\/solutions\/solutions-de-recherche-qualitative-et-quantitative\/recherche-qualitative-recrutement\/\" title=\"Recrutement en recherche qualitative\"  data-wpil-monitor-id=\"7796\">Qualitative and Quantitative research<\/a> can shed insights for your investment. So can Strategy Research. We also offer Surveys, Interviews, and Focus Groups. Contact us today to find out how we can help your business venture.<\/p>\n\n\n\n<p><\/p>","protected":false},"excerpt":{"rendered":"<p>D\u00e9couvrez comment d\u00e9velopper votre organisation gr\u00e2ce aux \u00e9tudes de march\u00e9 au Nicaragua.<\/p>","protected":false},"author":1,"featured_media":66327,"parent":14351,"menu_order":12,"comment_status":"closed","ping_status":"closed","template":"","meta":{"footnotes":""},"class_list":["post-38466","page","type-page","status-publish","has-post-thumbnail"],"_links":{"self":[{"href":"https:\/\/www.sisinternational.com\/fr\/wp-json\/wp\/v2\/pages\/38466","targetHints":{"allow":["GET"]}}],"collection":[{"href":"https:\/\/www.sisinternational.com\/fr\/wp-json\/wp\/v2\/pages"}],"about":[{"href":"https:\/\/www.sisinternational.com\/fr\/wp-json\/wp\/v2\/types\/page"}],"author":[{"embeddable":true,"href":"https:\/\/www.sisinternational.com\/fr\/wp-json\/wp\/v2\/users\/1"}],"replies":[{"embeddable":true,"href":"https:\/\/www.sisinternational.com\/fr\/wp-json\/wp\/v2\/comments?post=38466"}],"version-history":[{"count":4,"href":"https:\/\/www.sisinternational.com\/fr\/wp-json\/wp\/v2\/pages\/38466\/revisions"}],"predecessor-version":[{"id":81316,"href":"https:\/\/www.sisinternational.com\/fr\/wp-json\/wp\/v2\/pages\/38466\/revisions\/81316"}],"up":[{"embeddable":true,"href":"https:\/\/www.sisinternational.com\/fr\/wp-json\/wp\/v2\/pages\/14351"}],"wp:featuredmedia":[{"embeddable":true,"href":"https:\/\/www.sisinternational.com\/fr\/wp-json\/wp\/v2\/media\/66327"}],"wp:attachment":[{"href":"https:\/\/www.sisinternational.com\/fr\/wp-json\/wp\/v2\/media?parent=38466"}],"curies":[{"name":"wp","href":"https:\/\/api.w.org\/{rel}","templated":true}]}}