{"id":38458,"date":"2021-08-19T13:14:11","date_gmt":"2021-08-19T13:14:11","guid":{"rendered":"https:\/\/www.sisinternational.com\/?page_id=38458"},"modified":"2025-09-14T18:58:14","modified_gmt":"2025-09-14T22:58:14","slug":"etude-de-marche-honduras","status":"publish","type":"page","link":"https:\/\/www.sisinternational.com\/fr\/couverture\/latin-america\/etude-de-marche-en-amerique-latine\/etude-de-marche-honduras\/","title":{"rendered":"\u00c9tude de march\u00e9 au Honduras"},"content":{"rendered":"<h1 class=\"wp-block-heading\">\u00c9tude de march\u00e9 au Honduras<\/h1>\n\n\n\n<figure class=\"gb-block-image gb-block-image-85a8f18c\"><img loading=\"lazy\" decoding=\"async\" width=\"1456\" height=\"816\" class=\"gb-image gb-image-85a8f18c\" src=\"https:\/\/www.sisinternational.com\/wp-content\/uploads\/2025\/09\/Honduras-1.jpg\" alt=\"\u00c9tudes de march\u00e9 et strat\u00e9gie internationales SIS\" title=\"Honduras (1)\" srcset=\"https:\/\/www.sisinternational.com\/wp-content\/uploads\/2025\/09\/Honduras-1.jpg 1456w, https:\/\/www.sisinternational.com\/wp-content\/uploads\/2025\/09\/Honduras-1-300x168.jpg 300w, https:\/\/www.sisinternational.com\/wp-content\/uploads\/2025\/09\/Honduras-1-1024x574.jpg 1024w, https:\/\/www.sisinternational.com\/wp-content\/uploads\/2025\/09\/Honduras-1-768x430.jpg 768w, https:\/\/www.sisinternational.com\/wp-content\/uploads\/2025\/09\/Honduras-1-18x10.jpg 18w\" sizes=\"auto, (max-width: 1456px) 100vw, 1456px\"><\/figure>\n\n\n\n<p><\/p>\n\n\n\n<h2 class=\"wp-block-heading\">Quartiers<\/h2>\n\n\n\n<p>Le Honduras se situe en Am\u00e9rique centrale, entre le Salvador et le Guatemala. Le Nicaragua est plus au sud-est. Fondamentalement, le pays compte 18 d\u00e9partements ou \u00c9tats. La capitale, \u00ab Tegucigalpa \u00bb, est aussi un d\u00e9partement.<\/p>\n\n\n\n<p>La capitale du Honduras est l&#039;une des principales villes pauvres. De nombreuses personnes vivant dans les zones rurales sont \u00e9galement confront\u00e9es \u00e0 une pauvret\u00e9 extr\u00eame. Malgr\u00e9 cela, le pays a encore des lueurs d\u2019espoir. Les exportations sont sup\u00e9rieures aux importations car l\u2019agriculture est un secteur important.<\/p>\n\n\n\n<p>Il existe certains domaines o\u00f9 se d\u00e9roulent la plupart des transactions commerciales. Un autre point cl\u00e9 est que, depuis 2013, le Honduras a d\u00e9velopp\u00e9 une nouvelle division de zone \u00e9conomique. En fait, gr\u00e2ce \u00e0 ce syst\u00e8me, la plupart des villes sont devenues autonomes. Ce syst\u00e8me est solide car il peut augmenter les revenus, mais il est mauvais en raison des risques \u00e9lev\u00e9s qui l&#039;accompagnent. Amalia a \u00e9t\u00e9 le premier quartier \u00e0 \u00eatre une zone franche. Elle peut mener ses activit\u00e9s avec une certaine forme d\u2019autonomie gouvernementale.<\/p>\n\n\n\n<h2 class=\"wp-block-heading\">Les tendances<\/h2>\n\n\n\n<p>Le pays compte quatre a\u00e9roports. Le plus populaire est \u00ab Ramon Villeda Morales \u00bb, qui ne se trouve pas dans la capitale, mais dans un quartier appel\u00e9 San Pedro Sula. Un autre a\u00e9roport du Honduras est r\u00e9put\u00e9 pour \u00eatre le deuxi\u00e8me plus dangereux au monde. Il est courant de voir des gens prier \u00e0 l&#039;atterrissage.<\/p>\n\n\n\n<p>L&#039;espagnol est la langue principale du Honduras. La diversit\u00e9 de sa population est ce qui rend le pays si formidable. La ruine maya de Copan et le temple Rosalia sont parmi les sites les plus courants. Les escaliers sculpt\u00e9s et l&#039;aspect ancien sont l&#039;une des meilleures attractions touristiques.<\/p>\n\n\n\n<p>Le Honduras poss\u00e8de certains des animaux les plus exotiques puisque ses citoyens sont fiers de les conserver. Il poss\u00e8de \u00e9galement une r\u00e9serve foresti\u00e8re qui contribue \u00e0 la protection des arbres et des animaux rares.<\/p>\n\n\n\n<p>Le Honduras est entour\u00e9 d\u2019une vingtaine d\u2019\u00eeles, dont la plupart se trouvent dans la mer des Cara\u00efbes. Le plus connu est \u00ab Bonacca Cay \u00bb. C&#039;est l&#039;\u00eele la plus peupl\u00e9e du Honduras.<\/p>\n\n\n\n<p>Le pays a la r\u00e9putation d&#039;\u00eatre dangereux car il a \u00e9t\u00e9 tr\u00e8s populaire en mati\u00e8re de gangs et de vols. Les touristes doivent \u00eatre prudents lorsqu&#039;ils voyagent au Honduras.<\/p>\n\n\n\n<h2 class=\"wp-block-heading\">Base de consommateurs<\/h2>\n\n\n\n<p>Leur principale source de revenus est l&#039;agriculture. Les Honduriens cultivent la majeure partie de ce qu\u2019ils mangent, ce qui r\u00e9duit les importations de certains aliments. Des choses comme les machines pour les usines et les carburants sont les principales importations.<\/p>\n\n\n\n<p>Le pays exporte davantage tout en d\u00e9pensant moins en importations. Ce revirement est un grand signe de croissance \u00e9conomique. Ses principaux partenaires commerciaux sont les \u00c9tats-Unis, la Chine, le Mexique et le Guatemala.<\/p>\n\n\n\n<h2 class=\"wp-block-heading\">Industries cl\u00e9s<\/h2>\n\n\n\n<figure class=\"gb-block-image gb-block-image-9b3ca6d9\"><img loading=\"lazy\" decoding=\"async\" width=\"1456\" height=\"816\" class=\"gb-image gb-image-9b3ca6d9\" src=\"https:\/\/www.sisinternational.com\/wp-content\/uploads\/2025\/09\/Honduras-5.jpg\" alt=\"\u00c9tudes de march\u00e9 et strat\u00e9gie internationales SIS\" title=\"Honduras (5)\" srcset=\"https:\/\/www.sisinternational.com\/wp-content\/uploads\/2025\/09\/Honduras-5.jpg 1456w, https:\/\/www.sisinternational.com\/wp-content\/uploads\/2025\/09\/Honduras-5-300x168.jpg 300w, https:\/\/www.sisinternational.com\/wp-content\/uploads\/2025\/09\/Honduras-5-1024x574.jpg 1024w, https:\/\/www.sisinternational.com\/wp-content\/uploads\/2025\/09\/Honduras-5-768x430.jpg 768w, https:\/\/www.sisinternational.com\/wp-content\/uploads\/2025\/09\/Honduras-5-18x10.jpg 18w\" sizes=\"auto, (max-width: 1456px) 100vw, 1456px\"><\/figure>\n\n\n\n<p><\/p>\n\n\n\n<p>Le pays est riche en ressources. Le secteur primaire est l&#039;agriculture et le caf\u00e9 est la principale exportation. Cela repr\u00e9sente 22 pour cent des recettes d\u2019exportation. Ce secteur a fourni de nombreux emplois aux ch\u00f4meurs et a \u00e9galement permis d&#039;\u00e9conomiser beaucoup de d\u00e9penses.<\/p>\n\n\n\n<p>Le ciment, la p\u00eache, les mines, les cigares et la foresterie sont les autres industries primaires. Certains des produits locaux sont des produits chimiques, des bananes, du sucre, du caf\u00e9 et du bois.<\/p>\n\n\n\n<h2 class=\"wp-block-heading\">Raisons de d\u00e9velopper votre entreprise au Honduras<\/h2>\n\n\n\n<p>Le Honduras est un excellent pays pour l&#039;investissement. L&#039;implication du gouvernement dans la croissance \u00e9conomique du pays est un plus ind\u00e9niable. Ils ont fait des r\u00e9formes une priorit\u00e9 pour attirer les investisseurs. Avoir un gouvernement qui a \u00e0 c\u0153ur les meilleurs int\u00e9r\u00eats du pays est excellent pour les investisseurs. Cela les aide \u00e0 r\u00e9aliser des b\u00e9n\u00e9fices.<\/p>\n\n\n\n<h2 class=\"wp-block-heading\">\u00c0 propos des \u00e9tudes de march\u00e9 au Honduras<\/h2>\n\n\n\n<p>Vous cherchez \u00e0 investir au Honduras ? Cet article vous donne toutes les informations n\u00e9cessaires pour prendre votre d\u00e9cision. Nous organisons des recherches quantitatives, qualitatives et strat\u00e9giques pour vous offrir plus de connaissances sur le Honduras. Une telle connaissance est vitale et nous esp\u00e9rons que vous envisagerez \u00e9galement d\u2019investir au Honduras.<\/p>\n\n\n\n<p><\/p>","protected":false},"excerpt":{"rendered":"<p>D\u00e9couvrez comment d\u00e9velopper votre organisation gr\u00e2ce aux \u00e9tudes de march\u00e9 au Honduras.<\/p>","protected":false},"author":1,"featured_media":66287,"parent":14351,"menu_order":11,"comment_status":"closed","ping_status":"closed","template":"","meta":{"footnotes":""},"class_list":["post-38458","page","type-page","status-publish","has-post-thumbnail"],"_links":{"self":[{"href":"https:\/\/www.sisinternational.com\/fr\/wp-json\/wp\/v2\/pages\/38458","targetHints":{"allow":["GET"]}}],"collection":[{"href":"https:\/\/www.sisinternational.com\/fr\/wp-json\/wp\/v2\/pages"}],"about":[{"href":"https:\/\/www.sisinternational.com\/fr\/wp-json\/wp\/v2\/types\/page"}],"author":[{"embeddable":true,"href":"https:\/\/www.sisinternational.com\/fr\/wp-json\/wp\/v2\/users\/1"}],"replies":[{"embeddable":true,"href":"https:\/\/www.sisinternational.com\/fr\/wp-json\/wp\/v2\/comments?post=38458"}],"version-history":[{"count":3,"href":"https:\/\/www.sisinternational.com\/fr\/wp-json\/wp\/v2\/pages\/38458\/revisions"}],"predecessor-version":[{"id":68606,"href":"https:\/\/www.sisinternational.com\/fr\/wp-json\/wp\/v2\/pages\/38458\/revisions\/68606"}],"up":[{"embeddable":true,"href":"https:\/\/www.sisinternational.com\/fr\/wp-json\/wp\/v2\/pages\/14351"}],"wp:featuredmedia":[{"embeddable":true,"href":"https:\/\/www.sisinternational.com\/fr\/wp-json\/wp\/v2\/media\/66287"}],"wp:attachment":[{"href":"https:\/\/www.sisinternational.com\/fr\/wp-json\/wp\/v2\/media?parent=38458"}],"curies":[{"name":"wp","href":"https:\/\/api.w.org\/{rel}","templated":true}]}}