{"id":38454,"date":"2021-08-19T13:06:06","date_gmt":"2021-08-19T13:06:06","guid":{"rendered":"https:\/\/www.sisinternational.com\/?page_id=38454"},"modified":"2026-01-25T19:05:49","modified_gmt":"2026-01-26T00:05:49","slug":"etude-de-marche-au-salvador","status":"publish","type":"page","link":"https:\/\/www.sisinternational.com\/fr\/couverture\/latin-america\/etude-de-marche-en-amerique-latine\/etude-de-marche-au-salvador\/","title":{"rendered":"Recherche documentaire au Salvador"},"content":{"rendered":"<h1 class=\"wp-block-heading\">Recherche documentaire au Salvador<\/h1>\n\n\n\n<figure class=\"gb-block-image gb-block-image-84bae6e4\"><img loading=\"lazy\" decoding=\"async\" width=\"1456\" height=\"816\" class=\"gb-image gb-image-84bae6e4\" src=\"https:\/\/www.sisinternational.com\/wp-content\/uploads\/2025\/09\/El-Salvador-2.jpg\" alt=\"\u00c9tudes de march\u00e9 et strat\u00e9gie internationales SIS\" title=\"El Salvador (2)\" srcset=\"https:\/\/www.sisinternational.com\/wp-content\/uploads\/2025\/09\/El-Salvador-2.jpg 1456w, https:\/\/www.sisinternational.com\/wp-content\/uploads\/2025\/09\/El-Salvador-2-300x168.jpg 300w, https:\/\/www.sisinternational.com\/wp-content\/uploads\/2025\/09\/El-Salvador-2-1024x574.jpg 1024w, https:\/\/www.sisinternational.com\/wp-content\/uploads\/2025\/09\/El-Salvador-2-768x430.jpg 768w, https:\/\/www.sisinternational.com\/wp-content\/uploads\/2025\/09\/El-Salvador-2-18x10.jpg 18w\" sizes=\"auto, (max-width: 1456px) 100vw, 1456px\"><\/figure>\n\n\n\n<p><\/p>\n\n\n\n<h3 class=\"wp-block-heading\">Le Salvador se trouve \u00e0 la crois\u00e9e des chemins entre le d\u00e9veloppement \u00e9conomique et la croissance, ce qui pr\u00e9sente des d\u00e9fis et des opportunit\u00e9s uniques. Les entreprises ont besoin de donn\u00e9es et d&#039;informations fiables pour entrer en contact avec les consommateurs locaux et capitaliser sur les tendances du march\u00e9.<\/h3>\n\n\n\n<p>Comment les entreprises peuvent-elles tirer parti des opportunit\u00e9s offertes par le march\u00e9 en pleine \u00e9volution du Salvador ? Les recherches documentaires au Salvador sont essentielles pour comprendre les complexit\u00e9s de cette \u00e9conomie d&#039;Am\u00e9rique centrale et d\u00e9couvrir des opportunit\u00e9s de croissance.<\/p>\n\n\n\n<h2 class=\"wp-block-heading\">Qu&#039;est-ce que la recherche documentaire au Salvador ?<\/h2>\n\n\n\n<p>Desk research in El Salvador analyzes the preferences and behaviors of the country&#8217;s population, assesses market opportunities, understands the regulatory environment, and develops targeted marketing campaigns that resonate with the local audience. Whether a business is launching a new product, expanding into new segments, or optimizing its current operations, <a class=\"wpil_keyword_link\" href=\"https:\/\/www.sisinternational.com\/fr\/the-impact-of-desk-research-on-strategic-decision-making\/\"   title=\"The Impact of Desk Research on Strategic Decision-Making\" data-wpil-keyword-link=\"linked\"  data-wpil-monitor-id=\"746\">recherche documentaire<\/a> provides the foundation for success in El Salvador.<\/p>\n\n\n\n<h2 class=\"wp-block-heading\">Pourquoi les entreprises ont-elles besoin d\u2019\u00e9tudes documentaires au Salvador\u00a0?<\/h2>\n\n\n\n<p>Les \u00e9tudes documentaires men\u00e9es au Salvador aident les entreprises \u00e0 identifier les habitudes de consommation des consommateurs, \u00e0 comprendre les influences culturelles et \u00e0 adapter leurs offres aux besoins locaux. En comprenant clairement le march\u00e9, les entreprises peuvent \u00e9laborer des strat\u00e9gies efficaces qui trouvent un \u00e9cho aupr\u00e8s des consommateurs salvadoriens et les aident \u00e0 se d\u00e9marquer de la concurrence.<\/p>\n\n\n\n<p>En outre, les \u00e9tudes documentaires men\u00e9es au Salvador permettent de mieux comprendre le paysage concurrentiel et d\u2019aider les entreprises \u00e0 identifier leurs principaux concurrents, \u00e0 comprendre leurs forces et leurs faiblesses et \u00e0 trouver des opportunit\u00e9s de diff\u00e9renciation. Les \u00e9tudes documentaires aident les entreprises \u00e0 anticiper les \u00e9volutions de l\u2019\u00e9conomie, \u00e0 identifier les tendances \u00e9mergentes et \u00e0 adapter leurs strat\u00e9gies en cons\u00e9quence. Cette approche proactive permet aux entreprises de conserver leur avantage concurrentiel et de r\u00e9ussir \u00e0 long terme.<\/p>\n\n\n\n<p>Dans tous les cas, la recherche documentaire au Salvador offre de nombreux autres avantages, notamment :<\/p>\n\n\n\n<ul class=\"wp-block-list\">\n<li><p><strong>Informations localis\u00e9es<\/strong>:Obtenez une compr\u00e9hension approfondie des pr\u00e9f\u00e9rences des consommateurs salvadoriens, permettant un ciblage et un engagement plus efficaces.<\/p><\/li>\n\n\n\n<li><p><strong>Strat\u00e9gies bas\u00e9es sur les donn\u00e9es<\/strong>:Prenez des d\u00e9cisions commerciales \u00e9clair\u00e9es bas\u00e9es sur des donn\u00e9es pr\u00e9cises et \u00e0 jour, r\u00e9duisant ainsi les risques et augmentant les chances de succ\u00e8s.<\/p><\/li>\n\n\n\n<li><p><strong>Avantage comp\u00e9titif<\/strong>:Gardez une longueur d\u2019avance sur vos concurrents en comprenant les tendances du march\u00e9, les besoins des consommateurs et en identifiant les lacunes du march\u00e9.<\/p><\/li>\n\n\n\n<li><p><strong>Approche centr\u00e9e sur le client<\/strong>:Adapter les produits et services aux besoins du public local, am\u00e9liorant ainsi la satisfaction et la fid\u00e9lit\u00e9 des clients.<\/p><\/li>\n\n\n\n<li><p><strong>Campagnes marketing optimis\u00e9es<\/strong>:Augmentez l\u2019efficacit\u00e9 des efforts marketing en utilisant les donn\u00e9es pour cibler le bon public avec le bon message au bon moment.<\/p><\/li>\n\n\n\n<li><p><strong>Att\u00e9nuation des risques<\/strong>:Identifier les d\u00e9fis potentiels et d\u00e9velopper des strat\u00e9gies pour les relever, garantissant ainsi une entr\u00e9e sur le march\u00e9 et une croissance plus fluides.<\/p><\/li>\n\n\n\n<li><p><strong>Allocation des ressources<\/strong>: Allouer les ressources plus efficacement en se concentrant sur les domaines \u00e0 fort potentiel, maximisant ainsi le retour sur investissement.<\/p><\/li>\n\n\n\n<li><p><strong>Analyse de la perception de la marque<\/strong>:Comprenez comment votre marque est per\u00e7ue localement et effectuez les ajustements n\u00e9cessaires pour am\u00e9liorer la r\u00e9putation et la confiance des consommateurs.<\/p><\/li>\n<\/ul>\n\n\n\n<h2 class=\"wp-block-heading\">Industries cl\u00e9s<\/h2>\n\n\n\n<figure class=\"gb-block-image gb-block-image-f9592698\"><img loading=\"lazy\" decoding=\"async\" width=\"1456\" height=\"816\" class=\"gb-image gb-image-f9592698\" src=\"https:\/\/www.sisinternational.com\/wp-content\/uploads\/2025\/09\/El-Salvador-3.jpg\" alt=\"\u00c9tudes de march\u00e9 et strat\u00e9gie internationales SIS\" title=\"El Salvador (3)\" srcset=\"https:\/\/www.sisinternational.com\/wp-content\/uploads\/2025\/09\/El-Salvador-3.jpg 1456w, https:\/\/www.sisinternational.com\/wp-content\/uploads\/2025\/09\/El-Salvador-3-300x168.jpg 300w, https:\/\/www.sisinternational.com\/wp-content\/uploads\/2025\/09\/El-Salvador-3-1024x574.jpg 1024w, https:\/\/www.sisinternational.com\/wp-content\/uploads\/2025\/09\/El-Salvador-3-768x430.jpg 768w, https:\/\/www.sisinternational.com\/wp-content\/uploads\/2025\/09\/El-Salvador-3-18x10.jpg 18w\" sizes=\"auto, (max-width: 1456px) 100vw, 1456px\"><\/figure>\n\n\n\n<p><\/p>\n\n\n\n<p>Les principales industries sont l&#039;agriculture, le tourisme et l&#039;industrie manufacturi\u00e8re. Le caf\u00e9, cultiv\u00e9 dans la partie occidentale du pays, est la principale culture commerciale. Le pays dispose de vastes terres arables, dont une grande partie a d\u00e9j\u00e0 \u00e9t\u00e9 irrigu\u00e9e.<\/p>\n\n\n\n<p>De nombreux touristes visitent le pays, principalement en provenance d&#039;Europe et d&#039;Am\u00e9rique du Nord. Ils appr\u00e9cient g\u00e9n\u00e9ralement les attractions naturelles et les sites historiques du pays, et gr\u00e2ce \u00e0 ce secteur, de nombreux habitants ont un emploi.<\/p>\n\n\n\n<p>Le pays produit de nombreux biens, notamment des textiles, du tabac et des boissons.<\/p>\n\n\n\n<h2 class=\"wp-block-heading\">Principales attractions touristiques du Salvador<\/h2>\n\n\n\n<p>Le Salvador est connu pour sa beaut\u00e9 naturelle et ses attractions culturelles qui attirent les visiteurs du monde entier. Voici quelques-uns des sites incontournables du Salvador :<\/p>\n\n\n\n<ul class=\"wp-block-list\">\n<li><p><strong>Parc national El Boquer\u00f3n<\/strong> \u2013 Un magnifique parc centr\u00e9 autour du crat\u00e8re du volcan San Salvador, offrant des sentiers de randonn\u00e9e et des vues panoramiques.<\/p><\/li>\n\n\n\n<li><p><strong>Route des Fleurs<\/strong> \u2013 Un itin\u00e9raire pittoresque connu pour ses villes color\u00e9es, ses march\u00e9s artisanaux et ses plantations de caf\u00e9.<\/p><\/li>\n\n\n\n<li><p><strong>Lac Coatepeque<\/strong> \u2013 Un magnifique lac volcanique qui est une destination populaire pour la baignade, la navigation de plaisance et la d\u00e9tente.<\/p><\/li>\n\n\n\n<li><p><strong>Joya de Cer\u00e9n<\/strong> \u2013 Un site class\u00e9 au patrimoine mondial de l\u2019UNESCO, souvent appel\u00e9 la \u00ab Pomp\u00e9i des Am\u00e9riques \u00bb, pr\u00e9sentant un village agricole pr\u00e9hispanique pr\u00e9serv\u00e9.<\/p><\/li>\n\n\n\n<li><p><strong>Suchitoto<\/strong> \u2013 Une ville coloniale connue pour ses rues pav\u00e9es, son architecture historique et sa sc\u00e8ne culturelle dynamique.<\/p><\/li>\n\n\n\n<li><p><strong>Tazumal<\/strong> \u2013 Les ruines mayas les plus importantes du Salvador, offrant un aper\u00e7u de l&#039;histoire ancienne du pays.<\/p><\/li>\n\n\n\n<li><p><strong>Plage El Tunco<\/strong> \u2013 Une destination de surf populaire, connue pour son atmosph\u00e8re d\u00e9contract\u00e9e, ses plages de sable noir et sa vie nocturne anim\u00e9e.<\/p><\/li>\n<\/ul>\n\n\n\n<h2 class=\"wp-block-heading\">Avantages et atouts sur le march\u00e9<\/h2>\n\n\n\n<p>Les \u00c9tats-Unis sont le principal partenaire commercial du Salvador et de nombreuses entreprises am\u00e9ricaines y ont des filiales. Gr\u00e2ce \u00e0 leur proximit\u00e9, les \u00e9changes commerciaux entre les deux pays sont importants. Le pays peut \u00e9galement servir de plaque tournante r\u00e9gionale pour l&#039;Am\u00e9rique centrale, car ses citoyens \u00e0 l&#039;\u00e9tranger restent connect\u00e9s \u00e0 leur pays d&#039;origine.<\/p>\n\n\n\n<p>De plus, le dollar am\u00e9ricain est la principale monnaie utilis\u00e9e. Le dollar assure la stabilit\u00e9 et r\u00e9duit les risques de change. Le pays dispose \u00e9galement d&#039;un excellent potentiel d&#039;investissement. Il existe une grande marge de croissance dans chaque secteur.<\/p>\n\n\n\n<h2 class=\"wp-block-heading\">Facteurs moteurs du march\u00e9 au Salvador<\/h2>\n\n\n\n<p>Le march\u00e9 salvadorien est fa\u00e7onn\u00e9 par plusieurs facteurs cl\u00e9s qui favorisent la croissance \u00e9conomique et cr\u00e9ent des opportunit\u00e9s commerciales. Il est essentiel pour les entreprises qui cherchent \u00e0 r\u00e9ussir sur ce march\u00e9 dynamique de comprendre ces facteurs :<\/p>\n\n\n\n<ol start=\"1\" class=\"wp-block-list\">\n<li><p><strong>Transferts de fonds<\/strong> \u2013 Les transferts de fonds des Salvadoriens vivant \u00e0 l\u2019\u00e9tranger constituent une source majeure de revenus pour de nombreux m\u00e9nages, stimulant les d\u00e9penses de consommation.<\/p><\/li>\n\n\n\n<li><p><strong>La stabilit\u00e9 \u00e9conomique<\/strong> \u2013 Les r\u00e9centes am\u00e9liorations de la stabilit\u00e9 \u00e9conomique ont renforc\u00e9 la confiance des investisseurs et cr\u00e9\u00e9 un environnement plus favorable aux affaires.<\/p><\/li>\n\n\n\n<li><p><strong>Urbanisation<\/strong> \u2013 La croissance urbaine, particuli\u00e8rement \u00e0 San Salvador, cr\u00e9e une demande de logements, d\u2019infrastructures et de services.<\/p><\/li>\n\n\n\n<li><p><strong>Initiatives gouvernementales<\/strong> \u2013 Les politiques gouvernementales de soutien qui attirent les investissements et favorisent la croissance \u00e9conomique contribuent au d\u00e9veloppement du march\u00e9.<\/p><\/li>\n\n\n\n<li><p><strong>Adoption technologique<\/strong> \u2013 L\u2019utilisation croissante de la technologie dans tous les secteurs stimule la croissance, en particulier dans le commerce de d\u00e9tail, la finance et les services num\u00e9riques.<\/p><\/li>\n\n\n\n<li><p><strong>D\u00e9veloppement touristique<\/strong> \u2013 Les efforts visant \u00e0 promouvoir le tourisme cr\u00e9ent des opportunit\u00e9s dans l\u2019h\u00f4tellerie, le transport et les industries connexes.<\/p><\/li>\n\n\n\n<li><p><strong>Investissement \u00e9tranger<\/strong> \u2013 Les investissements des entreprises internationales alimentent la croissance dans des secteurs cl\u00e9s, notamment l\u2019industrie manufacturi\u00e8re et la technologie.<\/p><\/li>\n<\/ol>\n\n\n\n<h2 class=\"wp-block-heading\">Restrictions du march\u00e9 au Salvador<\/h2>\n\n\n\n<figure class=\"gb-block-image gb-block-image-23cac6cb\"><img loading=\"lazy\" decoding=\"async\" width=\"1456\" height=\"816\" class=\"gb-image gb-image-23cac6cb\" src=\"https:\/\/www.sisinternational.com\/wp-content\/uploads\/2025\/09\/El-Salvador-1.jpg\" alt=\"\u00c9tudes de march\u00e9 et strat\u00e9gie internationales SIS\" title=\"El Salvador (1)\" srcset=\"https:\/\/www.sisinternational.com\/wp-content\/uploads\/2025\/09\/El-Salvador-1.jpg 1456w, https:\/\/www.sisinternational.com\/wp-content\/uploads\/2025\/09\/El-Salvador-1-300x168.jpg 300w, https:\/\/www.sisinternational.com\/wp-content\/uploads\/2025\/09\/El-Salvador-1-1024x574.jpg 1024w, https:\/\/www.sisinternational.com\/wp-content\/uploads\/2025\/09\/El-Salvador-1-768x430.jpg 768w, https:\/\/www.sisinternational.com\/wp-content\/uploads\/2025\/09\/El-Salvador-1-18x10.jpg 18w\" sizes=\"auto, (max-width: 1456px) 100vw, 1456px\"><\/figure>\n\n\n\n<p><\/p>\n\n\n\n<p>Si le Salvador offre de nombreuses opportunit\u00e9s de croissance, les entreprises doivent \u00e9galement faire face \u00e0 plusieurs d\u00e9fis. Vous trouverez ci-dessous quelques-unes des principales contraintes du march\u00e9 auxquelles sont confront\u00e9es les entreprises salvadoriennes :<\/p>\n\n\n\n<ol start=\"1\" class=\"wp-block-list\">\n<li><p><strong>In\u00e9galit\u00e9s \u00e9conomiques<\/strong> \u2013 Les disparit\u00e9s de revenus peuvent limiter le pouvoir d\u2019achat des consommateurs et affecter le potentiel de march\u00e9 de certains produits et services.<\/p><\/li>\n\n\n\n<li><p><strong>Probl\u00e8mes de s\u00e9curit\u00e9<\/strong> \u2013 Les probl\u00e8mes li\u00e9s \u00e0 la criminalit\u00e9 et \u00e0 la s\u00e9curit\u00e9 peuvent avoir un impact sur les activit\u00e9s commerciales et d\u00e9courager les investissements.<\/p><\/li>\n\n\n\n<li><p><strong>Complexit\u00e9 r\u00e9glementaire<\/strong> \u2013 Naviguer dans l\u2019environnement r\u00e9glementaire peut s\u2019av\u00e9rer difficile, en particulier pour les entreprises internationales qui ne connaissent pas les lois locales.<\/p><\/li>\n\n\n\n<li><p><strong>Limites des infrastructures<\/strong> \u2013 Malgr\u00e9 des am\u00e9liorations continues, les d\u00e9fis en mati\u00e8re d\u2019infrastructures tels que l\u2019\u00e9tat des routes et la connectivit\u00e9 peuvent entraver les op\u00e9rations commerciales.<\/p><\/li>\n\n\n\n<li><p><strong>Haute concurrence<\/strong> \u2013 La concurrence intense dans certains secteurs rend difficile pour les nouveaux entrants de s\u2019implanter sans une strat\u00e9gie de diff\u00e9renciation claire.<\/p><\/li>\n\n\n\n<li><p><strong>D\u00e9pendance aux transferts de fonds<\/strong> \u2013 La d\u00e9pendance de l\u2019\u00e9conomie \u00e0 l\u2019\u00e9gard des transferts de fonds la rend vuln\u00e9rable aux facteurs \u00e9conomiques externes qui pourraient avoir un impact sur les revenus des m\u00e9nages.<\/p><\/li>\n\n\n\n<li><p><strong>Acc\u00e8s limit\u00e9 au financement<\/strong> \u2013 L\u2019acc\u00e8s au cr\u00e9dit reste un d\u00e9fi pour de nombreuses petites et moyennes entreprises, limitant leur capacit\u00e9 \u00e0 se d\u00e9velopper et \u00e0 cro\u00eetre.<\/p><\/li>\n<\/ol>\n\n\n\n<h2 class=\"wp-block-heading\">Comment les recherches documentaires de SIS International au Salvador aident les entreprises<\/h2>\n\n\n\n<p>Desk research is essential for understanding <a href=\"https:\/\/www.sisinternational.com\/fr\/competence\/les-industries\/etude-de-marche-sur-la-machinerie-lourde\/\" title=\"\u00c9tude de march\u00e9 sur les machines lourdes\"  data-wpil-monitor-id=\"5402\">El Salvador&#8217;s<\/a> unique market dynamics. SIS International provides tailored insights that help businesses enhance strategic planning and adapt to local conditions.<\/p>\n\n\n\n<p><strong>Planification strat\u00e9gique am\u00e9lior\u00e9e<\/strong>: Notre bureau <a href=\"https:\/\/www.linkedin.com\/pulse\/how-market-research-enables-growth-ruth-stanat-phekf\/\" target=\"_blank\" rel=\"noopener\"><span style=\"font-weight: 400;\">recherche<\/span><\/a> au Salvador, aide les entreprises \u00e0 d\u00e9velopper des strat\u00e9gies globales qui s&#039;alignent sur les besoins des consommateurs locaux et les tendances du march\u00e9, garantissant ainsi un succ\u00e8s \u00e0 long terme dans l&#039;environnement concurrentiel du Salvador.<\/p>\n\n\n\n<p><strong>R\u00e9duction de risque<\/strong>:Nous aidons \u00e0 identifier les risques potentiels et \u00e0 d\u00e9velopper des strat\u00e9gies pour les att\u00e9nuer, garantissant ainsi un fonctionnement plus fluide. Cela comprend l&#039;analyse de la volatilit\u00e9 \u00e9conomique, des changements r\u00e9glementaires et d&#039;autres facteurs ayant un impact sur les performances de l&#039;entreprise.<\/p>\n\n\n\n<p><strong>Efficacit\u00e9 marketing am\u00e9lior\u00e9e<\/strong>:Nos connaissances aident \u00e0 optimiser les campagnes marketing, en veillant \u00e0 ce qu&#039;elles atteignent efficacement le bon public. Les entreprises peuvent cr\u00e9er des messages qui r\u00e9sonnent et suscitent l&#039;engagement en comprenant les pr\u00e9f\u00e9rences des consommateurs.<\/p>\n\n\n\n<p><strong>Un retour sur investissement boost\u00e9<\/strong>:La recherche documentaire permet d\u2019allouer les ressources l\u00e0 o\u00f9 elles sont le plus susceptibles de g\u00e9n\u00e9rer les rendements les plus \u00e9lev\u00e9s, maximisant ainsi la rentabilit\u00e9.<\/p>\n\n\n\n<p><strong>Positionnement sur le march\u00e9<\/strong>:&nbsp;<span style=\"box-sizing: border-box; margin: 0px; padding: 0px;\"><a href=\"https:\/\/www.linkedin.com\/company\/sisinternationalresearch\/\" target=\"_blank\" rel=\"noopener\">En comprenant la dynamique concurrentielle, SIS International<\/a> aide les entreprises \u00e0 se positionner comme leaders sur le march\u00e9 salvadorien<\/span>Cela comprend l\u2019identification des forces, des faiblesses, des opportunit\u00e9s et des menaces pour \u00e9tablir une forte pr\u00e9sence sur le march\u00e9.<\/p>\n\n\n\n<p><strong>Conformit\u00e9 r\u00e9glementaire<\/strong>: Gardez une longueur d&#039;avance sur les changements r\u00e9glementaires qui pourraient avoir un impact sur les op\u00e9rations commerciales. Nos recherches informent les entreprises sur les lois et r\u00e9glementations locales, r\u00e9duisant ainsi le risque de probl\u00e8mes de conformit\u00e9 et d&#039;amendes potentielles.<\/p>\n\n\n\n<h2 class=\"wp-block-heading\">\u00c0 propos de la recherche documentaire au Salvador<\/h2>\n\n\n\n<p><a href=\"https:\/\/www.sisinternational.com\/fr\/\"><span style=\"font-weight: 400;\">SIS International<\/span><\/a><span style=\"font-weight: 400;\"> propose des recherches quantitatives, qualitatives et strat\u00e9giques. Nous fournissons des donn\u00e9es, des outils, des strat\u00e9gies, des rapports et des informations pour la prise de d\u00e9cision. Nous menons \u00e9galement des entretiens, des enqu\u00eates, des groupes de discussion et d\u2019autres m\u00e9thodes et approches d\u2019\u00e9tudes de march\u00e9.<\/span><a href=\"https:\/\/www.sisinternational.com\/fr\/a-propos-de-la-recherche-internationale-sis\/contact-sis-international-market-research\/\"><span style=\"font-weight: 400;\"> Contactez nous<\/span><\/a><span style=\"font-weight: 400;\"> pour votre prochain projet d&#039;\u00e9tude de march\u00e9.<\/span><\/p>\n\n\n\n<p><\/p>","protected":false},"excerpt":{"rendered":"<p>D\u00e9couvrez comment d\u00e9velopper votre organisation gr\u00e2ce aux \u00e9tudes de march\u00e9 au Salvador.<\/p>","protected":false},"author":1,"featured_media":66265,"parent":14351,"menu_order":9,"comment_status":"closed","ping_status":"closed","template":"","meta":{"footnotes":""},"class_list":["post-38454","page","type-page","status-publish","has-post-thumbnail"],"_links":{"self":[{"href":"https:\/\/www.sisinternational.com\/fr\/wp-json\/wp\/v2\/pages\/38454","targetHints":{"allow":["GET"]}}],"collection":[{"href":"https:\/\/www.sisinternational.com\/fr\/wp-json\/wp\/v2\/pages"}],"about":[{"href":"https:\/\/www.sisinternational.com\/fr\/wp-json\/wp\/v2\/types\/page"}],"author":[{"embeddable":true,"href":"https:\/\/www.sisinternational.com\/fr\/wp-json\/wp\/v2\/users\/1"}],"replies":[{"embeddable":true,"href":"https:\/\/www.sisinternational.com\/fr\/wp-json\/wp\/v2\/comments?post=38454"}],"version-history":[{"count":9,"href":"https:\/\/www.sisinternational.com\/fr\/wp-json\/wp\/v2\/pages\/38454\/revisions"}],"predecessor-version":[{"id":79182,"href":"https:\/\/www.sisinternational.com\/fr\/wp-json\/wp\/v2\/pages\/38454\/revisions\/79182"}],"up":[{"embeddable":true,"href":"https:\/\/www.sisinternational.com\/fr\/wp-json\/wp\/v2\/pages\/14351"}],"wp:featuredmedia":[{"embeddable":true,"href":"https:\/\/www.sisinternational.com\/fr\/wp-json\/wp\/v2\/media\/66265"}],"wp:attachment":[{"href":"https:\/\/www.sisinternational.com\/fr\/wp-json\/wp\/v2\/media?parent=38454"}],"curies":[{"name":"wp","href":"https:\/\/api.w.org\/{rel}","templated":true}]}}