{"id":38446,"date":"2021-08-19T03:28:13","date_gmt":"2021-08-19T03:28:13","guid":{"rendered":"https:\/\/www.sisinternational.com\/?page_id=38446"},"modified":"2025-09-14T19:11:00","modified_gmt":"2025-09-14T23:11:00","slug":"etude-de-marche-sur-le-cannabis","status":"publish","type":"page","link":"https:\/\/www.sisinternational.com\/fr\/competence\/etude-de-marche-sur-le-cannabis\/","title":{"rendered":"\u00c9tude de march\u00e9 sur le cannabis"},"content":{"rendered":"<h1 class=\"wp-block-heading\">\u00c9tude de march\u00e9 sur le cannabis<\/h1>\n\n\n\n<figure class=\"gb-block-image gb-block-image-fb5aba94\"><img loading=\"lazy\" decoding=\"async\" width=\"1456\" height=\"816\" class=\"gb-image gb-image-fb5aba94\" src=\"https:\/\/www.sisinternational.com\/wp-content\/uploads\/2025\/08\/Cannabis-3.jpg\" alt=\"\u00c9tudes de march\u00e9 et strat\u00e9gie internationales SIS\" title=\"Cannabis (3)\" srcset=\"https:\/\/www.sisinternational.com\/wp-content\/uploads\/2025\/08\/Cannabis-3.jpg 1456w, https:\/\/www.sisinternational.com\/wp-content\/uploads\/2025\/08\/Cannabis-3-300x168.jpg 300w, https:\/\/www.sisinternational.com\/wp-content\/uploads\/2025\/08\/Cannabis-3-1024x574.jpg 1024w, https:\/\/www.sisinternational.com\/wp-content\/uploads\/2025\/08\/Cannabis-3-768x430.jpg 768w, https:\/\/www.sisinternational.com\/wp-content\/uploads\/2025\/08\/Cannabis-3-18x10.jpg 18w\" sizes=\"auto, (max-width: 1456px) 100vw, 1456px\"><\/figure>\n\n\n\n<p><\/p>\n\n\n\n<h2 class=\"wp-block-heading\">Qu\u2019est-ce que le CBD<\/h2>\n\n\n\n<p>Le CBD est du cannabidiol, qui est un produit chimique pr\u00e9sent dans la plante Cannabis sativa. Cette plante est \u00e9galement connue sous le nom de cannabis ou chanvre. La marijuana et le chanvre sont les deux types de cannabis, la marijuana contenant beaucoup de THC et peu de CBD. Les scientifiques cultivent le chanvre pour \u00e9liminer la majeure partie du THC. La structure chimique du CBD ne vous donne pas exactement un \u00ab high \u00bb. Cela affecte le corps d\u2019autres mani\u00e8res. Ce \u00ab high \u00bb vient du compos\u00e9 \u00ab THC \u00bb. En revanche, le CBD ralentit les r\u00e9ponses du corps et apaise et d\u00e9tend l\u2019utilisateur. Beaucoup utilisent le CBD comme anti-inflammatoire et antioxydant.<\/p>\n\n\n\n<p>Le <a href=\"https:\/\/www.sisinternational.com\/fr\/transporteurs-low-cost-dans-lindustrie-aeronautique\/\" title=\"\u00c9tude de march\u00e9 sur les compagnies a\u00e9riennes \u00e0 bas prix\"  data-wpil-monitor-id=\"7813\">global CBD market<\/a> had a value of US$553.7 million in 2020. Experts expect it to increase tenfold over the <a href=\"https:\/\/www.sisinternational.com\/fr\/competence\/les-industries\/etude-de-marche-automobile\/lavenir-des-vehicules-electriques-aux-etats-unis\/\" title=\"The Future of Electric Vehicles in the USA &#8211; The Next 5 Years\"  data-wpil-monitor-id=\"7816\">next few years<\/a>.<\/p>\n\n\n\n<p>La FDA a r\u00e9cemment approuv\u00e9 Epidiolex. Ce m\u00e9dicament est le premier d\u00e9riv\u00e9 du cannabis. Il contient \u00e9galement du CBD. Les d\u00e9taillants vendent du CBD sous forme d\u2019huiles, de sprays buccaux et de cr\u00e8mes. Vous le trouvez \u00e9galement dans les pilules et les produits comestibles.<\/p>\n\n\n\n<p>More people are getting into the use of CBD. They seek the benefits without the \u2018high.\u2019 Many parents, \u2018boomers\u2019, and white-collar workers use it. CBD is already legal in many states of America. This fact makes the CBD market an important one in the world.<\/p>\n\n\n\n<h2 class=\"wp-block-heading\">Pourquoi le cannabis est une industrie en croissance<\/h2>\n\n\n\n<p>The cannabis industry is one of the fastest-growing in recent times. It has also received much support. Renowned investors and government officials alike are touting its benefits. The plant serves both medicinal and recreational purposes. The Covid-19 pandemic with its lockdowns caused sales of cannabis to increase to a great extent. Another reason for the runaway growth is the fact that more people are <a href=\"https:\/\/www.sisinternational.com\/fr\/global-beverage-market\/\" title=\"Global Beverage Market: Market Dynamics, Growth Projections &amp; Consumer Insights\"  data-wpil-monitor-id=\"7819\">consuming<\/a> cannabis than ever before.<\/p>\n\n\n\n<p>Le march\u00e9 du cannabis repr\u00e9sentait environ $20,5 milliards de dollars en 2020. Les experts s&#039;attendent \u00e0 ce qu&#039;il quadruple tr\u00e8s prochainement. La croissance de cette industrie est \u00e9galement due \u00e0 l\u2019augmentation de la l\u00e9galisation du cannabis. L&#039;herbe est d\u00e9sormais l\u00e9gale dans la plupart des \u00c9tats. La plupart des consommateurs de cannabis ont un emploi. Une base de consommateurs actifs garantira \u00e0 coup s\u00fbr la croissance de l\u2019industrie.<\/p>\n\n\n\n<p>Le cannabis est \u00e9galement une industrie en croissance car elle est nouvelle. Il n\u2019y a pas besoin de faire grand-chose pour s\u2019y lancer. Les \u00e9coles enseignent davantage le cannabis aux \u00e9l\u00e8ves et l\u2019industrie cr\u00e9e davantage d\u2019emplois. C\u2019est une industrie stable qui ne va nulle part de sit\u00f4t.<\/p>\n\n\n\n<h2 class=\"wp-block-heading\">Que sont les adaptog\u00e8nes<\/h2>\n\n\n\n<figure class=\"gb-block-image gb-block-image-8e5c6aaa\"><img loading=\"lazy\" decoding=\"async\" width=\"1456\" height=\"816\" class=\"gb-image gb-image-8e5c6aaa\" src=\"https:\/\/www.sisinternational.com\/wp-content\/uploads\/2025\/08\/Cannabis-1.jpg\" alt=\"\u00c9tudes de march\u00e9 et strat\u00e9gie internationales SIS\" title=\"Cannabis (1)\" srcset=\"https:\/\/www.sisinternational.com\/wp-content\/uploads\/2025\/08\/Cannabis-1.jpg 1456w, https:\/\/www.sisinternational.com\/wp-content\/uploads\/2025\/08\/Cannabis-1-300x168.jpg 300w, https:\/\/www.sisinternational.com\/wp-content\/uploads\/2025\/08\/Cannabis-1-1024x574.jpg 1024w, https:\/\/www.sisinternational.com\/wp-content\/uploads\/2025\/08\/Cannabis-1-768x430.jpg 768w, https:\/\/www.sisinternational.com\/wp-content\/uploads\/2025\/08\/Cannabis-1-18x10.jpg 18w\" sizes=\"auto, (max-width: 1456px) 100vw, 1456px\"><\/figure>\n\n\n\n<p><\/p>\n\n\n\n<p>Les adaptog\u00e8nes sont des plantes d\u00e9licates. La nature a con\u00e7u ces plantes pour soulager le stress \u00e9motionnel et physique. Cela vient de la culture asiatique. Ils ralentissent les syst\u00e8mes corporels qui se sont acc\u00e9l\u00e9r\u00e9s. Ils acc\u00e9l\u00e8rent \u00e9galement ces syst\u00e8mes lorsqu\u2019ils sont lents. Il existe de nombreux adaptog\u00e8nes diff\u00e9rents, mais nous nous concentrerons sur le cannabis. Bien qu\u2019il ne soit pas exactement consid\u00e9r\u00e9 comme un adaptog\u00e8ne, il pr\u00e9sente les m\u00eames propri\u00e9t\u00e9s.<\/p>\n\n\n\n<p>Le cannabis aide les patients \u00e0 faire face au SSPT suite \u00e0 des \u00e9v\u00e9nements traumatisants. Pour ce faire, il contr\u00f4le la r\u00e9action de combat ou de fuite de notre corps. C\u2019est \u00e9galement une option plus s\u00fbre pour les personnes ayant des probl\u00e8mes d\u2019alcool. Le cannabis aide \u00e0 r\u00e9duire les risques de d\u00e9velopper la maladie d&#039;Alzheimer. La plante combat \u00e9galement le diab\u00e8te, le cancer, le glaucome, la d\u00e9pression et les douleurs chroniques.<\/p>\n\n\n\n<p>Les gens s\u2019\u00e9loignent de la stigmatisation du cannabis. Le cannabis n&#039;est pas r\u00e9serv\u00e9 aux \u00ab fumeurs de joints \u00bb. Ils commencent \u00e0 percevoir les bienfaits permanents du cannabis, une plante qui existe depuis des si\u00e8cles.<\/p>\n\n\n\n<h2 class=\"wp-block-heading\">L\u00e9galisation<\/h2>\n\n\n\n<p>La l\u00e9galisation du cannabis est un d\u00e9bat tendance depuis de nombreuses ann\u00e9es. Beaucoup sont pour et beaucoup sont contre. La plupart consid\u00e8rent la l\u00e9galisation du cannabis comme une raison de son \u00e9ventuel abus. La l\u00e9galisation du cannabis \u00e0 la fois pour un usage r\u00e9cr\u00e9atif et pour un usage adulte pr\u00e9sente des avantages. Cela augmente la croissance de l\u2019emploi, les investissements et les recettes fiscales.<\/p>\n\n\n\n<p>The legalization of cannabis is also essential for scientists. They believe that it could help develop cannabis-based medical treatments. This legalization also helps the judicial system. It saves money to tackle serious criminals. It also decreases jail time for these non-violent crimes. Besides, it drives cartels and street gangs out of business. It reduces the violent actions caused by these groups. It also helps the cannabis industry to flourish.<\/p>\n\n\n\n<p>Only a few countries have made the use of cannabis for recreation legal. Still, the penalties for its usage and sale have decreased. It makes it easier to <a href=\"https:\/\/www.sisinternational.com\/fr\/creer-une-entreprise-en-turquie\/\" title=\"Cr\u00e9er une entreprise en Turquie\"  data-wpil-monitor-id=\"7817\">set up more cannabis businesses<\/a> and trade. Investors are also taking note of this.<\/p>\n\n\n\n<h2 class=\"wp-block-heading\">Pourquoi les \u00e9tudes de march\u00e9 sont importantes<\/h2>\n\n\n\n<p>Companies wishing to enter the cannabis industry will need to carry out <a href=\"https:\/\/www.sisinternational.com\/fr\/competence\/cv-dexperience\/cv-dexperience-dans-les-industries-chimiques-et-energetiques\/\" title=\"Soci\u00e9t\u00e9 d\u2019\u00e9tudes de march\u00e9 sur la chimie et l\u2019\u00e9nergie\"  data-wpil-monitor-id=\"7814\">\u00e9tude de march\u00e9<\/a>. It is a new industry. There are still many problems within that have to be fixed. There is also a need to educate investors about the benefits and risks of the industry. Investors <a href=\"https:\/\/www.sisinternational.com\/fr\/analysis-b2b\/\" title=\"What Business Leaders Need to Know Right Now\"  data-wpil-monitor-id=\"7818\">need to know<\/a> their consumer base. It is the only way to ensure the <a href=\"https:\/\/www.sisinternational.com\/fr\/predictive-analytics\/\" title=\"Predictive Analytics: Your Crystal Ball for Business Success\"  data-wpil-monitor-id=\"7815\">success of a business<\/a>.<\/p>\n\n\n\n<p>Avez-vous besoin d\u2019informations sur l\u2019industrie du CBD ? Nous fournissons des recherches qualitatives, quantitatives et strat\u00e9giques. Nous proposons \u00e9galement des groupes de discussion, des entretiens et des enqu\u00eates. Contactez-nous d\u00e8s aujourd\u2019hui pour une consultation.<\/p>\n\n\n\n<p><\/p>","protected":false},"excerpt":{"rendered":"<p>SIS est une soci\u00e9t\u00e9 d&#039;\u00e9tudes de march\u00e9 mondiale de premier plan. D\u00e9couvrez comment d\u00e9velopper votre entreprise gr\u00e2ce aux \u00e9tudes de march\u00e9 sur le cannabis.<\/p>","protected":false},"author":1,"featured_media":63940,"parent":14514,"menu_order":73,"comment_status":"closed","ping_status":"closed","template":"","meta":{"footnotes":""},"class_list":["post-38446","page","type-page","status-publish","has-post-thumbnail"],"_links":{"self":[{"href":"https:\/\/www.sisinternational.com\/fr\/wp-json\/wp\/v2\/pages\/38446","targetHints":{"allow":["GET"]}}],"collection":[{"href":"https:\/\/www.sisinternational.com\/fr\/wp-json\/wp\/v2\/pages"}],"about":[{"href":"https:\/\/www.sisinternational.com\/fr\/wp-json\/wp\/v2\/types\/page"}],"author":[{"embeddable":true,"href":"https:\/\/www.sisinternational.com\/fr\/wp-json\/wp\/v2\/users\/1"}],"replies":[{"embeddable":true,"href":"https:\/\/www.sisinternational.com\/fr\/wp-json\/wp\/v2\/comments?post=38446"}],"version-history":[{"count":4,"href":"https:\/\/www.sisinternational.com\/fr\/wp-json\/wp\/v2\/pages\/38446\/revisions"}],"predecessor-version":[{"id":81319,"href":"https:\/\/www.sisinternational.com\/fr\/wp-json\/wp\/v2\/pages\/38446\/revisions\/81319"}],"up":[{"embeddable":true,"href":"https:\/\/www.sisinternational.com\/fr\/wp-json\/wp\/v2\/pages\/14514"}],"wp:featuredmedia":[{"embeddable":true,"href":"https:\/\/www.sisinternational.com\/fr\/wp-json\/wp\/v2\/media\/63940"}],"wp:attachment":[{"href":"https:\/\/www.sisinternational.com\/fr\/wp-json\/wp\/v2\/media?parent=38446"}],"curies":[{"name":"wp","href":"https:\/\/api.w.org\/{rel}","templated":true}]}}