{"id":38440,"date":"2021-08-19T03:05:58","date_gmt":"2021-08-19T03:05:58","guid":{"rendered":"https:\/\/www.sisinternational.com\/?page_id=38440"},"modified":"2025-09-14T19:21:10","modified_gmt":"2025-09-14T23:21:10","slug":"etude-de-marche-palestine","status":"publish","type":"page","link":"https:\/\/www.sisinternational.com\/fr\/couverture\/etude-de-marche-au-moyen-orient-2\/etude-de-marche-palestine\/","title":{"rendered":"Etude de march\u00e9 en Palestine"},"content":{"rendered":"<h1 class=\"wp-block-heading\">Etude de march\u00e9 en Palestine<\/h1>\n\n\n\n<figure class=\"gb-block-image gb-block-image-250c1bab\"><img loading=\"lazy\" decoding=\"async\" width=\"1456\" height=\"816\" class=\"gb-image gb-image-250c1bab\" src=\"https:\/\/www.sisinternational.com\/wp-content\/uploads\/2025\/08\/Palestine-3.jpg\" alt=\"\u00c9tudes de march\u00e9 et strat\u00e9gie internationales SIS\" title=\"Palestine (3)\" srcset=\"https:\/\/www.sisinternational.com\/wp-content\/uploads\/2025\/08\/Palestine-3.jpg 1456w, https:\/\/www.sisinternational.com\/wp-content\/uploads\/2025\/08\/Palestine-3-300x168.jpg 300w, https:\/\/www.sisinternational.com\/wp-content\/uploads\/2025\/08\/Palestine-3-1024x574.jpg 1024w, https:\/\/www.sisinternational.com\/wp-content\/uploads\/2025\/08\/Palestine-3-768x430.jpg 768w, https:\/\/www.sisinternational.com\/wp-content\/uploads\/2025\/08\/Palestine-3-18x10.jpg 18w\" sizes=\"auto, (max-width: 1456px) 100vw, 1456px\"><\/figure>\n\n\n\n<hr class=\"wp-block-separator has-alpha-channel-opacity is-style-dots\"\/>\n\n\n\n<p><span style=\"font-weight: 400;\">La Palestine poss\u00e8de un march\u00e9 unique marqu\u00e9 par son patrimoine culturel diversifi\u00e9 et son paysage g\u00e9opolitique complexe. Malgr\u00e9 de nombreux d\u00e9fis, notamment des tensions politiques et des incertitudes \u00e9conomiques, les \u00e9tudes de march\u00e9 en Palestine pr\u00e9sentent des opportunit\u00e9s prometteuses pour les entreprises d\u00e9sireuses de s\u2019y retrouver dans ses subtilit\u00e9s.&nbsp;<\/span><\/p>\n\n\n\n<h2 class=\"wp-block-heading\"><strong>Qu\u2019est-ce que l\u2019\u00e9tude de march\u00e9 en Palestine ?<\/strong><\/h2>\n\n\n\n<p><span style=\"font-weight: 400;\">Les \u00e9tudes de march\u00e9 en Palestine \u00e9tudient le comportement des consommateurs, identifient les tendances \u00e9mergentes, \u00e9valuent la concurrence et \u00e9valuent les cadres r\u00e9glementaires. La dynamique unique du march\u00e9 palestinien, influenc\u00e9e par l&#039;instabilit\u00e9 politique et les nuances culturelles, n\u00e9cessite des approches adapt\u00e9es en mati\u00e8re d&#039;\u00e9tudes de march\u00e9.&nbsp;<\/span><\/p>\n\n\n\n<h2 class=\"wp-block-heading\"><strong>Why Do Businesses Need Market Research in Palestine<\/strong><\/h2>\n\n\n\n<p><span style=\"font-weight: 400;\">Les entreprises rencontrent de nombreux d\u00e9fis pour naviguer sur le march\u00e9 palestinien, en raison de son environnement g\u00e9opolitique complexe. L&#039;instabilit\u00e9 politique, les conflits r\u00e9gionaux et les incertitudes \u00e9conomiques ont un impact significatif sur le comportement des consommateurs, la dynamique du march\u00e9 et les cadres r\u00e9glementaires.&nbsp;<\/span><\/p>\n\n\n\n<p><span style=\"font-weight: 400;\">Les \u00e9tudes de march\u00e9 en Palestine aident les entreprises \u00e0 \u00e9valuer le paysage concurrentiel et \u00e0 identifier les acteurs cl\u00e9s de leur secteur. En analysant les forces, les faiblesses et le positionnement des concurrents sur le march\u00e9, les entreprises peuvent \u00e9laborer des strat\u00e9gies pour se diff\u00e9rencier et se tailler une niche de march\u00e9 distincte. De plus, les \u00e9tudes de march\u00e9 aident les entreprises \u00e0 \u00e9valuer les exigences r\u00e9glementaires, les barri\u00e8res \u00e0 l&#039;entr\u00e9e sur le march\u00e9 et les risques potentiels, leur permettant ainsi de prendre des d\u00e9cisions \u00e9clair\u00e9es et d&#039;att\u00e9nuer les d\u00e9fis potentiels dans l&#039;environnement commercial palestinien.&nbsp;<\/span><\/p>\n\n\n\n<h2 class=\"wp-block-heading\"><strong>Qui utilise les \u00e9tudes de march\u00e9 en Palestine ?<\/strong><\/h2>\n\n\n\n<p><span style=\"font-weight: 400;\">En Palestine, diverses parties prenantes s\u2019appuient sur<a href=\"https:\/\/www.sisinternational.com\/fr\/couverture\/etude-de-marche-au-moyen-orient-2\/\"> \u00e9tude de march\u00e9<\/a> pour \u00e9clairer leurs processus d\u00e9cisionnels et leurs initiatives strat\u00e9giques. Voici quelques entit\u00e9s cl\u00e9s qui utilisent des \u00e9tudes de march\u00e9\u00a0:<\/span><\/p>\n\n\n\n<p><b>\u2022 Entreprises nationales\u00a0:<\/b><span style=\"font-weight: 400;\"> Palestinian companies across various industries leverage market research to gain insights into consumer behavior, market trends, and competitor strategies. By understanding the local market dynamics, these businesses can optimize their operations, refine their product offerings, and develop effective marketing strategies to better serve their customers.<\/span><\/p>\n\n\n\n<p><b>\u2022 Soci\u00e9t\u00e9s internationales\u00a0:<\/b><span style=\"font-weight: 400;\"> Les soci\u00e9t\u00e9s multinationales souhaitant entrer ou \u00e9tendre leur pr\u00e9sence en Palestine m\u00e8nent souvent des \u00e9tudes de march\u00e9 pour \u00e9valuer la demande du march\u00e9, le paysage concurrentiel, l\u2019environnement r\u00e9glementaire et les nuances culturelles. Ces informations leur permettent d&#039;adapter leurs strat\u00e9gies commerciales et leurs offres au march\u00e9 palestinien, augmentant ainsi leurs chances de succ\u00e8s.<\/span><\/p>\n\n\n\n<p><b>\u2022 Organismes gouvernementaux:<\/b><span style=\"font-weight: 400;\"> Les entit\u00e9s gouvernementales palestiniennes, notamment les minist\u00e8res, les organismes de r\u00e9glementation et les agences de d\u00e9veloppement \u00e9conomique, s&#039;appuient sur les \u00e9tudes de march\u00e9 pour \u00e9clairer l&#039;\u00e9laboration des politiques, la planification \u00e9conomique et les efforts de promotion des investissements.&nbsp;<\/span><\/p>\n\n\n\n<p><b>\u2022 Organisations non gouvernementales (ONG)\u00a0:<\/b><span style=\"font-weight: 400;\"> Les ONG op\u00e9rant en Palestine utilisent des \u00e9tudes de march\u00e9 pour \u00e9valuer les tendances socio-\u00e9conomiques, identifier les besoins des communaut\u00e9s et concevoir des projets et des programmes de d\u00e9veloppement qui r\u00e9pondent \u00e0 des d\u00e9fis sp\u00e9cifiques.&nbsp;<\/span><\/p>\n\n\n\n<h2 class=\"wp-block-heading\"><strong>Notre analyse actuelle du march\u00e9 et nos recommandations<\/strong><\/h2>\n\n\n\n<figure class=\"gb-block-image gb-block-image-43825adb\"><img loading=\"lazy\" decoding=\"async\" width=\"1456\" height=\"816\" class=\"gb-image gb-image-43825adb\" src=\"https:\/\/www.sisinternational.com\/wp-content\/uploads\/2025\/08\/Palestine-2.jpg\" alt=\"\u00c9tudes de march\u00e9 et strat\u00e9gie internationales SIS\" title=\"Palestine (2)\" srcset=\"https:\/\/www.sisinternational.com\/wp-content\/uploads\/2025\/08\/Palestine-2.jpg 1456w, https:\/\/www.sisinternational.com\/wp-content\/uploads\/2025\/08\/Palestine-2-300x168.jpg 300w, https:\/\/www.sisinternational.com\/wp-content\/uploads\/2025\/08\/Palestine-2-1024x574.jpg 1024w, https:\/\/www.sisinternational.com\/wp-content\/uploads\/2025\/08\/Palestine-2-768x430.jpg 768w, https:\/\/www.sisinternational.com\/wp-content\/uploads\/2025\/08\/Palestine-2-18x10.jpg 18w\" sizes=\"auto, (max-width: 1456px) 100vw, 1456px\"><\/figure>\n\n\n\n<p><\/p>\n\n\n\n<p><span style=\"font-weight: 400;\">Nous pensons que le march\u00e9 palestinien fait preuve de r\u00e9silience et de potentiel de croissance. Gr\u00e2ce aux initiatives de d\u00e9veloppement des infrastructures en cours et aux efforts visant \u00e0 promouvoir l\u2019entrepreneuriat et l\u2019innovation, le march\u00e9 est pr\u00eat \u00e0 conna\u00eetre des progr\u00e8s positifs dans les ann\u00e9es \u00e0 venir. Les entreprises qui se positionnent strat\u00e9giquement pour tirer parti de ces opportunit\u00e9s b\u00e9n\u00e9ficieront de l\u2019\u00e9volution du paysage \u00e9conomique palestinien.<\/span><\/p>\n\n\n\n<h2 class=\"wp-block-heading\"><strong>R\u00e9sultats attendus des services d&#039;\u00e9tudes de march\u00e9 du SIS<\/strong><\/h2>\n\n\n\n<p><span style=\"font-weight: 400;\">\u00c0 <\/span><a href=\"https:\/\/twitter.com\/SISIntlResearch\" target=\"_blank\" rel=\"noopener\"><span style=\"font-weight: 400;\">SIS<\/span><\/a><span style=\"font-weight: 400;\">, nos services d&#039;\u00e9tudes de march\u00e9 sur mesure sont con\u00e7us pour fournir des informations exploitables et g\u00e9n\u00e9rer des r\u00e9sultats tangibles pour les entreprises op\u00e9rant en Palestine. En s&#039;associant avec nous, les entreprises peuvent s&#039;attendre aux r\u00e9sultats suivants\u00a0:<\/span><\/p>\n\n\n\n<p><b>Compr\u00e9hension approfondie du march\u00e9\u00a0:<\/b><span style=\"font-weight: 400;\">&nbsp;<\/span><\/p>\n\n\n\n<p><span style=\"font-weight: 400;\">Nos m\u00e9thodologies de recherche rigoureuses offrent aux entreprises une compr\u00e9hension approfondie du paysage du march\u00e9 palestinien, notamment du comportement des consommateurs, des tendances du march\u00e9, de la dynamique concurrentielle et de l&#039;environnement r\u00e9glementaire.&nbsp;<\/span><\/p>\n\n\n\n<p><b>Recommandations strat\u00e9giques\u00a0:<\/b><span style=\"font-weight: 400;\">&nbsp;<\/span><\/p>\n\n\n\n<p><span style=\"font-weight: 400;\">Sur la base de notre analyse de march\u00e9, nous proposons des recommandations strat\u00e9giques adapt\u00e9es aux objectifs et d\u00e9fis uniques de chaque client.&nbsp;<\/span><\/p>\n\n\n\n<p><b>Prise de d\u00e9cision am\u00e9lior\u00e9e\u00a0:<\/b><span style=\"font-weight: 400;\">&nbsp;<\/span><\/p>\n\n\n\n<p><a href=\"https:\/\/www.linkedin.com\/company\/sisinternationalresearch\/\" target=\"_blank\" rel=\"noopener\"><span style=\"font-weight: 400;\">SIS International<\/span><\/a><span style=\"font-weight: 400;\"> donne aux entreprises les connaissances et les id\u00e9es n\u00e9cessaires pour prendre des d\u00e9cisions \u00e9clair\u00e9es \u00e0 chaque \u00e9tape du cycle de vie de l\u2019entreprise.&nbsp;<\/span><\/p>\n\n\n\n<p><b>Retour sur investissement am\u00e9lior\u00e9\u00a0:<\/b><span style=\"font-weight: 400;\">&nbsp;<\/span><\/p>\n\n\n\n<p><span style=\"font-weight: 400;\">Nos informations permettent aux entreprises d&#039;allouer leurs ressources plus efficacement, de cibler le bon public et d&#039;optimiser leurs d\u00e9penses marketing, g\u00e9n\u00e9rant ainsi une croissance des revenus et une rentabilit\u00e9.<\/span><\/p>\n\n\n\n<h2 class=\"wp-block-heading\">La Palestine, un pays diversifi\u00e9, \u00e9tait autrefois divis\u00e9e en deux parties en 1947.<\/h2>\n\n\n\n<figure class=\"gb-block-image gb-block-image-bb31a76d\"><img loading=\"lazy\" decoding=\"async\" width=\"1456\" height=\"816\" class=\"gb-image gb-image-bb31a76d\" src=\"https:\/\/www.sisinternational.com\/wp-content\/uploads\/2025\/08\/Palestine-1.jpg\" alt=\"\u00c9tudes de march\u00e9 et strat\u00e9gie internationales SIS\" title=\"Palestine (1)\" srcset=\"https:\/\/www.sisinternational.com\/wp-content\/uploads\/2025\/08\/Palestine-1.jpg 1456w, https:\/\/www.sisinternational.com\/wp-content\/uploads\/2025\/08\/Palestine-1-300x168.jpg 300w, https:\/\/www.sisinternational.com\/wp-content\/uploads\/2025\/08\/Palestine-1-1024x574.jpg 1024w, https:\/\/www.sisinternational.com\/wp-content\/uploads\/2025\/08\/Palestine-1-768x430.jpg 768w, https:\/\/www.sisinternational.com\/wp-content\/uploads\/2025\/08\/Palestine-1-18x10.jpg 18w\" sizes=\"auto, (max-width: 1456px) 100vw, 1456px\"><\/figure>\n\n\n\n<p><\/p>\n\n\n\n<p>Le peuple juif et l\u2019\u00c9tat arabe (Palestine) partageaient autrefois la terre. En effet, la Palestine se situe d\u00e9sormais dans la r\u00e9gion de la M\u00e9diterran\u00e9e orientale, avec des parties d\u2019Isra\u00ebl dans la bande de Gaza. De plus, c&#039;est un lieu sacr\u00e9 pour les juifs, les chr\u00e9tiens et les musulmans. Ils l\u2019appellent la \u00ab Terre Sainte \u00bb. Le caract\u00e8re sacr\u00e9 de cette zone pour ces trois religions a conduit \u00e0 plusieurs occasions de guerre ouverte dans le pays.<\/p>\n\n\n\n<p>La Palestine, qui abrite 4,7 millions d\u2019habitants, a \u00e9t\u00e9 pour la premi\u00e8re fois qualifi\u00e9e d\u2019\u00c9tat par les Nations Unies. Par la suite, sa capitale est devenue J\u00e9rusalem-Est, qui compte 540 000 habitants. J\u00e9rusalem abrite \u00e9galement certains des lieux les plus saints des juifs, des chr\u00e9tiens et des musulmans.<\/p>\n\n\n\n<h2 class=\"wp-block-heading\">Quartiers<\/h2>\n\n\n\n<p>Gaza est l&#039;une des r\u00e9gions les plus connues de Palestine et est une r\u00e9gion autonome. Il se trouve sur une ancienne route commerciale partant de l\u2019\u00c9gypte.<\/p>\n\n\n\n<p>Les autres quartiers sont H\u00e9bron et Khan Yunis Naplouse.<\/p>\n\n\n\n<p>Dans certains villages, une pratique courante consiste \u00e0 remonter vers la campagne. La plupart des gens poss\u00e8dent des terres cultiv\u00e9es \u00e0 la campagne, alors ils s&#039;y retirent pour boire du th\u00e9 et profiter de la vue.<\/p>\n\n\n\n<h2 class=\"wp-block-heading\">Industries cl\u00e9s<\/h2>\n\n\n\n<p>Certains experts qualifient la Palestine d\u2019\u00c9tat pauvre. Par exemple, il n&#039;y a pas beaucoup d&#039;acc\u00e8s \u00e0 Internet. Malgr\u00e9 cela, les gens continuent d\u2019utiliser les ressources dont ils disposent.<\/p>\n\n\n\n<p>Planter des oliviers est une fa\u00e7on pour eux d\u2019utiliser ce qu\u2019ils ont. Ainsi, ils cultivent des oliviers sur plus de la moiti\u00e9 des terres arables. Les gens ch\u00e9rissent les oliviers et manger de ces arbres est symbolique. En fait, ils consid\u00e8rent les olives comme de l\u2019or vert et les utilisent pour fabriquer de l\u2019huile, du savon, des souvenirs et rehausser le go\u00fbt des aliments.<\/p>\n\n\n\n<p>Les autres industries comprennent le ciment, les textiles, la sculpture, la transformation des aliments et les souvenirs en nacre.<\/p>\n\n\n\n<h2 class=\"wp-block-heading\">Les tendances<\/h2>\n\n\n\n<p>Les Palestiniens ont tendance \u00e0 \u00eatre tr\u00e8s accueillants et amicaux envers les \u00e9trangers \u00e0 leur arriv\u00e9e. Pourtant, certains transporteurs ne se rendent pas en Palestine en raison des r\u00e9cents conflits.<\/p>\n\n\n\n<p>La bande de Gaza occup\u00e9e par Isra\u00ebl a provoqu\u00e9 des probl\u00e8mes religieux et de nombreuses flamb\u00e9es extr\u00eamement violentes. Pourtant, cela a accru la prise de conscience des droits de l&#039;homme et des pr\u00e9occupations humanitaires, notamment les limites de la libre circulation, le manque de fournitures de base et le manque de r\u00e9ponse aux besoins de la population.<\/p>\n\n\n\n<p>En dehors de ces facteurs, l\u2019Autorit\u00e9 palestinienne a op\u00e9r\u00e9 un revirement. Au cours des derni\u00e8res ann\u00e9es, elle a jet\u00e9 les bases de la reconnaissance de l\u2019\u00c9tat de Cisjordanie. Cette action a abouti \u00e0 une s\u00e9curit\u00e9 ad\u00e9quate et \u00e0 des gains \u00e9conomiques en Cisjordanie, qui a connu moins d\u2019actes de violence.<\/p>\n\n\n\n<p>Concernant Gaza, les droits humains, socio-\u00e9conomiques et s\u00e9curitaires restent des sujets de pr\u00e9occupation.<\/p>\n\n\n\n<h2 class=\"wp-block-heading\">Base de consommateurs<\/h2>\n\n\n\n<p>L&#039;agriculture est une pratique courante en Palestine. Les gens r\u00e9coltent des fruits et des l\u00e9gumes, notamment des olives. Les familles villageoises poss\u00e8dent des portions de terres \u00e0 la campagne. Ils transmettent ces terres depuis des g\u00e9n\u00e9rations et les utilisent pour cultiver leurs cultures. Faire s\u00e9cher les fruits et les vendre sur le march\u00e9 est une pratique courante.<\/p>\n\n\n\n<p>La plupart des Palestiniens prennent des repas en famille et pr\u00e9parent leur nourriture, donc ouvrir un restaurant n\u2019est peut-\u00eatre pas la meilleure solution. Lorsqu\u2019ils font leurs courses, ils ach\u00e8tent des produits essentiels comme de la farine pour faire du pain. Ils pourraient aussi acheter le pain lui-m\u00eame. Les Palestiniens d\u00e9pensent \u00e9galement de l\u2019argent en v\u00eatements, articles de toilette, viande et autres articles. Le march\u00e9 est l\u2019endroit o\u00f9 la plupart des gens tirent profit de leurs r\u00e9coltes.<\/p>\n\n\n\n<h2 class=\"wp-block-heading\"><strong>Facteurs de march\u00e9<\/strong><\/h2>\n\n\n\n<p><span style=\"font-weight: 400;\">Pour comprendre la dynamique du march\u00e9 palestinien, il est essentiel d&#039;identifier et d&#039;analyser les facteurs qui stimulent sa croissance et son d\u00e9veloppement. Voici quelques facteurs cl\u00e9s qui fa\u00e7onnent le paysage du march\u00e9 automobile en Palestine\u00a0:<\/span><\/p>\n\n\n\n<ul class=\"wp-block-list\">\n<li><b>Croissance \u00e9conomique:<\/b><span style=\"font-weight: 400;\"> Le d\u00e9veloppement \u00e9conomique actuel de la Palestine, malgr\u00e9 ses d\u00e9fis, entra\u00eene une augmentation du pouvoir d&#039;achat des consommateurs. \u00c0 mesure que l\u2019\u00e9conomie se d\u00e9veloppe, la demande d\u2019automobiles \u00e0 usage personnel et commercial augmente \u00e9galement.<\/span><\/li>\n\n\n\n<li><b>Le d\u00e9veloppement des infrastructures:<\/b><span style=\"font-weight: 400;\"> Les investissements dans les infrastructures, telles que les r\u00e9seaux routiers et les syst\u00e8mes de transport, jouent un r\u00f4le important dans la croissance du secteur automobile. L\u2019am\u00e9lioration des infrastructures am\u00e9liore non seulement l\u2019accessibilit\u00e9, mais encourage \u00e9galement la possession et l\u2019utilisation d\u2019un v\u00e9hicule.<\/span><\/li>\n<\/ul>\n\n\n\n<h2 class=\"wp-block-heading\"><strong>Restrictions du march\u00e9<\/strong><\/h2>\n\n\n\n<p><span style=\"font-weight: 400;\">Le march\u00e9 palestinien est confront\u00e9 \u00e0 plusieurs d\u00e9fis et contraintes qui doivent \u00eatre surmont\u00e9s pour un d\u00e9veloppement durable. Voici quelques facteurs cl\u00e9s qui limitent le potentiel du march\u00e9\u00a0:<\/span><\/p>\n\n\n\n<ul class=\"wp-block-list\">\n<li><b>L&#039;instabilit\u00e9 politique:<\/b><span style=\"font-weight: 400;\"> Political tensions and regional conflicts contribute to economic uncertainty, affecting consumer confidence and investment decisions.\u00a0<\/span><\/li>\n\n\n\n<li><b>Limites des infrastructures\u00a0:<\/b><span style=\"font-weight: 400;\"> Despite ongoing infrastructure development efforts, Palestine still needs help with adequate road networks, traffic congestion, and a lack of charging infrastructure for electric vehicles.\u00a0<\/span><\/li>\n\n\n\n<li><b>Acc\u00e8s limit\u00e9 au financement\u00a0:<\/b><span style=\"font-weight: 400;\"> Financing options for vehicle purchases remain limited in Palestine, particularly for individual consumers and small businesses.\u00a0<\/span><\/li>\n<\/ul>\n\n\n\n<h2 class=\"wp-block-heading\">Raisons de d\u00e9velopper votre entreprise en Palestine<\/h2>\n\n\n\n<p>La loi permet \u00e0 une entreprise de b\u00e9n\u00e9ficier du 100% de l&#039;imp\u00f4t sur le revenu pendant cinq ans (ou plus). La Palestine a \u00e9galement des accords de libre-\u00e9change avec des acteurs \u00e9conomiques mondiaux. Il propose \u00e9galement des programmes d\u2019incitation et de nombreuses opportunit\u00e9s d\u2019investissement dans diff\u00e9rents secteurs.<\/p>\n\n\n\n<h2 class=\"wp-block-heading\">Notre emplacement \u00e0 New York<\/h2>\n\n\n\n<p>  <iframe loading=\"lazy\" src=\"https:\/\/www.google.com\/maps\/embed?pb=!1m18!1m12!1m3!1d3022.976188376966!2d-73.99130312499956!3d40.740549471389315!2m3!1f0!2f0!3f0!3m2!1i1024!2i768!4f13.1!3m3!1m2!1s0x89c259a15798c731%3A0xd695d09bdd495f25!2s11%20E%2022nd%20St%20FL%202%2C%20New%20York%2C%20NY%2010010%2C%20USA!5e0!3m2!1sen!2spe!4v1726171763526!5m2!1sen!2spe\" width=\"600\" height=\"450\" allowfullscreen=\"allowfullscreen\" data-mce-fragment=\"1\"><\/iframe>  <\/p>\n\n\n\n<h3 class=\"wp-block-heading\">11 E 22nd Street, \u00e9tage 2, New York, NY 10010 T\u00e9l. : +1(212) 505-6805<\/h3>\n\n\n\n<hr class=\"wp-block-separator has-alpha-channel-opacity\"\/>\n\n\n\n<h2 class=\"wp-block-heading\"><span style=\"font-weight: 400;\">\u00c0 propos de SIS International<\/span><\/h2>\n\n\n\n<p><a href=\"https:\/\/www.sisinternational.com\/fr\/\"><span style=\"font-weight: 400;\">SIS International<\/span><\/a><span style=\"font-weight: 400;\"> propose des recherches quantitatives, qualitatives et strat\u00e9giques. Nous fournissons des donn\u00e9es, des outils, des strat\u00e9gies, des rapports et des informations pour la prise de d\u00e9cision. Nous menons \u00e9galement des entretiens, des enqu\u00eates, des groupes de discussion et d\u2019autres m\u00e9thodes et approches d\u2019\u00e9tudes de march\u00e9.<\/span><a href=\"https:\/\/www.sisinternational.com\/fr\/a-propos-de-la-recherche-internationale-sis\/contact-sis-international-market-research\/\"><span style=\"font-weight: 400;\"> Contactez nous<\/span><\/a><span style=\"font-weight: 400;\"> pour votre prochain projet d&#039;\u00e9tude de march\u00e9.<\/span><\/p>\n\n\n\n<p><\/p>","protected":false},"excerpt":{"rendered":"<p>D\u00e9couvrez comment d\u00e9velopper votre organisation gr\u00e2ce aux \u00e9tudes de march\u00e9 en Palestine.<\/p>","protected":false},"author":1,"featured_media":65091,"parent":36619,"menu_order":7,"comment_status":"closed","ping_status":"closed","template":"","meta":{"footnotes":""},"class_list":["post-38440","page","type-page","status-publish","has-post-thumbnail"],"_links":{"self":[{"href":"https:\/\/www.sisinternational.com\/fr\/wp-json\/wp\/v2\/pages\/38440","targetHints":{"allow":["GET"]}}],"collection":[{"href":"https:\/\/www.sisinternational.com\/fr\/wp-json\/wp\/v2\/pages"}],"about":[{"href":"https:\/\/www.sisinternational.com\/fr\/wp-json\/wp\/v2\/types\/page"}],"author":[{"embeddable":true,"href":"https:\/\/www.sisinternational.com\/fr\/wp-json\/wp\/v2\/users\/1"}],"replies":[{"embeddable":true,"href":"https:\/\/www.sisinternational.com\/fr\/wp-json\/wp\/v2\/comments?post=38440"}],"version-history":[{"count":10,"href":"https:\/\/www.sisinternational.com\/fr\/wp-json\/wp\/v2\/pages\/38440\/revisions"}],"predecessor-version":[{"id":68616,"href":"https:\/\/www.sisinternational.com\/fr\/wp-json\/wp\/v2\/pages\/38440\/revisions\/68616"}],"up":[{"embeddable":true,"href":"https:\/\/www.sisinternational.com\/fr\/wp-json\/wp\/v2\/pages\/36619"}],"wp:featuredmedia":[{"embeddable":true,"href":"https:\/\/www.sisinternational.com\/fr\/wp-json\/wp\/v2\/media\/65091"}],"wp:attachment":[{"href":"https:\/\/www.sisinternational.com\/fr\/wp-json\/wp\/v2\/media?parent=38440"}],"curies":[{"name":"wp","href":"https:\/\/api.w.org\/{rel}","templated":true}]}}