{"id":38376,"date":"2021-08-13T13:38:10","date_gmt":"2021-08-13T13:38:10","guid":{"rendered":"https:\/\/www.sisinternational.com\/?page_id=38376"},"modified":"2025-09-14T18:33:54","modified_gmt":"2025-09-14T22:33:54","slug":"etude-de-marche-sur-le-vapotage","status":"publish","type":"page","link":"https:\/\/www.sisinternational.com\/fr\/competence\/etude-de-marche-sur-le-vapotage\/","title":{"rendered":"\u00c9tude de march\u00e9 sur le vapotage"},"content":{"rendered":"<h1 class=\"wp-block-heading\">\u00c9tude de march\u00e9 sur le vapotage<\/h1>\n\n\n\n<figure class=\"gb-block-image gb-block-image-d904fa7c\"><img loading=\"lazy\" decoding=\"async\" width=\"1456\" height=\"816\" class=\"gb-image gb-image-d904fa7c\" src=\"https:\/\/www.sisinternational.com\/wp-content\/uploads\/2025\/08\/Vape-vaping-6.jpg\" alt=\"\u00c9tudes de march\u00e9 et strat\u00e9gie internationales SIS\" title=\"Vape vaping (6)\" srcset=\"https:\/\/www.sisinternational.com\/wp-content\/uploads\/2025\/08\/Vape-vaping-6.jpg 1456w, https:\/\/www.sisinternational.com\/wp-content\/uploads\/2025\/08\/Vape-vaping-6-300x168.jpg 300w, https:\/\/www.sisinternational.com\/wp-content\/uploads\/2025\/08\/Vape-vaping-6-1024x574.jpg 1024w, https:\/\/www.sisinternational.com\/wp-content\/uploads\/2025\/08\/Vape-vaping-6-768x430.jpg 768w, https:\/\/www.sisinternational.com\/wp-content\/uploads\/2025\/08\/Vape-vaping-6-18x10.jpg 18w\" sizes=\"auto, (max-width: 1456px) 100vw, 1456px\"><\/figure>\n\n\n\n<p><\/p>\n\n\n\n<h2 class=\"wp-block-heading\">En 2003, la premi\u00e8re cigarette \u00e9lectronique (vape) a \u00e9t\u00e9 invent\u00e9e comme alternative plus s\u00fbre \u00e0 la cigarette et a ouvert la voie \u00e0 l&#039;industrie du vapotage qui est aujourd&#039;hui largement connue.<\/h2>\n\n\n\n<p>Depuis ses d\u00e9buts, le vapotage est devenu tr\u00e8s populaire \u00e0 l\u2019\u00e9chelle mondiale, mais non sans controverse. Aujourd\u2019hui, le march\u00e9 du vapotage va bien au-del\u00e0 du tabac sans fum\u00e9e, m\u00eame si la majeure partie du march\u00e9 se concentre toujours sur la fourniture d\u2019alternatives au tabac plus s\u00fbres.<\/p>\n\n\n\n<h2 class=\"wp-block-heading\">Pourquoi l\u2019industrie du vapotage est-elle importante ?<\/h2>\n\n\n\n<p>Bien que le vapotage comporte son propre ensemble de risques potentiels pour les consommateurs, il existe plusieurs avantages potentiels \u00e0 choisir les vapes plut\u00f4t que les substances combustibles comme le tabac ou la marijuana\u00a0:<\/p>\n\n\n\n<ol class=\"wp-block-list\">\n<li>Commodit\u00e9 \u2013 Pour de nombreux utilisateurs, le vapotage constitue un moyen beaucoup plus pratique d\u2019ing\u00e9rer la substance de leur choix. Qu&#039;il s&#039;agisse de nicotine, de THC, de CBD ou simplement de jus aromatis\u00e9s, le vapotage permet aux individus de fumer \u00e0 l&#039;int\u00e9rieur de leur r\u00e9sidence ou lors d&#039;\u00e9v\u00e9nements (lorsque cela est autoris\u00e9) sans laisser d&#039;odeurs naus\u00e9abondes ou de produits chimiques derri\u00e8re eux. Il ne laisse pas \u00e0 l&#039;utilisateur final une odeur de fum\u00e9e, ce qui profite \u00e0 ceux qui travaillent dans un bureau ou vivent \u00e0 proximit\u00e9 d&#039;autres personnes.<\/li>\n\n\n\n<li>Cessation \u2013 De nombreux fumeurs ont utilis\u00e9 le vapotage pour arr\u00eater ou remplacer compl\u00e8tement les combustibles et ont trouv\u00e9 la vapeur apaisante dans certains cas. Pour ceux qui aiment les sensations associ\u00e9es \u00e0 la vraie fum\u00e9e, le vapotage cherche \u00e0 procurer cette sensation avec une m\u00e9thode de distribution vraisemblablement plus s\u00fbre.<\/li>\n\n\n\n<li>Administration de m\u00e9dicaments \u2013 L&#039;application du vapotage comme voie d&#039;administration de diff\u00e9rents m\u00e9dicaments a connu un \u00e9norme succ\u00e8s au fil du temps. Pour les personnes qui ont des difficult\u00e9s \u00e0 traiter les m\u00e9dicaments sans ressentir de naus\u00e9es ou qui ont simplement du mal \u00e0 avaler, le vapotage constitue une m\u00e9thode rapide et efficace pour r\u00e9pondre \u00e0 leurs besoins.<\/li>\n\n\n\n<li>S\u00e9curit\u00e9 \u2013 Bien que les effets \u00e0 long terme ne soient pas enti\u00e8rement compris, le vapotage est g\u00e9n\u00e9ralement consid\u00e9r\u00e9 comme une alternative plus s\u00fbre au tabac ou \u00e0 d\u2019autres combustibles. De plus, comme la vapeur se dissipe beaucoup plus rapidement et plus facilement que la vraie fum\u00e9e, il y a moins de risques de nuire \u00e0 d\u2019autres personnes avec la fum\u00e9e secondaire.<\/li>\n<\/ol>\n\n\n\n<p>Quelle que soit l\u2019application, l\u2019industrie du vapotage est cruciale car elle r\u00e9pond \u00e0 un besoin. L\u2019industrie du vapotage \u00e9volue rapidement, passant des alternatives au tabagisme \u00e0 l\u2019administration de m\u00e9dicaments, et conna\u00eetra probablement un grand succ\u00e8s dans les ann\u00e9es \u00e0 venir.<\/p>\n\n\n\n<h2 class=\"wp-block-heading\">Tendances du march\u00e9 de la vape<\/h2>\n\n\n\n<p>L&#039;industrie du vapotage continuera d&#039;\u00e9voluer aux c\u00f4t\u00e9s de la soci\u00e9t\u00e9, qu&#039;il s&#039;agisse d&#039;un nouvel appareil, d&#039;un produit ou d&#039;un nouveau style\u00a0; chaque ann\u00e9e, les principaux acteurs du secteur du vapotage lancent quelque chose de nouveau, et l\u2019avenir ne sera probablement pas diff\u00e9rent. Alors que le march\u00e9 du vapotage continue d\u2019\u00e9voluer, certaines des tendances les plus importantes dans ce domaine auront un impact permanent sur l\u2019industrie.<\/p>\n\n\n\n<ul class=\"wp-block-list\">\n<li>Shapes &amp; Size \u2013 As manufacturing processes in the vape industry have evolved, the ability to introduce smaller, longer-lasting vapes for <a href=\"https:\/\/www.sisinternational.com\/fr\/solutions\/solutions-de-branding-et-de-recherche-client\/tests-dutilisabilite-recherche-ux-utilisateur\/\" title=\"\u00c9tudes de march\u00e9 des utilisateurs et tests d&#039;utilisabilit\u00e9\"  data-wpil-monitor-id=\"8670\">users has allowed the market<\/a> to expand exponentially. The first public offerings of vapes were cheap and resembled the likes of a cigarette, hence the term e-cigarette. Additionally, they did not last long, so consumers were inclined to purchase multiple at once or make numerous trips to their local supplier. Today, vapes exist in various shapes, sizes, and colors that appeal to a wide range of audiences. Brands like JUUL, Posh, Cali Plus, Puff Bar, and more have established many different sizes for consumers to choose from, allowing individuals to select a vape depending on their needs. Furthermore, the flexibility in manufacturing has enabled brands to customize the tips of vapes and bring end-users a variety of experiences around mouthfeel and inhalation.<\/li>\n\n\n\n<li>Nicotine Salts \u2013 E-juices, the fluids used in vapes to produce a smoke-like effect, are typically created using propylene glycol or vegetable glycerin. These bases are infused with flavorings and nicotine to produce the desired outcome. Unlike the traditional nicotine used in vapes (freebase nicotine), nicotine salts form when introducing an organic acid like benzoic or citric acid. This additional acid lowers the pH of freebase nicotine and provides a more pleasant experience to the end-user. The introduction of nicotine salts in the vaping industry has made vaping more accessible to first-time users by limiting the harsh effects that previous liquids had on the lungs and throat. Bridging this gap has vastly expanded the potential <a href=\"https:\/\/www.sisinternational.com\/fr\/solutions\/conseil-en-tourisme-de-voyage-et-en-hotellerie\/etude-de-marche-dune-entreprise-de-guides-touristiques\/\" title=\"\u00c9tude de march\u00e9 sur les soci\u00e9t\u00e9s de guides touristiques\"  data-wpil-monitor-id=\"8671\">market for companies<\/a> in this space.<\/li>\n\n\n\n<li>Produits jetables \u2013 Avec l\u2019adoption g\u00e9n\u00e9ralis\u00e9e du vapotage, de nombreuses organisations ont eu recours \u00e0 des techniques de re-branding pour tirer parti de gros volumes de fournisseurs de marques priv\u00e9es et vendre des vapes jetables \u00e0 grande \u00e9chelle. Cette technique a rendu le vapotage beaucoup plus accessible aux consommateurs et a plac\u00e9 des vapes jetables dans presque toutes les stations-service ou fumoirs aux \u00c9tats-Unis. Avec l&#039;introduction des vapes jetables, les utilisateurs finaux disposent d\u00e9sormais d&#039;un large choix de marques, de couleurs, de formes, de saveurs et de tailles.<\/li>\n\n\n\n<li>Saveurs \u2013 Les saveurs disponibles dans les vapes jetables et les jus \u00e9lectroniques ont parcouru un long chemin depuis leur cr\u00e9ation. Initialement, les ar\u00f4mes utilis\u00e9s dans les vapes imitaient le go\u00fbt du tabac, ce qui a conduit \u00e0 la distribution de jus de tabac, de menthol et de menthe. \u00c0 mesure que le march\u00e9 \u00e9voluait, les marques et les amateurs ont commenc\u00e9 \u00e0 formuler des e-liquides imitant presque toutes les saveurs imaginables. Des fraises \u00e0 l&#039;ail, l&#039;\u00e9volution du e-liquide a donn\u00e9 aux consommateurs la possibilit\u00e9 de vapoter \u00e0 peu pr\u00e8s n&#039;importe quelle saveur de leur choix ; cependant, les ar\u00f4mes fruit\u00e9s et \u00e0 base de menthol font partie des ar\u00f4mes les plus consomm\u00e9s dans l&#039;industrie.<\/li>\n<\/ul>\n\n\n\n<h2 class=\"wp-block-heading\">Opportunit\u00e9s dans l&#039;industrie du vapotage<\/h2>\n\n\n\n<figure class=\"gb-block-image gb-block-image-0b4038ff\"><img loading=\"lazy\" decoding=\"async\" width=\"1456\" height=\"816\" class=\"gb-image gb-image-0b4038ff\" src=\"https:\/\/www.sisinternational.com\/wp-content\/uploads\/2025\/08\/Vape-vaping-3.jpg\" alt=\"\u00c9tudes de march\u00e9 et strat\u00e9gie internationales SIS\" title=\"Vape vaping (3)\" srcset=\"https:\/\/www.sisinternational.com\/wp-content\/uploads\/2025\/08\/Vape-vaping-3.jpg 1456w, https:\/\/www.sisinternational.com\/wp-content\/uploads\/2025\/08\/Vape-vaping-3-300x168.jpg 300w, https:\/\/www.sisinternational.com\/wp-content\/uploads\/2025\/08\/Vape-vaping-3-1024x574.jpg 1024w, https:\/\/www.sisinternational.com\/wp-content\/uploads\/2025\/08\/Vape-vaping-3-768x430.jpg 768w, https:\/\/www.sisinternational.com\/wp-content\/uploads\/2025\/08\/Vape-vaping-3-18x10.jpg 18w\" sizes=\"auto, (max-width: 1456px) 100vw, 1456px\"><\/figure>\n\n\n\n<p><\/p>\n\n\n\n<p>Il existe \u00e9norm\u00e9ment d\u2019opportunit\u00e9s dans le monde de la vape. \u00c0 mesure que les capacit\u00e9s de fabrication deviennent plus avanc\u00e9es et que les progr\u00e8s dans la formulation des e-liquides continuent de progresser, les marques ont beaucoup plus de marge de man\u0153uvre pour se diff\u00e9rencier sur le march\u00e9. Certains des domaines les plus prometteurs du march\u00e9 du vapotage comprennent\u00a0:<\/p>\n\n\n\n<ul class=\"wp-block-list\">\n<li>Des formulations de jus plus saines \u2013 Les consommateurs recherchent des e-liquides et des jus contenant moins d\u2019additifs et plus de compos\u00e9s organiques comme la glyc\u00e9rine v\u00e9g\u00e9tale.<\/li>\n\n\n\n<li>Cannabis \u2013 The cannabis industry is growing at an alarming rate. The introduction of cannabinoid-based e-liquids has created a massive <a href=\"https:\/\/www.sisinternational.com\/fr\/solutions\/conseil-en-tourisme-de-voyage-et-en-hotellerie\/societe-de-gestion-hoteliere-etude-de-marche-conseil-en-strategie\/\" title=\"Soci\u00e9t\u00e9 de gestion h\u00f4teli\u00e8re \u00c9tudes de march\u00e9 et conseil en strat\u00e9gie\"  data-wpil-monitor-id=\"8672\">market potential for companies<\/a> entering the recreational or medicinal marijuana industry.<\/li>\n\n\n\n<li>\u00c9tiquetage priv\u00e9 \u2013 L&#039;\u00e9tiquetage priv\u00e9 des vapes jetables et rechargeables a rendu l&#039;industrie beaucoup plus accessible aux acteurs qui n&#039;ont pas le capital n\u00e9cessaire pour investir dans l&#039;\u00e9quipement de fabrication ou la cha\u00eene d&#039;approvisionnement. Que ce soit en tant que fournisseur ou distributeur, l&#039;\u00e9tiquetage priv\u00e9 dans l&#039;industrie du vapotage a eu un impact consid\u00e9rable sur le paysage du march\u00e9.<\/li>\n<\/ul>\n\n\n\n<h2 class=\"wp-block-heading\">Les d\u00e9fis de l&#039;industrie<\/h2>\n\n\n\n<ul class=\"wp-block-list\">\n<li>Pr\u00e9occupations en mati\u00e8re de sant\u00e9 \u2013 Le vapotage \u00e9tant un concept relativement nouveau, les chercheurs n\u2019ont pas eu suffisamment de temps pour comprendre pleinement son impact sur la sant\u00e9 \u00e0 court et \u00e0 long terme. \u00c9tant donn\u00e9 le risque de dommages aux poumons, au c\u0153ur, \u00e0 la gorge et \u00e0 un plus grand nombre de consommateurs, les organisations de l&#039;industrie du vapotage doivent \u00eatre prudentes quant aux fournisseurs qu&#039;elles choisissent.<\/li>\n\n\n\n<li>Regulation \u2013 Increasing regulation around the formulation, design, packaging, and distribution of vapes has made it increasingly difficult for <a href=\"https:\/\/www.sisinternational.com\/fr\/competence\/les-industries\/etudes-de-marche-des-organismes-de-recherche-sous-contrat\/\" title=\"\u00c9tude de march\u00e9 sur les organismes de recherche sous contrat\"  data-wpil-monitor-id=\"8675\">organizations to navigate and understand the market<\/a> they serve. Companies in this market must be cautious about their advertising techniques and the chemicals they use in vapes to ensure they do not appeal to children and open doors for potential lawsuits.<\/li>\n\n\n\n<li>Competition \u2013 Due to the growing popularity of vaping, more and more players are entering the space each day. Restricted by regulations on marketing and advertisement, brands must continue to find ways to stand out in the crowded <a href=\"https:\/\/www.sisinternational.com\/fr\/solutions\/legal-market-research\/\" title=\"Legal Market Research\"  data-wpil-monitor-id=\"8673\">market while remaining compliant with any legal<\/a> authority.<\/li>\n<\/ul>\n\n\n\n<h2 class=\"wp-block-heading\">Qu\u2019est-ce que l\u2019\u00e9tude de march\u00e9 sur le vapotage ?<\/h2>\n\n\n\n<p>Vaping market research provides organizations a comprehensive view into the trends, competition, outlooks, geographies, and <a href=\"https:\/\/www.sisinternational.com\/fr\/transporteurs-low-cost-dans-lindustrie-aeronautique\/\" title=\"\u00c9tude de march\u00e9 sur les compagnies a\u00e9riennes \u00e0 bas prix\"  data-wpil-monitor-id=\"8668\">mondial<\/a> policies surrounding the vaping industry and helps brands better position themselves to compete within or against this market. Organizations entering the vaping market without knowledge surrounding their target consumers will have a difficult time establishing differentiation.<\/p>\n\n\n\n<p>Conducting qualitative research surrounding the vaping industry can enable brands to understand their intended <a href=\"https:\/\/www.sisinternational.com\/fr\/solutions\/test-de-gout\/test-de-produits-de-consommation-a-new-york\/\" title=\"Tests de produits de consommation \u00e0 New York\"  data-wpil-monitor-id=\"8674\">consumers&#8217; lives better and create products<\/a> that suit their needs. Product testing, <a class=\"wpil_keyword_link\" href=\"https:\/\/www.sisinternational.com\/fr\/solutions\/solutions-de-recherche-qualitative-et-quantitative\/dans-les-tests-dutilisation-a-domicile-ihuts\/\"   title=\"Etude de march\u00e9 IHUT\" data-wpil-keyword-link=\"linked\"  data-wpil-monitor-id=\"424\">in-home use tests (iHUTs)<\/a>, central location tests (CLTs), focus groups, and in-depth interviews (IDIs) can give companies access to their end-users&#8217; thought processes and help them position themselves strategically within the marketplace.<\/p>\n\n\n\n<p>L\u2019ex\u00e9cution de recherches quantitatives dans l\u2019industrie du vapotage fournira aux marques une repr\u00e9sentation num\u00e9rique statistiquement significative du march\u00e9 qu\u2019elles servent ou ont l\u2019intention de desservir. La r\u00e9alisation d&#039;enqu\u00eates de satisfaction, de recherches d\u00e9mographiques, etc. permettra aux entreprises de pr\u00e9dire, contr\u00f4ler ou d\u00e9crire les variables d&#039;int\u00e9r\u00eat. Ces analyses permettent des pr\u00e9dictions fond\u00e9es sur des faits qui permettront aux entreprises de mieux d\u00e9finir leurs publics cibles, de comprendre les avantages et les inconv\u00e9nients de leurs diff\u00e9rentes offres et de cr\u00e9er de meilleurs produits et campagnes.<\/p>\n\n\n\n<p>Utilizing or performing <a href=\"https:\/\/www.sisinternational.com\/fr\/competence\/les-industries\/etude-de-marche-industriel\/\" title=\"\u00c9tudes de march\u00e9 et strat\u00e9gie industrielle\"  data-wpil-monitor-id=\"8669\">market research in the vaping industry<\/a> is essential because it enables organizations to create a macroscopic view of their market and formulate strategic, well-defined business plans backed by empirical evidence. Without these insights, organizations frequently make ill-informed investments into different sectors of the vaping industry. These decisions can be tough to recover from if not identified early on. Vaping market research helps companies avoid these issues by adequately informing brands on their best next steps and putting them on a path to success.<\/p>","protected":false},"excerpt":{"rendered":"<p>Les \u00e9tudes de march\u00e9 sur le vapotage offrent une vue compl\u00e8te des tendances, de la concurrence, des perspectives et des politiques de l\u2019industrie du vapotage.<\/p>","protected":false},"author":1,"featured_media":63623,"parent":14514,"menu_order":72,"comment_status":"closed","ping_status":"closed","template":"","meta":{"footnotes":""},"class_list":["post-38376","page","type-page","status-publish","has-post-thumbnail"],"_links":{"self":[{"href":"https:\/\/www.sisinternational.com\/fr\/wp-json\/wp\/v2\/pages\/38376","targetHints":{"allow":["GET"]}}],"collection":[{"href":"https:\/\/www.sisinternational.com\/fr\/wp-json\/wp\/v2\/pages"}],"about":[{"href":"https:\/\/www.sisinternational.com\/fr\/wp-json\/wp\/v2\/types\/page"}],"author":[{"embeddable":true,"href":"https:\/\/www.sisinternational.com\/fr\/wp-json\/wp\/v2\/users\/1"}],"replies":[{"embeddable":true,"href":"https:\/\/www.sisinternational.com\/fr\/wp-json\/wp\/v2\/comments?post=38376"}],"version-history":[{"count":6,"href":"https:\/\/www.sisinternational.com\/fr\/wp-json\/wp\/v2\/pages\/38376\/revisions"}],"predecessor-version":[{"id":81454,"href":"https:\/\/www.sisinternational.com\/fr\/wp-json\/wp\/v2\/pages\/38376\/revisions\/81454"}],"up":[{"embeddable":true,"href":"https:\/\/www.sisinternational.com\/fr\/wp-json\/wp\/v2\/pages\/14514"}],"wp:featuredmedia":[{"embeddable":true,"href":"https:\/\/www.sisinternational.com\/fr\/wp-json\/wp\/v2\/media\/63623"}],"wp:attachment":[{"href":"https:\/\/www.sisinternational.com\/fr\/wp-json\/wp\/v2\/media?parent=38376"}],"curies":[{"name":"wp","href":"https:\/\/api.w.org\/{rel}","templated":true}]}}