{"id":38077,"date":"2021-07-16T03:35:37","date_gmt":"2021-07-16T03:35:37","guid":{"rendered":"https:\/\/www.sisinternational.com\/?page_id=38077"},"modified":"2026-01-24T16:40:40","modified_gmt":"2026-01-24T21:40:40","slug":"etude-de-marche-en-afrique-ouganda","status":"publish","type":"page","link":"https:\/\/www.sisinternational.com\/fr\/couverture\/etude-de-marche-en-afrique\/etude-de-marche-en-afrique-ouganda\/","title":{"rendered":"Etude de march\u00e9 en Ouganda, Afrique de l&#039;Est"},"content":{"rendered":"<h1 class=\"wp-block-heading\">\u00c9tude de march\u00e9 en Ouganda, Afrique<\/h1>\n\n\n\n<figure class=\"gb-block-image gb-block-image-82f7095d\"><img loading=\"lazy\" decoding=\"async\" width=\"1456\" height=\"816\" class=\"gb-image gb-image-82f7095d\" src=\"https:\/\/www.sisinternational.com\/wp-content\/uploads\/2025\/08\/Uganda-2.jpg\" alt=\"\u00c9tudes de march\u00e9 et strat\u00e9gie internationales SIS\" title=\"Uganda (2)\" srcset=\"https:\/\/www.sisinternational.com\/wp-content\/uploads\/2025\/08\/Uganda-2.jpg 1456w, https:\/\/www.sisinternational.com\/wp-content\/uploads\/2025\/08\/Uganda-2-300x168.jpg 300w, https:\/\/www.sisinternational.com\/wp-content\/uploads\/2025\/08\/Uganda-2-1024x574.jpg 1024w, https:\/\/www.sisinternational.com\/wp-content\/uploads\/2025\/08\/Uganda-2-768x430.jpg 768w, https:\/\/www.sisinternational.com\/wp-content\/uploads\/2025\/08\/Uganda-2-18x10.jpg 18w\" sizes=\"auto, (max-width: 1456px) 100vw, 1456px\"><\/figure>\n\n\n\n<p><\/p>\n\n\n\n<p>La pand\u00e9mie de COVID-19 a provoqu\u00e9 la stagnation de l\u2019Ouganda. Cela a \u00e9galement provoqu\u00e9 la faillite de nombreuses entreprises et un grand nombre d\u2019Ougandais ont perdu leur emploi. Pendant ce temps, une invasion de criquets et des inondations ont d\u00e9truit les r\u00e9coltes dans tout le pays. En cons\u00e9quence, les Ougandais ont moins de pouvoir d\u2019achat et ach\u00e8tent donc moins de biens. Un investissement en Ouganda en vaut-il la peine ? Continuez \u00e0 lire pour le d\u00e9couvrir.<\/p>\n\n\n\n<h2 class=\"wp-block-heading\">Industries cl\u00e9s<\/h2>\n\n\n\n<p>La production de coton, de ciment, de sucre, de tabac, de brasseries et d&#039;acier sont les principales industries de l&#039;Ouganda. Les autres exportations comprennent le th\u00e9, le caf\u00e9, l&#039;or, les produits v\u00e9g\u00e9taux et le poisson. Les grandes entreprises dominent ce secteur gr\u00e2ce \u00e0 leurs succursales locales. Pourtant, il est modeste compar\u00e9 \u00e0 celui des pays plus d\u00e9velopp\u00e9s. L&#039;alimentation \u00e9lectrique est in\u00e9gale, ce qui rend la production difficile. Le Rwanda et le Kenya sont les principaux partenaires d&#039;exportation de l&#039;Ouganda.<\/p>\n\n\n\n<h2 class=\"wp-block-heading\">Quartiers<\/h2>\n\n\n\n<p>La capitale de l&#039;Ouganda est Kampala, qui est \u00e9galement la plus grande ville du pays. Situ\u00e9e \u00e0 l\u2019extr\u00e9mit\u00e9 nord du lac Victoria, Kampala est l\u2019une des villes \u00e0 la croissance la plus rapide au monde. Certains consid\u00e8rent qu&#039;elle est la meilleure ville d&#039;Afrique de l&#039;Est.<\/p>\n\n\n\n<p>Entebbe est une autre des plus grandes villes de l&#039;Ouganda, situ\u00e9e au sud de Kampala. Entebbe est la porte d&#039;entr\u00e9e vers certaines des attractions touristiques du pays. Comme Kampala, son emplacement est proche du lac Victoria. Cette ville poss\u00e8de \u00e9galement un a\u00e9roport.<\/p>\n\n\n\n<p>Jinja est \u00e9galement proche de Kampala et est c\u00e9l\u00e8bre pour \u00eatre la source du Nil Blanc. Les guides de voyage l&#039;appellent la capitale de l&#039;aventure de l&#039;Afrique de l&#039;Est. Il est facile d&#039;y acc\u00e9der depuis Kampala \u2013 vous pouvez vous y rendre par la route ou par avion.<\/p>\n\n\n\n<h2 class=\"wp-block-heading\">Les tendances<\/h2>\n\n\n\n<p>L\u2019\u00e9conomie ougandaise est dans une spirale descendante caus\u00e9e par le COVID-19. Les perspectives sont sombres, surtout si le virus continue de se propager. Une pand\u00e9mie prolong\u00e9e rendra plus difficile la reprise des exportations ougandaises. Cela nuira \u00e9galement au tourisme et les Ougandais \u00e0 l\u2019\u00e9tranger ne pourront plus envoyer d\u2019argent chez eux.<\/p>\n\n\n\n<p>L&#039;Ouganda a un taux de natalit\u00e9 \u00e9lev\u00e9 mais trop d&#039;enfants meurent \u00e0 la naissance. La pauvret\u00e9 est r\u00e9pandue. La pand\u00e9mie r\u00e9duit \u00e9galement \u00e0 n\u00e9ant les progr\u00e8s r\u00e9cents en mati\u00e8re de capital humain et de sant\u00e9.<\/p>\n\n\n\n<p>Du c\u00f4t\u00e9 positif, l\u2019Ouganda commencera \u00e0 produire du p\u00e9trole dans quelques ann\u00e9es.<\/p>\n\n\n\n<h2 class=\"wp-block-heading\">Avantages et atouts sur le march\u00e9<\/h2>\n\n\n\n<p>Uganda has many strengths. For example, it has oil fields, fertile land, and hydroelectric power potential. Another benefit to investing in Uganda is the support it gets from donor countries. These countries help with the building of roads, bridges, and the like. They help make it easier for investors to get their <a href=\"https:\/\/www.sisinternational.com\/fr\/competence\/cv-dexperience\/etude-de-marche-sur-les-produits-de-soins-personnels\/\" title=\"\u00c9tude de march\u00e9 sur les produits de soins personnels\"  data-wpil-monitor-id=\"11110\">products to market<\/a>. Uganda also has a strategic location. Finally, the country has been stable over the last few decades, which is always a plus.<\/p>\n\n\n\n<h2 class=\"wp-block-heading\">Base de consommateurs<\/h2>\n\n\n\n<p>Seuls quelques Ougandais ont acc\u00e8s \u00e0 Internet, m\u00eame si beaucoup poss\u00e8dent un t\u00e9l\u00e9phone portable. Les Ougandais comptent sur les t\u00e9l\u00e9phones portables pour rester connect\u00e9s. La messagerie texte est l\u2019activit\u00e9 la plus populaire, notamment chez les adolescents. La plupart des Ougandais poss\u00e8dent \u00e9galement une t\u00e9l\u00e9vision. La plupart d&#039;entre eux vivent \u00e9galement dans des zones rurales, mais la population urbaine augmente rapidement.<\/p>\n\n\n\n<p>La moiti\u00e9 des Ougandais ont entre 15 et 64 ans. Il existe donc une vaste base de consommateurs.<\/p>\n\n\n\n<h2 class=\"wp-block-heading\">Raisons de d\u00e9velopper votre entreprise en Ouganda<\/h2>\n\n\n\n<p>Outre le grand nombre de personnes en \u00e2ge de travailler, le revenu par habitant est faible. Cela signifie que les co\u00fbts de main-d\u2019\u0153uvre en Ouganda sont \u00e9galement faibles. Pendant ce temps, l\u2019Ouganda conna\u00eet un d\u00e9ficit commercial \u00e9lev\u00e9. Les biens qu\u2019elle produit ne suffisent donc pas \u00e0 r\u00e9pondre \u00e0 la demande locale. Ainsi, les investisseurs \u00e9trangers peuvent combler les lacunes.<\/p>\n\n\n\n<p>Le gouvernement ougandais a pris des mesures pour am\u00e9liorer la facilit\u00e9 de faire des affaires. Par exemple, il dispose d\u2019un \u00ab One Stop Centre \u00bb pour d\u00e9marrer une entreprise.<\/p>\n\n\n\n<h2 class=\"wp-block-heading\">Etude de march\u00e9 en Ouganda, Afrique de l&#039;Est<\/h2>\n\n\n\n<p><a href=\"https:\/\/www.sisinternational.com\/fr\/solutions\/solutions-de-recherche-qualitative-et-quantitative\/\">Recherche quantitative et qualitative<\/a> is crucial before starting your business in Uganda. Such <a href=\"https:\/\/www.sisinternational.com\/fr\/envisager-le-moyen-orient-pour-les-etudes-de-marche\/\" title=\"Recherche sur l\u2019entr\u00e9e sur le march\u00e9 du Moyen-Orient\"  data-wpil-monitor-id=\"1427\">research offers critical data about your market<\/a> and business scene. <a href=\"https:\/\/www.sisinternational.com\/fr\/what-to-expect-in-your-first-year-entering-a-new-market-5-essential-strategies\/\" title=\"What to Expect in Your First Year Entering a New Market: 5 Essential Strategies\"  data-wpil-monitor-id=\"11112\">Strategy Research is also essential<\/a>. It can help you to come up with your <a href=\"https:\/\/www.sisinternational.com\/fr\/solutions\/test-de-gout\/services-de-test-de-produits-a-new-york\/\" title=\"Services de test de produits \u00e0 New York\"  data-wpil-monitor-id=\"11113\">products and services<\/a>. Finally, Focus Groups, Surveys, and Interviews also make a difference. They allow you to <a href=\"https:\/\/www.sisinternational.com\/fr\/solutions\/conseil-en-strategie\/etude-de-marche-de-produits-minimum-viables\/\" title=\"\u00c9tude de march\u00e9 sur les produits minimum viables\"  data-wpil-monitor-id=\"11111\">market your products<\/a> to the right Ugandan consumers.<\/p>\n\n\n\n<p><\/p>","protected":false},"excerpt":{"rendered":"<p>\u00c9tude de march\u00e9 en Ouganda. La recherche quantitative et qualitative est cruciale avant de commencer. Commercialisez vos produits aupr\u00e8s des bons consommateurs.<\/p>","protected":false},"author":1,"featured_media":65153,"parent":14281,"menu_order":44,"comment_status":"closed","ping_status":"closed","template":"","meta":{"footnotes":""},"class_list":["post-38077","page","type-page","status-publish","has-post-thumbnail"],"_links":{"self":[{"href":"https:\/\/www.sisinternational.com\/fr\/wp-json\/wp\/v2\/pages\/38077","targetHints":{"allow":["GET"]}}],"collection":[{"href":"https:\/\/www.sisinternational.com\/fr\/wp-json\/wp\/v2\/pages"}],"about":[{"href":"https:\/\/www.sisinternational.com\/fr\/wp-json\/wp\/v2\/types\/page"}],"author":[{"embeddable":true,"href":"https:\/\/www.sisinternational.com\/fr\/wp-json\/wp\/v2\/users\/1"}],"replies":[{"embeddable":true,"href":"https:\/\/www.sisinternational.com\/fr\/wp-json\/wp\/v2\/comments?post=38077"}],"version-history":[{"count":6,"href":"https:\/\/www.sisinternational.com\/fr\/wp-json\/wp\/v2\/pages\/38077\/revisions"}],"predecessor-version":[{"id":81816,"href":"https:\/\/www.sisinternational.com\/fr\/wp-json\/wp\/v2\/pages\/38077\/revisions\/81816"}],"up":[{"embeddable":true,"href":"https:\/\/www.sisinternational.com\/fr\/wp-json\/wp\/v2\/pages\/14281"}],"wp:featuredmedia":[{"embeddable":true,"href":"https:\/\/www.sisinternational.com\/fr\/wp-json\/wp\/v2\/media\/65153"}],"wp:attachment":[{"href":"https:\/\/www.sisinternational.com\/fr\/wp-json\/wp\/v2\/media?parent=38077"}],"curies":[{"name":"wp","href":"https:\/\/api.w.org\/{rel}","templated":true}]}}