{"id":38075,"date":"2021-07-16T03:27:02","date_gmt":"2021-07-16T03:27:02","guid":{"rendered":"https:\/\/www.sisinternational.com\/?page_id=38075"},"modified":"2026-01-27T16:38:54","modified_gmt":"2026-01-27T21:38:54","slug":"etude-de-marche-en-tunisie-afrique","status":"publish","type":"page","link":"https:\/\/www.sisinternational.com\/fr\/couverture\/etude-de-marche-en-afrique\/etude-de-marche-en-tunisie-afrique\/","title":{"rendered":"Etude de march\u00e9 en Tunisie, Afrique"},"content":{"rendered":"<h1 class=\"wp-block-heading\">Etude de march\u00e9 en Tunisie, Afrique<\/h1>\n\n\n\n<figure class=\"gb-block-image gb-block-image-cc3020f6\"><img loading=\"lazy\" decoding=\"async\" width=\"1456\" height=\"816\" class=\"gb-image gb-image-cc3020f6\" src=\"https:\/\/www.sisinternational.com\/wp-content\/uploads\/2025\/08\/Tunisia-5.jpg\" alt=\"\u00c9tudes de march\u00e9 et strat\u00e9gie internationales SIS\" title=\"Tunisia (5)\" srcset=\"https:\/\/www.sisinternational.com\/wp-content\/uploads\/2025\/08\/Tunisia-5.jpg 1456w, https:\/\/www.sisinternational.com\/wp-content\/uploads\/2025\/08\/Tunisia-5-300x168.jpg 300w, https:\/\/www.sisinternational.com\/wp-content\/uploads\/2025\/08\/Tunisia-5-1024x574.jpg 1024w, https:\/\/www.sisinternational.com\/wp-content\/uploads\/2025\/08\/Tunisia-5-768x430.jpg 768w, https:\/\/www.sisinternational.com\/wp-content\/uploads\/2025\/08\/Tunisia-5-18x10.jpg 18w\" sizes=\"auto, (max-width: 1456px) 100vw, 1456px\"><\/figure>\n\n\n\n<p><\/p>\n\n\n\n<h2 class=\"wp-block-heading\">Industries cl\u00e9s<\/h2>\n\n\n\n<p>Most of the land in Tunisia is&nbsp;arable. As a result, it exports wheat, barley, olives, dates, and fresh fruit. Its main export is olive oil.<\/p>\n\n\n\n<p>Le <a href=\"https:\/\/www.sisinternational.com\/fr\/venezuela-oil-mining-industry-potential-strategic-forecast-2026-2036\/\" title=\"Venezuela Oil &amp; Mining Industry Potential: Strategic Forecast 2026-2036\"  data-wpil-monitor-id=\"11038\">oil and mining<\/a> sectors also make lots of money. The resources mined include phosphates, iron, ore, zinc, and gold.<\/p>\n\n\n\n<p>Tunisia also has a strong services sector. The main focus of that sector is tourism.&nbsp;But, it also&nbsp;includes&nbsp;retail trade and defense. All of these sectors boost revenue.<\/p>\n\n\n\n<h2 class=\"wp-block-heading\">Quartiers<\/h2>\n\n\n\n<h3 class=\"wp-block-heading\">Tunisie<\/h3>\n\n\n\n<p>Tunis is the largest city. It is also home to the most people.&nbsp;This bustling city&nbsp;offers&nbsp;a lot of energy with its&nbsp;busy nightlife. It\u2019s where everyone comes to enjoy themselves. Tunis also&nbsp;has&nbsp;many ancient sites and museums.<\/p>\n\n\n\n<h3 class=\"wp-block-heading\">Sfax<\/h3>\n\n\n\n<p>Sfax est la deuxi\u00e8me plus grande ville de Tunisie. Elle poss\u00e8de de nombreux sites et de belles attractions. Sfax poss\u00e8de un port de p\u00eache. Elle traite \u00e9galement des phosphates, des olives et des noix. De plus, de nombreux Sfaxiens pratiquent le commerce.<\/p>\n\n\n\n<h3 class=\"wp-block-heading\">Sousse<\/h3>\n\n\n\n<p>Sousse&nbsp;is&nbsp;the third-largest city in Tunisia.&nbsp;Like Tunis, this&nbsp;city offers sizzling nightlife. It also has beautiful beaches with turquoise waters. Sousse has a rich history. In addition, it offers many fun activities. In fact, Sousse is the perfect getaway.<\/p>\n\n\n\n<h2 class=\"wp-block-heading\">Les tendances<\/h2>\n\n\n\n<p>Ecommerce is a trend that continues to grow in Tunisia. Moreover, more digital networks are being installed right through the country. Because of this, Tunisians are doing more and more&nbsp;online shopping.<\/p>\n\n\n\n<p>The&nbsp;energy&nbsp;market of Tunisia has also seen <a href=\"https:\/\/www.sisinternational.com\/fr\/solutions\/etude-de-marche-internationale-sur-la-croissance-des-entreprises\/\" title=\"\u00c9tude de march\u00e9 internationale sur la croissance des entreprises\"  data-wpil-monitor-id=\"11035\">growth<\/a>.&nbsp;Tunisia&nbsp;produces&nbsp;thermal power&nbsp;from natural gas. In fact, it is the main source of energy.&nbsp;The government is also increasing other <a href=\"https:\/\/www.sisinternational.com\/fr\/autant-en-emporte-le-vent-la-crise-financiere-et-lenergie-eolienne\/\" title=\"Emport\u00e9 par le vent? La crise financi\u00e8re et l\u2019\u00e9nergie \u00e9olienne\"  data-wpil-monitor-id=\"7516\">energy sources such as hydro and wind<\/a> power throughout the country.<\/p>\n\n\n\n<h2 class=\"wp-block-heading\">Avantages et atouts du march\u00e9<\/h2>\n\n\n\n<p>Tunisia\u2019s&nbsp;tourism sector is growing.&nbsp;History buffs love Tunis since it is the gateway to the ancient city of Carthage. The country expects the tourism sector to take off post-COVID.<\/p>\n\n\n\n<p>Another market strength is&nbsp;Tunisia\u2019s&nbsp;strategic location. Its position is perfect to supply Europe. This&nbsp;location makes it a prime&nbsp;trading partner&nbsp;with many countries.<\/p>\n\n\n\n<h2 class=\"wp-block-heading\">Base de consommateurs<\/h2>\n\n\n\n<p>The people of Tunisia are very selective. They do a lot of <a href=\"https:\/\/www.sisinternational.com\/fr\/solutions\/recherche-de-conseil-en-strategie-fintech\/acheter-maintenant-payer-plus-tard-etude-de-marche-bnpl\/\" title=\"Buy Now Pay Later Market Research\"  data-wpil-monitor-id=\"11037\">research before they buy<\/a>. Tunisians also check quality compared to competing products. Their product promotion is unique. It is a mix of word-of-mouth from families and direct selling. Thus, public opinion can decide a <a href=\"https:\/\/www.sisinternational.com\/fr\/solutions\/conseil-en-tourisme-de-voyage-et-en-hotellerie\/etude-de-marche-dune-entreprise-de-guides-touristiques\/\" title=\"\u00c9tude de march\u00e9 sur les soci\u00e9t\u00e9s de guides touristiques\"  data-wpil-monitor-id=\"11034\">company\u2019s sales and place in the market<\/a>.<\/p>\n\n\n\n<p>La plupart des grandes entreprises ont des agents dans presque toutes les villes et tous les quartiers. En fait, les clients locaux sont souvent r\u00e9ticents \u00e0 acheter de nouveaux produits et de nouvelles marques s&#039;ils n&#039;ont pas d&#039;agents.<\/p>\n\n\n\n<h2 class=\"wp-block-heading\">Reasons to Grow Your Business in the North Africa&nbsp;Market<\/h2>\n\n\n\n<p>Again,&nbsp;the&nbsp;strategic location&nbsp;is an <a href=\"https:\/\/www.sisinternational.com\/fr\/competence\/les-industries\/tourisme-de-voyage\/avantage-new-york-comme-marche-test-pour-les-voyages\/\" title=\"L\u2019avantage strat\u00e9gique d\u2019utiliser New York comme march\u00e9 test pour les voyages et le tourisme\"  data-wpil-monitor-id=\"11036\">advantage<\/a>. That\u2019s because it\u2019s so easy to ship goods to Europe. Tunis, the capital, is also in the right spot. It\u2019s easy for business owners to trade with Europe. Investors should not miss this chance.<\/p>\n\n\n\n<p>La soci\u00e9t\u00e9 tunisienne est accueillante et compte une importante communaut\u00e9 d&#039;expatri\u00e9s. De plus, sa main-d&#039;\u0153uvre est d&#039;un niveau \u00e9lev\u00e9. Les Tunisiens ont prouv\u00e9 qu&#039;ils pouvaient bien travailler avec des personnes d&#039;autres pays.<\/p>\n\n\n\n<p>Le pays dispose \u00e9galement d\u2019un excellent syst\u00e8me scolaire. Cette nouvelle peut \u00eatre un soulagement si vous avez une jeune famille. De plus, la Tunisie est l\u2019endroit id\u00e9al pour d\u00e9marrer votre entreprise.<\/p>\n\n\n\n<p>Another reason to choose Tunisia is that the government is trying to increase foreign direct investment. Already it gives&nbsp;excellent&nbsp;tax breaks to&nbsp;foreign investors.&nbsp;But, there is a downside. You\u2019ll only get the exemption&nbsp;if no company in Tunisia produces something similar. The government also limits the VAT charged for importing capital goods.<\/p>\n\n\n\n<h2 class=\"wp-block-heading\">Etude de march\u00e9 en Tunisie<\/h2>\n\n\n\n<p>Tunisia is a unique country that is ripe&nbsp;for investment.&nbsp;Want to&nbsp;enter the&nbsp;Tunisian&nbsp;market?&nbsp;Do your&nbsp;<a href=\"https:\/\/www.sisinternational.com\/fr\/solutions\/solutions-de-recherche-qualitative-et-quantitative\/\">Qualitative&nbsp;and&nbsp;Quantitative<\/a>&nbsp;research.&nbsp;You\u2019ll also need to do Strategy research.&nbsp;Your market research can also involve Focus Groups, Interviews, and Surveys.&nbsp;Our <a href=\"https:\/\/www.sisinternational.com\/fr\/services-de-publicite-multiculturelle-pour-une-compagnie-ferroviaire-bien-connue\/\" title=\"Services de publicit\u00e9 multiculturelle pour une entreprise ferroviaire renomm\u00e9e\"  data-wpil-monitor-id=\"11039\">company provides all these services<\/a> and more. Contact us now, and let\u2019s see how we can work together.<\/p>\n\n\n\n<p><\/p>","protected":false},"excerpt":{"rendered":"<p>Market Research in Tunisia, Africa Key Industries Most of the land in Tunisia is&nbsp;arable. As a result, it exports wheat, barley, olives, dates, and fresh fruit. Its main export is olive oil. The oil and mining sectors also make lots of money. The resources mined include phosphates, iron, ore, zinc, and gold. Tunisia also has &#8230; <a title=\"Etude de march\u00e9 en Tunisie, Afrique\" class=\"read-more\" href=\"https:\/\/www.sisinternational.com\/fr\/couverture\/etude-de-marche-en-afrique\/etude-de-marche-en-tunisie-afrique\/\" aria-label=\"En savoir plus sur Market Research in Tunisia, Africa\">Lire plus<\/a><\/p>","protected":false},"author":1,"featured_media":65238,"parent":14281,"menu_order":43,"comment_status":"closed","ping_status":"closed","template":"","meta":{"footnotes":""},"class_list":["post-38075","page","type-page","status-publish","has-post-thumbnail"],"_links":{"self":[{"href":"https:\/\/www.sisinternational.com\/fr\/wp-json\/wp\/v2\/pages\/38075","targetHints":{"allow":["GET"]}}],"collection":[{"href":"https:\/\/www.sisinternational.com\/fr\/wp-json\/wp\/v2\/pages"}],"about":[{"href":"https:\/\/www.sisinternational.com\/fr\/wp-json\/wp\/v2\/types\/page"}],"author":[{"embeddable":true,"href":"https:\/\/www.sisinternational.com\/fr\/wp-json\/wp\/v2\/users\/1"}],"replies":[{"embeddable":true,"href":"https:\/\/www.sisinternational.com\/fr\/wp-json\/wp\/v2\/comments?post=38075"}],"version-history":[{"count":7,"href":"https:\/\/www.sisinternational.com\/fr\/wp-json\/wp\/v2\/pages\/38075\/revisions"}],"predecessor-version":[{"id":81806,"href":"https:\/\/www.sisinternational.com\/fr\/wp-json\/wp\/v2\/pages\/38075\/revisions\/81806"}],"up":[{"embeddable":true,"href":"https:\/\/www.sisinternational.com\/fr\/wp-json\/wp\/v2\/pages\/14281"}],"wp:featuredmedia":[{"embeddable":true,"href":"https:\/\/www.sisinternational.com\/fr\/wp-json\/wp\/v2\/media\/65238"}],"wp:attachment":[{"href":"https:\/\/www.sisinternational.com\/fr\/wp-json\/wp\/v2\/media?parent=38075"}],"curies":[{"name":"wp","href":"https:\/\/api.w.org\/{rel}","templated":true}]}}