{"id":38073,"date":"2021-07-16T03:12:42","date_gmt":"2021-07-16T03:12:42","guid":{"rendered":"https:\/\/www.sisinternational.com\/?page_id=38073"},"modified":"2026-01-24T20:50:46","modified_gmt":"2026-01-25T01:50:46","slug":"etude-de-marche-en-somalie-afrique","status":"publish","type":"page","link":"https:\/\/www.sisinternational.com\/fr\/couverture\/etude-de-marche-en-afrique\/etude-de-marche-en-somalie-afrique\/","title":{"rendered":"\u00c9tude de march\u00e9 en Somalie, Afrique"},"content":{"rendered":"<h1 class=\"wp-block-heading\">\u00c9tude de march\u00e9 en Somalie, Afrique<\/h1>\n\n\n\n<figure class=\"gb-block-image gb-block-image-123a9767\"><img loading=\"lazy\" decoding=\"async\" width=\"1456\" height=\"816\" class=\"gb-image gb-image-123a9767\" src=\"https:\/\/www.sisinternational.com\/wp-content\/uploads\/2025\/08\/Somalia-3.jpg\" alt=\"\u00c9tudes de march\u00e9 et strat\u00e9gie internationales SIS\" title=\"Somalia, (3)\" srcset=\"https:\/\/www.sisinternational.com\/wp-content\/uploads\/2025\/08\/Somalia-3.jpg 1456w, https:\/\/www.sisinternational.com\/wp-content\/uploads\/2025\/08\/Somalia-3-300x168.jpg 300w, https:\/\/www.sisinternational.com\/wp-content\/uploads\/2025\/08\/Somalia-3-1024x574.jpg 1024w, https:\/\/www.sisinternational.com\/wp-content\/uploads\/2025\/08\/Somalia-3-768x430.jpg 768w, https:\/\/www.sisinternational.com\/wp-content\/uploads\/2025\/08\/Somalia-3-18x10.jpg 18w\" sizes=\"auto, (max-width: 1456px) 100vw, 1456px\"><\/figure>\n\n\n\n<p><\/p>\n\n\n\n<p>La Somalie est un pays d\u2019Afrique de l\u2019Est qui entoure la Corne de l\u2019Afrique. Comme le montre la carte, ce promontoire pointu du continent africain s&#039;\u00e9tend dans l&#039;oc\u00e9an Indien.<\/p>\n\n\n\n<p>Le pays est plat et sec, avec des conditions quasi d\u00e9sertiques. De nombreux Somaliens sont encore nomades ou semi-nomades. En cons\u00e9quence, ils se d\u00e9placent d\u2019un endroit \u00e0 l\u2019autre, \u00e0 la recherche de terres arables pour \u00e9lever du b\u00e9tail, des chameaux, des ch\u00e8vres et des moutons. D\u2019un autre c\u00f4t\u00e9, de nombreux Somaliens sont agriculteurs.<\/p>\n\n\n\n<p>Ce pays a une longue histoire influenc\u00e9e \u00e0 la fois par l\u2019Afrique et l\u2019Arabie. Il compte un groupe ethnique, les Somaliens, mais d\u2019autres empires y ont \u00e9galement r\u00e9gn\u00e9. L&#039;Italie et la Grande-Bretagne furent les derni\u00e8res puissances gouvernementales, arriv\u00e9es dans les ann\u00e9es 1800 et 1900. La fusion de ces colonies a provoqu\u00e9 de nombreuses rivalit\u00e9s et conflits. C\u2019est pour cette raison qu\u2019une guerre civile a \u00e9clat\u00e9 en 1991. Depuis lors, il n\u2019y a plus eu de v\u00e9ritable gouvernement central.<\/p>\n\n\n\n<h2 class=\"wp-block-heading\">Industries cl\u00e9s<\/h2>\n\n\n\n<p>Les principales exportations sont le b\u00e9tail, le poisson et les produits.<\/p>\n\n\n\n<p>L\u2019\u00e9conomie est informelle et fonctionne sans mandat ni contr\u00f4le du gouvernement. Ce n\u2019est pas non plus tax\u00e9. En fait, un organisme gouvernemental f\u00e9d\u00e9ral g\u00e8re le pays, assist\u00e9 par diff\u00e9rentes agences.<\/p>\n\n\n\n<p>This shaky governance and corruption jeopardize the progress of the country. Still, the economy is buoyant, and growing thanks to foreign companies. These overseas <a href=\"https:\/\/www.sisinternational.com\/fr\/competence\/les-industries\/solutions-detudes-de-marche-dans-le-domaine-de-la-sante\/\" title=\"Soci\u00e9t\u00e9 d&#039;\u00e9tudes de march\u00e9 dans le domaine de la sant\u00e9\"  data-wpil-monitor-id=\"11136\">firms<\/a> run outlets in the local Somali market. What\u2019s more, they control these outlets remotely from more developed countries. Thus, they have access to resources like banks and a skilled workforce. They also get stable legal frameworks.<\/p>\n\n\n\n<h2 class=\"wp-block-heading\">Quartiers<\/h2>\n\n\n\n<p>Mogadishu is an important port city on the <a href=\"https:\/\/www.sisinternational.com\/fr\/couverture\/etude-de-marche-en-afrique\/etude-de-marche-a-maurice-afrique\/\" title=\"Market Research in Mauritius \u2014 Island off Africa&#8217;s East Coast\"  data-wpil-monitor-id=\"11132\">East African coast<\/a>. Known to locals as \u201cXamar\u201d or \u201cHamar,\u201d it is the capital city. Somali and Arabic are the official languages. Yet, it is common to hear Swahili, English, and Italian in its busy streets. The city is lively, with many street markets, cafes, and grocery stores. It is a peaceful city, and locals feel safe shopping and living there.<\/p>\n\n\n\n<p>Les gens vivent et font du commerce dans ce pays depuis des milliers d\u2019ann\u00e9es. En fait, vous pouvez voir l\u2019histoire dans l\u2019art rupestre. Profitez de cet art dans des endroits comme l&#039;ancien complexe de grottes de Laas Geel, qui montre la riche et ancienne culture de la r\u00e9gion de la c\u00f4te nord. Des pyramides primitives appel\u00e9es \u00ab taalo \u00bb pars\u00e8ment \u00e9galement le paysage. C&#039;\u00e9taient autrefois des structures fun\u00e9raires.<\/p>\n\n\n\n<h2 class=\"wp-block-heading\">Les tendances<\/h2>\n\n\n\n<p>Les entreprises \u00e9trang\u00e8res sont d\u00e9sireuses d&#039;investir dans ce pays. Il poss\u00e8de des r\u00e9serves de ressources naturelles, telles que l&#039;uranium, le minerai de fer et le gaz naturel. Les soci\u00e9t\u00e9s mini\u00e8res \u00e9trang\u00e8res recherchent des gisements d&#039;uranium. Les gisements de ce pays sont peut-\u00eatre les plus importants au monde. Ce secteur offre donc une opportunit\u00e9 de croissance commerciale pour le pays.<\/p>\n\n\n\n<p>Another key point is that&nbsp;Arab countries are investing in livestock infrastructure.&nbsp;For instance, countries like the <a href=\"https:\/\/www.sisinternational.com\/fr\/couverture\/etude-de-marche-au-moyen-orient-2\/etude-de-marche-aux-emirats-arabes-unis-emirats-arabes-unis\/\" title=\"Etude de march\u00e9 aux Emirats Arabes Unis\"  data-wpil-monitor-id=\"11130\">Emirats Arabes Unis<\/a> are purchasing large farms. These countries have a long history of trading with their African neighbors. They remain hopeful about the future growth Somalia promises.<\/p>\n\n\n\n<p>Le commerce mondial est \u00e9galement en hausse et la classe d\u2019affaires somalienne contribue \u00e0 la croissance rapide de l\u2019\u00e9conomie.<\/p>\n\n\n\n<p>The widespread violence and starvation in the 1990s pushed many to become refugees.\u00a0More than a million Somali people have fled the country since 1991.\u00a0They left to find a better life in other countries.\u00a0As a result, the country now has a large diaspora, which takes an interest in its progress. The diaspora and the private sector are the lifelines of the nation.<\/p>\n\n\n\n<h2 class=\"wp-block-heading\">Avantages et points forts<\/h2>\n\n\n\n<p>Somalia is near the Arab Peninsula, and traders on both sides of the Persian Gulf take <a href=\"https:\/\/www.sisinternational.com\/fr\/competence\/les-industries\/tourisme-de-voyage\/avantage-new-york-comme-marche-test-pour-les-voyages\/\" title=\"L\u2019avantage strat\u00e9gique d\u2019utiliser New York comme march\u00e9 test pour les voyages et le tourisme\"  data-wpil-monitor-id=\"11133\">advantage of this strategic<\/a> spot. Animals are one of the biggest exports, and they go to the Middle East. Somali livestock is of high quality and sells at a great price.<\/p>\n\n\n\n<h2 class=\"wp-block-heading\">Base de consommateurs<\/h2>\n\n\n\n<p>Les clans nomades constituent une grande partie de la population. Leur mode de vie est tr\u00e8s \u00e9loign\u00e9 des r\u00e9seaux. Ils n\u2019ont pas acc\u00e8s \u00e0 des choses comme les services bancaires et les comptes d\u2019\u00e9pargne. Au lieu de cela, la plupart des transactions financi\u00e8res se font par t\u00e9l\u00e9phone.<\/p>\n\n\n\n<p>Les Somaliens d\u00e9pendent des fonds envoy\u00e9s de l\u2019\u00e9tranger pour leurs revenus. En fait, de nombreux Somaliens vivent en dessous du seuil de pauvret\u00e9.<\/p>\n\n\n\n<h2 class=\"wp-block-heading\">Raisons de d\u00e9velopper votre entreprise en Somalie<\/h2>\n\n\n\n<p>The country\u2019s economy is growing stronger. As it expands in the cities, more companies are opening. But, be warned: doing <a href=\"https:\/\/www.sisinternational.com\/fr\/saint-valentin-comment-votre-entreprise-peut-ressentir-lamour\/\" title=\"\u00c9tude de march\u00e9 pour la Saint-Valentin\u00a0: comment votre entreprise peut ressentir l&#039;amour\"  data-wpil-monitor-id=\"11135\">business will feel<\/a> odd without government oversight. In fact, investors form part of the informal economy.<\/p>\n\n\n\n<h2 class=\"wp-block-heading\">\u00c0 propos des \u00e9tudes de march\u00e9 en Somalie<\/h2>\n\n\n\n<p>There\u2019s nothing like knowing exactly who your customers are. That\u2019s why we provide <a href=\"https:\/\/www.sisinternational.com\/fr\/etude-de-marche-en-afrique-2\/\" title=\"Etude de march\u00e9 en Afrique\"  data-wpil-monitor-id=\"2926\">market strategy research<\/a> in Somalia. Our <a href=\"https:\/\/www.sisinternational.com\/fr\/solutions\/solutions-de-recherche-qualitative-et-quantitative\/\">Recherche qualitative et quantitative<\/a> fournit les donn\u00e9es dont vous avez besoin. Nous vous aidons \u00e0 d\u00e9velopper votre entreprise. Vous pouvez \u00e9galement utiliser nos groupes de discussion pour d\u00e9couvrir les opportunit\u00e9s en Somalie.<\/p>\n\n\n\n<p>We also use interviews and surveys. These tools help you pinpoint the right place and time for <a href=\"https:\/\/www.sisinternational.com\/fr\/solutions\/conseil-en-strategie\/recherche-dopportunites-dentree-sur-le-marche\/lefficacite-des-tests-de-produits-a-new-york-pour-penetrer-le-marche-americain\/\" title=\"L&#039;efficacit\u00e9 des tests de produits \u00e0 New York pour p\u00e9n\u00e9trer le march\u00e9 am\u00e9ricain\"  data-wpil-monitor-id=\"11134\">entering the market<\/a>. <a href=\"https:\/\/www.sisinternational.com\/fr\/competence\/cv-dexperience\/recherche-de-marque\/\" title=\"Soci\u00e9t\u00e9 de recherche de marque\"  data-wpil-monitor-id=\"11131\">Companies can grow with the right research<\/a> team. Contact us today to get started with your Somali investment.<\/p>\n\n\n\n<p><\/p>","protected":false},"excerpt":{"rendered":"<p>\u00c9tude de march\u00e9 en Somalie\u00a0; notre recherche qualitative et quantitative fournit les donn\u00e9es dont vous avez besoin. Nous vous aidons \u00e0 d\u00e9velopper votre entreprise.<\/p>","protected":false},"author":1,"featured_media":65220,"parent":14281,"menu_order":42,"comment_status":"closed","ping_status":"closed","template":"","meta":{"footnotes":""},"class_list":["post-38073","page","type-page","status-publish","has-post-thumbnail"],"_links":{"self":[{"href":"https:\/\/www.sisinternational.com\/fr\/wp-json\/wp\/v2\/pages\/38073","targetHints":{"allow":["GET"]}}],"collection":[{"href":"https:\/\/www.sisinternational.com\/fr\/wp-json\/wp\/v2\/pages"}],"about":[{"href":"https:\/\/www.sisinternational.com\/fr\/wp-json\/wp\/v2\/types\/page"}],"author":[{"embeddable":true,"href":"https:\/\/www.sisinternational.com\/fr\/wp-json\/wp\/v2\/users\/1"}],"replies":[{"embeddable":true,"href":"https:\/\/www.sisinternational.com\/fr\/wp-json\/wp\/v2\/comments?post=38073"}],"version-history":[{"count":6,"href":"https:\/\/www.sisinternational.com\/fr\/wp-json\/wp\/v2\/pages\/38073\/revisions"}],"predecessor-version":[{"id":81819,"href":"https:\/\/www.sisinternational.com\/fr\/wp-json\/wp\/v2\/pages\/38073\/revisions\/81819"}],"up":[{"embeddable":true,"href":"https:\/\/www.sisinternational.com\/fr\/wp-json\/wp\/v2\/pages\/14281"}],"wp:featuredmedia":[{"embeddable":true,"href":"https:\/\/www.sisinternational.com\/fr\/wp-json\/wp\/v2\/media\/65220"}],"wp:attachment":[{"href":"https:\/\/www.sisinternational.com\/fr\/wp-json\/wp\/v2\/media?parent=38073"}],"curies":[{"name":"wp","href":"https:\/\/api.w.org\/{rel}","templated":true}]}}