{"id":38071,"date":"2021-07-16T03:06:23","date_gmt":"2021-07-16T03:06:23","guid":{"rendered":"https:\/\/www.sisinternational.com\/?page_id=38071"},"modified":"2025-09-14T18:37:39","modified_gmt":"2025-09-14T22:37:39","slug":"etude-de-marche-en-sierra-leone-afrique","status":"publish","type":"page","link":"https:\/\/www.sisinternational.com\/fr\/couverture\/etude-de-marche-en-afrique\/etude-de-marche-en-sierra-leone-afrique\/","title":{"rendered":"\u00c9tude de march\u00e9 en Sierra Leone, Afrique"},"content":{"rendered":"<h1 class=\"wp-block-heading\">\u00c9tude de march\u00e9 en Sierra Leone, Afrique<\/h1>\n\n\n\n<figure class=\"gb-block-image gb-block-image-d0617c66\"><img loading=\"lazy\" decoding=\"async\" width=\"1456\" height=\"816\" class=\"gb-image gb-image-d0617c66\" src=\"https:\/\/www.sisinternational.com\/wp-content\/uploads\/2025\/08\/Sierra-Leone-1.jpg\" alt=\"\u00c9tudes de march\u00e9 et strat\u00e9gie internationales SIS\" title=\"Sierra Leone, (1)\" srcset=\"https:\/\/www.sisinternational.com\/wp-content\/uploads\/2025\/08\/Sierra-Leone-1.jpg 1456w, https:\/\/www.sisinternational.com\/wp-content\/uploads\/2025\/08\/Sierra-Leone-1-300x168.jpg 300w, https:\/\/www.sisinternational.com\/wp-content\/uploads\/2025\/08\/Sierra-Leone-1-1024x574.jpg 1024w, https:\/\/www.sisinternational.com\/wp-content\/uploads\/2025\/08\/Sierra-Leone-1-768x430.jpg 768w, https:\/\/www.sisinternational.com\/wp-content\/uploads\/2025\/08\/Sierra-Leone-1-18x10.jpg 18w\" sizes=\"auto, (max-width: 1456px) 100vw, 1456px\"><\/figure>\n\n\n\n<p><\/p>\n\n\n\n<p>La Sierra Leone est un pays d&#039;Afrique de l&#039;Ouest. Ce pays a \u00e9t\u00e9 confront\u00e9 \u00e0 de nombreuses difficult\u00e9s ces derni\u00e8res ann\u00e9es. En fait, le pays a connu une guerre civile de 1991 \u00e0 2002. Le film Blood Diamond de 2006 \u00e9tait bas\u00e9 sur cette guerre civile. Ebola a \u00e9galement ravag\u00e9 le pays en 2014, faisant 11\u00a0000 morts. La reprise a commenc\u00e9, mais la COVID-19 la ralentit. Alors pourquoi devriez-vous investir en Sierra Leone ? Continuez \u00e0 lire pour le d\u00e9couvrir.<\/p>\n\n\n\n<h2 class=\"wp-block-heading\">Industries cl\u00e9s<\/h2>\n\n\n\n<p>Sierra Leone is one of the world\u2019s main suppliers of titanium. Diamond mining is also a source of income.&nbsp;Both industries provide jobs and boost tax revenues.<\/p>\n\n\n\n<p>La Sierra Leone poss\u00e8de des terres fertiles et l&#039;agriculture est une autre source majeure de revenus. Les partenaires commerciaux du pays sont les \u00c9tats-Unis, la Belgique, les Pays-Bas et la France. Les principales exportations sont le caf\u00e9 et le cacao.<\/p>\n\n\n\n<p>La Sierra Leone produit \u00e9galement du bois destin\u00e9 \u00e0 l&#039;exportation. De plus, le pays exporte du poisson. Cette industrie cr\u00e9e des emplois gr\u00e2ce \u00e0 la construction de bateaux, \u00e0 la vente de poisson et \u00e0 la commercialisation.<\/p>\n\n\n\n<p>Les secteurs du tourisme et de la fabrication sont \u00e9galement en croissance.<\/p>\n\n\n\n<h2 class=\"wp-block-heading\">Quartiers<\/h2>\n\n\n\n<p>Freetown est la capitale de la Sierra Leone. Le port en eau profonde de cette ville est l&#039;un des plus grands au monde. Freetown est \u00e9galement c\u00e9l\u00e8bre pour l&#039;immense cotonnier \u00e0 soie du centre-ville. L&#039;arbre est un symbole de libert\u00e9.<\/p>\n\n\n\n<p>Le mus\u00e9e de la Sierra Leone est une autre particularit\u00e9. Le mus\u00e9e abrite plusieurs artefacts. Les exemples sont la pierre de Ruiter et le tambour original de Bai Bureh.<\/p>\n\n\n\n<h2 class=\"wp-block-heading\">Les tendances<\/h2>\n\n\n\n<p>Sierra Leone\u2019s <a href=\"https:\/\/www.sisinternational.com\/fr\/competence\/les-industries\/etude-de-marche-du-petrole-et-du-gaz\/\" title=\"\u00c9tudes de march\u00e9 sur le p\u00e9trole et le gaz\"  data-wpil-monitor-id=\"8649\">oil and gas<\/a> sector is still in the research stage. The government hopes to attract investments in this sector. But first, it needs to find deposits.<\/p>\n\n\n\n<h2 class=\"wp-block-heading\">Avantages et atouts sur le march\u00e9<\/h2>\n\n\n\n<p>La Sierra Leone est toujours aux prises avec l\u2019impact du COVID-19. De plus, le pays ne s\u2019est pas encore remis de l\u2019\u00e9pid\u00e9mie du virus Ebola.<\/p>\n\n\n\n<p>Still, the government is looking for <a href=\"https:\/\/www.sisinternational.com\/fr\/analyse-de-la-satisfaction-client\/\" title=\"8 fa\u00e7ons d&#039;augmenter la satisfaction des clients dans le commerce de d\u00e9tail\"  data-wpil-monitor-id=\"8650\">ways to boost<\/a> the economy. One of these avenues is organic farming. It is also looking at eco-tourism and renewable energy. Sierra Leone is aiming to become Africa\u2019s first Zero-Carbon middle economy.<\/p>\n\n\n\n<h2 class=\"wp-block-heading\">Base de consommateurs<\/h2>\n\n\n\n<p>Sierra Leone\u2019s economy has matured over the years. At heart, farming employs many working people. Many of the people are tenant farmers. Despite its profits, the economy is in trouble. For example, there is a high rate of unemployed youths.&nbsp;Still, the country is now stable and the climate is right for investors.<\/p>\n\n\n\n<h2 class=\"wp-block-heading\">Raisons de d\u00e9velopper votre entreprise sur le march\u00e9<\/h2>\n\n\n\n<p>Alors pourquoi investir en Sierra Leone ? D\u2019une part, le march\u00e9 offre de nombreuses options aux investisseurs. Par exemple, il existe une demande mondiale accrue de gisements min\u00e9raux. La Sierra Leone poss\u00e8de de vastes gisements de bauxite et de diamants. Le pays poss\u00e8de \u00e9galement de l\u2019or, du platine, du coltan et d\u2019autres ressources naturelles. Ainsi, elle propose cinq types de licences aux entreprises \u00e9trang\u00e8res pour extraire ces min\u00e9raux.<\/p>\n\n\n\n<p>Le pays promeut \u00e9galement l\u2019agriculture et les petites entreprises. La baisse des taux d\u2019int\u00e9r\u00eat rend ces secteurs plus attractifs. Le gouvernement sierra-l\u00e9onais cherche \u00e9galement \u00e0 s\u00e9duire d&#039;autres investisseurs. Par exemple, il cherche \u00e0 stimuler l\u2019\u00e9conomie gr\u00e2ce \u00e0 des investissements touristiques. Ainsi, les investisseurs potentiels devraient explorer le secteur du tourisme.<\/p>\n\n\n\n<h2 class=\"wp-block-heading\">\u00c0 propos des \u00e9tudes de march\u00e9 en Sierra Leone<\/h2>\n\n\n\n<p>La population de la Sierra Leone lutte contre la pauvret\u00e9. Seules quelques personnes ont des revenus riches ou moyens. De plus, le pays n\u2019est pas tr\u00e8s d\u00e9velopp\u00e9.<\/p>\n\n\n\n<p>That\u2019s why we provide <a href=\"https:\/\/www.sisinternational.com\/fr\/how-to-design-effective-surveys-for-quantitative-research\/\" title=\"How to Design Effective Surveys for Quantitative Research\"  data-wpil-monitor-id=\"8648\">Recherche quantitative et qualitative<\/a> services. We also offer surveys, interviews, and focus groups. These tools can help you decide if investing in <a href=\"https:\/\/statehouse.gov.sl\" target=\"_blank\" rel=\"noopener\">Sierra Leone<\/a> est la bonne d\u00e9cision pour vous.<\/p>\n\n\n\n<p>Nous proposons \u00e9galement <a href=\"https:\/\/www.sisinternational.com\/fr\/solutions\/conseil-en-strategie\/comment-la-recherche-strategique-peut-booster-vos-performances\/\">Recherche strat\u00e9gique<\/a>. Ce type de recherche crucial indique \u00e0 l&#039;investisseur ce qui fonctionnera le mieux en Sierra Leone.<\/p>\n\n\n\n<p>Envisagez-vous d&#039;investir en Sierra Leone ?<\/p>\n\n\n\n<p><\/p>","protected":false},"excerpt":{"rendered":"<p>\u00c9tude de march\u00e9 en Sierra Leone\u00a0; enqu\u00eates, entretiens, groupes de discussion. Ces outils peuvent vous aider \u00e0 d\u00e9cider si investir est la bonne d\u00e9cision pour vous.<\/p>","protected":false},"author":1,"featured_media":65215,"parent":14281,"menu_order":41,"comment_status":"closed","ping_status":"closed","template":"","meta":{"footnotes":""},"class_list":["post-38071","page","type-page","status-publish","has-post-thumbnail"],"_links":{"self":[{"href":"https:\/\/www.sisinternational.com\/fr\/wp-json\/wp\/v2\/pages\/38071","targetHints":{"allow":["GET"]}}],"collection":[{"href":"https:\/\/www.sisinternational.com\/fr\/wp-json\/wp\/v2\/pages"}],"about":[{"href":"https:\/\/www.sisinternational.com\/fr\/wp-json\/wp\/v2\/types\/page"}],"author":[{"embeddable":true,"href":"https:\/\/www.sisinternational.com\/fr\/wp-json\/wp\/v2\/users\/1"}],"replies":[{"embeddable":true,"href":"https:\/\/www.sisinternational.com\/fr\/wp-json\/wp\/v2\/comments?post=38071"}],"version-history":[{"count":5,"href":"https:\/\/www.sisinternational.com\/fr\/wp-json\/wp\/v2\/pages\/38071\/revisions"}],"predecessor-version":[{"id":81451,"href":"https:\/\/www.sisinternational.com\/fr\/wp-json\/wp\/v2\/pages\/38071\/revisions\/81451"}],"up":[{"embeddable":true,"href":"https:\/\/www.sisinternational.com\/fr\/wp-json\/wp\/v2\/pages\/14281"}],"wp:featuredmedia":[{"embeddable":true,"href":"https:\/\/www.sisinternational.com\/fr\/wp-json\/wp\/v2\/media\/65215"}],"wp:attachment":[{"href":"https:\/\/www.sisinternational.com\/fr\/wp-json\/wp\/v2\/media?parent=38071"}],"curies":[{"name":"wp","href":"https:\/\/api.w.org\/{rel}","templated":true}]}}