{"id":38069,"date":"2021-07-16T02:56:20","date_gmt":"2021-07-16T02:56:20","guid":{"rendered":"https:\/\/www.sisinternational.com\/?page_id=38069"},"modified":"2026-01-24T20:50:47","modified_gmt":"2026-01-25T01:50:47","slug":"etude-de-marche-aux-seychelles-en-afrique","status":"publish","type":"page","link":"https:\/\/www.sisinternational.com\/fr\/couverture\/etude-de-marche-en-afrique\/etude-de-marche-aux-seychelles-en-afrique\/","title":{"rendered":"\u00c9tude de march\u00e9 aux Seychelles, Afrique"},"content":{"rendered":"<h1 class=\"wp-block-heading\">\u00c9tude de march\u00e9 aux Seychelles, Afrique<\/h1>\n\n\n\n<figure class=\"gb-block-image gb-block-image-2e2a6b72\"><img loading=\"lazy\" decoding=\"async\" width=\"1456\" height=\"816\" class=\"gb-image gb-image-2e2a6b72\" src=\"https:\/\/www.sisinternational.com\/wp-content\/uploads\/2025\/08\/Seychelles-4.jpg\" alt=\"\u00c9tudes de march\u00e9 et strat\u00e9gie internationales SIS\" title=\"Seychelles, (4)\" srcset=\"https:\/\/www.sisinternational.com\/wp-content\/uploads\/2025\/08\/Seychelles-4.jpg 1456w, https:\/\/www.sisinternational.com\/wp-content\/uploads\/2025\/08\/Seychelles-4-300x168.jpg 300w, https:\/\/www.sisinternational.com\/wp-content\/uploads\/2025\/08\/Seychelles-4-1024x574.jpg 1024w, https:\/\/www.sisinternational.com\/wp-content\/uploads\/2025\/08\/Seychelles-4-768x430.jpg 768w, https:\/\/www.sisinternational.com\/wp-content\/uploads\/2025\/08\/Seychelles-4-18x10.jpg 18w\" sizes=\"auto, (max-width: 1456px) 100vw, 1456px\"><\/figure>\n\n\n\n<p><\/p>\n\n\n\n<p>Les Seychelles sont un magnifique pays compos\u00e9 de 115 \u00eeles. Il est situ\u00e9 dans la mer de Somalie, au large des c\u00f4tes du Kenya et de Madagascar. Bien qu&#039;elles soient une nation insulaire, les Seychelles sont membres de l&#039;Union africaine.<\/p>\n\n\n\n<h2 class=\"wp-block-heading\">Industries cl\u00e9s<\/h2>\n\n\n\n<p>Les Seychelles \u00e9taient autrefois agraires. C&#039;est aujourd&#039;hui un pays prosp\u00e8re bas\u00e9 sur le tourisme. En fait, le tourisme fournit la majeure partie des revenus du pays. En cons\u00e9quence, les Seychelles ont le PIB nominal par habitant le plus \u00e9lev\u00e9 d&#039;Afrique.<\/p>\n\n\n\n<p>Le secteur du tourisme est \u00e9galement un employeur important. En outre, cela s\u2019ajoute au total des revenus \u00e9trangers. La plupart des touristes viennent d&#039;Europe.<\/p>\n\n\n\n<p>The fishing <a href=\"https:\/\/www.sisinternational.com\/fr\/competence\/les-industries\/etude-de-marche-industriel\/\" title=\"\u00c9tudes de march\u00e9 et strat\u00e9gie industrielle\"  data-wpil-monitor-id=\"11262\">industry supplies both local and foreign markets<\/a>. Another benefit of this <a href=\"https:\/\/www.sisinternational.com\/fr\/solutions\/etude-de-marche-sur-lindustrie-des-boissons-alimentaires\/\" title=\"\u00c9tude de march\u00e9 de l&#039;industrie alimentaire et des boissons\"  data-wpil-monitor-id=\"11265\">industry is that it boosts food<\/a> security. In addition, it provides income. Seychelles exports high-quality fish to Europe, Japan, France, and Germany. It also targets countries like the United Kingdom and Mauritius.<\/p>\n\n\n\n<p>Le gouvernement des Seychelles tente de r\u00e9duire les importations alimentaires. Pourtant, l\u2019agriculture ne repr\u00e9sente qu\u2019une fraction du produit int\u00e9rieur brut du pays.<\/p>\n\n\n\n<p>Le secteur manufacturier du pays est \u00e9galement en croissance. Ce secteur compte plusieurs usines de transformation alimentaire. En outre, les Seychelles poss\u00e8dent des industries chimiques et de fabrication de meubles.<\/p>\n\n\n\n<h2 class=\"wp-block-heading\">Quartiers<\/h2>\n\n\n\n<p>Victoria is the capital of Seychelles. It is on the northeastern <a href=\"https:\/\/www.sisinternational.com\/fr\/couverture\/etude-de-marche-en-afrique\/etude-de-marche-a-maurice-afrique\/\" title=\"Market Research in Mauritius \u2014 Island off Africa&#8217;s East Coast\"  data-wpil-monitor-id=\"11266\">coast of Mahe Island<\/a>. Since it is the country\u2019s only port, all exports leave from there.<\/p>\n\n\n\n<p>La capitale est \u00e9galement le si\u00e8ge du gouvernement national. La State House, qui est le bureau du pr\u00e9sident, se trouve \u00e9galement dans la capitale. De plus, la capitale est le centre culturel et commercial du pays. L&#039;un de ses monuments est la Tour de l&#039;Horloge. Cette tour a r\u00e9sist\u00e9 \u00e0 l\u2019\u00e9preuve du temps depuis 1903.<\/p>\n\n\n\n<p>Anse Boileau est un autre quartier de la c\u00f4te ouest de Mah\u00e9. Ce bel endroit est au pied d&#039;une montagne. Il poss\u00e8de un \u00e9ventail de ruisseaux, de mini-for\u00eats, de ruisseaux et d&#039;\u00e9tangs. Anse Boileau abrite un commissariat de police, des \u00e9piceries et des magasins. La plage est facilement accessible en v\u00e9hicule ou \u00e0 pied. Il convient \u00e9galement \u00e0 la baignade et au snorkeling gr\u00e2ce \u00e0 ses petites vagues et ses eaux peu profondes. Les visiteurs peuvent \u00e9galement profiter de magnifiques couchers de soleil.<\/p>\n\n\n\n<h2 class=\"wp-block-heading\">Les tendances<\/h2>\n\n\n\n<p>La gestion du virus COVID-19 reste une pr\u00e9occupation majeure. En fait, le gouvernement accorde des fonds suppl\u00e9mentaires aux secteurs qui en ont le plus besoin.<\/p>\n\n\n\n<p>Les d\u00e9penses budg\u00e9taires se sont orient\u00e9es vers\u00a0:<\/p>\n\n\n\n<ol class=\"wp-block-list\">\n<li>Des soins de sant\u00e9 pour contenir et combattre le virus<\/li>\n\n\n\n<li>La s\u00e9curit\u00e9 alimentaire pendant la crise<\/li>\n\n\n\n<li>Veiller \u00e0 ce que les salari\u00e9s du secteur priv\u00e9 conservent leur emploi et soient pay\u00e9s<\/li>\n\n\n\n<li>Une protection sociale pour assurer la s\u00e9curit\u00e9 des personnes les plus expos\u00e9es<\/li>\n\n\n\n<li>Davantage de mesures pour pr\u00e9venir la criminalit\u00e9 pendant la r\u00e9cession<\/li>\n\n\n\n<li>Des investissements pour soutenir la croissance<\/li>\n<\/ol>\n\n\n\n<h2 class=\"wp-block-heading\">Avantages et points forts du march\u00e9 des Seychelles<\/h2>\n\n\n\n<p>La pand\u00e9mie a entra\u00een\u00e9 un d\u00e9clin de la croissance en raison de la r\u00e9duction du tourisme.<\/p>\n\n\n\n<p>En revanche, l\u2019industrie de la p\u00eache continue de bien se porter. Ainsi, les Seychelles peuvent survivre. L&#039;industrie comprend trois composantes principales. Ils sont:<\/p>\n\n\n\n<ol class=\"wp-block-list\">\n<li>La p\u00eache artisanale, pratiqu\u00e9e par les p\u00eacheurs locaux utilisant de petits bateaux \u00e0 moteur.<\/li>\n\n\n\n<li>Les p\u00eacheries semi-industrielles, \u00e9galement d\u00e9tenues par les locaux. Ils p\u00eachent en haute mer, \u00e0 l&#039;aide de longues lignes.<\/li>\n\n\n\n<li>La p\u00eache industrielle, compos\u00e9e principalement de flottes \u00e9trang\u00e8res. C&#039;est l&#039;\u00e9pine dorsale de l&#039;industrie de la p\u00eache et elle cible les esp\u00e8ces de thon.<\/li>\n<\/ol>\n\n\n\n<h2 class=\"wp-block-heading\">Base de consommateurs<\/h2>\n\n\n\n<p>Despite the growth in Seychelles, poverty is still widespread.&nbsp;This is due to unequal wealth distribution among its population.<\/p>\n\n\n\n<h2 class=\"wp-block-heading\">Raisons de d\u00e9velopper votre entreprise sur le march\u00e9 des Seychelles<\/h2>\n\n\n\n<p>Le gouvernement met en place plusieurs mesures pour soutenir les agriculteurs et les p\u00eacheurs locaux. Il les aide \u00e0 produire de la viande, des l\u00e9gumes et du poisson.<\/p>\n\n\n\n<p>Les fronti\u00e8res des Seychelles restent ferm\u00e9es. En fait, nous avons constat\u00e9 que le secteur du tourisme est en r\u00e9cession. Le pays doit donc se diversifier. Il doit r\u00e9duire sa d\u00e9pendance excessive \u00e0 l\u2019\u00e9gard du secteur du tourisme. Ce faisant, le gouvernement doit \u00e9galement pr\u00e9server le niveau de vie de sa population. Il faut aussi qu&#039;il reste stable.<\/p>\n\n\n\n<p>That\u2019s why it\u2019s important to attract new investors. Once a business starts <a href=\"https:\/\/www.sisinternational.com\/fr\/competence\/cv-dexperience\/etude-de-marche-sur-les-produits-de-soins-personnels\/\" title=\"\u00c9tude de march\u00e9 sur les produits de soins personnels\"  data-wpil-monitor-id=\"11263\">marketing its products<\/a> it can boost the growth of the country.<\/p>\n\n\n\n<h2 class=\"wp-block-heading\">\u00c0 propos des \u00e9tudes de march\u00e9 aux Seychelles<\/h2>\n\n\n\n<p>Focus groups play a crucial role in protecting investors. That\u2019s why it\u2019s important to conduct surveys on the country. Such <a href=\"https:\/\/www.sisinternational.com\/fr\/etude-de-marche-en-afrique-2\/\" title=\"Etude de march\u00e9 en Afrique\"  data-wpil-monitor-id=\"2929\">research is necessary to understand the market<\/a>. <a href=\"https:\/\/www.sisinternational.com\/fr\/solutions\/solutions-de-recherche-qualitative-et-quantitative\/recherche-qualitative-recrutement\/\" title=\"Recrutement en recherche qualitative\"  data-wpil-monitor-id=\"11264\">Qualitative and Quantitative research<\/a> will also help business owners. Investors can determine if investing in Seychelles will benefit them.<\/p>\n\n\n\n<p><a href=\"https:\/\/www.sisinternational.com\/fr\/solutions\/conseil-en-strategie\/comment-la-recherche-strategique-peut-booster-vos-performances\/\">Recherche strat\u00e9gique<\/a> is also essential.&nbsp;It tells the investor what will work best in Seychelles.<\/p>\n\n\n\n<p>Envisagez-vous d&#039;investir aux Seychelles ? Nous sommes heureux de fournir votre \u00e9tude de march\u00e9. Nous voulons vous aider \u00e0 d\u00e9cider. Contactez-nous maintenant!<\/p>\n\n\n\n<p><\/p>","protected":false},"excerpt":{"rendered":"<p>\u00c9tude de march\u00e9 aux Seychelles\u00a0; tu penses investir ? Nous sommes heureux de fournir votre \u00e9tude de march\u00e9. Nous voulons vous aider \u00e0 d\u00e9cider.<\/p>","protected":false},"author":1,"featured_media":65214,"parent":14281,"menu_order":40,"comment_status":"closed","ping_status":"closed","template":"","meta":{"footnotes":""},"class_list":["post-38069","page","type-page","status-publish","has-post-thumbnail"],"_links":{"self":[{"href":"https:\/\/www.sisinternational.com\/fr\/wp-json\/wp\/v2\/pages\/38069","targetHints":{"allow":["GET"]}}],"collection":[{"href":"https:\/\/www.sisinternational.com\/fr\/wp-json\/wp\/v2\/pages"}],"about":[{"href":"https:\/\/www.sisinternational.com\/fr\/wp-json\/wp\/v2\/types\/page"}],"author":[{"embeddable":true,"href":"https:\/\/www.sisinternational.com\/fr\/wp-json\/wp\/v2\/users\/1"}],"replies":[{"embeddable":true,"href":"https:\/\/www.sisinternational.com\/fr\/wp-json\/wp\/v2\/comments?post=38069"}],"version-history":[{"count":6,"href":"https:\/\/www.sisinternational.com\/fr\/wp-json\/wp\/v2\/pages\/38069\/revisions"}],"predecessor-version":[{"id":81837,"href":"https:\/\/www.sisinternational.com\/fr\/wp-json\/wp\/v2\/pages\/38069\/revisions\/81837"}],"up":[{"embeddable":true,"href":"https:\/\/www.sisinternational.com\/fr\/wp-json\/wp\/v2\/pages\/14281"}],"wp:featuredmedia":[{"embeddable":true,"href":"https:\/\/www.sisinternational.com\/fr\/wp-json\/wp\/v2\/media\/65214"}],"wp:attachment":[{"href":"https:\/\/www.sisinternational.com\/fr\/wp-json\/wp\/v2\/media?parent=38069"}],"curies":[{"name":"wp","href":"https:\/\/api.w.org\/{rel}","templated":true}]}}