{"id":38049,"date":"2021-07-09T03:17:46","date_gmt":"2021-07-09T03:17:46","guid":{"rendered":"https:\/\/www.sisinternational.com\/?page_id=38049"},"modified":"2026-01-27T16:37:03","modified_gmt":"2026-01-27T21:37:03","slug":"etude-de-marche-au-togo-afrique","status":"publish","type":"page","link":"https:\/\/www.sisinternational.com\/fr\/couverture\/etude-de-marche-en-afrique\/etude-de-marche-au-togo-afrique\/","title":{"rendered":"Etude de march\u00e9 au Togo, Afrique"},"content":{"rendered":"<h1 class=\"wp-block-heading\">Etude de march\u00e9 au Togo, Afrique<\/h1>\n\n\n\n<figure class=\"gb-block-image gb-block-image-ee6d7afd\"><img loading=\"lazy\" decoding=\"async\" width=\"1456\" height=\"816\" class=\"gb-image gb-image-ee6d7afd\" src=\"https:\/\/www.sisinternational.com\/wp-content\/uploads\/2025\/08\/Togo-2.jpg\" alt=\"\u00c9tudes de march\u00e9 et strat\u00e9gie internationales SIS\" title=\"Togo (2)\" srcset=\"https:\/\/www.sisinternational.com\/wp-content\/uploads\/2025\/08\/Togo-2.jpg 1456w, https:\/\/www.sisinternational.com\/wp-content\/uploads\/2025\/08\/Togo-2-300x168.jpg 300w, https:\/\/www.sisinternational.com\/wp-content\/uploads\/2025\/08\/Togo-2-1024x574.jpg 1024w, https:\/\/www.sisinternational.com\/wp-content\/uploads\/2025\/08\/Togo-2-768x430.jpg 768w, https:\/\/www.sisinternational.com\/wp-content\/uploads\/2025\/08\/Togo-2-18x10.jpg 18w\" sizes=\"auto, (max-width: 1456px) 100vw, 1456px\"><\/figure>\n\n\n\n<p><\/p>\n\n\n\n<p>Le Togo est un petit pays d&#039;Afrique de l&#039;Ouest. Sa superficie n&#039;est que de 35 400 milles carr\u00e9s et se situe au sud du Burkina Faso, du Mali et du Niger. Le nom officiel du Togo est la R\u00e9publique togolaise.<\/p>\n\n\n\n<p>Le Togo \u00e9tait autrefois le centre commercial de la r\u00e9gion de l\u2019Afrique de l\u2019Ouest. En fait, il dominait la route commerciale d\u00e8s le XVIe si\u00e8cle. \u00c0 cette \u00e9poque, la situation du Togo au bord du golfe de Guin\u00e9e constituait un \u00e9norme avantage. Le Togo servait de centre commercial. En effet, c\u2019\u00e9tait une plaque tournante de la traite n\u00e9gri\u00e8re transatlantique europ\u00e9enne. Le Togo \u00e9tait \u00e9galement un centre de traite n\u00e9gri\u00e8re transsaharienne sous contr\u00f4le arabe. En cons\u00e9quence, le Togo et les r\u00e9gions voisines ont gagn\u00e9 le nom de \u00ab C\u00f4te des Esclaves \u00bb.<\/p>\n\n\n\n<h2 class=\"wp-block-heading\">Industries cl\u00e9s<\/h2>\n\n\n\n<p>Les phosphates constituent la principale exportation du Togo car le pays dispose de millions de tonnes de r\u00e9serves de phosphate.<\/p>\n\n\n\n<p>The country depends on subsistence agriculture as its economic pillar. So, to encourage agriculture, the government has built more roads and renovated the Lom\u00e9 port. As a result, agricultural production has grown. As a matter of fact, this sector employs most of the population. Farmers sell their harvests <a href=\"https:\/\/www.sisinternational.com\/fr\/solutions\/solutions-de-branding-et-de-recherche-client\/etude-de-marche-de-detail\/\" title=\"\u00c9tude de march\u00e9 de d\u00e9tail | \u00c9tude de march\u00e9 en magasin\"  data-wpil-monitor-id=\"8759\">retail and wholesale in informal markets<\/a> across every town and village.<\/p>\n\n\n\n<p>Le Togo a une \u00e9conomie sous-d\u00e9velopp\u00e9e. Le secteur priv\u00e9 se porte bien, mais cette croissance ne profite pas \u00e0 tout le monde. En fait, la pauvret\u00e9 et les in\u00e9galit\u00e9s sont \u00e9lev\u00e9es dans le Togo d\u2019aujourd\u2019hui, en particulier dans les zones rurales. De plus, son taux de f\u00e9condit\u00e9 est \u00e9lev\u00e9. La population augmente trop vite et l\u2019\u00e9conomie ne peut pas suivre le rythme. Les services publics du pays non plus. R\u00e9sultat : de nombreuses personnes n\u2019ont pas acc\u00e8s \u00e0 ces services. Pourtant, le Togo est autosuffisant en mati\u00e8re alimentaire. Dans les ann\u00e9es de r\u00e9coltes moyennes et bonnes, il peut subvenir \u00e0 ses besoins.<\/p>\n\n\n\n<h2 class=\"wp-block-heading\">Quartiers<\/h2>\n\n\n\n<p>Lom\u00e9, the capital of Togo, is a coastal city. It has gone through several colonial powers one after the other.&nbsp;The architecture has heavy German and French influences, which you can see&nbsp;in churches and government&nbsp;buildings.&nbsp;Another key point about Lom\u00e9 is that it is peaceful. Togolese people are friendly and welcoming.<\/p>\n\n\n\n<p>Lom\u00e9 is at the southwest tip of Togo, near the border with Ghana. It\u2019s on a lagoon that extends toward the Tokoin Plateau. The city is perfect for the casual walker. Attractions like the Lom\u00e9 Grand <a href=\"https:\/\/www.sisinternational.com\/fr\/competence\/les-industries\/etude-de-marche-sur-les-soins-oculaires\/\" title=\"\u00c9tude de march\u00e9 sur les soins oculaires\"  data-wpil-monitor-id=\"8762\">March\u00e9<\/a> and the Lom\u00e9 Cathedral catch the eye. Lome also has many beaches and a voodoo <a href=\"https:\/\/www.sisinternational.com\/fr\/solutions\/recherche-de-conseil-en-strategie-fintech\/etude-de-marche-du-capital-risque\/\" title=\"\u00c9tude de march\u00e9 du capital-risque\"  data-wpil-monitor-id=\"8760\">market for those daring enough to venture<\/a> there.<\/p>\n\n\n\n<h2 class=\"wp-block-heading\">Les tendances<\/h2>\n\n\n\n<p>L&#039;utilisation d&#039;Internet est \u00e9lev\u00e9e au Togo, ce qui offre de vastes opportunit\u00e9s de croissance commerciale. En fait, investir dans une entreprise num\u00e9rique alors que l\u2019\u00e9conomie togolaise se stabilise pourrait vous rapporter beaucoup d\u2019argent. De la m\u00eame mani\u00e8re, l\u2019infrastructure num\u00e9rique en Afrique de l\u2019Ouest doit se d\u00e9velopper pour r\u00e9pondre \u00e0 la demande croissante. Ainsi, le Togo peut servir de point de d\u00e9part \u00e0 une r\u00e9volution num\u00e9rique.<\/p>\n\n\n\n<h2 class=\"wp-block-heading\">Avantages et points forts<\/h2>\n\n\n\n<p>Togo is still a regional hub. It no longer deals in human cargo, but in business activity. Thus, it is an excellent choice if you want to expand your <a href=\"https:\/\/www.sisinternational.com\/fr\/leffet-des-cultures-de-marche-nigerianes-sur-les-affaires\/\" title=\"Le march\u00e9 nig\u00e9rian\u00a0: l&#039;effet de la culture sur les affaires\"  data-wpil-monitor-id=\"7479\">business into the rest of West Africa<\/a>. In addition, the Trans-West African Coastal Highway runs through Togo. This major route is another benefit since it connects Togo to Nigeria and Benin in the east. It also connects the country to Cote d\u2019Ivoire and Ghana on the west.<\/p>\n\n\n\n<h2 class=\"wp-block-heading\">Base de consommateurs<\/h2>\n\n\n\n<figure class=\"gb-block-image gb-block-image-c275dee0\"><img loading=\"lazy\" decoding=\"async\" width=\"1456\" height=\"816\" class=\"gb-image gb-image-c275dee0\" src=\"https:\/\/www.sisinternational.com\/wp-content\/uploads\/2025\/08\/Togo-3.jpg\" alt=\"\u00c9tudes de march\u00e9 et strat\u00e9gie internationales SIS\" title=\"Togo (3)\" srcset=\"https:\/\/www.sisinternational.com\/wp-content\/uploads\/2025\/08\/Togo-3.jpg 1456w, https:\/\/www.sisinternational.com\/wp-content\/uploads\/2025\/08\/Togo-3-300x168.jpg 300w, https:\/\/www.sisinternational.com\/wp-content\/uploads\/2025\/08\/Togo-3-1024x574.jpg 1024w, https:\/\/www.sisinternational.com\/wp-content\/uploads\/2025\/08\/Togo-3-768x430.jpg 768w, https:\/\/www.sisinternational.com\/wp-content\/uploads\/2025\/08\/Togo-3-18x10.jpg 18w\" sizes=\"auto, (max-width: 1456px) 100vw, 1456px\"><\/figure>\n\n\n\n<p><\/p>\n\n\n\n<p>Le peuple togolais se bat pour une chance de d\u00e9veloppement de son pays. La corruption est omnipr\u00e9sente. En outre, environ la moiti\u00e9 des 8 millions de Togolais vivent en dessous du seuil de pauvret\u00e9 absolue. Le revenu par habitant est faible. Les taux d\u2019emploi et de sous-emploi sont \u00e9lev\u00e9s parmi les jeunes. Il existe peu de possibilit\u00e9s d&#039;\u00e9ducation et de formation continue. Mais le secteur priv\u00e9 exige plus de main d\u2019\u0153uvre. La formation professionnelle constitue donc une opportunit\u00e9 commerciale. Cela peut vous rapporter de l\u2019argent et aider \u00e0 r\u00e9soudre le probl\u00e8me de l\u2019emploi des jeunes en m\u00eame temps.<\/p>\n\n\n\n<h2 class=\"wp-block-heading\">Raisons de d\u00e9velopper votre entreprise au Togo<\/h2>\n\n\n\n<p>Des imp\u00f4ts \u00e9lev\u00e9s font obstacle au d\u00e9veloppement du secteur priv\u00e9. Obtenir du financement est un autre probl\u00e8me auquel sont confront\u00e9s les investisseurs priv\u00e9s. Les entreprises rencontreront de nombreux autres obstacles. Pourquoi? Parce que le Togo est encore politiquement instable. La situation s&#039;am\u00e9liore mais reste pr\u00e9sente. Bref, le Togo n&#039;est pas tr\u00e8s amical envers les investisseurs. Pourtant, le Togo a beaucoup \u00e0 offrir aux investisseurs, alors ne vous laissez pas d\u00e9courager.<\/p>\n\n\n\n<h2 class=\"wp-block-heading\">Etude de march\u00e9 au Togo<\/h2>\n\n\n\n<p>Nous fournissons <a href=\"https:\/\/www.sisinternational.com\/fr\/recherche-qualitative-pour-ameliorer-lexperience-client\/\" title=\"Recherche qualitative pour am\u00e9liorer l&#039;exp\u00e9rience client\"  data-wpil-monitor-id=\"8758\">Recherche qualitative et quantitative<\/a> to tell you who and where your customers are. Strategy Research in Togo is also crucial. It helps investors to understand how to <a href=\"https:\/\/www.sisinternational.com\/fr\/creer-une-entreprise-en-turquie\/\" title=\"Cr\u00e9er une entreprise en Turquie\"  data-wpil-monitor-id=\"8761\">set realistic targets for their business<\/a>. We use Interviews and Surveys, so you can find new customers and know the best time to expand. We also use <a href=\"https:\/\/www.sisinternational.com\/fr\/societe-de-premier-plan-au-niveau-mondial\/\" title=\"Entreprise de premier plan au niveau mondial\"  data-wpil-monitor-id=\"8757\">Focus Groups to assist companies<\/a> in making the best business decisions. Contact us today, so we can work together to build your business in Togo.<\/p>\n\n\n\n<p><\/p>","protected":false},"excerpt":{"rendered":"<p>Etude de march\u00e9 au Togo, Afrique Le Togo est un petit pays d&#039;Afrique de l&#039;Ouest. Sa superficie n&#039;est que de 35 400 milles carr\u00e9s et se situe au sud du Burkina Faso, du Mali et du Niger. Le nom officiel du Togo est la R\u00e9publique togolaise. Le Togo \u00e9tait autrefois le centre commercial de la r\u00e9gion de l\u2019Afrique de l\u2019Ouest. En fait, il a gouvern\u00e9 le\u2026 <a title=\"Etude de march\u00e9 au Togo, Afrique\" class=\"read-more\" href=\"https:\/\/www.sisinternational.com\/fr\/couverture\/etude-de-marche-en-afrique\/etude-de-marche-au-togo-afrique\/\" aria-label=\"En savoir plus sur Market Research in Togo, Africa\">Lire plus<\/a><\/p>","protected":false},"author":1,"featured_media":65234,"parent":14281,"menu_order":38,"comment_status":"closed","ping_status":"closed","template":"","meta":{"footnotes":""},"class_list":["post-38049","page","type-page","status-publish","has-post-thumbnail"],"_links":{"self":[{"href":"https:\/\/www.sisinternational.com\/fr\/wp-json\/wp\/v2\/pages\/38049","targetHints":{"allow":["GET"]}}],"collection":[{"href":"https:\/\/www.sisinternational.com\/fr\/wp-json\/wp\/v2\/pages"}],"about":[{"href":"https:\/\/www.sisinternational.com\/fr\/wp-json\/wp\/v2\/types\/page"}],"author":[{"embeddable":true,"href":"https:\/\/www.sisinternational.com\/fr\/wp-json\/wp\/v2\/users\/1"}],"replies":[{"embeddable":true,"href":"https:\/\/www.sisinternational.com\/fr\/wp-json\/wp\/v2\/comments?post=38049"}],"version-history":[{"count":4,"href":"https:\/\/www.sisinternational.com\/fr\/wp-json\/wp\/v2\/pages\/38049\/revisions"}],"predecessor-version":[{"id":81469,"href":"https:\/\/www.sisinternational.com\/fr\/wp-json\/wp\/v2\/pages\/38049\/revisions\/81469"}],"up":[{"embeddable":true,"href":"https:\/\/www.sisinternational.com\/fr\/wp-json\/wp\/v2\/pages\/14281"}],"wp:featuredmedia":[{"embeddable":true,"href":"https:\/\/www.sisinternational.com\/fr\/wp-json\/wp\/v2\/media\/65234"}],"wp:attachment":[{"href":"https:\/\/www.sisinternational.com\/fr\/wp-json\/wp\/v2\/media?parent=38049"}],"curies":[{"name":"wp","href":"https:\/\/api.w.org\/{rel}","templated":true}]}}