{"id":38047,"date":"2021-07-09T03:13:57","date_gmt":"2021-07-09T03:13:57","guid":{"rendered":"https:\/\/www.sisinternational.com\/?page_id=38047"},"modified":"2025-09-14T17:48:07","modified_gmt":"2025-09-14T21:48:07","slug":"etude-de-marche-en-zambie-afrique","status":"publish","type":"page","link":"https:\/\/www.sisinternational.com\/fr\/couverture\/etude-de-marche-en-afrique\/etude-de-marche-en-zambie-afrique\/","title":{"rendered":"\u00c9tude de march\u00e9 en Zambie, Afrique"},"content":{"rendered":"<h1 class=\"wp-block-heading\">\u00c9tude de march\u00e9 en Zambie, Afrique<\/h1>\n\n\n\n<figure class=\"gb-block-image gb-block-image-d86cc733\"><img loading=\"lazy\" decoding=\"async\" width=\"1456\" height=\"816\" class=\"gb-image gb-image-d86cc733\" src=\"https:\/\/www.sisinternational.com\/wp-content\/uploads\/2025\/08\/Zambia-3.jpg\" alt=\"\u00c9tudes de march\u00e9 et strat\u00e9gie internationales SIS\" title=\"Zambia (3)\" srcset=\"https:\/\/www.sisinternational.com\/wp-content\/uploads\/2025\/08\/Zambia-3.jpg 1456w, https:\/\/www.sisinternational.com\/wp-content\/uploads\/2025\/08\/Zambia-3-300x168.jpg 300w, https:\/\/www.sisinternational.com\/wp-content\/uploads\/2025\/08\/Zambia-3-1024x574.jpg 1024w, https:\/\/www.sisinternational.com\/wp-content\/uploads\/2025\/08\/Zambia-3-768x430.jpg 768w, https:\/\/www.sisinternational.com\/wp-content\/uploads\/2025\/08\/Zambia-3-18x10.jpg 18w\" sizes=\"auto, (max-width: 1456px) 100vw, 1456px\"><\/figure>\n\n\n\n<p><\/p>\n\n\n\n<p>La Zambie abrite les c\u00e9l\u00e8bres chutes Victoria. Ce pays enclav\u00e9 du sud de l\u2019Afrique centrale est situ\u00e9 sur un plateau. Plusieurs cours d&#039;eau l&#039;entourent. Avec plus de 18 millions d&#039;habitants, la Zambie abrite \u00e9galement plus de 70 groupes ethniques. Elle a une petite pr\u00e9sence asiatique et des expatri\u00e9s d&#039;Europe, de Grande-Bretagne et d&#039;Afrique du Sud.<\/p>\n\n\n\n<p>L&#039;infrastructure est l&#039;un des principaux inconv\u00e9nients de la Zambie. Il n\u2019y a pas de ponts sur les grands fleuves et rivi\u00e8res et le r\u00e9seau routier est m\u00e9diocre dans les zones rurales. Il y a pr\u00e8s d\u2019un demi-si\u00e8cle, les fronti\u00e8res ont \u00e9t\u00e9 ferm\u00e9es en raison de la gu\u00e9rilla en Rhod\u00e9sie du Sud voisine (l\u2019actuel Zimbabwe). Depuis, les r\u00e9seaux routiers s\u2019am\u00e9liorent. Il reste n\u00e9anmoins place \u00e0 un d\u00e9veloppement ult\u00e9rieur.<\/p>\n\n\n\n<h2 class=\"wp-block-heading\">Quartiers<\/h2>\n\n\n\n<p>Zambia\u2019s capital, Lusaka, is one of Africa\u2019s fastest-growing cities. New buildings are going up everywhere. Shopping malls and chain stores are springing up all over the sprawling suburbs. The <a href=\"https:\/\/www.sisinternational.com\/fr\/sassurer-que-les-clients-se-souviennent-de-votre-message\/\" title=\"\u00c9tude de march\u00e9 sur l\u2019activation de marque\"  data-wpil-monitor-id=\"7745\">markets are hives of activity<\/a> with thousands of stalls. They house a myriad of restaurants, motor spares dealers, fishmongers, hairdressers, and fruit sellers. You\u2019ll also find row upon row of \u201csalaula\u201d \u2013 stalls of used clothing from the West sold to Africa by the bale.<\/p>\n\n\n\n<p>Kitwe est la deuxi\u00e8me plus grande ville de Zambie et constitue la plaque tournante de la r\u00e9gion de la Copperbelt et le principal centre commercial et industriel du pays. Kitwe est une ville moderne avec un cin\u00e9ma, un th\u00e9\u00e2tre et plusieurs h\u00f4tels. C&#039;est un choix populaire pour les d\u00e9veloppeurs industriels et il compte plusieurs industries. Par exemple, Kitwe produit des piles, des v\u00eatements et des meubles. Elle poss\u00e8de \u00e9galement des industries florissantes de production de biens de consommation, de ciment et d\u2019amiante.<\/p>\n\n\n\n<h2 class=\"wp-block-heading\">Les tendances<\/h2>\n\n\n\n<p>La Zambie conna\u00eet un changement d\u00e9mographique important. C&#039;est un pays jeune en termes d&#039;\u00e2ge m\u00e9dian. Pr\u00e8s de la moiti\u00e9 de la population zambienne a moins de 15 ans. La Zambie a un taux de f\u00e9condit\u00e9 \u00e9lev\u00e9 et sa population conna\u00eet une croissance rapide. Il double tous les 25 ans environ.<\/p>\n\n\n\n<p>Le pays est confront\u00e9 \u00e0 la menace des impacts prolong\u00e9s du COVID-19. La pand\u00e9mie a contribu\u00e9 au d\u00e9clin de plusieurs activit\u00e9s \u00e9conomiques. La pauvret\u00e9 augmente en raison des lourdes pertes d&#039;emplois dans le tourisme et l&#039;industrie manufacturi\u00e8re. Cette situation, si elle se prolonge, pourrait affecter la croissance \u00e9conomique.<\/p>\n\n\n\n<h2 class=\"wp-block-heading\">Industries cl\u00e9s<\/h2>\n\n\n\n<p>Copper and cobalt <a href=\"https:\/\/www.sisinternational.com\/fr\/venezuela-oil-mining-industry-potential-strategic-forecast-2026-2036\/\" title=\"Venezuela Oil &amp; Mining Industry Potential: Strategic Forecast 2026-2036\"  data-wpil-monitor-id=\"7746\">mining is the primary industry<\/a> in Zambia, but agriculture, forestry, fishing, textile manufacturing, and tourism are also promising ventures. Export crops include tobacco, cotton, fresh vegetables, and flowers. The country also exports gemstones, copper wire, cables, chemicals, and chemical products. In addition, it manufactures equipment and machinery.<\/p>\n\n\n\n<p>Corn, millet, peanuts, cassava, and sorghum are the primary food sources for local consumption. Further, Zambians have a robust timber industry with several species of exotic softwoods. The country has improved sugarcane <a href=\"https:\/\/www.sisinternational.com\/fr\/competence\/cv-dexperience\/etude-de-marche-sur-les-produits-de-soins-personnels\/\" title=\"\u00c9tude de march\u00e9 sur les produits de soins personnels\"  data-wpil-monitor-id=\"7744\">production for the local and domestic markets<\/a>. Zambian farmers also grow wheat, tobacco, tea, and coffee.<\/p>\n\n\n\n<p>En outre, une grande partie de la population d\u00e9pend d\u2019autres bois pour produire du charbon de bois. Ce charbon de bois sert de combustible pour la cuisine des foyers ruraux. La p\u00eache est \u00e9galement une option \u00e9conomique florissante en raison de la profusion de lacs, de rivi\u00e8res et de mar\u00e9cages.<\/p>\n\n\n\n<p>Ce qui est significatif, c&#039;est la richesse de la Zambie en ce qui concerne certains des plus grands gisements d&#039;\u00e9meraude du monde. Il existe \u00e9galement d\u2019autres pierres pr\u00e9cieuses comme la tourmaline, l\u2019aigue-marine et l\u2019am\u00e9thyste. La Zambie produit \u00e9galement du talc, de l\u2019or, du cobalt, du minerai de fer, de l\u2019argent et de la ferraille de qualit\u00e9 cosm\u00e9tique.<\/p>\n\n\n\n<p>Les principaux partenaires d&#039;exportation de la Zambie sont\u00a0:<\/p>\n\n\n\n<ul class=\"wp-block-list\">\n<li>Chine<\/li>\n\n\n\n<li>Afrique du Sud<\/li>\n\n\n\n<li>Suisse<\/li>\n\n\n\n<li>La R\u00e9publique D\u00e9mocratique du Congo<\/li>\n<\/ul>\n\n\n\n<h2 class=\"wp-block-heading\">Base de consommateurs<\/h2>\n\n\n\n<p>Pr\u00e8s de la moiti\u00e9 de la population zambienne vit dans des villes. C\u2019est donc l\u2019un des pays les plus urbanis\u00e9s d\u2019Afrique. Cette tendance semble appel\u00e9e \u00e0 s\u2019accentuer dans les ann\u00e9es \u00e0 venir \u00e0 mesure que l\u2019\u00e9conomie continue de cro\u00eetre. De plus en plus de ruraux pauvres \u00e9migrent vers ces zones urbaines, ce qui constitue un plus pour certaines entreprises.<\/p>\n\n\n\n<h2 class=\"wp-block-heading\">Raisons de d\u00e9velopper votre entreprise en Zambie<\/h2>\n\n\n\n<p>La Zambie est un pays s\u00fbr, dot\u00e9 d&#039;un gouvernement stable et d&#039;une population chaleureuse et amicale. Il y a des d\u00e9fis dans certains secteurs. Pourtant, ce pays \u00e0 revenu interm\u00e9diaire inf\u00e9rieur est riche de plusieurs ressources naturelles. Ces ressources peuvent alimenter l\u2019activit\u00e9 \u00e9conomique. M\u00eame si le PIB a r\u00e9cemment chut\u00e9, les perspectives restent favorables. La Zambie est m\u00fbre pour les investissements dans l\u2019exploitation mini\u00e8re du cuivre, le tourisme et l\u2019industrie manufacturi\u00e8re.<\/p>\n\n\n\n<h2 class=\"wp-block-heading\">\u00c0 propos des \u00e9tudes de march\u00e9 en Zambie<\/h2>\n\n\n\n<p>Are you <a href=\"https:\/\/www.sisinternational.com\/fr\/perspectives-economiques-du-qatar\/\" title=\"Perspectives \u00e9conomiques et \u00e9tudes de march\u00e9 du Qatar\"  data-wpil-monitor-id=\"7743\">researching the economic outlook<\/a> and growth rate for Zambia? Are you searching for good investment opportunities? Then we can put you in an excellent position to explore several exciting prospects. Our extensive study includes Qualitative, Quantitative, and Strategy Research methods. We will help you to make an informed decision about investing in this resource-rich country.<\/p>","protected":false},"excerpt":{"rendered":"<p>Etude de march\u00e9 en Zambie, Afrique La Zambie abrite les c\u00e9l\u00e8bres chutes Victoria. Ce pays enclav\u00e9 du sud de l\u2019Afrique centrale est situ\u00e9 sur un plateau. Plusieurs cours d&#039;eau l&#039;entourent. Avec plus de 18 millions d&#039;habitants, la Zambie abrite \u00e9galement plus de 70 groupes ethniques. Elle a une petite pr\u00e9sence asiatique et des expatri\u00e9s d&#039;Europe, de Grande-Bretagne et d&#039;Afrique du Sud. \u2026 <a title=\"\u00c9tude de march\u00e9 en Zambie, Afrique\" class=\"read-more\" href=\"https:\/\/www.sisinternational.com\/fr\/couverture\/etude-de-marche-en-afrique\/etude-de-marche-en-zambie-afrique\/\" aria-label=\"En savoir plus sur Market Research in Zambia, Africa\">Lire plus<\/a><\/p>","protected":false},"author":1,"featured_media":65157,"parent":14281,"menu_order":37,"comment_status":"closed","ping_status":"closed","template":"","meta":{"footnotes":""},"class_list":["post-38047","page","type-page","status-publish","has-post-thumbnail"],"_links":{"self":[{"href":"https:\/\/www.sisinternational.com\/fr\/wp-json\/wp\/v2\/pages\/38047","targetHints":{"allow":["GET"]}}],"collection":[{"href":"https:\/\/www.sisinternational.com\/fr\/wp-json\/wp\/v2\/pages"}],"about":[{"href":"https:\/\/www.sisinternational.com\/fr\/wp-json\/wp\/v2\/types\/page"}],"author":[{"embeddable":true,"href":"https:\/\/www.sisinternational.com\/fr\/wp-json\/wp\/v2\/users\/1"}],"replies":[{"embeddable":true,"href":"https:\/\/www.sisinternational.com\/fr\/wp-json\/wp\/v2\/comments?post=38047"}],"version-history":[{"count":3,"href":"https:\/\/www.sisinternational.com\/fr\/wp-json\/wp\/v2\/pages\/38047\/revisions"}],"predecessor-version":[{"id":81306,"href":"https:\/\/www.sisinternational.com\/fr\/wp-json\/wp\/v2\/pages\/38047\/revisions\/81306"}],"up":[{"embeddable":true,"href":"https:\/\/www.sisinternational.com\/fr\/wp-json\/wp\/v2\/pages\/14281"}],"wp:featuredmedia":[{"embeddable":true,"href":"https:\/\/www.sisinternational.com\/fr\/wp-json\/wp\/v2\/media\/65157"}],"wp:attachment":[{"href":"https:\/\/www.sisinternational.com\/fr\/wp-json\/wp\/v2\/media?parent=38047"}],"curies":[{"name":"wp","href":"https:\/\/api.w.org\/{rel}","templated":true}]}}