{"id":38036,"date":"2021-07-09T02:27:58","date_gmt":"2021-07-09T02:27:58","guid":{"rendered":"https:\/\/www.sisinternational.com\/?page_id=38036"},"modified":"2026-01-27T16:37:05","modified_gmt":"2026-01-27T21:37:05","slug":"etude-de-marche-au-zimbabwe-et-en-afrique","status":"publish","type":"page","link":"https:\/\/www.sisinternational.com\/fr\/couverture\/etude-de-marche-en-afrique\/etude-de-marche-au-zimbabwe-et-en-afrique\/","title":{"rendered":"\u00c9tude de march\u00e9 au Zimbabwe, en Afrique"},"content":{"rendered":"<h1 class=\"wp-block-heading\">\u00c9tude de march\u00e9 au Zimbabwe, en Afrique<\/h1>\n\n\n\n<figure class=\"gb-block-image gb-block-image-b926d6f2\"><img loading=\"lazy\" decoding=\"async\" width=\"1456\" height=\"816\" class=\"gb-image gb-image-b926d6f2\" src=\"https:\/\/www.sisinternational.com\/wp-content\/uploads\/2025\/08\/Zimbabwe-3.jpg\" alt=\"\u00c9tudes de march\u00e9 et strat\u00e9gie internationales SIS\" title=\"Zimbabwe, (3)\" srcset=\"https:\/\/www.sisinternational.com\/wp-content\/uploads\/2025\/08\/Zimbabwe-3.jpg 1456w, https:\/\/www.sisinternational.com\/wp-content\/uploads\/2025\/08\/Zimbabwe-3-300x168.jpg 300w, https:\/\/www.sisinternational.com\/wp-content\/uploads\/2025\/08\/Zimbabwe-3-1024x574.jpg 1024w, https:\/\/www.sisinternational.com\/wp-content\/uploads\/2025\/08\/Zimbabwe-3-768x430.jpg 768w, https:\/\/www.sisinternational.com\/wp-content\/uploads\/2025\/08\/Zimbabwe-3-18x10.jpg 18w\" sizes=\"auto, (max-width: 1456px) 100vw, 1456px\"><\/figure>\n\n\n\n<p><\/p>\n\n\n\n<p>La R\u00e9publique du Zimbabwe, anciennement Rhod\u00e9sie, offre certains des paysages les plus \u00e9poustouflants d&#039;Afrique australe. C&#039;est un territoire enclav\u00e9 pris en sandwich entre les fleuves Limpopo et Zamb\u00e8ze. Sa superficie totale est de plus de 150 000 milles carr\u00e9s.<\/p>\n\n\n\n<p>The country borders Mozambique to the <a href=\"https:\/\/www.sisinternational.com\/fr\/couverture\/etude-de-marche-en-afrique\/etude-de-marche-en-afrique-ouganda\/\" title=\"Etude de march\u00e9 en Ouganda, Afrique de l&#039;Est\"  data-wpil-monitor-id=\"6087\">east and South Africa<\/a> to the south. Zambia and Botswana are to the <a href=\"https:\/\/www.sisinternational.com\/fr\/couverture\/etude-de-marche-en-afrique\/etude-de-marche-au-maroc-afrique-du-nord\/\" title=\"Etude de march\u00e9 au Maroc, continent nord-ouest africain\"  data-wpil-monitor-id=\"11238\">north and west<\/a>. After years of civil and military unrest, Zimbabwe began to settle down around 1980. Yet, although it had a more stable form of government, it still faced hardships. For example, its struggle with hyperinflation is well-known.<\/p>\n\n\n\n<p>Even now, electricity flickers on for only a few hours at a time, often at night. Another challenge is running water, which flows for only a few hours a week. It\u2019s a difficult climate to run a business. In fact, business owners have to import power from Mozambique and South <a href=\"https:\/\/www.sisinternational.com\/fr\/leffet-des-cultures-de-marche-nigerianes-sur-les-affaires\/\" title=\"Le march\u00e9 nig\u00e9rian\u00a0: l&#039;effet de la culture sur les affaires\"  data-wpil-monitor-id=\"7480\">Afrique<\/a>. Still, it provides an opportunity for investors. These investors can look at providing essential services, ensuring the survival of businesses.<\/p>\n\n\n\n<h2 class=\"wp-block-heading\">Les tendances<\/h2>\n\n\n\n<p>Environ 75 pour cent de la population d\u00e9pend de l\u2019agriculture pour son existence. Il convient de noter son taux d\u2019alphab\u00e9tisation \u00e9lev\u00e9 et sa main-d\u2019\u0153uvre progressiste et bien instruite. Ces indicateurs sont des signes positifs qui incitent les investisseurs \u00e0 former des alliances strat\u00e9giques. Les secteurs des services, de la fabrication, des t\u00e9l\u00e9communications et de l\u2019agriculture sont d\u2019excellents points de d\u00e9part.<\/p>\n\n\n\n<p>La r\u00e9cession mondiale actuelle et la COVID-19 ont affect\u00e9 les conditions de vie et l\u2019emploi. Les perspectives \u00e9conomiques restent n\u00e9anmoins positives. Le Zimbabwe continue de b\u00e9n\u00e9ficier d&#039;une \u00e9conomie forte. Il ne d\u00e9pend pas non plus de mani\u00e8re significative du financement des agences internationales. En outre, les experts pr\u00e9disent une hausse du PIB aliment\u00e9e par l\u2019agriculture.<\/p>\n\n\n\n<h2 class=\"wp-block-heading\">Industries cl\u00e9s<\/h2>\n\n\n\n<p>Le Zimbabwe occupe environ 93 pour cent de la superficie terrestre et 83 pour cent de l\u2019eau de l\u2019Afrique australe. Il est riche en ressources naturelles, en bonnes infrastructures et en acc\u00e8s a\u00e9rien et maritime. Elle dispose \u00e9galement de r\u00e9seaux routiers fiables.<\/p>\n\n\n\n<p>Le Zimbabwe fait partie des 15 plus grands producteurs d\u2019or au monde. Les Zimbabw\u00e9ens extraient \u00e9galement du platine, du cuivre, du charbon, de l&#039;\u00e9tain, des minerais m\u00e9talliques et non m\u00e9talliques, du nickel, des produits chimiques, du ciment, des produits du bois, de l&#039;acier et des engrais. Les autres exportations sont les produits alimentaires, les v\u00eatements, les chaussures et les boissons.<\/p>\n\n\n\n<p>Il existe d\u2019importantes opportunit\u00e9s commerciales dans les domaines de l\u2019horticulture, du tourisme, de l\u2019ing\u00e9nierie, de la foresterie, de la fabrication, des mines et des t\u00e9l\u00e9communications. De plus, ses principales exportations comprennent l\u2019or, le tabac, le sucre, le coton et les minerais m\u00e9talliques. Les principaux partenaires d&#039;exportation du Zimbabwe sont\u00a0:<\/p>\n\n\n\n<ul class=\"wp-block-list\">\n<li>France<\/li>\n\n\n\n<li>Les Pays-Bas<\/li>\n\n\n\n<li>Afrique du Sud<\/li>\n\n\n\n<li>Royaume-Uni<\/li>\n\n\n\n<li>Irlande<\/li>\n\n\n\n<li>Belgique<\/li>\n<\/ul>\n\n\n\n<h2 class=\"wp-block-heading\">Base de consommateurs<\/h2>\n\n\n\n<p>Les principales importations du Zimbabwe comprennent les carburants, les engrais min\u00e9raux, le p\u00e9trole, le mat\u00e9riel de transport, les machines, l&#039;\u00e9nergie \u00e9lectrique, le riz, le bl\u00e9 et d&#039;autres produits alimentaires.<\/p>\n\n\n\n<p>La majeure partie de la population d\u00e9pend de l&#039;agriculture. Il existe donc un potentiel important de d\u00e9veloppement du secteur. En fait, les investisseurs peuvent faire des perc\u00e9es dans l\u2019agroalimentaire, l\u2019horticulture et l\u2019\u00e9levage. Ils peuvent \u00e9galement explorer une grande vari\u00e9t\u00e9 de cultures fruiti\u00e8res. Par exemple, les investisseurs peuvent cultiver des p\u00eaches, des fraises, du mange tout, des nectarines. Une autre opportunit\u00e9 d\u2019investissement r\u00e9side dans l\u2019am\u00e9lioration de la cha\u00eene de valeur.<\/p>\n\n\n\n<p>Le Zimbabwe a une d\u00e9mographie diversifi\u00e9e. Bien que la population noire soit majoritaire, le pays abrite des Blancs et des Asiatiques. En outre, il existe de nombreux autres groupes ethniques.<\/p>\n\n\n\n<p>Les Zimbabw\u00e9ens sont pauvres et le gouvernement attribue les p\u00e9nuries alimentaires \u00e0 la r\u00e9cente s\u00e9cheresse. Le pays compte plus de 15 millions d&#039;habitants, dont un tiers a entre 15 et 29 ans. Un autre tiers a moins de 15 ans.<\/p>\n\n\n\n<h2 class=\"wp-block-heading\">Raisons de d\u00e9velopper votre entreprise au Zimbabwe<\/h2>\n\n\n\n<p>Le Zimbabwe a connu de nombreuses ann\u00e9es de revers \u00e9conomiques et de troubles int\u00e9rieurs. Pourtant, il peut d\u00e9sormais conqu\u00e9rir le monde. Il dispose d\u00e9sormais d&#039;un gouvernement stable. Elle b\u00e9n\u00e9ficie \u00e9galement d&#039;un climat favorable et d&#039;excellentes perspectives agricoles et mini\u00e8res. Tous ces facteurs le rendent id\u00e9al pour l\u2019investissement. Le pays est riche en min\u00e9raux avec plus de 40 minerais diff\u00e9rents. Leur industrie mini\u00e8re contribue le plus au PIB annuel du pays.<\/p>\n\n\n\n<p>Le secteur industriel repr\u00e9sente plus de 25 pour cent du PIB. De plus, l\u2019agriculture repr\u00e9sente environ un cinqui\u00e8me du PIB. Les agriculteurs produisent du caf\u00e9, du tabac, du bl\u00e9, des arachides, du ma\u00efs et divers fruits.<\/p>\n\n\n\n<p>Le sol de haute qualit\u00e9, le climat chaud et les terres arables cr\u00e9ent des conditions id\u00e9ales. Plusieurs industries peuvent prosp\u00e9rer, notamment la foresterie, l\u2019irrigation, les infrastructures et l\u2019exploitation mini\u00e8re. L&#039;industrie manufacturi\u00e8re offre des investissements importants dans la production de p\u00e2tes et papiers, de plastiques, de chambres \u00e0 air, de pneus et d&#039;assemblage de v\u00e9hicules.<\/p>\n\n\n\n<p>Le climat tropical du Zimbabwe est id\u00e9al pour l&#039;agriculture. Les opportunit\u00e9s incluent la production de fleurs fra\u00eechement coup\u00e9es, de fruits, de sucre, de haricots mange-tout et de pois.<\/p>\n\n\n\n<p>Further, it\u2019s making <a href=\"https:\/\/www.sisinternational.com\/fr\/etude-de-marche-sur-le-positionnement-des-produits-b2b\/\" title=\"\u00c9tude de march\u00e9 sur le positionnement des produits B2B\"  data-wpil-monitor-id=\"11239\">positive strides in developing its tourism product<\/a>. It aims to be one of the world\u2019s most desirable destinations.<\/p>\n\n\n\n<p>Overall, Zimbabwe has a well-established and reliable telecommunications network. It\u2019s ideal for business engagement. Moreover, there are several <a href=\"https:\/\/www.sisinternational.com\/fr\/opportunites-et-obstacles-bancaires-islamiques-pour-le-secteur-financier-americain\/\" title=\"Banque islamique\u00a0: opportunit\u00e9s et obstacles pour le secteur financier am\u00e9ricain\"  data-wpil-monitor-id=\"11241\">opportunit\u00e9s<\/a> to further enhance the already thriving banking sector.<\/p>\n\n\n\n<h2 class=\"wp-block-heading\">\u00c0 propos des \u00e9tudes de march\u00e9 au Zimbabwe<\/h2>\n\n\n\n<p>Are you seeking investment opportunities in Zimbabwe? Our Qualitative, Quantitative, and Strategy Research methodologies provide several critical indicators. Our <a href=\"https:\/\/www.sisinternational.com\/fr\/solutions\/etude-de-marche-de-consommation\/\" title=\"Consumer Market Research Services for Smarter Business Decisions\"  data-wpil-monitor-id=\"11240\">services foster business<\/a> growth and development. Here we\u2019ve provided a detailed analysis of several exciting business prospects. Zimbabwe holds much promise, and we hope that this article helps with your decision.<\/p>","protected":false},"excerpt":{"rendered":"<p>Le Zimbabwe poss\u00e8de d&#039;abondantes ressources naturelles et de bonnes infrastructures, occupant une partie importante des terres et de l&#039;eau d&#039;Afrique australe.<\/p>","protected":false},"author":1,"featured_media":65160,"parent":14281,"menu_order":36,"comment_status":"closed","ping_status":"closed","template":"","meta":{"footnotes":""},"class_list":["post-38036","page","type-page","status-publish","has-post-thumbnail"],"_links":{"self":[{"href":"https:\/\/www.sisinternational.com\/fr\/wp-json\/wp\/v2\/pages\/38036","targetHints":{"allow":["GET"]}}],"collection":[{"href":"https:\/\/www.sisinternational.com\/fr\/wp-json\/wp\/v2\/pages"}],"about":[{"href":"https:\/\/www.sisinternational.com\/fr\/wp-json\/wp\/v2\/types\/page"}],"author":[{"embeddable":true,"href":"https:\/\/www.sisinternational.com\/fr\/wp-json\/wp\/v2\/users\/1"}],"replies":[{"embeddable":true,"href":"https:\/\/www.sisinternational.com\/fr\/wp-json\/wp\/v2\/comments?post=38036"}],"version-history":[{"count":8,"href":"https:\/\/www.sisinternational.com\/fr\/wp-json\/wp\/v2\/pages\/38036\/revisions"}],"predecessor-version":[{"id":81833,"href":"https:\/\/www.sisinternational.com\/fr\/wp-json\/wp\/v2\/pages\/38036\/revisions\/81833"}],"up":[{"embeddable":true,"href":"https:\/\/www.sisinternational.com\/fr\/wp-json\/wp\/v2\/pages\/14281"}],"wp:featuredmedia":[{"embeddable":true,"href":"https:\/\/www.sisinternational.com\/fr\/wp-json\/wp\/v2\/media\/65160"}],"wp:attachment":[{"href":"https:\/\/www.sisinternational.com\/fr\/wp-json\/wp\/v2\/media?parent=38036"}],"curies":[{"name":"wp","href":"https:\/\/api.w.org\/{rel}","templated":true}]}}