{"id":37998,"date":"2021-06-28T15:36:33","date_gmt":"2021-06-28T15:36:33","guid":{"rendered":"https:\/\/www.sisinternational.com\/?page_id=37998"},"modified":"2026-01-25T18:34:55","modified_gmt":"2026-01-25T23:34:55","slug":"etude-de-marche-maritime","status":"publish","type":"page","link":"https:\/\/www.sisinternational.com\/fr\/competence\/etude-de-marche-maritime\/","title":{"rendered":"\u00c9tude de march\u00e9 maritime"},"content":{"rendered":"<h1 class=\"wp-block-heading\">\u00c9tude de march\u00e9 maritime<\/h1>\n\n\n\n<figure class=\"gb-block-image gb-block-image-a3ab37c8\"><img loading=\"lazy\" decoding=\"async\" width=\"1456\" height=\"816\" class=\"gb-image gb-image-a3ab37c8\" src=\"https:\/\/www.sisinternational.com\/wp-content\/uploads\/2025\/09\/Maritime-4.jpg\" alt=\"\u00c9tudes de march\u00e9 et strat\u00e9gie internationales SIS\" title=\"Maritime (4)\" srcset=\"https:\/\/www.sisinternational.com\/wp-content\/uploads\/2025\/09\/Maritime-4.jpg 1456w, https:\/\/www.sisinternational.com\/wp-content\/uploads\/2025\/09\/Maritime-4-300x168.jpg 300w, https:\/\/www.sisinternational.com\/wp-content\/uploads\/2025\/09\/Maritime-4-1024x574.jpg 1024w, https:\/\/www.sisinternational.com\/wp-content\/uploads\/2025\/09\/Maritime-4-768x430.jpg 768w, https:\/\/www.sisinternational.com\/wp-content\/uploads\/2025\/09\/Maritime-4-18x10.jpg 18w\" sizes=\"auto, (max-width: 1456px) 100vw, 1456px\"><\/figure>\n\n\n\n<hr class=\"wp-block-separator has-alpha-channel-opacity is-style-dots\"\/>\n\n\n\n<p>Le maritime fait r\u00e9f\u00e9rence \u00e0 tout ce qui touche \u00e0 la mer. L&#039;industrie maritime comprend des entreprises qui se concentrent sur le d\u00e9veloppement et la fabrication de navires impliqu\u00e9s dans des activit\u00e9s maritimes commerciales ou militaires. Le march\u00e9 naval englobe tout service ou processus impliquant des navires pour le transport maritime, le transport et les loisirs.<\/p>\n\n\n\n<h2 class=\"wp-block-heading\">Pourquoi le March\u00e9 Maritime est-il indispensable ?<\/h2>\n\n\n\n<p>L&#039;industrie maritime est un moyen de transport \u00e9tabli depuis pr\u00e8s de 5 000 ans, avec d&#039;importantes routes maritimes commen\u00e7ant dans la mer d&#039;Oman pour \u00e9viter les bandits terrestres. Aujourd&#039;hui, il existe en tant que march\u00e9 mondial centr\u00e9 sur le transport maritime \u00e0 l&#039;\u00e9tranger et le long des voies navigables c\u00f4ti\u00e8res, permettant la distribution de biens, de personnes et de services sur diff\u00e9rents continents 24h\/24, 7j\/7 et 365j\/an.<\/p>\n\n\n\n<h2 class=\"wp-block-heading\">Tendances du march\u00e9 maritime<\/h2>\n\n\n\n<h3 class=\"wp-block-heading\">Mises \u00e0 niveau de navigation<\/h3>\n\n\n\n<p>Les solutions actuelles pour la navigation au sein de l&#039;industrie maritime sont robustes et conviennent bien \u00e0 la navigation des navires vers leur prochaine destination. Sonar, radar et GPS sont devenus essentiels dans le processus de navigation des capitaines de navires. Cependant, ces technologies peuvent encore \u00eatre am\u00e9lior\u00e9es.<\/p>\n\n\n\n<p>En cons\u00e9quence, les entreprises maritimes ont commenc\u00e9 \u00e0 utiliser de nouveaux outils de navigation qui am\u00e9liorent la cartographie optimis\u00e9e des itin\u00e9raires, exploitent les technologies LiDAR pour une meilleure connaissance de la situation et augmentent le pilote automatique pour maximiser l&#039;efficacit\u00e9 et r\u00e9duire les temps de trajet.<\/p>\n\n\n\n<h3 class=\"wp-block-heading\">Investissements de capacit\u00e9s<\/h3>\n\n\n\n<p>Le march\u00e9 maritime a connu une augmentation significative du nombre d\u2019entreprises augmentant leurs capacit\u00e9s de transport. En cons\u00e9quence, l\u2019acquisition de cargos g\u00e9n\u00e9raux, de vraquiers, de chimiquiers, de porte-conteneurs, de navires \u00e0 passagers et de p\u00e9troliers de gaz naturel liqu\u00e9fi\u00e9 (GNL) a augment\u00e9 r\u00e9guli\u00e8rement et semble poursuivre cette tendance.<\/p>\n\n\n\n<p>Le GNL est particuli\u00e8rement prometteur sur ce march\u00e9, car il constitue un carburant plus l\u00e9ger et plus efficace pour les navires \u00e9quip\u00e9s de moteurs GNL. Alors que les tendances mondiales continuent de s\u2019orienter vers des carburants plus propres, l\u2019industrie maritime embo\u00eetera le pas en adoptant des m\u00e9thodes plus efficaces pour distribuer les biens et les personnes.<\/p>\n\n\n\n<h3 class=\"wp-block-heading\">Analyse des donn\u00e9es<\/h3>\n\n\n\n<p>Depuis leur cr\u00e9ation, les m\u00e9gadonn\u00e9es et les logiciels avanc\u00e9s d\u2019analyse de donn\u00e9es ont permis aux organisations maritimes de mettre en \u0153uvre des protocoles efficaces de distribution et de gestion des stocks. En outre, les entreprises ont exploit\u00e9 le Big Data pour mieux comprendre les inefficacit\u00e9s de leur cha\u00eene d\u2019approvisionnement et trouver des solutions imm\u00e9diates pour surmonter ces obstacles.<\/p>\n\n\n\n<p>Les outils avanc\u00e9s d\u2019analyse des donn\u00e9es peuvent \u00e9galement rationaliser les exp\u00e9ditions et renforcer la s\u00e9curit\u00e9 des informations pour les personnes impliqu\u00e9es. Le suivi de la productivit\u00e9 des employ\u00e9s, des performances des navires, des capacit\u00e9s de transport, de la consommation de carburant, etc. est rendu possible gr\u00e2ce \u00e0 l&#039;analyse des donn\u00e9es. \u00c0 l\u2019avenir, les entreprises qui n\u2019adopteront pas ces tendances auront probablement du mal \u00e0 rester rentables face \u00e0 leurs concurrents.<\/p>\n\n\n\n<h3 class=\"wp-block-heading\">Apprentissage automatique et intelligence artificielle<\/h3>\n\n\n\n<p>L\u2019intelligence artificielle et l\u2019apprentissage automatique (IA\/ML) ont remodel\u00e9 le secteur du transport maritime \u00e0 l\u2019instar de l\u2019analyse des donn\u00e9es. Cependant, l\u2019IA\/ML \u00e9limine le besoin pour les op\u00e9rateurs de charges utiles et les \u00e9quipages des navires de passer du temps \u00e0 analyser manuellement les donn\u00e9es. Au lieu de cela, ces technologies permettent aux navires de se conna\u00eetre eux-m\u00eames et d\u2019identifier toute incoh\u00e9rence en termes de performances ou d\u2019efficacit\u00e9.<\/p>\n\n\n\n<p>Le suivi de la maintenance, le suivi des stocks, le cryptage et les alertes en temps r\u00e9el de l&#039;IA\/ML sont d&#039;\u00e9normes atouts pour r\u00e9volutionner le secteur du transport maritime. Un jour, ils deviendront la norme dans la bo\u00eete \u00e0 outils de presque tous les transporteurs \u00e0 grande \u00e9chelle.<\/p>\n\n\n\n<h3 class=\"wp-block-heading\">Tourisme<\/h3>\n\n\n\n<p>Le tourisme sur le march\u00e9 maritime a g\u00e9n\u00e9r\u00e9 de nouvelles opportunit\u00e9s \u00e9conomiques pour les pays du monde entier. Dans des pays comme la Malaisie et le Sri Lanka, le tourisme c\u00f4tier est le principal contributeur \u00e0 leur PIB. Les organisations ont reconnu les opportunit\u00e9s de cette industrie, r\u00e9alisant des investissements importants dans de nouveaux navires, une s\u00e9curit\u00e9 accrue et m\u00eame dans les ports qu&#039;elles visitent pour contribuer \u00e0 accro\u00eetre la demande des consommateurs pour le tourisme maritime.<\/p>\n\n\n\n<p>La s\u00e9curit\u00e9 accrue des touristes est devenue un sujet de pr\u00e9occupation important pour de nombreuses organisations et a conduit \u00e0 une \u00e9volution vers une surveillance plus robuste de la qualit\u00e9 de l&#039;air \u00e0 bord, des capacit\u00e9s de vid\u00e9osurveillance d\u00e9centralis\u00e9es et une embauche accrue de personnel de s\u00e9curit\u00e9. Ces protocoles de s\u00e9curit\u00e9 renforc\u00e9s pour le tourisme c\u00f4tier permettent aux organisations d&#039;offrir aux touristes de nouvelles zones de voyage (comme l&#039;Iran) sans se soucier de leur s\u00e9curit\u00e9. Cela ouvre ainsi la porte \u00e0 de nombreuses opportunit\u00e9s d\u2019investissement dans le monde entier.<\/p>\n\n\n\n<h2 class=\"wp-block-heading\">Opportunit\u00e9s sur le march\u00e9 maritime<\/h2>\n\n\n\n<ul class=\"wp-block-list\">\n<li>Les entreprises qui investissent dans de nouveaux navires et dans des infrastructures portuaires peuvent s\u2019attendre \u00e0 de meilleurs r\u00e9sultats, car le prix des combustibles fossiles continue de fluctuer et le vieillissement des infrastructures cr\u00e9e des obstacles \u00e0 la cha\u00eene d\u2019approvisionnement.<\/li>\n\n\n\n<li>Tirer parti des nouvelles technologies \u00e9mergentes comme les navires autonomes, les robots, <a href=\"https:\/\/www.maritime.dot.gov\/sites\/marad.dot.gov\/files\/2020-07\/Blockchain%20Use%20Cases%20Final%20Report%20%2820200622%29.pdf\" target=\"_blank\" rel=\"noopener\">cha\u00eene de blocs<\/a>, l&#039;IA\/ML et m\u00eame le LiDAR peuvent am\u00e9liorer l&#039;efficacit\u00e9 op\u00e9rationnelle et augmenter la productivit\u00e9 globale sans membres d&#039;\u00e9quipage suppl\u00e9mentaires. Cela peut \u00e9galement rendre les voyages plus s\u00fbrs et r\u00e9duire les risques de catastrophe.<\/li>\n\n\n\n<li>De nouveaux march\u00e9s touristiques deviennent disponibles gr\u00e2ce aux capacit\u00e9s de s\u00e9curit\u00e9 renforc\u00e9es. Par cons\u00e9quent, les entreprises capables de proposer des destinations de voyage uniques autrefois non navigables et de les commercialiser de mani\u00e8re raisonnable devraient s\u2019attendre \u00e0 un int\u00e9r\u00eat significatif de la part du segment touristique.<\/li>\n\n\n\n<li>Les h\u00f4tels, restaurants et divertissements c\u00f4tiers peuvent s\u2019attendre \u00e0 d\u2019excellents retours sur les investissements r\u00e9alis\u00e9s dans l\u2019industrie du tourisme maritime.<\/li>\n<\/ul>\n\n\n\n<h2 class=\"wp-block-heading\">Les d\u00e9fis de l&#039;industrie maritime<\/h2>\n\n\n\n<p>Comme mentionn\u00e9 pr\u00e9c\u00e9demment, l\u2019industrie maritime se bat depuis des lustres en mati\u00e8re de s\u00e9curit\u00e9, et cela constitue une v\u00e9ritable pr\u00e9occupation pour les transporteurs de marchandises et les navires de tourisme. Malheureusement, dans le pass\u00e9, les pirates ont pris des navires entiers en otage, vol\u00e9 des marchandises et bless\u00e9 ou tu\u00e9 des personnes. L&#039;importance de la s\u00e9curit\u00e9 des navires dans l&#039;ensemble de l&#039;industrie est donc un d\u00e9fi qui ne semble pas pr\u00eat de dispara\u00eetre.<\/p>\n\n\n\n<p>Le transport maritime n\u00e9cessite des d\u00e9lais beaucoup plus longs que le transport a\u00e9rien et la distribution. Pour cette raison, les entreprises du secteur maritime doivent trouver des moyens de rester comp\u00e9titives et d\u2019attirer les touristes et les clients gr\u00e2ce \u00e0 des solutions innovantes et mutuellement avantageuses. Bien entendu, les grands cargos, les chimiquiers et les porte-conteneurs n\u2019ont pas grand-chose \u00e0 craindre en ce sens. Pourtant, \u00e0 mesure que l\u2019industrie a\u00e9rospatiale continue d\u2019\u00e9voluer, il s\u2019agit d\u2019un d\u00e9fi que l\u2019industrie maritime doit garder \u00e0 l\u2019esprit pour aller de l\u2019avant.<\/p>\n\n\n\n<p>Les technologies \u00e9mergentes sont co\u00fbteuses, de sorte que les petites organisations qui n&#039;ont pas les moyens de r\u00e9aliser ces investissements doivent fonctionner avec une plus grande efficacit\u00e9 pour \u00e9viter de perdre leur avantage concurrentiel sur ce march\u00e9. Bien que ces petites organisations manquent d\u2019infrastructures num\u00e9riques et physiques suppl\u00e9mentaires, elles compensent par la rapidit\u00e9, l\u2019efficacit\u00e9 et le co\u00fbt.<\/p>\n\n\n\n<h3 class=\"wp-block-heading\">Nouvelles technologies<\/h3>\n\n\n\n<p>La blockchain est une technologie \u00e9mergente dans l\u2019espace maritime qui fournit des registres num\u00e9riques, crypt\u00e9s et inviolables \u00e0 toutes les personnes impliqu\u00e9es dans le processus d\u2019exp\u00e9dition. <a href=\"https:\/\/www.sisinternational.com\/fr\/competence\/les-industries\/etude-de-marche-du-fret-2\/\">\u00c0 chaque \u00e9tape du cycle d&#039;exp\u00e9dition, la blockchain permet aux entreprises de mieux g\u00e9rer les stocks, d&#039;augmenter la s\u00e9curit\u00e9 op\u00e9rationnelle et de maximiser l&#039;efficacit\u00e9.<\/a>.<\/p>\n\n\n\n<p>Les moteurs au gaz naturel liqu\u00e9fi\u00e9 (GNL) ont lentement infiltr\u00e9 l\u2019industrie du transport maritime et continueront de le faire \u00e0 moins qu\u2019une alternative plus efficace ou plus renouvelable n\u2019existe. Pour l\u2019instant, les entreprises peuvent s\u2019attendre \u00e0 des investissements importants dans l\u2019adoption du GNL afin d\u2019augmenter leurs r\u00e9sultats financiers, de r\u00e9duire le poids transport\u00e9 et de mieux servir le climat mondial.<\/p>\n\n\n\n<p>Les possibilit\u00e9s de l\u2019IA\/ML sont infinies et peuvent s\u2019av\u00e9rer b\u00e9n\u00e9fiques pour l\u2019industrie maritime. Ces outils num\u00e9riques permettent aux robots, navires, moteurs et capteurs d&#039;optimiser les protocoles op\u00e9rationnels et de s&#039;am\u00e9liorer sans avoir besoin d&#039;interaction humaine. Des outils comme AutoML, qui s&#039;entra\u00eenent automatiquement sans programmation suppl\u00e9mentaire, cr\u00e9eront de nouvelles opportunit\u00e9s pour les transporteurs de fret et de passagers du monde entier. Ces technologies se sont av\u00e9r\u00e9es progressives dans le progr\u00e8s de l\u2019arm\u00e9e am\u00e9ricaine et pr\u00e9senteront de nombreuses possibilit\u00e9s similaires pour le segment maritime commercial.<\/p>\n\n\n\n<h2 class=\"wp-block-heading\">Pourquoi les \u00e9tudes de march\u00e9 maritimes sont-elles importantes ?<\/h2>\n\n\n\n<p><a href=\"https:\/\/www.sisinternational.com\/fr\/etudes-de-cas\/\">L\u2019\u00e9tude de march\u00e9 examine la situation dans son ensemble<\/a> et prend en compte toutes les diff\u00e9rentes tendances, concurrents, perspectives, zones g\u00e9ographiques et politiques mondiales qui influencent un march\u00e9. Il s&#039;agit d&#039;un processus unique qui facilite une meilleure compr\u00e9hension du march\u00e9 d&#039;une entreprise et lui permet d&#039;ex\u00e9cuter des objectifs strat\u00e9giques et bien d\u00e9finis.<\/p>\n\n\n\n<p>Les \u00e9tudes de march\u00e9 maritimes sont vitales en raison des changements importants qui se produisent dans l\u2019ensemble du secteur. Les \u00e9tudes de march\u00e9 maritimes peuvent permettre aux organisations maritimes d\u2019exploiter des informations factuelles et fond\u00e9es sur des donn\u00e9es lors de l\u2019ex\u00e9cution de d\u00e9cisions critiques.<\/p>\n\n\n\n<p>Qualitative research in the <a href=\"https:\/\/www.sisinternational.com\/fr\/competence\/les-industries\/etude-de-marche-sur-les-accessoires-pour-ustensiles-de-cuisine-et-ustensiles-de-cuisson\/\" title=\"\u00c9tude de march\u00e9 sur les ustensiles de cuisine et ustensiles de cuisson, casseroles et accessoires\" data-wpil-monitor-id=\"4972\">maritime<\/a> industry allows companies to gain insights into their target market by directly capturing their consumer&#8217;s voices. These invaluable insights can lead to new technologies, more efficient operational procedures, and even targeted marketing campaigns that connect better to the intended audience. They also enable business leaders and critical decision-makers to enter new territories without the uncertainties associated with consumer needs.<\/p>\n\n\n\n<p>La recherche quantitative dans l&#039;industrie maritime implique des analyses de donn\u00e9es num\u00e9riques ou bool\u00e9ennes qui se concentrent sur un p\u00e9rim\u00e8tre \u00e9troitement cibl\u00e9 au sein du secteur. Ces informations peuvent fournir aux chefs d&#039;entreprise des informations statistiquement significatives sur les offres de produits, les services et les strat\u00e9gies concurrentielles afin de fournir un avantage concurrentiel lorsqu&#039;ils naviguent sur un march\u00e9 aussi contest\u00e9.<\/p>\n\n\n\n<p>Les \u00e9tudes de march\u00e9 maritimes sont essentielles car elles permettent aux organisations ax\u00e9es sur le secteur maritime d&#039;avoir une vue d&#039;ensemble de leur secteur et de prendre des d\u00e9cisions commerciales strat\u00e9giques et \u00e9clair\u00e9es, \u00e9tay\u00e9es par des preuves factuelles. Sans ces informations, les entreprises ont r\u00e9alis\u00e9 des investissements mal inform\u00e9s dans des secteurs en voie de disparition et ont pris des mesures importantes pour y rem\u00e9dier. Les \u00e9tudes de march\u00e9 de SIS Maritime \u00e9vitent ces probl\u00e8mes et mettent les organisations sur la bonne voie pour r\u00e9ussir.<\/p>\n\n\n\n<p><\/p>","protected":false},"excerpt":{"rendered":"<p>Les \u00e9tudes de march\u00e9 maritime aident les organisations ax\u00e9es sur le secteur maritime \u00e0 avoir une vue d&#039;ensemble de leur secteur et \u00e0 prendre des d\u00e9cisions commerciales strat\u00e9giques.<\/p>","protected":false},"author":1,"featured_media":68816,"parent":14514,"menu_order":71,"comment_status":"closed","ping_status":"closed","template":"","meta":{"footnotes":""},"class_list":["post-37998","page","type-page","status-publish","has-post-thumbnail"],"_links":{"self":[{"href":"https:\/\/www.sisinternational.com\/fr\/wp-json\/wp\/v2\/pages\/37998","targetHints":{"allow":["GET"]}}],"collection":[{"href":"https:\/\/www.sisinternational.com\/fr\/wp-json\/wp\/v2\/pages"}],"about":[{"href":"https:\/\/www.sisinternational.com\/fr\/wp-json\/wp\/v2\/types\/page"}],"author":[{"embeddable":true,"href":"https:\/\/www.sisinternational.com\/fr\/wp-json\/wp\/v2\/users\/1"}],"replies":[{"embeddable":true,"href":"https:\/\/www.sisinternational.com\/fr\/wp-json\/wp\/v2\/comments?post=37998"}],"version-history":[{"count":4,"href":"https:\/\/www.sisinternational.com\/fr\/wp-json\/wp\/v2\/pages\/37998\/revisions"}],"predecessor-version":[{"id":78881,"href":"https:\/\/www.sisinternational.com\/fr\/wp-json\/wp\/v2\/pages\/37998\/revisions\/78881"}],"up":[{"embeddable":true,"href":"https:\/\/www.sisinternational.com\/fr\/wp-json\/wp\/v2\/pages\/14514"}],"wp:featuredmedia":[{"embeddable":true,"href":"https:\/\/www.sisinternational.com\/fr\/wp-json\/wp\/v2\/media\/68816"}],"wp:attachment":[{"href":"https:\/\/www.sisinternational.com\/fr\/wp-json\/wp\/v2\/media?parent=37998"}],"curies":[{"name":"wp","href":"https:\/\/api.w.org\/{rel}","templated":true}]}}