{"id":37992,"date":"2021-06-28T14:47:18","date_gmt":"2021-06-28T14:47:18","guid":{"rendered":"https:\/\/www.sisinternational.com\/?page_id=37992"},"modified":"2025-09-14T18:30:41","modified_gmt":"2025-09-14T22:30:41","slug":"etude-de-marche-du-fret-2","status":"publish","type":"page","link":"https:\/\/www.sisinternational.com\/fr\/competence\/etude-de-marche-du-fret-2\/","title":{"rendered":"\u00c9tude de march\u00e9 du fret \u2014 Transit et exp\u00e9dition de fret"},"content":{"rendered":"<h1 class=\"wp-block-heading\">\u00c9tude de march\u00e9 sur le transport de fret<\/h1>\n\n\n\n<figure class=\"gb-block-image gb-block-image-7bde6564\"><img loading=\"lazy\" decoding=\"async\" width=\"1456\" height=\"816\" class=\"gb-image gb-image-7bde6564\" src=\"https:\/\/www.sisinternational.com\/wp-content\/uploads\/2025\/08\/Freight-8.jpg\" alt=\"\u00c9tudes de march\u00e9 et strat\u00e9gie internationales SIS\" title=\"Freight (8)\" srcset=\"https:\/\/www.sisinternational.com\/wp-content\/uploads\/2025\/08\/Freight-8.jpg 1456w, https:\/\/www.sisinternational.com\/wp-content\/uploads\/2025\/08\/Freight-8-300x168.jpg 300w, https:\/\/www.sisinternational.com\/wp-content\/uploads\/2025\/08\/Freight-8-1024x574.jpg 1024w, https:\/\/www.sisinternational.com\/wp-content\/uploads\/2025\/08\/Freight-8-768x430.jpg 768w, https:\/\/www.sisinternational.com\/wp-content\/uploads\/2025\/08\/Freight-8-18x10.jpg 18w\" sizes=\"auto, (max-width: 1456px) 100vw, 1456px\"><\/figure>\n\n\n\n<p><\/p>\n\n\n\n<p>Pour mieux comprendre les avantages des \u00e9tudes de march\u00e9 sur le fret, il faut d\u2019abord comprendre ce qu\u2019est le fret et pourquoi il est crucial.<\/p>\n\n\n\n<h2 class=\"wp-block-heading\">Qu\u2019est-ce que le fret ?<\/h2>\n\n\n\n<p>Le fret est le transport et la distribution de marchandises en vrac par camion, train, bateau ou avion. Un transport ad\u00e9quat des marchandises est essentiel au succ\u00e8s de l\u2019\u00e9conomie mondiale \u2013 permettant une distribution mondiale des produits manufactur\u00e9s, des denr\u00e9es alimentaires, des ressources naturelles, etc.<\/p>\n\n\n\n<p>Les progr\u00e8s dans le transport de marchandises ont permis aux entreprises d\u2019\u00e9tablir des cha\u00eenes d\u2019approvisionnement intercontinentales, r\u00e9duisant ainsi efficacement les niveaux de stocks et rationalisant l\u2019ex\u00e9cution des commandes. Le commerce \u00e9lectronique, les affaires internationales et l\u2019exp\u00e9dition acc\u00e9l\u00e9r\u00e9e ont tous \u00e9t\u00e9 rendus possibles gr\u00e2ce \u00e0 l\u2019\u00e9volution du secteur du fret.<\/p>\n\n\n\n<h2 class=\"wp-block-heading\">Qu\u2019est-ce que l\u2019industrie du fret ?<\/h2>\n\n\n\n<p>L&#039;industrie du fret est un conglom\u00e9rat de m\u00e9thodes de transport, de courtiers de fret, de cha\u00eenes d&#039;approvisionnement, de centres de distribution, de centres de donn\u00e9es et de personnes. Ces entit\u00e9s collaborent au niveau national et international pour suivre, surveiller et g\u00e9rer la livraison des marchandises.<\/p>\n\n\n\n<p>L\u2019industrie du fret augmente la valeur des marchandises en les d\u00e9localisant vers des endroits o\u00f9 leur demande et leur valeur sont beaucoup plus \u00e9lev\u00e9es et favorise une plus grande concurrence et productivit\u00e9 en \u00e9largissant les fronti\u00e8res spatiales des march\u00e9s des mati\u00e8res premi\u00e8res et du travail.<\/p>\n\n\n\n<h2 class=\"wp-block-heading\">Pourquoi le secteur du fret est-il important ?<\/h2>\n\n\n\n<p>L\u2019industrie du fret emploie des millions de personnes dans le monde et est devenue un acteur incontournable du progr\u00e8s de l\u2019humanit\u00e9. Presque tous les articles que quelqu&#039;un poss\u00e8de, \u00e0 l&#039;exception de ceux produits localement, sont pass\u00e9s entre les mains d&#039;une entreprise de transport.<\/p>\n\n\n\n<p>L&#039;industrie du fret stimule les \u00e9conomies en exigeant des investissements dans les infrastructures, en adoptant de nouvelles technologies et en simplifiant les op\u00e9rations de la cha\u00eene d&#039;approvisionnement. De plus, il inspire l\u2019innovation vers une gestion plus efficace des donn\u00e9es, des carburants plus propres et de nouvelles m\u00e9thodes de transport.<\/p>\n\n\n\n<h2 class=\"wp-block-heading\">Tendances dans le secteur du fret<\/h2>\n\n\n\n<p>Le succ\u00e8s dans le secteur du fret repose en grande partie sur la capacit\u00e9 d&#039;une entreprise de transport \u00e0 suivre, surveiller et livrer les marchandises de mani\u00e8re s\u00fbre et efficace.<\/p>\n\n\n\n<h3 class=\"wp-block-heading\">Infrastructure physique et num\u00e9rique<\/h3>\n\n\n\n<p>De nombreuses organisations de transport de marchandises se sont concentr\u00e9es sur le remplacement des infrastructures vieillissantes afin de rationaliser les livraisons et de r\u00e9duire les incertitudes li\u00e9es aux calendriers. Cependant, les routes v\u00e9tustes, le poids inutile des conteneurs et la consommation de carburant inefficace peuvent avoir un impact n\u00e9gatif sur les r\u00e9sultats financiers.<\/p>\n\n\n\n<p>Les investissements dans l\u2019infrastructure num\u00e9rique ont permis aux prestataires de fret de suivre la collecte et la distribution des commandes beaucoup plus efficacement. Cela a \u00e9galement permis aux entreprises de mieux communiquer sur les d\u00e9lais de livraison, de r\u00e9duire les vols et de r\u00e9pondre \u00e0 la demande croissante.<\/p>\n\n\n\n<h3 class=\"wp-block-heading\">Les avanc\u00e9es technologiques<\/h3>\n\n\n\n<p>Les capacit\u00e9s accrues de gestion des donn\u00e9es et de suivi des commandes ont permis aux entreprises de transport de fournir plus de transparence et de certitude dans la livraison des marchandises.<\/p>\n\n\n\n<p>La croissance rapide du secteur du commerce \u00e9lectronique a contraint les prestataires de fret \u00e0 investir dans des capacit\u00e9s permettant une livraison rapide et fiable. Les industries du camionnage et du chemin de fer ont jou\u00e9 un r\u00f4le essentiel dans ce processus.<\/p>\n\n\n\n<h3 class=\"wp-block-heading\">Carburants plus propres<\/h3>\n\n\n\n<p>Adopting cleaner-burning <a href=\"https:\/\/www.sisinternational.com\/fr\/competence\/les-industries\/etude-de-marche-sur-le-transport-de-carburant\/\" title=\"\u00c9tude de march\u00e9 sur le transport de carburant\"  data-wpil-monitor-id=\"11294\">fuels has led to more efficient transportation<\/a> methods, which ultimately lowers transport prices and increases the bottom line.<\/p>\n\n\n\n<p>Freight companies have initiated the transition to renewable energies, cleaner-burning, and sustainable <a href=\"https:\/\/www.sisinternational.com\/fr\/solutions\/recherche-de-conseil-en-strategie-fintech\/recherche-sur-les-technologies-de-regulation\/\" title=\"Regulation Technology Market Research\"  data-wpil-monitor-id=\"11279\">technologies to meet increasing environmental regulations<\/a>.<\/p>\n\n\n\n<h3 class=\"wp-block-heading\">Fusions<\/h3>\n\n\n\n<p>Pour r\u00e9pondre \u00e0 la demande croissante d\u2019une livraison rapide et efficace, de nombreuses organisations ont proc\u00e9d\u00e9 \u00e0 des fusions pour accro\u00eetre leur capacit\u00e9 et capitaliser sur leurs capacit\u00e9s.<\/p>\n\n\n\n<p>A high number of collaborations in this space has allowed freight <a href=\"https:\/\/www.sisinternational.com\/fr\/competence\/les-industries\/etudes-de-marche-des-organismes-de-recherche-sous-contrat\/\" title=\"\u00c9tude de march\u00e9 sur les organismes de recherche sous contrat\"  data-wpil-monitor-id=\"11296\">organizations to withstand market<\/a> fluctuations. Companies are diversifying to overcome possible supply shortages, regulatory restrictions, and territory constraints.<\/p>\n\n\n\n<h2 class=\"wp-block-heading\">Les d\u00e9fis du secteur du fret<\/h2>\n\n\n\n<figure class=\"gb-block-image gb-block-image-4de66556\"><img loading=\"lazy\" decoding=\"async\" width=\"1456\" height=\"816\" class=\"gb-image gb-image-4de66556\" src=\"https:\/\/www.sisinternational.com\/wp-content\/uploads\/2025\/08\/Freight-5.jpg\" alt=\"\u00c9tudes de march\u00e9 et strat\u00e9gie internationales SIS\" title=\"Freight (5)\" srcset=\"https:\/\/www.sisinternational.com\/wp-content\/uploads\/2025\/08\/Freight-5.jpg 1456w, https:\/\/www.sisinternational.com\/wp-content\/uploads\/2025\/08\/Freight-5-300x168.jpg 300w, https:\/\/www.sisinternational.com\/wp-content\/uploads\/2025\/08\/Freight-5-1024x574.jpg 1024w, https:\/\/www.sisinternational.com\/wp-content\/uploads\/2025\/08\/Freight-5-768x430.jpg 768w, https:\/\/www.sisinternational.com\/wp-content\/uploads\/2025\/08\/Freight-5-18x10.jpg 18w\" sizes=\"auto, (max-width: 1456px) 100vw, 1456px\"><\/figure>\n\n\n\n<p><\/p>\n\n\n\n<h3 class=\"wp-block-heading\">Poids<\/h3>\n\n\n\n<p>Les biens mat\u00e9riels lourds diminuent l\u2019efficacit\u00e9 des transports et ont un impact sur la consommation de carburant. Dans le secteur du transport de marchandises, m\u00eame quelques grammes peuvent faire une diff\u00e9rence dans les co\u00fbts.<\/p>\n\n\n\n<p>Les prestataires de fret ont du mal \u00e0 trouver des solutions innovantes pour exp\u00e9dier des mat\u00e9riaux lourds qui restent rentables.<\/p>\n\n\n\n<h3 class=\"wp-block-heading\">S\u00e9curit\u00e9<\/h3>\n\n\n\n<p>Asset management is essential to the success of a freight company. Freight companies must protect their customers&#8217; assets at all costs, but <a href=\"https:\/\/www.sisinternational.com\/fr\/solutions\/conseil-en-strategie\/cabinets-de-conseil-en-gestion\/\" title=\"Cabinet mondial de conseil en gestion\"  data-wpil-monitor-id=\"11283\">managing several transportation channels and global<\/a> distribution processes can be a challenging experience.<\/p>\n\n\n\n<p>Les entreprises qui ne disposent pas d\u2019un syst\u00e8me de gestion des stocks robuste et d\u2019une capacit\u00e9 de suivi des commandes se mettent elles-m\u00eames et leurs clients en danger.<\/p>\n\n\n\n<h3 class=\"wp-block-heading\">R\u00e8glements<\/h3>\n\n\n\n<p>Les organisations gouvernementales et non gouvernementales ont impos\u00e9 des r\u00e9glementations sur le transport de marchandises \u00e0 travers l&#039;espace a\u00e9rien, les plans d&#039;eau et la terre. Ces r\u00e9glementations sont mises \u00e0 jour r\u00e9guli\u00e8rement et peuvent s&#039;av\u00e9rer co\u00fbteuses pour les organismes de fret qui ne r\u00e9pondent pas \u00e0 leurs exigences.<\/p>\n\n\n\n<h3 class=\"wp-block-heading\">Des demandes croissantes<\/h3>\n\n\n\n<p>La demande croissante de marchandises exerce une pression suppl\u00e9mentaire sur les entreprises de fret qui doivent trouver des moyens de rester rentables. La pression en faveur d\u2019une augmentation des d\u00e9bits de livraison signifie une consommation de carburant accrue, moins de temps de pr\u00e9paration, une marge d\u2019erreur minimale et moins de temps pour mettre \u00e0 niveau les capacit\u00e9s.<\/p>\n\n\n\n<h2 class=\"wp-block-heading\">Opportunit\u00e9s dans l&#039;industrie du fret<\/h2>\n\n\n\n<ul class=\"wp-block-list\">\n<li>Les investissements dans l&#039;analyse des donn\u00e9es permettront aux prestataires de fret de comprendre les inefficacit\u00e9s de leurs op\u00e9rations actuelles et de trouver des moyens de les att\u00e9nuer.<\/li>\n\n\n\n<li>L\u2019urbanisation des communaut\u00e9s rurales du monde entier offrira de nouveaux canaux de transport, march\u00e9s et \u00e9conomies aux entreprises de fret.<\/li>\n\n\n\n<li>Rising fuel costs will further push the trend toward cleaner or renewable solutions for transportation. <a href=\"https:\/\/www.sisinternational.com\/fr\/services-de-publicite-multiculturelle-pour-un-leader-mondial-de-solutions-de-gestion-des-animaux\/\" title=\"Services de publicit\u00e9 multiculturelle pour une entreprise leader mondial de solutions de gestion des animaux\"  data-wpil-monitor-id=\"11286\">Companies that adopt these solutions<\/a> early will position themselves for future success.<\/li>\n\n\n\n<li>Les changements de sites de production permettront aux entreprises de transport de desservir de nouveaux territoires et de trouver de nouveaux clients.<\/li>\n<\/ul>\n\n\n\n<h2 class=\"wp-block-heading\">Nouvelles technologies dans l&#039;industrie du fret<\/h2>\n\n\n\n<ul class=\"wp-block-list\">\n<li><a href=\"https:\/\/www.shippingandfreightresource.com\/5-technologies-shaking-freight-industry\/\" target=\"_blank\" rel=\"noopener\">Gestion automatis\u00e9e des stocks et suivi des commandes<\/a><\/li>\n\n\n\n<li>Mises \u00e0 jour client en temps r\u00e9el pour l&#039;\u00e9tat de la livraison<\/li>\n\n\n\n<li><a href=\"https:\/\/www.sisinternational.com\/fr\/competence\/les-industries\/etude-de-marche-sur-les-vehicules-electriques\/\" title=\"\u00c9tude de march\u00e9 sur les v\u00e9hicules \u00e9lectriques\" data-wpil-monitor-id=\"11297\">V\u00e9hicules \u00e9lectriques et autonomes<\/a><\/li>\n\n\n\n<li>Livraisons par drones<\/li>\n\n\n\n<li>Automatisation robotique<\/li>\n\n\n\n<li><a href=\"https:\/\/www.shippingandfreightresource.com\/5-technologies-shaking-freight-industry\/\" target=\"_blank\" rel=\"noopener\">Analyse des m\u00e9gadonn\u00e9es<\/a><\/li>\n\n\n\n<li>Cha\u00eene de blocs<\/li>\n\n\n\n<li><a href=\"https:\/\/www.shippingandfreightresource.com\/5-technologies-shaking-freight-industry\/\" target=\"_blank\" rel=\"noopener\">Intelligence artificielle<\/a><\/li>\n\n\n\n<li>impression en 3D<\/li>\n\n\n\n<li><a href=\"https:\/\/www.shippingandfreightresource.com\/5-technologies-shaking-freight-industry\/\" target=\"_blank\" rel=\"noopener\">IoT (Internet des objets)<\/a><\/li>\n<\/ul>\n\n\n\n<h2 class=\"wp-block-heading\">Le r\u00f4le de la blockchain dans l&#039;industrie du fret<\/h2>\n\n\n\n<p><a href=\"https:\/\/www.sisinternational.com\/fr\/solutions\/conseil-en-blockchain-sis\/\">La blockchain est une technologie de registre distributif<\/a> qui permet la liaison inviolable des actifs num\u00e9riques au sein d\u2019un r\u00e9seau. Il fonctionne comme un syst\u00e8me de fichiers num\u00e9riques qui s\u2019\u00e9tend de plus en plus \u00e0 l\u2019introduction de chaque transaction. En cons\u00e9quence, tous les participants au r\u00e9seau poss\u00e8dent une copie compl\u00e8te du grand livre, ce qui facilite une transparence totale et un partage d&#039;informations plus accessible.<\/p>\n\n\n\n<h3 class=\"wp-block-heading\">Que peut faire la blockchain pour le secteur du fret ?<\/h3>\n\n\n\n<ul class=\"wp-block-list\">\n<li>La blockchain peut faciliter le partage rapide d\u2019informations en \u00e9liminant les \u00e9changes sur papier, par courrier \u00e9lectronique, par fax ou par courrier.<\/li>\n\n\n\n<li>La blockchain permet d&#039;am\u00e9liorer la confidentialit\u00e9 en permettant le partage d&#039;informations peer-to-peer sur un r\u00e9seau privatis\u00e9 et crypt\u00e9. Chaque transaction sur une blockchain s&#039;ajoute \u00e0 une piste d&#039;audit des exp\u00e9ditions et garantit la confidentialit\u00e9 des identit\u00e9s des utilisateurs.<\/li>\n\n\n\n<li>Les autorit\u00e9s portuaires, les transporteurs et les transitaires peuvent visualiser en temps r\u00e9el le suivi du syst\u00e8me bas\u00e9 sur la blockchain, renfor\u00e7ant ainsi leurs capacit\u00e9s logistiques en offrant une vue de l&#039;ensemble du processus d&#039;exp\u00e9dition.<\/li>\n\n\n\n<li>Les enregistrements de la blockchain sont irr\u00e9versibles et ne peuvent pas \u00eatre modifi\u00e9s, ce qui r\u00e9duit consid\u00e9rablement les risques de fraude au sein d&#039;une transaction.<\/li>\n<\/ul>\n\n\n\n<h2 class=\"wp-block-heading\">Une \u00e9tude de march\u00e9 du fret ?<\/h2>\n\n\n\n<p>Freight market research is the study and analysis of key trends, opportunities, insights, and challenges within the freight industry. It allows critical decision-makers and business leaders in the freight industry to make data-driven decisions when navigating the vast market of the freight industry. These insights are crucial to long-term success and enable companies to <a href=\"https:\/\/www.sisinternational.com\/fr\/solutions\/solutions-de-branding-et-de-recherche-client\/etude-de-marche-sur-la-differenciation-des-marques\/\" title=\"\u00c9tude de march\u00e9 sur la diff\u00e9renciation des marques\" data-wpil-monitor-id=\"11292\">differentiate themselves in a crowded market<\/a>. Freight market research carries no boundaries in its execution and, when conducted correctly, can provide particular insights that an organization deems essential.<\/p>\n\n\n\n<p>Qualitative research in the <a href=\"https:\/\/www.sisinternational.com\/fr\/competence\/les-industries\/etude-de-marche-du-transport-maritime-et-de-la-logistique\/\" title=\"\u00c9tude de march\u00e9 sur le transport maritime et la logistique\" data-wpil-monitor-id=\"3508\">fret<\/a> industry can enable businesses to capture the voice of their customer and leverage it for tailored marketing tactics, new market opportunities, and product development. It can also provide detailed sentiment around specific offerings, allowing companies to enhance their pre-existing solutions.<\/p>\n\n\n\n<p>Companies can leverage quantitative insights to guide fact-based decision-making at any level of the organization. Quantitative data provides a numerical system for decision-making, allowing businesses to <a href=\"https:\/\/www.sisinternational.com\/fr\/couverture\/etude-de-marche-en-asie\/recherche-sur-la-segmentation-de-la-clientele-en-asie\/\" title=\"Recherche sur la segmentation des clients en Asie\" data-wpil-monitor-id=\"11298\">segment their customer<\/a> profiles, understand competitive positioning, and gain statistically significant understandings of satisfaction with a product or service.<\/p>\n\n\n\n<p>Les organisations de fret peuvent \u00e9galement b\u00e9n\u00e9ficier d&#039;un am\u00e9nagement paysager concurrentiel, d&#039;estimations de la taille du march\u00e9 et d&#039;analyses des tendances, qui fournissent toutes un avantage concurrentiel lorsqu&#039;elles p\u00e9n\u00e8trent de nouveaux territoires, proposent de nouveaux produits ou cr\u00e9ent des campagnes marketing sp\u00e9cifiques \u00e0 un secteur.<\/p>\n\n\n\n<p><\/p>","protected":false},"excerpt":{"rendered":"<p>La recherche qualitative dans le secteur du fret permet aux entreprises de capter la voix de leurs clients et de l&#039;exploiter pour un marketing sur mesure.<\/p>","protected":false},"author":1,"featured_media":63821,"parent":14514,"menu_order":70,"comment_status":"closed","ping_status":"closed","template":"","meta":{"footnotes":""},"class_list":["post-37992","page","type-page","status-publish","has-post-thumbnail"],"_links":{"self":[{"href":"https:\/\/www.sisinternational.com\/fr\/wp-json\/wp\/v2\/pages\/37992","targetHints":{"allow":["GET"]}}],"collection":[{"href":"https:\/\/www.sisinternational.com\/fr\/wp-json\/wp\/v2\/pages"}],"about":[{"href":"https:\/\/www.sisinternational.com\/fr\/wp-json\/wp\/v2\/types\/page"}],"author":[{"embeddable":true,"href":"https:\/\/www.sisinternational.com\/fr\/wp-json\/wp\/v2\/users\/1"}],"replies":[{"embeddable":true,"href":"https:\/\/www.sisinternational.com\/fr\/wp-json\/wp\/v2\/comments?post=37992"}],"version-history":[{"count":5,"href":"https:\/\/www.sisinternational.com\/fr\/wp-json\/wp\/v2\/pages\/37992\/revisions"}],"predecessor-version":[{"id":81840,"href":"https:\/\/www.sisinternational.com\/fr\/wp-json\/wp\/v2\/pages\/37992\/revisions\/81840"}],"up":[{"embeddable":true,"href":"https:\/\/www.sisinternational.com\/fr\/wp-json\/wp\/v2\/pages\/14514"}],"wp:featuredmedia":[{"embeddable":true,"href":"https:\/\/www.sisinternational.com\/fr\/wp-json\/wp\/v2\/media\/63821"}],"wp:attachment":[{"href":"https:\/\/www.sisinternational.com\/fr\/wp-json\/wp\/v2\/media?parent=37992"}],"curies":[{"name":"wp","href":"https:\/\/api.w.org\/{rel}","templated":true}]}}