{"id":37921,"date":"2021-06-25T16:56:31","date_gmt":"2021-06-25T16:56:31","guid":{"rendered":"https:\/\/www.sisinternational.com\/?page_id=37921"},"modified":"2026-01-24T21:21:35","modified_gmt":"2026-01-25T02:21:35","slug":"etude-de-marche-sur-la-personnalite-de-lacheteur","status":"publish","type":"page","link":"https:\/\/www.sisinternational.com\/fr\/solutions\/solutions-de-recherche-qualitative-et-quantitative\/etude-de-marche-sur-la-personnalite-de-lacheteur\/","title":{"rendered":"Solutions et m\u00e9thodes d\u2019\u00e9tude de march\u00e9 sur la personnalit\u00e9 de l\u2019acheteur"},"content":{"rendered":"<h1 class=\"gb-headline gb-headline-cc0d1502 gb-headline-text\">\u00c9tude de march\u00e9 sur la personnalit\u00e9 de l\u2019acheteur<\/h1>\n\n\n\n<figure class=\"gb-block-image gb-block-image-386fd99c\"><img loading=\"lazy\" decoding=\"async\" width=\"1456\" height=\"816\" class=\"gb-image gb-image-386fd99c\" src=\"https:\/\/www.sisinternational.com\/wp-content\/uploads\/2025\/08\/Strategy-consulting-24.jpg\" alt=\"\u00c9tudes de march\u00e9 et strat\u00e9gie internationales SIS\" title=\"Strategy consulting (24)\" srcset=\"https:\/\/www.sisinternational.com\/wp-content\/uploads\/2025\/08\/Strategy-consulting-24.jpg 1456w, https:\/\/www.sisinternational.com\/wp-content\/uploads\/2025\/08\/Strategy-consulting-24-300x168.jpg 300w, https:\/\/www.sisinternational.com\/wp-content\/uploads\/2025\/08\/Strategy-consulting-24-1024x574.jpg 1024w, https:\/\/www.sisinternational.com\/wp-content\/uploads\/2025\/08\/Strategy-consulting-24-768x430.jpg 768w, https:\/\/www.sisinternational.com\/wp-content\/uploads\/2025\/08\/Strategy-consulting-24-18x10.jpg 18w\" sizes=\"auto, (max-width: 1456px) 100vw, 1456px\"><\/figure>\n\n\n\n<p><\/p>\n\n\n\n<hr class=\"wp-block-separator has-alpha-channel-opacity\"\/>\n\n\n\n<h2 class=\"wp-block-heading\">Qu\u2019est-ce que l\u2019\u00e9tude de march\u00e9 sur la personnalit\u00e9 de l\u2019acheteur ?<\/h2>\n\n\n\n<p>Buyer Persona Market Research est une repr\u00e9sentation semi-fictive d\u2019un client id\u00e9al. Cela implique de conna\u00eetre les besoins des clients, ce qui vous permet de commercialiser votre produit aupr\u00e8s des bonnes personnes.<\/p>\n\n\n\n<h2 class=\"wp-block-heading\">Pourquoi l\u2019\u00e9tude de march\u00e9 sur la personnalit\u00e9 de l\u2019acheteur est-elle importante ?<\/h2>\n\n\n\n<p>This type of market research is crucial because it helps you understand your customers. It also helps you to get to know your prospective customers better. Plus, it helps you to tailor your content, message, and product development. It allows you to understand the different motivations and purchasing habits of customers. It also makes adjusting your services easier. In that way, you can meet customers&#8217; specific needs, concerns, and behaviors.<\/p>\n\n\n\n<p>Buyer <a href=\"https:\/\/www.sisinternational.com\/fr\/competence\/les-industries\/recherche-de-personnalite-extreme\/\" title=\"Recherche sur les personnalit\u00e9s extr\u00eames\"  data-wpil-monitor-id=\"3361\">Persona Market Research<\/a> is also necessary for market segmentation. With segmentation, the <a href=\"https:\/\/www.sisinternational.com\/fr\/couverture\/les-ameriques\/etude-de-marche-dans-les-caraibes\/etude-de-marche-a-saint-kitts-nevis\/\" title=\"\u00c9tude de march\u00e9 \u00e0 Saint-Kitts-et-Nevis\"  data-wpil-monitor-id=\"3299\">researcher divides a market<\/a> of potential customers into groups based on different characteristics. The customers respond to messages you send. So, you must ensure that your market uses the voice of your buyers. That\u2019s why you invest in proper keyword research to ensure you speak the customer\u2019s language.<\/p>\n\n\n\n<h2 class=\"wp-block-heading\">How is Buyer Persona Market Research&nbsp;Done<\/h2>\n\n\n\n<p>Companies do Buyer <a href=\"https:\/\/www.sisinternational.com\/fr\/competence\/les-industries\/etude-de-marche-sur-la-personnalite-numerique\/\" title=\"\u00c9tude de march\u00e9 sur la personnalit\u00e9 num\u00e9rique\"  data-wpil-monitor-id=\"6223\">Persona Market Research<\/a> through surveys, focus groups, and interviews.<\/p>\n\n\n\n<p>Research involves searching through your contacts database to discover trends that show how specific consumers find and use your content.<\/p>\n\n\n\n<p>Les enqu\u00eates incluent l&#039;utilisation de formulaires avec des champs sp\u00e9cifiques. Ces champs capturent des informations essentielles sur les diff\u00e9rentes personnalit\u00e9s des acheteurs sur votre site Web. Les enqu\u00eates impliquent \u00e9galement de prendre en compte les commentaires de votre \u00e9quipe commerciale. Ils vous donnent des informations sur les pistes avec lesquelles ils se m\u00ealent le plus. Ils font \u00e9galement des g\u00e9n\u00e9ralisations sur les diff\u00e9rents types de clients.<\/p>\n\n\n\n<p>Through Focus Groups, you and your team can interview prospects and customers. Focus Groups help you to find out what they love and enjoy about your product offering. Once you\u2019ve gone through the research process, you&#8217;ll have raw data, which gives you insights into your potential and current customers. The next step is to identify patterns from the answers to your interview questions. Thus, you develop a main primary persona and share that persona with the rest of the company.<\/p>\n\n\n\n<h2 class=\"wp-block-heading\">\u00c9tapes impliqu\u00e9es<\/h2>\n\n\n\n<ul class=\"wp-block-list\">\n<li>D\u00e9finir vos acheteurs et votre march\u00e9 cible. Cette \u00e9tape vous permet de d\u00e9couvrir votre public cible et d\u2019interpr\u00e9ter ses comportements. Cela commence par cr\u00e9er une repr\u00e9sentation fictive de vos clients potentiels, telle que la tranche d&#039;\u00e2ge, le lieu et le type d&#039;emploi. Cela aide \u00e0 comprendre leurs pr\u00e9f\u00e9rences d\u2019achat.<\/li>\n<\/ul>\n\n\n\n<ul class=\"wp-block-list\">\n<li>Engaging with your audience. You\u2019ll be able to get similar opinions about your products and services from customers. You can also get them from potentials. Engaging customers who recently purchased from you is ideal. They can relay their experience to you. Another tactic is to use your social media accounts to get various customers.<\/li>\n\n\n\n<li>D\u00e9terminer les meilleures m\u00e9thodes pour r\u00e9pondre aux besoins des clients. La marque du produit est essentielle. L\u2019apparence et la personnalit\u00e9 de votre marque d\u00e9termineront votre succ\u00e8s.<\/li>\n\n\n\n<li>Researching your primary competitors. You can use Google and social media to search for industries and companies like your own. Have you identified your competitors? Do a SWOT analysis (strengths, weaknesses, opportunities, and threats) for each business. Take note of your competitors\u2019 pricing. Also, look at and the display of their products and services. Then, do a thorough review of your customers. You will be able to address how your business can compete with other companies in a similar field. You can also identify the industry&#8217;s advantages and what trends you should consider.<\/li>\n<\/ul>\n\n\n\n<h2 class=\"wp-block-heading\">Avantages<\/h2>\n\n\n\n<figure class=\"gb-block-image gb-block-image-fbafe1a3\"><img loading=\"lazy\" decoding=\"async\" width=\"1456\" height=\"816\" class=\"gb-image gb-image-fbafe1a3\" src=\"https:\/\/www.sisinternational.com\/wp-content\/uploads\/2025\/08\/Retail-12.jpg\" alt=\"\u00c9tudes de march\u00e9 et strat\u00e9gie internationales SIS\" title=\"Retail (12)\" srcset=\"https:\/\/www.sisinternational.com\/wp-content\/uploads\/2025\/08\/Retail-12.jpg 1456w, https:\/\/www.sisinternational.com\/wp-content\/uploads\/2025\/08\/Retail-12-300x168.jpg 300w, https:\/\/www.sisinternational.com\/wp-content\/uploads\/2025\/08\/Retail-12-1024x574.jpg 1024w, https:\/\/www.sisinternational.com\/wp-content\/uploads\/2025\/08\/Retail-12-768x430.jpg 768w, https:\/\/www.sisinternational.com\/wp-content\/uploads\/2025\/08\/Retail-12-18x10.jpg 18w\" sizes=\"auto, (max-width: 1456px) 100vw, 1456px\"><\/figure>\n\n\n\n<p><\/p>\n\n\n\n<p><a href=\"https:\/\/www.sisinternational.com\/fr\/competence\/les-industries\/etude-de-marche-sur-lintention-de-lacheteur\/\" title=\"\u00c9tude de march\u00e9 sur l\u2019intention de l\u2019acheteur\"  data-wpil-monitor-id=\"6251\">\u00c9tude de march\u00e9 sur la personnalit\u00e9 de l\u2019acheteur<\/a> helps you understand your audience\u2019s needs. It reveals who the reliant customers are on your product or service.<\/p>\n\n\n\n<p>Another benefit is creating more Personalized Content for consumers. Such marketing personalization has many advantages. Thus, Buyer Persona Market Research plays a crucial role in increasing the effectiveness of your messaging.<\/p>\n\n\n\n<h2 class=\"wp-block-heading\">Quels sont les livrables pour ce type de recherche ?<\/h2>\n\n\n\n<ul class=\"wp-block-list\">\n<li><a href=\"https:\/\/www.linkedin.com\/company\/sisinternationalresearch\" target=\"_blank\" rel=\"noopener\">\u00c9tude de march\u00e9<\/a> involves analyzing customers&#8217; needs. The company is trying to solve these problems, so input from sources like your sales team and customers provides valuable insights. They show how the products can be better. Even potential customers and competitors can make a valuable contribution to product development.<\/li>\n\n\n\n<li>Les clients sont les principales cibles de vos produits. Il serait donc pr\u00e9f\u00e9rable que vous r\u00e9fl\u00e9chissiez aux informations dont les clients ont besoin pour prendre leur d\u00e9cision d\u2019achat. O\u00f9 pouvez-vous atteindre ces clients\u00a0? Sont-ils pr\u00eats \u00e0 recevoir votre message ? Conna\u00eetre les r\u00e9ponses \u00e0 ces questions peut \u00eatre crucial pour les campagnes marketing.<\/li>\n\n\n\n<li>Avec le positionnement produit, vous occupez de l&#039;espace dans l&#039;esprit de vos consommateurs. C&#039;est un moyen pour les clients potentiels de comprendre qui vous \u00eates et ce que votre produit peut faire pour eux. Un positionnement produit r\u00e9ussi stimule la vente de produits et de services.<\/li>\n\n\n\n<li>La proposition de valeur promet que votre produit ou service aidera un client de mani\u00e8re significative. Les avantages doivent \u00eatre r\u00e9els. Il doit d\u00e9finir votre produit et montrer ce qui vous distingue de votre concurrent.<\/li>\n<\/ul>\n\n\n\n<h2 class=\"wp-block-heading\">Cas d&#039;utilisation<\/h2>\n\n\n\n<p>L\u2019\u00e9tude de march\u00e9 Buyer Persona a de nombreuses utilisations. Vous pouvez utiliser <a href=\"https:\/\/www.sisinternational.com\/fr\/solutions\/solutions-de-recherche-qualitative-et-quantitative\/\">Recherche qualitative et quantitative<\/a> pour adapter votre contenu \u00e0 votre public. Vous pouvez \u00e9galement adapter vos d\u00e9penses publicitaires \u00e0 l\u2019aide de ces statistiques.<\/p>\n\n\n\n<p>Ces options de recherche strat\u00e9gique sont des fl\u00e8ches dans votre carquois. Vous pouvez les utiliser pour classer vos personnages. Ils peuvent vous aider \u00e0 tirer le meilleur parti de vos acheteurs. Ainsi, ils vous permettent d\u2019am\u00e9liorer vos produits, vos services et votre rentabilit\u00e9.<\/p>\n\n\n\n<h2 class=\"wp-block-heading\">Notre emplacement \u00e0 New York<\/h2>\n\n\n\n<p>\n\n\n\n<iframe loading=\"lazy\" src=\"https:\/\/www.google.com\/maps\/embed?pb=!1m18!1m12!1m3!1d3022.976188376966!2d-73.99130312499956!3d40.740549471389315!2m3!1f0!2f0!3f0!3m2!1i1024!2i768!4f13.1!3m3!1m2!1s0x89c259a15798c731%3A0xd695d09bdd495f25!2s11%20E%2022nd%20St%20FL%202%2C%20New%20York%2C%20NY%2010010%2C%20USA!5e0!3m2!1sen!2spe!4v1726171763526!5m2!1sen!2spe\" width=\"600\" height=\"450\" allowfullscreen=\"allowfullscreen\" data-mce-fragment=\"1\"><\/iframe>\n\n\n\n<\/p>\n\n\n\n<h3 class=\"wp-block-heading\">11 E 22nd Street, \u00e9tage 2, New York, NY 10010 T\u00e9l. : +1(212) 505-6805<\/h3>\n\n\n\n<hr class=\"wp-block-separator has-alpha-channel-opacity\"\/>\n\n\n\n<h2 class=\"wp-block-heading\"><span style=\"font-weight: 400;\">\u00c0 propos de SIS International<\/span><\/h2>\n\n\n\n<p><a href=\"https:\/\/www.sisinternational.com\/fr\/\"><span style=\"font-weight: 400;\">SIS International<\/span><\/a><span style=\"font-weight: 400;\"> propose des recherches quantitatives, qualitatives et strat\u00e9giques. Nous fournissons des donn\u00e9es, des outils, des strat\u00e9gies, des rapports et des informations pour la prise de d\u00e9cision. Nous menons \u00e9galement des entretiens, des enqu\u00eates, des groupes de discussion et d\u2019autres m\u00e9thodes et approches d\u2019\u00e9tudes de march\u00e9.<\/span><a href=\"https:\/\/www.sisinternational.com\/fr\/a-propos-de-la-recherche-internationale-sis\/contact-sis-international-market-research\/\"><span style=\"font-weight: 400;\"> Contactez nous<\/span><\/a><span style=\"font-weight: 400;\"> pour votre prochain projet d&#039;\u00e9tude de march\u00e9.<\/span><\/p>","protected":false},"excerpt":{"rendered":"<p>Buyer Persona Market Research est une repr\u00e9sentation semi-fictive d\u2019un client id\u00e9al. Cela implique de conna\u00eetre les besoins des clients\u2026<\/p>","protected":false},"author":1,"featured_media":62558,"parent":14660,"menu_order":19,"comment_status":"closed","ping_status":"closed","template":"","meta":{"footnotes":""},"class_list":["post-37921","page","type-page","status-publish","has-post-thumbnail"],"_links":{"self":[{"href":"https:\/\/www.sisinternational.com\/fr\/wp-json\/wp\/v2\/pages\/37921","targetHints":{"allow":["GET"]}}],"collection":[{"href":"https:\/\/www.sisinternational.com\/fr\/wp-json\/wp\/v2\/pages"}],"about":[{"href":"https:\/\/www.sisinternational.com\/fr\/wp-json\/wp\/v2\/types\/page"}],"author":[{"embeddable":true,"href":"https:\/\/www.sisinternational.com\/fr\/wp-json\/wp\/v2\/users\/1"}],"replies":[{"embeddable":true,"href":"https:\/\/www.sisinternational.com\/fr\/wp-json\/wp\/v2\/comments?post=37921"}],"version-history":[{"count":9,"href":"https:\/\/www.sisinternational.com\/fr\/wp-json\/wp\/v2\/pages\/37921\/revisions"}],"predecessor-version":[{"id":79836,"href":"https:\/\/www.sisinternational.com\/fr\/wp-json\/wp\/v2\/pages\/37921\/revisions\/79836"}],"up":[{"embeddable":true,"href":"https:\/\/www.sisinternational.com\/fr\/wp-json\/wp\/v2\/pages\/14660"}],"wp:featuredmedia":[{"embeddable":true,"href":"https:\/\/www.sisinternational.com\/fr\/wp-json\/wp\/v2\/media\/62558"}],"wp:attachment":[{"href":"https:\/\/www.sisinternational.com\/fr\/wp-json\/wp\/v2\/media?parent=37921"}],"curies":[{"name":"wp","href":"https:\/\/api.w.org\/{rel}","templated":true}]}}