{"id":37919,"date":"2021-06-25T09:37:20","date_gmt":"2021-06-25T09:37:20","guid":{"rendered":"https:\/\/www.sisinternational.com\/?page_id=37919"},"modified":"2025-09-14T17:20:55","modified_gmt":"2025-09-14T21:20:55","slug":"etude-de-marche-en-mauritanie-afrique","status":"publish","type":"page","link":"https:\/\/www.sisinternational.com\/fr\/couverture\/etude-de-marche-en-afrique\/etude-de-marche-en-mauritanie-afrique\/","title":{"rendered":"\u00c9tude de march\u00e9 en Mauritanie, Afrique \u2013 un aper\u00e7u"},"content":{"rendered":"<h1 class=\"wp-block-heading\">Etude de march\u00e9 en Mauritanie, Afrique<\/h1>\n\n\n\n<figure class=\"gb-block-image gb-block-image-4469e8e6\"><img loading=\"lazy\" decoding=\"async\" width=\"1456\" height=\"816\" class=\"gb-image gb-image-4469e8e6\" src=\"https:\/\/www.sisinternational.com\/wp-content\/uploads\/2025\/08\/Mauritania-2.jpg\" alt=\"\u00c9tudes de march\u00e9 et strat\u00e9gie internationales SIS\" title=\"Mauritania (2)\" srcset=\"https:\/\/www.sisinternational.com\/wp-content\/uploads\/2025\/08\/Mauritania-2.jpg 1456w, https:\/\/www.sisinternational.com\/wp-content\/uploads\/2025\/08\/Mauritania-2-300x168.jpg 300w, https:\/\/www.sisinternational.com\/wp-content\/uploads\/2025\/08\/Mauritania-2-1024x574.jpg 1024w, https:\/\/www.sisinternational.com\/wp-content\/uploads\/2025\/08\/Mauritania-2-768x430.jpg 768w, https:\/\/www.sisinternational.com\/wp-content\/uploads\/2025\/08\/Mauritania-2-18x10.jpg 18w\" sizes=\"auto, (max-width: 1456px) 100vw, 1456px\"><\/figure>\n\n\n\n<p><\/p>\n\n\n\n<h2 class=\"wp-block-heading\">Quartiers<\/h2>\n\n\n\n<p>Situ\u00e9e au nord-ouest de l\u2019Afrique, la Mauritanie est l\u2019un des pays les plus pauvres du monde. Cependant, sa diversit\u00e9 de population rend le pays unique. En fait, certaines sources qualifient la Mauritanie d\u2019\u0153il de l\u2019Afrique. C&#039;est un vaste pays, le onzi\u00e8me plus grand \u00c9tat souverain du continent. L&#039;oc\u00e9an Atlantique baigne ses rives \u00e0 l&#039;ouest. Le Mali est \u00e0 l&#039;est, le Sahara occidental au nord et au nord-ouest et l&#039;Alg\u00e9rie au nord-est.<\/p>\n\n\n\n<p>La capitale de la Mauritanie est Nouakchott, et c&#039;est aussi la plus grande ville du pays. Certaines des autres grandes villes de Mauritanie sont Nouadhibou, Atar, Kiffa et Rosso. Le fran\u00e7ais est la principale langue parl\u00e9e en Mauritanie. Ainsi, certains noms de villes sont fran\u00e7ais. Le nom de la Mauritanie vient de l&#039;ancien royaume berb\u00e8re. Ce royaume a exist\u00e9 du troisi\u00e8me si\u00e8cle avant notre \u00e8re au septi\u00e8me si\u00e8cle de notre \u00e8re.<\/p>\n\n\n\n<p>La religion principale en Mauritanie est l&#039;Islam. La quasi-totalit\u00e9 de la population est musulmane. Cette religion a \u00e9galement une influence significative au Maroc, en Alg\u00e9rie et dans d&#039;autres pays voisins.<\/p>\n\n\n\n<p>Le 7 avril 2018, le gouvernement a fait de l\u2019ath\u00e9isme un crime passible de la peine de mort. En fait, la Mauritanie est l\u2019un des treize pays au monde o\u00f9 la peine de mort est pr\u00e9vue pour l\u2019ath\u00e9isme.<\/p>\n\n\n\n<p>La Mauritanie est un pays d\u00e9sertique, dont environ 90 pour cent du territoire se trouve au Sahara. Ainsi, la plupart des Mauritaniens vivent dans le sud, l\u00e0 o\u00f9 il y a de l&#039;eau.<\/p>\n\n\n\n<p>En raison d&#039;une s\u00e9cheresse grave et prolong\u00e9e, le d\u00e9sert s&#039;est \u00e9tendu depuis le milieu des ann\u00e9es 1960. En cons\u00e9quence, de nombreux Mauritaniens sont des nomades qui se d\u00e9placent d\u2019un endroit \u00e0 l\u2019autre pour s\u2019occuper de leurs troupeaux. Ils n\u2019ont donc pas de lieu de r\u00e9sidence permanent.<\/p>\n\n\n\n<h2 class=\"wp-block-heading\">Industries cl\u00e9s<\/h2>\n\n\n\n<p>La Mauritanie poss\u00e8de de nombreuses ressources comme le fer, le poisson et le p\u00e9trole. Cependant, la majorit\u00e9 de la population mauritanienne reste pauvre. L&#039;\u00e9conomie du pays est bas\u00e9e sur l&#039;agriculture et l&#039;\u00e9levage, et bon nombre des principales industries sont d\u00e9riv\u00e9es des ressources naturelles du pays.<\/p>\n\n\n\n<p>Les Mauritaniens d\u00e9pendent des exportations et des ressources naturelles. Certaines de leurs ressources naturelles comprennent l&#039;or, les diamants, le phosphate, le gypse, le cuivre et le p\u00e9trole. Malheureusement, le climat politique est l&#039;une des raisons pour lesquelles la plupart de ses citoyens vivent dans la pauvret\u00e9.<\/p>\n\n\n\n<p>Bien que <a href=\"https:\/\/oec.world\/en\/profile\/country\/mrt\" target=\"_blank\" rel=\"noopener\">Importations de la Mauritanie<\/a> de nombreux articles, le pays dispose d&#039;un syst\u00e8me d&#039;exportation solide. Certaines des principales exportations sont\u00a0:<\/p>\n\n\n\n<ul class=\"wp-block-list\">\n<li>Fer<\/li>\n\n\n\n<li>Or<\/li>\n\n\n\n<li>Poisson congel\u00e9<\/li>\n<\/ul>\n\n\n\n<p>Mauritania has several trading partners, including China, France, the <a href=\"https:\/\/www.sisinternational.com\/fr\/couverture\/etude-de-marche-au-moyen-orient-2\/etude-de-marche-aux-emirats-arabes-unis-emirats-arabes-unis\/\" title=\"Etude de march\u00e9 aux Emirats Arabes Unis\" data-wpil-monitor-id=\"11268\">Emirats Arabes Unis<\/a>, and Spain.<\/p>\n\n\n\n<h2 class=\"wp-block-heading\">Client\u00e8le<\/h2>\n\n\n\n<p>La population d\u00e9pend des aliments import\u00e9s tels que le bl\u00e9, le sucre et le riz, malgr\u00e9 le taux de production \u00e9lev\u00e9 de m\u00e9taux et de p\u00e9trole du pays. Plus de quarante pour cent des Mauritaniens vivent en dessous du seuil de pauvret\u00e9. En cons\u00e9quence, de nombreux enfants souffrent de malnutrition.<\/p>\n\n\n\n<h2 class=\"wp-block-heading\">Raisons de d\u00e9velopper votre entreprise en Mauritanie<\/h2>\n\n\n\n<figure class=\"gb-block-image gb-block-image-f340ce03\"><img loading=\"lazy\" decoding=\"async\" width=\"1456\" height=\"816\" class=\"gb-image gb-image-f340ce03\" src=\"https:\/\/www.sisinternational.com\/wp-content\/uploads\/2025\/08\/Mauritania-3.jpg\" alt=\"\u00c9tudes de march\u00e9 et strat\u00e9gie internationales SIS\" title=\"Mauritania (3)\" srcset=\"https:\/\/www.sisinternational.com\/wp-content\/uploads\/2025\/08\/Mauritania-3.jpg 1456w, https:\/\/www.sisinternational.com\/wp-content\/uploads\/2025\/08\/Mauritania-3-300x168.jpg 300w, https:\/\/www.sisinternational.com\/wp-content\/uploads\/2025\/08\/Mauritania-3-1024x574.jpg 1024w, https:\/\/www.sisinternational.com\/wp-content\/uploads\/2025\/08\/Mauritania-3-768x430.jpg 768w, https:\/\/www.sisinternational.com\/wp-content\/uploads\/2025\/08\/Mauritania-3-18x10.jpg 18w\" sizes=\"auto, (max-width: 1456px) 100vw, 1456px\"><\/figure>\n\n\n\n<p><\/p>\n\n\n\n<p>At present, Mauritania faces grinding poverty, and the economic outlook is bleak. However, economists expect this situation to change within the next decade. They forecast that Mauritania will be moving into privatized <a href=\"https:\/\/www.sisinternational.com\/fr\/industry-forecast\/it-industry-forecast\/\" title=\"IT Industry Forecast\" data-wpil-monitor-id=\"11276\">industry<\/a>.<\/p>\n\n\n\n<p>Il y a beaucoup de place pour le d\u00e9veloppement agricole et touristique en Mauritanie. De plus, l\u2019investissement agraire r\u00e9duira la d\u00e9pendance consid\u00e9rable \u00e0 l\u2019\u00e9gard des aliments import\u00e9s.<\/p>\n\n\n\n<p>La Mauritanie, riche en p\u00eacheries et en min\u00e9raux, vous sera certainement profitable. En outre, le domaine du tourisme rec\u00e8le un grand potentiel en raison de la richesse culturelle du pays. La Mauritanie poss\u00e8de \u00e9galement des ruines pr\u00e9historiques, ce qui constitue un autre atout pour le tourisme.<\/p>\n\n\n\n<h2 class=\"wp-block-heading\">Etude de march\u00e9 en Mauritanie, Afrique<\/h2>\n\n\n\n<p>Are you looking to invest or <a href=\"https:\/\/www.sisinternational.com\/fr\/publications\/marche-intermediaire-japonais-exportant\/\" title=\"D\u00e9velopper votre entreprise au Japon\" data-wpil-monitor-id=\"11272\">grow your business<\/a> in Mauritania? This article has all the information you <a href=\"https:\/\/www.sisinternational.com\/fr\/analysis-b2b\/\" title=\"What Business Leaders Need to Know Right Now\" data-wpil-monitor-id=\"11274\">need to know<\/a> about investing in Mauritania. We organize <a href=\"https:\/\/www.sisinternational.com\/fr\/solutions\/solutions-de-recherche-qualitative-et-quantitative\/\">Quantitatif qualitatif<\/a>, et <a href=\"https:\/\/www.sisinternational.com\/fr\/couverture\/les-ameriques\/couverture-des-etats-unis\/new-york-market-research-firm\/\" target=\"_blank\" rel=\"noopener\">Recherche strat\u00e9gique<\/a>. Thus, we can keep you well-informed about which countries are the best bet for your business. This article gives you <a href=\"https:\/\/www.sisinternational.com\/fr\/how-to-conduct-in-depth-interviews-for-market-insights\/\" title=\"Comment mener des entretiens approfondis pour obtenir des informations sur le march\u00e9\" data-wpil-monitor-id=\"11270\">insight into the Mauritanian market<\/a>. It shows you the areas that are ripe for investment. We hope that it helps you in your decision-making. We also hope that you will consider investing in Mauritania.<\/p>\n\n\n\n<p><\/p>","protected":false},"excerpt":{"rendered":"<p>Etude de march\u00e9 en Mauritanie, quartiers africains Situ\u00e9e en Afrique du Nord-Ouest, la Mauritanie est l&#039;un des pays les plus pauvres du monde. Cependant, sa diversit\u00e9 de population rend le pays unique. En fait, certaines sources qualifient la Mauritanie d\u2019\u0153il de l\u2019Afrique. C&#039;est un vaste pays, le onzi\u00e8me plus grand \u00c9tat souverain du continent. Le \u2026 <a title=\"\u00c9tude de march\u00e9 en Mauritanie, Afrique \u2013 un aper\u00e7u\" class=\"read-more\" href=\"https:\/\/www.sisinternational.com\/fr\/couverture\/etude-de-marche-en-afrique\/etude-de-marche-en-mauritanie-afrique\/\" aria-label=\"En savoir plus sur Market Research in Mauritania, Africa \u2014 an Overview\">Lire plus<\/a><\/p>","protected":false},"author":1,"featured_media":65295,"parent":14281,"menu_order":35,"comment_status":"closed","ping_status":"closed","template":"","meta":{"footnotes":""},"class_list":["post-37919","page","type-page","status-publish","has-post-thumbnail"],"_links":{"self":[{"href":"https:\/\/www.sisinternational.com\/fr\/wp-json\/wp\/v2\/pages\/37919","targetHints":{"allow":["GET"]}}],"collection":[{"href":"https:\/\/www.sisinternational.com\/fr\/wp-json\/wp\/v2\/pages"}],"about":[{"href":"https:\/\/www.sisinternational.com\/fr\/wp-json\/wp\/v2\/types\/page"}],"author":[{"embeddable":true,"href":"https:\/\/www.sisinternational.com\/fr\/wp-json\/wp\/v2\/users\/1"}],"replies":[{"embeddable":true,"href":"https:\/\/www.sisinternational.com\/fr\/wp-json\/wp\/v2\/comments?post=37919"}],"version-history":[{"count":3,"href":"https:\/\/www.sisinternational.com\/fr\/wp-json\/wp\/v2\/pages\/37919\/revisions"}],"predecessor-version":[{"id":81839,"href":"https:\/\/www.sisinternational.com\/fr\/wp-json\/wp\/v2\/pages\/37919\/revisions\/81839"}],"up":[{"embeddable":true,"href":"https:\/\/www.sisinternational.com\/fr\/wp-json\/wp\/v2\/pages\/14281"}],"wp:featuredmedia":[{"embeddable":true,"href":"https:\/\/www.sisinternational.com\/fr\/wp-json\/wp\/v2\/media\/65295"}],"wp:attachment":[{"href":"https:\/\/www.sisinternational.com\/fr\/wp-json\/wp\/v2\/media?parent=37919"}],"curies":[{"name":"wp","href":"https:\/\/api.w.org\/{rel}","templated":true}]}}