{"id":37917,"date":"2021-06-25T09:30:36","date_gmt":"2021-06-25T09:30:36","guid":{"rendered":"https:\/\/www.sisinternational.com\/?page_id=37917"},"modified":"2025-09-14T17:21:58","modified_gmt":"2025-09-14T21:21:58","slug":"etude-de-marche-a-maurice-afrique","status":"publish","type":"page","link":"https:\/\/www.sisinternational.com\/fr\/couverture\/etude-de-marche-en-afrique\/etude-de-marche-a-maurice-afrique\/","title":{"rendered":"Etude de march\u00e9 \u00e0 Maurice \u2014 \u00cele au large de la c\u00f4te est de l&#039;Afrique"},"content":{"rendered":"<h1 class=\"wp-block-heading\">Etude de march\u00e9 \u00e0 Maurice, Afrique<\/h1>\n\n\n\n<figure class=\"gb-block-image gb-block-image-4f3a3bf9\"><img loading=\"lazy\" decoding=\"async\" width=\"1456\" height=\"816\" class=\"gb-image gb-image-4f3a3bf9\" src=\"https:\/\/www.sisinternational.com\/wp-content\/uploads\/2025\/08\/Mauritius-1.jpg\" alt=\"\u00c9tudes de march\u00e9 et strat\u00e9gie internationales SIS\" title=\"Mauritius (1)\" srcset=\"https:\/\/www.sisinternational.com\/wp-content\/uploads\/2025\/08\/Mauritius-1.jpg 1456w, https:\/\/www.sisinternational.com\/wp-content\/uploads\/2025\/08\/Mauritius-1-300x168.jpg 300w, https:\/\/www.sisinternational.com\/wp-content\/uploads\/2025\/08\/Mauritius-1-1024x574.jpg 1024w, https:\/\/www.sisinternational.com\/wp-content\/uploads\/2025\/08\/Mauritius-1-768x430.jpg 768w, https:\/\/www.sisinternational.com\/wp-content\/uploads\/2025\/08\/Mauritius-1-18x10.jpg 18w\" sizes=\"auto, (max-width: 1456px) 100vw, 1456px\"><\/figure>\n\n\n\n<p><\/p>\n\n\n\n<h2 class=\"wp-block-heading\">Quartiers<\/h2>\n\n\n\n<p>La R\u00e9publique de Maurice est un archipel de l&#039;oc\u00e9an Indien. Le voisin le plus proche du pays est Madagascar, \u00e0 700 milles \u00e0 l&#039;ouest. La capitale est Port-Louis. C&#039;est une ville dynamique dans laquelle se d\u00e9roulent un nombre important de ventes et d&#039;achats. Le gouverneur fran\u00e7ais fonda Port-Louis vers le milieu des ann\u00e9es 1700. Certaines autres grandes villes \u00e0 forte population et activit\u00e9 \u00e9conomique sont Curepipe, Grand Baie, Beau Bassin-Rose Hill, Quatre Bornes et Vacoas-Phoenix.<\/p>\n\n\n\n<h2 class=\"wp-block-heading\">Les tendances<\/h2>\n\n\n\n<p>La langue principale de Maurice est le fran\u00e7ais, mais la plupart des habitants parlent le fran\u00e7ais cr\u00e9ole et l&#039;anglais. Les gens sont diversifi\u00e9s, tout comme la culture. La religion principale \u00e0 Maurice est l&#039;hindouisme. Moins de la moiti\u00e9 des Mauriciens sont chr\u00e9tiens.<\/p>\n\n\n\n<p>L&#039;\u00eele Maurice est bien connue pour ses villas culturelles, ses plages de sable fin et ses eaux turquoise. En raison de son isolement relatif, l\u2019\u00eele Maurice est un lieu d\u2019escapade id\u00e9al. Il poss\u00e8de de nombreux champs de canne \u00e0 sucre et des esp\u00e8ces v\u00e9g\u00e9tales et animales uniques et distinctives. Il est c\u00e9l\u00e8bre pour l&#039;oiseau Dodo, un oiseau indig\u00e8ne disparu de la taille d&#039;un lapin. Cet oiseau, d\u00e9clar\u00e9 \u00e9teint \u00e0 la fin des ann\u00e9es 1600, \u00e9tait end\u00e9mique \u00e0 Maurice.<\/p>\n\n\n\n<p>Ces \u00eeles constituent une grande attraction touristique, connue pour leur environnement naturel. Son architecture culturelle attire \u00e9galement les visiteurs.<\/p>\n\n\n\n<p>Pourtant, Maurice conna\u00eet des probl\u00e8mes de surpopulation, avec 1,3 million d\u2019habitants en 2019. Pourtant, la population mauricienne semble bien se d\u00e9brouiller avec les ressources disponibles.<\/p>\n\n\n\n<h2 class=\"wp-block-heading\">Industries cl\u00e9s<\/h2>\n\n\n\n<p>The five primary <a href=\"https:\/\/www.sisinternational.com\/fr\/solutions\/ai-etudes-de-marche-et-conseil-en-strategie\/adoption-de-lia-voyage-hotellerie-conseil-en-industrie-du-tourisme\/\" title=\"Adoption de l&#039;IA dans le conseil dans l&#039;industrie du voyage, de l&#039;h\u00f4tellerie et du tourisme\"  data-wpil-monitor-id=\"10968\">industries of Mauritius are Tourism<\/a>, Agriculture, Mining, Services, and Manufacturing.<\/p>\n\n\n\n<p><a href=\"https:\/\/oec.world\/en\/profile\/country\/mus\" target=\"_blank\" rel=\"noopener\">Les principales industries manufacturi\u00e8res de Maurice comprennent la transformation des aliments et l&#039;habillement, le poisson, les textiles et les produits chimiques, et le pays poss\u00e8de une solide industrie mini\u00e8re.<\/a>. En outre, les \u00eeles fabriquent du sucre \u00e0 grande \u00e9chelle pour l\u2019exporter vers d\u2019autres pays. Les meuneries produisent \u00e0 la fois du sucre de betterave et du sucre de canne. La canne \u00e0 sucre occupe 80 pour cent de la superficie de Maurice.<\/p>\n\n\n\n<p>M\u00e8re Nature a dot\u00e9 cette nation d\u2019une beaut\u00e9 \u00e0 couper le souffle. Cette beaut\u00e9 a attir\u00e9 les visiteurs au fil des si\u00e8cles. Il n\u2019est donc pas surprenant que le tourisme soit un pilier vital de l\u2019\u00e9conomie mauricienne. En cons\u00e9quence, le nombre de touristes a augment\u00e9 au fil des ann\u00e9es.<\/p>\n\n\n\n<h2 class=\"wp-block-heading\">Client\u00e8le<\/h2>\n\n\n\n<p>Les importations de Maurice sont sup\u00e9rieures aux exportations. Ces \u00eeles apportent des produits de l\u2019\u00e9tranger, comme du p\u00e9trole raffin\u00e9 et des voitures.<\/p>\n\n\n\n<p>Les produits alimentaires en provenance de France repr\u00e9sentent \u00e9galement un pourcentage important des importations de Maurice. L\u2019Inde, l\u2019Australie et l\u2019Afrique du Sud sont \u00e9galement d\u2019autres pays d\u2019o\u00f9 Maurice importe. Les \u00c9tats-Unis sont un autre partenaire commercial. Maurice importe des aliments comme la viande, le caf\u00e9 et les produits laitiers des \u00c9tats-Unis. Il obtient \u00e9galement des l\u00e9gumes et des fruits surgel\u00e9s comme des oranges de ce pays. Le pays importe \u00e9galement des v\u00eatements des \u00c9tats-Unis et d\u2019Europe.<\/p>\n\n\n\n<h2 class=\"wp-block-heading\">Raisons de d\u00e9velopper votre entreprise \u00e0 Maurice<\/h2>\n\n\n\n<figure class=\"gb-block-image gb-block-image-df70ab1f\"><img loading=\"lazy\" decoding=\"async\" width=\"1456\" height=\"816\" class=\"gb-image gb-image-df70ab1f\" src=\"https:\/\/www.sisinternational.com\/wp-content\/uploads\/2025\/08\/Mauritius-4.jpg\" alt=\"\u00c9tudes de march\u00e9 et strat\u00e9gie internationales SIS\" title=\"Mauritius (4)\" srcset=\"https:\/\/www.sisinternational.com\/wp-content\/uploads\/2025\/08\/Mauritius-4.jpg 1456w, https:\/\/www.sisinternational.com\/wp-content\/uploads\/2025\/08\/Mauritius-4-300x168.jpg 300w, https:\/\/www.sisinternational.com\/wp-content\/uploads\/2025\/08\/Mauritius-4-1024x574.jpg 1024w, https:\/\/www.sisinternational.com\/wp-content\/uploads\/2025\/08\/Mauritius-4-768x430.jpg 768w, https:\/\/www.sisinternational.com\/wp-content\/uploads\/2025\/08\/Mauritius-4-18x10.jpg 18w\" sizes=\"auto, (max-width: 1456px) 100vw, 1456px\"><\/figure>\n\n\n\n<p><\/p>\n\n\n\n<p>Investir \u00e0 Maurice peut \u00eatre b\u00e9n\u00e9fique car il offre aux investisseurs un faible taux d\u2019imposition. De plus, il n\u2019y a pas de droits de succession, ce qui est une bonne nouvelle si vous avez h\u00e9rit\u00e9 d\u2019un bien. Vous n\u2019avez pas non plus \u00e0 payer de TVA ni de droits de douane sur les \u00e9quipements import\u00e9s pour votre entreprise.<\/p>\n\n\n\n<p>Mauritius is a well-off country. Its exports of sugar have been of real value to the country. Moreover, many economists consider it to be one of the developed countries in Africa. As a result, Mauritius is an excellent country to <a href=\"https:\/\/www.sisinternational.com\/fr\/publications\/marche-intermediaire-japonais-exportant\/\" title=\"D\u00e9velopper votre entreprise au Japon\" data-wpil-monitor-id=\"10969\">grow your business<\/a>.<\/p>\n\n\n\n<h2 class=\"wp-block-heading\">Etude de march\u00e9 \u00e0 Maurice<\/h2>\n\n\n\n<p>\u00cates-vous propri\u00e9taire d\u2019une entreprise et souhaitez-vous investir \u00e0 Maurice ? Notre site Web contient de nombreuses informations qui peuvent faciliter votre recherche. Maurice est un pays bien d\u00e9velopp\u00e9 que tout investisseur en recherche trouvera int\u00e9ressant. Nous nous rassemblons <a href=\"https:\/\/www.sisinternational.com\/fr\/solutions\/solutions-de-recherche-qualitative-et-quantitative\/\">Donn\u00e9es qualitatives et quantitatives<\/a> et fait <a href=\"https:\/\/www.sisinternational.com\/fr\/solutions\/conseil-en-strategie\/\">Recherche strat\u00e9gique<\/a>. Nous esp\u00e9rons que dans cet article vous disposez de toutes les informations n\u00e9cessaires pour prendre votre d\u00e9cision. Investir \u00e0 Maurice est un excellent choix qui multipliera votre capital.<\/p>","protected":false},"excerpt":{"rendered":"<p>Etude de march\u00e9 \u00e0 Maurice. Notre site Web contient de nombreuses informations qui peuvent faciliter votre recherche. Donn\u00e9es qualitatives et quantitatives.<\/p>","protected":false},"author":1,"featured_media":65298,"parent":14281,"menu_order":34,"comment_status":"closed","ping_status":"closed","template":"","meta":{"footnotes":""},"class_list":["post-37917","page","type-page","status-publish","has-post-thumbnail"],"_links":{"self":[{"href":"https:\/\/www.sisinternational.com\/fr\/wp-json\/wp\/v2\/pages\/37917","targetHints":{"allow":["GET"]}}],"collection":[{"href":"https:\/\/www.sisinternational.com\/fr\/wp-json\/wp\/v2\/pages"}],"about":[{"href":"https:\/\/www.sisinternational.com\/fr\/wp-json\/wp\/v2\/types\/page"}],"author":[{"embeddable":true,"href":"https:\/\/www.sisinternational.com\/fr\/wp-json\/wp\/v2\/users\/1"}],"replies":[{"embeddable":true,"href":"https:\/\/www.sisinternational.com\/fr\/wp-json\/wp\/v2\/comments?post=37917"}],"version-history":[{"count":3,"href":"https:\/\/www.sisinternational.com\/fr\/wp-json\/wp\/v2\/pages\/37917\/revisions"}],"predecessor-version":[{"id":81795,"href":"https:\/\/www.sisinternational.com\/fr\/wp-json\/wp\/v2\/pages\/37917\/revisions\/81795"}],"up":[{"embeddable":true,"href":"https:\/\/www.sisinternational.com\/fr\/wp-json\/wp\/v2\/pages\/14281"}],"wp:featuredmedia":[{"embeddable":true,"href":"https:\/\/www.sisinternational.com\/fr\/wp-json\/wp\/v2\/media\/65298"}],"wp:attachment":[{"href":"https:\/\/www.sisinternational.com\/fr\/wp-json\/wp\/v2\/media?parent=37917"}],"curies":[{"name":"wp","href":"https:\/\/api.w.org\/{rel}","templated":true}]}}