{"id":37915,"date":"2021-06-25T09:26:26","date_gmt":"2021-06-25T09:26:26","guid":{"rendered":"https:\/\/www.sisinternational.com\/?page_id=37915"},"modified":"2026-01-25T18:45:31","modified_gmt":"2026-01-25T23:45:31","slug":"etude-de-marche-au-maroc-afrique-du-nord","status":"publish","type":"page","link":"https:\/\/www.sisinternational.com\/fr\/couverture\/etude-de-marche-en-afrique\/etude-de-marche-au-maroc-afrique-du-nord\/","title":{"rendered":"Etude de march\u00e9 au Maroc, continent nord-ouest africain"},"content":{"rendered":"<h1 class=\"wp-block-heading\">Etude de march\u00e9 au Maroc, Afrique du Nord<\/h1>\n\n\n\n<figure class=\"gb-block-image gb-block-image-d8651a8f\"><img loading=\"lazy\" decoding=\"async\" width=\"1456\" height=\"816\" class=\"gb-image gb-image-d8651a8f\" src=\"https:\/\/www.sisinternational.com\/wp-content\/uploads\/2025\/08\/Morocco-2.jpg\" alt=\"\u00c9tudes de march\u00e9 et strat\u00e9gie internationales SIS\" title=\"Morocco (2)\" srcset=\"https:\/\/www.sisinternational.com\/wp-content\/uploads\/2025\/08\/Morocco-2.jpg 1456w, https:\/\/www.sisinternational.com\/wp-content\/uploads\/2025\/08\/Morocco-2-300x168.jpg 300w, https:\/\/www.sisinternational.com\/wp-content\/uploads\/2025\/08\/Morocco-2-1024x574.jpg 1024w, https:\/\/www.sisinternational.com\/wp-content\/uploads\/2025\/08\/Morocco-2-768x430.jpg 768w, https:\/\/www.sisinternational.com\/wp-content\/uploads\/2025\/08\/Morocco-2-18x10.jpg 18w\" sizes=\"auto, (max-width: 1456px) 100vw, 1456px\"><\/figure>\n\n\n\n<p><\/p>\n\n\n\n<p>Le Royaume du Maroc est un pays d&#039;Afrique du Nord-Ouest. La mer M\u00e9diterran\u00e9e se trouve au nord et l&#039;oc\u00e9an Atlantique \u00e0 l&#039;ouest. Il partage \u00e9galement des fronti\u00e8res avec le Sahara occidental et l&#039;Alg\u00e9rie. La religion principale est l\u2019Islam et les Marocains parlent le berb\u00e8re et l\u2019arabe. De plus, le Maroc poss\u00e8de un m\u00e9lange dynamique de cultures europ\u00e9ennes, arabes et berb\u00e8res. La capitale est Rabat et la plus grande ville est Casablanca.<\/p>\n\n\n\n<h2 class=\"wp-block-heading\">Market Research in Morocco:&nbsp;Key Industries<\/h2>\n\n\n\n<p>Le Maroc a g\u00e9n\u00e9ralement une \u00e9conomie de march\u00e9 r\u00e9gie par les lois de l\u2019offre et de la demande. Mais depuis 1993, le pays a commenc\u00e9 \u00e0 suivre une strat\u00e9gie de privatisation. Jusqu\u2019\u00e0 pr\u00e9sent, il a privatis\u00e9 des domaines sp\u00e9cifiques de l\u2019\u00e9conomie publique.<\/p>\n\n\n\n<p>Le Maroc est un acteur majeur de l\u2019\u00e9conomie africaine et la cinqui\u00e8me \u00e9conomie d\u2019Afrique en termes de PIB (PPA). Un autre point cl\u00e9 est son classement selon l&#039;indice de qualit\u00e9 de vie de la Cellule de renseignement des \u00e9conomistes marocains. Selon cet organisme, il s&#039;agit du premier pays africain \u00e0 d\u00e9passer l&#039;Afrique du Sud. Mais la position est depuis tomb\u00e9e au n\u00b04.<\/p>\n\n\n\n<p>Plus de la moiti\u00e9 du PIB provient du secteur des services. En cons\u00e9quence, les principales industries sont les t\u00e9l\u00e9communications, le textile, le tourisme et les technologies de l&#039;information.<\/p>\n\n\n\n<p>L&#039;industrie du tourisme est le principal secteur de l&#039;\u00e9conomie marocaine et elle est bien d\u00e9velopp\u00e9e. Dans l&#039;ensemble, le tourisme marocain se concentre sur l&#039;histoire, la c\u00f4te et la culture du pays.<\/p>\n\n\n\n<p>L&#039;agriculture marocaine emploie environ 40 pour cent de la main-d&#039;\u0153uvre du pays. C&#039;est donc le plus grand employeur du pays. \u00c0 titre d\u2019illustration, l\u2019orge, le bl\u00e9 et d\u2019autres cultures peuvent \u00eatre cultiv\u00e9s sans irrigation. Les agriculteurs marocains cultivent donc ces cultures dans les r\u00e9gions les plus pluvieuses du nord-ouest. Ils cultivent \u00e9galement des olives, des agrumes et des raisins pour le vin dans les vastes plaines de la c\u00f4te atlantique. En fait, ils utilisent l\u2019eau des puits art\u00e9siens pour entretenir leurs fermes.<\/p>\n\n\n\n<h2 class=\"wp-block-heading\">Quartiers<\/h2>\n\n\n\n<p>La capitale du Maroc est Rabat, situ\u00e9e le long de l&#039;oc\u00e9an Atlantique et du fleuve Bouregreg. Rabat est principalement c\u00e9l\u00e8bre pour les monuments qui refl\u00e8tent son h\u00e9ritage colonial fran\u00e7ais et islamique, comme le ch\u00e2teau d&#039;Udayas. Ce fort royal de l&#039;\u00e9poque berb\u00e8re est entour\u00e9 d&#039;un jardin \u00e0 la fran\u00e7aise surplombant la mer.<\/p>\n\n\n\n<p>Casablanca, la plus grande ville du Maroc, est \u00e9galement connue pour son port et son p\u00f4le commercial. Vous pouvez voir l&#039;h\u00e9ritage colonial fran\u00e7ais de la ville dans les b\u00e2timents du centre de Mauresque, avec son m\u00e9lange de style mauresque et d&#039;Art d\u00e9co europ\u00e9en dans son architecture du centre-ville. Un autre exemple est l\u2019\u00e9norme mosqu\u00e9e Hassan II, situ\u00e9e en partie au-dessus de l\u2019eau et dot\u00e9e d\u2019un minaret dot\u00e9 de lasers dirig\u00e9s vers la Mecque.<\/p>\n\n\n\n<h2 class=\"wp-block-heading\">Tendances et base de consommateurs<\/h2>\n\n\n\n<p>L\u2019\u00e9conomie marocaine est entr\u00e9e en r\u00e9cession en 2020 en raison de la pand\u00e9mie et du choc agricole. Mais le gouvernement a r\u00e9agi rapidement en planifiant une reprise r\u00e9guli\u00e8re.<\/p>\n\n\n\n<p>Les premiers cas de Covid-19 au Maroc sont apparus d\u00e9but 2020. Depuis, le comportement des consommateurs a connu des changements surprenants. Cette situation refl\u00e8te \u00e9galement ce qui s\u2019est produit dans quelques pays diff\u00e9rents. Par exemple, les \u00e9piceries ont commenc\u00e9 \u00e0 voir de longues files de clients fr\u00e9n\u00e9tiques cherchant \u00e0 acheter des articles essentiels. En cons\u00e9quence, ces entreprises ont d\u00fb reconsid\u00e9rer leurs mod\u00e8les de travail. De la m\u00eame mani\u00e8re, cela les a amen\u00e9s \u00e0 consid\u00e9rer le commerce \u00e9lectronique comme un choix fondamental. De plus, ce choix a permis de limiter les risques pour les clients dans le contexte de la pand\u00e9mie de Covid-19.<\/p>\n\n\n\n<h2 class=\"wp-block-heading\">Points forts du march\u00e9<\/h2>\n\n\n\n<ol class=\"wp-block-list\">\n<li>Le march\u00e9 des capitaux est bien d\u00e9velopp\u00e9.<\/li>\n<\/ol>\n\n\n\n<p>Le gouvernement marocain a un d\u00e9ficit budg\u00e9taire \u00e9lev\u00e9. Mais un march\u00e9 des capitaux r\u00e9gional quelque peu d\u00e9velopp\u00e9 a r\u00e9duit ces d\u00e9ficits.<\/p>\n\n\n\n<ol start=\"2\" class=\"wp-block-list\">\n<li>Le roi est un facteur stabilisateur de la stabilit\u00e9 politique.<\/li>\n<\/ol>\n\n\n\n<p>La monarchie est tr\u00e8s appr\u00e9ci\u00e9e au Maroc, elle est donc plus facile \u00e0 r\u00e9soudre les conflits entre les partis.<\/p>\n\n\n\n<h2 class=\"wp-block-heading\">Raisons de d\u00e9velopper votre entreprise au Maroc<\/h2>\n\n\n\n<ol class=\"wp-block-list\">\n<li>Les investisseurs \u00e9trangers b\u00e9n\u00e9ficient d\u2019un avantage non n\u00e9gligeable car les Marocains parlent plusieurs langues.<\/li>\n\n\n\n<li>Le Maroc dispose d\u2019un environnement propice au d\u00e9veloppement des entreprises.<\/li>\n\n\n\n<li>Le Maroc continue de consid\u00e9rer l\u2019investissement comme un moteur. Elle a besoin d\u2019investissements pour une croissance durable. Ainsi, il a simplifi\u00e9 les proc\u00e9dures et s\u2019est efforc\u00e9 d\u2019am\u00e9liorer les conditions des investisseurs.<\/li>\n\n\n\n<li>Morocco is an exceptional <a href=\"https:\/\/www.sisinternational.com\/fr\/couverture\/etude-de-marche-en-afrique\/etude-de-marche-en-zambie-afrique\/\" title=\"\u00c9tude de march\u00e9 en Zambie, Afrique\"  data-wpil-monitor-id=\"5128\">market in Africa<\/a>.<\/li>\n<\/ol>\n\n\n\n<h2 class=\"wp-block-heading\">Etude de march\u00e9 au Maroc, Afrique du Nord<\/h2>\n\n\n\n<p>Les \u00e9tudes de march\u00e9 peuvent \u00eatre un outil utile pour la r\u00e9ussite de votre entreprise. Faire des recherches sur le Maroc peut vous permettre de trouver les bonnes opportunit\u00e9s d&#039;investissement. Nous pouvons organiser des groupes de discussion, des enqu\u00eates et des entretiens pour vous. Nous proposons \u00e9galement <a href=\"https:\/\/www.sisinternational.com\/fr\/solutions\/solutions-de-recherche-qualitative-et-quantitative\/\">Qualitatif quantitatif<\/a>, et <a href=\"https:\/\/www.sisinternational.com\/fr\/solutions\/conseil-en-strategie\/\">Recherche strat\u00e9gique<\/a> sur le march\u00e9 marocain. Ces r\u00e9sultats permettront le succ\u00e8s de votre entreprise.<\/p>\n\n\n\n<p>Nous sommes l\u00e0 pour vous aider, vous et votre entreprise, \u00e0 r\u00e9ussir au Maroc.<\/p>\n\n\n\n<p><\/p>","protected":false},"excerpt":{"rendered":"<p>Etude de march\u00e9 au Maroc : La recherche peut vous permettre de trouver les bonnes opportunit\u00e9s d&#039;investissement. Nous sommes l\u00e0 pour aider votre entreprise \u00e0 r\u00e9ussir.<\/p>","protected":false},"author":1,"featured_media":65303,"parent":14281,"menu_order":33,"comment_status":"closed","ping_status":"closed","template":"","meta":{"footnotes":""},"class_list":["post-37915","page","type-page","status-publish","has-post-thumbnail"],"_links":{"self":[{"href":"https:\/\/www.sisinternational.com\/fr\/wp-json\/wp\/v2\/pages\/37915","targetHints":{"allow":["GET"]}}],"collection":[{"href":"https:\/\/www.sisinternational.com\/fr\/wp-json\/wp\/v2\/pages"}],"about":[{"href":"https:\/\/www.sisinternational.com\/fr\/wp-json\/wp\/v2\/types\/page"}],"author":[{"embeddable":true,"href":"https:\/\/www.sisinternational.com\/fr\/wp-json\/wp\/v2\/users\/1"}],"replies":[{"embeddable":true,"href":"https:\/\/www.sisinternational.com\/fr\/wp-json\/wp\/v2\/comments?post=37915"}],"version-history":[{"count":6,"href":"https:\/\/www.sisinternational.com\/fr\/wp-json\/wp\/v2\/pages\/37915\/revisions"}],"predecessor-version":[{"id":79003,"href":"https:\/\/www.sisinternational.com\/fr\/wp-json\/wp\/v2\/pages\/37915\/revisions\/79003"}],"up":[{"embeddable":true,"href":"https:\/\/www.sisinternational.com\/fr\/wp-json\/wp\/v2\/pages\/14281"}],"wp:featuredmedia":[{"embeddable":true,"href":"https:\/\/www.sisinternational.com\/fr\/wp-json\/wp\/v2\/media\/65303"}],"wp:attachment":[{"href":"https:\/\/www.sisinternational.com\/fr\/wp-json\/wp\/v2\/media?parent=37915"}],"curies":[{"name":"wp","href":"https:\/\/api.w.org\/{rel}","templated":true}]}}