{"id":37913,"date":"2021-06-25T09:17:44","date_gmt":"2021-06-25T09:17:44","guid":{"rendered":"https:\/\/www.sisinternational.com\/?page_id=37913"},"modified":"2025-09-14T17:24:47","modified_gmt":"2025-09-14T21:24:47","slug":"etude-de-marche-en-afrique-du-niger","status":"publish","type":"page","link":"https:\/\/www.sisinternational.com\/fr\/couverture\/etude-de-marche-en-afrique\/etude-de-marche-en-afrique-du-niger\/","title":{"rendered":"Etude de march\u00e9 au Niger, Afrique"},"content":{"rendered":"<h1 class=\"wp-block-heading\">Etude de march\u00e9 au Niger<\/h1>\n\n\n\n<figure class=\"gb-block-image gb-block-image-67074810\"><img loading=\"lazy\" decoding=\"async\" width=\"1456\" height=\"816\" class=\"gb-image gb-image-67074810\" src=\"https:\/\/www.sisinternational.com\/wp-content\/uploads\/2025\/08\/Niger-1.jpg\" alt=\"\u00c9tudes de march\u00e9 et strat\u00e9gie internationales SIS\" title=\"Niger (1)\" srcset=\"https:\/\/www.sisinternational.com\/wp-content\/uploads\/2025\/08\/Niger-1.jpg 1456w, https:\/\/www.sisinternational.com\/wp-content\/uploads\/2025\/08\/Niger-1-300x168.jpg 300w, https:\/\/www.sisinternational.com\/wp-content\/uploads\/2025\/08\/Niger-1-1024x574.jpg 1024w, https:\/\/www.sisinternational.com\/wp-content\/uploads\/2025\/08\/Niger-1-768x430.jpg 768w, https:\/\/www.sisinternational.com\/wp-content\/uploads\/2025\/08\/Niger-1-18x10.jpg 18w\" sizes=\"auto, (max-width: 1456px) 100vw, 1456px\"><\/figure>\n\n\n\n<p><\/p>\n\n\n\n<p><a href=\"https:\/\/oec.world\/en\/profile\/country\/ner\" target=\"_blank\" rel=\"noopener\">Niger (official name: the Republic of Niger)<\/a> est un pays enclav\u00e9 d\u2019Afrique de l\u2019Ouest. En fait, elle tire son nom du fleuve Niger qui traverse son territoire au sud-ouest. Sa capitale est Niamey. L&#039;Alg\u00e9rie se trouve \u00e0 sa fronti\u00e8re nord-ouest, la Libye au nord-est, le Tchad \u00e0 l&#039;est, le Nigeria et le B\u00e9nin au sud, et le Burkina Faso et le Mali \u00e0 l&#039;ouest.<\/p>\n\n\n\n<p>La langue officielle est le fran\u00e7ais. De plus, la langue la plus couramment utilis\u00e9e est le haoussa, suivi du songha\u00ef, du peul, du tamashek et du kanuri. Les gens parlent \u00e9galement l&#039;arabe et le teda.<\/p>\n\n\n\n<p>Une majorit\u00e9 revendique l\u2019islam sunnite comme religion. Le christianisme reste une religion des villes, notamment de Niamey. De la m\u00eame mani\u00e8re, certaines zones rurales continuent d\u2019adh\u00e9rer aux religions animistes traditionnelles des Africains noirs.<\/p>\n\n\n\n<p>Les pr\u00e9cipitations d\u00e9terminent la capacit\u00e9 du Niger \u00e0 rester autosuffisant en mati\u00e8re alimentaire et animale. De plus, le pays souffre de s\u00e9cheresses, qui augmentent le besoin d&#039;importer et de recevoir de l&#039;aide alimentaire. Pourtant, le gouvernement a investi dans des projets d\u2019irrigation et un \u00ab programme de culture de contre-saison \u00bb. Ce programme consiste en des op\u00e9rations de production et d&#039;irrigation \u00e0 petite \u00e9chelle pour contourner les s\u00e9cheresses.<\/p>\n\n\n\n<p>Les trois principaux objectifs du Niger sont :<\/p>\n\n\n\n<ul class=\"wp-block-list\">\n<li>Le maintien de l\u2019unit\u00e9 nationale.<\/li>\n\n\n\n<li>L&#039;\u00e9l\u00e9vation du niveau de vie.<\/li>\n\n\n\n<li>Ind\u00e9pendance \u00e9conomique.<\/li>\n<\/ul>\n\n\n\n<h2 class=\"wp-block-heading\">Industries cl\u00e9s au Niger<\/h2>\n\n\n\n<p>L&#039;agriculture, l&#039;exploitation mini\u00e8re et l&#039;exportation sont essentielles au Niger.<\/p>\n\n\n\n<p>L&#039;agriculture et les produits agricoles constituent le secteur le plus important de l&#039;\u00e9conomie du Niger, employant le plus de personnes et repr\u00e9sentant le pourcentage le plus \u00e9lev\u00e9 du PNB. Les principales cultures comprennent le mil, le sorgho et le manioc, ainsi que la canne \u00e0 sucre et le riz, qui poussent tous dans la vall\u00e9e du fleuve Niger.<\/p>\n\n\n\n<p>Le b\u00e9tail et le poisson constituent \u00e9galement des exportations importantes, et les \u00e9leveurs \u00e9l\u00e8vent des bovins, des moutons et des ch\u00e8vres pour leur viande, leur lait et leurs peaux. De plus, les artisans utilisent les peaux d\u2019autruches, de crocodiles et de serpents pour leurs travaux manuels. Le principal march\u00e9 pour ces objets artisanaux est l\u2019Europe.<\/p>\n\n\n\n<p>Le Niger est l&#039;un des principaux producteurs mondiaux d&#039;uranium. La plupart des gisements d&#039;uranium se trouvent au centre du Niger et la production fluctue en fonction de la demande du march\u00e9.<\/p>\n\n\n\n<p>Les investisseurs ont cr\u00e9\u00e9 plusieurs industries manufacturi\u00e8res, dont la plupart se trouvent \u00e0 Niamey. Ces industries produisent des produits chimiques, des produits alimentaires, des textiles, du mat\u00e9riel agricole et des meubles en m\u00e9tal. La raffinerie de p\u00e9trole se trouve dans une autre ville, Zinder.<\/p>\n\n\n\n<p>Le secteur priv\u00e9 se compose en partie de nombreuses petites entreprises. Il est \u00e9galement constitu\u00e9 d&#039;entreprises appartenant \u00e0 de grandes soci\u00e9t\u00e9s fran\u00e7aises ou internationales.<\/p>\n\n\n\n<h2 class=\"wp-block-heading\">Quartiers<\/h2>\n\n\n\n<p>Le Niger compte quatre villes principales : Niamey, Zinder, Maradi, Tahoua. Niamey, la capitale du Niger, se trouve le long du fleuve Niger, dans le sud-ouest de la r\u00e9publique. Les autochtones ont fond\u00e9 Niamey comme village agricole. Elle devient la capitale en 1926 et se d\u00e9veloppe apr\u00e8s la Seconde Guerre mondiale.<\/p>\n\n\n\n<p>Niamey a un caract\u00e8re cosmopolite, oscillant entre l\u2019esth\u00e9tique rurale europ\u00e9enne et africaine. Il y a un a\u00e9roport international. Des routes relient \u00e9galement Niamey aux ports atlantiques du B\u00e9nin et du Nigeria.<\/p>\n\n\n\n<p>Aujourd&#039;hui, des commer\u00e7ants, des commer\u00e7ants, des fonctionnaires et des artisans occupent Niamey. Ils viennent du Niger mais aussi du Nigeria, du B\u00e9nin et du Togo. La plupart des habitants de Niamey travaillent dans le secteur des services.<\/p>\n\n\n\n<p>Environ un cinqui\u00e8me de la population vit en ville, mais une grande partie de la population rurale est nomade. Le Niger compte quelque 10 000 villages, dont pr\u00e8s de la moiti\u00e9 ne comptent que quelques centaines d&#039;habitants. Il n&#039;y a pas de villages dans la zone d\u00e9sertique.<\/p>\n\n\n\n<h2 class=\"wp-block-heading\">Tendances au Niger<\/h2>\n\n\n\n<p>Le nombre d\u2019internautes au Niger a augment\u00e9 en 2021.<\/p>\n\n\n\n<p>La croissance \u00e9conomique a chut\u00e9 en raison de la pand\u00e9mie de COVID-19. Le Niger a \u00e9galement connu de violentes attaques terroristes ces derni\u00e8res ann\u00e9es. Mais les \u00e9conomistes pr\u00e9voient un redressement \u00e9conomique. La fronti\u00e8re nig\u00e9riane a \u00e9t\u00e9 rouverte et d&#039;importants projets d&#039;investissement ont repris. Les cha\u00eenes d\u2019approvisionnement sont \u00e9galement revenues \u00e0 la normale.<\/p>\n\n\n\n<h2 class=\"wp-block-heading\">Avantages et atouts du march\u00e9<\/h2>\n\n\n\n<p>En tant que pays en d\u00e9veloppement disposant de nombreuses ressources brutes, le Niger dispose d\u2019un potentiel d\u2019investissement. Il poss\u00e8de d\u2019immenses superficies propices \u00e0 l\u2019agro-industrie intensive. Ces terres sont \u00e9galement id\u00e9ales pour les activit\u00e9s pastorales.<\/p>\n\n\n\n<p>Le Niger est l&#039;un des principaux producteurs d&#039;uranium. Son sol est riche en gisements min\u00e9raux tels que l&#039;uranium, le p\u00e9trole et le gaz, l&#039;or, le fer et les phosphates. Elle fournit \u00e9galement du charbon, du calcaire, du gypse et de la cassit\u00e9rite.<\/p>\n\n\n\n<p>Le Niger compte de nombreux partenaires commerciaux. Les principaux pays sont le Nigeria, la France et la Chine.<\/p>\n\n\n\n<h2 class=\"wp-block-heading\">Base de consommateurs au Niger<\/h2>\n\n\n\n<p>Le Niger a un faible taux d\u2019alphab\u00e9tisation des adultes : l\u2019un des plus bas d\u2019Afrique de l\u2019Ouest. Diff\u00e9rentes agences m\u00e8nent des programmes d&#039;alphab\u00e9tisation dans les cinq principales langues africaines.<\/p>\n\n\n\n<p>L&#039;\u00e9ducation au Niger est gratuite, mais seule une infime proportion d&#039;enfants est scolaris\u00e9e.<\/p>\n\n\n\n<p>Le Niger a des taux de natalit\u00e9 et de croissance d\u00e9mographique \u00e9lev\u00e9s : parmi les plus \u00e9lev\u00e9s au monde. Le taux de mortalit\u00e9 du pays est parmi les plus \u00e9lev\u00e9s d\u2019Afrique. L&#039;esp\u00e9rance de vie est d&#039;environ 58 ans pour les hommes et 61 ans pour les femmes. La population du Niger, dans l&#039;ensemble, est jeune. Pr\u00e8s de la moiti\u00e9 de la population a moins de 15 ans et environ un quart a entre 15 et 29 ans.<\/p>\n\n\n\n<h2 class=\"wp-block-heading\">Pourquoi d\u00e9velopper votre entreprise sur le march\u00e9 nig\u00e9rien ?<\/h2>\n\n\n\n<p>Exploiter le potentiel brut du pays peut s\u2019av\u00e9rer fructueux. Une solution consiste \u00e0 investir dans l&#039;expansion et le d\u00e9veloppement des industries du Niger.<\/p>\n\n\n\n<p>Le Niger promeut les relations \u00e9conomiques entre les pays africains. Outre son appartenance \u00e0 l&#039;Union africaine, le Niger est \u00e9galement membre de groupes r\u00e9gionaux contribuant \u00e0 son d\u00e9veloppement. Il s&#039;agit notamment du Conseil de l&#039;Enfant et de la Communaut\u00e9 \u00e9conomique des \u00c9tats de l&#039;Afrique de l&#039;Ouest. Le Niger est \u00e9galement affili\u00e9 \u00e0 la Zone de libre-\u00e9change continentale africaine. Ce dernier groupe contribue au d\u00e9veloppement du pays, des infrastructures et de l\u2019\u00e9conomie.<\/p>\n\n\n\n<h2 class=\"wp-block-heading\">\u00c0 propos des \u00e9tudes de march\u00e9 au Niger<\/h2>\n\n\n\n<p>Des enqu\u00eates aupr\u00e8s d&#039;un large \u00e9ventail de Nig\u00e9riens peuvent aider \u00e0 garder le pouls des tendances et des produits de base actuels. Des groupes de discussion et des \u00e9tudes de march\u00e9 bien plac\u00e9s peuvent aider \u00e0 d\u00e9terminer la meilleure fa\u00e7on d\u2019investir au Niger.<\/p>\n\n\n\n<p><a href=\"https:\/\/www.sisinternational.com\/fr\/quest-ce-que-la-recherche-qualitative\/\" target=\"_blank\" rel=\"noopener\">Qualitatif<\/a>, <a href=\"https:\/\/www.sisinternational.com\/fr\/quest-ce-que-la-recherche-quantitative\/\" target=\"_blank\" rel=\"noopener\">Quantitatif<\/a>, et <a href=\"https:\/\/www.sisinternational.com\/fr\/solutions\/conseil-en-strategie\/comment-la-recherche-strategique-peut-booster-vos-performances\/\" target=\"_blank\" rel=\"noopener\">Recherche strat\u00e9gique<\/a> est \u00e9galement essentiel. Il aide les investisseurs potentiels \u00e0 choisir des infrastructures et des syst\u00e8mes meilleurs et plus efficaces. Il leur montre \u00e9galement quels produits sont les plus adapt\u00e9s au Niger, permettant ainsi de meilleurs rendements.<\/p>\n\n\n\n<p><\/p>","protected":false},"excerpt":{"rendered":"<p>Le Niger est l&#039;un des principaux producteurs d&#039;uranium. Son sol est riche en gisements min\u00e9raux tels que l&#039;uranium, le p\u00e9trole et le gaz, l&#039;or, le fer et les phosphates. <\/p>","protected":false},"author":1,"featured_media":65321,"parent":14281,"menu_order":32,"comment_status":"closed","ping_status":"closed","template":"","meta":{"footnotes":""},"class_list":["post-37913","page","type-page","status-publish","has-post-thumbnail"],"_links":{"self":[{"href":"https:\/\/www.sisinternational.com\/fr\/wp-json\/wp\/v2\/pages\/37913","targetHints":{"allow":["GET"]}}],"collection":[{"href":"https:\/\/www.sisinternational.com\/fr\/wp-json\/wp\/v2\/pages"}],"about":[{"href":"https:\/\/www.sisinternational.com\/fr\/wp-json\/wp\/v2\/types\/page"}],"author":[{"embeddable":true,"href":"https:\/\/www.sisinternational.com\/fr\/wp-json\/wp\/v2\/users\/1"}],"replies":[{"embeddable":true,"href":"https:\/\/www.sisinternational.com\/fr\/wp-json\/wp\/v2\/comments?post=37913"}],"version-history":[{"count":2,"href":"https:\/\/www.sisinternational.com\/fr\/wp-json\/wp\/v2\/pages\/37913\/revisions"}],"predecessor-version":[{"id":68546,"href":"https:\/\/www.sisinternational.com\/fr\/wp-json\/wp\/v2\/pages\/37913\/revisions\/68546"}],"up":[{"embeddable":true,"href":"https:\/\/www.sisinternational.com\/fr\/wp-json\/wp\/v2\/pages\/14281"}],"wp:featuredmedia":[{"embeddable":true,"href":"https:\/\/www.sisinternational.com\/fr\/wp-json\/wp\/v2\/media\/65321"}],"wp:attachment":[{"href":"https:\/\/www.sisinternational.com\/fr\/wp-json\/wp\/v2\/media?parent=37913"}],"curies":[{"name":"wp","href":"https:\/\/api.w.org\/{rel}","templated":true}]}}