{"id":37911,"date":"2021-06-25T08:50:15","date_gmt":"2021-06-25T08:50:15","guid":{"rendered":"https:\/\/www.sisinternational.com\/?page_id=37911"},"modified":"2025-09-14T17:30:59","modified_gmt":"2025-09-14T21:30:59","slug":"etude-de-marche-au-rwanda-et-en-afrique","status":"publish","type":"page","link":"https:\/\/www.sisinternational.com\/fr\/couverture\/etude-de-marche-en-afrique\/etude-de-marche-au-rwanda-et-en-afrique\/","title":{"rendered":"Etude de march\u00e9 au Rwanda, Afrique"},"content":{"rendered":"<h1 class=\"wp-block-heading\">Etude de march\u00e9 au Rwanda<\/h1>\n\n\n\n<figure class=\"gb-block-image gb-block-image-0ad5b177\"><img loading=\"lazy\" decoding=\"async\" width=\"1456\" height=\"816\" class=\"gb-image gb-image-0ad5b177\" src=\"https:\/\/www.sisinternational.com\/wp-content\/uploads\/2025\/08\/Rwanda-1.jpg\" alt=\"\u00c9tudes de march\u00e9 et strat\u00e9gie internationales SIS\" title=\"Rwanda, (1)\" srcset=\"https:\/\/www.sisinternational.com\/wp-content\/uploads\/2025\/08\/Rwanda-1.jpg 1456w, https:\/\/www.sisinternational.com\/wp-content\/uploads\/2025\/08\/Rwanda-1-300x168.jpg 300w, https:\/\/www.sisinternational.com\/wp-content\/uploads\/2025\/08\/Rwanda-1-1024x574.jpg 1024w, https:\/\/www.sisinternational.com\/wp-content\/uploads\/2025\/08\/Rwanda-1-768x430.jpg 768w, https:\/\/www.sisinternational.com\/wp-content\/uploads\/2025\/08\/Rwanda-1-18x10.jpg 18w\" sizes=\"auto, (max-width: 1456px) 100vw, 1456px\"><\/figure>\n\n\n\n<p><\/p>\n\n\n\n<h2 class=\"wp-block-heading\">Quartiers<\/h2>\n\n\n\n<p><a href=\"https:\/\/oec.world\/en\/profile\/country\/rwa\" target=\"_blank\" rel=\"noopener\">Le Rwanda est un petit pays enclav\u00e9<\/a> le long de la vall\u00e9e du Grand Rift en Afrique centrale. Il couvre un peu plus de dix mille miles carr\u00e9s et compte une population de 12 millions d&#039;habitants.<\/p>\n\n\n\n<p>Les pays voisins du Rwanda comprennent la R\u00e9publique-Unie de Tanzanie, le Burundi, l&#039;Ouganda et la R\u00e9publique d\u00e9mocratique du Congo. Parce que ces voisins entourent le Rwanda, l\u2019un de ses d\u00e9fis est son manque d\u2019acc\u00e8s et d\u2019entr\u00e9e \u00e0 l\u2019oc\u00e9an Indien. La pression d\u00e9mographique constitue \u00e9galement un d\u00e9fi important auquel le Rwanda est confront\u00e9.<\/p>\n\n\n\n<p>En 1994, la tribu Hutu s&#039;est d\u00e9cha\u00een\u00e9e et a massacr\u00e9 environ un million de Tutsis. Malgr\u00e9 ce g\u00e9nocide, le Rwanda a connu une transformation \u00e9conomique remarquable ces derni\u00e8res ann\u00e9es. Elle figure actuellement parmi les \u00e9conomies fond\u00e9es sur la connaissance les plus prosp\u00e8res du continent. En fait, certains ont d\u00e9crit ses r\u00e9alisations comme un v\u00e9ritable miracle.<\/p>\n\n\n\n<h2 class=\"wp-block-heading\">Les tendances<\/h2>\n\n\n\n<p>Le Rwanda conna\u00eet des probl\u00e8mes de surpopulation et une densit\u00e9 de population tr\u00e8s \u00e9lev\u00e9e : l\u2019une des plus \u00e9lev\u00e9es d\u2019Afrique. De plus, la moyenne est de mille habitants par kilom\u00e8tre carr\u00e9, et ses ressources sont \u00e0 peine suffisantes pour tout le monde. Par cons\u00e9quent, les ressources agricoles \u00e9touffent depuis de nombreuses ann\u00e9es.<\/p>\n\n\n\n<p>Le Rwanda est compos\u00e9 \u00e0 97 pour cent de terres et \u00e0 3 pour cent d&#039;eau. Il y a peu de plages au Rwanda, dont la plupart, compar\u00e9es \u00e0 d&#039;autres pays africains, ne sont pas tr\u00e8s belles.<\/p>\n\n\n\n<p>Le march\u00e9 rwandais est celui d\u2019un pays \u00e9conomiquement en d\u00e9veloppement, que les experts qualifient de pays du tiers-monde avec des indicateurs de premier monde. Ils s\u2019attendent \u00e0 ce que le Rwanda connaisse bient\u00f4t une croissance \u00e9conomique extr\u00eame.<\/p>\n\n\n\n<p>Avec des investisseurs ouverts d\u2019esprit, le Rwanda peut \u00eatre en passe de devenir un pays de classe sup\u00e9rieure. De plus, le Rwanda rivalise avec certains des pays les plus d\u00e9velopp\u00e9s du monde en termes de facilit\u00e9 de faire des affaires. Ils ont \u00e9galement un faible score sur l\u2019indice de corruption.<\/p>\n\n\n\n<h2 class=\"wp-block-heading\">Industries cl\u00e9s<\/h2>\n\n\n\n<p>Les principales industries du Rwanda comprennent l&#039;agriculture, l&#039;h\u00f4tellerie et le commerce. De plus, plusieurs opportunit\u00e9s commerciales existent dans les diff\u00e9rents secteurs du Rwanda.<\/p>\n\n\n\n<p>Les produits d&#039;exportation du Rwanda sont le caf\u00e9, la cassit\u00e9rite et l&#039;\u00e9tain. R\u00e9cemment, les exportations de diamants ont consid\u00e9rablement augment\u00e9.<\/p>\n\n\n\n<p>Leurs principaux partenaires \u00e0 l&#039;export sont :<\/p>\n\n\n\n<ul class=\"wp-block-list\">\n<li>Allemagne<\/li>\n\n\n\n<li>Kenya<\/li>\n\n\n\n<li>Belgique<\/li>\n\n\n\n<li>Br\u00e9sil<\/li>\n\n\n\n<li>Pakistan<\/li>\n<\/ul>\n\n\n\n<h2 class=\"wp-block-heading\">Base de consommateurs<\/h2>\n\n\n\n<p>Les principales importations du Rwanda sont le sucre brut, le p\u00e9trole raffin\u00e9 et l&#039;or. Bien s\u00fbr, il est important de rappeler que le Rwanda est un pays en d\u00e9veloppement et que ses nationaux ne vivent pas de grand-chose. Pourtant, les taux de croissance \u00e9conomique actuels du pays sont tr\u00e8s prometteurs. En fait, les experts s\u2019attendent \u00e0 ce que cette croissance g\u00e9n\u00e8re davantage d\u2019opportunit\u00e9s d\u2019emploi. Cela devrait \u00e9galement r\u00e9duire le taux de pauvret\u00e9.<\/p>\n\n\n\n<p>La majorit\u00e9 des Rwandais n\u2019ont peut-\u00eatre pas les moyens d\u2019acheter vos produits et services. Mais \u00e0 long terme, leurs perspectives \u00e9conomiques s\u2019am\u00e9lioreront et vous disposerez d\u2019un march\u00e9 plus robuste. Bien entendu, cette projection d\u00e9pend de certains facteurs. Par exemple, ils d\u00e9pendent de la demande de biens et de services particuliers.<\/p>\n\n\n\n<h2 class=\"wp-block-heading\">Raisons de d\u00e9velopper votre entreprise au Rwanda<\/h2>\n\n\n\n<p>Le Rwanda est d\u00e9sormais un pays stable. De la m\u00eame mani\u00e8re, c\u2019est un pays de paix et tr\u00e8s peu de violence par rapport aux autres pays d\u2019Afrique. Sans oublier que les Rwandais sont des gens aimables et ont tendance \u00e0 aider ceux qui en ont besoin.<\/p>\n\n\n\n<p>Le Rwanda a connu une croissance \u00e9conomique soutenue ces derniers temps. Cette croissance est une autre raison pour laquelle vous devriez envisager d\u2019y ouvrir votre entreprise. Son \u00e9conomie conna\u00eet d\u00e9sormais une croissance rapide et son PIB est important. Il s&#039;agit d&#039;une opportunit\u00e9 d&#039;investissement parfaite qui m\u00e9rite certainement votre consid\u00e9ration.<\/p>\n\n\n\n<p>Le COVID-19 \u00e9tant une menace pour l\u2019humanit\u00e9, le Rwanda a ma\u00eetris\u00e9 les protocoles. Le minist\u00e8re de la Sant\u00e9 a mis en place des r\u00e8gles et r\u00e9glementations pour emp\u00eacher la propagation du virus. Cette mesure s\u2019est traduite par un faible nombre d\u2019infections, ce qui en fait l\u2019un des meilleurs pays dans lesquels investir malgr\u00e9 la pand\u00e9mie.<\/p>\n\n\n\n<h2 class=\"wp-block-heading\">\u00c0 propos des \u00e9tudes de march\u00e9 au Rwanda<\/h2>\n\n\n\n<p>Cherchez-vous \u00e0 d\u00e9velopper votre entreprise au Rwanda? \u00cates-vous int\u00e9ress\u00e9 par leur r\u00e9cent taux de croissance \u00e9conomique \u00e9pique\u00a0? Nous sommes l\u00e0 pour vous fournir les meilleures informations n\u00e9cessaires. Ainsi, vous pouvez \u00eatre conscient et s\u00fbr \u00e0 cent pour cent de votre d\u00e9cision. Nous faisons <a href=\"https:\/\/www.sisinternational.com\/fr\/quest-ce-que-la-recherche-qualitative\/\" target=\"_blank\" rel=\"noopener\">Qualitatif<\/a>, <a href=\"https:\/\/www.sisinternational.com\/fr\/quest-ce-que-la-recherche-quantitative\/\" target=\"_blank\" rel=\"noopener\">Quantitatif<\/a>, et <a href=\"https:\/\/www.sisinternational.com\/fr\/solutions\/conseil-en-strategie\/comment-la-recherche-strategique-peut-booster-vos-performances\/\" target=\"_blank\" rel=\"noopener\">Recherche strat\u00e9gique<\/a> en utilisant un certain nombre de sources fiables.<\/p>\n\n\n\n<p>Nous esp\u00e9rons que cet article vous a apport\u00e9 les r\u00e9ponses \u00e0 vos questions sur l\u2019investissement au Rwanda.<\/p>\n\n\n\n<p><\/p>","protected":false},"excerpt":{"rendered":"<p>Les principales importations du Rwanda sont le sucre brut, le p\u00e9trole raffin\u00e9 et l&#039;or. Les principales industries du Rwanda comprennent l&#039;agriculture, l&#039;h\u00f4tellerie et le commerce.<\/p>","protected":false},"author":1,"featured_media":65349,"parent":14281,"menu_order":31,"comment_status":"closed","ping_status":"closed","template":"","meta":{"footnotes":""},"class_list":["post-37911","page","type-page","status-publish","has-post-thumbnail"],"_links":{"self":[{"href":"https:\/\/www.sisinternational.com\/fr\/wp-json\/wp\/v2\/pages\/37911","targetHints":{"allow":["GET"]}}],"collection":[{"href":"https:\/\/www.sisinternational.com\/fr\/wp-json\/wp\/v2\/pages"}],"about":[{"href":"https:\/\/www.sisinternational.com\/fr\/wp-json\/wp\/v2\/types\/page"}],"author":[{"embeddable":true,"href":"https:\/\/www.sisinternational.com\/fr\/wp-json\/wp\/v2\/users\/1"}],"replies":[{"embeddable":true,"href":"https:\/\/www.sisinternational.com\/fr\/wp-json\/wp\/v2\/comments?post=37911"}],"version-history":[{"count":2,"href":"https:\/\/www.sisinternational.com\/fr\/wp-json\/wp\/v2\/pages\/37911\/revisions"}],"predecessor-version":[{"id":68551,"href":"https:\/\/www.sisinternational.com\/fr\/wp-json\/wp\/v2\/pages\/37911\/revisions\/68551"}],"up":[{"embeddable":true,"href":"https:\/\/www.sisinternational.com\/fr\/wp-json\/wp\/v2\/pages\/14281"}],"wp:featuredmedia":[{"embeddable":true,"href":"https:\/\/www.sisinternational.com\/fr\/wp-json\/wp\/v2\/media\/65349"}],"wp:attachment":[{"href":"https:\/\/www.sisinternational.com\/fr\/wp-json\/wp\/v2\/media?parent=37911"}],"curies":[{"name":"wp","href":"https:\/\/api.w.org\/{rel}","templated":true}]}}