{"id":37909,"date":"2021-06-25T08:13:35","date_gmt":"2021-06-25T08:13:35","guid":{"rendered":"https:\/\/www.sisinternational.com\/?page_id=37909"},"modified":"2025-09-14T17:29:21","modified_gmt":"2025-09-14T21:29:21","slug":"etude-de-marche-au-senegal-et-en-afrique","status":"publish","type":"page","link":"https:\/\/www.sisinternational.com\/fr\/couverture\/etude-de-marche-en-afrique\/etude-de-marche-au-senegal-et-en-afrique\/","title":{"rendered":"Etude de march\u00e9 au S\u00e9n\u00e9gal, Afrique"},"content":{"rendered":"<h1 class=\"wp-block-heading\">Etude de march\u00e9 au S\u00e9n\u00e9gal<\/h1>\n\n\n\n<figure class=\"gb-block-image gb-block-image-c0d25b66\"><img loading=\"lazy\" decoding=\"async\" width=\"1456\" height=\"816\" class=\"gb-image gb-image-c0d25b66\" src=\"https:\/\/www.sisinternational.com\/wp-content\/uploads\/2025\/08\/Senegal-3.jpg\" alt=\"\u00c9tudes de march\u00e9 et strat\u00e9gie internationales SIS\" title=\"Senegal, (3)\" srcset=\"https:\/\/www.sisinternational.com\/wp-content\/uploads\/2025\/08\/Senegal-3.jpg 1456w, https:\/\/www.sisinternational.com\/wp-content\/uploads\/2025\/08\/Senegal-3-300x168.jpg 300w, https:\/\/www.sisinternational.com\/wp-content\/uploads\/2025\/08\/Senegal-3-1024x574.jpg 1024w, https:\/\/www.sisinternational.com\/wp-content\/uploads\/2025\/08\/Senegal-3-768x430.jpg 768w, https:\/\/www.sisinternational.com\/wp-content\/uploads\/2025\/08\/Senegal-3-18x10.jpg 18w\" sizes=\"auto, (max-width: 1456px) 100vw, 1456px\"><\/figure>\n\n\n\n<p><\/p>\n\n\n\n<p>La Gambie entoure partiellement la <a href=\"https:\/\/oec.world\/en\/profile\/country\/sen\" target=\"_blank\" rel=\"noopener\">R\u00e9publique ouest-africaine du S\u00e9n\u00e9gal<\/a> au nord, au sud et \u00e0 l&#039;ouest. La Guin\u00e9e et la Guin\u00e9e-Bissau se trouvent au sud du S\u00e9n\u00e9gal et le Mali \u00e0 la fronti\u00e8re est. La langue officielle du S\u00e9n\u00e9gal est le fran\u00e7ais.<\/p>\n\n\n\n<h2 class=\"wp-block-heading\">Industries cl\u00e9s<\/h2>\n\n\n\n<p>Les principales industries du S\u00e9n\u00e9gal comprennent l&#039;agriculture, l&#039;industrie manufacturi\u00e8re, l&#039;alimentation et les boissons, le textile, la construction et les mat\u00e9riaux. D&#039;autres industries importantes comprennent les domaines de la chimie, de l&#039;\u00e9nergie, des mines et des hydrocarbures.<\/p>\n\n\n\n<p>Le secteur agricole est l&#039;industrie la plus importante. En plus d&#039;\u00eatre essentiel \u00e0 la survie d&#039;une grande partie de la population, il est \u00e9galement responsable de la majorit\u00e9 des capitaux \u00e9trangers du S\u00e9n\u00e9gal. Elle contribue \u00e9galement \u00e0 une grande partie du PIB et emploie environ un tiers de la population active.<\/p>\n\n\n\n<p>Le secteur industriel contribue \u00e9galement largement au PIB et emploie une grande partie de la main-d\u2019\u0153uvre. Cela implique la transformation de produits agricoles, par exemple l&#039;huile d&#039;arachide et les emballages de fruits de mer.<\/p>\n\n\n\n<p>Le secteur des services, notamment les industries en pleine croissance des t\u00e9l\u00e9communications et du tourisme, est \u00e9galement crucial.<\/p>\n\n\n\n<h2 class=\"wp-block-heading\">Quartiers au S\u00e9n\u00e9gal<\/h2>\n\n\n\n<h3 class=\"wp-block-heading\">Dakar<\/h3>\n\n\n\n<p>La capitale et principale ville du S\u00e9n\u00e9gal est Dakar (tant en termes de population que de superficie totale). Dakar est un point de d\u00e9part strat\u00e9gique pour le commerce europ\u00e9en. Il propose des attractions telles que des mosqu\u00e9es, des march\u00e9s, le mus\u00e9e IFAN et l&#039;\u00eele de Gor\u00e9e.<\/p>\n\n\n\n<h3 class=\"wp-block-heading\">Touba<\/h3>\n\n\n\n<p>Touba se trouve au centre du S\u00e9n\u00e9gal et est actuellement la deuxi\u00e8me plus grande ville en termes de population. Les musulmans de Touba effectuent chaque ann\u00e9e un p\u00e8lerinage connu sous le nom de Grand Magai, avec des millions de participants locaux et \u00e9trangers chaque ann\u00e9e.<\/p>\n\n\n\n<h3 class=\"wp-block-heading\">Rufisque<\/h3>\n\n\n\n<p>Rufisque est une ville et un port mineur \u00e0 l&#039;est de Dakar, une plaque tournante des transports fr\u00e9quent\u00e9e sur les chemins de fer Dakar-Niger et Dakar-Saint-Louis. Elle poss\u00e8de une industrie l\u00e9g\u00e8re, avec des usines de p\u00e9trole, de chaux et de ciment. De plus, la commune poss\u00e8de de nombreux march\u00e9s et un village artisanal avec de belles plages.<\/p>\n\n\n\n<h2 class=\"wp-block-heading\">Les tendances<\/h2>\n\n\n\n<p>M\u00eame si le S\u00e9n\u00e9gal est une \u00e9conomie en croissance, la r\u00e9cente pand\u00e9mie a affect\u00e9 sa survie. Il y a eu une diminution du secteur du tourisme et des services de l\u2019\u00e9conomie en raison du COVID-19. Le S\u00e9n\u00e9gal s\u2019attend \u00e0 ce que l\u2019\u00e9conomie se redresse t\u00f4t ou tard gr\u00e2ce \u00e0 la consommation priv\u00e9e et \u00e0 l\u2019investissement.<\/p>\n\n\n\n<p>Le gouvernement s\u00e9n\u00e9galais envisage d&#039;exploiter \u00e0 terme le potentiel agricole inexploit\u00e9 du pays. Cette d\u00e9marche devrait, en effet, accro\u00eetre la s\u00e9curit\u00e9 alimentaire et am\u00e9liorer la nutrition au sein de la population.<\/p>\n\n\n\n<h2 class=\"wp-block-heading\">Avantages et atouts du march\u00e9<\/h2>\n\n\n\n<p>Le secteur agricole fait la fiert\u00e9 du S\u00e9n\u00e9gal, et le pays se classe parmi les plus grands producteurs d&#039;arachides au monde. De plus, son sol est riche en min\u00e9raux et son climat est excellent. Un autre point cl\u00e9 est que le march\u00e9 s\u00e9n\u00e9galais est p\u00e9n\u00e9trable et que les entreprises peuvent engranger d\u2019\u00e9normes profits.<\/p>\n\n\n\n<h2 class=\"wp-block-heading\">Base de consommateurs au S\u00e9n\u00e9gal<\/h2>\n\n\n\n<p>Le S\u00e9n\u00e9gal a une \u00e9conomie en croissance. Cependant, cette croissance \u00e9conomique n\u2019a pas rendu possible l\u2019emploi des jeunes. Le niveau d\u2019alphab\u00e9tisation est toujours \u00e0 un niveau historiquement bas. La majorit\u00e9 de la population est au ch\u00f4mage ou travaille au salaire minimum. Malheureusement, ces facteurs ne constituent pas un march\u00e9 de consommation fort parmi les S\u00e9n\u00e9galais.<\/p>\n\n\n\n<h2 class=\"wp-block-heading\">Raisons de d\u00e9velopper votre entreprise au S\u00e9n\u00e9gal<\/h2>\n\n\n\n<p>Le S\u00e9n\u00e9gal est un pays aux influences multiples. Tout investisseur, quelle que soit son origine, peut s\u00fbrement prosp\u00e9rer au S\u00e9n\u00e9gal. Parce qu\u2019il s\u2019agit d\u2019un pays lib\u00e9ral, le soutien des autorit\u00e9s et des hommes politiques ne manque jamais. En outre, il constitue une porte d\u2019entr\u00e9e essentielle vers d\u2019importants march\u00e9s d\u2019exportation en Europe, en Asie et dans les Am\u00e9riques.<\/p>\n\n\n\n<h2 class=\"wp-block-heading\">\u00c0 propos des \u00e9tudes de march\u00e9 au S\u00e9n\u00e9gal<\/h2>\n\n\n\n<p>Lorsque l&#039;on s&#039;aventure sur un nouveau march\u00e9, il est essentiel de r\u00e9aliser <a href=\"https:\/\/www.sisinternational.com\/fr\/quest-ce-que-la-recherche-quantitative\/\" target=\"_blank\" rel=\"noopener\">Quantitatif<\/a>, <a href=\"https:\/\/www.sisinternational.com\/fr\/quest-ce-que-la-recherche-qualitative\/\" target=\"_blank\" rel=\"noopener\">Qualitatif<\/a>, et <a href=\"https:\/\/www.sisinternational.com\/fr\/solutions\/conseil-en-strategie\/comment-la-recherche-strategique-peut-booster-vos-performances\/\" target=\"_blank\" rel=\"noopener\">Recherche strat\u00e9gique<\/a>. De plus, les interactions avec les consommateurs permettent une compr\u00e9hension plus approfondie du march\u00e9. Cela peut \u00e9galement aider votre entreprise \u00e0 trouver des partenaires potentiels.<\/p>\n\n\n\n<p>Les \u00e9tudes de march\u00e9 peuvent \u00e9galement impliquer des groupes de discussion, des entretiens et des enqu\u00eates. Chacune de ces m\u00e9thodes a ses m\u00e9rites et, mises ensemble, elles peuvent faire de votre entreprise un acteur plus fort sur le march\u00e9 s\u00e9n\u00e9galais.<\/p>\n\n\n\n<p><\/p>","protected":false},"excerpt":{"rendered":"<p>Le secteur agricole fait la fiert\u00e9 du S\u00e9n\u00e9gal, et le pays se classe parmi les plus grands producteurs d&#039;arachides au monde.<\/p>","protected":false},"author":1,"featured_media":65209,"parent":14281,"menu_order":30,"comment_status":"closed","ping_status":"closed","template":"","meta":{"footnotes":""},"class_list":["post-37909","page","type-page","status-publish","has-post-thumbnail"],"_links":{"self":[{"href":"https:\/\/www.sisinternational.com\/fr\/wp-json\/wp\/v2\/pages\/37909","targetHints":{"allow":["GET"]}}],"collection":[{"href":"https:\/\/www.sisinternational.com\/fr\/wp-json\/wp\/v2\/pages"}],"about":[{"href":"https:\/\/www.sisinternational.com\/fr\/wp-json\/wp\/v2\/types\/page"}],"author":[{"embeddable":true,"href":"https:\/\/www.sisinternational.com\/fr\/wp-json\/wp\/v2\/users\/1"}],"replies":[{"embeddable":true,"href":"https:\/\/www.sisinternational.com\/fr\/wp-json\/wp\/v2\/comments?post=37909"}],"version-history":[{"count":3,"href":"https:\/\/www.sisinternational.com\/fr\/wp-json\/wp\/v2\/pages\/37909\/revisions"}],"predecessor-version":[{"id":68550,"href":"https:\/\/www.sisinternational.com\/fr\/wp-json\/wp\/v2\/pages\/37909\/revisions\/68550"}],"up":[{"embeddable":true,"href":"https:\/\/www.sisinternational.com\/fr\/wp-json\/wp\/v2\/pages\/14281"}],"wp:featuredmedia":[{"embeddable":true,"href":"https:\/\/www.sisinternational.com\/fr\/wp-json\/wp\/v2\/media\/65209"}],"wp:attachment":[{"href":"https:\/\/www.sisinternational.com\/fr\/wp-json\/wp\/v2\/media?parent=37909"}],"curies":[{"name":"wp","href":"https:\/\/api.w.org\/{rel}","templated":true}]}}