{"id":37850,"date":"2021-06-15T07:17:50","date_gmt":"2021-06-15T07:17:50","guid":{"rendered":"https:\/\/www.sisinternational.com\/?page_id=37850"},"modified":"2025-09-08T00:40:47","modified_gmt":"2025-09-08T04:40:47","slug":"etude-de-marche-en-gambie-afrique","status":"publish","type":"page","link":"https:\/\/www.sisinternational.com\/fr\/couverture\/etude-de-marche-en-afrique\/etude-de-marche-en-gambie-afrique\/","title":{"rendered":"\u00c9tude de march\u00e9 en Gambie, Afrique"},"content":{"rendered":"<h1 class=\"wp-block-heading\">\u00c9tude de march\u00e9 en Gambie, Afrique<\/h1>\n\n\n\n<figure class=\"gb-block-image gb-block-image-78ebaf4a\"><img loading=\"lazy\" decoding=\"async\" width=\"1456\" height=\"816\" class=\"gb-image gb-image-78ebaf4a\" src=\"https:\/\/www.sisinternational.com\/wp-content\/uploads\/2025\/08\/Gambia-3.jpg\" alt=\"\u00c9tudes de march\u00e9 et strat\u00e9gie internationales SIS\" title=\"Gambia, (3)\" srcset=\"https:\/\/www.sisinternational.com\/wp-content\/uploads\/2025\/08\/Gambia-3.jpg 1456w, https:\/\/www.sisinternational.com\/wp-content\/uploads\/2025\/08\/Gambia-3-300x168.jpg 300w, https:\/\/www.sisinternational.com\/wp-content\/uploads\/2025\/08\/Gambia-3-1024x574.jpg 1024w, https:\/\/www.sisinternational.com\/wp-content\/uploads\/2025\/08\/Gambia-3-768x430.jpg 768w, https:\/\/www.sisinternational.com\/wp-content\/uploads\/2025\/08\/Gambia-3-18x10.jpg 18w\" sizes=\"auto, (max-width: 1456px) 100vw, 1456px\"><\/figure>\n\n\n\n<p><\/p>\n\n\n\n<p><a href=\"https:\/\/oec.world\/en\/profile\/country\/gmb\" target=\"_blank\" rel=\"noopener\">La Gambie est sur la c\u00f4te ouest de l&#039;Afrique<\/a>, et son voisin imm\u00e9diat est le S\u00e9n\u00e9gal. C&#039;est le plus petit pays du continent africain. Le fleuve Gambie traverse le centre du pays puis se jette dans l&#039;oc\u00e9an Atlantique. La langue officielle du pays est l&#039;anglais. Mais il existe 21 autres langues nationales. Il s&#039;agit notamment du mandingue, de l&#039;arabe et du fran\u00e7ais. Une dizaine de groupes ethniques existent dans cette population.<\/p>\n\n\n\n<h2 class=\"wp-block-heading\">Industries cl\u00e9s<\/h2>\n\n\n\n<p>L&#039;agriculture, en particulier la culture d&#039;arachides ou d&#039;arachides destin\u00e9es \u00e0 la consommation locale et \u00e0 l&#039;exportation, est une industrie importante. Le tourisme est \u00e9galement un secteur en vogue en Gambie. La situation c\u00f4ti\u00e8re offre de belles plages. La Gambie est \u00e9galement riche en faune et constitue une attraction pour les amoureux de la nature et les aventuriers.<\/p>\n\n\n\n<h2 class=\"wp-block-heading\">Quartiers en Gambie<\/h2>\n\n\n\n<p>Serekunda est le r\u00e9sultat de la fusion de neuf villages pour former une communaut\u00e9 urbaine et est la plus grande des villes de Gambie. Brikama est une autre grande ville. C&#039;est la capitale de la division occidentale (l&#039;une des cinq principales divisions de la Gambie). Brikama est c\u00e9l\u00e8bre pour son talent musical et la capacit\u00e9 artistique de ses habitants. La ville de Banjul est la capitale de la Gambie. Bakau se trouve \u00e0 l&#039;ouest de Banjul, sur la c\u00f4te atlantique. Bakau est la deuxi\u00e8me plus grande banlieue mais la ville la plus d\u00e9velopp\u00e9e de Gambie. Banjul est la quatri\u00e8me plus grande ville, mais elle poss\u00e8de la population la plus dense. C&#039;est le centre de la production d&#039;arachides et d&#039;autres aliments ainsi que du tourisme. Il y a des \u00e9coles, des h\u00f4pitaux, des installations gouvernementales et r\u00e9cr\u00e9atives situ\u00e9s \u00e0 Banjul.<\/p>\n\n\n\n<h2 class=\"wp-block-heading\">Les tendances<\/h2>\n\n\n\n<p>Il n&#039;y a pas de religion officielle en R\u00e9publique de Gambie. Mais une grande majorit\u00e9 des Gambiens croient en l\u2019Islam. Les mosqu\u00e9es pars\u00e8ment le pays. Les traditions et rites musulmans font partie int\u00e9grante de la culture gambienne. C\u2019est pourquoi tant de Gambiens parlent la langue arabe. Les imams et autres responsables parlent couramment l&#039;arabe pour c\u00e9l\u00e9brer les services et les c\u00e9r\u00e9monies. Les Gambiens observent les f\u00eates musulmanes. Ainsi, tandis que la Gambie conserve sa culture d\u2019origine et son histoire africaine, l\u2019Islam influence sa nouvelle culture. Il y a \u00e9galement des chr\u00e9tiens, pour la plupart catholiques romains, pr\u00e9sents en Gambie. Le pays compte de nombreuses \u00e9glises catholiques. Les f\u00eates comme P\u00e2ques et No\u00ebl sont \u00e9galement observ\u00e9es ou respect\u00e9es.<\/p>\n\n\n\n<h2 class=\"wp-block-heading\">Base de consommateurs<\/h2>\n\n\n\n<p>La Gambie \u00e9tant un petit pays, sa base de consommateurs est r\u00e9duite. Sa taille limite les opportunit\u00e9s pour les entreprises am\u00e9ricaines, notamment les franchises. Pourtant, plusieurs soci\u00e9t\u00e9s gambiennes ont manifest\u00e9 leur int\u00e9r\u00eat pour les franchises am\u00e9ricaines. Les marques am\u00e9ricaines sont tr\u00e8s demand\u00e9es et les Gambiens ont tendance \u00e0 les associer \u00e0 une qualit\u00e9 \u00e9lev\u00e9e.<\/p>\n\n\n\n<h2 class=\"wp-block-heading\">Avantages et atouts du march\u00e9<\/h2>\n\n\n\n<p>Le tourisme et l&#039;agriculture sont les moteurs de la croissance \u00e9conomique en Gambie. La crise Ebola de 2014\/2015 et la s\u00e9cheresse dans la sous-r\u00e9gion ont provoqu\u00e9 la contraction de ces secteurs, et la pand\u00e9mie de COVID-19 a \u00e9galement pos\u00e9 des d\u00e9fis \u00e9conomiques \u00e0 la Gambie. Pendant ce temps, les Gambiens \u00e0 l\u2019\u00e9tranger envoient souvent des fonds aux membres de leur famille. Ces envois de fonds constituent une source importante de devises. Ils contribuent \u00e0 l\u2019autonomisation \u00e9conomique des citoyens gambiens.<\/p>\n\n\n\n<h2 class=\"wp-block-heading\">Pourquoi devriez-vous faire des affaires en Gambie ?<\/h2>\n\n\n\n<p>La Gambie a le potentiel de s\u2019\u00e9panouir dans plusieurs secteurs. Il lui suffit d\u2019avoir les installations et les investisseurs appropri\u00e9s. Les Gambiens ont montr\u00e9 leur amour pour l\u2019industrie des arts et du divertissement, mais aussi pour le sport (en particulier le football) et la mode. La Gambie peut soutenir toute industrie n\u00e9cessaire dans un pays en d\u00e9veloppement. Non seulement par les indig\u00e8nes, mais cela encouragerait les touristes qui fr\u00e9quentent le pays. Il y a un besoin de nouveaux visages dans le secteur des affaires et de nouvelles perspectives d\u2019emploi. Vous pourriez \u00eatre celui qui fournira les installations et la formation n\u00e9cessaires \u00e0 cette nation \u00e9mergente.<\/p>\n\n\n\n<h2 class=\"wp-block-heading\">\u00c0 propos des \u00e9tudes de march\u00e9 en Gambie<\/h2>\n\n\n\n<p>Si vous souhaitez faire des affaires en Gambie, laissez-nous vous aider. Nous organisons des focus groupes sur les diff\u00e9rents march\u00e9s africains. Nous faisons <a href=\"https:\/\/www.sisinternational.com\/fr\/quest-ce-que-la-recherche-quantitative\/\" target=\"_blank\" rel=\"noopener\">Quantitatif<\/a>, <a href=\"https:\/\/www.sisinternational.com\/fr\/quest-ce-que-la-recherche-qualitative\/\" target=\"_blank\" rel=\"noopener\">Qualitatif<\/a>, et <a href=\"https:\/\/www.sisinternational.com\/fr\/solutions\/conseil-en-strategie\/comment-la-recherche-strategique-peut-booster-vos-performances\/\" target=\"_blank\" rel=\"noopener\">Recherche strat\u00e9gique<\/a> pour toi. Chez SIS, nous compilons de nombreuses informations et d\u00e9couvertes qui vous int\u00e9ressent. Nous esp\u00e9rons que cela vous aidera dans votre d\u00e9cision de faire des affaires en Gambie.<\/p>","protected":false},"excerpt":{"rendered":"<p>SIS fournit des recherches quantitatives, qualitatives et strat\u00e9giques aux entreprises gambiennes. Les marques am\u00e9ricaines sont tr\u00e8s demand\u00e9es.<\/p>","protected":false},"author":1,"featured_media":65196,"parent":14281,"menu_order":29,"comment_status":"closed","ping_status":"closed","template":"","meta":{"footnotes":""},"class_list":["post-37850","page","type-page","status-publish","has-post-thumbnail"],"_links":{"self":[{"href":"https:\/\/www.sisinternational.com\/fr\/wp-json\/wp\/v2\/pages\/37850","targetHints":{"allow":["GET"]}}],"collection":[{"href":"https:\/\/www.sisinternational.com\/fr\/wp-json\/wp\/v2\/pages"}],"about":[{"href":"https:\/\/www.sisinternational.com\/fr\/wp-json\/wp\/v2\/types\/page"}],"author":[{"embeddable":true,"href":"https:\/\/www.sisinternational.com\/fr\/wp-json\/wp\/v2\/users\/1"}],"replies":[{"embeddable":true,"href":"https:\/\/www.sisinternational.com\/fr\/wp-json\/wp\/v2\/comments?post=37850"}],"version-history":[{"count":3,"href":"https:\/\/www.sisinternational.com\/fr\/wp-json\/wp\/v2\/pages\/37850\/revisions"}],"predecessor-version":[{"id":68534,"href":"https:\/\/www.sisinternational.com\/fr\/wp-json\/wp\/v2\/pages\/37850\/revisions\/68534"}],"up":[{"embeddable":true,"href":"https:\/\/www.sisinternational.com\/fr\/wp-json\/wp\/v2\/pages\/14281"}],"wp:featuredmedia":[{"embeddable":true,"href":"https:\/\/www.sisinternational.com\/fr\/wp-json\/wp\/v2\/media\/65196"}],"wp:attachment":[{"href":"https:\/\/www.sisinternational.com\/fr\/wp-json\/wp\/v2\/media?parent=37850"}],"curies":[{"name":"wp","href":"https:\/\/api.w.org\/{rel}","templated":true}]}}